{"id":459789,"date":"2021-08-04T08:20:37","date_gmt":"2021-08-04T05:20:37","guid":{"rendered":"https:\/\/beebipood.ee\/toode\/yappylux-lastevoodi-160x80-lightgrey-limited\/"},"modified":"2025-01-09T10:48:09","modified_gmt":"2025-01-09T08:48:09","slug":"yappylux-lastevoodi-160x80-lightgrey-limited","status":"publish","type":"product","link":"https:\/\/beebipood.ee\/ru\/produkt\/yappylux-lastevoodi-160x80-lightgrey-limited\/","title":{"rendered":"YappyLux lastevoodi 160&#215;80, LightGrey LIMITED"},"content":{"rendered":"<p>YappyLux teismeliste voodi ilusa Skandinaavia disainiga <br \/>on suurep\u00e4rane lahendus vanematele, <br \/>kes otsivad magamisaset beebile kui ta on kasvanud v\u00e4ikesest v\u00f5revoodist v\u00e4lja.<br \/>Lapse turvalisuse jaoks on v\u00f5imalik kinnitada voodi k\u00fclge kaitse (komplektiga kaasas) <br \/>lukustades selle \u00fchele v\u00f5i teisele YappyLux voodi k\u00fcljele.<br \/>Komplekti kuulub ka mahukas sahtel, <br \/>mis mahutab nii m\u00e4nguasju kui voodipesu. <br \/>Voodisuurus on piisavalt mugav vanemale lapse k\u00f5rvale istumiseks <br \/>ja talle \u00f5htul muinasjutu lugemiseks, kuid samas ei v\u00f5ta voodi v\u00e4ga palju ruumi.<br \/>M\u00f5eldud 160&#215;80 suuruses madratsi jaoks.<br \/>Voodi on tehtud m\u00e4nnipuust ja puitkiudplaadist.<\/p>\n","protected":false},"excerpt":{"rendered":"<p>YappyLux teismeliste voodi ilusa Skandinaavia disainiga on suurep\u00e4rane lahendus vanematele, kes otsivad magamisaset beebile kui ta on kasvanud v\u00e4ikesest v\u00f5revoodist v\u00e4lja.Lapse turvalisuse jaoks on v\u00f5imalik kinnitada voodi k\u00fclge kaitse (komplektiga kaasas) lukustades selle \u00fchele v\u00f5i teisele YappyLux voodi k\u00fcljele.Komplekti kuulub ka mahukas sahtel, mis mahutab nii m\u00e4nguasju kui voodipesu. Voodisuurus on piisavalt mugav vanemale lapse [&hellip;]<\/p>\n","protected":false},"featured_media":137381,"template":"","meta":{"_acf_changed":false},"pwb-brand":[11536],"product_brand":[],"product_cat":[11588,11558,11788],"product_tag":[],"class_list":{"0":"post-459789","1":"product","2":"type-product","3":"status-publish","4":"has-post-thumbnail","6":"pwb-brand-yappykids","7":"product_cat-80cm-laiused","8":"product_cat-laste-ja-noortevoodid","9":"product_cat-lastemoobel-ja-sisustus","10":"pa_manufacturer-yappykids","12":"first","13":"onbackorder","14":"taxable","15":"shipping-taxable","16":"purchasable","17":"product-type-simple"},"exclude_global_add_ons":[],"addons":[],"acf":[],"yoast_head":"<!-- This site is optimized with the Yoast SEO plugin v27.3 - https:\/\/yoast.com\/product\/yoast-seo-wordpress\/ -->\n<title>YappyLux lastevoodi 160x80, LightGrey LIMITED, \u041a\u0440\u043e\u0432\u0430\u0442\u0438 \u0434\u043b\u044f \u0434\u0435\u0442\u0435\u0439 \u0438 \u043f\u043e\u0434\u0440\u043e\u0441\u0442\u043a\u043e\u0432, \u0428\u0438\u0440\u0438\u043d\u0430 80c\u043c, M\u0435\u0431\u0435\u043b\u044c, Beebipood<\/title>\n<meta name=\"description\" content=\"YappyLux lastevoodi 160x80, LightGrey LIMITED, YappyLux teismeliste voodi ilusa Skandinaavia disainiga on suurep&auml;rane lahendus vanematele, k\" \/>\n<meta name=\"robots\" content=\"index, follow, max-snippet:-1, max-image-preview:large, max-video-preview:-1\" \/>\n<link rel=\"canonical\" href=\"https:\/\/beebipood.ee\/ru\/produkt\/yappylux-lastevoodi-160x80-lightgrey-limited\/\" \/>\n<meta property=\"og:locale\" content=\"ru_RU\" \/>\n<meta property=\"og:type\" content=\"article\" \/>\n<meta property=\"og:title\" content=\"YappyLux lastevoodi 160x80, LightGrey LIMITED, \u041a\u0440\u043e\u0432\u0430\u0442\u0438 \u0434\u043b\u044f \u0434\u0435\u0442\u0435\u0439 \u0438 \u043f\u043e\u0434\u0440\u043e\u0441\u0442\u043a\u043e\u0432, \u0428\u0438\u0440\u0438\u043d\u0430 80c\u043c, M\u0435\u0431\u0435\u043b\u044c, Beebipood\" \/>\n<meta property=\"og:description\" content=\"YappyLux lastevoodi 160x80, LightGrey LIMITED, YappyLux teismeliste voodi ilusa Skandinaavia disainiga on suurep&auml;rane lahendus vanematele, k\" \/>\n<meta property=\"og:url\" content=\"https:\/\/beebipood.ee\/ru\/produkt\/yappylux-lastevoodi-160x80-lightgrey-limited\/\" \/>\n<meta property=\"og:site_name\" content=\"Beebipood\" \/>\n<meta property=\"article:modified_time\" content=\"2025-01-09T08:48:09+00:00\" \/>\n<meta property=\"og:image\" content=\"https:\/\/beebipood.ee\/wp-content\/uploads\/2021\/08\/YappyLux-lastevoodi-160x80-LightGrey-LIMITED-Laste-ja-noortevoodid-UUED-TOOTED-80cm-laiused-Lastemoobel-ja-sisustus_1-649.jpg\" \/>\n\t<meta property=\"og:image:width\" content=\"1200\" \/>\n\t<meta property=\"og:image:height\" content=\"1172\" \/>\n\t<meta property=\"og:image:type\" content=\"image\/jpeg\" \/>\n<meta name=\"twitter:card\" content=\"summary_large_image\" \/>\n<script type=\"application\/ld+json\" class=\"yoast-schema-graph\">{\"@context\":\"https:\\\/\\\/schema.org\",\"@graph\":[{\"@type\":\"WebPage\",\"@id\":\"https:\\\/\\\/beebipood.ee\\\/ru\\\/produkt\\\/yappylux-lastevoodi-160x80-lightgrey-limited\\\/\",\"url\":\"https:\\\/\\\/beebipood.ee\\\/ru\\\/produkt\\\/yappylux-lastevoodi-160x80-lightgrey-limited\\\/\",\"name\":\"YappyLux lastevoodi 160x80, LightGrey LIMITED, \u041a\u0440\u043e\u0432\u0430\u0442\u0438 \u0434\u043b\u044f \u0434\u0435\u0442\u0435\u0439 \u0438 \u043f\u043e\u0434\u0440\u043e\u0441\u0442\u043a\u043e\u0432, \u0428\u0438\u0440\u0438\u043d\u0430 80c\u043c, M\u0435\u0431\u0435\u043b\u044c, Beebipood\",\"isPartOf\":{\"@id\":\"https:\\\/\\\/beebipood.ee\\\/ru\\\/#website\"},\"primaryImageOfPage\":{\"@id\":\"https:\\\/\\\/beebipood.ee\\\/ru\\\/produkt\\\/yappylux-lastevoodi-160x80-lightgrey-limited\\\/#primaryimage\"},\"image\":{\"@id\":\"https:\\\/\\\/beebipood.ee\\\/ru\\\/produkt\\\/yappylux-lastevoodi-160x80-lightgrey-limited\\\/#primaryimage\"},\"thumbnailUrl\":\"https:\\\/\\\/beebipood.ee\\\/wp-content\\\/uploads\\\/2021\\\/08\\\/YappyLux-lastevoodi-160x80-LightGrey-LIMITED-Laste-ja-noortevoodid-UUED-TOOTED-80cm-laiused-Lastemoobel-ja-sisustus_1-649.jpg\",\"datePublished\":\"2021-08-04T05:20:37+00:00\",\"dateModified\":\"2025-01-09T08:48:09+00:00\",\"description\":\"YappyLux lastevoodi 160x80, LightGrey LIMITED, YappyLux teismeliste voodi ilusa Skandinaavia disainiga on suurep&auml;rane lahendus vanematele, k\",\"breadcrumb\":{\"@id\":\"https:\\\/\\\/beebipood.ee\\\/ru\\\/produkt\\\/yappylux-lastevoodi-160x80-lightgrey-limited\\\/#breadcrumb\"},\"inLanguage\":\"ru-RU\",\"potentialAction\":[{\"@type\":\"ReadAction\",\"target\":[\"https:\\\/\\\/beebipood.ee\\\/ru\\\/produkt\\\/yappylux-lastevoodi-160x80-lightgrey-limited\\\/\"]}]},{\"@type\":\"ImageObject\",\"inLanguage\":\"ru-RU\",\"@id\":\"https:\\\/\\\/beebipood.ee\\\/ru\\\/produkt\\\/yappylux-lastevoodi-160x80-lightgrey-limited\\\/#primaryimage\",\"url\":\"https:\\\/\\\/beebipood.ee\\\/wp-content\\\/uploads\\\/2021\\\/08\\\/YappyLux-lastevoodi-160x80-LightGrey-LIMITED-Laste-ja-noortevoodid-UUED-TOOTED-80cm-laiused-Lastemoobel-ja-sisustus_1-649.jpg\",\"contentUrl\":\"https:\\\/\\\/beebipood.ee\\\/wp-content\\\/uploads\\\/2021\\\/08\\\/YappyLux-lastevoodi-160x80-LightGrey-LIMITED-Laste-ja-noortevoodid-UUED-TOOTED-80cm-laiused-Lastemoobel-ja-sisustus_1-649.jpg\",\"width\":1200,\"height\":1172},{\"@type\":\"BreadcrumbList\",\"@id\":\"https:\\\/\\\/beebipood.ee\\\/ru\\\/produkt\\\/yappylux-lastevoodi-160x80-lightgrey-limited\\\/#breadcrumb\",\"itemListElement\":[{\"@type\":\"ListItem\",\"position\":1,\"name\":\"Home\",\"item\":\"https:\\\/\\\/beebipood.ee\\\/ru\\\/\"},{\"@type\":\"ListItem\",\"position\":2,\"name\":\"\u041a\u0430\u0442\u0430\u043b\u043e\u0433 \u0442\u043e\u0432\u0430\u0440\u043e\u0432\",\"item\":\"https:\\\/\\\/beebipood.ee\\\/tooted\\\/\"},{\"@type\":\"ListItem\",\"position\":3,\"name\":\"YappyLux lastevoodi 160&#215;80, LightGrey LIMITED\"}]},{\"@type\":\"WebSite\",\"@id\":\"https:\\\/\\\/beebipood.ee\\\/ru\\\/#website\",\"url\":\"https:\\\/\\\/beebipood.ee\\\/ru\\\/\",\"name\":\"Beebipood\",\"description\":\"Lastekaubad, beebikaubad, m\u00e4nguasjad\",\"publisher\":{\"@id\":\"https:\\\/\\\/beebipood.ee\\\/ru\\\/#organization\"},\"potentialAction\":[{\"@type\":\"SearchAction\",\"target\":{\"@type\":\"EntryPoint\",\"urlTemplate\":\"https:\\\/\\\/beebipood.ee\\\/ru\\\/?s={search_term_string}\"},\"query-input\":{\"@type\":\"PropertyValueSpecification\",\"valueRequired\":true,\"valueName\":\"search_term_string\"}}],\"inLanguage\":\"ru-RU\"},{\"@type\":\"Organization\",\"@id\":\"https:\\\/\\\/beebipood.ee\\\/ru\\\/#organization\",\"name\":\"Beebipood\",\"url\":\"https:\\\/\\\/beebipood.ee\\\/ru\\\/\",\"logo\":{\"@type\":\"ImageObject\",\"inLanguage\":\"ru-RU\",\"@id\":\"https:\\\/\\\/beebipood.ee\\\/ru\\\/#\\\/schema\\\/logo\\\/image\\\/\",\"url\":\"https:\\\/\\\/beebipood.ee\\\/wp-content\\\/uploads\\\/2025\\\/03\\\/beebipood.ee-logo-1.svg\",\"contentUrl\":\"https:\\\/\\\/beebipood.ee\\\/wp-content\\\/uploads\\\/2025\\\/03\\\/beebipood.ee-logo-1.svg\",\"caption\":\"Beebipood\"},\"image\":{\"@id\":\"https:\\\/\\\/beebipood.ee\\\/ru\\\/#\\\/schema\\\/logo\\\/image\\\/\"}}]}<\/script>\n<!-- \/ Yoast SEO plugin. -->","yoast_head_json":{"title":"YappyLux lastevoodi 160x80, LightGrey LIMITED, \u041a\u0440\u043e\u0432\u0430\u0442\u0438 \u0434\u043b\u044f \u0434\u0435\u0442\u0435\u0439 \u0438 \u043f\u043e\u0434\u0440\u043e\u0441\u0442\u043a\u043e\u0432, \u0428\u0438\u0440\u0438\u043d\u0430 80c\u043c, M\u0435\u0431\u0435\u043b\u044c, Beebipood","description":"YappyLux lastevoodi 160x80, LightGrey LIMITED, YappyLux teismeliste voodi ilusa Skandinaavia disainiga on suurep&auml;rane lahendus vanematele, k","robots":{"index":"index","follow":"follow","max-snippet":"max-snippet:-1","max-image-preview":"max-image-preview:large","max-video-preview":"max-video-preview:-1"},"canonical":"https:\/\/beebipood.ee\/ru\/produkt\/yappylux-lastevoodi-160x80-lightgrey-limited\/","og_locale":"ru_RU","og_type":"article","og_title":"YappyLux lastevoodi 160x80, LightGrey LIMITED, \u041a\u0440\u043e\u0432\u0430\u0442\u0438 \u0434\u043b\u044f \u0434\u0435\u0442\u0435\u0439 \u0438 \u043f\u043e\u0434\u0440\u043e\u0441\u0442\u043a\u043e\u0432, \u0428\u0438\u0440\u0438\u043d\u0430 80c\u043c, M\u0435\u0431\u0435\u043b\u044c, Beebipood","og_description":"YappyLux lastevoodi 160x80, LightGrey LIMITED, YappyLux teismeliste voodi ilusa Skandinaavia disainiga on suurep&auml;rane lahendus vanematele, k","og_url":"https:\/\/beebipood.ee\/ru\/produkt\/yappylux-lastevoodi-160x80-lightgrey-limited\/","og_site_name":"Beebipood","article_modified_time":"2025-01-09T08:48:09+00:00","og_image":[{"width":1200,"height":1172,"url":"https:\/\/beebipood.ee\/wp-content\/uploads\/2021\/08\/YappyLux-lastevoodi-160x80-LightGrey-LIMITED-Laste-ja-noortevoodid-UUED-TOOTED-80cm-laiused-Lastemoobel-ja-sisustus_1-649.jpg","type":"image\/jpeg"}],"twitter_card":"summary_large_image","schema":{"@context":"https:\/\/schema.org","@graph":[{"@type":"WebPage","@id":"https:\/\/beebipood.ee\/ru\/produkt\/yappylux-lastevoodi-160x80-lightgrey-limited\/","url":"https:\/\/beebipood.ee\/ru\/produkt\/yappylux-lastevoodi-160x80-lightgrey-limited\/","name":"YappyLux lastevoodi 160x80, LightGrey LIMITED, \u041a\u0440\u043e\u0432\u0430\u0442\u0438 \u0434\u043b\u044f \u0434\u0435\u0442\u0435\u0439 \u0438 \u043f\u043e\u0434\u0440\u043e\u0441\u0442\u043a\u043e\u0432, \u0428\u0438\u0440\u0438\u043d\u0430 80c\u043c, M\u0435\u0431\u0435\u043b\u044c, Beebipood","isPartOf":{"@id":"https:\/\/beebipood.ee\/ru\/#website"},"primaryImageOfPage":{"@id":"https:\/\/beebipood.ee\/ru\/produkt\/yappylux-lastevoodi-160x80-lightgrey-limited\/#primaryimage"},"image":{"@id":"https:\/\/beebipood.ee\/ru\/produkt\/yappylux-lastevoodi-160x80-lightgrey-limited\/#primaryimage"},"thumbnailUrl":"https:\/\/beebipood.ee\/wp-content\/uploads\/2021\/08\/YappyLux-lastevoodi-160x80-LightGrey-LIMITED-Laste-ja-noortevoodid-UUED-TOOTED-80cm-laiused-Lastemoobel-ja-sisustus_1-649.jpg","datePublished":"2021-08-04T05:20:37+00:00","dateModified":"2025-01-09T08:48:09+00:00","description":"YappyLux lastevoodi 160x80, LightGrey LIMITED, YappyLux teismeliste voodi ilusa Skandinaavia disainiga on suurep&auml;rane lahendus vanematele, k","breadcrumb":{"@id":"https:\/\/beebipood.ee\/ru\/produkt\/yappylux-lastevoodi-160x80-lightgrey-limited\/#breadcrumb"},"inLanguage":"ru-RU","potentialAction":[{"@type":"ReadAction","target":["https:\/\/beebipood.ee\/ru\/produkt\/yappylux-lastevoodi-160x80-lightgrey-limited\/"]}]},{"@type":"ImageObject","inLanguage":"ru-RU","@id":"https:\/\/beebipood.ee\/ru\/produkt\/yappylux-lastevoodi-160x80-lightgrey-limited\/#primaryimage","url":"https:\/\/beebipood.ee\/wp-content\/uploads\/2021\/08\/YappyLux-lastevoodi-160x80-LightGrey-LIMITED-Laste-ja-noortevoodid-UUED-TOOTED-80cm-laiused-Lastemoobel-ja-sisustus_1-649.jpg","contentUrl":"https:\/\/beebipood.ee\/wp-content\/uploads\/2021\/08\/YappyLux-lastevoodi-160x80-LightGrey-LIMITED-Laste-ja-noortevoodid-UUED-TOOTED-80cm-laiused-Lastemoobel-ja-sisustus_1-649.jpg","width":1200,"height":1172},{"@type":"BreadcrumbList","@id":"https:\/\/beebipood.ee\/ru\/produkt\/yappylux-lastevoodi-160x80-lightgrey-limited\/#breadcrumb","itemListElement":[{"@type":"ListItem","position":1,"name":"Home","item":"https:\/\/beebipood.ee\/ru\/"},{"@type":"ListItem","position":2,"name":"\u041a\u0430\u0442\u0430\u043b\u043e\u0433 \u0442\u043e\u0432\u0430\u0440\u043e\u0432","item":"https:\/\/beebipood.ee\/tooted\/"},{"@type":"ListItem","position":3,"name":"YappyLux lastevoodi 160&#215;80, LightGrey LIMITED"}]},{"@type":"WebSite","@id":"https:\/\/beebipood.ee\/ru\/#website","url":"https:\/\/beebipood.ee\/ru\/","name":"Beebipood","description":"Lastekaubad, beebikaubad, m\u00e4nguasjad","publisher":{"@id":"https:\/\/beebipood.ee\/ru\/#organization"},"potentialAction":[{"@type":"SearchAction","target":{"@type":"EntryPoint","urlTemplate":"https:\/\/beebipood.ee\/ru\/?s={search_term_string}"},"query-input":{"@type":"PropertyValueSpecification","valueRequired":true,"valueName":"search_term_string"}}],"inLanguage":"ru-RU"},{"@type":"Organization","@id":"https:\/\/beebipood.ee\/ru\/#organization","name":"Beebipood","url":"https:\/\/beebipood.ee\/ru\/","logo":{"@type":"ImageObject","inLanguage":"ru-RU","@id":"https:\/\/beebipood.ee\/ru\/#\/schema\/logo\/image\/","url":"https:\/\/beebipood.ee\/wp-content\/uploads\/2025\/03\/beebipood.ee-logo-1.svg","contentUrl":"https:\/\/beebipood.ee\/wp-content\/uploads\/2025\/03\/beebipood.ee-logo-1.svg","caption":"Beebipood"},"image":{"@id":"https:\/\/beebipood.ee\/ru\/#\/schema\/logo\/image\/"}}]}},"brands":[{"id":11969,"name":"YappyKids","slug":"yappykids-ru"}],"_links":{"self":[{"href":"https:\/\/beebipood.ee\/ru\/wp-json\/wp\/v2\/product\/459789","targetHints":{"allow":["GET"]}}],"collection":[{"href":"https:\/\/beebipood.ee\/ru\/wp-json\/wp\/v2\/product"}],"about":[{"href":"https:\/\/beebipood.ee\/ru\/wp-json\/wp\/v2\/types\/product"}],"wp:featuredmedia":[{"embeddable":true,"href":"https:\/\/beebipood.ee\/ru\/wp-json\/wp\/v2\/media\/137381"}],"wp:attachment":[{"href":"https:\/\/beebipood.ee\/ru\/wp-json\/wp\/v2\/media?parent=459789"}],"wp:term":[{"taxonomy":"pwb-brand","embeddable":true,"href":"https:\/\/beebipood.ee\/ru\/wp-json\/wp\/v2\/pwb-brand?post=459789"},{"taxonomy":"product_brand","embeddable":true,"href":"https:\/\/beebipood.ee\/ru\/wp-json\/wp\/v2\/product_brand?post=459789"},{"taxonomy":"product_cat","embeddable":true,"href":"https:\/\/beebipood.ee\/ru\/wp-json\/wp\/v2\/product_cat?post=459789"},{"taxonomy":"product_tag","embeddable":true,"href":"https:\/\/beebipood.ee\/ru\/wp-json\/wp\/v2\/product_tag?post=459789"}],"curies":[{"name":"wp","href":"https:\/\/api.w.org\/{rel}","templated":true}]}}