{"id":459847,"date":"2022-08-31T11:39:33","date_gmt":"2022-08-31T08:39:33","guid":{"rendered":"https:\/\/beebipood.ee\/toode\/thule-chariot-coaster-xt-jalgrattahaagis-blue\/"},"modified":"2025-01-09T10:48:07","modified_gmt":"2025-01-09T08:48:07","slug":"thule-chariot-coaster-xt-jalgrattahaagis-blue","status":"publish","type":"product","link":"https:\/\/beebipood.ee\/ru\/produkt\/thule-chariot-coaster-xt-jalgrattahaagis-blue\/","title":{"rendered":"Thule Chariot Coaster XT jalgrattahaagis, Blue"},"content":{"rendered":"<p><span>Thule Coaster XT<\/span><br \/><span>Ohutu ja mugav rattahaagis,<\/span><br \/><span>mille saab sihtkohta j\u00f5udes h\u00f5lpsasti jalutusk\u00e4ruks muuta.<\/span><br \/><span style=\"text-decoration: underline;\">Omadused<\/span><br \/><span>Kaasas on rattahaagise komplekt ja lastek\u00e4ru komplekt.<\/span><br \/><span>Lihtne kohandada jalgrattas\u00f5idust jalutamisele.<\/span><br \/><span>Turvaline kinnitamine rattale Thule haakeseadmega ezHitch\u2122.<\/span><br \/><span>Jalutusratta hoiukoht.<\/span><br \/><span>Mahutab mugavalt kaks last.<\/span><br \/><span>Reguleeritav juhtraud \u2013 ergonoomiline reguleeritav juhtraud tagab vanemale mugava kasutuse.<\/span><br \/><span>\u00dchildub mitmesuguste tarvikutega.<\/span><br \/><span>Hoiustamiseks ja transportimiseks h\u00f5lpsasti kokkuklapitav.<\/span><br \/><span>T\u00e4iendav hoiuruum koorma vedamiseks.<\/span><br \/><span>Vastab rahvusvahelistele ohutusstandarditele.<\/span><br \/><span style=\"text-decoration: underline;\">Tehnilised andmed<\/span><br \/><span>Lapse max kaal: 2 x 22 kg<\/span><br \/><span>Lapse transportimiseks sobiva seljakoti max kandev\u00f5ime: 45 kg<\/span><br \/><span>M\u00f5\u00f5tmed kokkupandult: 96 x 45 x 30 cm<\/span><br \/><span>Kaal: 12 kg<\/span><br \/><span>\u00d5lalaius: 58.4 cm<\/span><br \/><span>Istumisk\u00f5rgus: 60 cm<\/span><br \/><span>Laius: 80 cm<\/span><br \/><span>Turvarihm: Viie punkti<\/span><br \/><span>Vastab ohutusstandarditele: Jah<\/span><br \/><span>Lapsed: 1 or 2<\/span><\/p>\n","protected":false},"excerpt":{"rendered":"<p>Thule Coaster XTOhutu ja mugav rattahaagis,mille saab sihtkohta j\u00f5udes h\u00f5lpsasti jalutusk\u00e4ruks muuta.OmadusedKaasas on rattahaagise komplekt ja lastek\u00e4ru komplekt.Lihtne kohandada jalgrattas\u00f5idust jalutamisele.Turvaline kinnitamine rattale Thule haakeseadmega ezHitch\u2122.Jalutusratta hoiukoht.Mahutab mugavalt kaks last.Reguleeritav juhtraud \u2013 ergonoomiline reguleeritav juhtraud tagab vanemale mugava kasutuse.\u00dchildub mitmesuguste tarvikutega.Hoiustamiseks ja transportimiseks h\u00f5lpsasti kokkuklapitav.T\u00e4iendav hoiuruum koorma vedamiseks.Vastab rahvusvahelistele ohutusstandarditele.Tehnilised andmedLapse max kaal: 2 x [&hellip;]<\/p>\n","protected":false},"featured_media":511496,"template":"","meta":{"_acf_changed":false},"pwb-brand":[11980],"product_brand":[],"product_cat":[11573,11841,11847,11717],"product_tag":[],"class_list":{"0":"post-459847","1":"product","2":"type-product","3":"status-publish","4":"has-post-thumbnail","6":"pwb-brand-thule-ru","7":"product_cat-sooduspakkumised-ru","8":"product_cat-jalgrattahaagised-ru","9":"product_cat-thule-ru","10":"product_cat-lastevankrid-ja-karud-ru","11":"pa_manufacturer-thule-ru","13":"first","14":"onbackorder","15":"taxable","16":"shipping-taxable","17":"purchasable","18":"product-type-simple"},"exclude_global_add_ons":[],"addons":[],"acf":[],"yoast_head":"<!-- This site is optimized with the Yoast SEO plugin v27.1.1 - https:\/\/yoast.com\/product\/yoast-seo-wordpress\/ -->\n<title>Thule Chariot Coaster XT jalgrattahaagis, Blue, \u0421\u041a\u0418\u0414\u041a\u0418, \u041b\u043e\u0448\u0430\u0434\u043a\u0430-\u043a\u0430\u0447\u0430\u043b\u043a\u0430, \u041a\u043e\u043b\u044f\u0441\u043a\u0438, \u041f\u0440\u0438\u0446\u0435\u043f\u044b \u0434\u043b\u044f \u0432\u0435\u043b\u043e\u0441\u0438\u043f\u0435\u0434\u0430, THULE, Beebipood<\/title>\n<meta name=\"description\" content=\"Thule Chariot Coaster XT jalgrattahaagis, Blue, Thule Coaster XTOhutu ja mugav rattahaagis,mille saab sihtkohta j\" \/>\n<meta name=\"robots\" content=\"index, follow, max-snippet:-1, max-image-preview:large, max-video-preview:-1\" \/>\n<link rel=\"canonical\" href=\"https:\/\/beebipood.ee\/ru\/produkt\/thule-chariot-coaster-xt-jalgrattahaagis-blue\/\" \/>\n<meta property=\"og:locale\" content=\"ru_RU\" \/>\n<meta property=\"og:type\" content=\"article\" \/>\n<meta property=\"og:title\" content=\"Thule Chariot Coaster XT jalgrattahaagis, Blue, \u0421\u041a\u0418\u0414\u041a\u0418, \u041b\u043e\u0448\u0430\u0434\u043a\u0430-\u043a\u0430\u0447\u0430\u043b\u043a\u0430, \u041a\u043e\u043b\u044f\u0441\u043a\u0438, \u041f\u0440\u0438\u0446\u0435\u043f\u044b \u0434\u043b\u044f \u0432\u0435\u043b\u043e\u0441\u0438\u043f\u0435\u0434\u0430, THULE, Beebipood\" \/>\n<meta property=\"og:description\" content=\"Thule Chariot Coaster XT jalgrattahaagis, Blue, Thule Coaster XTOhutu ja mugav rattahaagis,mille saab sihtkohta j\" \/>\n<meta property=\"og:url\" content=\"https:\/\/beebipood.ee\/ru\/produkt\/thule-chariot-coaster-xt-jalgrattahaagis-blue\/\" \/>\n<meta property=\"og:site_name\" content=\"Beebipood\" \/>\n<meta property=\"article:modified_time\" content=\"2025-01-09T08:48:07+00:00\" \/>\n<meta property=\"og:image\" content=\"https:\/\/beebipood.ee\/wp-content\/uploads\/2022\/08\/Thule-Chariot-Coaster-XT-jalgrattahaagis-Blue-Lastevankrid-ja-karud-Kaksikutele-Thule-Urban-Glide-2-THULE_1-8d0.jpg\" \/>\n\t<meta property=\"og:image:width\" content=\"1283\" \/>\n\t<meta property=\"og:image:height\" content=\"1135\" \/>\n\t<meta property=\"og:image:type\" content=\"image\/jpeg\" \/>\n<meta name=\"twitter:card\" content=\"summary_large_image\" \/>\n<script type=\"application\/ld+json\" class=\"yoast-schema-graph\">{\"@context\":\"https:\/\/schema.org\",\"@graph\":[{\"@type\":\"WebPage\",\"@id\":\"https:\/\/beebipood.ee\/ru\/produkt\/thule-chariot-coaster-xt-jalgrattahaagis-blue\/\",\"url\":\"https:\/\/beebipood.ee\/ru\/produkt\/thule-chariot-coaster-xt-jalgrattahaagis-blue\/\",\"name\":\"Thule Chariot Coaster XT jalgrattahaagis, Blue, \u0421\u041a\u0418\u0414\u041a\u0418, \u041b\u043e\u0448\u0430\u0434\u043a\u0430-\u043a\u0430\u0447\u0430\u043b\u043a\u0430, \u041a\u043e\u043b\u044f\u0441\u043a\u0438, \u041f\u0440\u0438\u0446\u0435\u043f\u044b \u0434\u043b\u044f \u0432\u0435\u043b\u043e\u0441\u0438\u043f\u0435\u0434\u0430, THULE, Beebipood\",\"isPartOf\":{\"@id\":\"https:\/\/beebipood.ee\/ru\/#website\"},\"primaryImageOfPage\":{\"@id\":\"https:\/\/beebipood.ee\/ru\/produkt\/thule-chariot-coaster-xt-jalgrattahaagis-blue\/#primaryimage\"},\"image\":{\"@id\":\"https:\/\/beebipood.ee\/ru\/produkt\/thule-chariot-coaster-xt-jalgrattahaagis-blue\/#primaryimage\"},\"thumbnailUrl\":\"https:\/\/beebipood.ee\/wp-content\/uploads\/2022\/08\/thule-coaster-xt-blue.jpg\",\"datePublished\":\"2022-08-31T08:39:33+00:00\",\"dateModified\":\"2025-01-09T08:48:07+00:00\",\"description\":\"Thule Chariot Coaster XT jalgrattahaagis, Blue, Thule Coaster XTOhutu ja mugav rattahaagis,mille saab sihtkohta j\",\"breadcrumb\":{\"@id\":\"https:\/\/beebipood.ee\/ru\/produkt\/thule-chariot-coaster-xt-jalgrattahaagis-blue\/#breadcrumb\"},\"inLanguage\":\"ru-RU\",\"potentialAction\":[{\"@type\":\"ReadAction\",\"target\":[\"https:\/\/beebipood.ee\/ru\/produkt\/thule-chariot-coaster-xt-jalgrattahaagis-blue\/\"]}]},{\"@type\":\"ImageObject\",\"inLanguage\":\"ru-RU\",\"@id\":\"https:\/\/beebipood.ee\/ru\/produkt\/thule-chariot-coaster-xt-jalgrattahaagis-blue\/#primaryimage\",\"url\":\"https:\/\/beebipood.ee\/wp-content\/uploads\/2022\/08\/thule-coaster-xt-blue.jpg\",\"contentUrl\":\"https:\/\/beebipood.ee\/wp-content\/uploads\/2022\/08\/thule-coaster-xt-blue.jpg\",\"width\":1200,\"height\":1200},{\"@type\":\"BreadcrumbList\",\"@id\":\"https:\/\/beebipood.ee\/ru\/produkt\/thule-chariot-coaster-xt-jalgrattahaagis-blue\/#breadcrumb\",\"itemListElement\":[{\"@type\":\"ListItem\",\"position\":1,\"name\":\"Home\",\"item\":\"https:\/\/beebipood.ee\/ru\/\"},{\"@type\":\"ListItem\",\"position\":2,\"name\":\"\u041a\u0430\u0442\u0430\u043b\u043e\u0433 \u0442\u043e\u0432\u0430\u0440\u043e\u0432\",\"item\":\"https:\/\/beebipood.ee\/tooted\/\"},{\"@type\":\"ListItem\",\"position\":3,\"name\":\"Thule Chariot Coaster XT jalgrattahaagis, Blue\"}]},{\"@type\":\"WebSite\",\"@id\":\"https:\/\/beebipood.ee\/ru\/#website\",\"url\":\"https:\/\/beebipood.ee\/ru\/\",\"name\":\"Beebipood\",\"description\":\"Lastekaubad, beebikaubad, m\u00e4nguasjad\",\"publisher\":{\"@id\":\"https:\/\/beebipood.ee\/ru\/#organization\"},\"potentialAction\":[{\"@type\":\"SearchAction\",\"target\":{\"@type\":\"EntryPoint\",\"urlTemplate\":\"https:\/\/beebipood.ee\/ru\/?s={search_term_string}\"},\"query-input\":{\"@type\":\"PropertyValueSpecification\",\"valueRequired\":true,\"valueName\":\"search_term_string\"}}],\"inLanguage\":\"ru-RU\"},{\"@type\":\"Organization\",\"@id\":\"https:\/\/beebipood.ee\/ru\/#organization\",\"name\":\"Beebipood\",\"url\":\"https:\/\/beebipood.ee\/ru\/\",\"logo\":{\"@type\":\"ImageObject\",\"inLanguage\":\"ru-RU\",\"@id\":\"https:\/\/beebipood.ee\/ru\/#\/schema\/logo\/image\/\",\"url\":\"https:\/\/beebipood.ee\/wp-content\/uploads\/2025\/03\/beebipood.ee-logo-1.svg\",\"contentUrl\":\"https:\/\/beebipood.ee\/wp-content\/uploads\/2025\/03\/beebipood.ee-logo-1.svg\",\"caption\":\"Beebipood\"},\"image\":{\"@id\":\"https:\/\/beebipood.ee\/ru\/#\/schema\/logo\/image\/\"}}]}<\/script>\n<!-- \/ Yoast SEO plugin. -->","yoast_head_json":{"title":"Thule Chariot Coaster XT jalgrattahaagis, Blue, \u0421\u041a\u0418\u0414\u041a\u0418, \u041b\u043e\u0448\u0430\u0434\u043a\u0430-\u043a\u0430\u0447\u0430\u043b\u043a\u0430, \u041a\u043e\u043b\u044f\u0441\u043a\u0438, \u041f\u0440\u0438\u0446\u0435\u043f\u044b \u0434\u043b\u044f \u0432\u0435\u043b\u043e\u0441\u0438\u043f\u0435\u0434\u0430, THULE, Beebipood","description":"Thule Chariot Coaster XT jalgrattahaagis, Blue, Thule Coaster XTOhutu ja mugav rattahaagis,mille saab sihtkohta j","robots":{"index":"index","follow":"follow","max-snippet":"max-snippet:-1","max-image-preview":"max-image-preview:large","max-video-preview":"max-video-preview:-1"},"canonical":"https:\/\/beebipood.ee\/ru\/produkt\/thule-chariot-coaster-xt-jalgrattahaagis-blue\/","og_locale":"ru_RU","og_type":"article","og_title":"Thule Chariot Coaster XT jalgrattahaagis, Blue, \u0421\u041a\u0418\u0414\u041a\u0418, \u041b\u043e\u0448\u0430\u0434\u043a\u0430-\u043a\u0430\u0447\u0430\u043b\u043a\u0430, \u041a\u043e\u043b\u044f\u0441\u043a\u0438, \u041f\u0440\u0438\u0446\u0435\u043f\u044b \u0434\u043b\u044f \u0432\u0435\u043b\u043e\u0441\u0438\u043f\u0435\u0434\u0430, THULE, Beebipood","og_description":"Thule Chariot Coaster XT jalgrattahaagis, Blue, Thule Coaster XTOhutu ja mugav rattahaagis,mille saab sihtkohta j","og_url":"https:\/\/beebipood.ee\/ru\/produkt\/thule-chariot-coaster-xt-jalgrattahaagis-blue\/","og_site_name":"Beebipood","article_modified_time":"2025-01-09T08:48:07+00:00","og_image":[{"width":1283,"height":1135,"url":"https:\/\/beebipood.ee\/wp-content\/uploads\/2022\/08\/Thule-Chariot-Coaster-XT-jalgrattahaagis-Blue-Lastevankrid-ja-karud-Kaksikutele-Thule-Urban-Glide-2-THULE_1-8d0.jpg","type":"image\/jpeg"}],"twitter_card":"summary_large_image","schema":{"@context":"https:\/\/schema.org","@graph":[{"@type":"WebPage","@id":"https:\/\/beebipood.ee\/ru\/produkt\/thule-chariot-coaster-xt-jalgrattahaagis-blue\/","url":"https:\/\/beebipood.ee\/ru\/produkt\/thule-chariot-coaster-xt-jalgrattahaagis-blue\/","name":"Thule Chariot Coaster XT jalgrattahaagis, Blue, \u0421\u041a\u0418\u0414\u041a\u0418, \u041b\u043e\u0448\u0430\u0434\u043a\u0430-\u043a\u0430\u0447\u0430\u043b\u043a\u0430, \u041a\u043e\u043b\u044f\u0441\u043a\u0438, \u041f\u0440\u0438\u0446\u0435\u043f\u044b \u0434\u043b\u044f \u0432\u0435\u043b\u043e\u0441\u0438\u043f\u0435\u0434\u0430, THULE, Beebipood","isPartOf":{"@id":"https:\/\/beebipood.ee\/ru\/#website"},"primaryImageOfPage":{"@id":"https:\/\/beebipood.ee\/ru\/produkt\/thule-chariot-coaster-xt-jalgrattahaagis-blue\/#primaryimage"},"image":{"@id":"https:\/\/beebipood.ee\/ru\/produkt\/thule-chariot-coaster-xt-jalgrattahaagis-blue\/#primaryimage"},"thumbnailUrl":"https:\/\/beebipood.ee\/wp-content\/uploads\/2022\/08\/thule-coaster-xt-blue.jpg","datePublished":"2022-08-31T08:39:33+00:00","dateModified":"2025-01-09T08:48:07+00:00","description":"Thule Chariot Coaster XT jalgrattahaagis, Blue, Thule Coaster XTOhutu ja mugav rattahaagis,mille saab sihtkohta j","breadcrumb":{"@id":"https:\/\/beebipood.ee\/ru\/produkt\/thule-chariot-coaster-xt-jalgrattahaagis-blue\/#breadcrumb"},"inLanguage":"ru-RU","potentialAction":[{"@type":"ReadAction","target":["https:\/\/beebipood.ee\/ru\/produkt\/thule-chariot-coaster-xt-jalgrattahaagis-blue\/"]}]},{"@type":"ImageObject","inLanguage":"ru-RU","@id":"https:\/\/beebipood.ee\/ru\/produkt\/thule-chariot-coaster-xt-jalgrattahaagis-blue\/#primaryimage","url":"https:\/\/beebipood.ee\/wp-content\/uploads\/2022\/08\/thule-coaster-xt-blue.jpg","contentUrl":"https:\/\/beebipood.ee\/wp-content\/uploads\/2022\/08\/thule-coaster-xt-blue.jpg","width":1200,"height":1200},{"@type":"BreadcrumbList","@id":"https:\/\/beebipood.ee\/ru\/produkt\/thule-chariot-coaster-xt-jalgrattahaagis-blue\/#breadcrumb","itemListElement":[{"@type":"ListItem","position":1,"name":"Home","item":"https:\/\/beebipood.ee\/ru\/"},{"@type":"ListItem","position":2,"name":"\u041a\u0430\u0442\u0430\u043b\u043e\u0433 \u0442\u043e\u0432\u0430\u0440\u043e\u0432","item":"https:\/\/beebipood.ee\/tooted\/"},{"@type":"ListItem","position":3,"name":"Thule Chariot Coaster XT jalgrattahaagis, Blue"}]},{"@type":"WebSite","@id":"https:\/\/beebipood.ee\/ru\/#website","url":"https:\/\/beebipood.ee\/ru\/","name":"Beebipood","description":"Lastekaubad, beebikaubad, m\u00e4nguasjad","publisher":{"@id":"https:\/\/beebipood.ee\/ru\/#organization"},"potentialAction":[{"@type":"SearchAction","target":{"@type":"EntryPoint","urlTemplate":"https:\/\/beebipood.ee\/ru\/?s={search_term_string}"},"query-input":{"@type":"PropertyValueSpecification","valueRequired":true,"valueName":"search_term_string"}}],"inLanguage":"ru-RU"},{"@type":"Organization","@id":"https:\/\/beebipood.ee\/ru\/#organization","name":"Beebipood","url":"https:\/\/beebipood.ee\/ru\/","logo":{"@type":"ImageObject","inLanguage":"ru-RU","@id":"https:\/\/beebipood.ee\/ru\/#\/schema\/logo\/image\/","url":"https:\/\/beebipood.ee\/wp-content\/uploads\/2025\/03\/beebipood.ee-logo-1.svg","contentUrl":"https:\/\/beebipood.ee\/wp-content\/uploads\/2025\/03\/beebipood.ee-logo-1.svg","caption":"Beebipood"},"image":{"@id":"https:\/\/beebipood.ee\/ru\/#\/schema\/logo\/image\/"}}]}},"brands":[{"id":11980,"name":"THULE","slug":"thule-ru"}],"_links":{"self":[{"href":"https:\/\/beebipood.ee\/ru\/wp-json\/wp\/v2\/product\/459847","targetHints":{"allow":["GET"]}}],"collection":[{"href":"https:\/\/beebipood.ee\/ru\/wp-json\/wp\/v2\/product"}],"about":[{"href":"https:\/\/beebipood.ee\/ru\/wp-json\/wp\/v2\/types\/product"}],"wp:featuredmedia":[{"embeddable":true,"href":"https:\/\/beebipood.ee\/ru\/wp-json\/wp\/v2\/media\/511496"}],"wp:attachment":[{"href":"https:\/\/beebipood.ee\/ru\/wp-json\/wp\/v2\/media?parent=459847"}],"wp:term":[{"taxonomy":"pwb-brand","embeddable":true,"href":"https:\/\/beebipood.ee\/ru\/wp-json\/wp\/v2\/pwb-brand?post=459847"},{"taxonomy":"product_brand","embeddable":true,"href":"https:\/\/beebipood.ee\/ru\/wp-json\/wp\/v2\/product_brand?post=459847"},{"taxonomy":"product_cat","embeddable":true,"href":"https:\/\/beebipood.ee\/ru\/wp-json\/wp\/v2\/product_cat?post=459847"},{"taxonomy":"product_tag","embeddable":true,"href":"https:\/\/beebipood.ee\/ru\/wp-json\/wp\/v2\/product_tag?post=459847"}],"curies":[{"name":"wp","href":"https:\/\/api.w.org\/{rel}","templated":true}]}}