{"id":459883,"date":"2023-06-02T12:00:55","date_gmt":"2023-06-02T09:00:55","guid":{"rendered":"https:\/\/beebipood.ee\/toode\/babybrezza-formula-pro-mini-piimasegu-valmistaja\/"},"modified":"2025-03-04T11:19:50","modified_gmt":"2025-03-04T09:19:50","slug":"babybrezza-formula-pro-mini-piimasegu-valmistaja","status":"publish","type":"product","link":"https:\/\/beebipood.ee\/ru\/produkt\/babybrezza-formula-pro-mini-piimasegu-valmistaja\/","title":{"rendered":"BabyBrezza Formula Pro Mini piimasegu valmistaja"},"content":{"rendered":"<p>Baby Brezza Formula Pro Mini on esimene kompaktne piimaseguvalmistaja, <br \/>mis valmistab sooja piimasegu otse pudelisse <br \/>Sellel masinal on sama patenteeritud segamistehnoloogia <br \/>nagu Formula Pro Advanced mudelil, kuid see on 30% v\u00e4iksem, <br \/>nii et see sobib ideaalselt reisimiseks v\u00f5i v\u00e4iksematesse kohtadesse. <br \/>Lihtne seadistada ja kasutada<br \/>Digitaalne pulbrikoguse seadistamine, vajuta ainult nuppu<br \/>Formula Pro Mini segab ja doseerib iga kord t\u00e4iusliku konsistentsini.<br \/>Piimasegu koguseid saab teha 60ml kuni 300ml (30 ml sammuga)<br \/>Lisaks v\u00e4ljastab see ka sooja vett. <br \/>Formula Pro Mini t\u00f6\u00f6tab peaaegu k\u00f5igi piimasegu kaubam\u00e4rkide <br \/>ja k\u00f5igi markide\/suurustega pudelitega (k\u00f5rged pudelid vajavad eraldi m\u00fc\u00fcdavat alust.) <br \/>Selle kompaktne suurus sobib ideaalselt reisimiseks v\u00f5i v\u00e4ikebussis, <br \/>vanavanemate majas v\u00f5i v\u00e4iksemas k\u00f6\u00f6gis kasutamiseks.<br \/>N\u00f5udepesumasinas pestav, eemaldatav veepaak<br \/>BPA vaba. <br \/>Garantii: 2 aastat<\/p>\n","protected":false},"excerpt":{"rendered":"<p>Baby Brezza Formula Pro Mini on esimene kompaktne piimaseguvalmistaja, mis valmistab sooja piimasegu otse pudelisse Sellel masinal on sama patenteeritud segamistehnoloogia nagu Formula Pro Advanced mudelil, kuid see on 30% v\u00e4iksem, nii et see sobib ideaalselt reisimiseks v\u00f5i v\u00e4iksematesse kohtadesse. Lihtne seadistada ja kasutadaDigitaalne pulbrikoguse seadistamine, vajuta ainult nuppuFormula Pro Mini segab ja doseerib iga [&hellip;]<\/p>\n","protected":false},"featured_media":174034,"template":"","meta":{"_acf_changed":false},"pwb-brand":[11967],"product_brand":[],"product_cat":[11709,11883],"product_tag":[],"class_list":{"0":"post-459883","1":"product","2":"type-product","3":"status-publish","4":"has-post-thumbnail","6":"pwb-brand-baby-brezza-ru","7":"product_cat-sootmistoolid-beebi-ja-lastetarbed-mahkimine-hugieen-ru","8":"product_cat-toidu-valmistamine-ru","9":"pa_manufacturer-babybrezza-ru","11":"first","12":"instock","13":"taxable","14":"shipping-taxable","15":"purchasable","16":"product-type-simple"},"exclude_global_add_ons":[],"addons":[],"acf":[],"yoast_head":"<!-- This site is optimized with the Yoast SEO plugin v27.1.1 - https:\/\/yoast.com\/product\/yoast-seo-wordpress\/ -->\n<title>BabyBrezza Formula Pro Mini piimasegu valmistaja, \u0421\u041a\u0418\u0414\u041a\u0418, \u041f\u0440\u0438\u043d\u0430\u0434\u043b\u0435\u0436\u043d\u043e\u0441\u0442\u0438 \u0434\u043b\u044f \u043c\u043b\u0430\u0434\u0435\u043d\u0446\u0435\u0432, \u041f\u0440\u0438\u0433\u043e\u0442\u043e\u0432\u043b\u0435\u043d\u0438\u0435 , Beebipood<\/title>\n<meta name=\"description\" content=\"BabyBrezza Formula Pro Mini piimasegu valmistaja, Baby Brezza Formula Pro Mini on esimene kompaktne piimaseguvalmistaja, mis valmistab sooja piimasegu\" \/>\n<meta name=\"robots\" content=\"index, follow, max-snippet:-1, max-image-preview:large, max-video-preview:-1\" \/>\n<link rel=\"canonical\" href=\"https:\/\/beebipood.ee\/ru\/produkt\/babybrezza-formula-pro-mini-piimasegu-valmistaja\/\" \/>\n<meta property=\"og:locale\" content=\"ru_RU\" \/>\n<meta property=\"og:type\" content=\"article\" \/>\n<meta property=\"og:title\" content=\"BabyBrezza Formula Pro Mini piimasegu valmistaja, \u0421\u041a\u0418\u0414\u041a\u0418, \u041f\u0440\u0438\u043d\u0430\u0434\u043b\u0435\u0436\u043d\u043e\u0441\u0442\u0438 \u0434\u043b\u044f \u043c\u043b\u0430\u0434\u0435\u043d\u0446\u0435\u0432, \u041f\u0440\u0438\u0433\u043e\u0442\u043e\u0432\u043b\u0435\u043d\u0438\u0435 , Beebipood\" \/>\n<meta property=\"og:description\" content=\"BabyBrezza Formula Pro Mini piimasegu valmistaja, Baby Brezza Formula Pro Mini on esimene kompaktne piimaseguvalmistaja, mis valmistab sooja piimasegu\" \/>\n<meta property=\"og:url\" content=\"https:\/\/beebipood.ee\/ru\/produkt\/babybrezza-formula-pro-mini-piimasegu-valmistaja\/\" \/>\n<meta property=\"og:site_name\" content=\"Beebipood\" \/>\n<meta property=\"article:modified_time\" content=\"2025-03-04T09:19:50+00:00\" \/>\n<meta property=\"og:image\" content=\"https:\/\/beebipood.ee\/wp-content\/uploads\/2023\/06\/BabyBrezza-Formula-Pro-Mini-piimasegu-valmistaja-Narid-Vaiksed-narid-Narid-laiusega-80cm-Lastemoobel-ja-sisustus_4-4cc-scaled.jpg\" \/>\n\t<meta property=\"og:image:width\" content=\"2543\" \/>\n\t<meta property=\"og:image:height\" content=\"2560\" \/>\n\t<meta property=\"og:image:type\" content=\"image\/jpeg\" \/>\n<meta name=\"twitter:card\" content=\"summary_large_image\" \/>\n<meta name=\"twitter:label1\" content=\"\u041f\u0440\u0438\u043c\u0435\u0440\u043d\u043e\u0435 \u0432\u0440\u0435\u043c\u044f \u0434\u043b\u044f \u0447\u0442\u0435\u043d\u0438\u044f\" \/>\n\t<meta name=\"twitter:data1\" content=\"1 \u043c\u0438\u043d\u0443\u0442\u0430\" \/>\n<script type=\"application\/ld+json\" class=\"yoast-schema-graph\">{\"@context\":\"https:\/\/schema.org\",\"@graph\":[{\"@type\":\"WebPage\",\"@id\":\"https:\/\/beebipood.ee\/ru\/produkt\/babybrezza-formula-pro-mini-piimasegu-valmistaja\/\",\"url\":\"https:\/\/beebipood.ee\/ru\/produkt\/babybrezza-formula-pro-mini-piimasegu-valmistaja\/\",\"name\":\"BabyBrezza Formula Pro Mini piimasegu valmistaja, \u0421\u041a\u0418\u0414\u041a\u0418, \u041f\u0440\u0438\u043d\u0430\u0434\u043b\u0435\u0436\u043d\u043e\u0441\u0442\u0438 \u0434\u043b\u044f \u043c\u043b\u0430\u0434\u0435\u043d\u0446\u0435\u0432, \u041f\u0440\u0438\u0433\u043e\u0442\u043e\u0432\u043b\u0435\u043d\u0438\u0435 , Beebipood\",\"isPartOf\":{\"@id\":\"https:\/\/beebipood.ee\/ru\/#website\"},\"primaryImageOfPage\":{\"@id\":\"https:\/\/beebipood.ee\/ru\/produkt\/babybrezza-formula-pro-mini-piimasegu-valmistaja\/#primaryimage\"},\"image\":{\"@id\":\"https:\/\/beebipood.ee\/ru\/produkt\/babybrezza-formula-pro-mini-piimasegu-valmistaja\/#primaryimage\"},\"thumbnailUrl\":\"https:\/\/beebipood.ee\/wp-content\/uploads\/2023\/06\/BabyBrezza-Formula-Pro-Mini-piimasegu-valmistaja-Narid-Vaiksed-narid-Narid-laiusega-80cm-Lastemoobel-ja-sisustus_4-4cc-scaled.jpg\",\"datePublished\":\"2023-06-02T09:00:55+00:00\",\"dateModified\":\"2025-03-04T09:19:50+00:00\",\"description\":\"BabyBrezza Formula Pro Mini piimasegu valmistaja, Baby Brezza Formula Pro Mini on esimene kompaktne piimaseguvalmistaja, mis valmistab sooja piimasegu\",\"breadcrumb\":{\"@id\":\"https:\/\/beebipood.ee\/ru\/produkt\/babybrezza-formula-pro-mini-piimasegu-valmistaja\/#breadcrumb\"},\"inLanguage\":\"ru-RU\",\"potentialAction\":[{\"@type\":\"ReadAction\",\"target\":[\"https:\/\/beebipood.ee\/ru\/produkt\/babybrezza-formula-pro-mini-piimasegu-valmistaja\/\"]}]},{\"@type\":\"ImageObject\",\"inLanguage\":\"ru-RU\",\"@id\":\"https:\/\/beebipood.ee\/ru\/produkt\/babybrezza-formula-pro-mini-piimasegu-valmistaja\/#primaryimage\",\"url\":\"https:\/\/beebipood.ee\/wp-content\/uploads\/2023\/06\/BabyBrezza-Formula-Pro-Mini-piimasegu-valmistaja-Narid-Vaiksed-narid-Narid-laiusega-80cm-Lastemoobel-ja-sisustus_4-4cc-scaled.jpg\",\"contentUrl\":\"https:\/\/beebipood.ee\/wp-content\/uploads\/2023\/06\/BabyBrezza-Formula-Pro-Mini-piimasegu-valmistaja-Narid-Vaiksed-narid-Narid-laiusega-80cm-Lastemoobel-ja-sisustus_4-4cc-scaled.jpg\",\"width\":2543,\"height\":2560},{\"@type\":\"BreadcrumbList\",\"@id\":\"https:\/\/beebipood.ee\/ru\/produkt\/babybrezza-formula-pro-mini-piimasegu-valmistaja\/#breadcrumb\",\"itemListElement\":[{\"@type\":\"ListItem\",\"position\":1,\"name\":\"Home\",\"item\":\"https:\/\/beebipood.ee\/ru\/\"},{\"@type\":\"ListItem\",\"position\":2,\"name\":\"\u041a\u0430\u0442\u0430\u043b\u043e\u0433 \u0442\u043e\u0432\u0430\u0440\u043e\u0432\",\"item\":\"https:\/\/beebipood.ee\/tooted\/\"},{\"@type\":\"ListItem\",\"position\":3,\"name\":\"BabyBrezza Formula Pro Mini piimasegu valmistaja\"}]},{\"@type\":\"WebSite\",\"@id\":\"https:\/\/beebipood.ee\/ru\/#website\",\"url\":\"https:\/\/beebipood.ee\/ru\/\",\"name\":\"Beebipood\",\"description\":\"Lastekaubad, beebikaubad, m\u00e4nguasjad\",\"publisher\":{\"@id\":\"https:\/\/beebipood.ee\/ru\/#organization\"},\"potentialAction\":[{\"@type\":\"SearchAction\",\"target\":{\"@type\":\"EntryPoint\",\"urlTemplate\":\"https:\/\/beebipood.ee\/ru\/?s={search_term_string}\"},\"query-input\":{\"@type\":\"PropertyValueSpecification\",\"valueRequired\":true,\"valueName\":\"search_term_string\"}}],\"inLanguage\":\"ru-RU\"},{\"@type\":\"Organization\",\"@id\":\"https:\/\/beebipood.ee\/ru\/#organization\",\"name\":\"Beebipood\",\"url\":\"https:\/\/beebipood.ee\/ru\/\",\"logo\":{\"@type\":\"ImageObject\",\"inLanguage\":\"ru-RU\",\"@id\":\"https:\/\/beebipood.ee\/ru\/#\/schema\/logo\/image\/\",\"url\":\"https:\/\/beebipood.ee\/wp-content\/uploads\/2025\/03\/beebipood.ee-logo-1.svg\",\"contentUrl\":\"https:\/\/beebipood.ee\/wp-content\/uploads\/2025\/03\/beebipood.ee-logo-1.svg\",\"caption\":\"Beebipood\"},\"image\":{\"@id\":\"https:\/\/beebipood.ee\/ru\/#\/schema\/logo\/image\/\"}}]}<\/script>\n<!-- \/ Yoast SEO plugin. -->","yoast_head_json":{"title":"BabyBrezza Formula Pro Mini piimasegu valmistaja, \u0421\u041a\u0418\u0414\u041a\u0418, \u041f\u0440\u0438\u043d\u0430\u0434\u043b\u0435\u0436\u043d\u043e\u0441\u0442\u0438 \u0434\u043b\u044f \u043c\u043b\u0430\u0434\u0435\u043d\u0446\u0435\u0432, \u041f\u0440\u0438\u0433\u043e\u0442\u043e\u0432\u043b\u0435\u043d\u0438\u0435 , Beebipood","description":"BabyBrezza Formula Pro Mini piimasegu valmistaja, Baby Brezza Formula Pro Mini on esimene kompaktne piimaseguvalmistaja, mis valmistab sooja piimasegu","robots":{"index":"index","follow":"follow","max-snippet":"max-snippet:-1","max-image-preview":"max-image-preview:large","max-video-preview":"max-video-preview:-1"},"canonical":"https:\/\/beebipood.ee\/ru\/produkt\/babybrezza-formula-pro-mini-piimasegu-valmistaja\/","og_locale":"ru_RU","og_type":"article","og_title":"BabyBrezza Formula Pro Mini piimasegu valmistaja, \u0421\u041a\u0418\u0414\u041a\u0418, \u041f\u0440\u0438\u043d\u0430\u0434\u043b\u0435\u0436\u043d\u043e\u0441\u0442\u0438 \u0434\u043b\u044f \u043c\u043b\u0430\u0434\u0435\u043d\u0446\u0435\u0432, \u041f\u0440\u0438\u0433\u043e\u0442\u043e\u0432\u043b\u0435\u043d\u0438\u0435 , Beebipood","og_description":"BabyBrezza Formula Pro Mini piimasegu valmistaja, Baby Brezza Formula Pro Mini on esimene kompaktne piimaseguvalmistaja, mis valmistab sooja piimasegu","og_url":"https:\/\/beebipood.ee\/ru\/produkt\/babybrezza-formula-pro-mini-piimasegu-valmistaja\/","og_site_name":"Beebipood","article_modified_time":"2025-03-04T09:19:50+00:00","og_image":[{"width":2543,"height":2560,"url":"https:\/\/beebipood.ee\/wp-content\/uploads\/2023\/06\/BabyBrezza-Formula-Pro-Mini-piimasegu-valmistaja-Narid-Vaiksed-narid-Narid-laiusega-80cm-Lastemoobel-ja-sisustus_4-4cc-scaled.jpg","type":"image\/jpeg"}],"twitter_card":"summary_large_image","twitter_misc":{"\u041f\u0440\u0438\u043c\u0435\u0440\u043d\u043e\u0435 \u0432\u0440\u0435\u043c\u044f \u0434\u043b\u044f \u0447\u0442\u0435\u043d\u0438\u044f":"1 \u043c\u0438\u043d\u0443\u0442\u0430"},"schema":{"@context":"https:\/\/schema.org","@graph":[{"@type":"WebPage","@id":"https:\/\/beebipood.ee\/ru\/produkt\/babybrezza-formula-pro-mini-piimasegu-valmistaja\/","url":"https:\/\/beebipood.ee\/ru\/produkt\/babybrezza-formula-pro-mini-piimasegu-valmistaja\/","name":"BabyBrezza Formula Pro Mini piimasegu valmistaja, \u0421\u041a\u0418\u0414\u041a\u0418, \u041f\u0440\u0438\u043d\u0430\u0434\u043b\u0435\u0436\u043d\u043e\u0441\u0442\u0438 \u0434\u043b\u044f \u043c\u043b\u0430\u0434\u0435\u043d\u0446\u0435\u0432, \u041f\u0440\u0438\u0433\u043e\u0442\u043e\u0432\u043b\u0435\u043d\u0438\u0435 , Beebipood","isPartOf":{"@id":"https:\/\/beebipood.ee\/ru\/#website"},"primaryImageOfPage":{"@id":"https:\/\/beebipood.ee\/ru\/produkt\/babybrezza-formula-pro-mini-piimasegu-valmistaja\/#primaryimage"},"image":{"@id":"https:\/\/beebipood.ee\/ru\/produkt\/babybrezza-formula-pro-mini-piimasegu-valmistaja\/#primaryimage"},"thumbnailUrl":"https:\/\/beebipood.ee\/wp-content\/uploads\/2023\/06\/BabyBrezza-Formula-Pro-Mini-piimasegu-valmistaja-Narid-Vaiksed-narid-Narid-laiusega-80cm-Lastemoobel-ja-sisustus_4-4cc-scaled.jpg","datePublished":"2023-06-02T09:00:55+00:00","dateModified":"2025-03-04T09:19:50+00:00","description":"BabyBrezza Formula Pro Mini piimasegu valmistaja, Baby Brezza Formula Pro Mini on esimene kompaktne piimaseguvalmistaja, mis valmistab sooja piimasegu","breadcrumb":{"@id":"https:\/\/beebipood.ee\/ru\/produkt\/babybrezza-formula-pro-mini-piimasegu-valmistaja\/#breadcrumb"},"inLanguage":"ru-RU","potentialAction":[{"@type":"ReadAction","target":["https:\/\/beebipood.ee\/ru\/produkt\/babybrezza-formula-pro-mini-piimasegu-valmistaja\/"]}]},{"@type":"ImageObject","inLanguage":"ru-RU","@id":"https:\/\/beebipood.ee\/ru\/produkt\/babybrezza-formula-pro-mini-piimasegu-valmistaja\/#primaryimage","url":"https:\/\/beebipood.ee\/wp-content\/uploads\/2023\/06\/BabyBrezza-Formula-Pro-Mini-piimasegu-valmistaja-Narid-Vaiksed-narid-Narid-laiusega-80cm-Lastemoobel-ja-sisustus_4-4cc-scaled.jpg","contentUrl":"https:\/\/beebipood.ee\/wp-content\/uploads\/2023\/06\/BabyBrezza-Formula-Pro-Mini-piimasegu-valmistaja-Narid-Vaiksed-narid-Narid-laiusega-80cm-Lastemoobel-ja-sisustus_4-4cc-scaled.jpg","width":2543,"height":2560},{"@type":"BreadcrumbList","@id":"https:\/\/beebipood.ee\/ru\/produkt\/babybrezza-formula-pro-mini-piimasegu-valmistaja\/#breadcrumb","itemListElement":[{"@type":"ListItem","position":1,"name":"Home","item":"https:\/\/beebipood.ee\/ru\/"},{"@type":"ListItem","position":2,"name":"\u041a\u0430\u0442\u0430\u043b\u043e\u0433 \u0442\u043e\u0432\u0430\u0440\u043e\u0432","item":"https:\/\/beebipood.ee\/tooted\/"},{"@type":"ListItem","position":3,"name":"BabyBrezza Formula Pro Mini piimasegu valmistaja"}]},{"@type":"WebSite","@id":"https:\/\/beebipood.ee\/ru\/#website","url":"https:\/\/beebipood.ee\/ru\/","name":"Beebipood","description":"Lastekaubad, beebikaubad, m\u00e4nguasjad","publisher":{"@id":"https:\/\/beebipood.ee\/ru\/#organization"},"potentialAction":[{"@type":"SearchAction","target":{"@type":"EntryPoint","urlTemplate":"https:\/\/beebipood.ee\/ru\/?s={search_term_string}"},"query-input":{"@type":"PropertyValueSpecification","valueRequired":true,"valueName":"search_term_string"}}],"inLanguage":"ru-RU"},{"@type":"Organization","@id":"https:\/\/beebipood.ee\/ru\/#organization","name":"Beebipood","url":"https:\/\/beebipood.ee\/ru\/","logo":{"@type":"ImageObject","inLanguage":"ru-RU","@id":"https:\/\/beebipood.ee\/ru\/#\/schema\/logo\/image\/","url":"https:\/\/beebipood.ee\/wp-content\/uploads\/2025\/03\/beebipood.ee-logo-1.svg","contentUrl":"https:\/\/beebipood.ee\/wp-content\/uploads\/2025\/03\/beebipood.ee-logo-1.svg","caption":"Beebipood"},"image":{"@id":"https:\/\/beebipood.ee\/ru\/#\/schema\/logo\/image\/"}}]}},"brands":[{"id":11967,"name":"Baby Brezza","slug":"baby-brezza-ru"}],"_links":{"self":[{"href":"https:\/\/beebipood.ee\/ru\/wp-json\/wp\/v2\/product\/459883","targetHints":{"allow":["GET"]}}],"collection":[{"href":"https:\/\/beebipood.ee\/ru\/wp-json\/wp\/v2\/product"}],"about":[{"href":"https:\/\/beebipood.ee\/ru\/wp-json\/wp\/v2\/types\/product"}],"wp:featuredmedia":[{"embeddable":true,"href":"https:\/\/beebipood.ee\/ru\/wp-json\/wp\/v2\/media\/174034"}],"wp:attachment":[{"href":"https:\/\/beebipood.ee\/ru\/wp-json\/wp\/v2\/media?parent=459883"}],"wp:term":[{"taxonomy":"pwb-brand","embeddable":true,"href":"https:\/\/beebipood.ee\/ru\/wp-json\/wp\/v2\/pwb-brand?post=459883"},{"taxonomy":"product_brand","embeddable":true,"href":"https:\/\/beebipood.ee\/ru\/wp-json\/wp\/v2\/product_brand?post=459883"},{"taxonomy":"product_cat","embeddable":true,"href":"https:\/\/beebipood.ee\/ru\/wp-json\/wp\/v2\/product_cat?post=459883"},{"taxonomy":"product_tag","embeddable":true,"href":"https:\/\/beebipood.ee\/ru\/wp-json\/wp\/v2\/product_tag?post=459883"}],"curies":[{"name":"wp","href":"https:\/\/api.w.org\/{rel}","templated":true}]}}