{"id":459885,"date":"2023-07-17T12:44:44","date_gmt":"2023-07-17T09:44:44","guid":{"rendered":"https:\/\/beebipood.ee\/toode\/babybrezza-smart-safe-bottle-warmer-tark-pudelisoojendaja\/"},"modified":"2025-01-09T10:48:06","modified_gmt":"2025-01-09T08:48:06","slug":"babybrezza-smart-safe-bottle-warmer-tark-pudelisoojendaja","status":"publish","type":"product","link":"https:\/\/beebipood.ee\/ru\/produkt\/babybrezza-smart-safe-bottle-warmer-tark-pudelisoojendaja\/","title":{"rendered":"BabyBrezza Smart &#038; Safe Bottle Warmer tark pudelisoojendaja"},"content":{"rendered":"<p>Baby Brezza Smart &#038; Safe on ainuke Bluetoothiga pudelisoojendaja <br \/>millel on 2 temperatuuri seadistust rinnapiima, piimasegu <br \/>ja imikutoidu ohutuks, \u00fchtlaseks ja kiireks soojendamiseks<br \/>P\u00fcsisoojuse re\u017eiim soojendab v\u00f5i sulatab rinnapiima <br \/>ohutult sooja veevanniga, et s\u00e4ilitada selle toitaineid. <br \/>(erinevalt traditsioonilistest soojendajatest, <br \/>mis kasutavad aurusoojust, mis h\u00e4vitab rinnapiima valgud)<br \/>Kiire soojendamise re\u017eiim soojendab kiiresti <br \/>ja ohutult piimasegu v\u00f5i imikutoitu auruk\u00fcttega.<br \/>Kasutage oma telefoni pudelisoendaja juhtimiseks ja hoiatuste saamiseks <br \/>TASUTA IOS-i ja Androidi rakendused Bluetoothiga juhtimiseks. <br \/>T\u00f6\u00f6tab k\u00f5igi pudelimarkide\/t\u00fc\u00fcpidega<br \/>Valige oma seaded ja soojendi valib pudeli soojendamiseks \u00f5ige aja. <br \/>Soojem piiksub ja saadab teile telefoni m\u00e4rguande, <br \/>kui see on l\u00f5petatud, seej\u00e4rel l\u00fclitub automaatselt v\u00e4lja. <br \/>BPA vaba. <br \/>Garantii: 2 aastat<\/p>\n","protected":false},"excerpt":{"rendered":"<p>Baby Brezza Smart &#038; Safe on ainuke Bluetoothiga pudelisoojendaja millel on 2 temperatuuri seadistust rinnapiima, piimasegu ja imikutoidu ohutuks, \u00fchtlaseks ja kiireks soojendamiseksP\u00fcsisoojuse re\u017eiim soojendab v\u00f5i sulatab rinnapiima ohutult sooja veevanniga, et s\u00e4ilitada selle toitaineid. (erinevalt traditsioonilistest soojendajatest, mis kasutavad aurusoojust, mis h\u00e4vitab rinnapiima valgud)Kiire soojendamise re\u017eiim soojendab kiiresti ja ohutult piimasegu v\u00f5i imikutoitu auruk\u00fcttega.Kasutage [&hellip;]<\/p>\n","protected":false},"featured_media":174040,"template":"","meta":{"_acf_changed":false},"pwb-brand":[11967],"product_brand":[],"product_cat":[11709,11883],"product_tag":[],"class_list":{"0":"post-459885","1":"product","2":"type-product","3":"status-publish","4":"has-post-thumbnail","6":"pwb-brand-baby-brezza-ru","7":"product_cat-sootmistoolid-beebi-ja-lastetarbed-mahkimine-hugieen-ru","8":"product_cat-toidu-valmistamine-ru","9":"pa_manufacturer-babybrezza-ru","11":"first","12":"instock","13":"taxable","14":"shipping-taxable","15":"purchasable","16":"product-type-simple"},"exclude_global_add_ons":[],"addons":[],"acf":[],"yoast_head":"<!-- This site is optimized with the Yoast SEO plugin v27.3 - https:\/\/yoast.com\/product\/yoast-seo-wordpress\/ -->\n<title>BabyBrezza Smart &amp; Safe Bottle Warmer tark pudelisoojendaja, \u0421\u041a\u0418\u0414\u041a\u0418, \u041f\u0440\u0438\u043d\u0430\u0434\u043b\u0435\u0436\u043d\u043e\u0441\u0442\u0438 \u0434\u043b\u044f \u043c\u043b\u0430\u0434\u0435\u043d\u0446\u0435\u0432, \u041f\u0440\u0438\u0433\u043e\u0442\u043e\u0432\u043b\u0435\u043d\u0438\u0435 , Beebipood<\/title>\n<meta name=\"description\" content=\"BabyBrezza Smart &amp; Safe Bottle Warmer tark pudelisoojendaja, Baby Brezza Smart &amp; Safe on ainuke Bluetoothiga pudelisoojendaja millel on 2 temperatu\" \/>\n<meta name=\"robots\" content=\"index, follow, max-snippet:-1, max-image-preview:large, max-video-preview:-1\" \/>\n<link rel=\"canonical\" href=\"https:\/\/beebipood.ee\/ru\/produkt\/babybrezza-smart-safe-bottle-warmer-tark-pudelisoojendaja\/\" \/>\n<meta property=\"og:locale\" content=\"ru_RU\" \/>\n<meta property=\"og:type\" content=\"article\" \/>\n<meta property=\"og:title\" content=\"BabyBrezza Smart &amp; Safe Bottle Warmer tark pudelisoojendaja, \u0421\u041a\u0418\u0414\u041a\u0418, \u041f\u0440\u0438\u043d\u0430\u0434\u043b\u0435\u0436\u043d\u043e\u0441\u0442\u0438 \u0434\u043b\u044f \u043c\u043b\u0430\u0434\u0435\u043d\u0446\u0435\u0432, \u041f\u0440\u0438\u0433\u043e\u0442\u043e\u0432\u043b\u0435\u043d\u0438\u0435 , Beebipood\" \/>\n<meta property=\"og:description\" content=\"BabyBrezza Smart &amp; Safe Bottle Warmer tark pudelisoojendaja, Baby Brezza Smart &amp; Safe on ainuke Bluetoothiga pudelisoojendaja millel on 2 temperatu\" \/>\n<meta property=\"og:url\" content=\"https:\/\/beebipood.ee\/ru\/produkt\/babybrezza-smart-safe-bottle-warmer-tark-pudelisoojendaja\/\" \/>\n<meta property=\"og:site_name\" content=\"Beebipood\" \/>\n<meta property=\"article:modified_time\" content=\"2025-01-09T08:48:06+00:00\" \/>\n<meta property=\"og:image\" content=\"https:\/\/beebipood.ee\/wp-content\/uploads\/2023\/07\/BabyBrezza-Smart-Safe-Bottle-Warmer-tark-pudelisoendaja-Lastevankrid-ja-karud-Vankrid-Laos-Ladu-tuhjaks_4-f18.jpg\" \/>\n\t<meta property=\"og:image:width\" content=\"2400\" \/>\n\t<meta property=\"og:image:height\" content=\"2400\" \/>\n\t<meta property=\"og:image:type\" content=\"image\/jpeg\" \/>\n<meta name=\"twitter:card\" content=\"summary_large_image\" \/>\n<meta name=\"twitter:label1\" content=\"\u041f\u0440\u0438\u043c\u0435\u0440\u043d\u043e\u0435 \u0432\u0440\u0435\u043c\u044f \u0434\u043b\u044f \u0447\u0442\u0435\u043d\u0438\u044f\" \/>\n\t<meta name=\"twitter:data1\" content=\"1 \u043c\u0438\u043d\u0443\u0442\u0430\" \/>\n<script type=\"application\/ld+json\" class=\"yoast-schema-graph\">{\"@context\":\"https:\\\/\\\/schema.org\",\"@graph\":[{\"@type\":\"WebPage\",\"@id\":\"https:\\\/\\\/beebipood.ee\\\/ru\\\/produkt\\\/babybrezza-smart-safe-bottle-warmer-tark-pudelisoojendaja\\\/\",\"url\":\"https:\\\/\\\/beebipood.ee\\\/ru\\\/produkt\\\/babybrezza-smart-safe-bottle-warmer-tark-pudelisoojendaja\\\/\",\"name\":\"BabyBrezza Smart & Safe Bottle Warmer tark pudelisoojendaja, \u0421\u041a\u0418\u0414\u041a\u0418, \u041f\u0440\u0438\u043d\u0430\u0434\u043b\u0435\u0436\u043d\u043e\u0441\u0442\u0438 \u0434\u043b\u044f \u043c\u043b\u0430\u0434\u0435\u043d\u0446\u0435\u0432, \u041f\u0440\u0438\u0433\u043e\u0442\u043e\u0432\u043b\u0435\u043d\u0438\u0435 , Beebipood\",\"isPartOf\":{\"@id\":\"https:\\\/\\\/beebipood.ee\\\/ru\\\/#website\"},\"primaryImageOfPage\":{\"@id\":\"https:\\\/\\\/beebipood.ee\\\/ru\\\/produkt\\\/babybrezza-smart-safe-bottle-warmer-tark-pudelisoojendaja\\\/#primaryimage\"},\"image\":{\"@id\":\"https:\\\/\\\/beebipood.ee\\\/ru\\\/produkt\\\/babybrezza-smart-safe-bottle-warmer-tark-pudelisoojendaja\\\/#primaryimage\"},\"thumbnailUrl\":\"https:\\\/\\\/beebipood.ee\\\/wp-content\\\/uploads\\\/2023\\\/07\\\/BabyBrezza-Smart-Safe-Bottle-Warmer-tark-pudelisoendaja-Lastevankrid-ja-karud-Vankrid-Laos-Ladu-tuhjaks_4-f18.jpg\",\"datePublished\":\"2023-07-17T09:44:44+00:00\",\"dateModified\":\"2025-01-09T08:48:06+00:00\",\"description\":\"BabyBrezza Smart & Safe Bottle Warmer tark pudelisoojendaja, Baby Brezza Smart &amp; Safe on ainuke Bluetoothiga pudelisoojendaja millel on 2 temperatu\",\"breadcrumb\":{\"@id\":\"https:\\\/\\\/beebipood.ee\\\/ru\\\/produkt\\\/babybrezza-smart-safe-bottle-warmer-tark-pudelisoojendaja\\\/#breadcrumb\"},\"inLanguage\":\"ru-RU\",\"potentialAction\":[{\"@type\":\"ReadAction\",\"target\":[\"https:\\\/\\\/beebipood.ee\\\/ru\\\/produkt\\\/babybrezza-smart-safe-bottle-warmer-tark-pudelisoojendaja\\\/\"]}]},{\"@type\":\"ImageObject\",\"inLanguage\":\"ru-RU\",\"@id\":\"https:\\\/\\\/beebipood.ee\\\/ru\\\/produkt\\\/babybrezza-smart-safe-bottle-warmer-tark-pudelisoojendaja\\\/#primaryimage\",\"url\":\"https:\\\/\\\/beebipood.ee\\\/wp-content\\\/uploads\\\/2023\\\/07\\\/BabyBrezza-Smart-Safe-Bottle-Warmer-tark-pudelisoendaja-Lastevankrid-ja-karud-Vankrid-Laos-Ladu-tuhjaks_4-f18.jpg\",\"contentUrl\":\"https:\\\/\\\/beebipood.ee\\\/wp-content\\\/uploads\\\/2023\\\/07\\\/BabyBrezza-Smart-Safe-Bottle-Warmer-tark-pudelisoendaja-Lastevankrid-ja-karud-Vankrid-Laos-Ladu-tuhjaks_4-f18.jpg\",\"width\":2400,\"height\":2400},{\"@type\":\"BreadcrumbList\",\"@id\":\"https:\\\/\\\/beebipood.ee\\\/ru\\\/produkt\\\/babybrezza-smart-safe-bottle-warmer-tark-pudelisoojendaja\\\/#breadcrumb\",\"itemListElement\":[{\"@type\":\"ListItem\",\"position\":1,\"name\":\"Home\",\"item\":\"https:\\\/\\\/beebipood.ee\\\/ru\\\/\"},{\"@type\":\"ListItem\",\"position\":2,\"name\":\"\u041a\u0430\u0442\u0430\u043b\u043e\u0433 \u0442\u043e\u0432\u0430\u0440\u043e\u0432\",\"item\":\"https:\\\/\\\/beebipood.ee\\\/tooted\\\/\"},{\"@type\":\"ListItem\",\"position\":3,\"name\":\"BabyBrezza Smart &#038; Safe Bottle Warmer tark pudelisoojendaja\"}]},{\"@type\":\"WebSite\",\"@id\":\"https:\\\/\\\/beebipood.ee\\\/ru\\\/#website\",\"url\":\"https:\\\/\\\/beebipood.ee\\\/ru\\\/\",\"name\":\"Beebipood\",\"description\":\"Lastekaubad, beebikaubad, m\u00e4nguasjad\",\"publisher\":{\"@id\":\"https:\\\/\\\/beebipood.ee\\\/ru\\\/#organization\"},\"potentialAction\":[{\"@type\":\"SearchAction\",\"target\":{\"@type\":\"EntryPoint\",\"urlTemplate\":\"https:\\\/\\\/beebipood.ee\\\/ru\\\/?s={search_term_string}\"},\"query-input\":{\"@type\":\"PropertyValueSpecification\",\"valueRequired\":true,\"valueName\":\"search_term_string\"}}],\"inLanguage\":\"ru-RU\"},{\"@type\":\"Organization\",\"@id\":\"https:\\\/\\\/beebipood.ee\\\/ru\\\/#organization\",\"name\":\"Beebipood\",\"url\":\"https:\\\/\\\/beebipood.ee\\\/ru\\\/\",\"logo\":{\"@type\":\"ImageObject\",\"inLanguage\":\"ru-RU\",\"@id\":\"https:\\\/\\\/beebipood.ee\\\/ru\\\/#\\\/schema\\\/logo\\\/image\\\/\",\"url\":\"https:\\\/\\\/beebipood.ee\\\/wp-content\\\/uploads\\\/2025\\\/03\\\/beebipood.ee-logo-1.svg\",\"contentUrl\":\"https:\\\/\\\/beebipood.ee\\\/wp-content\\\/uploads\\\/2025\\\/03\\\/beebipood.ee-logo-1.svg\",\"caption\":\"Beebipood\"},\"image\":{\"@id\":\"https:\\\/\\\/beebipood.ee\\\/ru\\\/#\\\/schema\\\/logo\\\/image\\\/\"}}]}<\/script>\n<!-- \/ Yoast SEO plugin. -->","yoast_head_json":{"title":"BabyBrezza Smart & Safe Bottle Warmer tark pudelisoojendaja, \u0421\u041a\u0418\u0414\u041a\u0418, \u041f\u0440\u0438\u043d\u0430\u0434\u043b\u0435\u0436\u043d\u043e\u0441\u0442\u0438 \u0434\u043b\u044f \u043c\u043b\u0430\u0434\u0435\u043d\u0446\u0435\u0432, \u041f\u0440\u0438\u0433\u043e\u0442\u043e\u0432\u043b\u0435\u043d\u0438\u0435 , Beebipood","description":"BabyBrezza Smart & Safe Bottle Warmer tark pudelisoojendaja, Baby Brezza Smart &amp; Safe on ainuke Bluetoothiga pudelisoojendaja millel on 2 temperatu","robots":{"index":"index","follow":"follow","max-snippet":"max-snippet:-1","max-image-preview":"max-image-preview:large","max-video-preview":"max-video-preview:-1"},"canonical":"https:\/\/beebipood.ee\/ru\/produkt\/babybrezza-smart-safe-bottle-warmer-tark-pudelisoojendaja\/","og_locale":"ru_RU","og_type":"article","og_title":"BabyBrezza Smart & Safe Bottle Warmer tark pudelisoojendaja, \u0421\u041a\u0418\u0414\u041a\u0418, \u041f\u0440\u0438\u043d\u0430\u0434\u043b\u0435\u0436\u043d\u043e\u0441\u0442\u0438 \u0434\u043b\u044f \u043c\u043b\u0430\u0434\u0435\u043d\u0446\u0435\u0432, \u041f\u0440\u0438\u0433\u043e\u0442\u043e\u0432\u043b\u0435\u043d\u0438\u0435 , Beebipood","og_description":"BabyBrezza Smart & Safe Bottle Warmer tark pudelisoojendaja, Baby Brezza Smart &amp; Safe on ainuke Bluetoothiga pudelisoojendaja millel on 2 temperatu","og_url":"https:\/\/beebipood.ee\/ru\/produkt\/babybrezza-smart-safe-bottle-warmer-tark-pudelisoojendaja\/","og_site_name":"Beebipood","article_modified_time":"2025-01-09T08:48:06+00:00","og_image":[{"width":2400,"height":2400,"url":"https:\/\/beebipood.ee\/wp-content\/uploads\/2023\/07\/BabyBrezza-Smart-Safe-Bottle-Warmer-tark-pudelisoendaja-Lastevankrid-ja-karud-Vankrid-Laos-Ladu-tuhjaks_4-f18.jpg","type":"image\/jpeg"}],"twitter_card":"summary_large_image","twitter_misc":{"\u041f\u0440\u0438\u043c\u0435\u0440\u043d\u043e\u0435 \u0432\u0440\u0435\u043c\u044f \u0434\u043b\u044f \u0447\u0442\u0435\u043d\u0438\u044f":"1 \u043c\u0438\u043d\u0443\u0442\u0430"},"schema":{"@context":"https:\/\/schema.org","@graph":[{"@type":"WebPage","@id":"https:\/\/beebipood.ee\/ru\/produkt\/babybrezza-smart-safe-bottle-warmer-tark-pudelisoojendaja\/","url":"https:\/\/beebipood.ee\/ru\/produkt\/babybrezza-smart-safe-bottle-warmer-tark-pudelisoojendaja\/","name":"BabyBrezza Smart & Safe Bottle Warmer tark pudelisoojendaja, \u0421\u041a\u0418\u0414\u041a\u0418, \u041f\u0440\u0438\u043d\u0430\u0434\u043b\u0435\u0436\u043d\u043e\u0441\u0442\u0438 \u0434\u043b\u044f \u043c\u043b\u0430\u0434\u0435\u043d\u0446\u0435\u0432, \u041f\u0440\u0438\u0433\u043e\u0442\u043e\u0432\u043b\u0435\u043d\u0438\u0435 , Beebipood","isPartOf":{"@id":"https:\/\/beebipood.ee\/ru\/#website"},"primaryImageOfPage":{"@id":"https:\/\/beebipood.ee\/ru\/produkt\/babybrezza-smart-safe-bottle-warmer-tark-pudelisoojendaja\/#primaryimage"},"image":{"@id":"https:\/\/beebipood.ee\/ru\/produkt\/babybrezza-smart-safe-bottle-warmer-tark-pudelisoojendaja\/#primaryimage"},"thumbnailUrl":"https:\/\/beebipood.ee\/wp-content\/uploads\/2023\/07\/BabyBrezza-Smart-Safe-Bottle-Warmer-tark-pudelisoendaja-Lastevankrid-ja-karud-Vankrid-Laos-Ladu-tuhjaks_4-f18.jpg","datePublished":"2023-07-17T09:44:44+00:00","dateModified":"2025-01-09T08:48:06+00:00","description":"BabyBrezza Smart & Safe Bottle Warmer tark pudelisoojendaja, Baby Brezza Smart &amp; Safe on ainuke Bluetoothiga pudelisoojendaja millel on 2 temperatu","breadcrumb":{"@id":"https:\/\/beebipood.ee\/ru\/produkt\/babybrezza-smart-safe-bottle-warmer-tark-pudelisoojendaja\/#breadcrumb"},"inLanguage":"ru-RU","potentialAction":[{"@type":"ReadAction","target":["https:\/\/beebipood.ee\/ru\/produkt\/babybrezza-smart-safe-bottle-warmer-tark-pudelisoojendaja\/"]}]},{"@type":"ImageObject","inLanguage":"ru-RU","@id":"https:\/\/beebipood.ee\/ru\/produkt\/babybrezza-smart-safe-bottle-warmer-tark-pudelisoojendaja\/#primaryimage","url":"https:\/\/beebipood.ee\/wp-content\/uploads\/2023\/07\/BabyBrezza-Smart-Safe-Bottle-Warmer-tark-pudelisoendaja-Lastevankrid-ja-karud-Vankrid-Laos-Ladu-tuhjaks_4-f18.jpg","contentUrl":"https:\/\/beebipood.ee\/wp-content\/uploads\/2023\/07\/BabyBrezza-Smart-Safe-Bottle-Warmer-tark-pudelisoendaja-Lastevankrid-ja-karud-Vankrid-Laos-Ladu-tuhjaks_4-f18.jpg","width":2400,"height":2400},{"@type":"BreadcrumbList","@id":"https:\/\/beebipood.ee\/ru\/produkt\/babybrezza-smart-safe-bottle-warmer-tark-pudelisoojendaja\/#breadcrumb","itemListElement":[{"@type":"ListItem","position":1,"name":"Home","item":"https:\/\/beebipood.ee\/ru\/"},{"@type":"ListItem","position":2,"name":"\u041a\u0430\u0442\u0430\u043b\u043e\u0433 \u0442\u043e\u0432\u0430\u0440\u043e\u0432","item":"https:\/\/beebipood.ee\/tooted\/"},{"@type":"ListItem","position":3,"name":"BabyBrezza Smart &#038; Safe Bottle Warmer tark pudelisoojendaja"}]},{"@type":"WebSite","@id":"https:\/\/beebipood.ee\/ru\/#website","url":"https:\/\/beebipood.ee\/ru\/","name":"Beebipood","description":"Lastekaubad, beebikaubad, m\u00e4nguasjad","publisher":{"@id":"https:\/\/beebipood.ee\/ru\/#organization"},"potentialAction":[{"@type":"SearchAction","target":{"@type":"EntryPoint","urlTemplate":"https:\/\/beebipood.ee\/ru\/?s={search_term_string}"},"query-input":{"@type":"PropertyValueSpecification","valueRequired":true,"valueName":"search_term_string"}}],"inLanguage":"ru-RU"},{"@type":"Organization","@id":"https:\/\/beebipood.ee\/ru\/#organization","name":"Beebipood","url":"https:\/\/beebipood.ee\/ru\/","logo":{"@type":"ImageObject","inLanguage":"ru-RU","@id":"https:\/\/beebipood.ee\/ru\/#\/schema\/logo\/image\/","url":"https:\/\/beebipood.ee\/wp-content\/uploads\/2025\/03\/beebipood.ee-logo-1.svg","contentUrl":"https:\/\/beebipood.ee\/wp-content\/uploads\/2025\/03\/beebipood.ee-logo-1.svg","caption":"Beebipood"},"image":{"@id":"https:\/\/beebipood.ee\/ru\/#\/schema\/logo\/image\/"}}]}},"brands":[{"id":11967,"name":"Baby Brezza","slug":"baby-brezza-ru"}],"_links":{"self":[{"href":"https:\/\/beebipood.ee\/ru\/wp-json\/wp\/v2\/product\/459885","targetHints":{"allow":["GET"]}}],"collection":[{"href":"https:\/\/beebipood.ee\/ru\/wp-json\/wp\/v2\/product"}],"about":[{"href":"https:\/\/beebipood.ee\/ru\/wp-json\/wp\/v2\/types\/product"}],"wp:featuredmedia":[{"embeddable":true,"href":"https:\/\/beebipood.ee\/ru\/wp-json\/wp\/v2\/media\/174040"}],"wp:attachment":[{"href":"https:\/\/beebipood.ee\/ru\/wp-json\/wp\/v2\/media?parent=459885"}],"wp:term":[{"taxonomy":"pwb-brand","embeddable":true,"href":"https:\/\/beebipood.ee\/ru\/wp-json\/wp\/v2\/pwb-brand?post=459885"},{"taxonomy":"product_brand","embeddable":true,"href":"https:\/\/beebipood.ee\/ru\/wp-json\/wp\/v2\/product_brand?post=459885"},{"taxonomy":"product_cat","embeddable":true,"href":"https:\/\/beebipood.ee\/ru\/wp-json\/wp\/v2\/product_cat?post=459885"},{"taxonomy":"product_tag","embeddable":true,"href":"https:\/\/beebipood.ee\/ru\/wp-json\/wp\/v2\/product_tag?post=459885"}],"curies":[{"name":"wp","href":"https:\/\/api.w.org\/{rel}","templated":true}]}}