{"id":459887,"date":"2023-07-18T13:41:40","date_gmt":"2023-07-18T10:41:40","guid":{"rendered":"https:\/\/beebipood.ee\/toode\/muuvo-choc-2-poordfunktsiooniga-360-sootmistool-mint\/"},"modified":"2026-01-26T13:19:29","modified_gmt":"2026-01-26T11:19:29","slug":"muuvo-choc-2-poordfunktsiooniga-360-sootmistool-mint","status":"publish","type":"product","link":"https:\/\/beebipood.ee\/ru\/produkt\/muuvo-choc-2-poordfunktsiooniga-360-sootmistool-mint\/","title":{"rendered":"Muuvo Choc 2 (2026) p\u00f6\u00f6rdfunktsiooniga 360\u00b0 s\u00f6\u00f6tmistool, Mint"},"content":{"rendered":"<h3 data-start=\"98\" data-end=\"172\">\ud83e\ude91 Muuvo Choc 2 \u2013 nutikas 360\u00b0 p\u00f6\u00f6rlev multifunktsionaalne s\u00f6\u00f6tmistool<\/h3>\n<p data-start=\"174\" data-end=\"482\">Kui beebi hakkab iseseisvalt istuma, saab s\u00f6\u00f6tmistoolist tema uus v\u00e4ike \u201ejuhtimiskeskus\u201c \u2013 koht, kus avastatakse uusi maitseid, \u00f5pitakse s\u00f6\u00f6ma ja ollakse osa pere \u00fchistest lauahetkedest.<br data-start=\"360\" data-end=\"363\" \/><strong data-start=\"363\" data-end=\"379\">Muuvo Choc 2<\/strong> on loodud just nende hetkede jaoks \u2013 mugav, turvaline ja stiilne s\u00f6\u00f6tmistool, mis kasvab koos lapsega.<\/p>\n<p data-start=\"484\" data-end=\"701\">Choc 2 eristub oma <strong data-start=\"503\" data-end=\"526\">360\u00b0 p\u00f6\u00f6rleva istme<\/strong> poolest, mis v\u00f5imaldab vanemal last h\u00f5lpsalt soovitud suunas keerata \u2013 ilma tooli liigutamata. See muudab s\u00f6\u00f6tmise, suhtlemise ja igap\u00e4evase toimetamise oluliselt lihtsamaks.<\/p>\n<p data-start=\"703\" data-end=\"742\">Tegu on t\u00f5elise <strong data-start=\"719\" data-end=\"741\">3-\u00fches lahendusega<\/strong>:<\/p>\n<ul data-start=\"743\" data-end=\"851\">\n<li data-start=\"743\" data-end=\"766\">\n<p data-start=\"745\" data-end=\"766\">s\u00f6\u00f6tmistool beebile<\/p>\n<\/li>\n<li data-start=\"767\" data-end=\"799\">\n<p data-start=\"769\" data-end=\"799\">madal tool suuremale lapsele<\/p>\n<\/li>\n<li data-start=\"800\" data-end=\"851\">\n<p data-start=\"802\" data-end=\"851\">praktiline taburet pere igap\u00e4evaseks kasutuseks<\/p>\n<\/li>\n<\/ul>\n<p data-start=\"853\" data-end=\"1053\">Disainis kohtuvad <strong data-start=\"871\" data-end=\"893\">Skandinaavia stiil<\/strong>, naturaalne p\u00f6\u00f6gipuit ja modernsed metallist detailid, mist\u00f5ttu sobib tool kaunilt igasse kodusesse interj\u00f6\u00f6ri \u2013 olles samal ajal funktsionaalne ja vastupidav.<\/p>\n<hr data-start=\"1055\" data-end=\"1058\" \/>\n<h3 data-start=\"1060\" data-end=\"1084\">\u2728 Peamised omadused:<\/h3>\n<ul data-start=\"1085\" data-end=\"1691\">\n<li data-start=\"1085\" data-end=\"1144\">\n<p data-start=\"1087\" data-end=\"1144\">\ud83d\udd04 <strong data-start=\"1090\" data-end=\"1111\">360\u00b0 p\u00f6\u00f6rlev iste<\/strong> \u2013 maksimaalne mugavus vanemale<\/p>\n<\/li>\n<li data-start=\"1145\" data-end=\"1220\">\n<p data-start=\"1147\" data-end=\"1220\">\ud83d\udee1\ufe0f <strong data-start=\"1151\" data-end=\"1188\">5-punkti turvarihmad magnetlukuga<\/strong> \u2013 lihtne ja kiire kinnitamine<\/p>\n<\/li>\n<li data-start=\"1221\" data-end=\"1283\">\n<p data-start=\"1223\" data-end=\"1283\">\ud83c\udf7d\ufe0f <strong data-start=\"1227\" data-end=\"1243\">Topeltkandik<\/strong> \u2013 eemaldatav \u00fclaosa, lihtne puhastada<\/p>\n<\/li>\n<li data-start=\"1284\" data-end=\"1323\">\n<p data-start=\"1286\" data-end=\"1323\">\ud83e\uddfc <strong data-start=\"1289\" data-end=\"1321\">T\u00e4ielikult eemaldatav kandik<\/strong><\/p>\n<\/li>\n<li data-start=\"1324\" data-end=\"1382\">\n<p data-start=\"1326\" data-end=\"1382\">\ud83e\uddb6 <strong data-start=\"1329\" data-end=\"1368\">Reguleeritav ja eemaldatav jalatugi<\/strong> (3 k\u00f5rgust)<\/p>\n<\/li>\n<li data-start=\"1383\" data-end=\"1435\">\n<p data-start=\"1385\" data-end=\"1435\">\ud83d\udc76 <strong data-start=\"1388\" data-end=\"1412\">Eemaldatav beebisisu<\/strong> \u2013 mugav v\u00e4iksematele<\/p>\n<\/li>\n<li data-start=\"1436\" data-end=\"1473\">\n<p data-start=\"1438\" data-end=\"1473\">\ud83d\udd27 <strong data-start=\"1441\" data-end=\"1471\">Lihtne ja kiire kokkupanek<\/strong><\/p>\n<\/li>\n<li data-start=\"1474\" data-end=\"1528\">\n<p data-start=\"1476\" data-end=\"1528\">\ud83d\udd01 Muudetav <strong data-start=\"1488\" data-end=\"1508\">madalaks tooliks<\/strong> ja <strong data-start=\"1512\" data-end=\"1526\">taburetiks<\/strong><\/p>\n<\/li>\n<li data-start=\"1529\" data-end=\"1608\">\n<p data-start=\"1531\" data-end=\"1608\">\ud83c\udf31 Jalad valmistatud <strong data-start=\"1552\" data-end=\"1566\">p\u00f6\u00f6gipuust<\/strong>, metallkonstruktsioon lisab stabiilsust<\/p>\n<\/li>\n<li data-start=\"1609\" data-end=\"1652\">\n<p data-start=\"1611\" data-end=\"1652\">\ud83c\udfaf Sobib lastele alates <strong data-start=\"1635\" data-end=\"1650\">6. elukuust<\/strong><\/p>\n<\/li>\n<li data-start=\"1653\" data-end=\"1691\">\n<p data-start=\"1655\" data-end=\"1691\">\ud83d\udcaa Maksimaalne kandev\u00f5ime <strong data-start=\"1681\" data-end=\"1691\">110 kg<\/strong><\/p>\n<\/li>\n<\/ul>\n<hr data-start=\"1693\" data-end=\"1696\" \/>\n<p data-start=\"1698\" data-end=\"1868\">\ud83d\udc9b <strong data-start=\"1701\" data-end=\"1717\">Muuvo Choc 2<\/strong> ei ole lihtsalt s\u00f6\u00f6tmistool \u2013 see on pikaajaline pereliige, mis toetab lapse arengut, teeb vanema elu lihtsamaks ja n\u00e4eb samal ajal suurep\u00e4rane v\u00e4lja.<\/p>\n","protected":false},"excerpt":{"rendered":"<p>\ud83e\ude91 Muuvo Choc 2 \u2013 nutikas 360\u00b0 p\u00f6\u00f6rlev multifunktsionaalne s\u00f6\u00f6tmistool Kui beebi hakkab iseseisvalt istuma, saab s\u00f6\u00f6tmistoolist tema uus v\u00e4ike \u201ejuhtimiskeskus\u201c \u2013 koht, kus avastatakse uusi maitseid, \u00f5pitakse s\u00f6\u00f6ma ja ollakse osa pere \u00fchistest lauahetkedest.Muuvo Choc 2 on loodud just nende hetkede jaoks \u2013 mugav, turvaline ja stiilne s\u00f6\u00f6tmistool, mis kasvab koos lapsega. Choc 2 [&hellip;]<\/p>\n","protected":false},"featured_media":138329,"template":"","meta":{"_acf_changed":false},"pwb-brand":[11964],"product_brand":[],"product_cat":[11573,11645,11709],"product_tag":[],"class_list":{"0":"post-459887","1":"product","2":"type-product","3":"status-publish","4":"has-post-thumbnail","6":"pwb-brand-muuvo-ru","7":"product_cat-sooduspakkumised-ru","8":"product_cat-sootmistoolid-ru","9":"product_cat-sootmistoolid-beebi-ja-lastetarbed-mahkimine-hugieen-ru","10":"pa_manufacturer-muuvo-ru","12":"first","13":"instock","14":"sale","15":"taxable","16":"shipping-taxable","17":"purchasable","18":"product-type-simple"},"exclude_global_add_ons":[],"addons":[],"acf":[],"yoast_head":"<!-- This site is optimized with the Yoast SEO plugin v27.1.1 - https:\/\/yoast.com\/product\/yoast-seo-wordpress\/ -->\n<title>Muuvo Choc 2 p\u00f6\u00f6rdfunktsiooniga 360\u00b0 s\u00f6\u00f6tmistool, Mint, \u0421\u041a\u0418\u0414\u041a\u0418, \u0421\u0442\u0443\u043b\u044c\u0447\u0438\u043a\u0438 \u0434\u043b\u044f \u043a\u043e\u0440\u043c\u043b\u0435\u043d\u0438\u044f, \u041f\u0440\u0438\u043d\u0430\u0434\u043b\u0435\u0436\u043d\u043e\u0441\u0442\u0438 \u0434\u043b\u044f \u043c\u043b\u0430\u0434\u0435\u043d\u0446\u0435\u0432, Beebipood<\/title>\n<meta name=\"description\" content=\"Muuvo Choc 2 p\u00f6\u00f6rdfunktsiooniga 360\u00b0 s\u00f6\u00f6tmistool, Mint, Muuvo Choc - p\u00f6\u00f6rdfunktsiooniga 360\u00b0 multifunktsionaalne s\u00f6\u00f6tmistool &lt;br\" \/>\n<meta name=\"robots\" content=\"index, follow, max-snippet:-1, max-image-preview:large, max-video-preview:-1\" \/>\n<link rel=\"canonical\" href=\"https:\/\/beebipood.ee\/ru\/produkt\/muuvo-choc-2-poordfunktsiooniga-360-sootmistool-mint\/\" \/>\n<meta property=\"og:locale\" content=\"ru_RU\" \/>\n<meta property=\"og:type\" content=\"article\" \/>\n<meta property=\"og:title\" content=\"Muuvo Choc 2 p\u00f6\u00f6rdfunktsiooniga 360\u00b0 s\u00f6\u00f6tmistool, Mint, \u0421\u041a\u0418\u0414\u041a\u0418, \u0421\u0442\u0443\u043b\u044c\u0447\u0438\u043a\u0438 \u0434\u043b\u044f \u043a\u043e\u0440\u043c\u043b\u0435\u043d\u0438\u044f, \u041f\u0440\u0438\u043d\u0430\u0434\u043b\u0435\u0436\u043d\u043e\u0441\u0442\u0438 \u0434\u043b\u044f \u043c\u043b\u0430\u0434\u0435\u043d\u0446\u0435\u0432, Beebipood\" \/>\n<meta property=\"og:description\" content=\"Muuvo Choc 2 p\u00f6\u00f6rdfunktsiooniga 360\u00b0 s\u00f6\u00f6tmistool, Mint, Muuvo Choc - p\u00f6\u00f6rdfunktsiooniga 360\u00b0 multifunktsionaalne s\u00f6\u00f6tmistool &lt;br\" \/>\n<meta property=\"og:url\" content=\"https:\/\/beebipood.ee\/ru\/produkt\/muuvo-choc-2-poordfunktsiooniga-360-sootmistool-mint\/\" \/>\n<meta property=\"og:site_name\" content=\"Beebipood\" \/>\n<meta property=\"article:modified_time\" content=\"2026-01-26T11:19:29+00:00\" \/>\n<meta property=\"og:image\" content=\"https:\/\/beebipood.ee\/wp-content\/uploads\/2023\/07\/Muuvo-Choc-2-poordfunktsiooniga-360-sootmistool-Mint-UUED-TOOTED-Sootmistoolid-Beebi-ja-lastetarbed-Muuvo_6-9f6.jpg\" \/>\n\t<meta property=\"og:image:width\" content=\"1037\" \/>\n\t<meta property=\"og:image:height\" content=\"1556\" \/>\n\t<meta property=\"og:image:type\" content=\"image\/jpeg\" \/>\n<meta name=\"twitter:card\" content=\"summary_large_image\" \/>\n<meta name=\"twitter:label1\" content=\"\u041f\u0440\u0438\u043c\u0435\u0440\u043d\u043e\u0435 \u0432\u0440\u0435\u043c\u044f \u0434\u043b\u044f \u0447\u0442\u0435\u043d\u0438\u044f\" \/>\n\t<meta name=\"twitter:data1\" content=\"2 \u043c\u0438\u043d\u0443\u0442\u044b\" \/>\n<script type=\"application\/ld+json\" class=\"yoast-schema-graph\">{\"@context\":\"https:\/\/schema.org\",\"@graph\":[{\"@type\":\"WebPage\",\"@id\":\"https:\/\/beebipood.ee\/ru\/produkt\/muuvo-choc-2-poordfunktsiooniga-360-sootmistool-mint\/\",\"url\":\"https:\/\/beebipood.ee\/ru\/produkt\/muuvo-choc-2-poordfunktsiooniga-360-sootmistool-mint\/\",\"name\":\"Muuvo Choc 2 p\u00f6\u00f6rdfunktsiooniga 360\u00b0 s\u00f6\u00f6tmistool, Mint, \u0421\u041a\u0418\u0414\u041a\u0418, \u0421\u0442\u0443\u043b\u044c\u0447\u0438\u043a\u0438 \u0434\u043b\u044f \u043a\u043e\u0440\u043c\u043b\u0435\u043d\u0438\u044f, \u041f\u0440\u0438\u043d\u0430\u0434\u043b\u0435\u0436\u043d\u043e\u0441\u0442\u0438 \u0434\u043b\u044f \u043c\u043b\u0430\u0434\u0435\u043d\u0446\u0435\u0432, Beebipood\",\"isPartOf\":{\"@id\":\"https:\/\/beebipood.ee\/ru\/#website\"},\"primaryImageOfPage\":{\"@id\":\"https:\/\/beebipood.ee\/ru\/produkt\/muuvo-choc-2-poordfunktsiooniga-360-sootmistool-mint\/#primaryimage\"},\"image\":{\"@id\":\"https:\/\/beebipood.ee\/ru\/produkt\/muuvo-choc-2-poordfunktsiooniga-360-sootmistool-mint\/#primaryimage\"},\"thumbnailUrl\":\"https:\/\/beebipood.ee\/wp-content\/uploads\/2023\/07\/Muuvo-Choc-2-poordfunktsiooniga-360-sootmistool-Mint-UUED-TOOTED-Sootmistoolid-Beebi-ja-lastetarbed-Muuvo_6-9f6.jpg\",\"datePublished\":\"2023-07-18T10:41:40+00:00\",\"dateModified\":\"2026-01-26T11:19:29+00:00\",\"description\":\"Muuvo Choc 2 p\u00f6\u00f6rdfunktsiooniga 360\u00b0 s\u00f6\u00f6tmistool, Mint, Muuvo Choc - p\u00f6\u00f6rdfunktsiooniga 360\u00b0 multifunktsionaalne s\u00f6\u00f6tmistool &lt;br\",\"breadcrumb\":{\"@id\":\"https:\/\/beebipood.ee\/ru\/produkt\/muuvo-choc-2-poordfunktsiooniga-360-sootmistool-mint\/#breadcrumb\"},\"inLanguage\":\"ru-RU\",\"potentialAction\":[{\"@type\":\"ReadAction\",\"target\":[\"https:\/\/beebipood.ee\/ru\/produkt\/muuvo-choc-2-poordfunktsiooniga-360-sootmistool-mint\/\"]}]},{\"@type\":\"ImageObject\",\"inLanguage\":\"ru-RU\",\"@id\":\"https:\/\/beebipood.ee\/ru\/produkt\/muuvo-choc-2-poordfunktsiooniga-360-sootmistool-mint\/#primaryimage\",\"url\":\"https:\/\/beebipood.ee\/wp-content\/uploads\/2023\/07\/Muuvo-Choc-2-poordfunktsiooniga-360-sootmistool-Mint-UUED-TOOTED-Sootmistoolid-Beebi-ja-lastetarbed-Muuvo_6-9f6.jpg\",\"contentUrl\":\"https:\/\/beebipood.ee\/wp-content\/uploads\/2023\/07\/Muuvo-Choc-2-poordfunktsiooniga-360-sootmistool-Mint-UUED-TOOTED-Sootmistoolid-Beebi-ja-lastetarbed-Muuvo_6-9f6.jpg\",\"width\":1037,\"height\":1556},{\"@type\":\"BreadcrumbList\",\"@id\":\"https:\/\/beebipood.ee\/ru\/produkt\/muuvo-choc-2-poordfunktsiooniga-360-sootmistool-mint\/#breadcrumb\",\"itemListElement\":[{\"@type\":\"ListItem\",\"position\":1,\"name\":\"Home\",\"item\":\"https:\/\/beebipood.ee\/ru\/\"},{\"@type\":\"ListItem\",\"position\":2,\"name\":\"\u041a\u0430\u0442\u0430\u043b\u043e\u0433 \u0442\u043e\u0432\u0430\u0440\u043e\u0432\",\"item\":\"https:\/\/beebipood.ee\/tooted\/\"},{\"@type\":\"ListItem\",\"position\":3,\"name\":\"Muuvo Choc 2 (2026) p\u00f6\u00f6rdfunktsiooniga 360\u00b0 s\u00f6\u00f6tmistool, Mint\"}]},{\"@type\":\"WebSite\",\"@id\":\"https:\/\/beebipood.ee\/ru\/#website\",\"url\":\"https:\/\/beebipood.ee\/ru\/\",\"name\":\"Beebipood\",\"description\":\"Lastekaubad, beebikaubad, m\u00e4nguasjad\",\"publisher\":{\"@id\":\"https:\/\/beebipood.ee\/ru\/#organization\"},\"potentialAction\":[{\"@type\":\"SearchAction\",\"target\":{\"@type\":\"EntryPoint\",\"urlTemplate\":\"https:\/\/beebipood.ee\/ru\/?s={search_term_string}\"},\"query-input\":{\"@type\":\"PropertyValueSpecification\",\"valueRequired\":true,\"valueName\":\"search_term_string\"}}],\"inLanguage\":\"ru-RU\"},{\"@type\":\"Organization\",\"@id\":\"https:\/\/beebipood.ee\/ru\/#organization\",\"name\":\"Beebipood\",\"url\":\"https:\/\/beebipood.ee\/ru\/\",\"logo\":{\"@type\":\"ImageObject\",\"inLanguage\":\"ru-RU\",\"@id\":\"https:\/\/beebipood.ee\/ru\/#\/schema\/logo\/image\/\",\"url\":\"https:\/\/beebipood.ee\/wp-content\/uploads\/2025\/03\/beebipood.ee-logo-1.svg\",\"contentUrl\":\"https:\/\/beebipood.ee\/wp-content\/uploads\/2025\/03\/beebipood.ee-logo-1.svg\",\"caption\":\"Beebipood\"},\"image\":{\"@id\":\"https:\/\/beebipood.ee\/ru\/#\/schema\/logo\/image\/\"}}]}<\/script>\n<!-- \/ Yoast SEO plugin. -->","yoast_head_json":{"title":"Muuvo Choc 2 p\u00f6\u00f6rdfunktsiooniga 360\u00b0 s\u00f6\u00f6tmistool, Mint, \u0421\u041a\u0418\u0414\u041a\u0418, \u0421\u0442\u0443\u043b\u044c\u0447\u0438\u043a\u0438 \u0434\u043b\u044f \u043a\u043e\u0440\u043c\u043b\u0435\u043d\u0438\u044f, \u041f\u0440\u0438\u043d\u0430\u0434\u043b\u0435\u0436\u043d\u043e\u0441\u0442\u0438 \u0434\u043b\u044f \u043c\u043b\u0430\u0434\u0435\u043d\u0446\u0435\u0432, Beebipood","description":"Muuvo Choc 2 p\u00f6\u00f6rdfunktsiooniga 360\u00b0 s\u00f6\u00f6tmistool, Mint, Muuvo Choc - p\u00f6\u00f6rdfunktsiooniga 360\u00b0 multifunktsionaalne s\u00f6\u00f6tmistool &lt;br","robots":{"index":"index","follow":"follow","max-snippet":"max-snippet:-1","max-image-preview":"max-image-preview:large","max-video-preview":"max-video-preview:-1"},"canonical":"https:\/\/beebipood.ee\/ru\/produkt\/muuvo-choc-2-poordfunktsiooniga-360-sootmistool-mint\/","og_locale":"ru_RU","og_type":"article","og_title":"Muuvo Choc 2 p\u00f6\u00f6rdfunktsiooniga 360\u00b0 s\u00f6\u00f6tmistool, Mint, \u0421\u041a\u0418\u0414\u041a\u0418, \u0421\u0442\u0443\u043b\u044c\u0447\u0438\u043a\u0438 \u0434\u043b\u044f \u043a\u043e\u0440\u043c\u043b\u0435\u043d\u0438\u044f, \u041f\u0440\u0438\u043d\u0430\u0434\u043b\u0435\u0436\u043d\u043e\u0441\u0442\u0438 \u0434\u043b\u044f \u043c\u043b\u0430\u0434\u0435\u043d\u0446\u0435\u0432, Beebipood","og_description":"Muuvo Choc 2 p\u00f6\u00f6rdfunktsiooniga 360\u00b0 s\u00f6\u00f6tmistool, Mint, Muuvo Choc - p\u00f6\u00f6rdfunktsiooniga 360\u00b0 multifunktsionaalne s\u00f6\u00f6tmistool &lt;br","og_url":"https:\/\/beebipood.ee\/ru\/produkt\/muuvo-choc-2-poordfunktsiooniga-360-sootmistool-mint\/","og_site_name":"Beebipood","article_modified_time":"2026-01-26T11:19:29+00:00","og_image":[{"width":1037,"height":1556,"url":"https:\/\/beebipood.ee\/wp-content\/uploads\/2023\/07\/Muuvo-Choc-2-poordfunktsiooniga-360-sootmistool-Mint-UUED-TOOTED-Sootmistoolid-Beebi-ja-lastetarbed-Muuvo_6-9f6.jpg","type":"image\/jpeg"}],"twitter_card":"summary_large_image","twitter_misc":{"\u041f\u0440\u0438\u043c\u0435\u0440\u043d\u043e\u0435 \u0432\u0440\u0435\u043c\u044f \u0434\u043b\u044f \u0447\u0442\u0435\u043d\u0438\u044f":"2 \u043c\u0438\u043d\u0443\u0442\u044b"},"schema":{"@context":"https:\/\/schema.org","@graph":[{"@type":"WebPage","@id":"https:\/\/beebipood.ee\/ru\/produkt\/muuvo-choc-2-poordfunktsiooniga-360-sootmistool-mint\/","url":"https:\/\/beebipood.ee\/ru\/produkt\/muuvo-choc-2-poordfunktsiooniga-360-sootmistool-mint\/","name":"Muuvo Choc 2 p\u00f6\u00f6rdfunktsiooniga 360\u00b0 s\u00f6\u00f6tmistool, Mint, \u0421\u041a\u0418\u0414\u041a\u0418, \u0421\u0442\u0443\u043b\u044c\u0447\u0438\u043a\u0438 \u0434\u043b\u044f \u043a\u043e\u0440\u043c\u043b\u0435\u043d\u0438\u044f, \u041f\u0440\u0438\u043d\u0430\u0434\u043b\u0435\u0436\u043d\u043e\u0441\u0442\u0438 \u0434\u043b\u044f \u043c\u043b\u0430\u0434\u0435\u043d\u0446\u0435\u0432, Beebipood","isPartOf":{"@id":"https:\/\/beebipood.ee\/ru\/#website"},"primaryImageOfPage":{"@id":"https:\/\/beebipood.ee\/ru\/produkt\/muuvo-choc-2-poordfunktsiooniga-360-sootmistool-mint\/#primaryimage"},"image":{"@id":"https:\/\/beebipood.ee\/ru\/produkt\/muuvo-choc-2-poordfunktsiooniga-360-sootmistool-mint\/#primaryimage"},"thumbnailUrl":"https:\/\/beebipood.ee\/wp-content\/uploads\/2023\/07\/Muuvo-Choc-2-poordfunktsiooniga-360-sootmistool-Mint-UUED-TOOTED-Sootmistoolid-Beebi-ja-lastetarbed-Muuvo_6-9f6.jpg","datePublished":"2023-07-18T10:41:40+00:00","dateModified":"2026-01-26T11:19:29+00:00","description":"Muuvo Choc 2 p\u00f6\u00f6rdfunktsiooniga 360\u00b0 s\u00f6\u00f6tmistool, Mint, Muuvo Choc - p\u00f6\u00f6rdfunktsiooniga 360\u00b0 multifunktsionaalne s\u00f6\u00f6tmistool &lt;br","breadcrumb":{"@id":"https:\/\/beebipood.ee\/ru\/produkt\/muuvo-choc-2-poordfunktsiooniga-360-sootmistool-mint\/#breadcrumb"},"inLanguage":"ru-RU","potentialAction":[{"@type":"ReadAction","target":["https:\/\/beebipood.ee\/ru\/produkt\/muuvo-choc-2-poordfunktsiooniga-360-sootmistool-mint\/"]}]},{"@type":"ImageObject","inLanguage":"ru-RU","@id":"https:\/\/beebipood.ee\/ru\/produkt\/muuvo-choc-2-poordfunktsiooniga-360-sootmistool-mint\/#primaryimage","url":"https:\/\/beebipood.ee\/wp-content\/uploads\/2023\/07\/Muuvo-Choc-2-poordfunktsiooniga-360-sootmistool-Mint-UUED-TOOTED-Sootmistoolid-Beebi-ja-lastetarbed-Muuvo_6-9f6.jpg","contentUrl":"https:\/\/beebipood.ee\/wp-content\/uploads\/2023\/07\/Muuvo-Choc-2-poordfunktsiooniga-360-sootmistool-Mint-UUED-TOOTED-Sootmistoolid-Beebi-ja-lastetarbed-Muuvo_6-9f6.jpg","width":1037,"height":1556},{"@type":"BreadcrumbList","@id":"https:\/\/beebipood.ee\/ru\/produkt\/muuvo-choc-2-poordfunktsiooniga-360-sootmistool-mint\/#breadcrumb","itemListElement":[{"@type":"ListItem","position":1,"name":"Home","item":"https:\/\/beebipood.ee\/ru\/"},{"@type":"ListItem","position":2,"name":"\u041a\u0430\u0442\u0430\u043b\u043e\u0433 \u0442\u043e\u0432\u0430\u0440\u043e\u0432","item":"https:\/\/beebipood.ee\/tooted\/"},{"@type":"ListItem","position":3,"name":"Muuvo Choc 2 (2026) p\u00f6\u00f6rdfunktsiooniga 360\u00b0 s\u00f6\u00f6tmistool, Mint"}]},{"@type":"WebSite","@id":"https:\/\/beebipood.ee\/ru\/#website","url":"https:\/\/beebipood.ee\/ru\/","name":"Beebipood","description":"Lastekaubad, beebikaubad, m\u00e4nguasjad","publisher":{"@id":"https:\/\/beebipood.ee\/ru\/#organization"},"potentialAction":[{"@type":"SearchAction","target":{"@type":"EntryPoint","urlTemplate":"https:\/\/beebipood.ee\/ru\/?s={search_term_string}"},"query-input":{"@type":"PropertyValueSpecification","valueRequired":true,"valueName":"search_term_string"}}],"inLanguage":"ru-RU"},{"@type":"Organization","@id":"https:\/\/beebipood.ee\/ru\/#organization","name":"Beebipood","url":"https:\/\/beebipood.ee\/ru\/","logo":{"@type":"ImageObject","inLanguage":"ru-RU","@id":"https:\/\/beebipood.ee\/ru\/#\/schema\/logo\/image\/","url":"https:\/\/beebipood.ee\/wp-content\/uploads\/2025\/03\/beebipood.ee-logo-1.svg","contentUrl":"https:\/\/beebipood.ee\/wp-content\/uploads\/2025\/03\/beebipood.ee-logo-1.svg","caption":"Beebipood"},"image":{"@id":"https:\/\/beebipood.ee\/ru\/#\/schema\/logo\/image\/"}}]}},"brands":[{"id":11964,"name":"Muuvo","slug":"muuvo-ru"}],"_links":{"self":[{"href":"https:\/\/beebipood.ee\/ru\/wp-json\/wp\/v2\/product\/459887","targetHints":{"allow":["GET"]}}],"collection":[{"href":"https:\/\/beebipood.ee\/ru\/wp-json\/wp\/v2\/product"}],"about":[{"href":"https:\/\/beebipood.ee\/ru\/wp-json\/wp\/v2\/types\/product"}],"wp:featuredmedia":[{"embeddable":true,"href":"https:\/\/beebipood.ee\/ru\/wp-json\/wp\/v2\/media\/138329"}],"wp:attachment":[{"href":"https:\/\/beebipood.ee\/ru\/wp-json\/wp\/v2\/media?parent=459887"}],"wp:term":[{"taxonomy":"pwb-brand","embeddable":true,"href":"https:\/\/beebipood.ee\/ru\/wp-json\/wp\/v2\/pwb-brand?post=459887"},{"taxonomy":"product_brand","embeddable":true,"href":"https:\/\/beebipood.ee\/ru\/wp-json\/wp\/v2\/product_brand?post=459887"},{"taxonomy":"product_cat","embeddable":true,"href":"https:\/\/beebipood.ee\/ru\/wp-json\/wp\/v2\/product_cat?post=459887"},{"taxonomy":"product_tag","embeddable":true,"href":"https:\/\/beebipood.ee\/ru\/wp-json\/wp\/v2\/product_tag?post=459887"}],"curies":[{"name":"wp","href":"https:\/\/api.w.org\/{rel}","templated":true}]}}