{"id":459889,"date":"2023-07-18T13:58:18","date_gmt":"2023-07-18T10:58:18","guid":{"rendered":"https:\/\/beebipood.ee\/toode\/muuvo-choc-2-poordfunktsiooniga-360-sootmistool-powder-pink\/"},"modified":"2025-10-13T11:40:00","modified_gmt":"2025-10-13T08:40:00","slug":"muuvo-choc-2-poordfunktsiooniga-360-sootmistool-powder-pink","status":"publish","type":"product","link":"https:\/\/beebipood.ee\/ru\/produkt\/muuvo-choc-2-poordfunktsiooniga-360-sootmistool-powder-pink\/","title":{"rendered":"Muuvo Choc 2 (2026) p\u00f6\u00f6rdfunktsiooniga 360\u00b0 s\u00f6\u00f6tmistool, Powder Pink"},"content":{"rendered":"<p>Muuvo Choc 2 on p\u00f6\u00f6rdfunktsiooniga 360\u00b0 multifunktsionaalne s\u00f6\u00f6tmistool<br \/>\nKui laps hakkab iseseisvalt istuma, saab s\u00f6\u00f6tmistoolist tema uus juhtimiskeskus<br \/>\nSeal naudib ta uusi maitseid ja v\u00f5tab osa esimestest laua taga toimuvatest aruteludest.<br \/>\nMuuvo Choc 2 on ainulaadne s\u00f6\u00f6tmistool &#8212; selle iste on 360\u00b0p\u00f6\u00f6ratav,<br \/>\nt\u00e4nu millele saab vanem beebi h\u00f5lpsasti soovitud suunas keerata.<br \/>\nChoc 2 on mitmeotstarbeline tool, mis toimib madala toolina v\u00f5i s\u00f6\u00f6tmistoolina ja taburetina.<br \/>\nTool on t\u00e4iuslik peegeldus praegustest trendidest kus domineerivad vihjed Skandinaavia stiilile.<br \/>\nChoc 2 sobib igasse interj\u00f6\u00f6ri, mis koos kasutusmugavusega r\u00f5\u00f5mustab k\u00f5iki vanemaid.<br \/>\nTooli jalad on valmistatud p\u00f6\u00f6gipuust.<br \/>\nKoos metallkonstruktsioonielementidega annavad need toolile moodsa stiili.<\/p>\n<p>5-punkti turvarihmad <strong>magnetlukuga<\/strong>, mis muudab nende kinnitamise lihtsaks ja mugavaks<br \/>\nT\u00e4ielikult eemaldatav kandik<br \/>\nTopeltkandik &#8212; eemaldatav \u00fclaosa &#8212; lihtne puhastada ja hooldada<br \/>\nP\u00f6\u00f6ratav iste<br \/>\nReguleeritav ja eemaldatav jalgade tugi (3 k\u00f5rgust)<br \/>\nEemaldatav beebisisu<br \/>\nLihtne ja mugav kokku panna<br \/>\nSaab muuta vanemate laste jaoks madalaks tooliks<br \/>\nSaab muuta taburetiks<br \/>\nLastele alates 6. elukuust<br \/>\nMaksimaalne kandev\u00f5ime 110 kg<\/p>\n","protected":false},"excerpt":{"rendered":"<p>Muuvo Choc 2 on p\u00f6\u00f6rdfunktsiooniga 360\u00b0 multifunktsionaalne s\u00f6\u00f6tmistool Kui laps hakkab iseseisvalt istuma, saab s\u00f6\u00f6tmistoolist tema uus juhtimiskeskus Seal naudib ta uusi maitseid ja v\u00f5tab osa esimestest laua taga toimuvatest aruteludest. Muuvo Choc 2 on ainulaadne s\u00f6\u00f6tmistool &#8212; selle iste on 360\u00b0p\u00f6\u00f6ratav, t\u00e4nu millele saab vanem beebi h\u00f5lpsasti soovitud suunas keerata. Choc 2 on mitmeotstarbeline [&hellip;]<\/p>\n","protected":false},"featured_media":138359,"template":"","meta":{"_acf_changed":false},"pwb-brand":[11964],"product_brand":[],"product_cat":[11573,11645,11709],"product_tag":[],"class_list":{"0":"post-459889","1":"product","2":"type-product","3":"status-publish","4":"has-post-thumbnail","6":"pwb-brand-muuvo-ru","7":"product_cat-sooduspakkumised-ru","8":"product_cat-sootmistoolid-ru","9":"product_cat-sootmistoolid-beebi-ja-lastetarbed-mahkimine-hugieen-ru","10":"pa_manufacturer-muuvo-ru","12":"first","13":"instock","14":"sale","15":"taxable","16":"shipping-taxable","17":"purchasable","18":"product-type-simple"},"exclude_global_add_ons":[],"addons":[],"acf":[],"yoast_head":"<!-- This site is optimized with the Yoast SEO plugin v27.1.1 - https:\/\/yoast.com\/product\/yoast-seo-wordpress\/ -->\n<title>Muuvo Choc 2 p\u00f6\u00f6rdfunktsiooniga 360\u00b0 s\u00f6\u00f6tmistool, Powder Pink, \u0421\u041a\u0418\u0414\u041a\u0418, \u0421\u0442\u0443\u043b\u044c\u0447\u0438\u043a\u0438 \u0434\u043b\u044f \u043a\u043e\u0440\u043c\u043b\u0435\u043d\u0438\u044f, \u041f\u0440\u0438\u043d\u0430\u0434\u043b\u0435\u0436\u043d\u043e\u0441\u0442\u0438 \u0434\u043b\u044f \u043c\u043b\u0430\u0434\u0435\u043d\u0446\u0435\u0432, Beebipood<\/title>\n<meta name=\"description\" content=\"Muuvo Choc 2 p\u00f6\u00f6rdfunktsiooniga 360\u00b0 s\u00f6\u00f6tmistool, Powder Pink, Muuvo Choc - p\u00f6\u00f6rdfunktsiooniga 360\u00b0 multifunktsionaalne s\u00f6\u00f6tmist\" \/>\n<meta name=\"robots\" content=\"index, follow, max-snippet:-1, max-image-preview:large, max-video-preview:-1\" \/>\n<link rel=\"canonical\" href=\"https:\/\/beebipood.ee\/ru\/produkt\/muuvo-choc-2-poordfunktsiooniga-360-sootmistool-powder-pink\/\" \/>\n<meta property=\"og:locale\" content=\"ru_RU\" \/>\n<meta property=\"og:type\" content=\"article\" \/>\n<meta property=\"og:title\" content=\"Muuvo Choc 2 p\u00f6\u00f6rdfunktsiooniga 360\u00b0 s\u00f6\u00f6tmistool, Powder Pink, \u0421\u041a\u0418\u0414\u041a\u0418, \u0421\u0442\u0443\u043b\u044c\u0447\u0438\u043a\u0438 \u0434\u043b\u044f \u043a\u043e\u0440\u043c\u043b\u0435\u043d\u0438\u044f, \u041f\u0440\u0438\u043d\u0430\u0434\u043b\u0435\u0436\u043d\u043e\u0441\u0442\u0438 \u0434\u043b\u044f \u043c\u043b\u0430\u0434\u0435\u043d\u0446\u0435\u0432, Beebipood\" \/>\n<meta property=\"og:description\" content=\"Muuvo Choc 2 p\u00f6\u00f6rdfunktsiooniga 360\u00b0 s\u00f6\u00f6tmistool, Powder Pink, Muuvo Choc - p\u00f6\u00f6rdfunktsiooniga 360\u00b0 multifunktsionaalne s\u00f6\u00f6tmist\" \/>\n<meta property=\"og:url\" content=\"https:\/\/beebipood.ee\/ru\/produkt\/muuvo-choc-2-poordfunktsiooniga-360-sootmistool-powder-pink\/\" \/>\n<meta property=\"og:site_name\" content=\"Beebipood\" \/>\n<meta property=\"article:modified_time\" content=\"2025-10-13T08:40:00+00:00\" \/>\n<meta property=\"og:image\" content=\"https:\/\/beebipood.ee\/wp-content\/uploads\/2023\/07\/Muuvo-Choc-2-poordfunktsiooniga-360-sootmistool-Powder-Pink-UUED-TOOTED-Sootmistoolid-Beebi-ja-lastetarbed-Muuvo_6-905.jpg\" \/>\n\t<meta property=\"og:image:width\" content=\"1037\" \/>\n\t<meta property=\"og:image:height\" content=\"1556\" \/>\n\t<meta property=\"og:image:type\" content=\"image\/jpeg\" \/>\n<meta name=\"twitter:card\" content=\"summary_large_image\" \/>\n<meta name=\"twitter:label1\" content=\"\u041f\u0440\u0438\u043c\u0435\u0440\u043d\u043e\u0435 \u0432\u0440\u0435\u043c\u044f \u0434\u043b\u044f \u0447\u0442\u0435\u043d\u0438\u044f\" \/>\n\t<meta name=\"twitter:data1\" content=\"2 \u043c\u0438\u043d\u0443\u0442\u044b\" \/>\n<script type=\"application\/ld+json\" class=\"yoast-schema-graph\">{\"@context\":\"https:\/\/schema.org\",\"@graph\":[{\"@type\":\"WebPage\",\"@id\":\"https:\/\/beebipood.ee\/ru\/produkt\/muuvo-choc-2-poordfunktsiooniga-360-sootmistool-powder-pink\/\",\"url\":\"https:\/\/beebipood.ee\/ru\/produkt\/muuvo-choc-2-poordfunktsiooniga-360-sootmistool-powder-pink\/\",\"name\":\"Muuvo Choc 2 p\u00f6\u00f6rdfunktsiooniga 360\u00b0 s\u00f6\u00f6tmistool, Powder Pink, \u0421\u041a\u0418\u0414\u041a\u0418, \u0421\u0442\u0443\u043b\u044c\u0447\u0438\u043a\u0438 \u0434\u043b\u044f \u043a\u043e\u0440\u043c\u043b\u0435\u043d\u0438\u044f, \u041f\u0440\u0438\u043d\u0430\u0434\u043b\u0435\u0436\u043d\u043e\u0441\u0442\u0438 \u0434\u043b\u044f \u043c\u043b\u0430\u0434\u0435\u043d\u0446\u0435\u0432, Beebipood\",\"isPartOf\":{\"@id\":\"https:\/\/beebipood.ee\/ru\/#website\"},\"primaryImageOfPage\":{\"@id\":\"https:\/\/beebipood.ee\/ru\/produkt\/muuvo-choc-2-poordfunktsiooniga-360-sootmistool-powder-pink\/#primaryimage\"},\"image\":{\"@id\":\"https:\/\/beebipood.ee\/ru\/produkt\/muuvo-choc-2-poordfunktsiooniga-360-sootmistool-powder-pink\/#primaryimage\"},\"thumbnailUrl\":\"https:\/\/beebipood.ee\/wp-content\/uploads\/2023\/07\/Muuvo-Choc-2-poordfunktsiooniga-360-sootmistool-Powder-Pink-UUED-TOOTED-Sootmistoolid-Beebi-ja-lastetarbed-Muuvo_6-905.jpg\",\"datePublished\":\"2023-07-18T10:58:18+00:00\",\"dateModified\":\"2025-10-13T08:40:00+00:00\",\"description\":\"Muuvo Choc 2 p\u00f6\u00f6rdfunktsiooniga 360\u00b0 s\u00f6\u00f6tmistool, Powder Pink, Muuvo Choc - p\u00f6\u00f6rdfunktsiooniga 360\u00b0 multifunktsionaalne s\u00f6\u00f6tmist\",\"breadcrumb\":{\"@id\":\"https:\/\/beebipood.ee\/ru\/produkt\/muuvo-choc-2-poordfunktsiooniga-360-sootmistool-powder-pink\/#breadcrumb\"},\"inLanguage\":\"ru-RU\",\"potentialAction\":[{\"@type\":\"ReadAction\",\"target\":[\"https:\/\/beebipood.ee\/ru\/produkt\/muuvo-choc-2-poordfunktsiooniga-360-sootmistool-powder-pink\/\"]}]},{\"@type\":\"ImageObject\",\"inLanguage\":\"ru-RU\",\"@id\":\"https:\/\/beebipood.ee\/ru\/produkt\/muuvo-choc-2-poordfunktsiooniga-360-sootmistool-powder-pink\/#primaryimage\",\"url\":\"https:\/\/beebipood.ee\/wp-content\/uploads\/2023\/07\/Muuvo-Choc-2-poordfunktsiooniga-360-sootmistool-Powder-Pink-UUED-TOOTED-Sootmistoolid-Beebi-ja-lastetarbed-Muuvo_6-905.jpg\",\"contentUrl\":\"https:\/\/beebipood.ee\/wp-content\/uploads\/2023\/07\/Muuvo-Choc-2-poordfunktsiooniga-360-sootmistool-Powder-Pink-UUED-TOOTED-Sootmistoolid-Beebi-ja-lastetarbed-Muuvo_6-905.jpg\",\"width\":1037,\"height\":1556},{\"@type\":\"BreadcrumbList\",\"@id\":\"https:\/\/beebipood.ee\/ru\/produkt\/muuvo-choc-2-poordfunktsiooniga-360-sootmistool-powder-pink\/#breadcrumb\",\"itemListElement\":[{\"@type\":\"ListItem\",\"position\":1,\"name\":\"Home\",\"item\":\"https:\/\/beebipood.ee\/ru\/\"},{\"@type\":\"ListItem\",\"position\":2,\"name\":\"\u041a\u0430\u0442\u0430\u043b\u043e\u0433 \u0442\u043e\u0432\u0430\u0440\u043e\u0432\",\"item\":\"https:\/\/beebipood.ee\/tooted\/\"},{\"@type\":\"ListItem\",\"position\":3,\"name\":\"Muuvo Choc 2 (2026) p\u00f6\u00f6rdfunktsiooniga 360\u00b0 s\u00f6\u00f6tmistool, Powder Pink\"}]},{\"@type\":\"WebSite\",\"@id\":\"https:\/\/beebipood.ee\/ru\/#website\",\"url\":\"https:\/\/beebipood.ee\/ru\/\",\"name\":\"Beebipood\",\"description\":\"Lastekaubad, beebikaubad, m\u00e4nguasjad\",\"publisher\":{\"@id\":\"https:\/\/beebipood.ee\/ru\/#organization\"},\"potentialAction\":[{\"@type\":\"SearchAction\",\"target\":{\"@type\":\"EntryPoint\",\"urlTemplate\":\"https:\/\/beebipood.ee\/ru\/?s={search_term_string}\"},\"query-input\":{\"@type\":\"PropertyValueSpecification\",\"valueRequired\":true,\"valueName\":\"search_term_string\"}}],\"inLanguage\":\"ru-RU\"},{\"@type\":\"Organization\",\"@id\":\"https:\/\/beebipood.ee\/ru\/#organization\",\"name\":\"Beebipood\",\"url\":\"https:\/\/beebipood.ee\/ru\/\",\"logo\":{\"@type\":\"ImageObject\",\"inLanguage\":\"ru-RU\",\"@id\":\"https:\/\/beebipood.ee\/ru\/#\/schema\/logo\/image\/\",\"url\":\"https:\/\/beebipood.ee\/wp-content\/uploads\/2025\/03\/beebipood.ee-logo-1.svg\",\"contentUrl\":\"https:\/\/beebipood.ee\/wp-content\/uploads\/2025\/03\/beebipood.ee-logo-1.svg\",\"caption\":\"Beebipood\"},\"image\":{\"@id\":\"https:\/\/beebipood.ee\/ru\/#\/schema\/logo\/image\/\"}}]}<\/script>\n<!-- \/ Yoast SEO plugin. -->","yoast_head_json":{"title":"Muuvo Choc 2 p\u00f6\u00f6rdfunktsiooniga 360\u00b0 s\u00f6\u00f6tmistool, Powder Pink, \u0421\u041a\u0418\u0414\u041a\u0418, \u0421\u0442\u0443\u043b\u044c\u0447\u0438\u043a\u0438 \u0434\u043b\u044f \u043a\u043e\u0440\u043c\u043b\u0435\u043d\u0438\u044f, \u041f\u0440\u0438\u043d\u0430\u0434\u043b\u0435\u0436\u043d\u043e\u0441\u0442\u0438 \u0434\u043b\u044f \u043c\u043b\u0430\u0434\u0435\u043d\u0446\u0435\u0432, Beebipood","description":"Muuvo Choc 2 p\u00f6\u00f6rdfunktsiooniga 360\u00b0 s\u00f6\u00f6tmistool, Powder Pink, Muuvo Choc - p\u00f6\u00f6rdfunktsiooniga 360\u00b0 multifunktsionaalne s\u00f6\u00f6tmist","robots":{"index":"index","follow":"follow","max-snippet":"max-snippet:-1","max-image-preview":"max-image-preview:large","max-video-preview":"max-video-preview:-1"},"canonical":"https:\/\/beebipood.ee\/ru\/produkt\/muuvo-choc-2-poordfunktsiooniga-360-sootmistool-powder-pink\/","og_locale":"ru_RU","og_type":"article","og_title":"Muuvo Choc 2 p\u00f6\u00f6rdfunktsiooniga 360\u00b0 s\u00f6\u00f6tmistool, Powder Pink, \u0421\u041a\u0418\u0414\u041a\u0418, \u0421\u0442\u0443\u043b\u044c\u0447\u0438\u043a\u0438 \u0434\u043b\u044f \u043a\u043e\u0440\u043c\u043b\u0435\u043d\u0438\u044f, \u041f\u0440\u0438\u043d\u0430\u0434\u043b\u0435\u0436\u043d\u043e\u0441\u0442\u0438 \u0434\u043b\u044f \u043c\u043b\u0430\u0434\u0435\u043d\u0446\u0435\u0432, Beebipood","og_description":"Muuvo Choc 2 p\u00f6\u00f6rdfunktsiooniga 360\u00b0 s\u00f6\u00f6tmistool, Powder Pink, Muuvo Choc - p\u00f6\u00f6rdfunktsiooniga 360\u00b0 multifunktsionaalne s\u00f6\u00f6tmist","og_url":"https:\/\/beebipood.ee\/ru\/produkt\/muuvo-choc-2-poordfunktsiooniga-360-sootmistool-powder-pink\/","og_site_name":"Beebipood","article_modified_time":"2025-10-13T08:40:00+00:00","og_image":[{"width":1037,"height":1556,"url":"https:\/\/beebipood.ee\/wp-content\/uploads\/2023\/07\/Muuvo-Choc-2-poordfunktsiooniga-360-sootmistool-Powder-Pink-UUED-TOOTED-Sootmistoolid-Beebi-ja-lastetarbed-Muuvo_6-905.jpg","type":"image\/jpeg"}],"twitter_card":"summary_large_image","twitter_misc":{"\u041f\u0440\u0438\u043c\u0435\u0440\u043d\u043e\u0435 \u0432\u0440\u0435\u043c\u044f \u0434\u043b\u044f \u0447\u0442\u0435\u043d\u0438\u044f":"2 \u043c\u0438\u043d\u0443\u0442\u044b"},"schema":{"@context":"https:\/\/schema.org","@graph":[{"@type":"WebPage","@id":"https:\/\/beebipood.ee\/ru\/produkt\/muuvo-choc-2-poordfunktsiooniga-360-sootmistool-powder-pink\/","url":"https:\/\/beebipood.ee\/ru\/produkt\/muuvo-choc-2-poordfunktsiooniga-360-sootmistool-powder-pink\/","name":"Muuvo Choc 2 p\u00f6\u00f6rdfunktsiooniga 360\u00b0 s\u00f6\u00f6tmistool, Powder Pink, \u0421\u041a\u0418\u0414\u041a\u0418, \u0421\u0442\u0443\u043b\u044c\u0447\u0438\u043a\u0438 \u0434\u043b\u044f \u043a\u043e\u0440\u043c\u043b\u0435\u043d\u0438\u044f, \u041f\u0440\u0438\u043d\u0430\u0434\u043b\u0435\u0436\u043d\u043e\u0441\u0442\u0438 \u0434\u043b\u044f \u043c\u043b\u0430\u0434\u0435\u043d\u0446\u0435\u0432, Beebipood","isPartOf":{"@id":"https:\/\/beebipood.ee\/ru\/#website"},"primaryImageOfPage":{"@id":"https:\/\/beebipood.ee\/ru\/produkt\/muuvo-choc-2-poordfunktsiooniga-360-sootmistool-powder-pink\/#primaryimage"},"image":{"@id":"https:\/\/beebipood.ee\/ru\/produkt\/muuvo-choc-2-poordfunktsiooniga-360-sootmistool-powder-pink\/#primaryimage"},"thumbnailUrl":"https:\/\/beebipood.ee\/wp-content\/uploads\/2023\/07\/Muuvo-Choc-2-poordfunktsiooniga-360-sootmistool-Powder-Pink-UUED-TOOTED-Sootmistoolid-Beebi-ja-lastetarbed-Muuvo_6-905.jpg","datePublished":"2023-07-18T10:58:18+00:00","dateModified":"2025-10-13T08:40:00+00:00","description":"Muuvo Choc 2 p\u00f6\u00f6rdfunktsiooniga 360\u00b0 s\u00f6\u00f6tmistool, Powder Pink, Muuvo Choc - p\u00f6\u00f6rdfunktsiooniga 360\u00b0 multifunktsionaalne s\u00f6\u00f6tmist","breadcrumb":{"@id":"https:\/\/beebipood.ee\/ru\/produkt\/muuvo-choc-2-poordfunktsiooniga-360-sootmistool-powder-pink\/#breadcrumb"},"inLanguage":"ru-RU","potentialAction":[{"@type":"ReadAction","target":["https:\/\/beebipood.ee\/ru\/produkt\/muuvo-choc-2-poordfunktsiooniga-360-sootmistool-powder-pink\/"]}]},{"@type":"ImageObject","inLanguage":"ru-RU","@id":"https:\/\/beebipood.ee\/ru\/produkt\/muuvo-choc-2-poordfunktsiooniga-360-sootmistool-powder-pink\/#primaryimage","url":"https:\/\/beebipood.ee\/wp-content\/uploads\/2023\/07\/Muuvo-Choc-2-poordfunktsiooniga-360-sootmistool-Powder-Pink-UUED-TOOTED-Sootmistoolid-Beebi-ja-lastetarbed-Muuvo_6-905.jpg","contentUrl":"https:\/\/beebipood.ee\/wp-content\/uploads\/2023\/07\/Muuvo-Choc-2-poordfunktsiooniga-360-sootmistool-Powder-Pink-UUED-TOOTED-Sootmistoolid-Beebi-ja-lastetarbed-Muuvo_6-905.jpg","width":1037,"height":1556},{"@type":"BreadcrumbList","@id":"https:\/\/beebipood.ee\/ru\/produkt\/muuvo-choc-2-poordfunktsiooniga-360-sootmistool-powder-pink\/#breadcrumb","itemListElement":[{"@type":"ListItem","position":1,"name":"Home","item":"https:\/\/beebipood.ee\/ru\/"},{"@type":"ListItem","position":2,"name":"\u041a\u0430\u0442\u0430\u043b\u043e\u0433 \u0442\u043e\u0432\u0430\u0440\u043e\u0432","item":"https:\/\/beebipood.ee\/tooted\/"},{"@type":"ListItem","position":3,"name":"Muuvo Choc 2 (2026) p\u00f6\u00f6rdfunktsiooniga 360\u00b0 s\u00f6\u00f6tmistool, Powder Pink"}]},{"@type":"WebSite","@id":"https:\/\/beebipood.ee\/ru\/#website","url":"https:\/\/beebipood.ee\/ru\/","name":"Beebipood","description":"Lastekaubad, beebikaubad, m\u00e4nguasjad","publisher":{"@id":"https:\/\/beebipood.ee\/ru\/#organization"},"potentialAction":[{"@type":"SearchAction","target":{"@type":"EntryPoint","urlTemplate":"https:\/\/beebipood.ee\/ru\/?s={search_term_string}"},"query-input":{"@type":"PropertyValueSpecification","valueRequired":true,"valueName":"search_term_string"}}],"inLanguage":"ru-RU"},{"@type":"Organization","@id":"https:\/\/beebipood.ee\/ru\/#organization","name":"Beebipood","url":"https:\/\/beebipood.ee\/ru\/","logo":{"@type":"ImageObject","inLanguage":"ru-RU","@id":"https:\/\/beebipood.ee\/ru\/#\/schema\/logo\/image\/","url":"https:\/\/beebipood.ee\/wp-content\/uploads\/2025\/03\/beebipood.ee-logo-1.svg","contentUrl":"https:\/\/beebipood.ee\/wp-content\/uploads\/2025\/03\/beebipood.ee-logo-1.svg","caption":"Beebipood"},"image":{"@id":"https:\/\/beebipood.ee\/ru\/#\/schema\/logo\/image\/"}}]}},"brands":[{"id":11964,"name":"Muuvo","slug":"muuvo-ru"}],"_links":{"self":[{"href":"https:\/\/beebipood.ee\/ru\/wp-json\/wp\/v2\/product\/459889","targetHints":{"allow":["GET"]}}],"collection":[{"href":"https:\/\/beebipood.ee\/ru\/wp-json\/wp\/v2\/product"}],"about":[{"href":"https:\/\/beebipood.ee\/ru\/wp-json\/wp\/v2\/types\/product"}],"wp:featuredmedia":[{"embeddable":true,"href":"https:\/\/beebipood.ee\/ru\/wp-json\/wp\/v2\/media\/138359"}],"wp:attachment":[{"href":"https:\/\/beebipood.ee\/ru\/wp-json\/wp\/v2\/media?parent=459889"}],"wp:term":[{"taxonomy":"pwb-brand","embeddable":true,"href":"https:\/\/beebipood.ee\/ru\/wp-json\/wp\/v2\/pwb-brand?post=459889"},{"taxonomy":"product_brand","embeddable":true,"href":"https:\/\/beebipood.ee\/ru\/wp-json\/wp\/v2\/product_brand?post=459889"},{"taxonomy":"product_cat","embeddable":true,"href":"https:\/\/beebipood.ee\/ru\/wp-json\/wp\/v2\/product_cat?post=459889"},{"taxonomy":"product_tag","embeddable":true,"href":"https:\/\/beebipood.ee\/ru\/wp-json\/wp\/v2\/product_tag?post=459889"}],"curies":[{"name":"wp","href":"https:\/\/api.w.org\/{rel}","templated":true}]}}