{"id":459905,"date":"2023-11-02T11:52:54","date_gmt":"2023-11-02T09:52:54","guid":{"rendered":"https:\/\/beebipood.ee\/toode\/baby-brezza-superfast-sterilizer-dryer-kuivati-ja-steriliseerija\/"},"modified":"2025-03-04T11:20:36","modified_gmt":"2025-03-04T09:20:36","slug":"baby-brezza-superfast-sterilizer-dryer-kuivati-ja-steriliseerija","status":"publish","type":"product","link":"https:\/\/beebipood.ee\/ru\/produkt\/baby-brezza-superfast-sterilizer-dryer-kuivati-ja-steriliseerija\/","title":{"rendered":"Baby Brezza Sterilizer Dryer Advanced steriliseerija ja kuivati"},"content":{"rendered":"<p>Baby Bottle Sterilizer + Dryer <br \/>on k\u00f5igi aegade kiireim steriliseerimiskuivati, <br \/>ainult 10 minutit algusest l\u00f5puni. <br \/>Eelplaneerimine pole vajalik.<br \/>Steriliseerib ja kuivab automaatselt 75% kiiremini <br \/>kui \u00fckski teine steriliseeriv kuivati.<br \/>Looduslik aur tapab 99,9% mikroobidest, seej\u00e4rel kuivab automaatselt kuuma \u00f5huga<br \/>Tooted j\u00e4\u00e4vad sisse j\u00e4ttes steriilsed 24 tunniks<br \/>Suur universaalne mahutavus \u2013 mahutab 6 pudelit, <br \/>2 pumbaosade komplekti, lutte, hambahari, joogitopse ja muid tarvikuid mistahes kaubam\u00e4rgilt<br \/>Lihtne kasutada, \u00fche nupuvajutusega juhtimine<br \/>4 \u00fches funktsionaalsus <br \/>(sterilisaator ja kuivati, ainult sterilisaator, ainult kuivati, hoius\u00fcsteem)<br \/>M\u00f5\u00f5tetops lihtsaks t\u00e4itmiseks<br \/>Roostevabast terasest kuumutusplaat <br \/>M\u00c4RKUS: vajab eelloputamist, et v\u00e4ltida piimaj\u00e4\u00e4kide sattumist kuumutusplaadile<br \/>BPA vaba. <br \/>Garantii: 2 aastat<\/p>\n","protected":false},"excerpt":{"rendered":"<p>Baby Bottle Sterilizer + Dryer on k\u00f5igi aegade kiireim steriliseerimiskuivati, ainult 10 minutit algusest l\u00f5puni. Eelplaneerimine pole vajalik.Steriliseerib ja kuivab automaatselt 75% kiiremini kui \u00fckski teine steriliseeriv kuivati.Looduslik aur tapab 99,9% mikroobidest, seej\u00e4rel kuivab automaatselt kuuma \u00f5hugaTooted j\u00e4\u00e4vad sisse j\u00e4ttes steriilsed 24 tunniksSuur universaalne mahutavus \u2013 mahutab 6 pudelit, 2 pumbaosade komplekti, lutte, hambahari, joogitopse [&hellip;]<\/p>\n","protected":false},"featured_media":459895,"template":"","meta":{"_acf_changed":false},"pwb-brand":[11967],"product_brand":[],"product_cat":[11715,11709],"product_tag":[],"class_list":{"0":"post-459905","1":"product","2":"type-product","3":"status-publish","4":"has-post-thumbnail","6":"pwb-brand-baby-brezza-ru","7":"product_cat-hugieenitarbed-ru","8":"product_cat-sootmistoolid-beebi-ja-lastetarbed-mahkimine-hugieen-ru","9":"pa_manufacturer-babybrezza-ru","11":"first","12":"instock","13":"taxable","14":"shipping-taxable","15":"purchasable","16":"product-type-simple"},"exclude_global_add_ons":[],"addons":[],"acf":[],"yoast_head":"<!-- This site is optimized with the Yoast SEO plugin v27.1.1 - https:\/\/yoast.com\/product\/yoast-seo-wordpress\/ -->\n<title>Baby Brezza Sterilizer Dryer Advanced steriliseerija ja kuivati, \u0421\u041a\u0418\u0414\u041a\u0418, \u041f\u0440\u0438\u043d\u0430\u0434\u043b\u0435\u0436\u043d\u043e\u0441\u0442\u0438 \u0434\u043b\u044f \u043c\u043b\u0430\u0434\u0435\u043d\u0446\u0435\u0432, \u0413\u0438\u0433\u0438\u0435\u043d\u0430, Beebipood<\/title>\n<meta name=\"description\" content=\"Baby Brezza Sterilizer Dryer Advanced steriliseerija ja kuivati, Baby Bottle Sterilizer + Dryer on k&otilde;igi aegade kiireim steriliseerimiskuivati,\" \/>\n<meta name=\"robots\" content=\"index, follow, max-snippet:-1, max-image-preview:large, max-video-preview:-1\" \/>\n<link rel=\"canonical\" href=\"https:\/\/beebipood.ee\/ru\/produkt\/baby-brezza-superfast-sterilizer-dryer-kuivati-ja-steriliseerija\/\" \/>\n<meta property=\"og:locale\" content=\"ru_RU\" \/>\n<meta property=\"og:type\" content=\"article\" \/>\n<meta property=\"og:title\" content=\"Baby Brezza Sterilizer Dryer Advanced steriliseerija ja kuivati, \u0421\u041a\u0418\u0414\u041a\u0418, \u041f\u0440\u0438\u043d\u0430\u0434\u043b\u0435\u0436\u043d\u043e\u0441\u0442\u0438 \u0434\u043b\u044f \u043c\u043b\u0430\u0434\u0435\u043d\u0446\u0435\u0432, \u0413\u0438\u0433\u0438\u0435\u043d\u0430, Beebipood\" \/>\n<meta property=\"og:description\" content=\"Baby Brezza Sterilizer Dryer Advanced steriliseerija ja kuivati, Baby Bottle Sterilizer + Dryer on k&otilde;igi aegade kiireim steriliseerimiskuivati,\" \/>\n<meta property=\"og:url\" content=\"https:\/\/beebipood.ee\/ru\/produkt\/baby-brezza-superfast-sterilizer-dryer-kuivati-ja-steriliseerija\/\" \/>\n<meta property=\"og:site_name\" content=\"Beebipood\" \/>\n<meta property=\"article:modified_time\" content=\"2025-03-04T09:20:36+00:00\" \/>\n<meta property=\"og:image\" content=\"https:\/\/beebipood.ee\/wp-content\/uploads\/2023\/11\/baby-brezza-sterilizer-dryer-advanced-steriliseerija-ja-kuivati-sooduspakkumised-beebi-ja-lastetarbed-hugieenitarbed_3-b7e.jpg\" \/>\n\t<meta property=\"og:image:width\" content=\"1000\" \/>\n\t<meta property=\"og:image:height\" content=\"1100\" \/>\n\t<meta property=\"og:image:type\" content=\"image\/jpeg\" \/>\n<meta name=\"twitter:card\" content=\"summary_large_image\" \/>\n<script type=\"application\/ld+json\" class=\"yoast-schema-graph\">{\"@context\":\"https:\/\/schema.org\",\"@graph\":[{\"@type\":\"WebPage\",\"@id\":\"https:\/\/beebipood.ee\/ru\/produkt\/baby-brezza-superfast-sterilizer-dryer-kuivati-ja-steriliseerija\/\",\"url\":\"https:\/\/beebipood.ee\/ru\/produkt\/baby-brezza-superfast-sterilizer-dryer-kuivati-ja-steriliseerija\/\",\"name\":\"Baby Brezza Sterilizer Dryer Advanced steriliseerija ja kuivati, \u0421\u041a\u0418\u0414\u041a\u0418, \u041f\u0440\u0438\u043d\u0430\u0434\u043b\u0435\u0436\u043d\u043e\u0441\u0442\u0438 \u0434\u043b\u044f \u043c\u043b\u0430\u0434\u0435\u043d\u0446\u0435\u0432, \u0413\u0438\u0433\u0438\u0435\u043d\u0430, Beebipood\",\"isPartOf\":{\"@id\":\"https:\/\/beebipood.ee\/ru\/#website\"},\"primaryImageOfPage\":{\"@id\":\"https:\/\/beebipood.ee\/ru\/produkt\/baby-brezza-superfast-sterilizer-dryer-kuivati-ja-steriliseerija\/#primaryimage\"},\"image\":{\"@id\":\"https:\/\/beebipood.ee\/ru\/produkt\/baby-brezza-superfast-sterilizer-dryer-kuivati-ja-steriliseerija\/#primaryimage\"},\"thumbnailUrl\":\"https:\/\/beebipood.ee\/wp-content\/uploads\/2023\/11\/baby-brezza-sterilizer-dryer-advanced-steriliseerija-ja-kuivati-sooduspakkumised-beebi-ja-lastetarbed-hugieenitarbed_3-b7e.jpg\",\"datePublished\":\"2023-11-02T09:52:54+00:00\",\"dateModified\":\"2025-03-04T09:20:36+00:00\",\"description\":\"Baby Brezza Sterilizer Dryer Advanced steriliseerija ja kuivati, Baby Bottle Sterilizer + Dryer on k&otilde;igi aegade kiireim steriliseerimiskuivati,\",\"breadcrumb\":{\"@id\":\"https:\/\/beebipood.ee\/ru\/produkt\/baby-brezza-superfast-sterilizer-dryer-kuivati-ja-steriliseerija\/#breadcrumb\"},\"inLanguage\":\"ru-RU\",\"potentialAction\":[{\"@type\":\"ReadAction\",\"target\":[\"https:\/\/beebipood.ee\/ru\/produkt\/baby-brezza-superfast-sterilizer-dryer-kuivati-ja-steriliseerija\/\"]}]},{\"@type\":\"ImageObject\",\"inLanguage\":\"ru-RU\",\"@id\":\"https:\/\/beebipood.ee\/ru\/produkt\/baby-brezza-superfast-sterilizer-dryer-kuivati-ja-steriliseerija\/#primaryimage\",\"url\":\"https:\/\/beebipood.ee\/wp-content\/uploads\/2023\/11\/baby-brezza-sterilizer-dryer-advanced-steriliseerija-ja-kuivati-sooduspakkumised-beebi-ja-lastetarbed-hugieenitarbed_3-b7e.jpg\",\"contentUrl\":\"https:\/\/beebipood.ee\/wp-content\/uploads\/2023\/11\/baby-brezza-sterilizer-dryer-advanced-steriliseerija-ja-kuivati-sooduspakkumised-beebi-ja-lastetarbed-hugieenitarbed_3-b7e.jpg\",\"width\":1000,\"height\":1100},{\"@type\":\"BreadcrumbList\",\"@id\":\"https:\/\/beebipood.ee\/ru\/produkt\/baby-brezza-superfast-sterilizer-dryer-kuivati-ja-steriliseerija\/#breadcrumb\",\"itemListElement\":[{\"@type\":\"ListItem\",\"position\":1,\"name\":\"Home\",\"item\":\"https:\/\/beebipood.ee\/ru\/\"},{\"@type\":\"ListItem\",\"position\":2,\"name\":\"\u041a\u0430\u0442\u0430\u043b\u043e\u0433 \u0442\u043e\u0432\u0430\u0440\u043e\u0432\",\"item\":\"https:\/\/beebipood.ee\/tooted\/\"},{\"@type\":\"ListItem\",\"position\":3,\"name\":\"Baby Brezza Sterilizer Dryer Advanced steriliseerija ja kuivati\"}]},{\"@type\":\"WebSite\",\"@id\":\"https:\/\/beebipood.ee\/ru\/#website\",\"url\":\"https:\/\/beebipood.ee\/ru\/\",\"name\":\"Beebipood\",\"description\":\"Lastekaubad, beebikaubad, m\u00e4nguasjad\",\"publisher\":{\"@id\":\"https:\/\/beebipood.ee\/ru\/#organization\"},\"potentialAction\":[{\"@type\":\"SearchAction\",\"target\":{\"@type\":\"EntryPoint\",\"urlTemplate\":\"https:\/\/beebipood.ee\/ru\/?s={search_term_string}\"},\"query-input\":{\"@type\":\"PropertyValueSpecification\",\"valueRequired\":true,\"valueName\":\"search_term_string\"}}],\"inLanguage\":\"ru-RU\"},{\"@type\":\"Organization\",\"@id\":\"https:\/\/beebipood.ee\/ru\/#organization\",\"name\":\"Beebipood\",\"url\":\"https:\/\/beebipood.ee\/ru\/\",\"logo\":{\"@type\":\"ImageObject\",\"inLanguage\":\"ru-RU\",\"@id\":\"https:\/\/beebipood.ee\/ru\/#\/schema\/logo\/image\/\",\"url\":\"https:\/\/beebipood.ee\/wp-content\/uploads\/2025\/03\/beebipood.ee-logo-1.svg\",\"contentUrl\":\"https:\/\/beebipood.ee\/wp-content\/uploads\/2025\/03\/beebipood.ee-logo-1.svg\",\"caption\":\"Beebipood\"},\"image\":{\"@id\":\"https:\/\/beebipood.ee\/ru\/#\/schema\/logo\/image\/\"}}]}<\/script>\n<!-- \/ Yoast SEO plugin. -->","yoast_head_json":{"title":"Baby Brezza Sterilizer Dryer Advanced steriliseerija ja kuivati, \u0421\u041a\u0418\u0414\u041a\u0418, \u041f\u0440\u0438\u043d\u0430\u0434\u043b\u0435\u0436\u043d\u043e\u0441\u0442\u0438 \u0434\u043b\u044f \u043c\u043b\u0430\u0434\u0435\u043d\u0446\u0435\u0432, \u0413\u0438\u0433\u0438\u0435\u043d\u0430, Beebipood","description":"Baby Brezza Sterilizer Dryer Advanced steriliseerija ja kuivati, Baby Bottle Sterilizer + Dryer on k&otilde;igi aegade kiireim steriliseerimiskuivati,","robots":{"index":"index","follow":"follow","max-snippet":"max-snippet:-1","max-image-preview":"max-image-preview:large","max-video-preview":"max-video-preview:-1"},"canonical":"https:\/\/beebipood.ee\/ru\/produkt\/baby-brezza-superfast-sterilizer-dryer-kuivati-ja-steriliseerija\/","og_locale":"ru_RU","og_type":"article","og_title":"Baby Brezza Sterilizer Dryer Advanced steriliseerija ja kuivati, \u0421\u041a\u0418\u0414\u041a\u0418, \u041f\u0440\u0438\u043d\u0430\u0434\u043b\u0435\u0436\u043d\u043e\u0441\u0442\u0438 \u0434\u043b\u044f \u043c\u043b\u0430\u0434\u0435\u043d\u0446\u0435\u0432, \u0413\u0438\u0433\u0438\u0435\u043d\u0430, Beebipood","og_description":"Baby Brezza Sterilizer Dryer Advanced steriliseerija ja kuivati, Baby Bottle Sterilizer + Dryer on k&otilde;igi aegade kiireim steriliseerimiskuivati,","og_url":"https:\/\/beebipood.ee\/ru\/produkt\/baby-brezza-superfast-sterilizer-dryer-kuivati-ja-steriliseerija\/","og_site_name":"Beebipood","article_modified_time":"2025-03-04T09:20:36+00:00","og_image":[{"width":1000,"height":1100,"url":"https:\/\/beebipood.ee\/wp-content\/uploads\/2023\/11\/baby-brezza-sterilizer-dryer-advanced-steriliseerija-ja-kuivati-sooduspakkumised-beebi-ja-lastetarbed-hugieenitarbed_3-b7e.jpg","type":"image\/jpeg"}],"twitter_card":"summary_large_image","schema":{"@context":"https:\/\/schema.org","@graph":[{"@type":"WebPage","@id":"https:\/\/beebipood.ee\/ru\/produkt\/baby-brezza-superfast-sterilizer-dryer-kuivati-ja-steriliseerija\/","url":"https:\/\/beebipood.ee\/ru\/produkt\/baby-brezza-superfast-sterilizer-dryer-kuivati-ja-steriliseerija\/","name":"Baby Brezza Sterilizer Dryer Advanced steriliseerija ja kuivati, \u0421\u041a\u0418\u0414\u041a\u0418, \u041f\u0440\u0438\u043d\u0430\u0434\u043b\u0435\u0436\u043d\u043e\u0441\u0442\u0438 \u0434\u043b\u044f \u043c\u043b\u0430\u0434\u0435\u043d\u0446\u0435\u0432, \u0413\u0438\u0433\u0438\u0435\u043d\u0430, Beebipood","isPartOf":{"@id":"https:\/\/beebipood.ee\/ru\/#website"},"primaryImageOfPage":{"@id":"https:\/\/beebipood.ee\/ru\/produkt\/baby-brezza-superfast-sterilizer-dryer-kuivati-ja-steriliseerija\/#primaryimage"},"image":{"@id":"https:\/\/beebipood.ee\/ru\/produkt\/baby-brezza-superfast-sterilizer-dryer-kuivati-ja-steriliseerija\/#primaryimage"},"thumbnailUrl":"https:\/\/beebipood.ee\/wp-content\/uploads\/2023\/11\/baby-brezza-sterilizer-dryer-advanced-steriliseerija-ja-kuivati-sooduspakkumised-beebi-ja-lastetarbed-hugieenitarbed_3-b7e.jpg","datePublished":"2023-11-02T09:52:54+00:00","dateModified":"2025-03-04T09:20:36+00:00","description":"Baby Brezza Sterilizer Dryer Advanced steriliseerija ja kuivati, Baby Bottle Sterilizer + Dryer on k&otilde;igi aegade kiireim steriliseerimiskuivati,","breadcrumb":{"@id":"https:\/\/beebipood.ee\/ru\/produkt\/baby-brezza-superfast-sterilizer-dryer-kuivati-ja-steriliseerija\/#breadcrumb"},"inLanguage":"ru-RU","potentialAction":[{"@type":"ReadAction","target":["https:\/\/beebipood.ee\/ru\/produkt\/baby-brezza-superfast-sterilizer-dryer-kuivati-ja-steriliseerija\/"]}]},{"@type":"ImageObject","inLanguage":"ru-RU","@id":"https:\/\/beebipood.ee\/ru\/produkt\/baby-brezza-superfast-sterilizer-dryer-kuivati-ja-steriliseerija\/#primaryimage","url":"https:\/\/beebipood.ee\/wp-content\/uploads\/2023\/11\/baby-brezza-sterilizer-dryer-advanced-steriliseerija-ja-kuivati-sooduspakkumised-beebi-ja-lastetarbed-hugieenitarbed_3-b7e.jpg","contentUrl":"https:\/\/beebipood.ee\/wp-content\/uploads\/2023\/11\/baby-brezza-sterilizer-dryer-advanced-steriliseerija-ja-kuivati-sooduspakkumised-beebi-ja-lastetarbed-hugieenitarbed_3-b7e.jpg","width":1000,"height":1100},{"@type":"BreadcrumbList","@id":"https:\/\/beebipood.ee\/ru\/produkt\/baby-brezza-superfast-sterilizer-dryer-kuivati-ja-steriliseerija\/#breadcrumb","itemListElement":[{"@type":"ListItem","position":1,"name":"Home","item":"https:\/\/beebipood.ee\/ru\/"},{"@type":"ListItem","position":2,"name":"\u041a\u0430\u0442\u0430\u043b\u043e\u0433 \u0442\u043e\u0432\u0430\u0440\u043e\u0432","item":"https:\/\/beebipood.ee\/tooted\/"},{"@type":"ListItem","position":3,"name":"Baby Brezza Sterilizer Dryer Advanced steriliseerija ja kuivati"}]},{"@type":"WebSite","@id":"https:\/\/beebipood.ee\/ru\/#website","url":"https:\/\/beebipood.ee\/ru\/","name":"Beebipood","description":"Lastekaubad, beebikaubad, m\u00e4nguasjad","publisher":{"@id":"https:\/\/beebipood.ee\/ru\/#organization"},"potentialAction":[{"@type":"SearchAction","target":{"@type":"EntryPoint","urlTemplate":"https:\/\/beebipood.ee\/ru\/?s={search_term_string}"},"query-input":{"@type":"PropertyValueSpecification","valueRequired":true,"valueName":"search_term_string"}}],"inLanguage":"ru-RU"},{"@type":"Organization","@id":"https:\/\/beebipood.ee\/ru\/#organization","name":"Beebipood","url":"https:\/\/beebipood.ee\/ru\/","logo":{"@type":"ImageObject","inLanguage":"ru-RU","@id":"https:\/\/beebipood.ee\/ru\/#\/schema\/logo\/image\/","url":"https:\/\/beebipood.ee\/wp-content\/uploads\/2025\/03\/beebipood.ee-logo-1.svg","contentUrl":"https:\/\/beebipood.ee\/wp-content\/uploads\/2025\/03\/beebipood.ee-logo-1.svg","caption":"Beebipood"},"image":{"@id":"https:\/\/beebipood.ee\/ru\/#\/schema\/logo\/image\/"}}]}},"brands":[{"id":11967,"name":"Baby Brezza","slug":"baby-brezza-ru"}],"_links":{"self":[{"href":"https:\/\/beebipood.ee\/ru\/wp-json\/wp\/v2\/product\/459905","targetHints":{"allow":["GET"]}}],"collection":[{"href":"https:\/\/beebipood.ee\/ru\/wp-json\/wp\/v2\/product"}],"about":[{"href":"https:\/\/beebipood.ee\/ru\/wp-json\/wp\/v2\/types\/product"}],"wp:featuredmedia":[{"embeddable":true,"href":"https:\/\/beebipood.ee\/ru\/wp-json\/wp\/v2\/media\/459895"}],"wp:attachment":[{"href":"https:\/\/beebipood.ee\/ru\/wp-json\/wp\/v2\/media?parent=459905"}],"wp:term":[{"taxonomy":"pwb-brand","embeddable":true,"href":"https:\/\/beebipood.ee\/ru\/wp-json\/wp\/v2\/pwb-brand?post=459905"},{"taxonomy":"product_brand","embeddable":true,"href":"https:\/\/beebipood.ee\/ru\/wp-json\/wp\/v2\/product_brand?post=459905"},{"taxonomy":"product_cat","embeddable":true,"href":"https:\/\/beebipood.ee\/ru\/wp-json\/wp\/v2\/product_cat?post=459905"},{"taxonomy":"product_tag","embeddable":true,"href":"https:\/\/beebipood.ee\/ru\/wp-json\/wp\/v2\/product_tag?post=459905"}],"curies":[{"name":"wp","href":"https:\/\/api.w.org\/{rel}","templated":true}]}}