{"id":502796,"date":"2025-03-18T15:04:18","date_gmt":"2025-03-18T13:04:18","guid":{"rendered":"https:\/\/beebipood.ee\/?post_type=product&#038;p=502796"},"modified":"2025-04-04T10:11:03","modified_gmt":"2025-04-04T07:11:03","slug":"yappygrow-pikendatav-lastevoodija-yappyclassic-kummut-white","status":"publish","type":"product","link":"https:\/\/beebipood.ee\/ru\/produkt\/yappygrow-pikendatav-lastevoodija-yappyclassic-kummut-white\/","title":{"rendered":"YappyGrow pikendatav lastevoodija YappyClassic kummut, white"},"content":{"rendered":"<p>YappyKids.<\/p>\n<p><strong>Voodi YappyGrow<\/strong>\u00a0t\u00f6\u00f6tati v\u00e4lja, et see kasvaks koos Teie lapsega.<br \/>\nSee on m\u00f5eldud lastele vanuses 1,5- kuni 18-aastat.<br \/>\nKonstruktsiooni sisseehitatud k\u00f5rged k\u00fcljed ei lase lapsel nooremas eas kukkuda voodist v\u00e4lja.<br \/>\nTugevdatud ja paksust kaseviinerist valmistatud madratsip\u00f5hi talub koormust \u00fcle 100 kg.<br \/>\nTe v\u00f5ite rahulikult koos lapsega voodis pikutada ja lugeda unejuttu.<br \/>\nK\u00f5rgus: 29 cm + 9 cm paksune madrats.<br \/>\nMaterjal: kask<br \/>\nMadratsi soovitatavad m\u00f5\u00f5dud: alates 140 x 70 cm kuni 190 x 70 cm.<br \/>\nP\u00f6\u00f6rake t\u00e4helepanu spetsiaalselt YappyGrow voodi jaoks v\u00e4ljat\u00f6\u00f6tatud madratsile,<br \/>\nmis koosneb kahest osast ja on etten\u00e4htud YappyGrow voodi kogu kasutamise ajaks<br \/>\n\u2013 v\u00f5imalus osta eraldi juurde.<br \/>\nLakid ja v\u00e4rvid vesialuselised.<\/p>\n<p><strong>YappyClassic<\/strong>\u00a0on l\u00e4bim\u00f5eldud kummut,<br \/>\net see lisaks visuaalsele veetlusele vastaks ka ohutusstandarditele.<br \/>\nVaadates selle neljakandilist kuju l\u00e4hemalt,<br \/>\non m\u00e4rgata, et tegelikult on k\u00f5ik nurgad \u00fcmardatud,<br \/>\nk\u00f5rvaldamaks ohtu, et beebi v\u00f5iks viga saada.<br \/>\n3 kummutisse sisseehitatud sahtlit tagavad piisava ruumi,<br \/>\net paigutada kummutisse k\u00f5ik vajalik.<br \/>\nSahtlid on varustatud teleskoopsiinidega, mis v\u00f5imaldavad sahtlid l\u00f5puni lahti t\u00f5mmata.<br \/>\nKomplekti kuulub puidust m\u00e4hkimisalus m\u00f5\u00f5tudega 75x55cm<br \/>\nSelle v\u00f5ib peale asetada nii vasakult kui ka paremalt poolt.<br \/>\nM\u00e4hkimisalus on eemaldatav, et beebi kasvades ei peaks Te v\u00e4lja vahetama kummutit.<br \/>\nMaterjal: MDF\/Kask<br \/>\nVeebaasil lakid ja v\u00e4rvid.<\/p>\n","protected":false},"excerpt":{"rendered":"<p>YappyKids. Voodi YappyGrow\u00a0t\u00f6\u00f6tati v\u00e4lja, et see kasvaks koos Teie lapsega. See on m\u00f5eldud lastele vanuses 1,5- kuni 18-aastat. Konstruktsiooni sisseehitatud k\u00f5rged k\u00fcljed ei lase lapsel nooremas eas kukkuda voodist v\u00e4lja. Tugevdatud ja paksust kaseviinerist valmistatud madratsip\u00f5hi talub koormust \u00fcle 100 kg. Te v\u00f5ite rahulikult koos lapsega voodis pikutada ja lugeda unejuttu. K\u00f5rgus: 29 cm + [&hellip;]<\/p>\n","protected":false},"featured_media":502798,"template":"","meta":{"_acf_changed":false},"pwb-brand":[11969],"product_brand":[],"product_cat":[11561,11789],"product_tag":[],"class_list":{"0":"post-502796","1":"product","2":"type-product","3":"status-publish","4":"has-post-thumbnail","6":"pwb-brand-yappykids-ru","7":"product_cat-tubade-komplektid-ru","8":"product_cat-lastemoobel-ja-sisustus-ru","9":"pa_manufacturer-yappykids-ru","11":"first","12":"onbackorder","13":"sale","14":"taxable","15":"shipping-taxable","16":"purchasable","17":"product-type-simple"},"exclude_global_add_ons":[],"addons":[],"acf":[],"yoast_head":"<!-- This site is optimized with the Yoast SEO plugin v27.1.1 - https:\/\/yoast.com\/product\/yoast-seo-wordpress\/ -->\n<title>YappyGrow pikendatav lastevoodi, valge, \u0423\u0434\u043b\u0438\u043d\u044f\u044e\u0449\u0438\u0435\u0441\u044f \u043a\u0440\u043e\u0432\u0430\u0442\u0438, \u041a\u0440\u043e\u0432\u0430\u0442\u0438 \u0434\u043b\u044f \u0434\u0435\u0442\u0435\u0439 \u0438 \u043f\u043e\u0434\u0440\u043e\u0441\u0442\u043a\u043e\u0432, M\u0435\u0431\u0435\u043b\u044c, YappyKids -20%, Beebipood<\/title>\n<meta name=\"description\" content=\"YappyGrow pikendatav lastevoodi, valge, YappyKids.\u00a0 Voodi YappyGrow t\u00f6\u00f6tati v\u00e4lja, et see kasvaks koos Teie lapsega.\" \/>\n<meta name=\"robots\" content=\"index, follow, max-snippet:-1, max-image-preview:large, max-video-preview:-1\" \/>\n<link rel=\"canonical\" href=\"https:\/\/beebipood.ee\/ru\/produkt\/yappygrow-pikendatav-lastevoodija-yappyclassic-kummut-white\/\" \/>\n<meta property=\"og:locale\" content=\"ru_RU\" \/>\n<meta property=\"og:type\" content=\"article\" \/>\n<meta property=\"og:title\" content=\"YappyGrow pikendatav lastevoodi, valge, \u0423\u0434\u043b\u0438\u043d\u044f\u044e\u0449\u0438\u0435\u0441\u044f \u043a\u0440\u043e\u0432\u0430\u0442\u0438, \u041a\u0440\u043e\u0432\u0430\u0442\u0438 \u0434\u043b\u044f \u0434\u0435\u0442\u0435\u0439 \u0438 \u043f\u043e\u0434\u0440\u043e\u0441\u0442\u043a\u043e\u0432, M\u0435\u0431\u0435\u043b\u044c, YappyKids -20%, Beebipood\" \/>\n<meta property=\"og:description\" content=\"YappyGrow pikendatav lastevoodi, valge, YappyKids.\u00a0 Voodi YappyGrow t\u00f6\u00f6tati v\u00e4lja, et see kasvaks koos Teie lapsega.\" \/>\n<meta property=\"og:url\" content=\"https:\/\/beebipood.ee\/ru\/produkt\/yappygrow-pikendatav-lastevoodija-yappyclassic-kummut-white\/\" \/>\n<meta property=\"og:site_name\" content=\"Beebipood\" \/>\n<meta property=\"article:modified_time\" content=\"2025-04-04T07:11:03+00:00\" \/>\n<meta property=\"og:image\" content=\"https:\/\/beebipood.ee\/wp-content\/uploads\/2025\/03\/white-yappygrow-noortevoodi-pikendatav-ja-yappyclassic-kummut.webp\" \/>\n\t<meta property=\"og:image:width\" content=\"1200\" \/>\n\t<meta property=\"og:image:height\" content=\"988\" \/>\n\t<meta property=\"og:image:type\" content=\"image\/webp\" \/>\n<meta name=\"twitter:card\" content=\"summary_large_image\" \/>\n<meta name=\"twitter:label1\" content=\"\u041f\u0440\u0438\u043c\u0435\u0440\u043d\u043e\u0435 \u0432\u0440\u0435\u043c\u044f \u0434\u043b\u044f \u0447\u0442\u0435\u043d\u0438\u044f\" \/>\n\t<meta name=\"twitter:data1\" content=\"2 \u043c\u0438\u043d\u0443\u0442\u044b\" \/>\n<script type=\"application\/ld+json\" class=\"yoast-schema-graph\">{\"@context\":\"https:\/\/schema.org\",\"@graph\":[{\"@type\":\"WebPage\",\"@id\":\"https:\/\/beebipood.ee\/ru\/produkt\/yappygrow-pikendatav-lastevoodija-yappyclassic-kummut-white\/\",\"url\":\"https:\/\/beebipood.ee\/ru\/produkt\/yappygrow-pikendatav-lastevoodija-yappyclassic-kummut-white\/\",\"name\":\"YappyGrow pikendatav lastevoodi, valge, \u0423\u0434\u043b\u0438\u043d\u044f\u044e\u0449\u0438\u0435\u0441\u044f \u043a\u0440\u043e\u0432\u0430\u0442\u0438, \u041a\u0440\u043e\u0432\u0430\u0442\u0438 \u0434\u043b\u044f \u0434\u0435\u0442\u0435\u0439 \u0438 \u043f\u043e\u0434\u0440\u043e\u0441\u0442\u043a\u043e\u0432, M\u0435\u0431\u0435\u043b\u044c, YappyKids -20%, Beebipood\",\"isPartOf\":{\"@id\":\"https:\/\/beebipood.ee\/ru\/#website\"},\"primaryImageOfPage\":{\"@id\":\"https:\/\/beebipood.ee\/ru\/produkt\/yappygrow-pikendatav-lastevoodija-yappyclassic-kummut-white\/#primaryimage\"},\"image\":{\"@id\":\"https:\/\/beebipood.ee\/ru\/produkt\/yappygrow-pikendatav-lastevoodija-yappyclassic-kummut-white\/#primaryimage\"},\"thumbnailUrl\":\"https:\/\/beebipood.ee\/wp-content\/uploads\/2025\/03\/white-yappygrow-noortevoodi-pikendatav-ja-yappyclassic-kummut.webp\",\"datePublished\":\"2025-03-18T13:04:18+00:00\",\"dateModified\":\"2025-04-04T07:11:03+00:00\",\"description\":\"YappyGrow pikendatav lastevoodi, valge, YappyKids.\u00a0 Voodi YappyGrow t\u00f6\u00f6tati v\u00e4lja, et see kasvaks koos Teie lapsega.\",\"breadcrumb\":{\"@id\":\"https:\/\/beebipood.ee\/ru\/produkt\/yappygrow-pikendatav-lastevoodija-yappyclassic-kummut-white\/#breadcrumb\"},\"inLanguage\":\"ru-RU\",\"potentialAction\":[{\"@type\":\"ReadAction\",\"target\":[\"https:\/\/beebipood.ee\/ru\/produkt\/yappygrow-pikendatav-lastevoodija-yappyclassic-kummut-white\/\"]}]},{\"@type\":\"ImageObject\",\"inLanguage\":\"ru-RU\",\"@id\":\"https:\/\/beebipood.ee\/ru\/produkt\/yappygrow-pikendatav-lastevoodija-yappyclassic-kummut-white\/#primaryimage\",\"url\":\"https:\/\/beebipood.ee\/wp-content\/uploads\/2025\/03\/white-yappygrow-noortevoodi-pikendatav-ja-yappyclassic-kummut.webp\",\"contentUrl\":\"https:\/\/beebipood.ee\/wp-content\/uploads\/2025\/03\/white-yappygrow-noortevoodi-pikendatav-ja-yappyclassic-kummut.webp\",\"width\":1200,\"height\":988},{\"@type\":\"BreadcrumbList\",\"@id\":\"https:\/\/beebipood.ee\/ru\/produkt\/yappygrow-pikendatav-lastevoodija-yappyclassic-kummut-white\/#breadcrumb\",\"itemListElement\":[{\"@type\":\"ListItem\",\"position\":1,\"name\":\"Home\",\"item\":\"https:\/\/beebipood.ee\/ru\/\"},{\"@type\":\"ListItem\",\"position\":2,\"name\":\"\u041a\u0430\u0442\u0430\u043b\u043e\u0433 \u0442\u043e\u0432\u0430\u0440\u043e\u0432\",\"item\":\"https:\/\/beebipood.ee\/tooted\/\"},{\"@type\":\"ListItem\",\"position\":3,\"name\":\"YappyGrow pikendatav lastevoodija YappyClassic kummut, white\"}]},{\"@type\":\"WebSite\",\"@id\":\"https:\/\/beebipood.ee\/ru\/#website\",\"url\":\"https:\/\/beebipood.ee\/ru\/\",\"name\":\"Beebipood\",\"description\":\"Lastekaubad, beebikaubad, m\u00e4nguasjad\",\"publisher\":{\"@id\":\"https:\/\/beebipood.ee\/ru\/#organization\"},\"potentialAction\":[{\"@type\":\"SearchAction\",\"target\":{\"@type\":\"EntryPoint\",\"urlTemplate\":\"https:\/\/beebipood.ee\/ru\/?s={search_term_string}\"},\"query-input\":{\"@type\":\"PropertyValueSpecification\",\"valueRequired\":true,\"valueName\":\"search_term_string\"}}],\"inLanguage\":\"ru-RU\"},{\"@type\":\"Organization\",\"@id\":\"https:\/\/beebipood.ee\/ru\/#organization\",\"name\":\"Beebipood\",\"url\":\"https:\/\/beebipood.ee\/ru\/\",\"logo\":{\"@type\":\"ImageObject\",\"inLanguage\":\"ru-RU\",\"@id\":\"https:\/\/beebipood.ee\/ru\/#\/schema\/logo\/image\/\",\"url\":\"https:\/\/beebipood.ee\/wp-content\/uploads\/2025\/03\/beebipood.ee-logo-1.svg\",\"contentUrl\":\"https:\/\/beebipood.ee\/wp-content\/uploads\/2025\/03\/beebipood.ee-logo-1.svg\",\"caption\":\"Beebipood\"},\"image\":{\"@id\":\"https:\/\/beebipood.ee\/ru\/#\/schema\/logo\/image\/\"}}]}<\/script>\n<!-- \/ Yoast SEO plugin. -->","yoast_head_json":{"title":"YappyGrow pikendatav lastevoodi, valge, \u0423\u0434\u043b\u0438\u043d\u044f\u044e\u0449\u0438\u0435\u0441\u044f \u043a\u0440\u043e\u0432\u0430\u0442\u0438, \u041a\u0440\u043e\u0432\u0430\u0442\u0438 \u0434\u043b\u044f \u0434\u0435\u0442\u0435\u0439 \u0438 \u043f\u043e\u0434\u0440\u043e\u0441\u0442\u043a\u043e\u0432, M\u0435\u0431\u0435\u043b\u044c, YappyKids -20%, Beebipood","description":"YappyGrow pikendatav lastevoodi, valge, YappyKids.\u00a0 Voodi YappyGrow t\u00f6\u00f6tati v\u00e4lja, et see kasvaks koos Teie lapsega.","robots":{"index":"index","follow":"follow","max-snippet":"max-snippet:-1","max-image-preview":"max-image-preview:large","max-video-preview":"max-video-preview:-1"},"canonical":"https:\/\/beebipood.ee\/ru\/produkt\/yappygrow-pikendatav-lastevoodija-yappyclassic-kummut-white\/","og_locale":"ru_RU","og_type":"article","og_title":"YappyGrow pikendatav lastevoodi, valge, \u0423\u0434\u043b\u0438\u043d\u044f\u044e\u0449\u0438\u0435\u0441\u044f \u043a\u0440\u043e\u0432\u0430\u0442\u0438, \u041a\u0440\u043e\u0432\u0430\u0442\u0438 \u0434\u043b\u044f \u0434\u0435\u0442\u0435\u0439 \u0438 \u043f\u043e\u0434\u0440\u043e\u0441\u0442\u043a\u043e\u0432, M\u0435\u0431\u0435\u043b\u044c, YappyKids -20%, Beebipood","og_description":"YappyGrow pikendatav lastevoodi, valge, YappyKids.\u00a0 Voodi YappyGrow t\u00f6\u00f6tati v\u00e4lja, et see kasvaks koos Teie lapsega.","og_url":"https:\/\/beebipood.ee\/ru\/produkt\/yappygrow-pikendatav-lastevoodija-yappyclassic-kummut-white\/","og_site_name":"Beebipood","article_modified_time":"2025-04-04T07:11:03+00:00","og_image":[{"width":1200,"height":988,"url":"https:\/\/beebipood.ee\/wp-content\/uploads\/2025\/03\/white-yappygrow-noortevoodi-pikendatav-ja-yappyclassic-kummut.webp","type":"image\/webp"}],"twitter_card":"summary_large_image","twitter_misc":{"\u041f\u0440\u0438\u043c\u0435\u0440\u043d\u043e\u0435 \u0432\u0440\u0435\u043c\u044f \u0434\u043b\u044f \u0447\u0442\u0435\u043d\u0438\u044f":"2 \u043c\u0438\u043d\u0443\u0442\u044b"},"schema":{"@context":"https:\/\/schema.org","@graph":[{"@type":"WebPage","@id":"https:\/\/beebipood.ee\/ru\/produkt\/yappygrow-pikendatav-lastevoodija-yappyclassic-kummut-white\/","url":"https:\/\/beebipood.ee\/ru\/produkt\/yappygrow-pikendatav-lastevoodija-yappyclassic-kummut-white\/","name":"YappyGrow pikendatav lastevoodi, valge, \u0423\u0434\u043b\u0438\u043d\u044f\u044e\u0449\u0438\u0435\u0441\u044f \u043a\u0440\u043e\u0432\u0430\u0442\u0438, \u041a\u0440\u043e\u0432\u0430\u0442\u0438 \u0434\u043b\u044f \u0434\u0435\u0442\u0435\u0439 \u0438 \u043f\u043e\u0434\u0440\u043e\u0441\u0442\u043a\u043e\u0432, M\u0435\u0431\u0435\u043b\u044c, YappyKids -20%, Beebipood","isPartOf":{"@id":"https:\/\/beebipood.ee\/ru\/#website"},"primaryImageOfPage":{"@id":"https:\/\/beebipood.ee\/ru\/produkt\/yappygrow-pikendatav-lastevoodija-yappyclassic-kummut-white\/#primaryimage"},"image":{"@id":"https:\/\/beebipood.ee\/ru\/produkt\/yappygrow-pikendatav-lastevoodija-yappyclassic-kummut-white\/#primaryimage"},"thumbnailUrl":"https:\/\/beebipood.ee\/wp-content\/uploads\/2025\/03\/white-yappygrow-noortevoodi-pikendatav-ja-yappyclassic-kummut.webp","datePublished":"2025-03-18T13:04:18+00:00","dateModified":"2025-04-04T07:11:03+00:00","description":"YappyGrow pikendatav lastevoodi, valge, YappyKids.\u00a0 Voodi YappyGrow t\u00f6\u00f6tati v\u00e4lja, et see kasvaks koos Teie lapsega.","breadcrumb":{"@id":"https:\/\/beebipood.ee\/ru\/produkt\/yappygrow-pikendatav-lastevoodija-yappyclassic-kummut-white\/#breadcrumb"},"inLanguage":"ru-RU","potentialAction":[{"@type":"ReadAction","target":["https:\/\/beebipood.ee\/ru\/produkt\/yappygrow-pikendatav-lastevoodija-yappyclassic-kummut-white\/"]}]},{"@type":"ImageObject","inLanguage":"ru-RU","@id":"https:\/\/beebipood.ee\/ru\/produkt\/yappygrow-pikendatav-lastevoodija-yappyclassic-kummut-white\/#primaryimage","url":"https:\/\/beebipood.ee\/wp-content\/uploads\/2025\/03\/white-yappygrow-noortevoodi-pikendatav-ja-yappyclassic-kummut.webp","contentUrl":"https:\/\/beebipood.ee\/wp-content\/uploads\/2025\/03\/white-yappygrow-noortevoodi-pikendatav-ja-yappyclassic-kummut.webp","width":1200,"height":988},{"@type":"BreadcrumbList","@id":"https:\/\/beebipood.ee\/ru\/produkt\/yappygrow-pikendatav-lastevoodija-yappyclassic-kummut-white\/#breadcrumb","itemListElement":[{"@type":"ListItem","position":1,"name":"Home","item":"https:\/\/beebipood.ee\/ru\/"},{"@type":"ListItem","position":2,"name":"\u041a\u0430\u0442\u0430\u043b\u043e\u0433 \u0442\u043e\u0432\u0430\u0440\u043e\u0432","item":"https:\/\/beebipood.ee\/tooted\/"},{"@type":"ListItem","position":3,"name":"YappyGrow pikendatav lastevoodija YappyClassic kummut, white"}]},{"@type":"WebSite","@id":"https:\/\/beebipood.ee\/ru\/#website","url":"https:\/\/beebipood.ee\/ru\/","name":"Beebipood","description":"Lastekaubad, beebikaubad, m\u00e4nguasjad","publisher":{"@id":"https:\/\/beebipood.ee\/ru\/#organization"},"potentialAction":[{"@type":"SearchAction","target":{"@type":"EntryPoint","urlTemplate":"https:\/\/beebipood.ee\/ru\/?s={search_term_string}"},"query-input":{"@type":"PropertyValueSpecification","valueRequired":true,"valueName":"search_term_string"}}],"inLanguage":"ru-RU"},{"@type":"Organization","@id":"https:\/\/beebipood.ee\/ru\/#organization","name":"Beebipood","url":"https:\/\/beebipood.ee\/ru\/","logo":{"@type":"ImageObject","inLanguage":"ru-RU","@id":"https:\/\/beebipood.ee\/ru\/#\/schema\/logo\/image\/","url":"https:\/\/beebipood.ee\/wp-content\/uploads\/2025\/03\/beebipood.ee-logo-1.svg","contentUrl":"https:\/\/beebipood.ee\/wp-content\/uploads\/2025\/03\/beebipood.ee-logo-1.svg","caption":"Beebipood"},"image":{"@id":"https:\/\/beebipood.ee\/ru\/#\/schema\/logo\/image\/"}}]}},"brands":[{"id":11969,"name":"YappyKids","slug":"yappykids-ru"}],"_links":{"self":[{"href":"https:\/\/beebipood.ee\/ru\/wp-json\/wp\/v2\/product\/502796","targetHints":{"allow":["GET"]}}],"collection":[{"href":"https:\/\/beebipood.ee\/ru\/wp-json\/wp\/v2\/product"}],"about":[{"href":"https:\/\/beebipood.ee\/ru\/wp-json\/wp\/v2\/types\/product"}],"wp:featuredmedia":[{"embeddable":true,"href":"https:\/\/beebipood.ee\/ru\/wp-json\/wp\/v2\/media\/502798"}],"wp:attachment":[{"href":"https:\/\/beebipood.ee\/ru\/wp-json\/wp\/v2\/media?parent=502796"}],"wp:term":[{"taxonomy":"pwb-brand","embeddable":true,"href":"https:\/\/beebipood.ee\/ru\/wp-json\/wp\/v2\/pwb-brand?post=502796"},{"taxonomy":"product_brand","embeddable":true,"href":"https:\/\/beebipood.ee\/ru\/wp-json\/wp\/v2\/product_brand?post=502796"},{"taxonomy":"product_cat","embeddable":true,"href":"https:\/\/beebipood.ee\/ru\/wp-json\/wp\/v2\/product_cat?post=502796"},{"taxonomy":"product_tag","embeddable":true,"href":"https:\/\/beebipood.ee\/ru\/wp-json\/wp\/v2\/product_tag?post=502796"}],"curies":[{"name":"wp","href":"https:\/\/api.w.org\/{rel}","templated":true}]}}