{"id":502947,"date":"2025-03-20T13:19:13","date_gmt":"2025-03-20T11:19:13","guid":{"rendered":"https:\/\/beebipood.ee\/?post_type=product&#038;p=502947"},"modified":"2025-03-20T13:21:07","modified_gmt":"2025-03-20T11:21:07","slug":"babydan-asta-premier-turvavarav-black-kopeeri-kopeeri-kopeeri","status":"publish","type":"product","link":"https:\/\/beebipood.ee\/ru\/produkt\/babydan-asta-premier-turvavarav-black-kopeeri-kopeeri-kopeeri\/","title":{"rendered":"BabyDan Asta\/Premier turvav\u00e4rav, Black (kopeeri) (kopeeri) (kopeeri)"},"content":{"rendered":"<p>BabyDan Asta turvav\u00e4rav on olnud enimm\u00fc\u00fcdud turvav\u00e4rav juba mitmeid aastaid.<br \/>Kinnitub surve abil, mis ei j\u00e4ta j\u00e4lgi seintele ega liistudele.<br \/>M\u00fc\u00fcakse kahe erineva nime all: Asta ja Premier. <br \/>Toode on t\u00e4pselt \u00fcks ja sama.<\/p>\n<p><span style=\"text-decoration: underline;\">Omadused<\/span><br \/>\u00d5huke ja kerge k\u00e4epide, mida on lihtne kasutada<br \/>K\u00e4epidemel on sisseehitatud turvaindikaator, <br \/>mis n\u00e4itab kas turvav\u00e4rav on korralikult kinnitatud v\u00f5i mitte<br \/>V\u00e4rava kinnitamiseks ei ole tarvis puurida seina sisse auke. <br \/>V\u00e4rav kinnitub surve abil<br \/>Turvav\u00e4rav avaneb m\u00f5lemale poole<br \/>K\u00f5ik vajalik v\u00e4rava kinnitamiseks on juba komplektis kaasas<br \/>Premier turvav\u00e4ravat saab kinnitada ilma seina alusseibe kasutamata kuni 93,3cm vahesse<br \/>Vastab Euroopa turvastandardile EN1930:2011<br \/>Toodetud Taanis<br \/>Materjal: metallist v\u00e4ravaosa \/ plastikust k\u00e4epide<br \/>100% PVC vaba<br \/><span style=\"text-decoration: underline;\">N\u00e4itajad<\/span><br \/>Standard suurus 73,5 &#8212; 79,6cm<\/p>\n<p>V\u00e4rava k\u00f5rgus 73cm<br \/>1 laiendusega 79,6 &#8212; 86,5cm<br \/>2 laiendusega 86 &#8212; 93,3cm<br \/>3 laiendusega 92,5 &#8212; 99.8cm*<br \/>4 laiendusega 99 &#8212; 106,3cm*<br \/>5 laiendusega 105,5 &#8212; 112,8cm*<br \/>6 laiendusega 112 &#8212; 119,3cm*<br \/>Laiendused on saadaval lisatarvikutena!<\/p>\n<p>*kasutage seina alusseibe (seibid kinnituvad kahepoolse teibi abil).<\/p>\n","protected":false},"excerpt":{"rendered":"<p>BabyDan Asta turvav\u00e4rav on olnud enimm\u00fc\u00fcdud turvav\u00e4rav juba mitmeid aastaid.Kinnitub surve abil, mis ei j\u00e4ta j\u00e4lgi seintele ega liistudele.M\u00fc\u00fcakse kahe erineva nime all: Asta ja Premier. Toode on t\u00e4pselt \u00fcks ja sama. Omadused\u00d5huke ja kerge k\u00e4epide, mida on lihtne kasutadaK\u00e4epidemel on sisseehitatud turvaindikaator, mis n\u00e4itab kas turvav\u00e4rav on korralikult kinnitatud v\u00f5i mitteV\u00e4rava kinnitamiseks ei ole [&hellip;]<\/p>\n","protected":false},"featured_media":502949,"template":"","meta":{"_acf_changed":false},"pwb-brand":[11971],"product_brand":[],"product_cat":[11705,11703,11791],"product_tag":[],"class_list":{"0":"post-502947","1":"product","2":"type-product","3":"status-publish","4":"has-post-thumbnail","6":"pwb-brand-babydan-ru","7":"product_cat-turvavaravad-ru","8":"product_cat-turvalisus-maneezid-turvavaravad-piirded-ru","9":"product_cat-turvavarustus-ru","10":"pa_manufacturer-babydan-ru","12":"first","13":"outofstock","14":"taxable","15":"shipping-taxable","16":"purchasable","17":"product-type-simple"},"exclude_global_add_ons":[],"addons":[],"acf":[],"yoast_head":"<!-- This site is optimized with the Yoast SEO plugin v27.1.1 - https:\/\/yoast.com\/product\/yoast-seo-wordpress\/ -->\n<title>BabyDan Asta\/Premier turvav\u00e4rav, Black , \u041d\u041e\u0412\u042b\u0415 \u0422\u041e\u0412\u0410\u0420\u042b, \u0411\u0435\u0437\u043e\u043f\u0430\u0441\u043d\u043e\u0441\u0442\u044c, \u0432\u043e\u0440\u043e\u0442\u0430 \u0431\u0435\u0437\u043e\u043f\u0430\u0441\u043d\u043e\u0441\u0442\u0438,\u043c\u0430\u043d\u0435\u0436\u0438, \u0412\u043e\u0440\u043e\u0442\u0430 \u0431\u0435\u0437\u043e\u043f\u0430\u0441\u043d\u043e\u0441\u0442\u0438, \u0421\u043d\u0430\u0440\u044f\u0436\u0435\u043d\u0438\u044f \u0431\u0435\u0437\u043e\u043f\u0430\u0441\u043d\u043e\u0441\u0442\u0438, Beebipood<\/title>\n<meta name=\"description\" content=\"BabyDan Asta\/Premier turvav\u00e4rav, Black , BabyDan Asta turvav&auml;rav on olnud enimm&uuml;&uuml;dud turvav&auml;rav juba mitmeid aastaid.Kinnitub surv\" \/>\n<meta name=\"robots\" content=\"index, follow, max-snippet:-1, max-image-preview:large, max-video-preview:-1\" \/>\n<link rel=\"canonical\" href=\"https:\/\/beebipood.ee\/ru\/produkt\/babydan-asta-premier-turvavarav-black-kopeeri-kopeeri-kopeeri\/\" \/>\n<meta property=\"og:locale\" content=\"ru_RU\" \/>\n<meta property=\"og:type\" content=\"article\" \/>\n<meta property=\"og:title\" content=\"BabyDan Asta\/Premier turvav\u00e4rav, Black , \u041d\u041e\u0412\u042b\u0415 \u0422\u041e\u0412\u0410\u0420\u042b, \u0411\u0435\u0437\u043e\u043f\u0430\u0441\u043d\u043e\u0441\u0442\u044c, \u0432\u043e\u0440\u043e\u0442\u0430 \u0431\u0435\u0437\u043e\u043f\u0430\u0441\u043d\u043e\u0441\u0442\u0438,\u043c\u0430\u043d\u0435\u0436\u0438, \u0412\u043e\u0440\u043e\u0442\u0430 \u0431\u0435\u0437\u043e\u043f\u0430\u0441\u043d\u043e\u0441\u0442\u0438, \u0421\u043d\u0430\u0440\u044f\u0436\u0435\u043d\u0438\u044f \u0431\u0435\u0437\u043e\u043f\u0430\u0441\u043d\u043e\u0441\u0442\u0438, Beebipood\" \/>\n<meta property=\"og:description\" content=\"BabyDan Asta\/Premier turvav\u00e4rav, Black , BabyDan Asta turvav&auml;rav on olnud enimm&uuml;&uuml;dud turvav&auml;rav juba mitmeid aastaid.Kinnitub surv\" \/>\n<meta property=\"og:url\" content=\"https:\/\/beebipood.ee\/ru\/produkt\/babydan-asta-premier-turvavarav-black-kopeeri-kopeeri-kopeeri\/\" \/>\n<meta property=\"og:site_name\" content=\"Beebipood\" \/>\n<meta property=\"article:modified_time\" content=\"2025-03-20T11:21:07+00:00\" \/>\n<meta property=\"og:image\" content=\"https:\/\/beebipood.ee\/wp-content\/uploads\/2025\/03\/babydan-turvavarav-premier-extra-wide-158cm.jpg\" \/>\n\t<meta property=\"og:image:width\" content=\"1200\" \/>\n\t<meta property=\"og:image:height\" content=\"1200\" \/>\n\t<meta property=\"og:image:type\" content=\"image\/jpeg\" \/>\n<meta name=\"twitter:card\" content=\"summary_large_image\" \/>\n<meta name=\"twitter:label1\" content=\"\u041f\u0440\u0438\u043c\u0435\u0440\u043d\u043e\u0435 \u0432\u0440\u0435\u043c\u044f \u0434\u043b\u044f \u0447\u0442\u0435\u043d\u0438\u044f\" \/>\n\t<meta name=\"twitter:data1\" content=\"1 \u043c\u0438\u043d\u0443\u0442\u0430\" \/>\n<script type=\"application\/ld+json\" class=\"yoast-schema-graph\">{\"@context\":\"https:\/\/schema.org\",\"@graph\":[{\"@type\":\"WebPage\",\"@id\":\"https:\/\/beebipood.ee\/ru\/produkt\/babydan-asta-premier-turvavarav-black-kopeeri-kopeeri-kopeeri\/\",\"url\":\"https:\/\/beebipood.ee\/ru\/produkt\/babydan-asta-premier-turvavarav-black-kopeeri-kopeeri-kopeeri\/\",\"name\":\"BabyDan Asta\/Premier turvav\u00e4rav, Black , \u041d\u041e\u0412\u042b\u0415 \u0422\u041e\u0412\u0410\u0420\u042b, \u0411\u0435\u0437\u043e\u043f\u0430\u0441\u043d\u043e\u0441\u0442\u044c, \u0432\u043e\u0440\u043e\u0442\u0430 \u0431\u0435\u0437\u043e\u043f\u0430\u0441\u043d\u043e\u0441\u0442\u0438,\u043c\u0430\u043d\u0435\u0436\u0438, \u0412\u043e\u0440\u043e\u0442\u0430 \u0431\u0435\u0437\u043e\u043f\u0430\u0441\u043d\u043e\u0441\u0442\u0438, \u0421\u043d\u0430\u0440\u044f\u0436\u0435\u043d\u0438\u044f \u0431\u0435\u0437\u043e\u043f\u0430\u0441\u043d\u043e\u0441\u0442\u0438, Beebipood\",\"isPartOf\":{\"@id\":\"https:\/\/beebipood.ee\/ru\/#website\"},\"primaryImageOfPage\":{\"@id\":\"https:\/\/beebipood.ee\/ru\/produkt\/babydan-asta-premier-turvavarav-black-kopeeri-kopeeri-kopeeri\/#primaryimage\"},\"image\":{\"@id\":\"https:\/\/beebipood.ee\/ru\/produkt\/babydan-asta-premier-turvavarav-black-kopeeri-kopeeri-kopeeri\/#primaryimage\"},\"thumbnailUrl\":\"https:\/\/beebipood.ee\/wp-content\/uploads\/2025\/03\/babydan-turvavarav-premier-extra-wide-132cm2.jpg\",\"datePublished\":\"2025-03-20T11:19:13+00:00\",\"dateModified\":\"2025-03-20T11:21:07+00:00\",\"description\":\"BabyDan Asta\/Premier turvav\u00e4rav, Black , BabyDan Asta turvav&auml;rav on olnud enimm&uuml;&uuml;dud turvav&auml;rav juba mitmeid aastaid.Kinnitub surv\",\"breadcrumb\":{\"@id\":\"https:\/\/beebipood.ee\/ru\/produkt\/babydan-asta-premier-turvavarav-black-kopeeri-kopeeri-kopeeri\/#breadcrumb\"},\"inLanguage\":\"ru-RU\",\"potentialAction\":[{\"@type\":\"ReadAction\",\"target\":[\"https:\/\/beebipood.ee\/ru\/produkt\/babydan-asta-premier-turvavarav-black-kopeeri-kopeeri-kopeeri\/\"]}]},{\"@type\":\"ImageObject\",\"inLanguage\":\"ru-RU\",\"@id\":\"https:\/\/beebipood.ee\/ru\/produkt\/babydan-asta-premier-turvavarav-black-kopeeri-kopeeri-kopeeri\/#primaryimage\",\"url\":\"https:\/\/beebipood.ee\/wp-content\/uploads\/2025\/03\/babydan-turvavarav-premier-extra-wide-132cm2.jpg\",\"contentUrl\":\"https:\/\/beebipood.ee\/wp-content\/uploads\/2025\/03\/babydan-turvavarav-premier-extra-wide-132cm2.jpg\",\"width\":1200,\"height\":1200},{\"@type\":\"BreadcrumbList\",\"@id\":\"https:\/\/beebipood.ee\/ru\/produkt\/babydan-asta-premier-turvavarav-black-kopeeri-kopeeri-kopeeri\/#breadcrumb\",\"itemListElement\":[{\"@type\":\"ListItem\",\"position\":1,\"name\":\"Home\",\"item\":\"https:\/\/beebipood.ee\/ru\/\"},{\"@type\":\"ListItem\",\"position\":2,\"name\":\"\u041a\u0430\u0442\u0430\u043b\u043e\u0433 \u0442\u043e\u0432\u0430\u0440\u043e\u0432\",\"item\":\"https:\/\/beebipood.ee\/tooted\/\"},{\"@type\":\"ListItem\",\"position\":3,\"name\":\"BabyDan Asta\/Premier turvav\u00e4rav, Black (kopeeri) (kopeeri) (kopeeri)\"}]},{\"@type\":\"WebSite\",\"@id\":\"https:\/\/beebipood.ee\/ru\/#website\",\"url\":\"https:\/\/beebipood.ee\/ru\/\",\"name\":\"Beebipood\",\"description\":\"Lastekaubad, beebikaubad, m\u00e4nguasjad\",\"publisher\":{\"@id\":\"https:\/\/beebipood.ee\/ru\/#organization\"},\"potentialAction\":[{\"@type\":\"SearchAction\",\"target\":{\"@type\":\"EntryPoint\",\"urlTemplate\":\"https:\/\/beebipood.ee\/ru\/?s={search_term_string}\"},\"query-input\":{\"@type\":\"PropertyValueSpecification\",\"valueRequired\":true,\"valueName\":\"search_term_string\"}}],\"inLanguage\":\"ru-RU\"},{\"@type\":\"Organization\",\"@id\":\"https:\/\/beebipood.ee\/ru\/#organization\",\"name\":\"Beebipood\",\"url\":\"https:\/\/beebipood.ee\/ru\/\",\"logo\":{\"@type\":\"ImageObject\",\"inLanguage\":\"ru-RU\",\"@id\":\"https:\/\/beebipood.ee\/ru\/#\/schema\/logo\/image\/\",\"url\":\"https:\/\/beebipood.ee\/wp-content\/uploads\/2025\/03\/beebipood.ee-logo-1.svg\",\"contentUrl\":\"https:\/\/beebipood.ee\/wp-content\/uploads\/2025\/03\/beebipood.ee-logo-1.svg\",\"caption\":\"Beebipood\"},\"image\":{\"@id\":\"https:\/\/beebipood.ee\/ru\/#\/schema\/logo\/image\/\"}}]}<\/script>\n<!-- \/ Yoast SEO plugin. -->","yoast_head_json":{"title":"BabyDan Asta\/Premier turvav\u00e4rav, Black , \u041d\u041e\u0412\u042b\u0415 \u0422\u041e\u0412\u0410\u0420\u042b, \u0411\u0435\u0437\u043e\u043f\u0430\u0441\u043d\u043e\u0441\u0442\u044c, \u0432\u043e\u0440\u043e\u0442\u0430 \u0431\u0435\u0437\u043e\u043f\u0430\u0441\u043d\u043e\u0441\u0442\u0438,\u043c\u0430\u043d\u0435\u0436\u0438, \u0412\u043e\u0440\u043e\u0442\u0430 \u0431\u0435\u0437\u043e\u043f\u0430\u0441\u043d\u043e\u0441\u0442\u0438, \u0421\u043d\u0430\u0440\u044f\u0436\u0435\u043d\u0438\u044f \u0431\u0435\u0437\u043e\u043f\u0430\u0441\u043d\u043e\u0441\u0442\u0438, Beebipood","description":"BabyDan Asta\/Premier turvav\u00e4rav, Black , BabyDan Asta turvav&auml;rav on olnud enimm&uuml;&uuml;dud turvav&auml;rav juba mitmeid aastaid.Kinnitub surv","robots":{"index":"index","follow":"follow","max-snippet":"max-snippet:-1","max-image-preview":"max-image-preview:large","max-video-preview":"max-video-preview:-1"},"canonical":"https:\/\/beebipood.ee\/ru\/produkt\/babydan-asta-premier-turvavarav-black-kopeeri-kopeeri-kopeeri\/","og_locale":"ru_RU","og_type":"article","og_title":"BabyDan Asta\/Premier turvav\u00e4rav, Black , \u041d\u041e\u0412\u042b\u0415 \u0422\u041e\u0412\u0410\u0420\u042b, \u0411\u0435\u0437\u043e\u043f\u0430\u0441\u043d\u043e\u0441\u0442\u044c, \u0432\u043e\u0440\u043e\u0442\u0430 \u0431\u0435\u0437\u043e\u043f\u0430\u0441\u043d\u043e\u0441\u0442\u0438,\u043c\u0430\u043d\u0435\u0436\u0438, \u0412\u043e\u0440\u043e\u0442\u0430 \u0431\u0435\u0437\u043e\u043f\u0430\u0441\u043d\u043e\u0441\u0442\u0438, \u0421\u043d\u0430\u0440\u044f\u0436\u0435\u043d\u0438\u044f \u0431\u0435\u0437\u043e\u043f\u0430\u0441\u043d\u043e\u0441\u0442\u0438, Beebipood","og_description":"BabyDan Asta\/Premier turvav\u00e4rav, Black , BabyDan Asta turvav&auml;rav on olnud enimm&uuml;&uuml;dud turvav&auml;rav juba mitmeid aastaid.Kinnitub surv","og_url":"https:\/\/beebipood.ee\/ru\/produkt\/babydan-asta-premier-turvavarav-black-kopeeri-kopeeri-kopeeri\/","og_site_name":"Beebipood","article_modified_time":"2025-03-20T11:21:07+00:00","og_image":[{"width":1200,"height":1200,"url":"https:\/\/beebipood.ee\/wp-content\/uploads\/2025\/03\/babydan-turvavarav-premier-extra-wide-158cm.jpg","type":"image\/jpeg"}],"twitter_card":"summary_large_image","twitter_misc":{"\u041f\u0440\u0438\u043c\u0435\u0440\u043d\u043e\u0435 \u0432\u0440\u0435\u043c\u044f \u0434\u043b\u044f \u0447\u0442\u0435\u043d\u0438\u044f":"1 \u043c\u0438\u043d\u0443\u0442\u0430"},"schema":{"@context":"https:\/\/schema.org","@graph":[{"@type":"WebPage","@id":"https:\/\/beebipood.ee\/ru\/produkt\/babydan-asta-premier-turvavarav-black-kopeeri-kopeeri-kopeeri\/","url":"https:\/\/beebipood.ee\/ru\/produkt\/babydan-asta-premier-turvavarav-black-kopeeri-kopeeri-kopeeri\/","name":"BabyDan Asta\/Premier turvav\u00e4rav, Black , \u041d\u041e\u0412\u042b\u0415 \u0422\u041e\u0412\u0410\u0420\u042b, \u0411\u0435\u0437\u043e\u043f\u0430\u0441\u043d\u043e\u0441\u0442\u044c, \u0432\u043e\u0440\u043e\u0442\u0430 \u0431\u0435\u0437\u043e\u043f\u0430\u0441\u043d\u043e\u0441\u0442\u0438,\u043c\u0430\u043d\u0435\u0436\u0438, \u0412\u043e\u0440\u043e\u0442\u0430 \u0431\u0435\u0437\u043e\u043f\u0430\u0441\u043d\u043e\u0441\u0442\u0438, \u0421\u043d\u0430\u0440\u044f\u0436\u0435\u043d\u0438\u044f \u0431\u0435\u0437\u043e\u043f\u0430\u0441\u043d\u043e\u0441\u0442\u0438, Beebipood","isPartOf":{"@id":"https:\/\/beebipood.ee\/ru\/#website"},"primaryImageOfPage":{"@id":"https:\/\/beebipood.ee\/ru\/produkt\/babydan-asta-premier-turvavarav-black-kopeeri-kopeeri-kopeeri\/#primaryimage"},"image":{"@id":"https:\/\/beebipood.ee\/ru\/produkt\/babydan-asta-premier-turvavarav-black-kopeeri-kopeeri-kopeeri\/#primaryimage"},"thumbnailUrl":"https:\/\/beebipood.ee\/wp-content\/uploads\/2025\/03\/babydan-turvavarav-premier-extra-wide-132cm2.jpg","datePublished":"2025-03-20T11:19:13+00:00","dateModified":"2025-03-20T11:21:07+00:00","description":"BabyDan Asta\/Premier turvav\u00e4rav, Black , BabyDan Asta turvav&auml;rav on olnud enimm&uuml;&uuml;dud turvav&auml;rav juba mitmeid aastaid.Kinnitub surv","breadcrumb":{"@id":"https:\/\/beebipood.ee\/ru\/produkt\/babydan-asta-premier-turvavarav-black-kopeeri-kopeeri-kopeeri\/#breadcrumb"},"inLanguage":"ru-RU","potentialAction":[{"@type":"ReadAction","target":["https:\/\/beebipood.ee\/ru\/produkt\/babydan-asta-premier-turvavarav-black-kopeeri-kopeeri-kopeeri\/"]}]},{"@type":"ImageObject","inLanguage":"ru-RU","@id":"https:\/\/beebipood.ee\/ru\/produkt\/babydan-asta-premier-turvavarav-black-kopeeri-kopeeri-kopeeri\/#primaryimage","url":"https:\/\/beebipood.ee\/wp-content\/uploads\/2025\/03\/babydan-turvavarav-premier-extra-wide-132cm2.jpg","contentUrl":"https:\/\/beebipood.ee\/wp-content\/uploads\/2025\/03\/babydan-turvavarav-premier-extra-wide-132cm2.jpg","width":1200,"height":1200},{"@type":"BreadcrumbList","@id":"https:\/\/beebipood.ee\/ru\/produkt\/babydan-asta-premier-turvavarav-black-kopeeri-kopeeri-kopeeri\/#breadcrumb","itemListElement":[{"@type":"ListItem","position":1,"name":"Home","item":"https:\/\/beebipood.ee\/ru\/"},{"@type":"ListItem","position":2,"name":"\u041a\u0430\u0442\u0430\u043b\u043e\u0433 \u0442\u043e\u0432\u0430\u0440\u043e\u0432","item":"https:\/\/beebipood.ee\/tooted\/"},{"@type":"ListItem","position":3,"name":"BabyDan Asta\/Premier turvav\u00e4rav, Black (kopeeri) (kopeeri) (kopeeri)"}]},{"@type":"WebSite","@id":"https:\/\/beebipood.ee\/ru\/#website","url":"https:\/\/beebipood.ee\/ru\/","name":"Beebipood","description":"Lastekaubad, beebikaubad, m\u00e4nguasjad","publisher":{"@id":"https:\/\/beebipood.ee\/ru\/#organization"},"potentialAction":[{"@type":"SearchAction","target":{"@type":"EntryPoint","urlTemplate":"https:\/\/beebipood.ee\/ru\/?s={search_term_string}"},"query-input":{"@type":"PropertyValueSpecification","valueRequired":true,"valueName":"search_term_string"}}],"inLanguage":"ru-RU"},{"@type":"Organization","@id":"https:\/\/beebipood.ee\/ru\/#organization","name":"Beebipood","url":"https:\/\/beebipood.ee\/ru\/","logo":{"@type":"ImageObject","inLanguage":"ru-RU","@id":"https:\/\/beebipood.ee\/ru\/#\/schema\/logo\/image\/","url":"https:\/\/beebipood.ee\/wp-content\/uploads\/2025\/03\/beebipood.ee-logo-1.svg","contentUrl":"https:\/\/beebipood.ee\/wp-content\/uploads\/2025\/03\/beebipood.ee-logo-1.svg","caption":"Beebipood"},"image":{"@id":"https:\/\/beebipood.ee\/ru\/#\/schema\/logo\/image\/"}}]}},"brands":[{"id":11971,"name":"BabyDan","slug":"babydan-ru"}],"_links":{"self":[{"href":"https:\/\/beebipood.ee\/ru\/wp-json\/wp\/v2\/product\/502947","targetHints":{"allow":["GET"]}}],"collection":[{"href":"https:\/\/beebipood.ee\/ru\/wp-json\/wp\/v2\/product"}],"about":[{"href":"https:\/\/beebipood.ee\/ru\/wp-json\/wp\/v2\/types\/product"}],"wp:featuredmedia":[{"embeddable":true,"href":"https:\/\/beebipood.ee\/ru\/wp-json\/wp\/v2\/media\/502949"}],"wp:attachment":[{"href":"https:\/\/beebipood.ee\/ru\/wp-json\/wp\/v2\/media?parent=502947"}],"wp:term":[{"taxonomy":"pwb-brand","embeddable":true,"href":"https:\/\/beebipood.ee\/ru\/wp-json\/wp\/v2\/pwb-brand?post=502947"},{"taxonomy":"product_brand","embeddable":true,"href":"https:\/\/beebipood.ee\/ru\/wp-json\/wp\/v2\/product_brand?post=502947"},{"taxonomy":"product_cat","embeddable":true,"href":"https:\/\/beebipood.ee\/ru\/wp-json\/wp\/v2\/product_cat?post=502947"},{"taxonomy":"product_tag","embeddable":true,"href":"https:\/\/beebipood.ee\/ru\/wp-json\/wp\/v2\/product_tag?post=502947"}],"curies":[{"name":"wp","href":"https:\/\/api.w.org\/{rel}","templated":true}]}}