{"id":502992,"date":"2025-03-21T10:17:19","date_gmt":"2025-03-21T08:17:19","guid":{"rendered":"https:\/\/beebipood.ee\/?post_type=product&#038;p=502992"},"modified":"2025-04-07T14:43:31","modified_gmt":"2025-04-07T11:43:31","slug":"ortopeediline-poroloonmadrats-todi-80x160","status":"publish","type":"product","link":"https:\/\/beebipood.ee\/ru\/produkt\/ortopeediline-poroloonmadrats-todi-80x160\/","title":{"rendered":"Ortopeediline poroloonmadrats Todi 80&#215;160"},"content":{"rendered":"<p>Kahepoolne ortopeediline poroloonmadrats,<br \/>\nmille \u00fcks pool on profileeritud poroloonist ja teine pool poroloonist.<br \/>\nMadrats on valmistatud painduvast ja \u00f5hulisest Flexifoam poroloonist .<br \/>\nSelle \u00f5huline poroloon ning profileeritud \u201cmunarest\u201d<br \/>\ntagab v\u00e4ga hea ventilatsiooni, t\u00e4nu millele madrats \u201chingab\u201d<br \/>\nja s\u00e4ilitab k\u00f5ige olulisemad funktsionaalsed omadused kogu kasutusaja v\u00e4ltel.<br \/>\nOrtopeediline madrats stabiliseerib ja kohandub h\u00e4sti kehaga.<br \/>\nSobivaima madratsi poole saab valida juba kasutamise k\u00e4igus<br \/>\nMadratsi struktuur tagab teie lapsele tervisliku<br \/>\nja mugava une enne aktiivset p\u00e4eva, mis on t\u00e4is erinevaid v\u00e4ljakutseid.<br \/>\nToodetes kasutatavad materjalid vastavad rahvusvahelisele \u00d6ko-Tex 100 standardile.<br \/>\nMadratsi kate kergesti eemaldatav ja masinpestav kuni 40\u00b0C juures<br \/>\nSaadavad m\u00f5\u00f5dud: 80\u00d7160\u00d712, 80\u00d7180x12cm, 80x200x12cm ja 90x200x12cm.<\/p>\n","protected":false},"excerpt":{"rendered":"<p>Kahepoolne ortopeediline poroloonmadrats, mille \u00fcks pool on profileeritud poroloonist ja teine pool poroloonist. Madrats on valmistatud painduvast ja \u00f5hulisest Flexifoam poroloonist . Selle \u00f5huline poroloon ning profileeritud \u201cmunarest\u201d tagab v\u00e4ga hea ventilatsiooni, t\u00e4nu millele madrats \u201chingab\u201d ja s\u00e4ilitab k\u00f5ige olulisemad funktsionaalsed omadused kogu kasutusaja v\u00e4ltel. Ortopeediline madrats stabiliseerib ja kohandub h\u00e4sti kehaga. Sobivaima madratsi poole [&hellip;]<\/p>\n","protected":false},"featured_media":148416,"template":"","meta":{"_acf_changed":false},"pwb-brand":[],"product_brand":[],"product_cat":[11573,11599,11563,11789],"product_tag":[],"class_list":{"0":"post-502992","1":"product","2":"type-product","3":"status-publish","4":"has-post-thumbnail","6":"product_cat-sooduspakkumised-ru","7":"product_cat-kuni-80cm-laiused-ru","8":"product_cat-madratsid-ja-kattemadratsid-ru","9":"product_cat-lastemoobel-ja-sisustus-ru","11":"first","12":"instock","13":"sale","14":"taxable","15":"shipping-taxable","16":"purchasable","17":"product-type-simple"},"exclude_global_add_ons":[],"addons":[],"acf":[],"yoast_head":"<!-- This site is optimized with the Yoast SEO plugin v27.1.1 - https:\/\/yoast.com\/product\/yoast-seo-wordpress\/ -->\n<title>Lastemadrats Kookos-Lateks Ortopeediline 80x160, \u041c\u0430\u0442\u0440\u0430\u0441\u044b \u0438 \u043c\u0430\u0442\u0440\u0430\u0441\u044b-\u043f\u043e\u043a\u0440\u044b\u0432\u0430\u043b\u0430, \u0421\u041a\u0418\u0414\u041a\u0418, \u0428\u0438\u0440\u0438\u043d\u043e\u0439 \u0434\u043e 80 c\u043c, M\u0435\u0431\u0435\u043b\u044c, Beebipood<\/title>\n<meta name=\"description\" content=\"Lastemadrats Kookos-Lateks Ortopeediline 80x160, *\u00a0kahepoolne\u00a0vedrudeta\u00a0madrats\u00a0* madr\" \/>\n<meta name=\"robots\" content=\"index, follow, max-snippet:-1, max-image-preview:large, max-video-preview:-1\" \/>\n<link rel=\"canonical\" href=\"https:\/\/beebipood.ee\/ru\/produkt\/ortopeediline-poroloonmadrats-todi-80x160\/\" \/>\n<meta property=\"og:locale\" content=\"ru_RU\" \/>\n<meta property=\"og:type\" content=\"article\" \/>\n<meta property=\"og:title\" content=\"Lastemadrats Kookos-Lateks Ortopeediline 80x160, \u041c\u0430\u0442\u0440\u0430\u0441\u044b \u0438 \u043c\u0430\u0442\u0440\u0430\u0441\u044b-\u043f\u043e\u043a\u0440\u044b\u0432\u0430\u043b\u0430, \u0421\u041a\u0418\u0414\u041a\u0418, \u0428\u0438\u0440\u0438\u043d\u043e\u0439 \u0434\u043e 80 c\u043c, M\u0435\u0431\u0435\u043b\u044c, Beebipood\" \/>\n<meta property=\"og:description\" content=\"Lastemadrats Kookos-Lateks Ortopeediline 80x160, *\u00a0kahepoolne\u00a0vedrudeta\u00a0madrats\u00a0* madr\" \/>\n<meta property=\"og:url\" content=\"https:\/\/beebipood.ee\/ru\/produkt\/ortopeediline-poroloonmadrats-todi-80x160\/\" \/>\n<meta property=\"og:site_name\" content=\"Beebipood\" \/>\n<meta property=\"article:modified_time\" content=\"2025-04-07T11:43:31+00:00\" \/>\n<meta property=\"og:image\" content=\"https:\/\/beebipood.ee\/wp-content\/uploads\/2013\/09\/Lastemadrats-KookosLateks-Ortopeediline-80x160-Madratsid-ja-kattemadratsid-Kuni-80cm-laiused-Lastemoobel-ja-sisustus_1-e9d.jpg\" \/>\n\t<meta property=\"og:image:width\" content=\"992\" \/>\n\t<meta property=\"og:image:height\" content=\"900\" \/>\n\t<meta property=\"og:image:type\" content=\"image\/jpeg\" \/>\n<meta name=\"twitter:card\" content=\"summary_large_image\" \/>\n<meta name=\"twitter:label1\" content=\"\u041f\u0440\u0438\u043c\u0435\u0440\u043d\u043e\u0435 \u0432\u0440\u0435\u043c\u044f \u0434\u043b\u044f \u0447\u0442\u0435\u043d\u0438\u044f\" \/>\n\t<meta name=\"twitter:data1\" content=\"1 \u043c\u0438\u043d\u0443\u0442\u0430\" \/>\n<script type=\"application\/ld+json\" class=\"yoast-schema-graph\">{\"@context\":\"https:\/\/schema.org\",\"@graph\":[{\"@type\":\"WebPage\",\"@id\":\"https:\/\/beebipood.ee\/ru\/produkt\/ortopeediline-poroloonmadrats-todi-80x160\/\",\"url\":\"https:\/\/beebipood.ee\/ru\/produkt\/ortopeediline-poroloonmadrats-todi-80x160\/\",\"name\":\"Lastemadrats Kookos-Lateks Ortopeediline 80x160, \u041c\u0430\u0442\u0440\u0430\u0441\u044b \u0438 \u043c\u0430\u0442\u0440\u0430\u0441\u044b-\u043f\u043e\u043a\u0440\u044b\u0432\u0430\u043b\u0430, \u0421\u041a\u0418\u0414\u041a\u0418, \u0428\u0438\u0440\u0438\u043d\u043e\u0439 \u0434\u043e 80 c\u043c, M\u0435\u0431\u0435\u043b\u044c, Beebipood\",\"isPartOf\":{\"@id\":\"https:\/\/beebipood.ee\/ru\/#website\"},\"primaryImageOfPage\":{\"@id\":\"https:\/\/beebipood.ee\/ru\/produkt\/ortopeediline-poroloonmadrats-todi-80x160\/#primaryimage\"},\"image\":{\"@id\":\"https:\/\/beebipood.ee\/ru\/produkt\/ortopeediline-poroloonmadrats-todi-80x160\/#primaryimage\"},\"thumbnailUrl\":\"https:\/\/beebipood.ee\/wp-content\/uploads\/2013\/09\/Lastemadrats-KookosLateks-Ortopeediline-80x160-Madratsid-ja-kattemadratsid-Kuni-80cm-laiused-Lastemoobel-ja-sisustus_1-e9d.jpg\",\"datePublished\":\"2025-03-21T08:17:19+00:00\",\"dateModified\":\"2025-04-07T11:43:31+00:00\",\"description\":\"Lastemadrats Kookos-Lateks Ortopeediline 80x160, *\u00a0kahepoolne\u00a0vedrudeta\u00a0madrats\u00a0* madr\",\"breadcrumb\":{\"@id\":\"https:\/\/beebipood.ee\/ru\/produkt\/ortopeediline-poroloonmadrats-todi-80x160\/#breadcrumb\"},\"inLanguage\":\"ru-RU\",\"potentialAction\":[{\"@type\":\"ReadAction\",\"target\":[\"https:\/\/beebipood.ee\/ru\/produkt\/ortopeediline-poroloonmadrats-todi-80x160\/\"]}]},{\"@type\":\"ImageObject\",\"inLanguage\":\"ru-RU\",\"@id\":\"https:\/\/beebipood.ee\/ru\/produkt\/ortopeediline-poroloonmadrats-todi-80x160\/#primaryimage\",\"url\":\"https:\/\/beebipood.ee\/wp-content\/uploads\/2013\/09\/Lastemadrats-KookosLateks-Ortopeediline-80x160-Madratsid-ja-kattemadratsid-Kuni-80cm-laiused-Lastemoobel-ja-sisustus_1-e9d.jpg\",\"contentUrl\":\"https:\/\/beebipood.ee\/wp-content\/uploads\/2013\/09\/Lastemadrats-KookosLateks-Ortopeediline-80x160-Madratsid-ja-kattemadratsid-Kuni-80cm-laiused-Lastemoobel-ja-sisustus_1-e9d.jpg\",\"width\":992,\"height\":900},{\"@type\":\"BreadcrumbList\",\"@id\":\"https:\/\/beebipood.ee\/ru\/produkt\/ortopeediline-poroloonmadrats-todi-80x160\/#breadcrumb\",\"itemListElement\":[{\"@type\":\"ListItem\",\"position\":1,\"name\":\"Home\",\"item\":\"https:\/\/beebipood.ee\/ru\/\"},{\"@type\":\"ListItem\",\"position\":2,\"name\":\"\u041a\u0430\u0442\u0430\u043b\u043e\u0433 \u0442\u043e\u0432\u0430\u0440\u043e\u0432\",\"item\":\"https:\/\/beebipood.ee\/tooted\/\"},{\"@type\":\"ListItem\",\"position\":3,\"name\":\"Ortopeediline poroloonmadrats Todi 80&#215;160\"}]},{\"@type\":\"WebSite\",\"@id\":\"https:\/\/beebipood.ee\/ru\/#website\",\"url\":\"https:\/\/beebipood.ee\/ru\/\",\"name\":\"Beebipood\",\"description\":\"Lastekaubad, beebikaubad, m\u00e4nguasjad\",\"publisher\":{\"@id\":\"https:\/\/beebipood.ee\/ru\/#organization\"},\"potentialAction\":[{\"@type\":\"SearchAction\",\"target\":{\"@type\":\"EntryPoint\",\"urlTemplate\":\"https:\/\/beebipood.ee\/ru\/?s={search_term_string}\"},\"query-input\":{\"@type\":\"PropertyValueSpecification\",\"valueRequired\":true,\"valueName\":\"search_term_string\"}}],\"inLanguage\":\"ru-RU\"},{\"@type\":\"Organization\",\"@id\":\"https:\/\/beebipood.ee\/ru\/#organization\",\"name\":\"Beebipood\",\"url\":\"https:\/\/beebipood.ee\/ru\/\",\"logo\":{\"@type\":\"ImageObject\",\"inLanguage\":\"ru-RU\",\"@id\":\"https:\/\/beebipood.ee\/ru\/#\/schema\/logo\/image\/\",\"url\":\"https:\/\/beebipood.ee\/wp-content\/uploads\/2025\/03\/beebipood.ee-logo-1.svg\",\"contentUrl\":\"https:\/\/beebipood.ee\/wp-content\/uploads\/2025\/03\/beebipood.ee-logo-1.svg\",\"caption\":\"Beebipood\"},\"image\":{\"@id\":\"https:\/\/beebipood.ee\/ru\/#\/schema\/logo\/image\/\"}}]}<\/script>\n<!-- \/ Yoast SEO plugin. -->","yoast_head_json":{"title":"Lastemadrats Kookos-Lateks Ortopeediline 80x160, \u041c\u0430\u0442\u0440\u0430\u0441\u044b \u0438 \u043c\u0430\u0442\u0440\u0430\u0441\u044b-\u043f\u043e\u043a\u0440\u044b\u0432\u0430\u043b\u0430, \u0421\u041a\u0418\u0414\u041a\u0418, \u0428\u0438\u0440\u0438\u043d\u043e\u0439 \u0434\u043e 80 c\u043c, M\u0435\u0431\u0435\u043b\u044c, Beebipood","description":"Lastemadrats Kookos-Lateks Ortopeediline 80x160, *\u00a0kahepoolne\u00a0vedrudeta\u00a0madrats\u00a0* madr","robots":{"index":"index","follow":"follow","max-snippet":"max-snippet:-1","max-image-preview":"max-image-preview:large","max-video-preview":"max-video-preview:-1"},"canonical":"https:\/\/beebipood.ee\/ru\/produkt\/ortopeediline-poroloonmadrats-todi-80x160\/","og_locale":"ru_RU","og_type":"article","og_title":"Lastemadrats Kookos-Lateks Ortopeediline 80x160, \u041c\u0430\u0442\u0440\u0430\u0441\u044b \u0438 \u043c\u0430\u0442\u0440\u0430\u0441\u044b-\u043f\u043e\u043a\u0440\u044b\u0432\u0430\u043b\u0430, \u0421\u041a\u0418\u0414\u041a\u0418, \u0428\u0438\u0440\u0438\u043d\u043e\u0439 \u0434\u043e 80 c\u043c, M\u0435\u0431\u0435\u043b\u044c, Beebipood","og_description":"Lastemadrats Kookos-Lateks Ortopeediline 80x160, *\u00a0kahepoolne\u00a0vedrudeta\u00a0madrats\u00a0* madr","og_url":"https:\/\/beebipood.ee\/ru\/produkt\/ortopeediline-poroloonmadrats-todi-80x160\/","og_site_name":"Beebipood","article_modified_time":"2025-04-07T11:43:31+00:00","og_image":[{"width":992,"height":900,"url":"https:\/\/beebipood.ee\/wp-content\/uploads\/2013\/09\/Lastemadrats-KookosLateks-Ortopeediline-80x160-Madratsid-ja-kattemadratsid-Kuni-80cm-laiused-Lastemoobel-ja-sisustus_1-e9d.jpg","type":"image\/jpeg"}],"twitter_card":"summary_large_image","twitter_misc":{"\u041f\u0440\u0438\u043c\u0435\u0440\u043d\u043e\u0435 \u0432\u0440\u0435\u043c\u044f \u0434\u043b\u044f \u0447\u0442\u0435\u043d\u0438\u044f":"1 \u043c\u0438\u043d\u0443\u0442\u0430"},"schema":{"@context":"https:\/\/schema.org","@graph":[{"@type":"WebPage","@id":"https:\/\/beebipood.ee\/ru\/produkt\/ortopeediline-poroloonmadrats-todi-80x160\/","url":"https:\/\/beebipood.ee\/ru\/produkt\/ortopeediline-poroloonmadrats-todi-80x160\/","name":"Lastemadrats Kookos-Lateks Ortopeediline 80x160, \u041c\u0430\u0442\u0440\u0430\u0441\u044b \u0438 \u043c\u0430\u0442\u0440\u0430\u0441\u044b-\u043f\u043e\u043a\u0440\u044b\u0432\u0430\u043b\u0430, \u0421\u041a\u0418\u0414\u041a\u0418, \u0428\u0438\u0440\u0438\u043d\u043e\u0439 \u0434\u043e 80 c\u043c, M\u0435\u0431\u0435\u043b\u044c, Beebipood","isPartOf":{"@id":"https:\/\/beebipood.ee\/ru\/#website"},"primaryImageOfPage":{"@id":"https:\/\/beebipood.ee\/ru\/produkt\/ortopeediline-poroloonmadrats-todi-80x160\/#primaryimage"},"image":{"@id":"https:\/\/beebipood.ee\/ru\/produkt\/ortopeediline-poroloonmadrats-todi-80x160\/#primaryimage"},"thumbnailUrl":"https:\/\/beebipood.ee\/wp-content\/uploads\/2013\/09\/Lastemadrats-KookosLateks-Ortopeediline-80x160-Madratsid-ja-kattemadratsid-Kuni-80cm-laiused-Lastemoobel-ja-sisustus_1-e9d.jpg","datePublished":"2025-03-21T08:17:19+00:00","dateModified":"2025-04-07T11:43:31+00:00","description":"Lastemadrats Kookos-Lateks Ortopeediline 80x160, *\u00a0kahepoolne\u00a0vedrudeta\u00a0madrats\u00a0* madr","breadcrumb":{"@id":"https:\/\/beebipood.ee\/ru\/produkt\/ortopeediline-poroloonmadrats-todi-80x160\/#breadcrumb"},"inLanguage":"ru-RU","potentialAction":[{"@type":"ReadAction","target":["https:\/\/beebipood.ee\/ru\/produkt\/ortopeediline-poroloonmadrats-todi-80x160\/"]}]},{"@type":"ImageObject","inLanguage":"ru-RU","@id":"https:\/\/beebipood.ee\/ru\/produkt\/ortopeediline-poroloonmadrats-todi-80x160\/#primaryimage","url":"https:\/\/beebipood.ee\/wp-content\/uploads\/2013\/09\/Lastemadrats-KookosLateks-Ortopeediline-80x160-Madratsid-ja-kattemadratsid-Kuni-80cm-laiused-Lastemoobel-ja-sisustus_1-e9d.jpg","contentUrl":"https:\/\/beebipood.ee\/wp-content\/uploads\/2013\/09\/Lastemadrats-KookosLateks-Ortopeediline-80x160-Madratsid-ja-kattemadratsid-Kuni-80cm-laiused-Lastemoobel-ja-sisustus_1-e9d.jpg","width":992,"height":900},{"@type":"BreadcrumbList","@id":"https:\/\/beebipood.ee\/ru\/produkt\/ortopeediline-poroloonmadrats-todi-80x160\/#breadcrumb","itemListElement":[{"@type":"ListItem","position":1,"name":"Home","item":"https:\/\/beebipood.ee\/ru\/"},{"@type":"ListItem","position":2,"name":"\u041a\u0430\u0442\u0430\u043b\u043e\u0433 \u0442\u043e\u0432\u0430\u0440\u043e\u0432","item":"https:\/\/beebipood.ee\/tooted\/"},{"@type":"ListItem","position":3,"name":"Ortopeediline poroloonmadrats Todi 80&#215;160"}]},{"@type":"WebSite","@id":"https:\/\/beebipood.ee\/ru\/#website","url":"https:\/\/beebipood.ee\/ru\/","name":"Beebipood","description":"Lastekaubad, beebikaubad, m\u00e4nguasjad","publisher":{"@id":"https:\/\/beebipood.ee\/ru\/#organization"},"potentialAction":[{"@type":"SearchAction","target":{"@type":"EntryPoint","urlTemplate":"https:\/\/beebipood.ee\/ru\/?s={search_term_string}"},"query-input":{"@type":"PropertyValueSpecification","valueRequired":true,"valueName":"search_term_string"}}],"inLanguage":"ru-RU"},{"@type":"Organization","@id":"https:\/\/beebipood.ee\/ru\/#organization","name":"Beebipood","url":"https:\/\/beebipood.ee\/ru\/","logo":{"@type":"ImageObject","inLanguage":"ru-RU","@id":"https:\/\/beebipood.ee\/ru\/#\/schema\/logo\/image\/","url":"https:\/\/beebipood.ee\/wp-content\/uploads\/2025\/03\/beebipood.ee-logo-1.svg","contentUrl":"https:\/\/beebipood.ee\/wp-content\/uploads\/2025\/03\/beebipood.ee-logo-1.svg","caption":"Beebipood"},"image":{"@id":"https:\/\/beebipood.ee\/ru\/#\/schema\/logo\/image\/"}}]}},"brands":[],"_links":{"self":[{"href":"https:\/\/beebipood.ee\/ru\/wp-json\/wp\/v2\/product\/502992","targetHints":{"allow":["GET"]}}],"collection":[{"href":"https:\/\/beebipood.ee\/ru\/wp-json\/wp\/v2\/product"}],"about":[{"href":"https:\/\/beebipood.ee\/ru\/wp-json\/wp\/v2\/types\/product"}],"wp:featuredmedia":[{"embeddable":true,"href":"https:\/\/beebipood.ee\/ru\/wp-json\/wp\/v2\/media\/148416"}],"wp:attachment":[{"href":"https:\/\/beebipood.ee\/ru\/wp-json\/wp\/v2\/media?parent=502992"}],"wp:term":[{"taxonomy":"pwb-brand","embeddable":true,"href":"https:\/\/beebipood.ee\/ru\/wp-json\/wp\/v2\/pwb-brand?post=502992"},{"taxonomy":"product_brand","embeddable":true,"href":"https:\/\/beebipood.ee\/ru\/wp-json\/wp\/v2\/product_brand?post=502992"},{"taxonomy":"product_cat","embeddable":true,"href":"https:\/\/beebipood.ee\/ru\/wp-json\/wp\/v2\/product_cat?post=502992"},{"taxonomy":"product_tag","embeddable":true,"href":"https:\/\/beebipood.ee\/ru\/wp-json\/wp\/v2\/product_tag?post=502992"}],"curies":[{"name":"wp","href":"https:\/\/api.w.org\/{rel}","templated":true}]}}