{"id":503359,"date":"2025-03-27T14:42:44","date_gmt":"2025-03-27T12:42:44","guid":{"rendered":"https:\/\/beebipood.ee\/?post_type=product&#038;p=503359"},"modified":"2025-04-16T16:28:46","modified_gmt":"2025-04-16T13:28:46","slug":"kummut-mia-max-valge","status":"publish","type":"product","link":"https:\/\/beebipood.ee\/ru\/produkt\/kummut-mia-max-valge\/","title":{"rendered":"Kummut Mia max, valge"},"content":{"rendered":"<p>MIA kollektsiooni soontega disain j\u00e4rgib m\u00f6\u00f6blidisaini hetke trende,<br \/>\nkummut sobib suurep\u00e4raselt mitte ainult lastetuppa, vaid ka elutuppa.<br \/>\nMahukad riiulid ja nende mitmele tasapinnale paigaldamise v\u00f5imalus<br \/>\non omadused, mis muudavad MIA kummuti \u00fclimalt funktsionaalseks.<br \/>\n\u00d5rnad mustad k\u00e4epidemed ja reguleeritavad jalad lisavad iseloomu.<br \/>\nVaikselt sulguvad uksed muudavad MIA kummuti kasutamise puhtaks naudinguks.<br \/>\n* valmistatud p\u00f6\u00f6gipuidust,\u00a0 kvaliteetsest MDF-plaadist ja m\u00f6\u00f6bliplaadist<br \/>\n* toode on kahev\u00e4rviline<br \/>\n* kolm ust<br \/>\n* vaikselt sulguvad uksed<br \/>\n* toode vastab k\u00f5ikidele EN turvastandarditele<br \/>\n* valmistamisel kasutatud antiallergilisei materjale<br \/>\n* K\u00f5rgus 134cm, Laius 80cm, S\u00fcgavus 45cm<br \/>\n* Tarnitakse detailidena, vajab kokkupanekut<\/p>\n","protected":false},"excerpt":{"rendered":"<p>MIA kollektsiooni soontega disain j\u00e4rgib m\u00f6\u00f6blidisaini hetke trende, kummut sobib suurep\u00e4raselt mitte ainult lastetuppa, vaid ka elutuppa. Mahukad riiulid ja nende mitmele tasapinnale paigaldamise v\u00f5imalus on omadused, mis muudavad MIA kummuti \u00fclimalt funktsionaalseks. \u00d5rnad mustad k\u00e4epidemed ja reguleeritavad jalad lisavad iseloomu. Vaikselt sulguvad uksed muudavad MIA kummuti kasutamise puhtaks naudinguks. * valmistatud p\u00f6\u00f6gipuidust,\u00a0 kvaliteetsest MDF-plaadist [&hellip;]<\/p>\n","protected":false},"featured_media":503361,"template":"","meta":{"_acf_changed":false},"pwb-brand":[11946],"product_brand":[],"product_cat":[11627,11623,11631,11789],"product_tag":[],"class_list":{"0":"post-503359","1":"product","2":"type-product","3":"status-publish","4":"has-post-thumbnail","6":"pwb-brand-klups-ru","7":"product_cat-kummutid-ru","8":"product_cat-kummutid-kastid-ru","9":"product_cat-kapid-riiulid-ru","10":"product_cat-lastemoobel-ja-sisustus-ru","11":"pa_manufacturer-klups-ru","13":"first","14":"onbackorder","15":"sale","16":"taxable","17":"shipping-taxable","18":"purchasable","19":"product-type-simple"},"exclude_global_add_ons":[],"addons":[],"acf":[],"yoast_head":"<!-- This site is optimized with the Yoast SEO plugin v27.1.1 - https:\/\/yoast.com\/product\/yoast-seo-wordpress\/ -->\n<title>Kummut Dalia, p\u00f6\u00f6k, \u041d\u041e\u0412\u042b\u0415 \u0422\u041e\u0412\u0410\u0420\u042b, K\u043e\u043c\u043e\u0434\u044b, \u044f\u0449\u0438\u043a\u0438, K\u043e\u043c\u043e\u0434\u044b, M\u0435\u0431\u0435\u043b\u044c, Beebipood<\/title>\n<meta name=\"description\" content=\"Kummut Dalia, p\u00f6\u00f6k, * valmistatud m\u00f6\u00f6bliplaadist* toode on kahev\u00e4rviline* kolm mahukat sahtlit* kummuti sahtlid liiguvad m\" \/>\n<meta name=\"robots\" content=\"index, follow, max-snippet:-1, max-image-preview:large, max-video-preview:-1\" \/>\n<link rel=\"canonical\" href=\"https:\/\/beebipood.ee\/ru\/produkt\/kummut-mia-max-valge\/\" \/>\n<meta property=\"og:locale\" content=\"ru_RU\" \/>\n<meta property=\"og:type\" content=\"article\" \/>\n<meta property=\"og:title\" content=\"Kummut Dalia, p\u00f6\u00f6k, \u041d\u041e\u0412\u042b\u0415 \u0422\u041e\u0412\u0410\u0420\u042b, K\u043e\u043c\u043e\u0434\u044b, \u044f\u0449\u0438\u043a\u0438, K\u043e\u043c\u043e\u0434\u044b, M\u0435\u0431\u0435\u043b\u044c, Beebipood\" \/>\n<meta property=\"og:description\" content=\"Kummut Dalia, p\u00f6\u00f6k, * valmistatud m\u00f6\u00f6bliplaadist* toode on kahev\u00e4rviline* kolm mahukat sahtlit* kummuti sahtlid liiguvad m\" \/>\n<meta property=\"og:url\" content=\"https:\/\/beebipood.ee\/ru\/produkt\/kummut-mia-max-valge\/\" \/>\n<meta property=\"og:site_name\" content=\"Beebipood\" \/>\n<meta property=\"article:modified_time\" content=\"2025-04-16T13:28:46+00:00\" \/>\n<meta property=\"og:image\" content=\"https:\/\/beebipood.ee\/wp-content\/uploads\/2025\/03\/mia-max-kummut.jpg\" \/>\n\t<meta property=\"og:image:width\" content=\"1000\" \/>\n\t<meta property=\"og:image:height\" content=\"1000\" \/>\n\t<meta property=\"og:image:type\" content=\"image\/jpeg\" \/>\n<meta name=\"twitter:card\" content=\"summary_large_image\" \/>\n<meta name=\"twitter:label1\" content=\"\u041f\u0440\u0438\u043c\u0435\u0440\u043d\u043e\u0435 \u0432\u0440\u0435\u043c\u044f \u0434\u043b\u044f \u0447\u0442\u0435\u043d\u0438\u044f\" \/>\n\t<meta name=\"twitter:data1\" content=\"1 \u043c\u0438\u043d\u0443\u0442\u0430\" \/>\n<script type=\"application\/ld+json\" class=\"yoast-schema-graph\">{\"@context\":\"https:\/\/schema.org\",\"@graph\":[{\"@type\":\"WebPage\",\"@id\":\"https:\/\/beebipood.ee\/ru\/produkt\/kummut-mia-max-valge\/\",\"url\":\"https:\/\/beebipood.ee\/ru\/produkt\/kummut-mia-max-valge\/\",\"name\":\"Kummut Dalia, p\u00f6\u00f6k, \u041d\u041e\u0412\u042b\u0415 \u0422\u041e\u0412\u0410\u0420\u042b, K\u043e\u043c\u043e\u0434\u044b, \u044f\u0449\u0438\u043a\u0438, K\u043e\u043c\u043e\u0434\u044b, M\u0435\u0431\u0435\u043b\u044c, Beebipood\",\"isPartOf\":{\"@id\":\"https:\/\/beebipood.ee\/ru\/#website\"},\"primaryImageOfPage\":{\"@id\":\"https:\/\/beebipood.ee\/ru\/produkt\/kummut-mia-max-valge\/#primaryimage\"},\"image\":{\"@id\":\"https:\/\/beebipood.ee\/ru\/produkt\/kummut-mia-max-valge\/#primaryimage\"},\"thumbnailUrl\":\"https:\/\/beebipood.ee\/wp-content\/uploads\/2025\/03\/mia-max-kummut.jpg\",\"datePublished\":\"2025-03-27T12:42:44+00:00\",\"dateModified\":\"2025-04-16T13:28:46+00:00\",\"description\":\"Kummut Dalia, p\u00f6\u00f6k, * valmistatud m\u00f6\u00f6bliplaadist* toode on kahev\u00e4rviline* kolm mahukat sahtlit* kummuti sahtlid liiguvad m\",\"breadcrumb\":{\"@id\":\"https:\/\/beebipood.ee\/ru\/produkt\/kummut-mia-max-valge\/#breadcrumb\"},\"inLanguage\":\"ru-RU\",\"potentialAction\":[{\"@type\":\"ReadAction\",\"target\":[\"https:\/\/beebipood.ee\/ru\/produkt\/kummut-mia-max-valge\/\"]}]},{\"@type\":\"ImageObject\",\"inLanguage\":\"ru-RU\",\"@id\":\"https:\/\/beebipood.ee\/ru\/produkt\/kummut-mia-max-valge\/#primaryimage\",\"url\":\"https:\/\/beebipood.ee\/wp-content\/uploads\/2025\/03\/mia-max-kummut.jpg\",\"contentUrl\":\"https:\/\/beebipood.ee\/wp-content\/uploads\/2025\/03\/mia-max-kummut.jpg\",\"width\":1000,\"height\":1000},{\"@type\":\"BreadcrumbList\",\"@id\":\"https:\/\/beebipood.ee\/ru\/produkt\/kummut-mia-max-valge\/#breadcrumb\",\"itemListElement\":[{\"@type\":\"ListItem\",\"position\":1,\"name\":\"Home\",\"item\":\"https:\/\/beebipood.ee\/ru\/\"},{\"@type\":\"ListItem\",\"position\":2,\"name\":\"\u041a\u0430\u0442\u0430\u043b\u043e\u0433 \u0442\u043e\u0432\u0430\u0440\u043e\u0432\",\"item\":\"https:\/\/beebipood.ee\/tooted\/\"},{\"@type\":\"ListItem\",\"position\":3,\"name\":\"Kummut Mia max, valge\"}]},{\"@type\":\"WebSite\",\"@id\":\"https:\/\/beebipood.ee\/ru\/#website\",\"url\":\"https:\/\/beebipood.ee\/ru\/\",\"name\":\"Beebipood\",\"description\":\"Lastekaubad, beebikaubad, m\u00e4nguasjad\",\"publisher\":{\"@id\":\"https:\/\/beebipood.ee\/ru\/#organization\"},\"potentialAction\":[{\"@type\":\"SearchAction\",\"target\":{\"@type\":\"EntryPoint\",\"urlTemplate\":\"https:\/\/beebipood.ee\/ru\/?s={search_term_string}\"},\"query-input\":{\"@type\":\"PropertyValueSpecification\",\"valueRequired\":true,\"valueName\":\"search_term_string\"}}],\"inLanguage\":\"ru-RU\"},{\"@type\":\"Organization\",\"@id\":\"https:\/\/beebipood.ee\/ru\/#organization\",\"name\":\"Beebipood\",\"url\":\"https:\/\/beebipood.ee\/ru\/\",\"logo\":{\"@type\":\"ImageObject\",\"inLanguage\":\"ru-RU\",\"@id\":\"https:\/\/beebipood.ee\/ru\/#\/schema\/logo\/image\/\",\"url\":\"https:\/\/beebipood.ee\/wp-content\/uploads\/2025\/03\/beebipood.ee-logo-1.svg\",\"contentUrl\":\"https:\/\/beebipood.ee\/wp-content\/uploads\/2025\/03\/beebipood.ee-logo-1.svg\",\"caption\":\"Beebipood\"},\"image\":{\"@id\":\"https:\/\/beebipood.ee\/ru\/#\/schema\/logo\/image\/\"}}]}<\/script>\n<!-- \/ Yoast SEO plugin. -->","yoast_head_json":{"title":"Kummut Dalia, p\u00f6\u00f6k, \u041d\u041e\u0412\u042b\u0415 \u0422\u041e\u0412\u0410\u0420\u042b, K\u043e\u043c\u043e\u0434\u044b, \u044f\u0449\u0438\u043a\u0438, K\u043e\u043c\u043e\u0434\u044b, M\u0435\u0431\u0435\u043b\u044c, Beebipood","description":"Kummut Dalia, p\u00f6\u00f6k, * valmistatud m\u00f6\u00f6bliplaadist* toode on kahev\u00e4rviline* kolm mahukat sahtlit* kummuti sahtlid liiguvad m","robots":{"index":"index","follow":"follow","max-snippet":"max-snippet:-1","max-image-preview":"max-image-preview:large","max-video-preview":"max-video-preview:-1"},"canonical":"https:\/\/beebipood.ee\/ru\/produkt\/kummut-mia-max-valge\/","og_locale":"ru_RU","og_type":"article","og_title":"Kummut Dalia, p\u00f6\u00f6k, \u041d\u041e\u0412\u042b\u0415 \u0422\u041e\u0412\u0410\u0420\u042b, K\u043e\u043c\u043e\u0434\u044b, \u044f\u0449\u0438\u043a\u0438, K\u043e\u043c\u043e\u0434\u044b, M\u0435\u0431\u0435\u043b\u044c, Beebipood","og_description":"Kummut Dalia, p\u00f6\u00f6k, * valmistatud m\u00f6\u00f6bliplaadist* toode on kahev\u00e4rviline* kolm mahukat sahtlit* kummuti sahtlid liiguvad m","og_url":"https:\/\/beebipood.ee\/ru\/produkt\/kummut-mia-max-valge\/","og_site_name":"Beebipood","article_modified_time":"2025-04-16T13:28:46+00:00","og_image":[{"width":1000,"height":1000,"url":"https:\/\/beebipood.ee\/wp-content\/uploads\/2025\/03\/mia-max-kummut.jpg","type":"image\/jpeg"}],"twitter_card":"summary_large_image","twitter_misc":{"\u041f\u0440\u0438\u043c\u0435\u0440\u043d\u043e\u0435 \u0432\u0440\u0435\u043c\u044f \u0434\u043b\u044f \u0447\u0442\u0435\u043d\u0438\u044f":"1 \u043c\u0438\u043d\u0443\u0442\u0430"},"schema":{"@context":"https:\/\/schema.org","@graph":[{"@type":"WebPage","@id":"https:\/\/beebipood.ee\/ru\/produkt\/kummut-mia-max-valge\/","url":"https:\/\/beebipood.ee\/ru\/produkt\/kummut-mia-max-valge\/","name":"Kummut Dalia, p\u00f6\u00f6k, \u041d\u041e\u0412\u042b\u0415 \u0422\u041e\u0412\u0410\u0420\u042b, K\u043e\u043c\u043e\u0434\u044b, \u044f\u0449\u0438\u043a\u0438, K\u043e\u043c\u043e\u0434\u044b, M\u0435\u0431\u0435\u043b\u044c, Beebipood","isPartOf":{"@id":"https:\/\/beebipood.ee\/ru\/#website"},"primaryImageOfPage":{"@id":"https:\/\/beebipood.ee\/ru\/produkt\/kummut-mia-max-valge\/#primaryimage"},"image":{"@id":"https:\/\/beebipood.ee\/ru\/produkt\/kummut-mia-max-valge\/#primaryimage"},"thumbnailUrl":"https:\/\/beebipood.ee\/wp-content\/uploads\/2025\/03\/mia-max-kummut.jpg","datePublished":"2025-03-27T12:42:44+00:00","dateModified":"2025-04-16T13:28:46+00:00","description":"Kummut Dalia, p\u00f6\u00f6k, * valmistatud m\u00f6\u00f6bliplaadist* toode on kahev\u00e4rviline* kolm mahukat sahtlit* kummuti sahtlid liiguvad m","breadcrumb":{"@id":"https:\/\/beebipood.ee\/ru\/produkt\/kummut-mia-max-valge\/#breadcrumb"},"inLanguage":"ru-RU","potentialAction":[{"@type":"ReadAction","target":["https:\/\/beebipood.ee\/ru\/produkt\/kummut-mia-max-valge\/"]}]},{"@type":"ImageObject","inLanguage":"ru-RU","@id":"https:\/\/beebipood.ee\/ru\/produkt\/kummut-mia-max-valge\/#primaryimage","url":"https:\/\/beebipood.ee\/wp-content\/uploads\/2025\/03\/mia-max-kummut.jpg","contentUrl":"https:\/\/beebipood.ee\/wp-content\/uploads\/2025\/03\/mia-max-kummut.jpg","width":1000,"height":1000},{"@type":"BreadcrumbList","@id":"https:\/\/beebipood.ee\/ru\/produkt\/kummut-mia-max-valge\/#breadcrumb","itemListElement":[{"@type":"ListItem","position":1,"name":"Home","item":"https:\/\/beebipood.ee\/ru\/"},{"@type":"ListItem","position":2,"name":"\u041a\u0430\u0442\u0430\u043b\u043e\u0433 \u0442\u043e\u0432\u0430\u0440\u043e\u0432","item":"https:\/\/beebipood.ee\/tooted\/"},{"@type":"ListItem","position":3,"name":"Kummut Mia max, valge"}]},{"@type":"WebSite","@id":"https:\/\/beebipood.ee\/ru\/#website","url":"https:\/\/beebipood.ee\/ru\/","name":"Beebipood","description":"Lastekaubad, beebikaubad, m\u00e4nguasjad","publisher":{"@id":"https:\/\/beebipood.ee\/ru\/#organization"},"potentialAction":[{"@type":"SearchAction","target":{"@type":"EntryPoint","urlTemplate":"https:\/\/beebipood.ee\/ru\/?s={search_term_string}"},"query-input":{"@type":"PropertyValueSpecification","valueRequired":true,"valueName":"search_term_string"}}],"inLanguage":"ru-RU"},{"@type":"Organization","@id":"https:\/\/beebipood.ee\/ru\/#organization","name":"Beebipood","url":"https:\/\/beebipood.ee\/ru\/","logo":{"@type":"ImageObject","inLanguage":"ru-RU","@id":"https:\/\/beebipood.ee\/ru\/#\/schema\/logo\/image\/","url":"https:\/\/beebipood.ee\/wp-content\/uploads\/2025\/03\/beebipood.ee-logo-1.svg","contentUrl":"https:\/\/beebipood.ee\/wp-content\/uploads\/2025\/03\/beebipood.ee-logo-1.svg","caption":"Beebipood"},"image":{"@id":"https:\/\/beebipood.ee\/ru\/#\/schema\/logo\/image\/"}}]}},"brands":[{"id":11946,"name":"Klups","slug":"klups-ru"}],"_links":{"self":[{"href":"https:\/\/beebipood.ee\/ru\/wp-json\/wp\/v2\/product\/503359","targetHints":{"allow":["GET"]}}],"collection":[{"href":"https:\/\/beebipood.ee\/ru\/wp-json\/wp\/v2\/product"}],"about":[{"href":"https:\/\/beebipood.ee\/ru\/wp-json\/wp\/v2\/types\/product"}],"wp:featuredmedia":[{"embeddable":true,"href":"https:\/\/beebipood.ee\/ru\/wp-json\/wp\/v2\/media\/503361"}],"wp:attachment":[{"href":"https:\/\/beebipood.ee\/ru\/wp-json\/wp\/v2\/media?parent=503359"}],"wp:term":[{"taxonomy":"pwb-brand","embeddable":true,"href":"https:\/\/beebipood.ee\/ru\/wp-json\/wp\/v2\/pwb-brand?post=503359"},{"taxonomy":"product_brand","embeddable":true,"href":"https:\/\/beebipood.ee\/ru\/wp-json\/wp\/v2\/product_brand?post=503359"},{"taxonomy":"product_cat","embeddable":true,"href":"https:\/\/beebipood.ee\/ru\/wp-json\/wp\/v2\/product_cat?post=503359"},{"taxonomy":"product_tag","embeddable":true,"href":"https:\/\/beebipood.ee\/ru\/wp-json\/wp\/v2\/product_tag?post=503359"}],"curies":[{"name":"wp","href":"https:\/\/api.w.org\/{rel}","templated":true}]}}