{"id":503394,"date":"2025-04-01T14:36:03","date_gmt":"2025-04-01T11:36:03","guid":{"rendered":"https:\/\/beebipood.ee\/?post_type=product&#038;p=503394"},"modified":"2025-05-01T00:00:26","modified_gmt":"2025-04-30T21:00:26","slug":"maxi-cosi-titan-pro-i-size-turvatool-9-36kg-authentic-truffle","status":"publish","type":"product","link":"https:\/\/beebipood.ee\/ru\/produkt\/maxi-cosi-titan-pro-i-size-turvatool-9-36kg-authentic-truffle\/","title":{"rendered":"Maxi-Cosi Titan Pro i-Size turvatool 9-36kg, Authentic Truffle"},"content":{"rendered":"<p>T\u00e4iuslik turvatool sinu lapsele alates 76cm-st kuni 150cm-ni (15. elukuud kuni 12. eluaastat).<br \/>\ni-Size turvastandardile vastav turvatool Titan Pro i-Size<br \/>\non t\u00e4iustatud n\u00fc\u00fcd veelgi parema k\u00fclgkaitsega ning \u00f5hkpatjadega peaosas.<br \/>\nAlgselt 5-punkti turvarihmadega kasutatav turvatool muutub hiljem suurema lapse tooliks,<br \/>\nkus sees saab last kinnitada juba auto turvav\u00f6\u00f6ga.<br \/>\n\u00dclimalt lihtsasti ISOFIX abil kinnitatav turvatool pakub sinu lapsele turvalist<br \/>\nning mugavat autos\u00f5itu v\u00e4ga pikaks ajaks.<\/p>\n<p><span style=\"text-decoration: underline;\">Kasutajamugavus<\/span><br \/>\n5-punkti kinnitusega turvarihmad hoiavad avatud asendis<br \/>\nning t\u00e4nu magnetilisele pandlale on lapse turvatooli t\u00f5stmine<br \/>\nja sealt v\u00e4lja v\u00f5tmine \u00fclimalt lihtne<br \/>\nLapse kasvades saab mugavalt \u00fche k\u00e4ega t\u00f5sta nii peatuge kui ka turvarihmade k\u00f5rgust<br \/>\nHiljem kui laps on juba piisavalt vana, et auto turvav\u00f6\u00f6ga kinnitada,<br \/>\nsaab 5-punkti turvarihmad h\u00f5lpsasti eemaldada<br \/>\n<span style=\"text-decoration: underline;\">Mugavus<\/span><br \/>\nSpetsiaalne ClimaFlow paneel ja hingavast materjalist kangad tagavad optimaalse \u00f5huringluse<br \/>\n4 erinevat isteosa kalde asendit<br \/>\nMaxi-Cosi universaalsetest turvatoolidest k\u00f5ige t\u00e4iuslikuma varustusega ning pakub parimat mugavust<br \/>\n<span style=\"text-decoration: underline;\">Turvalisus<\/span><br \/>\nVastab k\u00f5rgeimale i-Size turvastandardile<br \/>\n\u00dclim kaitse k\u00fclgkokkup\u00f5rke eest<br \/>\n3D struktuuriga GCell k\u00fclgkaitse neelab kokkup\u00f5rke endasse ning kaitseb last<br \/>\nPatenteeritud AirProtect s\u00fcsteem peatoe sees v\u00e4hendab peavigastuse riski 20% v\u00f5rra<br \/>\nKinnitub autosse ISOFIX ja ankrurihma abil (Top-tether)<br \/>\n<span style=\"text-decoration: underline;\">\u00dcldine<\/span><br \/>\nMitmele eagrupile m\u00f5eldud turvatool sobib lastele vanuses 15 kuud kuni 12 aastat<br \/>\nM\u00f5eldud lastele pikkusega 76-150cm<br \/>\n5-punkti turvarihmasid v\u00f5ib kasutada kuni pikkuseni 105cm (ca. 4. eluaastat)<br \/>\nAlates 105cm-ist v\u00f5ib last kinnitada auto turvav\u00f6\u00f6ga<br \/>\n(siis ei ole enam tarvis kinnitada ISOFIX&#8217;i ja ankrurihma &#8212; aga soovitatud on)<br \/>\n<span style=\"text-decoration: underline;\">N\u00e4itajad<\/span><br \/>\nKaal: 12,5kg<br \/>\nM\u00f5\u00f5dud: 46 x 53,5-60 x 60-76cm (laius, s\u00fcgavus, k\u00f5rgus)<br \/>\nIsteosa m\u00f5\u00f5dud: 32 x 32-36 x 59-74cm (laius, s\u00fcgavus, k\u00f5rgus)<\/p>\n","protected":false},"excerpt":{"rendered":"<p>T\u00e4iuslik turvatool sinu lapsele alates 76cm-st kuni 150cm-ni (15. elukuud kuni 12. eluaastat). i-Size turvastandardile vastav turvatool Titan Pro i-Size on t\u00e4iustatud n\u00fc\u00fcd veelgi parema k\u00fclgkaitsega ning \u00f5hkpatjadega peaosas. Algselt 5-punkti turvarihmadega kasutatav turvatool muutub hiljem suurema lapse tooliks, kus sees saab last kinnitada juba auto turvav\u00f6\u00f6ga. \u00dclimalt lihtsasti ISOFIX abil kinnitatav turvatool pakub sinu [&hellip;]<\/p>\n","protected":false},"featured_media":503396,"template":"","meta":{"_acf_changed":false},"pwb-brand":[11961],"product_brand":[],"product_cat":[11573,11727,11737,11791],"product_tag":[],"class_list":{"0":"post-503394","1":"product","2":"type-product","3":"status-publish","4":"has-post-thumbnail","6":"pwb-brand-maxi-cosi-ru","7":"product_cat-sooduspakkumised-ru","8":"product_cat-turvatoolid-hallid-ru","9":"product_cat-turvatoolid-9-36-kg-ru","10":"product_cat-turvavarustus-ru","11":"pa_manufacturer-maxi_cosi-ru","13":"first","14":"onbackorder","15":"sale","16":"taxable","17":"shipping-taxable","18":"purchasable","19":"product-type-simple"},"exclude_global_add_ons":[],"addons":[],"acf":[],"yoast_head":"<!-- This site is optimized with the Yoast SEO plugin v27.1.1 - https:\/\/yoast.com\/product\/yoast-seo-wordpress\/ -->\n<title>Maxi-Cosi Titan Pro i-Size turvatool 9-36kg, Authentic Terra, \u0421\u041a\u0418\u0414\u041a\u0418, \u041d\u041e\u0412\u042b\u0415 \u0422\u041e\u0412\u0410\u0420\u042b, \u0410\u0432\u0442\u043e\u043a\u0440\u0435\u0441\u043b\u0430, \u043b\u044e\u043b\u044c\u043a\u0438, \u0410\u0432\u0442\u043e\u043a\u0440\u0435\u0441\u043b\u0430 9-36 \u043a\u0433, \u0421\u043d\u0430\u0440\u044f\u0436\u0435\u043d\u0438\u044f \u0431\u0435\u0437\u043e\u043f\u0430\u0441\u043d\u043e\u0441\u0442\u0438, Beebipood<\/title>\n<meta name=\"description\" content=\"Maxi-Cosi Titan Pro i-Size turvatool 9-36kg, Authentic Terra, T\u00e4iuslik turvatool sinu lapsele alates 76cm-st kuni 150cm-ni (15. elukuud kuni 12. e\" \/>\n<meta name=\"robots\" content=\"index, follow, max-snippet:-1, max-image-preview:large, max-video-preview:-1\" \/>\n<link rel=\"canonical\" href=\"https:\/\/beebipood.ee\/ru\/produkt\/maxi-cosi-titan-pro-i-size-turvatool-9-36kg-authentic-truffle\/\" \/>\n<meta property=\"og:locale\" content=\"ru_RU\" \/>\n<meta property=\"og:type\" content=\"article\" \/>\n<meta property=\"og:title\" content=\"Maxi-Cosi Titan Pro i-Size turvatool 9-36kg, Authentic Terra, \u0421\u041a\u0418\u0414\u041a\u0418, \u041d\u041e\u0412\u042b\u0415 \u0422\u041e\u0412\u0410\u0420\u042b, \u0410\u0432\u0442\u043e\u043a\u0440\u0435\u0441\u043b\u0430, \u043b\u044e\u043b\u044c\u043a\u0438, \u0410\u0432\u0442\u043e\u043a\u0440\u0435\u0441\u043b\u0430 9-36 \u043a\u0433, \u0421\u043d\u0430\u0440\u044f\u0436\u0435\u043d\u0438\u044f \u0431\u0435\u0437\u043e\u043f\u0430\u0441\u043d\u043e\u0441\u0442\u0438, Beebipood\" \/>\n<meta property=\"og:description\" content=\"Maxi-Cosi Titan Pro i-Size turvatool 9-36kg, Authentic Terra, T\u00e4iuslik turvatool sinu lapsele alates 76cm-st kuni 150cm-ni (15. elukuud kuni 12. e\" \/>\n<meta property=\"og:url\" content=\"https:\/\/beebipood.ee\/ru\/produkt\/maxi-cosi-titan-pro-i-size-turvatool-9-36kg-authentic-truffle\/\" \/>\n<meta property=\"og:site_name\" content=\"Beebipood\" \/>\n<meta property=\"article:modified_time\" content=\"2025-04-30T21:00:26+00:00\" \/>\n<meta property=\"og:image\" content=\"https:\/\/beebipood.ee\/wp-content\/uploads\/2025\/04\/maxi-cosi-titan-pro-i-size-turvatool.jpg\" \/>\n\t<meta property=\"og:image:width\" content=\"1062\" \/>\n\t<meta property=\"og:image:height\" content=\"1200\" \/>\n\t<meta property=\"og:image:type\" content=\"image\/jpeg\" \/>\n<meta name=\"twitter:card\" content=\"summary_large_image\" \/>\n<meta name=\"twitter:label1\" content=\"\u041f\u0440\u0438\u043c\u0435\u0440\u043d\u043e\u0435 \u0432\u0440\u0435\u043c\u044f \u0434\u043b\u044f \u0447\u0442\u0435\u043d\u0438\u044f\" \/>\n\t<meta name=\"twitter:data1\" content=\"2 \u043c\u0438\u043d\u0443\u0442\u044b\" \/>\n<script type=\"application\/ld+json\" class=\"yoast-schema-graph\">{\"@context\":\"https:\/\/schema.org\",\"@graph\":[{\"@type\":\"WebPage\",\"@id\":\"https:\/\/beebipood.ee\/ru\/produkt\/maxi-cosi-titan-pro-i-size-turvatool-9-36kg-authentic-truffle\/\",\"url\":\"https:\/\/beebipood.ee\/ru\/produkt\/maxi-cosi-titan-pro-i-size-turvatool-9-36kg-authentic-truffle\/\",\"name\":\"Maxi-Cosi Titan Pro i-Size turvatool 9-36kg, Authentic Terra, \u0421\u041a\u0418\u0414\u041a\u0418, \u041d\u041e\u0412\u042b\u0415 \u0422\u041e\u0412\u0410\u0420\u042b, \u0410\u0432\u0442\u043e\u043a\u0440\u0435\u0441\u043b\u0430, \u043b\u044e\u043b\u044c\u043a\u0438, \u0410\u0432\u0442\u043e\u043a\u0440\u0435\u0441\u043b\u0430 9-36 \u043a\u0433, \u0421\u043d\u0430\u0440\u044f\u0436\u0435\u043d\u0438\u044f \u0431\u0435\u0437\u043e\u043f\u0430\u0441\u043d\u043e\u0441\u0442\u0438, Beebipood\",\"isPartOf\":{\"@id\":\"https:\/\/beebipood.ee\/ru\/#website\"},\"primaryImageOfPage\":{\"@id\":\"https:\/\/beebipood.ee\/ru\/produkt\/maxi-cosi-titan-pro-i-size-turvatool-9-36kg-authentic-truffle\/#primaryimage\"},\"image\":{\"@id\":\"https:\/\/beebipood.ee\/ru\/produkt\/maxi-cosi-titan-pro-i-size-turvatool-9-36kg-authentic-truffle\/#primaryimage\"},\"thumbnailUrl\":\"https:\/\/beebipood.ee\/wp-content\/uploads\/2025\/04\/maxi-cosi-titan-pro-i-size-turvatool.jpg\",\"datePublished\":\"2025-04-01T11:36:03+00:00\",\"dateModified\":\"2025-04-30T21:00:26+00:00\",\"description\":\"Maxi-Cosi Titan Pro i-Size turvatool 9-36kg, Authentic Terra, T\u00e4iuslik turvatool sinu lapsele alates 76cm-st kuni 150cm-ni (15. elukuud kuni 12. e\",\"breadcrumb\":{\"@id\":\"https:\/\/beebipood.ee\/ru\/produkt\/maxi-cosi-titan-pro-i-size-turvatool-9-36kg-authentic-truffle\/#breadcrumb\"},\"inLanguage\":\"ru-RU\",\"potentialAction\":[{\"@type\":\"ReadAction\",\"target\":[\"https:\/\/beebipood.ee\/ru\/produkt\/maxi-cosi-titan-pro-i-size-turvatool-9-36kg-authentic-truffle\/\"]}]},{\"@type\":\"ImageObject\",\"inLanguage\":\"ru-RU\",\"@id\":\"https:\/\/beebipood.ee\/ru\/produkt\/maxi-cosi-titan-pro-i-size-turvatool-9-36kg-authentic-truffle\/#primaryimage\",\"url\":\"https:\/\/beebipood.ee\/wp-content\/uploads\/2025\/04\/maxi-cosi-titan-pro-i-size-turvatool.jpg\",\"contentUrl\":\"https:\/\/beebipood.ee\/wp-content\/uploads\/2025\/04\/maxi-cosi-titan-pro-i-size-turvatool.jpg\",\"width\":1062,\"height\":1200},{\"@type\":\"BreadcrumbList\",\"@id\":\"https:\/\/beebipood.ee\/ru\/produkt\/maxi-cosi-titan-pro-i-size-turvatool-9-36kg-authentic-truffle\/#breadcrumb\",\"itemListElement\":[{\"@type\":\"ListItem\",\"position\":1,\"name\":\"Home\",\"item\":\"https:\/\/beebipood.ee\/ru\/\"},{\"@type\":\"ListItem\",\"position\":2,\"name\":\"\u041a\u0430\u0442\u0430\u043b\u043e\u0433 \u0442\u043e\u0432\u0430\u0440\u043e\u0432\",\"item\":\"https:\/\/beebipood.ee\/tooted\/\"},{\"@type\":\"ListItem\",\"position\":3,\"name\":\"Maxi-Cosi Titan Pro i-Size turvatool 9-36kg, Authentic Truffle\"}]},{\"@type\":\"WebSite\",\"@id\":\"https:\/\/beebipood.ee\/ru\/#website\",\"url\":\"https:\/\/beebipood.ee\/ru\/\",\"name\":\"Beebipood\",\"description\":\"Lastekaubad, beebikaubad, m\u00e4nguasjad\",\"publisher\":{\"@id\":\"https:\/\/beebipood.ee\/ru\/#organization\"},\"potentialAction\":[{\"@type\":\"SearchAction\",\"target\":{\"@type\":\"EntryPoint\",\"urlTemplate\":\"https:\/\/beebipood.ee\/ru\/?s={search_term_string}\"},\"query-input\":{\"@type\":\"PropertyValueSpecification\",\"valueRequired\":true,\"valueName\":\"search_term_string\"}}],\"inLanguage\":\"ru-RU\"},{\"@type\":\"Organization\",\"@id\":\"https:\/\/beebipood.ee\/ru\/#organization\",\"name\":\"Beebipood\",\"url\":\"https:\/\/beebipood.ee\/ru\/\",\"logo\":{\"@type\":\"ImageObject\",\"inLanguage\":\"ru-RU\",\"@id\":\"https:\/\/beebipood.ee\/ru\/#\/schema\/logo\/image\/\",\"url\":\"https:\/\/beebipood.ee\/wp-content\/uploads\/2025\/03\/beebipood.ee-logo-1.svg\",\"contentUrl\":\"https:\/\/beebipood.ee\/wp-content\/uploads\/2025\/03\/beebipood.ee-logo-1.svg\",\"caption\":\"Beebipood\"},\"image\":{\"@id\":\"https:\/\/beebipood.ee\/ru\/#\/schema\/logo\/image\/\"}}]}<\/script>\n<!-- \/ Yoast SEO plugin. -->","yoast_head_json":{"title":"Maxi-Cosi Titan Pro i-Size turvatool 9-36kg, Authentic Terra, \u0421\u041a\u0418\u0414\u041a\u0418, \u041d\u041e\u0412\u042b\u0415 \u0422\u041e\u0412\u0410\u0420\u042b, \u0410\u0432\u0442\u043e\u043a\u0440\u0435\u0441\u043b\u0430, \u043b\u044e\u043b\u044c\u043a\u0438, \u0410\u0432\u0442\u043e\u043a\u0440\u0435\u0441\u043b\u0430 9-36 \u043a\u0433, \u0421\u043d\u0430\u0440\u044f\u0436\u0435\u043d\u0438\u044f \u0431\u0435\u0437\u043e\u043f\u0430\u0441\u043d\u043e\u0441\u0442\u0438, Beebipood","description":"Maxi-Cosi Titan Pro i-Size turvatool 9-36kg, Authentic Terra, T\u00e4iuslik turvatool sinu lapsele alates 76cm-st kuni 150cm-ni (15. elukuud kuni 12. e","robots":{"index":"index","follow":"follow","max-snippet":"max-snippet:-1","max-image-preview":"max-image-preview:large","max-video-preview":"max-video-preview:-1"},"canonical":"https:\/\/beebipood.ee\/ru\/produkt\/maxi-cosi-titan-pro-i-size-turvatool-9-36kg-authentic-truffle\/","og_locale":"ru_RU","og_type":"article","og_title":"Maxi-Cosi Titan Pro i-Size turvatool 9-36kg, Authentic Terra, \u0421\u041a\u0418\u0414\u041a\u0418, \u041d\u041e\u0412\u042b\u0415 \u0422\u041e\u0412\u0410\u0420\u042b, \u0410\u0432\u0442\u043e\u043a\u0440\u0435\u0441\u043b\u0430, \u043b\u044e\u043b\u044c\u043a\u0438, \u0410\u0432\u0442\u043e\u043a\u0440\u0435\u0441\u043b\u0430 9-36 \u043a\u0433, \u0421\u043d\u0430\u0440\u044f\u0436\u0435\u043d\u0438\u044f \u0431\u0435\u0437\u043e\u043f\u0430\u0441\u043d\u043e\u0441\u0442\u0438, Beebipood","og_description":"Maxi-Cosi Titan Pro i-Size turvatool 9-36kg, Authentic Terra, T\u00e4iuslik turvatool sinu lapsele alates 76cm-st kuni 150cm-ni (15. elukuud kuni 12. e","og_url":"https:\/\/beebipood.ee\/ru\/produkt\/maxi-cosi-titan-pro-i-size-turvatool-9-36kg-authentic-truffle\/","og_site_name":"Beebipood","article_modified_time":"2025-04-30T21:00:26+00:00","og_image":[{"width":1062,"height":1200,"url":"https:\/\/beebipood.ee\/wp-content\/uploads\/2025\/04\/maxi-cosi-titan-pro-i-size-turvatool.jpg","type":"image\/jpeg"}],"twitter_card":"summary_large_image","twitter_misc":{"\u041f\u0440\u0438\u043c\u0435\u0440\u043d\u043e\u0435 \u0432\u0440\u0435\u043c\u044f \u0434\u043b\u044f \u0447\u0442\u0435\u043d\u0438\u044f":"2 \u043c\u0438\u043d\u0443\u0442\u044b"},"schema":{"@context":"https:\/\/schema.org","@graph":[{"@type":"WebPage","@id":"https:\/\/beebipood.ee\/ru\/produkt\/maxi-cosi-titan-pro-i-size-turvatool-9-36kg-authentic-truffle\/","url":"https:\/\/beebipood.ee\/ru\/produkt\/maxi-cosi-titan-pro-i-size-turvatool-9-36kg-authentic-truffle\/","name":"Maxi-Cosi Titan Pro i-Size turvatool 9-36kg, Authentic Terra, \u0421\u041a\u0418\u0414\u041a\u0418, \u041d\u041e\u0412\u042b\u0415 \u0422\u041e\u0412\u0410\u0420\u042b, \u0410\u0432\u0442\u043e\u043a\u0440\u0435\u0441\u043b\u0430, \u043b\u044e\u043b\u044c\u043a\u0438, \u0410\u0432\u0442\u043e\u043a\u0440\u0435\u0441\u043b\u0430 9-36 \u043a\u0433, \u0421\u043d\u0430\u0440\u044f\u0436\u0435\u043d\u0438\u044f \u0431\u0435\u0437\u043e\u043f\u0430\u0441\u043d\u043e\u0441\u0442\u0438, Beebipood","isPartOf":{"@id":"https:\/\/beebipood.ee\/ru\/#website"},"primaryImageOfPage":{"@id":"https:\/\/beebipood.ee\/ru\/produkt\/maxi-cosi-titan-pro-i-size-turvatool-9-36kg-authentic-truffle\/#primaryimage"},"image":{"@id":"https:\/\/beebipood.ee\/ru\/produkt\/maxi-cosi-titan-pro-i-size-turvatool-9-36kg-authentic-truffle\/#primaryimage"},"thumbnailUrl":"https:\/\/beebipood.ee\/wp-content\/uploads\/2025\/04\/maxi-cosi-titan-pro-i-size-turvatool.jpg","datePublished":"2025-04-01T11:36:03+00:00","dateModified":"2025-04-30T21:00:26+00:00","description":"Maxi-Cosi Titan Pro i-Size turvatool 9-36kg, Authentic Terra, T\u00e4iuslik turvatool sinu lapsele alates 76cm-st kuni 150cm-ni (15. elukuud kuni 12. e","breadcrumb":{"@id":"https:\/\/beebipood.ee\/ru\/produkt\/maxi-cosi-titan-pro-i-size-turvatool-9-36kg-authentic-truffle\/#breadcrumb"},"inLanguage":"ru-RU","potentialAction":[{"@type":"ReadAction","target":["https:\/\/beebipood.ee\/ru\/produkt\/maxi-cosi-titan-pro-i-size-turvatool-9-36kg-authentic-truffle\/"]}]},{"@type":"ImageObject","inLanguage":"ru-RU","@id":"https:\/\/beebipood.ee\/ru\/produkt\/maxi-cosi-titan-pro-i-size-turvatool-9-36kg-authentic-truffle\/#primaryimage","url":"https:\/\/beebipood.ee\/wp-content\/uploads\/2025\/04\/maxi-cosi-titan-pro-i-size-turvatool.jpg","contentUrl":"https:\/\/beebipood.ee\/wp-content\/uploads\/2025\/04\/maxi-cosi-titan-pro-i-size-turvatool.jpg","width":1062,"height":1200},{"@type":"BreadcrumbList","@id":"https:\/\/beebipood.ee\/ru\/produkt\/maxi-cosi-titan-pro-i-size-turvatool-9-36kg-authentic-truffle\/#breadcrumb","itemListElement":[{"@type":"ListItem","position":1,"name":"Home","item":"https:\/\/beebipood.ee\/ru\/"},{"@type":"ListItem","position":2,"name":"\u041a\u0430\u0442\u0430\u043b\u043e\u0433 \u0442\u043e\u0432\u0430\u0440\u043e\u0432","item":"https:\/\/beebipood.ee\/tooted\/"},{"@type":"ListItem","position":3,"name":"Maxi-Cosi Titan Pro i-Size turvatool 9-36kg, Authentic Truffle"}]},{"@type":"WebSite","@id":"https:\/\/beebipood.ee\/ru\/#website","url":"https:\/\/beebipood.ee\/ru\/","name":"Beebipood","description":"Lastekaubad, beebikaubad, m\u00e4nguasjad","publisher":{"@id":"https:\/\/beebipood.ee\/ru\/#organization"},"potentialAction":[{"@type":"SearchAction","target":{"@type":"EntryPoint","urlTemplate":"https:\/\/beebipood.ee\/ru\/?s={search_term_string}"},"query-input":{"@type":"PropertyValueSpecification","valueRequired":true,"valueName":"search_term_string"}}],"inLanguage":"ru-RU"},{"@type":"Organization","@id":"https:\/\/beebipood.ee\/ru\/#organization","name":"Beebipood","url":"https:\/\/beebipood.ee\/ru\/","logo":{"@type":"ImageObject","inLanguage":"ru-RU","@id":"https:\/\/beebipood.ee\/ru\/#\/schema\/logo\/image\/","url":"https:\/\/beebipood.ee\/wp-content\/uploads\/2025\/03\/beebipood.ee-logo-1.svg","contentUrl":"https:\/\/beebipood.ee\/wp-content\/uploads\/2025\/03\/beebipood.ee-logo-1.svg","caption":"Beebipood"},"image":{"@id":"https:\/\/beebipood.ee\/ru\/#\/schema\/logo\/image\/"}}]}},"brands":[{"id":11961,"name":"Maxi-Cosi","slug":"maxi-cosi-ru"}],"_links":{"self":[{"href":"https:\/\/beebipood.ee\/ru\/wp-json\/wp\/v2\/product\/503394","targetHints":{"allow":["GET"]}}],"collection":[{"href":"https:\/\/beebipood.ee\/ru\/wp-json\/wp\/v2\/product"}],"about":[{"href":"https:\/\/beebipood.ee\/ru\/wp-json\/wp\/v2\/types\/product"}],"wp:featuredmedia":[{"embeddable":true,"href":"https:\/\/beebipood.ee\/ru\/wp-json\/wp\/v2\/media\/503396"}],"wp:attachment":[{"href":"https:\/\/beebipood.ee\/ru\/wp-json\/wp\/v2\/media?parent=503394"}],"wp:term":[{"taxonomy":"pwb-brand","embeddable":true,"href":"https:\/\/beebipood.ee\/ru\/wp-json\/wp\/v2\/pwb-brand?post=503394"},{"taxonomy":"product_brand","embeddable":true,"href":"https:\/\/beebipood.ee\/ru\/wp-json\/wp\/v2\/product_brand?post=503394"},{"taxonomy":"product_cat","embeddable":true,"href":"https:\/\/beebipood.ee\/ru\/wp-json\/wp\/v2\/product_cat?post=503394"},{"taxonomy":"product_tag","embeddable":true,"href":"https:\/\/beebipood.ee\/ru\/wp-json\/wp\/v2\/product_tag?post=503394"}],"curies":[{"name":"wp","href":"https:\/\/api.w.org\/{rel}","templated":true}]}}