{"id":503555,"date":"2025-04-01T17:19:27","date_gmt":"2025-04-01T14:19:27","guid":{"rendered":"https:\/\/beebipood.ee\/?post_type=product&#038;p=503555"},"modified":"2025-05-01T00:00:31","modified_gmt":"2025-04-30T21:00:31","slug":"maxi-cosi-fame-2in1-vankrikomplekt-twillic-green","status":"publish","type":"product","link":"https:\/\/beebipood.ee\/ru\/produkt\/maxi-cosi-fame-2in1-vankrikomplekt-twillic-green\/","title":{"rendered":"Maxi-Cosi Fame 2in1 vankrikomplekt, Twillic Green"},"content":{"rendered":"<p>Ajatu ja teedrajav uus Maxi-Cosi Fame lapsevanker on disainitud nii,<br \/>\net pakkuda luksuslikku mugavust nii lapsele kui ka lapsevanemale.<br \/>\nMaxi-Cosi Fame\u2019i esmaklassilised detailid, \u00f5mblusteta disain,<br \/>\nkaasaegne esteetika ja uuenduslikud funktsioonid on loodud selleks,<br \/>\net see peaks vastu mitmeid aastaid.<br \/>\nReguleeritava k\u00f5rgusega vankrikorv, mille sees on p\u00f6\u00f6ratav<br \/>\nning m\u00e4luvahust madrats. Samuti rihmast t\u00f5mmatav SoothingSlope<br \/>\nkallutatud magamisasend, et v\u00e4hendada refluksi.<br \/>\nFame\u2019i raamil on unikaalne LumiRide s\u00fcsteem koos LED-valgustusega,<br \/>\nmis valgustab pimedaid t\u00e4navaid ja hoiab teid n\u00e4htavana.<br \/>\nSamuti on v\u00f5imalik oma telefoni laadida,<br \/>\n\u00fchendades selle pakikorvis oleva akupangaga.<br \/>\nMaxi-Cosi Fame vankriraam pakub sujuvat ning pehmet s\u00f5itu igal maastikul.<br \/>\nVankrikomplekt sisaldab endas vankriraami, vankrikorvi,<br \/>\nisteosa ning turvah\u00e4lli adaptereid (Maxi-Cosi turvah\u00e4llile).<br \/>\n<strong>Kasutajas\u00f5bralikkus<\/strong><br \/>\nPikematele (v\u00f5i v\u00e4iksematele) emadele ja isadele<br \/>\nsobib reguleeritav vankrikorv Close2Me,<br \/>\nmis liigub \u00fcles\/alla, et tagada, et teil ei tekiks seljavalu lapse sisse ja v\u00e4lja panemisel<br \/>\nKui vankrikorv on raamilt eemaldatud, saab selle kiiresti ja lihtsalt kokku panna<br \/>\nM\u00e4lunupud tagavad kiire ja lihtsa vankrikorvi\/isteosa\/turvah\u00e4lli vabastamise,<br \/>\nsest lapsevanemate jaoks on iga sekund t\u00e4htis<br \/>\nMaxi-Cosi Fame\u2019i kompaktne kokkupanek teeb vanemate elu lihtsaks,<br \/>\net seda saaks v\u00e4ikestes ruumides hoiustada v\u00f5i h\u00f5lpsasti auto pagasiruumi paigutada<br \/>\nJalutusk\u00e4ru on isteosaga koos kokkupandav m\u00f5lemas suunas<br \/>\nIsteosal lahtihoidvad \u00f5larihmad muudavad lapse sisse-ja v\u00e4ljav\u00f5tmise lihtsamaks<br \/>\nMaxi-Cosi Fame\u2019i 5-punktiline magnetiline kiirlukustus teeb paigaldamise v\u00e4ga mugavamaks<br \/>\n<strong>Mugavus<\/strong><br \/>\nMaxi-Cosi Fame\u2019i lai ja ruumikas vankrikorv tagab teie vasts\u00fcndinule mugavuse<br \/>\nja palju ruumi kasvamiseks<br \/>\nVankrikorv on disainitud integreeritud SoothingSlope\u2019iga.<br \/>\nT\u00f5mmake lihtsalt rihma, et t\u00f5sta beebi \u00f5rnalt kallutatud magamisasendisse<br \/>\nP\u00f6\u00f6ratav, hingav m\u00e4luvahust madrats v\u00f5imaldab teie vasts\u00fcndinule parimat unemugavust<br \/>\nKui te jalutate koos lapsega vankrikorvis,<br \/>\nannab suur pikendatav kaarvari talle maksimaalse kaitse ilmastikuolude eest<br \/>\nClimaFlow v\u00f5rgust valmistatud integreeritud ventilatsiooniaken hoiab<br \/>\nteie vasts\u00fcndinu mugaval temperatuuril<br \/>\nMaastikus\u00f5bralikud, l\u00e4bitorkekindlad rattad<br \/>\nja 4-rattaline CosiCruise vedrustus pakuvad k\u00f5ige sujuvamat s\u00f5itu<br \/>\nIsteosal HD-m\u00e4luvahtpolster \u2013 \u00fclimalt pehme istumisalus<br \/>\nMaxi-Cosi Fame\u2019i hingav seljatugi on valmistatud ClimaFlow v\u00f5rkkangast,<br \/>\net tagada teie lapsele mugav temperatuur<br \/>\n<strong>\u00dcldine<\/strong><br \/>\nMaxi-Cosi Fame\u2019i vankrikorvil ja isteosal on eriti praktilised sisseehitatud taskud,<br \/>\net hoida teie asjad turvaliselt ja k\u00e4eulatuses<br \/>\nFame\u2019i ikoonilisel raamil on integreeritud LumiRide LED-valgustuss\u00fcsteem,<br \/>\nmis on m\u00f5eldud pimedate radade valgustamiseks,<br \/>\nhoides teid ja last alati turvaliselt ja n\u00e4htavana<br \/>\n\u00dchendage oma telefon integreeritud akupangaga,<br \/>\net telefoni aku ei saaks kunagi keset seiklust t\u00fchjaks<br \/>\nV\u00f5ta k\u00f5ik vajalik kaasa. Maxi-Cosi Fame\u2019i suur pakikorv<br \/>\nmahutab kuni 10kg beebi esmatarbekaupu ja sisseoste<br \/>\nIntuitiivne piduris\u00fcsteem tagab sulle t\u00e4ieliku kontrolli jalutusk\u00e4ru \u00fcle,<br \/>\nilma et sa oma lemmikjalan\u00f5usid kriimustaksid v\u00f5i varbaid vigastaksid<br \/>\nMaxi-Cosi Fame \u00fchildub k\u00f5igi Maxi-Cosi v\u00e4ikelaste turvah\u00e4llidega,<br \/>\nsealhulgas k\u00f5ige uuenduslikumaga: Pebble 360 Pro2 turvah\u00e4lliga,<br \/>\nmis on loodud revolutsioonilise SlideTech\u00ae-tehnoloogiaga<br \/>\nMaxi-Cosi Fame\u2019i h\u00f5lpsasti ligip\u00e4\u00e4setav rataste lukustus<br \/>\nv\u00f5imaldab teil stabiilsuse tagamiseks rattaid sirgeks lukustada<br \/>\nv\u00f5i neid vabalt keerata, et saaksite h\u00f5lpsasti man\u00f6\u00f6verdada<br \/>\n<strong>N\u00e4itajad<\/strong><br \/>\nM\u00f5eldud lastele vanuses 0-4 eluaastat<br \/>\nRaami kaal 9,9kg<br \/>\nVankrikorvi kaal 6kg<br \/>\nVankrikorvi sisem\u00f5\u00f5dud 78 x 35 x 20cm (pikkus, laius, k\u00f5rgus)<br \/>\nRaami laius 61,5cm<br \/>\nRaami m\u00f5\u00f5dud kokkupandult 47,5 x 67,5cm (k\u00f5rgus, s\u00fcgavus)<br \/>\nTagaratta diameeter 30cm<br \/>\nEsiratta diameeter 19cm<br \/>\nIsteosa kandev\u00f5ime 22kg<br \/>\nKomplektis<br \/>\nVankriraam<br \/>\nVankrikorv<br \/>\nIsteosa<br \/>\nIsteosa pehmendus<br \/>\nTurvah\u00e4lli adapterid<br \/>\nIsteosa turvakaar<br \/>\nVankrikorvi turvakaar<br \/>\nPakikorv<br \/>\nAkupank<\/p>\n","protected":false},"excerpt":{"rendered":"<p>Ajatu ja teedrajav uus Maxi-Cosi Fame lapsevanker on disainitud nii, et pakkuda luksuslikku mugavust nii lapsele kui ka lapsevanemale. Maxi-Cosi Fame\u2019i esmaklassilised detailid, \u00f5mblusteta disain, kaasaegne esteetika ja uuenduslikud funktsioonid on loodud selleks, et see peaks vastu mitmeid aastaid. Reguleeritava k\u00f5rgusega vankrikorv, mille sees on p\u00f6\u00f6ratav ning m\u00e4luvahust madrats. Samuti rihmast t\u00f5mmatav SoothingSlope kallutatud magamisasend, [&hellip;]<\/p>\n","protected":false},"featured_media":503557,"template":"","meta":{"_acf_changed":false},"pwb-brand":[11961],"product_brand":[],"product_cat":[11719,11717],"product_tag":[],"class_list":{"0":"post-503555","1":"product","2":"type-product","3":"status-publish","4":"has-post-thumbnail","6":"pwb-brand-maxi-cosi-ru","7":"product_cat-vankrid-ru","8":"product_cat-lastevankrid-ja-karud-ru","9":"pa_manufacturer-maxi_cosi-ru","11":"first","12":"onbackorder","13":"taxable","14":"shipping-taxable","15":"purchasable","16":"product-type-simple"},"exclude_global_add_ons":[],"addons":[],"acf":[],"yoast_head":"<!-- This site is optimized with the Yoast SEO plugin v27.1.1 - https:\/\/yoast.com\/product\/yoast-seo-wordpress\/ -->\n<title>Maxi-Cosi Leona2 kergk\u00e4ru, Essential Green, \u0421\u041a\u0418\u0414\u041a\u0418, \u041a\u043e\u043b\u044f\u0441\u043a\u0438, \u041f\u0440\u043e\u0433\u0443\u043b\u043e\u0447\u043d\u044b\u0435 \u043a\u043e\u043b\u044f\u0441\u043a\u0438, Beebipood<\/title>\n<meta name=\"description\" content=\"Maxi-Cosi Leona2 kergk\u00e4ru, Essential Green, \u00dclikompaktses Leona\u00b2-s on k\u00f5ik olemas - maksimaalne mugavus linnas\u00f5bralikus suuruses.&lt;br\" \/>\n<meta name=\"robots\" content=\"index, follow, max-snippet:-1, max-image-preview:large, max-video-preview:-1\" \/>\n<link rel=\"canonical\" href=\"https:\/\/beebipood.ee\/ru\/produkt\/maxi-cosi-fame-2in1-vankrikomplekt-twillic-green\/\" \/>\n<meta property=\"og:locale\" content=\"ru_RU\" \/>\n<meta property=\"og:type\" content=\"article\" \/>\n<meta property=\"og:title\" content=\"Maxi-Cosi Leona2 kergk\u00e4ru, Essential Green, \u0421\u041a\u0418\u0414\u041a\u0418, \u041a\u043e\u043b\u044f\u0441\u043a\u0438, \u041f\u0440\u043e\u0433\u0443\u043b\u043e\u0447\u043d\u044b\u0435 \u043a\u043e\u043b\u044f\u0441\u043a\u0438, Beebipood\" \/>\n<meta property=\"og:description\" content=\"Maxi-Cosi Leona2 kergk\u00e4ru, Essential Green, \u00dclikompaktses Leona\u00b2-s on k\u00f5ik olemas - maksimaalne mugavus linnas\u00f5bralikus suuruses.&lt;br\" \/>\n<meta property=\"og:url\" content=\"https:\/\/beebipood.ee\/ru\/produkt\/maxi-cosi-fame-2in1-vankrikomplekt-twillic-green\/\" \/>\n<meta property=\"og:site_name\" content=\"Beebipood\" \/>\n<meta property=\"article:modified_time\" content=\"2025-04-30T21:00:31+00:00\" \/>\n<meta property=\"og:image\" content=\"https:\/\/beebipood.ee\/wp-content\/uploads\/2025\/04\/maxi-cosi-fame-vankrikomplekt-set-3.jpg\" \/>\n\t<meta property=\"og:image:width\" content=\"1200\" \/>\n\t<meta property=\"og:image:height\" content=\"1200\" \/>\n\t<meta property=\"og:image:type\" content=\"image\/jpeg\" \/>\n<meta name=\"twitter:card\" content=\"summary_large_image\" \/>\n<meta name=\"twitter:label1\" content=\"\u041f\u0440\u0438\u043c\u0435\u0440\u043d\u043e\u0435 \u0432\u0440\u0435\u043c\u044f \u0434\u043b\u044f \u0447\u0442\u0435\u043d\u0438\u044f\" \/>\n\t<meta name=\"twitter:data1\" content=\"3 \u043c\u0438\u043d\u0443\u0442\u044b\" \/>\n<script type=\"application\/ld+json\" class=\"yoast-schema-graph\">{\"@context\":\"https:\/\/schema.org\",\"@graph\":[{\"@type\":\"WebPage\",\"@id\":\"https:\/\/beebipood.ee\/ru\/produkt\/maxi-cosi-fame-2in1-vankrikomplekt-twillic-green\/\",\"url\":\"https:\/\/beebipood.ee\/ru\/produkt\/maxi-cosi-fame-2in1-vankrikomplekt-twillic-green\/\",\"name\":\"Maxi-Cosi Leona2 kergk\u00e4ru, Essential Green, \u0421\u041a\u0418\u0414\u041a\u0418, \u041a\u043e\u043b\u044f\u0441\u043a\u0438, \u041f\u0440\u043e\u0433\u0443\u043b\u043e\u0447\u043d\u044b\u0435 \u043a\u043e\u043b\u044f\u0441\u043a\u0438, Beebipood\",\"isPartOf\":{\"@id\":\"https:\/\/beebipood.ee\/ru\/#website\"},\"primaryImageOfPage\":{\"@id\":\"https:\/\/beebipood.ee\/ru\/produkt\/maxi-cosi-fame-2in1-vankrikomplekt-twillic-green\/#primaryimage\"},\"image\":{\"@id\":\"https:\/\/beebipood.ee\/ru\/produkt\/maxi-cosi-fame-2in1-vankrikomplekt-twillic-green\/#primaryimage\"},\"thumbnailUrl\":\"https:\/\/beebipood.ee\/wp-content\/uploads\/2025\/04\/maxi-cosi-fame-vankrikomplekt-set-3.jpg\",\"datePublished\":\"2025-04-01T14:19:27+00:00\",\"dateModified\":\"2025-04-30T21:00:31+00:00\",\"description\":\"Maxi-Cosi Leona2 kergk\u00e4ru, Essential Green, \u00dclikompaktses Leona\u00b2-s on k\u00f5ik olemas - maksimaalne mugavus linnas\u00f5bralikus suuruses.&lt;br\",\"breadcrumb\":{\"@id\":\"https:\/\/beebipood.ee\/ru\/produkt\/maxi-cosi-fame-2in1-vankrikomplekt-twillic-green\/#breadcrumb\"},\"inLanguage\":\"ru-RU\",\"potentialAction\":[{\"@type\":\"ReadAction\",\"target\":[\"https:\/\/beebipood.ee\/ru\/produkt\/maxi-cosi-fame-2in1-vankrikomplekt-twillic-green\/\"]}]},{\"@type\":\"ImageObject\",\"inLanguage\":\"ru-RU\",\"@id\":\"https:\/\/beebipood.ee\/ru\/produkt\/maxi-cosi-fame-2in1-vankrikomplekt-twillic-green\/#primaryimage\",\"url\":\"https:\/\/beebipood.ee\/wp-content\/uploads\/2025\/04\/maxi-cosi-fame-vankrikomplekt-set-3.jpg\",\"contentUrl\":\"https:\/\/beebipood.ee\/wp-content\/uploads\/2025\/04\/maxi-cosi-fame-vankrikomplekt-set-3.jpg\",\"width\":1200,\"height\":1200},{\"@type\":\"BreadcrumbList\",\"@id\":\"https:\/\/beebipood.ee\/ru\/produkt\/maxi-cosi-fame-2in1-vankrikomplekt-twillic-green\/#breadcrumb\",\"itemListElement\":[{\"@type\":\"ListItem\",\"position\":1,\"name\":\"Home\",\"item\":\"https:\/\/beebipood.ee\/ru\/\"},{\"@type\":\"ListItem\",\"position\":2,\"name\":\"\u041a\u0430\u0442\u0430\u043b\u043e\u0433 \u0442\u043e\u0432\u0430\u0440\u043e\u0432\",\"item\":\"https:\/\/beebipood.ee\/tooted\/\"},{\"@type\":\"ListItem\",\"position\":3,\"name\":\"Maxi-Cosi Fame 2in1 vankrikomplekt, Twillic Green\"}]},{\"@type\":\"WebSite\",\"@id\":\"https:\/\/beebipood.ee\/ru\/#website\",\"url\":\"https:\/\/beebipood.ee\/ru\/\",\"name\":\"Beebipood\",\"description\":\"Lastekaubad, beebikaubad, m\u00e4nguasjad\",\"publisher\":{\"@id\":\"https:\/\/beebipood.ee\/ru\/#organization\"},\"potentialAction\":[{\"@type\":\"SearchAction\",\"target\":{\"@type\":\"EntryPoint\",\"urlTemplate\":\"https:\/\/beebipood.ee\/ru\/?s={search_term_string}\"},\"query-input\":{\"@type\":\"PropertyValueSpecification\",\"valueRequired\":true,\"valueName\":\"search_term_string\"}}],\"inLanguage\":\"ru-RU\"},{\"@type\":\"Organization\",\"@id\":\"https:\/\/beebipood.ee\/ru\/#organization\",\"name\":\"Beebipood\",\"url\":\"https:\/\/beebipood.ee\/ru\/\",\"logo\":{\"@type\":\"ImageObject\",\"inLanguage\":\"ru-RU\",\"@id\":\"https:\/\/beebipood.ee\/ru\/#\/schema\/logo\/image\/\",\"url\":\"https:\/\/beebipood.ee\/wp-content\/uploads\/2025\/03\/beebipood.ee-logo-1.svg\",\"contentUrl\":\"https:\/\/beebipood.ee\/wp-content\/uploads\/2025\/03\/beebipood.ee-logo-1.svg\",\"caption\":\"Beebipood\"},\"image\":{\"@id\":\"https:\/\/beebipood.ee\/ru\/#\/schema\/logo\/image\/\"}}]}<\/script>\n<!-- \/ Yoast SEO plugin. -->","yoast_head_json":{"title":"Maxi-Cosi Leona2 kergk\u00e4ru, Essential Green, \u0421\u041a\u0418\u0414\u041a\u0418, \u041a\u043e\u043b\u044f\u0441\u043a\u0438, \u041f\u0440\u043e\u0433\u0443\u043b\u043e\u0447\u043d\u044b\u0435 \u043a\u043e\u043b\u044f\u0441\u043a\u0438, Beebipood","description":"Maxi-Cosi Leona2 kergk\u00e4ru, Essential Green, \u00dclikompaktses Leona\u00b2-s on k\u00f5ik olemas - maksimaalne mugavus linnas\u00f5bralikus suuruses.&lt;br","robots":{"index":"index","follow":"follow","max-snippet":"max-snippet:-1","max-image-preview":"max-image-preview:large","max-video-preview":"max-video-preview:-1"},"canonical":"https:\/\/beebipood.ee\/ru\/produkt\/maxi-cosi-fame-2in1-vankrikomplekt-twillic-green\/","og_locale":"ru_RU","og_type":"article","og_title":"Maxi-Cosi Leona2 kergk\u00e4ru, Essential Green, \u0421\u041a\u0418\u0414\u041a\u0418, \u041a\u043e\u043b\u044f\u0441\u043a\u0438, \u041f\u0440\u043e\u0433\u0443\u043b\u043e\u0447\u043d\u044b\u0435 \u043a\u043e\u043b\u044f\u0441\u043a\u0438, Beebipood","og_description":"Maxi-Cosi Leona2 kergk\u00e4ru, Essential Green, \u00dclikompaktses Leona\u00b2-s on k\u00f5ik olemas - maksimaalne mugavus linnas\u00f5bralikus suuruses.&lt;br","og_url":"https:\/\/beebipood.ee\/ru\/produkt\/maxi-cosi-fame-2in1-vankrikomplekt-twillic-green\/","og_site_name":"Beebipood","article_modified_time":"2025-04-30T21:00:31+00:00","og_image":[{"width":1200,"height":1200,"url":"https:\/\/beebipood.ee\/wp-content\/uploads\/2025\/04\/maxi-cosi-fame-vankrikomplekt-set-3.jpg","type":"image\/jpeg"}],"twitter_card":"summary_large_image","twitter_misc":{"\u041f\u0440\u0438\u043c\u0435\u0440\u043d\u043e\u0435 \u0432\u0440\u0435\u043c\u044f \u0434\u043b\u044f \u0447\u0442\u0435\u043d\u0438\u044f":"3 \u043c\u0438\u043d\u0443\u0442\u044b"},"schema":{"@context":"https:\/\/schema.org","@graph":[{"@type":"WebPage","@id":"https:\/\/beebipood.ee\/ru\/produkt\/maxi-cosi-fame-2in1-vankrikomplekt-twillic-green\/","url":"https:\/\/beebipood.ee\/ru\/produkt\/maxi-cosi-fame-2in1-vankrikomplekt-twillic-green\/","name":"Maxi-Cosi Leona2 kergk\u00e4ru, Essential Green, \u0421\u041a\u0418\u0414\u041a\u0418, \u041a\u043e\u043b\u044f\u0441\u043a\u0438, \u041f\u0440\u043e\u0433\u0443\u043b\u043e\u0447\u043d\u044b\u0435 \u043a\u043e\u043b\u044f\u0441\u043a\u0438, Beebipood","isPartOf":{"@id":"https:\/\/beebipood.ee\/ru\/#website"},"primaryImageOfPage":{"@id":"https:\/\/beebipood.ee\/ru\/produkt\/maxi-cosi-fame-2in1-vankrikomplekt-twillic-green\/#primaryimage"},"image":{"@id":"https:\/\/beebipood.ee\/ru\/produkt\/maxi-cosi-fame-2in1-vankrikomplekt-twillic-green\/#primaryimage"},"thumbnailUrl":"https:\/\/beebipood.ee\/wp-content\/uploads\/2025\/04\/maxi-cosi-fame-vankrikomplekt-set-3.jpg","datePublished":"2025-04-01T14:19:27+00:00","dateModified":"2025-04-30T21:00:31+00:00","description":"Maxi-Cosi Leona2 kergk\u00e4ru, Essential Green, \u00dclikompaktses Leona\u00b2-s on k\u00f5ik olemas - maksimaalne mugavus linnas\u00f5bralikus suuruses.&lt;br","breadcrumb":{"@id":"https:\/\/beebipood.ee\/ru\/produkt\/maxi-cosi-fame-2in1-vankrikomplekt-twillic-green\/#breadcrumb"},"inLanguage":"ru-RU","potentialAction":[{"@type":"ReadAction","target":["https:\/\/beebipood.ee\/ru\/produkt\/maxi-cosi-fame-2in1-vankrikomplekt-twillic-green\/"]}]},{"@type":"ImageObject","inLanguage":"ru-RU","@id":"https:\/\/beebipood.ee\/ru\/produkt\/maxi-cosi-fame-2in1-vankrikomplekt-twillic-green\/#primaryimage","url":"https:\/\/beebipood.ee\/wp-content\/uploads\/2025\/04\/maxi-cosi-fame-vankrikomplekt-set-3.jpg","contentUrl":"https:\/\/beebipood.ee\/wp-content\/uploads\/2025\/04\/maxi-cosi-fame-vankrikomplekt-set-3.jpg","width":1200,"height":1200},{"@type":"BreadcrumbList","@id":"https:\/\/beebipood.ee\/ru\/produkt\/maxi-cosi-fame-2in1-vankrikomplekt-twillic-green\/#breadcrumb","itemListElement":[{"@type":"ListItem","position":1,"name":"Home","item":"https:\/\/beebipood.ee\/ru\/"},{"@type":"ListItem","position":2,"name":"\u041a\u0430\u0442\u0430\u043b\u043e\u0433 \u0442\u043e\u0432\u0430\u0440\u043e\u0432","item":"https:\/\/beebipood.ee\/tooted\/"},{"@type":"ListItem","position":3,"name":"Maxi-Cosi Fame 2in1 vankrikomplekt, Twillic Green"}]},{"@type":"WebSite","@id":"https:\/\/beebipood.ee\/ru\/#website","url":"https:\/\/beebipood.ee\/ru\/","name":"Beebipood","description":"Lastekaubad, beebikaubad, m\u00e4nguasjad","publisher":{"@id":"https:\/\/beebipood.ee\/ru\/#organization"},"potentialAction":[{"@type":"SearchAction","target":{"@type":"EntryPoint","urlTemplate":"https:\/\/beebipood.ee\/ru\/?s={search_term_string}"},"query-input":{"@type":"PropertyValueSpecification","valueRequired":true,"valueName":"search_term_string"}}],"inLanguage":"ru-RU"},{"@type":"Organization","@id":"https:\/\/beebipood.ee\/ru\/#organization","name":"Beebipood","url":"https:\/\/beebipood.ee\/ru\/","logo":{"@type":"ImageObject","inLanguage":"ru-RU","@id":"https:\/\/beebipood.ee\/ru\/#\/schema\/logo\/image\/","url":"https:\/\/beebipood.ee\/wp-content\/uploads\/2025\/03\/beebipood.ee-logo-1.svg","contentUrl":"https:\/\/beebipood.ee\/wp-content\/uploads\/2025\/03\/beebipood.ee-logo-1.svg","caption":"Beebipood"},"image":{"@id":"https:\/\/beebipood.ee\/ru\/#\/schema\/logo\/image\/"}}]}},"brands":[{"id":11961,"name":"Maxi-Cosi","slug":"maxi-cosi-ru"}],"_links":{"self":[{"href":"https:\/\/beebipood.ee\/ru\/wp-json\/wp\/v2\/product\/503555","targetHints":{"allow":["GET"]}}],"collection":[{"href":"https:\/\/beebipood.ee\/ru\/wp-json\/wp\/v2\/product"}],"about":[{"href":"https:\/\/beebipood.ee\/ru\/wp-json\/wp\/v2\/types\/product"}],"wp:featuredmedia":[{"embeddable":true,"href":"https:\/\/beebipood.ee\/ru\/wp-json\/wp\/v2\/media\/503557"}],"wp:attachment":[{"href":"https:\/\/beebipood.ee\/ru\/wp-json\/wp\/v2\/media?parent=503555"}],"wp:term":[{"taxonomy":"pwb-brand","embeddable":true,"href":"https:\/\/beebipood.ee\/ru\/wp-json\/wp\/v2\/pwb-brand?post=503555"},{"taxonomy":"product_brand","embeddable":true,"href":"https:\/\/beebipood.ee\/ru\/wp-json\/wp\/v2\/product_brand?post=503555"},{"taxonomy":"product_cat","embeddable":true,"href":"https:\/\/beebipood.ee\/ru\/wp-json\/wp\/v2\/product_cat?post=503555"},{"taxonomy":"product_tag","embeddable":true,"href":"https:\/\/beebipood.ee\/ru\/wp-json\/wp\/v2\/product_tag?post=503555"}],"curies":[{"name":"wp","href":"https:\/\/api.w.org\/{rel}","templated":true}]}}