{"id":503611,"date":"2025-04-01T18:04:30","date_gmt":"2025-04-01T15:04:30","guid":{"rendered":"https:\/\/beebipood.ee\/?post_type=product&#038;p=503611"},"modified":"2025-05-01T00:00:32","modified_gmt":"2025-04-30T21:00:32","slug":"maxi-cosi-see-pro-kaameraga-beebimonitor","status":"publish","type":"product","link":"https:\/\/beebipood.ee\/ru\/produkt\/maxi-cosi-see-pro-kaameraga-beebimonitor\/","title":{"rendered":"Maxi-Cosi See Pro kaameraga beebimonitor"},"content":{"rendered":"<p>Tagage oma beebi turvalisus ja mugavus Maxi-Cosi See Pro beebimonitoriga.<br \/>\nAinulaadse CryAssist tehnoloogia, 2K HD resolutsiooni,<br \/>\n\u00f6\u00f6vaatluse ja Talk-Back abil olete alati \u00fchenduses.<br \/>\nJ\u00e4lgige oma beebi liikumisi, helisid ja magamiskeskkonda<br \/>\nigal ajal nii telefoni kui ka vanemapoolse ekraani kaudu.<br \/>\nNautige muretut meelerahu t\u00e4iustatud funktsioonidega nagu nutu tuvastamine,<br \/>\nrahustavad h\u00e4llilaulud ning piltide ja videote salvestamine.<br \/>\nP\u00fcsige l\u00e4hedal, isegi kui olete kaugel.<br \/>\nRed Dot Awards 2024 \u2013 v\u00f5itja<br \/>\n<strong>Omadused<\/strong>:<br \/>\nVideo edastus on v\u00f5imalik nii l\u00e4bi rakenduse kui ka vanemapoolse ekraani.<br \/>\nCryAssist tehnoloogia Zoundream\u2019i poolt<br \/>\n6-kuuline tasuta CryAssist teenus See Pro beebikaamera ostmisel<br \/>\n(aktiveerimine vastavalt soovile).<br \/>\nP\u00e4rast tasuta teenust saab rakenduses pikendada tellimust<br \/>\nHeli- ja liikumisteated nutmisest, liikumisest ja muudest muutustest<br \/>\nUltra HD 2K resolutsioon, \u00f6\u00f6sel n\u00e4htavus kuni 10m<br \/>\n\u00d6\u00f6vatluse re\u017eiim<br \/>\n4x zoom, kristallselged detailid<br \/>\nKaamera kaugjuhtimine rakendusest v\u00f5i vanemapoolselt ekraanilt \u2013 p\u00f6\u00f6ramine, kallutamine ja suumimine<br \/>\n\u00dchilduvus 2,4 GHz ja 5 GHz Wi-Fi \u00fchendustega<br \/>\n5\u2033 LCD vanemapoolne ekraan (1280\u00d7720), turvaline FHSS \u00fchendus<br \/>\n200m leviala vanemapoolsel ekraanil<br \/>\nR\u00e4\u00e4kimise funktsioon. V\u00f5imalik suhelda beebiga l\u00e4bi lapsevanema seadme (vastuv\u00f5tja)<br \/>\nAES 128-bitine kr\u00fcpteering voogedastuse andmete kaitseks<br \/>\nMaxi-Cosi rakenduses leiduvad n\u00e4pun\u00e4ited ja soovitused beebide lohutamiseks<br \/>\nTemperatuuri ja \u00f5huniiskuse j\u00e4lgimine ning teavitamine (valikuline)<br \/>\nAutomaatne liikumise tuvastamine ja j\u00e4lgimine<br \/>\nNutu tuvastamine, ignoreerides tausthelisid<br \/>\nUinutavad h\u00e4llilaulud (5 valikut) \u2013 v\u00f5imalik seadistada nii,<br \/>\net hakkab lapse nuttu kuuldes automaatselt m\u00e4ngima<br \/>\nRahustavad valged m\u00fcrad (2 valikut) \u2013 v\u00f5imalik seadistada nii,<br \/>\net hakkab lapse nuttu kuuldes automaatselt m\u00e4ngima<br \/>\nV\u00f5imalik salvestada videosid ning pilte (SD-kaart\/pilvesalvestus)<br \/>\nLihtne seinale paigaldada<br \/>\nPikk t\u00f6\u00f6aeg (72\u201396 tundi, kui unere\u017eiim on aktiveeritud), t\u00e4islaadimine 2-3h<br \/>\n<strong>N\u00e4itajad:<\/strong><br \/>\nKaamera voolutarbimine: 5W<br \/>\nKaamera m\u00f5\u00f5dud: 81 x 127mm (laius, k\u00f5rgus)<br \/>\nKaamera kaal: 0,46kg<br \/>\nKaamera toitejuhtme pikkus: 3m<br \/>\nVanemapoolse ekraani m\u00f5\u00f5dud: 156 x 80mm<br \/>\nVanemapoolse ekraani kaal: 0,8kg<br \/>\n<strong>Komplektis:<\/strong><br \/>\nSee Pro beebikaamera<br \/>\nKaamera toitejuhe<br \/>\nVanemapoolne ekraan<br \/>\nVanemapoolse ekraani USB-kaabel<br \/>\nKaamera alus<br \/>\n4 kruvi<br \/>\nSeina kinnitus<br \/>\nReset pin<\/p>\n","protected":false},"excerpt":{"rendered":"<p>Tagage oma beebi turvalisus ja mugavus Maxi-Cosi See Pro beebimonitoriga. Ainulaadse CryAssist tehnoloogia, 2K HD resolutsiooni, \u00f6\u00f6vaatluse ja Talk-Back abil olete alati \u00fchenduses. J\u00e4lgige oma beebi liikumisi, helisid ja magamiskeskkonda igal ajal nii telefoni kui ka vanemapoolse ekraani kaudu. Nautige muretut meelerahu t\u00e4iustatud funktsioonidega nagu nutu tuvastamine, rahustavad h\u00e4llilaulud ning piltide ja videote salvestamine. P\u00fcsige [&hellip;]<\/p>\n","protected":false},"featured_media":503613,"template":"","meta":{"_acf_changed":false},"pwb-brand":[11961],"product_brand":[],"product_cat":[11573,11707,11791],"product_tag":[],"class_list":{"0":"post-503611","1":"product","2":"type-product","3":"status-publish","4":"has-post-thumbnail","6":"pwb-brand-maxi-cosi-ru","7":"product_cat-sooduspakkumised-ru","8":"product_cat-beebimonitorid-ru","9":"product_cat-turvavarustus-ru","10":"pa_manufacturer-babymoov-ru","12":"first","13":"onbackorder","14":"sale","15":"taxable","16":"shipping-taxable","17":"purchasable","18":"product-type-simple"},"exclude_global_add_ons":[],"addons":[],"acf":[],"yoast_head":"<!-- This site is optimized with the Yoast SEO plugin v27.1.1 - https:\/\/yoast.com\/product\/yoast-seo-wordpress\/ -->\n<title>Babymoov YOO Go+ HD kaameraga juhtmevaba beebimonitor , \u041d\u041e\u0412\u042b\u0415 \u0422\u041e\u0412\u0410\u0420\u042b, \u0420\u0430\u0434\u0438\u043e\u043d\u044f\u043d\u0438, \u0421\u043d\u0430\u0440\u044f\u0436\u0435\u043d\u0438\u044f \u0431\u0435\u0437\u043e\u043f\u0430\u0441\u043d\u043e\u0441\u0442\u0438, Beebipood<\/title>\n<meta name=\"description\" content=\"Babymoov YOO Go+ HD kaameraga juhtmevaba beebimonitor , Juhtmevaba, v\u00e4ikese kiirgustasemega videomonitor koos 4 erineva kinnitustarvikuga. Ideaaln\" \/>\n<meta name=\"robots\" content=\"index, follow, max-snippet:-1, max-image-preview:large, max-video-preview:-1\" \/>\n<link rel=\"canonical\" href=\"https:\/\/beebipood.ee\/ru\/produkt\/maxi-cosi-see-pro-kaameraga-beebimonitor\/\" \/>\n<meta property=\"og:locale\" content=\"ru_RU\" \/>\n<meta property=\"og:type\" content=\"article\" \/>\n<meta property=\"og:title\" content=\"Babymoov YOO Go+ HD kaameraga juhtmevaba beebimonitor , \u041d\u041e\u0412\u042b\u0415 \u0422\u041e\u0412\u0410\u0420\u042b, \u0420\u0430\u0434\u0438\u043e\u043d\u044f\u043d\u0438, \u0421\u043d\u0430\u0440\u044f\u0436\u0435\u043d\u0438\u044f \u0431\u0435\u0437\u043e\u043f\u0430\u0441\u043d\u043e\u0441\u0442\u0438, Beebipood\" \/>\n<meta property=\"og:description\" content=\"Babymoov YOO Go+ HD kaameraga juhtmevaba beebimonitor , Juhtmevaba, v\u00e4ikese kiirgustasemega videomonitor koos 4 erineva kinnitustarvikuga. Ideaaln\" \/>\n<meta property=\"og:url\" content=\"https:\/\/beebipood.ee\/ru\/produkt\/maxi-cosi-see-pro-kaameraga-beebimonitor\/\" \/>\n<meta property=\"og:site_name\" content=\"Beebipood\" \/>\n<meta property=\"article:modified_time\" content=\"2025-04-30T21:00:32+00:00\" \/>\n<meta property=\"og:image\" content=\"https:\/\/beebipood.ee\/wp-content\/uploads\/2025\/04\/maxi-cosi-beebimonitor-kaameraga-see-pro2.jpg\" \/>\n\t<meta property=\"og:image:width\" content=\"1200\" \/>\n\t<meta property=\"og:image:height\" content=\"1200\" \/>\n\t<meta property=\"og:image:type\" content=\"image\/jpeg\" \/>\n<meta name=\"twitter:card\" content=\"summary_large_image\" \/>\n<meta name=\"twitter:label1\" content=\"\u041f\u0440\u0438\u043c\u0435\u0440\u043d\u043e\u0435 \u0432\u0440\u0435\u043c\u044f \u0434\u043b\u044f \u0447\u0442\u0435\u043d\u0438\u044f\" \/>\n\t<meta name=\"twitter:data1\" content=\"2 \u043c\u0438\u043d\u0443\u0442\u044b\" \/>\n<script type=\"application\/ld+json\" class=\"yoast-schema-graph\">{\"@context\":\"https:\/\/schema.org\",\"@graph\":[{\"@type\":\"WebPage\",\"@id\":\"https:\/\/beebipood.ee\/ru\/produkt\/maxi-cosi-see-pro-kaameraga-beebimonitor\/\",\"url\":\"https:\/\/beebipood.ee\/ru\/produkt\/maxi-cosi-see-pro-kaameraga-beebimonitor\/\",\"name\":\"Babymoov YOO Go+ HD kaameraga juhtmevaba beebimonitor , \u041d\u041e\u0412\u042b\u0415 \u0422\u041e\u0412\u0410\u0420\u042b, \u0420\u0430\u0434\u0438\u043e\u043d\u044f\u043d\u0438, \u0421\u043d\u0430\u0440\u044f\u0436\u0435\u043d\u0438\u044f \u0431\u0435\u0437\u043e\u043f\u0430\u0441\u043d\u043e\u0441\u0442\u0438, Beebipood\",\"isPartOf\":{\"@id\":\"https:\/\/beebipood.ee\/ru\/#website\"},\"primaryImageOfPage\":{\"@id\":\"https:\/\/beebipood.ee\/ru\/produkt\/maxi-cosi-see-pro-kaameraga-beebimonitor\/#primaryimage\"},\"image\":{\"@id\":\"https:\/\/beebipood.ee\/ru\/produkt\/maxi-cosi-see-pro-kaameraga-beebimonitor\/#primaryimage\"},\"thumbnailUrl\":\"https:\/\/beebipood.ee\/wp-content\/uploads\/2025\/04\/maxi-cosi-beebimonitor-kaameraga-see-pro2.jpg\",\"datePublished\":\"2025-04-01T15:04:30+00:00\",\"dateModified\":\"2025-04-30T21:00:32+00:00\",\"description\":\"Babymoov YOO Go+ HD kaameraga juhtmevaba beebimonitor , Juhtmevaba, v\u00e4ikese kiirgustasemega videomonitor koos 4 erineva kinnitustarvikuga. Ideaaln\",\"breadcrumb\":{\"@id\":\"https:\/\/beebipood.ee\/ru\/produkt\/maxi-cosi-see-pro-kaameraga-beebimonitor\/#breadcrumb\"},\"inLanguage\":\"ru-RU\",\"potentialAction\":[{\"@type\":\"ReadAction\",\"target\":[\"https:\/\/beebipood.ee\/ru\/produkt\/maxi-cosi-see-pro-kaameraga-beebimonitor\/\"]}]},{\"@type\":\"ImageObject\",\"inLanguage\":\"ru-RU\",\"@id\":\"https:\/\/beebipood.ee\/ru\/produkt\/maxi-cosi-see-pro-kaameraga-beebimonitor\/#primaryimage\",\"url\":\"https:\/\/beebipood.ee\/wp-content\/uploads\/2025\/04\/maxi-cosi-beebimonitor-kaameraga-see-pro2.jpg\",\"contentUrl\":\"https:\/\/beebipood.ee\/wp-content\/uploads\/2025\/04\/maxi-cosi-beebimonitor-kaameraga-see-pro2.jpg\",\"width\":1200,\"height\":1200},{\"@type\":\"BreadcrumbList\",\"@id\":\"https:\/\/beebipood.ee\/ru\/produkt\/maxi-cosi-see-pro-kaameraga-beebimonitor\/#breadcrumb\",\"itemListElement\":[{\"@type\":\"ListItem\",\"position\":1,\"name\":\"Home\",\"item\":\"https:\/\/beebipood.ee\/ru\/\"},{\"@type\":\"ListItem\",\"position\":2,\"name\":\"\u041a\u0430\u0442\u0430\u043b\u043e\u0433 \u0442\u043e\u0432\u0430\u0440\u043e\u0432\",\"item\":\"https:\/\/beebipood.ee\/tooted\/\"},{\"@type\":\"ListItem\",\"position\":3,\"name\":\"Maxi-Cosi See Pro kaameraga beebimonitor\"}]},{\"@type\":\"WebSite\",\"@id\":\"https:\/\/beebipood.ee\/ru\/#website\",\"url\":\"https:\/\/beebipood.ee\/ru\/\",\"name\":\"Beebipood\",\"description\":\"Lastekaubad, beebikaubad, m\u00e4nguasjad\",\"publisher\":{\"@id\":\"https:\/\/beebipood.ee\/ru\/#organization\"},\"potentialAction\":[{\"@type\":\"SearchAction\",\"target\":{\"@type\":\"EntryPoint\",\"urlTemplate\":\"https:\/\/beebipood.ee\/ru\/?s={search_term_string}\"},\"query-input\":{\"@type\":\"PropertyValueSpecification\",\"valueRequired\":true,\"valueName\":\"search_term_string\"}}],\"inLanguage\":\"ru-RU\"},{\"@type\":\"Organization\",\"@id\":\"https:\/\/beebipood.ee\/ru\/#organization\",\"name\":\"Beebipood\",\"url\":\"https:\/\/beebipood.ee\/ru\/\",\"logo\":{\"@type\":\"ImageObject\",\"inLanguage\":\"ru-RU\",\"@id\":\"https:\/\/beebipood.ee\/ru\/#\/schema\/logo\/image\/\",\"url\":\"https:\/\/beebipood.ee\/wp-content\/uploads\/2025\/03\/beebipood.ee-logo-1.svg\",\"contentUrl\":\"https:\/\/beebipood.ee\/wp-content\/uploads\/2025\/03\/beebipood.ee-logo-1.svg\",\"caption\":\"Beebipood\"},\"image\":{\"@id\":\"https:\/\/beebipood.ee\/ru\/#\/schema\/logo\/image\/\"}}]}<\/script>\n<!-- \/ Yoast SEO plugin. -->","yoast_head_json":{"title":"Babymoov YOO Go+ HD kaameraga juhtmevaba beebimonitor , \u041d\u041e\u0412\u042b\u0415 \u0422\u041e\u0412\u0410\u0420\u042b, \u0420\u0430\u0434\u0438\u043e\u043d\u044f\u043d\u0438, \u0421\u043d\u0430\u0440\u044f\u0436\u0435\u043d\u0438\u044f \u0431\u0435\u0437\u043e\u043f\u0430\u0441\u043d\u043e\u0441\u0442\u0438, Beebipood","description":"Babymoov YOO Go+ HD kaameraga juhtmevaba beebimonitor , Juhtmevaba, v\u00e4ikese kiirgustasemega videomonitor koos 4 erineva kinnitustarvikuga. Ideaaln","robots":{"index":"index","follow":"follow","max-snippet":"max-snippet:-1","max-image-preview":"max-image-preview:large","max-video-preview":"max-video-preview:-1"},"canonical":"https:\/\/beebipood.ee\/ru\/produkt\/maxi-cosi-see-pro-kaameraga-beebimonitor\/","og_locale":"ru_RU","og_type":"article","og_title":"Babymoov YOO Go+ HD kaameraga juhtmevaba beebimonitor , \u041d\u041e\u0412\u042b\u0415 \u0422\u041e\u0412\u0410\u0420\u042b, \u0420\u0430\u0434\u0438\u043e\u043d\u044f\u043d\u0438, \u0421\u043d\u0430\u0440\u044f\u0436\u0435\u043d\u0438\u044f \u0431\u0435\u0437\u043e\u043f\u0430\u0441\u043d\u043e\u0441\u0442\u0438, Beebipood","og_description":"Babymoov YOO Go+ HD kaameraga juhtmevaba beebimonitor , Juhtmevaba, v\u00e4ikese kiirgustasemega videomonitor koos 4 erineva kinnitustarvikuga. Ideaaln","og_url":"https:\/\/beebipood.ee\/ru\/produkt\/maxi-cosi-see-pro-kaameraga-beebimonitor\/","og_site_name":"Beebipood","article_modified_time":"2025-04-30T21:00:32+00:00","og_image":[{"width":1200,"height":1200,"url":"https:\/\/beebipood.ee\/wp-content\/uploads\/2025\/04\/maxi-cosi-beebimonitor-kaameraga-see-pro2.jpg","type":"image\/jpeg"}],"twitter_card":"summary_large_image","twitter_misc":{"\u041f\u0440\u0438\u043c\u0435\u0440\u043d\u043e\u0435 \u0432\u0440\u0435\u043c\u044f \u0434\u043b\u044f \u0447\u0442\u0435\u043d\u0438\u044f":"2 \u043c\u0438\u043d\u0443\u0442\u044b"},"schema":{"@context":"https:\/\/schema.org","@graph":[{"@type":"WebPage","@id":"https:\/\/beebipood.ee\/ru\/produkt\/maxi-cosi-see-pro-kaameraga-beebimonitor\/","url":"https:\/\/beebipood.ee\/ru\/produkt\/maxi-cosi-see-pro-kaameraga-beebimonitor\/","name":"Babymoov YOO Go+ HD kaameraga juhtmevaba beebimonitor , \u041d\u041e\u0412\u042b\u0415 \u0422\u041e\u0412\u0410\u0420\u042b, \u0420\u0430\u0434\u0438\u043e\u043d\u044f\u043d\u0438, \u0421\u043d\u0430\u0440\u044f\u0436\u0435\u043d\u0438\u044f \u0431\u0435\u0437\u043e\u043f\u0430\u0441\u043d\u043e\u0441\u0442\u0438, Beebipood","isPartOf":{"@id":"https:\/\/beebipood.ee\/ru\/#website"},"primaryImageOfPage":{"@id":"https:\/\/beebipood.ee\/ru\/produkt\/maxi-cosi-see-pro-kaameraga-beebimonitor\/#primaryimage"},"image":{"@id":"https:\/\/beebipood.ee\/ru\/produkt\/maxi-cosi-see-pro-kaameraga-beebimonitor\/#primaryimage"},"thumbnailUrl":"https:\/\/beebipood.ee\/wp-content\/uploads\/2025\/04\/maxi-cosi-beebimonitor-kaameraga-see-pro2.jpg","datePublished":"2025-04-01T15:04:30+00:00","dateModified":"2025-04-30T21:00:32+00:00","description":"Babymoov YOO Go+ HD kaameraga juhtmevaba beebimonitor , Juhtmevaba, v\u00e4ikese kiirgustasemega videomonitor koos 4 erineva kinnitustarvikuga. Ideaaln","breadcrumb":{"@id":"https:\/\/beebipood.ee\/ru\/produkt\/maxi-cosi-see-pro-kaameraga-beebimonitor\/#breadcrumb"},"inLanguage":"ru-RU","potentialAction":[{"@type":"ReadAction","target":["https:\/\/beebipood.ee\/ru\/produkt\/maxi-cosi-see-pro-kaameraga-beebimonitor\/"]}]},{"@type":"ImageObject","inLanguage":"ru-RU","@id":"https:\/\/beebipood.ee\/ru\/produkt\/maxi-cosi-see-pro-kaameraga-beebimonitor\/#primaryimage","url":"https:\/\/beebipood.ee\/wp-content\/uploads\/2025\/04\/maxi-cosi-beebimonitor-kaameraga-see-pro2.jpg","contentUrl":"https:\/\/beebipood.ee\/wp-content\/uploads\/2025\/04\/maxi-cosi-beebimonitor-kaameraga-see-pro2.jpg","width":1200,"height":1200},{"@type":"BreadcrumbList","@id":"https:\/\/beebipood.ee\/ru\/produkt\/maxi-cosi-see-pro-kaameraga-beebimonitor\/#breadcrumb","itemListElement":[{"@type":"ListItem","position":1,"name":"Home","item":"https:\/\/beebipood.ee\/ru\/"},{"@type":"ListItem","position":2,"name":"\u041a\u0430\u0442\u0430\u043b\u043e\u0433 \u0442\u043e\u0432\u0430\u0440\u043e\u0432","item":"https:\/\/beebipood.ee\/tooted\/"},{"@type":"ListItem","position":3,"name":"Maxi-Cosi See Pro kaameraga beebimonitor"}]},{"@type":"WebSite","@id":"https:\/\/beebipood.ee\/ru\/#website","url":"https:\/\/beebipood.ee\/ru\/","name":"Beebipood","description":"Lastekaubad, beebikaubad, m\u00e4nguasjad","publisher":{"@id":"https:\/\/beebipood.ee\/ru\/#organization"},"potentialAction":[{"@type":"SearchAction","target":{"@type":"EntryPoint","urlTemplate":"https:\/\/beebipood.ee\/ru\/?s={search_term_string}"},"query-input":{"@type":"PropertyValueSpecification","valueRequired":true,"valueName":"search_term_string"}}],"inLanguage":"ru-RU"},{"@type":"Organization","@id":"https:\/\/beebipood.ee\/ru\/#organization","name":"Beebipood","url":"https:\/\/beebipood.ee\/ru\/","logo":{"@type":"ImageObject","inLanguage":"ru-RU","@id":"https:\/\/beebipood.ee\/ru\/#\/schema\/logo\/image\/","url":"https:\/\/beebipood.ee\/wp-content\/uploads\/2025\/03\/beebipood.ee-logo-1.svg","contentUrl":"https:\/\/beebipood.ee\/wp-content\/uploads\/2025\/03\/beebipood.ee-logo-1.svg","caption":"Beebipood"},"image":{"@id":"https:\/\/beebipood.ee\/ru\/#\/schema\/logo\/image\/"}}]}},"brands":[{"id":11961,"name":"Maxi-Cosi","slug":"maxi-cosi-ru"}],"_links":{"self":[{"href":"https:\/\/beebipood.ee\/ru\/wp-json\/wp\/v2\/product\/503611","targetHints":{"allow":["GET"]}}],"collection":[{"href":"https:\/\/beebipood.ee\/ru\/wp-json\/wp\/v2\/product"}],"about":[{"href":"https:\/\/beebipood.ee\/ru\/wp-json\/wp\/v2\/types\/product"}],"wp:featuredmedia":[{"embeddable":true,"href":"https:\/\/beebipood.ee\/ru\/wp-json\/wp\/v2\/media\/503613"}],"wp:attachment":[{"href":"https:\/\/beebipood.ee\/ru\/wp-json\/wp\/v2\/media?parent=503611"}],"wp:term":[{"taxonomy":"pwb-brand","embeddable":true,"href":"https:\/\/beebipood.ee\/ru\/wp-json\/wp\/v2\/pwb-brand?post=503611"},{"taxonomy":"product_brand","embeddable":true,"href":"https:\/\/beebipood.ee\/ru\/wp-json\/wp\/v2\/product_brand?post=503611"},{"taxonomy":"product_cat","embeddable":true,"href":"https:\/\/beebipood.ee\/ru\/wp-json\/wp\/v2\/product_cat?post=503611"},{"taxonomy":"product_tag","embeddable":true,"href":"https:\/\/beebipood.ee\/ru\/wp-json\/wp\/v2\/product_tag?post=503611"}],"curies":[{"name":"wp","href":"https:\/\/api.w.org\/{rel}","templated":true}]}}