{"id":504179,"date":"2025-04-24T15:09:08","date_gmt":"2025-04-24T12:09:08","guid":{"rendered":"https:\/\/beebipood.ee\/?post_type=product&#038;p=504179"},"modified":"2025-04-24T15:12:58","modified_gmt":"2025-04-24T12:12:58","slug":"thule-urban-glide-3-jalutuskaru-komplekt-2-in-1-mist-green-black-2025","status":"publish","type":"product","link":"https:\/\/beebipood.ee\/ru\/produkt\/thule-urban-glide-3-jalutuskaru-komplekt-2-in-1-mist-green-black-2025\/","title":{"rendered":"Thule Urban Glide 3 jalutusk\u00e4ru komplekt 2 in 1, Mist Green\/Black (2025)"},"content":{"rendered":"<p>Thule Urban Glide 3 on suurep\u00e4rane t\u00e4issuuruses ja v\u00f5imas maastikuk\u00e4ru,<br \/>\nmis sobib h\u00e4sti nii vasts\u00fcndinutele kui ka v\u00e4ikelastele.<br \/>\nMugavusfunktsioonid, sisseehitatud jalatugi, p\u00fcstine ja reguleeritava seljatoega mugav iste,<br \/>\nt\u00e4ielikult etteulatuv \u00f5hutusavadega kaarvari muudavad k\u00f5ik igap\u00e4evas\u00f5idud mugavaks<br \/>\nning 2025 aasta kollektsioonis on Urban Glide 3 varustatud 5-punktiliste magnet rihmade s\u00fcsteemiga.<br \/>\nAktiivsetele lapsevanematele loodud Thule Urban Glide 3 pakub igal maastikul nii mugavust,<br \/>\nfunktsionaalsust kui ka head j\u00f5udlust. V\u00f5rreldamatu man\u00f6\u00f6verdusv\u00f5ime t\u00e4nu \u00f5hukesele<br \/>\nja kergele disainile ning suured 16-tollised \u00f5huga t\u00e4idetud rehvid tagavad imehea vedrustuse.<br \/>\n\u00dcksk\u00f5ik kas s\u00f5idate linnas v\u00f5i vallutate keerukamaid maastikke,<br \/>\nselle k\u00e4ruga on s\u00f5it sujuv ja mugav. P\u00f6\u00f6ratav esiratas man\u00f6\u00f6verdab muretult l\u00e4bi rahvarohkete t\u00e4navate<br \/>\nja selle saab kiiremas tempos liikumiseks h\u00f5lpsasti paigale lukustada.<br \/>\nP\u00f6\u00f6ratava k\u00e4sipiduriga saab kiirust optimaalselt reguleerida nii asfaldil kui ka m\u00e4gisel maastikul.<br \/>\nThule Urban Glide 3 pole mitte ainult praktiline, vaid ka mugav.<\/p>\n<p>*\u00dche k\u00e4ega kompaktselt kokkupandav, nii et hoiustamine ja transport on imelihtne.<br \/>\nRuumikas t\u00f5mblukuga suletava kattega pagasikorv annab rohkesti ruumi k\u00f5ige vajaliku jaoks,<br \/>\nmida seiklustel kaasas kanda.<br \/>\n*Mugav ja turvaline magnetilise pandlaga\u00a0iste,<br \/>\nmillele on kergesti kinnitatavad 5-punktilised polsterdatud turvarihmad<br \/>\n*T\u00e4nu p\u00f6\u00f6ratavale esirattale, mille saab suuremate kiiruste ajaks lukustada,<br \/>\nning suurtele tagaratastele on k\u00e4ru kerge ja lihtsasti man\u00f6\u00f6verdatav<br \/>\n*Sisseehitatud jalatugi ning reguleeritava seljatoega mugav iste<br \/>\nannavad lapsele t\u00e4ieliku mugavuse kogu p\u00e4evaks,<br \/>\nnii ringi vaadates kui ka uinakut tehes<br \/>\n*Integreeritud p\u00f6\u00f6ratav k\u00e4sipidur aitab igal maastikul sujuvalt<br \/>\nja turvaliselt kiirust reguleerida<br \/>\n*H\u00f5lpsaks hoiustamiseks ja transportimiseks lihtsasti<br \/>\n\u00fche k\u00e4ega kokkupandav ja toeta p\u00fcsti p\u00fcsiv<br \/>\n*Lapsele tagab mugavuse t\u00e4ielikult kattev ja \u00f5hutusavadega suur varikatus<br \/>\n*Suur t\u00f5mblukuga kinnitatava kattega pagasikorv, tagumine v\u00f5rktasku<br \/>\nning kaks sn\u00e4kkidele ja m\u00e4nguasjadele sobivat v\u00f5rksahtlit<br \/>\npakuvad rohkelt ruumi k\u00f5igi vajalike esemete hoidmiseks<br \/>\n*Ergonoomiline reguleeritav l\u00fckkesang tagab vanemale mugava kasutuse<br \/>\n*Turvaline ja mugav iste, millel on lihtsasti reguleeritav viie punkti turvarihm<br \/>\n*Kaarvarju ja rataste peegeldavad omadused tagavad n\u00e4htavuse ja ohutuse<br \/>\n*V\u00e4iksest aknast saate j\u00e4lgida magavat last, ilma et see teda h\u00e4iriks<br \/>\n<strong><span style=\"text-decoration: underline;\">Tehnilised andmed<\/span><\/strong><br \/>\nJalutusk\u00e4ru kandev\u00f5ime 34 kg<br \/>\nPagasikorvi maksimaalne kandev\u00f5ime 7 kg<br \/>\nLapse kaal kuni 22 kg<br \/>\nK\u00e4ru kaal 11,9 kg<br \/>\nAvatult 123 x 69 x 115 cm<br \/>\nKokkupandult 88 x 58 x 31 cm<br \/>\nIstmek\u00f5rgus 51 cm<br \/>\nLaius 69 cm<\/p>\n<p><span style=\"text-decoration: underline;\">Thule vankrikorv<\/span> muudab teie k\u00e4ru hetkega mugavaks lapsevankriks.<br \/>\nSeda on lihtne jalutusk\u00e4ru k\u00fclge kinnitada lihtsa kl\u00f5psatava paigaldisena.<br \/>\nVankrikorv sobib ideaalselt 0-6 kuu vanustele imikutele<br \/>\nning sisaldab vankrikorvi p\u00f5lle ja ventileeritavat madratsit,<br \/>\net imikul oleks mugav. Kui olete oma jalutusk\u00e4igu l\u00f5petanud,<br \/>\nsaab vankrikorvi jalutusk\u00e4rust h\u00f5lpsalt ja vaikselt eemaldada.<br \/>\nVentileeritava p\u00f5hja ja madratsiga ruumikas ja mugav vankrikorv<br \/>\nPikendatav ja ventileeritav varikatus muudab s\u00f5idu lapse jaoks mugavaks iga ilmaga.<br \/>\nVarikatus kaitseb p\u00e4ikese ja UV-kiirguse eest (UPF 50 ja \u00fcle selle)<br \/>\nEemaldatav ja v\u00f5rkkattega madrats masinpestava kattega<br \/>\nPehme ja hubane sisemine v\u00f5rkkangas beebi mugavuse jaoks,<br \/>\nv\u00e4lisk\u00fcljel on vastupidav vetth\u00fclgav ripstop-kangas<br \/>\nLihtsasti paigaldatavad sisse-\/v\u00e4ljakl\u00f5psatavad vankrikorvi adapterid teie lapsevankri mudelile<br \/>\nHelkurdetailid nii varikatuse \u00e4\u00e4rel kui ka vankrikorvi p\u00f5hjal tagavad h\u00e4maras parema n\u00e4htavuse<br \/>\nErgonoomiline k\u00e4epide kergemaks kandmiseks<br \/>\nSobib: Thule Urban Glide 3 single,<br \/>\nThule Urban Glide 3 double ja Thule Urban Glide 4-Wheel jalutusk\u00e4rudele.<br \/>\n<span style=\"text-decoration: underline;\">Tehnilised andmed<\/span><br \/>\nM\u00f5\u00f5dud: P 83 x L 31 cm<br \/>\nSisem\u00f5\u00f5du: P 75 x L 30 cm<br \/>\nMaksimaalne kasutaja kaal: 9 kg<br \/>\nKaal: 6,5 kg<\/p>\n","protected":false},"excerpt":{"rendered":"<p>Thule Urban Glide 3 on suurep\u00e4rane t\u00e4issuuruses ja v\u00f5imas maastikuk\u00e4ru, mis sobib h\u00e4sti nii vasts\u00fcndinutele kui ka v\u00e4ikelastele. Mugavusfunktsioonid, sisseehitatud jalatugi, p\u00fcstine ja reguleeritava seljatoega mugav iste, t\u00e4ielikult etteulatuv \u00f5hutusavadega kaarvari muudavad k\u00f5ik igap\u00e4evas\u00f5idud mugavaks ning 2025 aasta kollektsioonis on Urban Glide 3 varustatud 5-punktiliste magnet rihmade s\u00fcsteemiga. Aktiivsetele lapsevanematele loodud Thule Urban Glide 3 [&hellip;]<\/p>\n","protected":false},"featured_media":504181,"template":"","meta":{"_acf_changed":false},"pwb-brand":[11980],"product_brand":[],"product_cat":[11849,11573,11847,11721,11717],"product_tag":[],"class_list":{"0":"post-504179","1":"product","2":"type-product","3":"status-publish","4":"has-post-thumbnail","6":"pwb-brand-thule-ru","7":"product_cat-thule-urban-glide-3-ru","8":"product_cat-sooduspakkumised-ru","9":"product_cat-thule-ru","10":"product_cat-jalutuskarud-ru","11":"product_cat-lastevankrid-ja-karud-ru","12":"pa_manufacturer-thule-ru","14":"first","15":"onbackorder","16":"sale","17":"taxable","18":"shipping-taxable","19":"purchasable","20":"product-type-simple"},"exclude_global_add_ons":[],"addons":[],"acf":[],"yoast_head":"<!-- This site is optimized with the Yoast SEO plugin v27.1.1 - https:\/\/yoast.com\/product\/yoast-seo-wordpress\/ -->\n<title>Thule Urban Glide 3 jalutusk\u00e4ru komplekt 2 in 1, Black\/Black, \u0421\u041a\u0418\u0414\u041a\u0418, \u041a\u043e\u043b\u044f\u0441\u043a\u0438, \u041f\u0440\u043e\u0433\u0443\u043b\u043e\u0447\u043d\u044b\u0435 \u043a\u043e\u043b\u044f\u0441\u043a\u0438, THULE, Thule Urban Glide 3, Beebipood<\/title>\n<meta name=\"description\" content=\"Thule Urban Glide 3 jalutusk\u00e4ru komplekt 2 in 1, Black\/Black, Thule Urban Glide 3 on suurep\u00e4rane t\u00e4issuuruses ja v\u00f5imas maastikuk\u00e4ru,&lt;\" \/>\n<meta name=\"robots\" content=\"index, follow, max-snippet:-1, max-image-preview:large, max-video-preview:-1\" \/>\n<link rel=\"canonical\" href=\"https:\/\/beebipood.ee\/ru\/produkt\/thule-urban-glide-3-jalutuskaru-komplekt-2-in-1-mist-green-black-2025\/\" \/>\n<meta property=\"og:locale\" content=\"ru_RU\" \/>\n<meta property=\"og:type\" content=\"article\" \/>\n<meta property=\"og:title\" content=\"Thule Urban Glide 3 jalutusk\u00e4ru komplekt 2 in 1, Black\/Black, \u0421\u041a\u0418\u0414\u041a\u0418, \u041a\u043e\u043b\u044f\u0441\u043a\u0438, \u041f\u0440\u043e\u0433\u0443\u043b\u043e\u0447\u043d\u044b\u0435 \u043a\u043e\u043b\u044f\u0441\u043a\u0438, THULE, Thule Urban Glide 3, Beebipood\" \/>\n<meta property=\"og:description\" content=\"Thule Urban Glide 3 jalutusk\u00e4ru komplekt 2 in 1, Black\/Black, Thule Urban Glide 3 on suurep\u00e4rane t\u00e4issuuruses ja v\u00f5imas maastikuk\u00e4ru,&lt;\" \/>\n<meta property=\"og:url\" content=\"https:\/\/beebipood.ee\/ru\/produkt\/thule-urban-glide-3-jalutuskaru-komplekt-2-in-1-mist-green-black-2025\/\" \/>\n<meta property=\"og:site_name\" content=\"Beebipood\" \/>\n<meta property=\"article:modified_time\" content=\"2025-04-24T12:12:58+00:00\" \/>\n<meta property=\"og:image\" content=\"https:\/\/beebipood.ee\/wp-content\/uploads\/2025\/04\/thule-urban-glide-3-mist-green-ja-black-basinet.jpg\" \/>\n\t<meta property=\"og:image:width\" content=\"945\" \/>\n\t<meta property=\"og:image:height\" content=\"833\" \/>\n\t<meta property=\"og:image:type\" content=\"image\/jpeg\" \/>\n<meta name=\"twitter:card\" content=\"summary_large_image\" \/>\n<meta name=\"twitter:label1\" content=\"\u041f\u0440\u0438\u043c\u0435\u0440\u043d\u043e\u0435 \u0432\u0440\u0435\u043c\u044f \u0434\u043b\u044f \u0447\u0442\u0435\u043d\u0438\u044f\" \/>\n\t<meta name=\"twitter:data1\" content=\"3 \u043c\u0438\u043d\u0443\u0442\u044b\" \/>\n<script type=\"application\/ld+json\" class=\"yoast-schema-graph\">{\"@context\":\"https:\/\/schema.org\",\"@graph\":[{\"@type\":\"WebPage\",\"@id\":\"https:\/\/beebipood.ee\/ru\/produkt\/thule-urban-glide-3-jalutuskaru-komplekt-2-in-1-mist-green-black-2025\/\",\"url\":\"https:\/\/beebipood.ee\/ru\/produkt\/thule-urban-glide-3-jalutuskaru-komplekt-2-in-1-mist-green-black-2025\/\",\"name\":\"Thule Urban Glide 3 jalutusk\u00e4ru komplekt 2 in 1, Black\/Black, \u0421\u041a\u0418\u0414\u041a\u0418, \u041a\u043e\u043b\u044f\u0441\u043a\u0438, \u041f\u0440\u043e\u0433\u0443\u043b\u043e\u0447\u043d\u044b\u0435 \u043a\u043e\u043b\u044f\u0441\u043a\u0438, THULE, Thule Urban Glide 3, Beebipood\",\"isPartOf\":{\"@id\":\"https:\/\/beebipood.ee\/ru\/#website\"},\"primaryImageOfPage\":{\"@id\":\"https:\/\/beebipood.ee\/ru\/produkt\/thule-urban-glide-3-jalutuskaru-komplekt-2-in-1-mist-green-black-2025\/#primaryimage\"},\"image\":{\"@id\":\"https:\/\/beebipood.ee\/ru\/produkt\/thule-urban-glide-3-jalutuskaru-komplekt-2-in-1-mist-green-black-2025\/#primaryimage\"},\"thumbnailUrl\":\"https:\/\/beebipood.ee\/wp-content\/uploads\/2025\/04\/thule-urban-glide-3-mist-green-ja-black-basinet.jpg\",\"datePublished\":\"2025-04-24T12:09:08+00:00\",\"dateModified\":\"2025-04-24T12:12:58+00:00\",\"description\":\"Thule Urban Glide 3 jalutusk\u00e4ru komplekt 2 in 1, Black\/Black, Thule Urban Glide 3 on suurep\u00e4rane t\u00e4issuuruses ja v\u00f5imas maastikuk\u00e4ru,&lt;\",\"breadcrumb\":{\"@id\":\"https:\/\/beebipood.ee\/ru\/produkt\/thule-urban-glide-3-jalutuskaru-komplekt-2-in-1-mist-green-black-2025\/#breadcrumb\"},\"inLanguage\":\"ru-RU\",\"potentialAction\":[{\"@type\":\"ReadAction\",\"target\":[\"https:\/\/beebipood.ee\/ru\/produkt\/thule-urban-glide-3-jalutuskaru-komplekt-2-in-1-mist-green-black-2025\/\"]}]},{\"@type\":\"ImageObject\",\"inLanguage\":\"ru-RU\",\"@id\":\"https:\/\/beebipood.ee\/ru\/produkt\/thule-urban-glide-3-jalutuskaru-komplekt-2-in-1-mist-green-black-2025\/#primaryimage\",\"url\":\"https:\/\/beebipood.ee\/wp-content\/uploads\/2025\/04\/thule-urban-glide-3-mist-green-ja-black-basinet.jpg\",\"contentUrl\":\"https:\/\/beebipood.ee\/wp-content\/uploads\/2025\/04\/thule-urban-glide-3-mist-green-ja-black-basinet.jpg\",\"width\":945,\"height\":833},{\"@type\":\"BreadcrumbList\",\"@id\":\"https:\/\/beebipood.ee\/ru\/produkt\/thule-urban-glide-3-jalutuskaru-komplekt-2-in-1-mist-green-black-2025\/#breadcrumb\",\"itemListElement\":[{\"@type\":\"ListItem\",\"position\":1,\"name\":\"Home\",\"item\":\"https:\/\/beebipood.ee\/ru\/\"},{\"@type\":\"ListItem\",\"position\":2,\"name\":\"\u041a\u0430\u0442\u0430\u043b\u043e\u0433 \u0442\u043e\u0432\u0430\u0440\u043e\u0432\",\"item\":\"https:\/\/beebipood.ee\/tooted\/\"},{\"@type\":\"ListItem\",\"position\":3,\"name\":\"Thule Urban Glide 3 jalutusk\u00e4ru komplekt 2 in 1, Mist Green\/Black (2025)\"}]},{\"@type\":\"WebSite\",\"@id\":\"https:\/\/beebipood.ee\/ru\/#website\",\"url\":\"https:\/\/beebipood.ee\/ru\/\",\"name\":\"Beebipood\",\"description\":\"Lastekaubad, beebikaubad, m\u00e4nguasjad\",\"publisher\":{\"@id\":\"https:\/\/beebipood.ee\/ru\/#organization\"},\"potentialAction\":[{\"@type\":\"SearchAction\",\"target\":{\"@type\":\"EntryPoint\",\"urlTemplate\":\"https:\/\/beebipood.ee\/ru\/?s={search_term_string}\"},\"query-input\":{\"@type\":\"PropertyValueSpecification\",\"valueRequired\":true,\"valueName\":\"search_term_string\"}}],\"inLanguage\":\"ru-RU\"},{\"@type\":\"Organization\",\"@id\":\"https:\/\/beebipood.ee\/ru\/#organization\",\"name\":\"Beebipood\",\"url\":\"https:\/\/beebipood.ee\/ru\/\",\"logo\":{\"@type\":\"ImageObject\",\"inLanguage\":\"ru-RU\",\"@id\":\"https:\/\/beebipood.ee\/ru\/#\/schema\/logo\/image\/\",\"url\":\"https:\/\/beebipood.ee\/wp-content\/uploads\/2025\/03\/beebipood.ee-logo-1.svg\",\"contentUrl\":\"https:\/\/beebipood.ee\/wp-content\/uploads\/2025\/03\/beebipood.ee-logo-1.svg\",\"caption\":\"Beebipood\"},\"image\":{\"@id\":\"https:\/\/beebipood.ee\/ru\/#\/schema\/logo\/image\/\"}}]}<\/script>\n<!-- \/ Yoast SEO plugin. -->","yoast_head_json":{"title":"Thule Urban Glide 3 jalutusk\u00e4ru komplekt 2 in 1, Black\/Black, \u0421\u041a\u0418\u0414\u041a\u0418, \u041a\u043e\u043b\u044f\u0441\u043a\u0438, \u041f\u0440\u043e\u0433\u0443\u043b\u043e\u0447\u043d\u044b\u0435 \u043a\u043e\u043b\u044f\u0441\u043a\u0438, THULE, Thule Urban Glide 3, Beebipood","description":"Thule Urban Glide 3 jalutusk\u00e4ru komplekt 2 in 1, Black\/Black, Thule Urban Glide 3 on suurep\u00e4rane t\u00e4issuuruses ja v\u00f5imas maastikuk\u00e4ru,&lt;","robots":{"index":"index","follow":"follow","max-snippet":"max-snippet:-1","max-image-preview":"max-image-preview:large","max-video-preview":"max-video-preview:-1"},"canonical":"https:\/\/beebipood.ee\/ru\/produkt\/thule-urban-glide-3-jalutuskaru-komplekt-2-in-1-mist-green-black-2025\/","og_locale":"ru_RU","og_type":"article","og_title":"Thule Urban Glide 3 jalutusk\u00e4ru komplekt 2 in 1, Black\/Black, \u0421\u041a\u0418\u0414\u041a\u0418, \u041a\u043e\u043b\u044f\u0441\u043a\u0438, \u041f\u0440\u043e\u0433\u0443\u043b\u043e\u0447\u043d\u044b\u0435 \u043a\u043e\u043b\u044f\u0441\u043a\u0438, THULE, Thule Urban Glide 3, Beebipood","og_description":"Thule Urban Glide 3 jalutusk\u00e4ru komplekt 2 in 1, Black\/Black, Thule Urban Glide 3 on suurep\u00e4rane t\u00e4issuuruses ja v\u00f5imas maastikuk\u00e4ru,&lt;","og_url":"https:\/\/beebipood.ee\/ru\/produkt\/thule-urban-glide-3-jalutuskaru-komplekt-2-in-1-mist-green-black-2025\/","og_site_name":"Beebipood","article_modified_time":"2025-04-24T12:12:58+00:00","og_image":[{"width":945,"height":833,"url":"https:\/\/beebipood.ee\/wp-content\/uploads\/2025\/04\/thule-urban-glide-3-mist-green-ja-black-basinet.jpg","type":"image\/jpeg"}],"twitter_card":"summary_large_image","twitter_misc":{"\u041f\u0440\u0438\u043c\u0435\u0440\u043d\u043e\u0435 \u0432\u0440\u0435\u043c\u044f \u0434\u043b\u044f \u0447\u0442\u0435\u043d\u0438\u044f":"3 \u043c\u0438\u043d\u0443\u0442\u044b"},"schema":{"@context":"https:\/\/schema.org","@graph":[{"@type":"WebPage","@id":"https:\/\/beebipood.ee\/ru\/produkt\/thule-urban-glide-3-jalutuskaru-komplekt-2-in-1-mist-green-black-2025\/","url":"https:\/\/beebipood.ee\/ru\/produkt\/thule-urban-glide-3-jalutuskaru-komplekt-2-in-1-mist-green-black-2025\/","name":"Thule Urban Glide 3 jalutusk\u00e4ru komplekt 2 in 1, Black\/Black, \u0421\u041a\u0418\u0414\u041a\u0418, \u041a\u043e\u043b\u044f\u0441\u043a\u0438, \u041f\u0440\u043e\u0433\u0443\u043b\u043e\u0447\u043d\u044b\u0435 \u043a\u043e\u043b\u044f\u0441\u043a\u0438, THULE, Thule Urban Glide 3, Beebipood","isPartOf":{"@id":"https:\/\/beebipood.ee\/ru\/#website"},"primaryImageOfPage":{"@id":"https:\/\/beebipood.ee\/ru\/produkt\/thule-urban-glide-3-jalutuskaru-komplekt-2-in-1-mist-green-black-2025\/#primaryimage"},"image":{"@id":"https:\/\/beebipood.ee\/ru\/produkt\/thule-urban-glide-3-jalutuskaru-komplekt-2-in-1-mist-green-black-2025\/#primaryimage"},"thumbnailUrl":"https:\/\/beebipood.ee\/wp-content\/uploads\/2025\/04\/thule-urban-glide-3-mist-green-ja-black-basinet.jpg","datePublished":"2025-04-24T12:09:08+00:00","dateModified":"2025-04-24T12:12:58+00:00","description":"Thule Urban Glide 3 jalutusk\u00e4ru komplekt 2 in 1, Black\/Black, Thule Urban Glide 3 on suurep\u00e4rane t\u00e4issuuruses ja v\u00f5imas maastikuk\u00e4ru,&lt;","breadcrumb":{"@id":"https:\/\/beebipood.ee\/ru\/produkt\/thule-urban-glide-3-jalutuskaru-komplekt-2-in-1-mist-green-black-2025\/#breadcrumb"},"inLanguage":"ru-RU","potentialAction":[{"@type":"ReadAction","target":["https:\/\/beebipood.ee\/ru\/produkt\/thule-urban-glide-3-jalutuskaru-komplekt-2-in-1-mist-green-black-2025\/"]}]},{"@type":"ImageObject","inLanguage":"ru-RU","@id":"https:\/\/beebipood.ee\/ru\/produkt\/thule-urban-glide-3-jalutuskaru-komplekt-2-in-1-mist-green-black-2025\/#primaryimage","url":"https:\/\/beebipood.ee\/wp-content\/uploads\/2025\/04\/thule-urban-glide-3-mist-green-ja-black-basinet.jpg","contentUrl":"https:\/\/beebipood.ee\/wp-content\/uploads\/2025\/04\/thule-urban-glide-3-mist-green-ja-black-basinet.jpg","width":945,"height":833},{"@type":"BreadcrumbList","@id":"https:\/\/beebipood.ee\/ru\/produkt\/thule-urban-glide-3-jalutuskaru-komplekt-2-in-1-mist-green-black-2025\/#breadcrumb","itemListElement":[{"@type":"ListItem","position":1,"name":"Home","item":"https:\/\/beebipood.ee\/ru\/"},{"@type":"ListItem","position":2,"name":"\u041a\u0430\u0442\u0430\u043b\u043e\u0433 \u0442\u043e\u0432\u0430\u0440\u043e\u0432","item":"https:\/\/beebipood.ee\/tooted\/"},{"@type":"ListItem","position":3,"name":"Thule Urban Glide 3 jalutusk\u00e4ru komplekt 2 in 1, Mist Green\/Black (2025)"}]},{"@type":"WebSite","@id":"https:\/\/beebipood.ee\/ru\/#website","url":"https:\/\/beebipood.ee\/ru\/","name":"Beebipood","description":"Lastekaubad, beebikaubad, m\u00e4nguasjad","publisher":{"@id":"https:\/\/beebipood.ee\/ru\/#organization"},"potentialAction":[{"@type":"SearchAction","target":{"@type":"EntryPoint","urlTemplate":"https:\/\/beebipood.ee\/ru\/?s={search_term_string}"},"query-input":{"@type":"PropertyValueSpecification","valueRequired":true,"valueName":"search_term_string"}}],"inLanguage":"ru-RU"},{"@type":"Organization","@id":"https:\/\/beebipood.ee\/ru\/#organization","name":"Beebipood","url":"https:\/\/beebipood.ee\/ru\/","logo":{"@type":"ImageObject","inLanguage":"ru-RU","@id":"https:\/\/beebipood.ee\/ru\/#\/schema\/logo\/image\/","url":"https:\/\/beebipood.ee\/wp-content\/uploads\/2025\/03\/beebipood.ee-logo-1.svg","contentUrl":"https:\/\/beebipood.ee\/wp-content\/uploads\/2025\/03\/beebipood.ee-logo-1.svg","caption":"Beebipood"},"image":{"@id":"https:\/\/beebipood.ee\/ru\/#\/schema\/logo\/image\/"}}]}},"brands":[{"id":11980,"name":"THULE","slug":"thule-ru"}],"_links":{"self":[{"href":"https:\/\/beebipood.ee\/ru\/wp-json\/wp\/v2\/product\/504179","targetHints":{"allow":["GET"]}}],"collection":[{"href":"https:\/\/beebipood.ee\/ru\/wp-json\/wp\/v2\/product"}],"about":[{"href":"https:\/\/beebipood.ee\/ru\/wp-json\/wp\/v2\/types\/product"}],"wp:featuredmedia":[{"embeddable":true,"href":"https:\/\/beebipood.ee\/ru\/wp-json\/wp\/v2\/media\/504181"}],"wp:attachment":[{"href":"https:\/\/beebipood.ee\/ru\/wp-json\/wp\/v2\/media?parent=504179"}],"wp:term":[{"taxonomy":"pwb-brand","embeddable":true,"href":"https:\/\/beebipood.ee\/ru\/wp-json\/wp\/v2\/pwb-brand?post=504179"},{"taxonomy":"product_brand","embeddable":true,"href":"https:\/\/beebipood.ee\/ru\/wp-json\/wp\/v2\/product_brand?post=504179"},{"taxonomy":"product_cat","embeddable":true,"href":"https:\/\/beebipood.ee\/ru\/wp-json\/wp\/v2\/product_cat?post=504179"},{"taxonomy":"product_tag","embeddable":true,"href":"https:\/\/beebipood.ee\/ru\/wp-json\/wp\/v2\/product_tag?post=504179"}],"curies":[{"name":"wp","href":"https:\/\/api.w.org\/{rel}","templated":true}]}}