{"id":504189,"date":"2025-04-25T09:56:06","date_gmt":"2025-04-25T06:56:06","guid":{"rendered":"https:\/\/beebipood.ee\/?post_type=product&#038;p=504189"},"modified":"2025-04-25T10:09:03","modified_gmt":"2025-04-25T07:09:03","slug":"thule-elm-180-i-size-sss-turvatool-thule-alfi-isofix-alus-black","status":"publish","type":"product","link":"https:\/\/beebipood.ee\/ru\/produkt\/thule-elm-180-i-size-sss-turvatool-thule-alfi-isofix-alus-black\/","title":{"rendered":"Thule Elm 180\u00b0 i-Size SSS turvatool + Thule Alfi Isofix alus, Black"},"content":{"rendered":"<p>Thule Elm turvatool on loodud uudishimulikke v\u00e4ikseid inimesi silmas pidades.<br \/>\nKohandatud turvalisus ja mugavus teie kasvavale lapsele.<br \/>\nEksklusiivne Thule Impact kaitse System,<br \/>\nmis on loodud pakkuma teie v\u00e4ikelapsele k\u00f5ikeh\u00f5lmavat ohutust.<br \/>\nLisaks 5-punktilisele polsterdatud turvav\u00f6\u00f6s\u00fcsteemile ja suurele kaitsvale peatoele<br \/>\n\u00fcmbritseb Thule Impact Protection System teie last turvalise kaitsekihiga,<br \/>\nkaitstes teda iga nurga alt, tagades, et iga autos\u00f5it oleks nii ohutu kui v\u00f5imalik.<br \/>\nSee turvatool \u00fcletab ohutusstandardid, olles edukalt l\u00e4binud range Swedish Plus testi,<br \/>\nmis keskendub kaela kaitsele ja \u00fcldisele ohutusele raskete laupkokkup\u00f5rgete korral.<br \/>\nEasyDock tehnoloogia tagab turvatooli kinnitamise Thule Alfi alusele lihtsalt ja mugavalt.<br \/>\nThule SenseAffirm s\u00fcsteemi digitaalne ekraan annab reaalajas tagasisidet,<br \/>\nandes teile selge signaali, et olete turvatooli \u00f5igesti kinnitanud, v\u00e4listades k\u00f5ik kahtlused.<br \/>\nIntuitiivne paigaldamine<br \/>\nEasyDock tehnoloogia v\u00f5imaldab Thule Elmi h\u00f5lpsasti paigaldada Thule Alfi ISOFIX alusele.<br \/>\nDigitaalne ekraan annab kohese visuaalse kinnituse \u00f5ige ja turvalise paigalduse kohta<br \/>\nEsmaklassiline ohutus<br \/>\nThule Impact Protection System ja 5-punktiline polsterdatud turvarihmad<br \/>\ntagavad teie v\u00e4ikelapsele k\u00f5rgeima ohutustaseme.<br \/>\nH\u00f5lpsasti sissel\u00fclitatav funktsioon muudab lukustuse sujuvamaks,<br \/>\nnii et saate keskenduda teele<br \/>\nThule SenseAffirm s\u00fcsteem<br \/>\nEnam pole vaja arvata, kas teie turvatool on \u00f5igesti paigaldatud.<br \/>\nDigitaalne ekraan annab t\u00e4pseid juhiseid reguleerimiseks,<br \/>\nkinnitades teile, et k\u00f5ik on alati ideaalselt paigas<br \/>\nSujuv p\u00f6\u00f6rlemine<br \/>\nAlus p\u00f6\u00f6rleb 360 kraadi, aga SSS turvatool alusele 180 kraadi, et teie last oleks lihtne istmele panna<br \/>\nv\u00f5i sealt v\u00e4lja v\u00f5tta ning kohandub teie kasvava lapse vajadustega<br \/>\nLihtne panna istmele, lihtne v\u00f5tta istmelt \u00e4ra<br \/>\nIstmel on m\u00f5lemal k\u00fcljel magnetid, mis hoiavad turvarihma pandla lahti ja valmis,<br \/>\nsamal ajal kui asetate lapse istmele v\u00f5i v\u00f5tate istmelt \u00e4ra<br \/>\nReguleeritav mugavus<br \/>\nKolm istme kaldeasendit.<br \/>\nEsmaklassilised polsterdatud katted muudavad teie v\u00e4ikelapse s\u00f5idu hubaseks.<br \/>\nKohanduv disain<br \/>\nPeatuge ja turvarihmasid saab m\u00f5lemat reguleerida sujuvalt, ilma kindlate astmeteta,<br \/>\nv\u00f5imaldades neid lapse kasvades ideaalselt kohandada lapse pikkusele.<br \/>\nTurvalise p\u00f6\u00f6ramise lukk<br \/>\nTurvatooli p\u00f6\u00f6ramiseks vajutada tooli vabastusklahvi.<br \/>\nSee on vanematele meeldetuletuseks, et tagada turvatooli \u00f5ige s\u00f5idusuund.<br \/>\nPeidetud vabastusnupp<br \/>\nPeidetud vabastusnupp turvatooli aluselt eemaldamiseks<br \/>\nlukustatakse s\u00f5idure\u017eiimi ajal, v\u00e4ltides juhuslikku v\u00e4\u00e4rkasutust<br \/>\n<strong><span style=\"text-decoration: underline;\">N\u00e4itajad<\/span><\/strong><br \/>\nSertifitseerimine: EN R129\/3 i-Size, Plus Testitud<br \/>\nPaigaldamine s\u00f5idukisse: Thule Alfi ISOFIX alusega<br \/>\nS\u00f5idusuund: seljaga s\u00f5idusuunas<br \/>\nLapse vanus: 6 kuud &#8212; ca. 4 aastat<br \/>\nLapse pikkus: 67 cm &#8212; 105 cm<br \/>\nMaksimaalne lapse kaal: 18 kg<br \/>\nM\u00f5\u00f5dud: 61 x 73 x 44 cm (K x P x L)<br \/>\nToote kaal: 7,7 kg<br \/>\nMasinpestav 30\u00b0 juures<\/p>\n<p>Kogege stressivaba paigaldust ja t\u00e4ielikku meelerahu <strong><span style=\"text-decoration: underline;\">Thule Alfi ISOFIX alusega,<\/span><\/strong><br \/>\nmis tagab t\u00e4nu Thule SenseAffirm Systemile turvalise seadistuse.<br \/>\nThule Alfi tagab turvah\u00e4lli ja turvatooli kiire ja intuitiivse kinnitamise,<br \/>\nmuutes reisid ohutumaks ja lihtsamaks.<br \/>\nADAC testiv\u00f5itja 10\/2024 ja Red Dot disaini auhinna v\u00f5itja 2024.<br \/>\nThule Alfi ISOFIX alus koos Thule Maple turvah\u00e4lliga said ADAC testis 1,6<br \/>\nmis t\u00f5estab Thule Maple silmapaistvat kvaliteeti.<br \/>\nEasyDock tehnoloogia<br \/>\nDokkige iste iga nurga alt autoukse juurde meie intuitiivse EasyDock s\u00fcsteemiga.<br \/>\nLihtsalt p\u00f6\u00f6rake istet, kuni see oma kohale kl\u00f5psab, tagades enne iga s\u00f5itu t\u00f5rkekindla luku.<br \/>\nNii lihtne see ongi &#8212; dokkige, lukustage ja olete valmis s\u00f5iduks<br \/>\nLihtne paigaldamine<br \/>\nThule Alfi aluse kinnitamine autosse on lihtne t\u00e4nu meie AcuTight tehnoloogiale,<br \/>\nmis v\u00f5imaldab turvalist aktiveerimist ainult siis,<br \/>\nkui m\u00f5lemad \u00fchendused on sisse l\u00fclitatud. Lihtsalt kuulake kl\u00f5psu;<br \/>\nSee heli n\u00e4itab, et alus on korralikult suletud ja turvaliselt kinnitatud<br \/>\nThule SenseAffirm s\u00fcsteem<br \/>\nEnam pole vaja arvata, kas teie turvatool on \u00f5igesti paigaldatud.<br \/>\nMeie digitaalne ekraan annab t\u00e4pseid juhiseid reguleerimiseks,<br \/>\nkinnitades teile, et k\u00f5ik on alati ideaalselt paigas<br \/>\nIntuitiivne digitaalne ekraan<br \/>\nNautige meelerahu igal teekonnal meie intuitiivse ekraaniga,<br \/>\nmillel on rohelised ja punased tuled, mis n\u00e4itavad selgelt,<br \/>\nkas paigaldus on turvaline. See on osa meie Thule SenseAffirm s\u00fcsteemist,<br \/>\nmis on loodud selleks, et pakkuda teile lihtsat ja visuaalset kinnitust<br \/>\nPeidetud vabastusnupp<br \/>\nMeie ISOFIX s\u00fcsteemil on h\u00f5lpsasti vajutatavad vabastamisnupud,<br \/>\nmis muudavad ISOFIXi hoidikute sirutamise v\u00f5i aluse autost vabastamise lihtsaks.<br \/>\nAluse \u00fclaosale paigutatud nupud j\u00e4\u00e4vad turvaistme alla peitu, et v\u00e4ltida juhuslikke vabanemisi<br \/>\nMitmek\u00fclgne \u00fchilduvus<br \/>\nThule Alfi on loodud toetama nii turvah\u00e4lli kui ka turvatooli,<br \/>\nkasvades koos lapsega ja tagades pikaajalise v\u00e4\u00e4rtuse<br \/>\nTugev ehitus<br \/>\nValmistatud esmaklassilistest materjalidest, et taluda igap\u00e4evast kulumist,<br \/>\nr\u00f5hutades meie p\u00fchendumust kvaliteedile ja vastupidavusele<br \/>\nReguleeritav tugijalg<br \/>\nReguleeritav tugijalg kohandub teie auto istmega,<br \/>\nsuurendades nii ohutust kui ka mugavust<br \/>\nOhutuse uuesti m\u00e4\u00e4ratlemine<br \/>\nTagasil\u00f6\u00f6givastane seade (ARD) on loodud kokkup\u00f5rke korral m\u00e4rkimisv\u00e4\u00e4rselt v\u00e4hendama l\u00f6\u00f6gij\u00f5udu,<br \/>\npakkudes teie lapsele t\u00e4iendavat kaitsekihti ja ohutust<br \/>\nIstme vabastusnupp<br \/>\nKergesti ligip\u00e4\u00e4setav vabastusnupp v\u00f5imaldab turvaistet lukustatud asendist p\u00f6\u00f6rata<br \/>\nk\u00fcljele muutes lapse istmele panemise ja sealt v\u00e4lja t\u00f5stmise lihtsamaks<br \/>\n<span style=\"text-decoration: underline;\"><strong>N\u00e4itajad<\/strong><\/span><br \/>\nSertifitseerimine: EN R129\/3, i-Size \u00fchilduv<br \/>\nToote kaal: 7,4 kg<br \/>\nMaksimaalne lapse kaal: 18 kg<br \/>\nSobib: Thule Maple h\u00e4lliga, Thule Elm 360\u00b0 tooliga ja Thule Elm 180\u00b0 tooliga<\/p>\n","protected":false},"excerpt":{"rendered":"<p>Thule Elm turvatool on loodud uudishimulikke v\u00e4ikseid inimesi silmas pidades. Kohandatud turvalisus ja mugavus teie kasvavale lapsele. Eksklusiivne Thule Impact kaitse System, mis on loodud pakkuma teie v\u00e4ikelapsele k\u00f5ikeh\u00f5lmavat ohutust. Lisaks 5-punktilisele polsterdatud turvav\u00f6\u00f6s\u00fcsteemile ja suurele kaitsvale peatoele \u00fcmbritseb Thule Impact Protection System teie last turvalise kaitsekihiga, kaitstes teda iga nurga alt, tagades, et iga [&hellip;]<\/p>\n","protected":false},"featured_media":504198,"template":"","meta":{"_acf_changed":false},"pwb-brand":[11980],"product_brand":[],"product_cat":[11795,11573,11731,11727,11855,11791],"product_tag":[],"class_list":{"0":"post-504189","1":"product","2":"type-product","3":"status-publish","4":"has-post-thumbnail","6":"pwb-brand-thule-ru","7":"product_cat-ladu-tuhjaks-ru","8":"product_cat-sooduspakkumised-ru","9":"product_cat-turvatoolid-9-18-kg-ru","10":"product_cat-turvatoolid-hallid-ru","11":"product_cat-sss-turvatoolid-ru","12":"product_cat-turvavarustus-ru","13":"pa_manufacturer-thule-ru","15":"first","16":"instock","17":"sale","18":"taxable","19":"shipping-taxable","20":"purchasable","21":"product-type-simple"},"exclude_global_add_ons":[],"addons":[],"acf":[],"yoast_head":"<!-- This site is optimized with the Yoast SEO plugin v27.1.1 - https:\/\/yoast.com\/product\/yoast-seo-wordpress\/ -->\n<title>Thule Elm 360\u00b0 i-Size turvatool + Thule Alfi Isofix alus, Black, \u0421\u041a\u0418\u0414\u041a\u0418, \u041d\u041e\u0412\u042b\u0415 \u0422\u041e\u0412\u0410\u0420\u042b, \u0410\u0432\u0442\u043e\u043a\u0440\u0435\u0441\u043b\u0430, \u043b\u044e\u043b\u044c\u043a\u0438, \u0410\u0432\u0442\u043e\u043a\u0440\u0435\u0441\u043b\u0430 9-18 \u043a\u0433, \u0421\u043d\u0430\u0440\u044f\u0436\u0435\u043d\u0438\u044f \u0431\u0435\u0437\u043e\u043f\u0430\u0441\u043d\u043e\u0441\u0442\u0438, Beebipood<\/title>\n<meta name=\"description\" content=\"Thule Elm 360\u00b0 i-Size turvatool + Thule Alfi Isofix alus, Black, Thule Elm turvatool on loodud uudishimulikke v\u00e4ikseid inimesi silmas pidades.Koh\" \/>\n<meta name=\"robots\" content=\"index, follow, max-snippet:-1, max-image-preview:large, max-video-preview:-1\" \/>\n<link rel=\"canonical\" href=\"https:\/\/beebipood.ee\/ru\/produkt\/thule-elm-180-i-size-sss-turvatool-thule-alfi-isofix-alus-black\/\" \/>\n<meta property=\"og:locale\" content=\"ru_RU\" \/>\n<meta property=\"og:type\" content=\"article\" \/>\n<meta property=\"og:title\" content=\"Thule Elm 360\u00b0 i-Size turvatool + Thule Alfi Isofix alus, Black, \u0421\u041a\u0418\u0414\u041a\u0418, \u041d\u041e\u0412\u042b\u0415 \u0422\u041e\u0412\u0410\u0420\u042b, \u0410\u0432\u0442\u043e\u043a\u0440\u0435\u0441\u043b\u0430, \u043b\u044e\u043b\u044c\u043a\u0438, \u0410\u0432\u0442\u043e\u043a\u0440\u0435\u0441\u043b\u0430 9-18 \u043a\u0433, \u0421\u043d\u0430\u0440\u044f\u0436\u0435\u043d\u0438\u044f \u0431\u0435\u0437\u043e\u043f\u0430\u0441\u043d\u043e\u0441\u0442\u0438, Beebipood\" \/>\n<meta property=\"og:description\" content=\"Thule Elm 360\u00b0 i-Size turvatool + Thule Alfi Isofix alus, Black, Thule Elm turvatool on loodud uudishimulikke v\u00e4ikseid inimesi silmas pidades.Koh\" \/>\n<meta property=\"og:url\" content=\"https:\/\/beebipood.ee\/ru\/produkt\/thule-elm-180-i-size-sss-turvatool-thule-alfi-isofix-alus-black\/\" \/>\n<meta property=\"og:site_name\" content=\"Beebipood\" \/>\n<meta property=\"article:modified_time\" content=\"2025-04-25T07:09:03+00:00\" \/>\n<meta property=\"og:image\" content=\"https:\/\/beebipood.ee\/wp-content\/uploads\/2025\/04\/thule-siege-auto-elm-black_thu00295_11_1.jpg\" \/>\n\t<meta property=\"og:image:width\" content=\"1500\" \/>\n\t<meta property=\"og:image:height\" content=\"1500\" \/>\n\t<meta property=\"og:image:type\" content=\"image\/jpeg\" \/>\n<meta name=\"twitter:card\" content=\"summary_large_image\" \/>\n<meta name=\"twitter:label1\" content=\"\u041f\u0440\u0438\u043c\u0435\u0440\u043d\u043e\u0435 \u0432\u0440\u0435\u043c\u044f \u0434\u043b\u044f \u0447\u0442\u0435\u043d\u0438\u044f\" \/>\n\t<meta name=\"twitter:data1\" content=\"5 \u043c\u0438\u043d\u0443\u0442\" \/>\n<script type=\"application\/ld+json\" class=\"yoast-schema-graph\">{\"@context\":\"https:\/\/schema.org\",\"@graph\":[{\"@type\":\"WebPage\",\"@id\":\"https:\/\/beebipood.ee\/ru\/produkt\/thule-elm-180-i-size-sss-turvatool-thule-alfi-isofix-alus-black\/\",\"url\":\"https:\/\/beebipood.ee\/ru\/produkt\/thule-elm-180-i-size-sss-turvatool-thule-alfi-isofix-alus-black\/\",\"name\":\"Thule Elm 360\u00b0 i-Size turvatool + Thule Alfi Isofix alus, Black, \u0421\u041a\u0418\u0414\u041a\u0418, \u041d\u041e\u0412\u042b\u0415 \u0422\u041e\u0412\u0410\u0420\u042b, \u0410\u0432\u0442\u043e\u043a\u0440\u0435\u0441\u043b\u0430, \u043b\u044e\u043b\u044c\u043a\u0438, \u0410\u0432\u0442\u043e\u043a\u0440\u0435\u0441\u043b\u0430 9-18 \u043a\u0433, \u0421\u043d\u0430\u0440\u044f\u0436\u0435\u043d\u0438\u044f \u0431\u0435\u0437\u043e\u043f\u0430\u0441\u043d\u043e\u0441\u0442\u0438, Beebipood\",\"isPartOf\":{\"@id\":\"https:\/\/beebipood.ee\/ru\/#website\"},\"primaryImageOfPage\":{\"@id\":\"https:\/\/beebipood.ee\/ru\/produkt\/thule-elm-180-i-size-sss-turvatool-thule-alfi-isofix-alus-black\/#primaryimage\"},\"image\":{\"@id\":\"https:\/\/beebipood.ee\/ru\/produkt\/thule-elm-180-i-size-sss-turvatool-thule-alfi-isofix-alus-black\/#primaryimage\"},\"thumbnailUrl\":\"https:\/\/beebipood.ee\/wp-content\/uploads\/2025\/04\/thule-elm-black-plus-test-new.jpg\",\"datePublished\":\"2025-04-25T06:56:06+00:00\",\"dateModified\":\"2025-04-25T07:09:03+00:00\",\"description\":\"Thule Elm 360\u00b0 i-Size turvatool + Thule Alfi Isofix alus, Black, Thule Elm turvatool on loodud uudishimulikke v\u00e4ikseid inimesi silmas pidades.Koh\",\"breadcrumb\":{\"@id\":\"https:\/\/beebipood.ee\/ru\/produkt\/thule-elm-180-i-size-sss-turvatool-thule-alfi-isofix-alus-black\/#breadcrumb\"},\"inLanguage\":\"ru-RU\",\"potentialAction\":[{\"@type\":\"ReadAction\",\"target\":[\"https:\/\/beebipood.ee\/ru\/produkt\/thule-elm-180-i-size-sss-turvatool-thule-alfi-isofix-alus-black\/\"]}]},{\"@type\":\"ImageObject\",\"inLanguage\":\"ru-RU\",\"@id\":\"https:\/\/beebipood.ee\/ru\/produkt\/thule-elm-180-i-size-sss-turvatool-thule-alfi-isofix-alus-black\/#primaryimage\",\"url\":\"https:\/\/beebipood.ee\/wp-content\/uploads\/2025\/04\/thule-elm-black-plus-test-new.jpg\",\"contentUrl\":\"https:\/\/beebipood.ee\/wp-content\/uploads\/2025\/04\/thule-elm-black-plus-test-new.jpg\",\"width\":1500,\"height\":1500},{\"@type\":\"BreadcrumbList\",\"@id\":\"https:\/\/beebipood.ee\/ru\/produkt\/thule-elm-180-i-size-sss-turvatool-thule-alfi-isofix-alus-black\/#breadcrumb\",\"itemListElement\":[{\"@type\":\"ListItem\",\"position\":1,\"name\":\"Home\",\"item\":\"https:\/\/beebipood.ee\/ru\/\"},{\"@type\":\"ListItem\",\"position\":2,\"name\":\"\u041a\u0430\u0442\u0430\u043b\u043e\u0433 \u0442\u043e\u0432\u0430\u0440\u043e\u0432\",\"item\":\"https:\/\/beebipood.ee\/tooted\/\"},{\"@type\":\"ListItem\",\"position\":3,\"name\":\"Thule Elm 180\u00b0 i-Size SSS turvatool + Thule Alfi Isofix alus, Black\"}]},{\"@type\":\"WebSite\",\"@id\":\"https:\/\/beebipood.ee\/ru\/#website\",\"url\":\"https:\/\/beebipood.ee\/ru\/\",\"name\":\"Beebipood\",\"description\":\"Lastekaubad, beebikaubad, m\u00e4nguasjad\",\"publisher\":{\"@id\":\"https:\/\/beebipood.ee\/ru\/#organization\"},\"potentialAction\":[{\"@type\":\"SearchAction\",\"target\":{\"@type\":\"EntryPoint\",\"urlTemplate\":\"https:\/\/beebipood.ee\/ru\/?s={search_term_string}\"},\"query-input\":{\"@type\":\"PropertyValueSpecification\",\"valueRequired\":true,\"valueName\":\"search_term_string\"}}],\"inLanguage\":\"ru-RU\"},{\"@type\":\"Organization\",\"@id\":\"https:\/\/beebipood.ee\/ru\/#organization\",\"name\":\"Beebipood\",\"url\":\"https:\/\/beebipood.ee\/ru\/\",\"logo\":{\"@type\":\"ImageObject\",\"inLanguage\":\"ru-RU\",\"@id\":\"https:\/\/beebipood.ee\/ru\/#\/schema\/logo\/image\/\",\"url\":\"https:\/\/beebipood.ee\/wp-content\/uploads\/2025\/03\/beebipood.ee-logo-1.svg\",\"contentUrl\":\"https:\/\/beebipood.ee\/wp-content\/uploads\/2025\/03\/beebipood.ee-logo-1.svg\",\"caption\":\"Beebipood\"},\"image\":{\"@id\":\"https:\/\/beebipood.ee\/ru\/#\/schema\/logo\/image\/\"}}]}<\/script>\n<!-- \/ Yoast SEO plugin. -->","yoast_head_json":{"title":"Thule Elm 360\u00b0 i-Size turvatool + Thule Alfi Isofix alus, Black, \u0421\u041a\u0418\u0414\u041a\u0418, \u041d\u041e\u0412\u042b\u0415 \u0422\u041e\u0412\u0410\u0420\u042b, \u0410\u0432\u0442\u043e\u043a\u0440\u0435\u0441\u043b\u0430, \u043b\u044e\u043b\u044c\u043a\u0438, \u0410\u0432\u0442\u043e\u043a\u0440\u0435\u0441\u043b\u0430 9-18 \u043a\u0433, \u0421\u043d\u0430\u0440\u044f\u0436\u0435\u043d\u0438\u044f \u0431\u0435\u0437\u043e\u043f\u0430\u0441\u043d\u043e\u0441\u0442\u0438, Beebipood","description":"Thule Elm 360\u00b0 i-Size turvatool + Thule Alfi Isofix alus, Black, Thule Elm turvatool on loodud uudishimulikke v\u00e4ikseid inimesi silmas pidades.Koh","robots":{"index":"index","follow":"follow","max-snippet":"max-snippet:-1","max-image-preview":"max-image-preview:large","max-video-preview":"max-video-preview:-1"},"canonical":"https:\/\/beebipood.ee\/ru\/produkt\/thule-elm-180-i-size-sss-turvatool-thule-alfi-isofix-alus-black\/","og_locale":"ru_RU","og_type":"article","og_title":"Thule Elm 360\u00b0 i-Size turvatool + Thule Alfi Isofix alus, Black, \u0421\u041a\u0418\u0414\u041a\u0418, \u041d\u041e\u0412\u042b\u0415 \u0422\u041e\u0412\u0410\u0420\u042b, \u0410\u0432\u0442\u043e\u043a\u0440\u0435\u0441\u043b\u0430, \u043b\u044e\u043b\u044c\u043a\u0438, \u0410\u0432\u0442\u043e\u043a\u0440\u0435\u0441\u043b\u0430 9-18 \u043a\u0433, \u0421\u043d\u0430\u0440\u044f\u0436\u0435\u043d\u0438\u044f \u0431\u0435\u0437\u043e\u043f\u0430\u0441\u043d\u043e\u0441\u0442\u0438, Beebipood","og_description":"Thule Elm 360\u00b0 i-Size turvatool + Thule Alfi Isofix alus, Black, Thule Elm turvatool on loodud uudishimulikke v\u00e4ikseid inimesi silmas pidades.Koh","og_url":"https:\/\/beebipood.ee\/ru\/produkt\/thule-elm-180-i-size-sss-turvatool-thule-alfi-isofix-alus-black\/","og_site_name":"Beebipood","article_modified_time":"2025-04-25T07:09:03+00:00","og_image":[{"width":1500,"height":1500,"url":"https:\/\/beebipood.ee\/wp-content\/uploads\/2025\/04\/thule-siege-auto-elm-black_thu00295_11_1.jpg","type":"image\/jpeg"}],"twitter_card":"summary_large_image","twitter_misc":{"\u041f\u0440\u0438\u043c\u0435\u0440\u043d\u043e\u0435 \u0432\u0440\u0435\u043c\u044f \u0434\u043b\u044f \u0447\u0442\u0435\u043d\u0438\u044f":"5 \u043c\u0438\u043d\u0443\u0442"},"schema":{"@context":"https:\/\/schema.org","@graph":[{"@type":"WebPage","@id":"https:\/\/beebipood.ee\/ru\/produkt\/thule-elm-180-i-size-sss-turvatool-thule-alfi-isofix-alus-black\/","url":"https:\/\/beebipood.ee\/ru\/produkt\/thule-elm-180-i-size-sss-turvatool-thule-alfi-isofix-alus-black\/","name":"Thule Elm 360\u00b0 i-Size turvatool + Thule Alfi Isofix alus, Black, \u0421\u041a\u0418\u0414\u041a\u0418, \u041d\u041e\u0412\u042b\u0415 \u0422\u041e\u0412\u0410\u0420\u042b, \u0410\u0432\u0442\u043e\u043a\u0440\u0435\u0441\u043b\u0430, \u043b\u044e\u043b\u044c\u043a\u0438, \u0410\u0432\u0442\u043e\u043a\u0440\u0435\u0441\u043b\u0430 9-18 \u043a\u0433, \u0421\u043d\u0430\u0440\u044f\u0436\u0435\u043d\u0438\u044f \u0431\u0435\u0437\u043e\u043f\u0430\u0441\u043d\u043e\u0441\u0442\u0438, Beebipood","isPartOf":{"@id":"https:\/\/beebipood.ee\/ru\/#website"},"primaryImageOfPage":{"@id":"https:\/\/beebipood.ee\/ru\/produkt\/thule-elm-180-i-size-sss-turvatool-thule-alfi-isofix-alus-black\/#primaryimage"},"image":{"@id":"https:\/\/beebipood.ee\/ru\/produkt\/thule-elm-180-i-size-sss-turvatool-thule-alfi-isofix-alus-black\/#primaryimage"},"thumbnailUrl":"https:\/\/beebipood.ee\/wp-content\/uploads\/2025\/04\/thule-elm-black-plus-test-new.jpg","datePublished":"2025-04-25T06:56:06+00:00","dateModified":"2025-04-25T07:09:03+00:00","description":"Thule Elm 360\u00b0 i-Size turvatool + Thule Alfi Isofix alus, Black, Thule Elm turvatool on loodud uudishimulikke v\u00e4ikseid inimesi silmas pidades.Koh","breadcrumb":{"@id":"https:\/\/beebipood.ee\/ru\/produkt\/thule-elm-180-i-size-sss-turvatool-thule-alfi-isofix-alus-black\/#breadcrumb"},"inLanguage":"ru-RU","potentialAction":[{"@type":"ReadAction","target":["https:\/\/beebipood.ee\/ru\/produkt\/thule-elm-180-i-size-sss-turvatool-thule-alfi-isofix-alus-black\/"]}]},{"@type":"ImageObject","inLanguage":"ru-RU","@id":"https:\/\/beebipood.ee\/ru\/produkt\/thule-elm-180-i-size-sss-turvatool-thule-alfi-isofix-alus-black\/#primaryimage","url":"https:\/\/beebipood.ee\/wp-content\/uploads\/2025\/04\/thule-elm-black-plus-test-new.jpg","contentUrl":"https:\/\/beebipood.ee\/wp-content\/uploads\/2025\/04\/thule-elm-black-plus-test-new.jpg","width":1500,"height":1500},{"@type":"BreadcrumbList","@id":"https:\/\/beebipood.ee\/ru\/produkt\/thule-elm-180-i-size-sss-turvatool-thule-alfi-isofix-alus-black\/#breadcrumb","itemListElement":[{"@type":"ListItem","position":1,"name":"Home","item":"https:\/\/beebipood.ee\/ru\/"},{"@type":"ListItem","position":2,"name":"\u041a\u0430\u0442\u0430\u043b\u043e\u0433 \u0442\u043e\u0432\u0430\u0440\u043e\u0432","item":"https:\/\/beebipood.ee\/tooted\/"},{"@type":"ListItem","position":3,"name":"Thule Elm 180\u00b0 i-Size SSS turvatool + Thule Alfi Isofix alus, Black"}]},{"@type":"WebSite","@id":"https:\/\/beebipood.ee\/ru\/#website","url":"https:\/\/beebipood.ee\/ru\/","name":"Beebipood","description":"Lastekaubad, beebikaubad, m\u00e4nguasjad","publisher":{"@id":"https:\/\/beebipood.ee\/ru\/#organization"},"potentialAction":[{"@type":"SearchAction","target":{"@type":"EntryPoint","urlTemplate":"https:\/\/beebipood.ee\/ru\/?s={search_term_string}"},"query-input":{"@type":"PropertyValueSpecification","valueRequired":true,"valueName":"search_term_string"}}],"inLanguage":"ru-RU"},{"@type":"Organization","@id":"https:\/\/beebipood.ee\/ru\/#organization","name":"Beebipood","url":"https:\/\/beebipood.ee\/ru\/","logo":{"@type":"ImageObject","inLanguage":"ru-RU","@id":"https:\/\/beebipood.ee\/ru\/#\/schema\/logo\/image\/","url":"https:\/\/beebipood.ee\/wp-content\/uploads\/2025\/03\/beebipood.ee-logo-1.svg","contentUrl":"https:\/\/beebipood.ee\/wp-content\/uploads\/2025\/03\/beebipood.ee-logo-1.svg","caption":"Beebipood"},"image":{"@id":"https:\/\/beebipood.ee\/ru\/#\/schema\/logo\/image\/"}}]}},"brands":[{"id":11980,"name":"THULE","slug":"thule-ru"}],"_links":{"self":[{"href":"https:\/\/beebipood.ee\/ru\/wp-json\/wp\/v2\/product\/504189","targetHints":{"allow":["GET"]}}],"collection":[{"href":"https:\/\/beebipood.ee\/ru\/wp-json\/wp\/v2\/product"}],"about":[{"href":"https:\/\/beebipood.ee\/ru\/wp-json\/wp\/v2\/types\/product"}],"wp:featuredmedia":[{"embeddable":true,"href":"https:\/\/beebipood.ee\/ru\/wp-json\/wp\/v2\/media\/504198"}],"wp:attachment":[{"href":"https:\/\/beebipood.ee\/ru\/wp-json\/wp\/v2\/media?parent=504189"}],"wp:term":[{"taxonomy":"pwb-brand","embeddable":true,"href":"https:\/\/beebipood.ee\/ru\/wp-json\/wp\/v2\/pwb-brand?post=504189"},{"taxonomy":"product_brand","embeddable":true,"href":"https:\/\/beebipood.ee\/ru\/wp-json\/wp\/v2\/product_brand?post=504189"},{"taxonomy":"product_cat","embeddable":true,"href":"https:\/\/beebipood.ee\/ru\/wp-json\/wp\/v2\/product_cat?post=504189"},{"taxonomy":"product_tag","embeddable":true,"href":"https:\/\/beebipood.ee\/ru\/wp-json\/wp\/v2\/product_tag?post=504189"}],"curies":[{"name":"wp","href":"https:\/\/api.w.org\/{rel}","templated":true}]}}