{"id":504257,"date":"2025-04-30T13:22:27","date_gmt":"2025-04-30T10:22:27","guid":{"rendered":"https:\/\/beebipood.ee\/?post_type=product&#038;p=504257"},"modified":"2025-05-01T00:00:33","modified_gmt":"2025-04-30T21:00:33","slug":"maxi-cosi-emerald-360-s-turvatool-0-36kg-tonal-black-2","status":"publish","type":"product","link":"https:\/\/beebipood.ee\/ru\/produkt\/maxi-cosi-emerald-360-s-turvatool-0-36kg-tonal-black-2\/","title":{"rendered":"Maxi-Cosi Emerald 360 S turvatool 0-36kg, Tonal Black"},"content":{"rendered":"<p>Emerald 360 S tagab p\u00fcsiva mugavuse ja turvalisuse,<br \/>\nkohandudes teie lapse kasvuga alates s\u00fcnnist kuni 12-aastaseks (150 cm) saamiseni.<br \/>\nFlexiSpin 360\u00b0 p\u00f6\u00f6rlemise ja nelja mugava lamamisasendiga Emerald 360 S turvatool<br \/>\non ideaalne universaalne kaaslane teie perele igal elu etapil ning seiklusel.<br \/>\n<strong>Kasutajas\u00f5bralikkus<\/strong><br \/>\nFlexiSpin 360\u00b0 p\u00f6\u00f6rlemiss\u00fcsteem,<br \/>\nmis v\u00f5imaldab istet h\u00f5lpsasti p\u00f6\u00f6rata ka igas lamavas asendis<br \/>\nLihtsasti reguleeritav v\u00f6\u00f6de s\u00fcsteem ja peatugi<br \/>\nISOFIX kinnitus koos tugijalaga s\u00fcnnist kuni 4. eluaastani<br \/>\nTurvatooli 5-punkti rihmad on lihtsasti hoiustatavad turvatooli sees, p\u00e4rast 4. eluaastat<br \/>\nKatteriie on eemaldatav ilma rihmasid lahti v\u00f5tmata<br \/>\nMasinpestav katteriie<br \/>\n<strong>Mugavus<\/strong><br \/>\n4 erinevat seljatoe asendit (istuv kuni lamav)<br \/>\nToestav beebisisu pakub vasts\u00fcndinule turvalisust ja mugavust<br \/>\n14 erinevat peatoe k\u00f5rguse asendit ja turvarihmad,<br \/>\nmis sobivad s\u00fcnnist kuni 12. eluaastani.<br \/>\n<strong>Turvalisus<\/strong><br \/>\ni-Size standard: vastab k\u00f5rgeimatele ja uusimatele i-Size\u2019i ohutusstandarditele (R129\/03),<br \/>\npakkudes teie lapsele maksimaalset ohutust.<br \/>\nV\u00f5imalik kasutada seljaga s\u00f5idusuunas kuni 4. eluaastani,<br \/>\net tagada parim kaitse peale ja kaelale<br \/>\nUudne G-Cell k\u00fclgkokkup\u00f5rke tehnoloogia, mis kaitseb \u00f5la- ja peapiirkonda<br \/>\n5-punkti kinnitusega turvarihmade s\u00fcsteem<br \/>\nTugijala paigaldamisel tuleb appi indikaator, mis tagab korrektse asendi<br \/>\nISOFIX kinnitused<br \/>\n<strong>\u00dcldine<\/strong><br \/>\nKeskkonnas\u00f5bralik tootmine: Eco Care kangad on toodetud<br \/>\nilma ohtlikke kemikaale kasutamata, mis t\u00e4hendab,<br \/>\net imikute nahk ei puutu kokku v\u00f5imalike ohtudega.<br \/>\nJ\u00e4tkusuutlikud Eco Care kangad: valmistatud 100% taaskasutatud kangastest,<br \/>\nkasutades taaskasutades plastpudeleid.<br \/>\nMaxi-Cosi on p\u00fchendunud j\u00e4tkusuutlike toodete loomisele,<br \/>\nmis pakuvad teie lapsele mugavust.<br \/>\nSeljaga s\u00f5idusuunas 0-18kg (40-105cm)<br \/>\nN\u00e4oga s\u00f5idusuunas 9-36kg (kuni 150cm)<br \/>\n\u00dcks turvatool kogu ajaks (0-12 aastat)<br \/>\n<strong>Komplektis<\/strong><br \/>\nMaxi-Cosi Emerald turvatool koos ISOFIX alusega<br \/>\nBeebisisu<br \/>\n<strong>N\u00e4itajad<\/strong><br \/>\nKaal: 12,7 kg<br \/>\nM\u00f5\u00f5dud: 44 x 72 x 80cm (laius, pikkus, k\u00f5rgus) maksimaalsetes positsioonides<\/p>\n","protected":false},"excerpt":{"rendered":"<p>Emerald 360 S tagab p\u00fcsiva mugavuse ja turvalisuse, kohandudes teie lapse kasvuga alates s\u00fcnnist kuni 12-aastaseks (150 cm) saamiseni. FlexiSpin 360\u00b0 p\u00f6\u00f6rlemise ja nelja mugava lamamisasendiga Emerald 360 S turvatool on ideaalne universaalne kaaslane teie perele igal elu etapil ning seiklusel. Kasutajas\u00f5bralikkus FlexiSpin 360\u00b0 p\u00f6\u00f6rlemiss\u00fcsteem, mis v\u00f5imaldab istet h\u00f5lpsasti p\u00f6\u00f6rata ka igas lamavas asendis Lihtsasti [&hellip;]<\/p>\n","protected":false},"featured_media":504259,"template":"","meta":{"_acf_changed":false},"pwb-brand":[11961],"product_brand":[],"product_cat":[11727,11737,11791],"product_tag":[],"class_list":{"0":"post-504257","1":"product","2":"type-product","3":"status-publish","4":"has-post-thumbnail","6":"pwb-brand-maxi-cosi-ru","7":"product_cat-turvatoolid-hallid-ru","8":"product_cat-turvatoolid-9-36-kg-ru","9":"product_cat-turvavarustus-ru","10":"pa_manufacturer-maxi_cosi-ru","12":"first","13":"onbackorder","14":"taxable","15":"shipping-taxable","16":"purchasable","17":"product-type-simple"},"exclude_global_add_ons":[],"addons":[],"acf":[],"yoast_head":"<!-- This site is optimized with the Yoast SEO plugin v27.1.1 - https:\/\/yoast.com\/product\/yoast-seo-wordpress\/ -->\n<title>Maxi-Cosi Emerald turvatool, Authentic Black, \u0421\u041a\u0418\u0414\u041a\u0418, \u0410\u0432\u0442\u043e\u043a\u0440\u0435\u0441\u043b\u0430, \u043b\u044e\u043b\u044c\u043a\u0438, \u0410\u0432\u0442\u043e\u043a\u0440\u0435\u0441\u043b\u0430 0-25 \u043a\u0433, \u0421\u043d\u0430\u0440\u044f\u0436\u0435\u043d\u0438\u044f \u0431\u0435\u0437\u043e\u043f\u0430\u0441\u043d\u043e\u0441\u0442\u0438, Beebipood<\/title>\n<meta name=\"description\" content=\"Maxi-Cosi Emerald turvatool, Authentic Black, Maxi-Cosi Emerald turvatool pakub parimat segu m\u00f5lemast maailmas -selle i-Size turvastandardile va\" \/>\n<meta name=\"robots\" content=\"index, follow, max-snippet:-1, max-image-preview:large, max-video-preview:-1\" \/>\n<link rel=\"canonical\" href=\"https:\/\/beebipood.ee\/ru\/produkt\/maxi-cosi-emerald-360-s-turvatool-0-36kg-tonal-black-2\/\" \/>\n<meta property=\"og:locale\" content=\"ru_RU\" \/>\n<meta property=\"og:type\" content=\"article\" \/>\n<meta property=\"og:title\" content=\"Maxi-Cosi Emerald turvatool, Authentic Black, \u0421\u041a\u0418\u0414\u041a\u0418, \u0410\u0432\u0442\u043e\u043a\u0440\u0435\u0441\u043b\u0430, \u043b\u044e\u043b\u044c\u043a\u0438, \u0410\u0432\u0442\u043e\u043a\u0440\u0435\u0441\u043b\u0430 0-25 \u043a\u0433, \u0421\u043d\u0430\u0440\u044f\u0436\u0435\u043d\u0438\u044f \u0431\u0435\u0437\u043e\u043f\u0430\u0441\u043d\u043e\u0441\u0442\u0438, Beebipood\" \/>\n<meta property=\"og:description\" content=\"Maxi-Cosi Emerald turvatool, Authentic Black, Maxi-Cosi Emerald turvatool pakub parimat segu m\u00f5lemast maailmas -selle i-Size turvastandardile va\" \/>\n<meta property=\"og:url\" content=\"https:\/\/beebipood.ee\/ru\/produkt\/maxi-cosi-emerald-360-s-turvatool-0-36kg-tonal-black-2\/\" \/>\n<meta property=\"og:site_name\" content=\"Beebipood\" \/>\n<meta property=\"article:modified_time\" content=\"2025-04-30T21:00:33+00:00\" \/>\n<meta property=\"og:image\" content=\"https:\/\/beebipood.ee\/wp-content\/uploads\/2025\/04\/maxi-cosi-emerald-360-s-turvatool-0-36kg-black.jpg\" \/>\n\t<meta property=\"og:image:width\" content=\"1200\" \/>\n\t<meta property=\"og:image:height\" content=\"1200\" \/>\n\t<meta property=\"og:image:type\" content=\"image\/jpeg\" \/>\n<meta name=\"twitter:card\" content=\"summary_large_image\" \/>\n<meta name=\"twitter:label1\" content=\"\u041f\u0440\u0438\u043c\u0435\u0440\u043d\u043e\u0435 \u0432\u0440\u0435\u043c\u044f \u0434\u043b\u044f \u0447\u0442\u0435\u043d\u0438\u044f\" \/>\n\t<meta name=\"twitter:data1\" content=\"2 \u043c\u0438\u043d\u0443\u0442\u044b\" \/>\n<script type=\"application\/ld+json\" class=\"yoast-schema-graph\">{\"@context\":\"https:\/\/schema.org\",\"@graph\":[{\"@type\":\"WebPage\",\"@id\":\"https:\/\/beebipood.ee\/ru\/produkt\/maxi-cosi-emerald-360-s-turvatool-0-36kg-tonal-black-2\/\",\"url\":\"https:\/\/beebipood.ee\/ru\/produkt\/maxi-cosi-emerald-360-s-turvatool-0-36kg-tonal-black-2\/\",\"name\":\"Maxi-Cosi Emerald turvatool, Authentic Black, \u0421\u041a\u0418\u0414\u041a\u0418, \u0410\u0432\u0442\u043e\u043a\u0440\u0435\u0441\u043b\u0430, \u043b\u044e\u043b\u044c\u043a\u0438, \u0410\u0432\u0442\u043e\u043a\u0440\u0435\u0441\u043b\u0430 0-25 \u043a\u0433, \u0421\u043d\u0430\u0440\u044f\u0436\u0435\u043d\u0438\u044f \u0431\u0435\u0437\u043e\u043f\u0430\u0441\u043d\u043e\u0441\u0442\u0438, Beebipood\",\"isPartOf\":{\"@id\":\"https:\/\/beebipood.ee\/ru\/#website\"},\"primaryImageOfPage\":{\"@id\":\"https:\/\/beebipood.ee\/ru\/produkt\/maxi-cosi-emerald-360-s-turvatool-0-36kg-tonal-black-2\/#primaryimage\"},\"image\":{\"@id\":\"https:\/\/beebipood.ee\/ru\/produkt\/maxi-cosi-emerald-360-s-turvatool-0-36kg-tonal-black-2\/#primaryimage\"},\"thumbnailUrl\":\"https:\/\/beebipood.ee\/wp-content\/uploads\/2025\/04\/maxi-cosi-emerald-360-s-turvatool-0-36kg-black.jpg\",\"datePublished\":\"2025-04-30T10:22:27+00:00\",\"dateModified\":\"2025-04-30T21:00:33+00:00\",\"description\":\"Maxi-Cosi Emerald turvatool, Authentic Black, Maxi-Cosi Emerald turvatool pakub parimat segu m\u00f5lemast maailmas -selle i-Size turvastandardile va\",\"breadcrumb\":{\"@id\":\"https:\/\/beebipood.ee\/ru\/produkt\/maxi-cosi-emerald-360-s-turvatool-0-36kg-tonal-black-2\/#breadcrumb\"},\"inLanguage\":\"ru-RU\",\"potentialAction\":[{\"@type\":\"ReadAction\",\"target\":[\"https:\/\/beebipood.ee\/ru\/produkt\/maxi-cosi-emerald-360-s-turvatool-0-36kg-tonal-black-2\/\"]}]},{\"@type\":\"ImageObject\",\"inLanguage\":\"ru-RU\",\"@id\":\"https:\/\/beebipood.ee\/ru\/produkt\/maxi-cosi-emerald-360-s-turvatool-0-36kg-tonal-black-2\/#primaryimage\",\"url\":\"https:\/\/beebipood.ee\/wp-content\/uploads\/2025\/04\/maxi-cosi-emerald-360-s-turvatool-0-36kg-black.jpg\",\"contentUrl\":\"https:\/\/beebipood.ee\/wp-content\/uploads\/2025\/04\/maxi-cosi-emerald-360-s-turvatool-0-36kg-black.jpg\",\"width\":1200,\"height\":1200},{\"@type\":\"BreadcrumbList\",\"@id\":\"https:\/\/beebipood.ee\/ru\/produkt\/maxi-cosi-emerald-360-s-turvatool-0-36kg-tonal-black-2\/#breadcrumb\",\"itemListElement\":[{\"@type\":\"ListItem\",\"position\":1,\"name\":\"Home\",\"item\":\"https:\/\/beebipood.ee\/ru\/\"},{\"@type\":\"ListItem\",\"position\":2,\"name\":\"\u041a\u0430\u0442\u0430\u043b\u043e\u0433 \u0442\u043e\u0432\u0430\u0440\u043e\u0432\",\"item\":\"https:\/\/beebipood.ee\/tooted\/\"},{\"@type\":\"ListItem\",\"position\":3,\"name\":\"Maxi-Cosi Emerald 360 S turvatool 0-36kg, Tonal Black\"}]},{\"@type\":\"WebSite\",\"@id\":\"https:\/\/beebipood.ee\/ru\/#website\",\"url\":\"https:\/\/beebipood.ee\/ru\/\",\"name\":\"Beebipood\",\"description\":\"Lastekaubad, beebikaubad, m\u00e4nguasjad\",\"publisher\":{\"@id\":\"https:\/\/beebipood.ee\/ru\/#organization\"},\"potentialAction\":[{\"@type\":\"SearchAction\",\"target\":{\"@type\":\"EntryPoint\",\"urlTemplate\":\"https:\/\/beebipood.ee\/ru\/?s={search_term_string}\"},\"query-input\":{\"@type\":\"PropertyValueSpecification\",\"valueRequired\":true,\"valueName\":\"search_term_string\"}}],\"inLanguage\":\"ru-RU\"},{\"@type\":\"Organization\",\"@id\":\"https:\/\/beebipood.ee\/ru\/#organization\",\"name\":\"Beebipood\",\"url\":\"https:\/\/beebipood.ee\/ru\/\",\"logo\":{\"@type\":\"ImageObject\",\"inLanguage\":\"ru-RU\",\"@id\":\"https:\/\/beebipood.ee\/ru\/#\/schema\/logo\/image\/\",\"url\":\"https:\/\/beebipood.ee\/wp-content\/uploads\/2025\/03\/beebipood.ee-logo-1.svg\",\"contentUrl\":\"https:\/\/beebipood.ee\/wp-content\/uploads\/2025\/03\/beebipood.ee-logo-1.svg\",\"caption\":\"Beebipood\"},\"image\":{\"@id\":\"https:\/\/beebipood.ee\/ru\/#\/schema\/logo\/image\/\"}}]}<\/script>\n<!-- \/ Yoast SEO plugin. -->","yoast_head_json":{"title":"Maxi-Cosi Emerald turvatool, Authentic Black, \u0421\u041a\u0418\u0414\u041a\u0418, \u0410\u0432\u0442\u043e\u043a\u0440\u0435\u0441\u043b\u0430, \u043b\u044e\u043b\u044c\u043a\u0438, \u0410\u0432\u0442\u043e\u043a\u0440\u0435\u0441\u043b\u0430 0-25 \u043a\u0433, \u0421\u043d\u0430\u0440\u044f\u0436\u0435\u043d\u0438\u044f \u0431\u0435\u0437\u043e\u043f\u0430\u0441\u043d\u043e\u0441\u0442\u0438, Beebipood","description":"Maxi-Cosi Emerald turvatool, Authentic Black, Maxi-Cosi Emerald turvatool pakub parimat segu m\u00f5lemast maailmas -selle i-Size turvastandardile va","robots":{"index":"index","follow":"follow","max-snippet":"max-snippet:-1","max-image-preview":"max-image-preview:large","max-video-preview":"max-video-preview:-1"},"canonical":"https:\/\/beebipood.ee\/ru\/produkt\/maxi-cosi-emerald-360-s-turvatool-0-36kg-tonal-black-2\/","og_locale":"ru_RU","og_type":"article","og_title":"Maxi-Cosi Emerald turvatool, Authentic Black, \u0421\u041a\u0418\u0414\u041a\u0418, \u0410\u0432\u0442\u043e\u043a\u0440\u0435\u0441\u043b\u0430, \u043b\u044e\u043b\u044c\u043a\u0438, \u0410\u0432\u0442\u043e\u043a\u0440\u0435\u0441\u043b\u0430 0-25 \u043a\u0433, \u0421\u043d\u0430\u0440\u044f\u0436\u0435\u043d\u0438\u044f \u0431\u0435\u0437\u043e\u043f\u0430\u0441\u043d\u043e\u0441\u0442\u0438, Beebipood","og_description":"Maxi-Cosi Emerald turvatool, Authentic Black, Maxi-Cosi Emerald turvatool pakub parimat segu m\u00f5lemast maailmas -selle i-Size turvastandardile va","og_url":"https:\/\/beebipood.ee\/ru\/produkt\/maxi-cosi-emerald-360-s-turvatool-0-36kg-tonal-black-2\/","og_site_name":"Beebipood","article_modified_time":"2025-04-30T21:00:33+00:00","og_image":[{"width":1200,"height":1200,"url":"https:\/\/beebipood.ee\/wp-content\/uploads\/2025\/04\/maxi-cosi-emerald-360-s-turvatool-0-36kg-black.jpg","type":"image\/jpeg"}],"twitter_card":"summary_large_image","twitter_misc":{"\u041f\u0440\u0438\u043c\u0435\u0440\u043d\u043e\u0435 \u0432\u0440\u0435\u043c\u044f \u0434\u043b\u044f \u0447\u0442\u0435\u043d\u0438\u044f":"2 \u043c\u0438\u043d\u0443\u0442\u044b"},"schema":{"@context":"https:\/\/schema.org","@graph":[{"@type":"WebPage","@id":"https:\/\/beebipood.ee\/ru\/produkt\/maxi-cosi-emerald-360-s-turvatool-0-36kg-tonal-black-2\/","url":"https:\/\/beebipood.ee\/ru\/produkt\/maxi-cosi-emerald-360-s-turvatool-0-36kg-tonal-black-2\/","name":"Maxi-Cosi Emerald turvatool, Authentic Black, \u0421\u041a\u0418\u0414\u041a\u0418, \u0410\u0432\u0442\u043e\u043a\u0440\u0435\u0441\u043b\u0430, \u043b\u044e\u043b\u044c\u043a\u0438, \u0410\u0432\u0442\u043e\u043a\u0440\u0435\u0441\u043b\u0430 0-25 \u043a\u0433, \u0421\u043d\u0430\u0440\u044f\u0436\u0435\u043d\u0438\u044f \u0431\u0435\u0437\u043e\u043f\u0430\u0441\u043d\u043e\u0441\u0442\u0438, Beebipood","isPartOf":{"@id":"https:\/\/beebipood.ee\/ru\/#website"},"primaryImageOfPage":{"@id":"https:\/\/beebipood.ee\/ru\/produkt\/maxi-cosi-emerald-360-s-turvatool-0-36kg-tonal-black-2\/#primaryimage"},"image":{"@id":"https:\/\/beebipood.ee\/ru\/produkt\/maxi-cosi-emerald-360-s-turvatool-0-36kg-tonal-black-2\/#primaryimage"},"thumbnailUrl":"https:\/\/beebipood.ee\/wp-content\/uploads\/2025\/04\/maxi-cosi-emerald-360-s-turvatool-0-36kg-black.jpg","datePublished":"2025-04-30T10:22:27+00:00","dateModified":"2025-04-30T21:00:33+00:00","description":"Maxi-Cosi Emerald turvatool, Authentic Black, Maxi-Cosi Emerald turvatool pakub parimat segu m\u00f5lemast maailmas -selle i-Size turvastandardile va","breadcrumb":{"@id":"https:\/\/beebipood.ee\/ru\/produkt\/maxi-cosi-emerald-360-s-turvatool-0-36kg-tonal-black-2\/#breadcrumb"},"inLanguage":"ru-RU","potentialAction":[{"@type":"ReadAction","target":["https:\/\/beebipood.ee\/ru\/produkt\/maxi-cosi-emerald-360-s-turvatool-0-36kg-tonal-black-2\/"]}]},{"@type":"ImageObject","inLanguage":"ru-RU","@id":"https:\/\/beebipood.ee\/ru\/produkt\/maxi-cosi-emerald-360-s-turvatool-0-36kg-tonal-black-2\/#primaryimage","url":"https:\/\/beebipood.ee\/wp-content\/uploads\/2025\/04\/maxi-cosi-emerald-360-s-turvatool-0-36kg-black.jpg","contentUrl":"https:\/\/beebipood.ee\/wp-content\/uploads\/2025\/04\/maxi-cosi-emerald-360-s-turvatool-0-36kg-black.jpg","width":1200,"height":1200},{"@type":"BreadcrumbList","@id":"https:\/\/beebipood.ee\/ru\/produkt\/maxi-cosi-emerald-360-s-turvatool-0-36kg-tonal-black-2\/#breadcrumb","itemListElement":[{"@type":"ListItem","position":1,"name":"Home","item":"https:\/\/beebipood.ee\/ru\/"},{"@type":"ListItem","position":2,"name":"\u041a\u0430\u0442\u0430\u043b\u043e\u0433 \u0442\u043e\u0432\u0430\u0440\u043e\u0432","item":"https:\/\/beebipood.ee\/tooted\/"},{"@type":"ListItem","position":3,"name":"Maxi-Cosi Emerald 360 S turvatool 0-36kg, Tonal Black"}]},{"@type":"WebSite","@id":"https:\/\/beebipood.ee\/ru\/#website","url":"https:\/\/beebipood.ee\/ru\/","name":"Beebipood","description":"Lastekaubad, beebikaubad, m\u00e4nguasjad","publisher":{"@id":"https:\/\/beebipood.ee\/ru\/#organization"},"potentialAction":[{"@type":"SearchAction","target":{"@type":"EntryPoint","urlTemplate":"https:\/\/beebipood.ee\/ru\/?s={search_term_string}"},"query-input":{"@type":"PropertyValueSpecification","valueRequired":true,"valueName":"search_term_string"}}],"inLanguage":"ru-RU"},{"@type":"Organization","@id":"https:\/\/beebipood.ee\/ru\/#organization","name":"Beebipood","url":"https:\/\/beebipood.ee\/ru\/","logo":{"@type":"ImageObject","inLanguage":"ru-RU","@id":"https:\/\/beebipood.ee\/ru\/#\/schema\/logo\/image\/","url":"https:\/\/beebipood.ee\/wp-content\/uploads\/2025\/03\/beebipood.ee-logo-1.svg","contentUrl":"https:\/\/beebipood.ee\/wp-content\/uploads\/2025\/03\/beebipood.ee-logo-1.svg","caption":"Beebipood"},"image":{"@id":"https:\/\/beebipood.ee\/ru\/#\/schema\/logo\/image\/"}}]}},"brands":[{"id":11961,"name":"Maxi-Cosi","slug":"maxi-cosi-ru"}],"_links":{"self":[{"href":"https:\/\/beebipood.ee\/ru\/wp-json\/wp\/v2\/product\/504257","targetHints":{"allow":["GET"]}}],"collection":[{"href":"https:\/\/beebipood.ee\/ru\/wp-json\/wp\/v2\/product"}],"about":[{"href":"https:\/\/beebipood.ee\/ru\/wp-json\/wp\/v2\/types\/product"}],"wp:featuredmedia":[{"embeddable":true,"href":"https:\/\/beebipood.ee\/ru\/wp-json\/wp\/v2\/media\/504259"}],"wp:attachment":[{"href":"https:\/\/beebipood.ee\/ru\/wp-json\/wp\/v2\/media?parent=504257"}],"wp:term":[{"taxonomy":"pwb-brand","embeddable":true,"href":"https:\/\/beebipood.ee\/ru\/wp-json\/wp\/v2\/pwb-brand?post=504257"},{"taxonomy":"product_brand","embeddable":true,"href":"https:\/\/beebipood.ee\/ru\/wp-json\/wp\/v2\/product_brand?post=504257"},{"taxonomy":"product_cat","embeddable":true,"href":"https:\/\/beebipood.ee\/ru\/wp-json\/wp\/v2\/product_cat?post=504257"},{"taxonomy":"product_tag","embeddable":true,"href":"https:\/\/beebipood.ee\/ru\/wp-json\/wp\/v2\/product_tag?post=504257"}],"curies":[{"name":"wp","href":"https:\/\/api.w.org\/{rel}","templated":true}]}}