{"id":504382,"date":"2025-05-01T09:32:52","date_gmt":"2025-05-01T06:32:52","guid":{"rendered":"https:\/\/beebipood.ee\/?post_type=product&#038;p=504382"},"modified":"2025-06-01T00:00:23","modified_gmt":"2025-05-31T21:00:23","slug":"maxi-cosi-cassia-beebikiik-classic-beige-eco","status":"publish","type":"product","link":"https:\/\/beebipood.ee\/ru\/produkt\/maxi-cosi-cassia-beebikiik-classic-beige-eco\/","title":{"rendered":"Maxi-Cosi Cassia beebikiik, Classic Beige Eco"},"content":{"rendered":"<p>Stiilne ning nutikas beebikiik Cassia on m\u00f5eldud lastele<br \/>\nalates s\u00fcnnist kuni kaaluni 9kg.<br \/>\nMaxi-Cosi Cassia beebikiik aitab hoida ning kussutada su beebit,<br \/>\nkui endal on tarvis tegeleda muude vajalike toimetustega.<br \/>\n360 kraadi p\u00f6\u00f6rlev kiik kaalub ainult 4kg.<\/p>\n<p><span style=\"text-decoration: underline;\">Kasutajamugavus<\/span><br \/>\nAutomaatne liikumisandur &#8212; kiik hakkab lapse liigutamise peale automaatselt t\u00f6\u00f6le<br \/>\nAinult 4kg kaaluv kiik &#8212; lihtne \u00fchest toast teise t\u00f5sta<br \/>\nLihtsasti kasutatav puutetundlik ekraan<br \/>\nIsteosa katteriie on lukuga eemaldatav (masinpestav)<br \/>\nKomapktne &#8212; v\u00f5tab hoiustatult v\u00e4he ruumi<br \/>\n<span style=\"text-decoration: underline;\">Mugavus<\/span><br \/>\n360 kraadi p\u00f6\u00f6ratav iste<br \/>\nPehme beebisisu<br \/>\nMitu erinevat seljatoe asendit<br \/>\nKomplektis kaks m\u00e4nguasja<br \/>\n2 kiikumissuunda (edasi-tagasi ja k\u00fcljelt k\u00fcljele)<br \/>\n5 kiirust<br \/>\n15 rahustavat meloodiat + 5 loodusheli<br \/>\n<span style=\"text-decoration: underline;\">Turvalisus<\/span><br \/>\n3-punkti kinnitusega turvarihmad<br \/>\n<span style=\"text-decoration: underline;\">\u00dcldine<\/span><br \/>\nM\u00f5eldud kasutamiseks lastele alates s\u00fcnnist kuni kaaluni 9kg<br \/>\nEsmaklassilised kangad ja disain, et sobituda sinu interj\u00f6\u00f6riga<br \/>\nKasutatav AC adapteriga vooluv\u00f5rgust v\u00f5i patareidega (patareid ei kuulu komplekti)<br \/>\n<span style=\"text-decoration: underline;\">N\u00e4itjad<\/span><br \/>\nKaal 4,5kg (koos beebisisuga)<br \/>\nM\u00f5\u00f5dud: 65 x 62,5 x 74cm (laius, k\u00f5rgus, pikkus)<br \/>\nIsteosa m\u00f5\u00f5dud 33-44 x 21-23 x 44-49cm (laius, s\u00fcgavus, seljatoe pikkus)<\/p>\n","protected":false},"excerpt":{"rendered":"<p>Stiilne ning nutikas beebikiik Cassia on m\u00f5eldud lastele alates s\u00fcnnist kuni kaaluni 9kg. Maxi-Cosi Cassia beebikiik aitab hoida ning kussutada su beebit, kui endal on tarvis tegeleda muude vajalike toimetustega. 360 kraadi p\u00f6\u00f6rlev kiik kaalub ainult 4kg. Kasutajamugavus Automaatne liikumisandur &#8212; kiik hakkab lapse liigutamise peale automaatselt t\u00f6\u00f6le Ainult 4kg kaaluv kiik &#8212; lihtne \u00fchest [&hellip;]<\/p>\n","protected":false},"featured_media":504384,"template":"","meta":{"_acf_changed":false},"pwb-brand":[11961],"product_brand":[],"product_cat":[11879,11709],"product_tag":[],"class_list":{"0":"post-504382","1":"product","2":"type-product","3":"status-publish","4":"has-post-thumbnail","6":"pwb-brand-maxi-cosi-ru","7":"product_cat-lamamistoolid-ja-kiiged-ru","8":"product_cat-sootmistoolid-beebi-ja-lastetarbed-mahkimine-hugieen-ru","9":"pa_manufacturer-maxi_cosi-ru","11":"first","12":"onbackorder","13":"taxable","14":"shipping-taxable","15":"purchasable","16":"product-type-simple"},"exclude_global_add_ons":[],"addons":[],"acf":[],"yoast_head":"<!-- This site is optimized with the Yoast SEO plugin v27.1.1 - https:\/\/yoast.com\/product\/yoast-seo-wordpress\/ -->\n<title>Maxi-Cosi Cassia beebikiik, Beyond Green, \u0421\u041a\u0418\u0414\u041a\u0418, \u041f\u0440\u0438\u043d\u0430\u0434\u043b\u0435\u0436\u043d\u043e\u0441\u0442\u0438 \u0434\u043b\u044f \u043c\u043b\u0430\u0434\u0435\u043d\u0446\u0435\u0432, \u0428\u0435\u0437\u043b\u043e\u043d\u0433\u0438 \u0438 \u043a\u0430\u0447\u0435\u043b\u0438, Beebipood<\/title>\n<meta name=\"description\" content=\"Maxi-Cosi Cassia beebikiik, Beyond Green, Stiilne ning nutikas beebikiik Cassia on m\u00f5eldud lastelealates s\u00fcnnist kuni ka\" \/>\n<meta name=\"robots\" content=\"index, follow, max-snippet:-1, max-image-preview:large, max-video-preview:-1\" \/>\n<link rel=\"canonical\" href=\"https:\/\/beebipood.ee\/ru\/produkt\/maxi-cosi-cassia-beebikiik-classic-beige-eco\/\" \/>\n<meta property=\"og:locale\" content=\"ru_RU\" \/>\n<meta property=\"og:type\" content=\"article\" \/>\n<meta property=\"og:title\" content=\"Maxi-Cosi Cassia beebikiik, Beyond Green, \u0421\u041a\u0418\u0414\u041a\u0418, \u041f\u0440\u0438\u043d\u0430\u0434\u043b\u0435\u0436\u043d\u043e\u0441\u0442\u0438 \u0434\u043b\u044f \u043c\u043b\u0430\u0434\u0435\u043d\u0446\u0435\u0432, \u0428\u0435\u0437\u043b\u043e\u043d\u0433\u0438 \u0438 \u043a\u0430\u0447\u0435\u043b\u0438, Beebipood\" \/>\n<meta property=\"og:description\" content=\"Maxi-Cosi Cassia beebikiik, Beyond Green, Stiilne ning nutikas beebikiik Cassia on m\u00f5eldud lastelealates s\u00fcnnist kuni ka\" \/>\n<meta property=\"og:url\" content=\"https:\/\/beebipood.ee\/ru\/produkt\/maxi-cosi-cassia-beebikiik-classic-beige-eco\/\" \/>\n<meta property=\"og:site_name\" content=\"Beebipood\" \/>\n<meta property=\"article:modified_time\" content=\"2025-05-31T21:00:23+00:00\" \/>\n<meta property=\"og:image\" content=\"https:\/\/beebipood.ee\/wp-content\/uploads\/2025\/05\/maxi-cosi-beebikiik-cassia-beige.jpg\" \/>\n\t<meta property=\"og:image:width\" content=\"1062\" \/>\n\t<meta property=\"og:image:height\" content=\"1200\" \/>\n\t<meta property=\"og:image:type\" content=\"image\/jpeg\" \/>\n<meta name=\"twitter:card\" content=\"summary_large_image\" \/>\n<meta name=\"twitter:label1\" content=\"\u041f\u0440\u0438\u043c\u0435\u0440\u043d\u043e\u0435 \u0432\u0440\u0435\u043c\u044f \u0434\u043b\u044f \u0447\u0442\u0435\u043d\u0438\u044f\" \/>\n\t<meta name=\"twitter:data1\" content=\"2 \u043c\u0438\u043d\u0443\u0442\u044b\" \/>\n<script type=\"application\/ld+json\" class=\"yoast-schema-graph\">{\"@context\":\"https:\/\/schema.org\",\"@graph\":[{\"@type\":\"WebPage\",\"@id\":\"https:\/\/beebipood.ee\/ru\/produkt\/maxi-cosi-cassia-beebikiik-classic-beige-eco\/\",\"url\":\"https:\/\/beebipood.ee\/ru\/produkt\/maxi-cosi-cassia-beebikiik-classic-beige-eco\/\",\"name\":\"Maxi-Cosi Cassia beebikiik, Beyond Green, \u0421\u041a\u0418\u0414\u041a\u0418, \u041f\u0440\u0438\u043d\u0430\u0434\u043b\u0435\u0436\u043d\u043e\u0441\u0442\u0438 \u0434\u043b\u044f \u043c\u043b\u0430\u0434\u0435\u043d\u0446\u0435\u0432, \u0428\u0435\u0437\u043b\u043e\u043d\u0433\u0438 \u0438 \u043a\u0430\u0447\u0435\u043b\u0438, Beebipood\",\"isPartOf\":{\"@id\":\"https:\/\/beebipood.ee\/ru\/#website\"},\"primaryImageOfPage\":{\"@id\":\"https:\/\/beebipood.ee\/ru\/produkt\/maxi-cosi-cassia-beebikiik-classic-beige-eco\/#primaryimage\"},\"image\":{\"@id\":\"https:\/\/beebipood.ee\/ru\/produkt\/maxi-cosi-cassia-beebikiik-classic-beige-eco\/#primaryimage\"},\"thumbnailUrl\":\"https:\/\/beebipood.ee\/wp-content\/uploads\/2025\/05\/maxi-cosi-beebikiik-cassia-beige.jpg\",\"datePublished\":\"2025-05-01T06:32:52+00:00\",\"dateModified\":\"2025-05-31T21:00:23+00:00\",\"description\":\"Maxi-Cosi Cassia beebikiik, Beyond Green, Stiilne ning nutikas beebikiik Cassia on m\u00f5eldud lastelealates s\u00fcnnist kuni ka\",\"breadcrumb\":{\"@id\":\"https:\/\/beebipood.ee\/ru\/produkt\/maxi-cosi-cassia-beebikiik-classic-beige-eco\/#breadcrumb\"},\"inLanguage\":\"ru-RU\",\"potentialAction\":[{\"@type\":\"ReadAction\",\"target\":[\"https:\/\/beebipood.ee\/ru\/produkt\/maxi-cosi-cassia-beebikiik-classic-beige-eco\/\"]}]},{\"@type\":\"ImageObject\",\"inLanguage\":\"ru-RU\",\"@id\":\"https:\/\/beebipood.ee\/ru\/produkt\/maxi-cosi-cassia-beebikiik-classic-beige-eco\/#primaryimage\",\"url\":\"https:\/\/beebipood.ee\/wp-content\/uploads\/2025\/05\/maxi-cosi-beebikiik-cassia-beige.jpg\",\"contentUrl\":\"https:\/\/beebipood.ee\/wp-content\/uploads\/2025\/05\/maxi-cosi-beebikiik-cassia-beige.jpg\",\"width\":1062,\"height\":1200},{\"@type\":\"BreadcrumbList\",\"@id\":\"https:\/\/beebipood.ee\/ru\/produkt\/maxi-cosi-cassia-beebikiik-classic-beige-eco\/#breadcrumb\",\"itemListElement\":[{\"@type\":\"ListItem\",\"position\":1,\"name\":\"Home\",\"item\":\"https:\/\/beebipood.ee\/ru\/\"},{\"@type\":\"ListItem\",\"position\":2,\"name\":\"\u041a\u0430\u0442\u0430\u043b\u043e\u0433 \u0442\u043e\u0432\u0430\u0440\u043e\u0432\",\"item\":\"https:\/\/beebipood.ee\/tooted\/\"},{\"@type\":\"ListItem\",\"position\":3,\"name\":\"Maxi-Cosi Cassia beebikiik, Classic Beige Eco\"}]},{\"@type\":\"WebSite\",\"@id\":\"https:\/\/beebipood.ee\/ru\/#website\",\"url\":\"https:\/\/beebipood.ee\/ru\/\",\"name\":\"Beebipood\",\"description\":\"Lastekaubad, beebikaubad, m\u00e4nguasjad\",\"publisher\":{\"@id\":\"https:\/\/beebipood.ee\/ru\/#organization\"},\"potentialAction\":[{\"@type\":\"SearchAction\",\"target\":{\"@type\":\"EntryPoint\",\"urlTemplate\":\"https:\/\/beebipood.ee\/ru\/?s={search_term_string}\"},\"query-input\":{\"@type\":\"PropertyValueSpecification\",\"valueRequired\":true,\"valueName\":\"search_term_string\"}}],\"inLanguage\":\"ru-RU\"},{\"@type\":\"Organization\",\"@id\":\"https:\/\/beebipood.ee\/ru\/#organization\",\"name\":\"Beebipood\",\"url\":\"https:\/\/beebipood.ee\/ru\/\",\"logo\":{\"@type\":\"ImageObject\",\"inLanguage\":\"ru-RU\",\"@id\":\"https:\/\/beebipood.ee\/ru\/#\/schema\/logo\/image\/\",\"url\":\"https:\/\/beebipood.ee\/wp-content\/uploads\/2025\/03\/beebipood.ee-logo-1.svg\",\"contentUrl\":\"https:\/\/beebipood.ee\/wp-content\/uploads\/2025\/03\/beebipood.ee-logo-1.svg\",\"caption\":\"Beebipood\"},\"image\":{\"@id\":\"https:\/\/beebipood.ee\/ru\/#\/schema\/logo\/image\/\"}}]}<\/script>\n<!-- \/ Yoast SEO plugin. -->","yoast_head_json":{"title":"Maxi-Cosi Cassia beebikiik, Beyond Green, \u0421\u041a\u0418\u0414\u041a\u0418, \u041f\u0440\u0438\u043d\u0430\u0434\u043b\u0435\u0436\u043d\u043e\u0441\u0442\u0438 \u0434\u043b\u044f \u043c\u043b\u0430\u0434\u0435\u043d\u0446\u0435\u0432, \u0428\u0435\u0437\u043b\u043e\u043d\u0433\u0438 \u0438 \u043a\u0430\u0447\u0435\u043b\u0438, Beebipood","description":"Maxi-Cosi Cassia beebikiik, Beyond Green, Stiilne ning nutikas beebikiik Cassia on m\u00f5eldud lastelealates s\u00fcnnist kuni ka","robots":{"index":"index","follow":"follow","max-snippet":"max-snippet:-1","max-image-preview":"max-image-preview:large","max-video-preview":"max-video-preview:-1"},"canonical":"https:\/\/beebipood.ee\/ru\/produkt\/maxi-cosi-cassia-beebikiik-classic-beige-eco\/","og_locale":"ru_RU","og_type":"article","og_title":"Maxi-Cosi Cassia beebikiik, Beyond Green, \u0421\u041a\u0418\u0414\u041a\u0418, \u041f\u0440\u0438\u043d\u0430\u0434\u043b\u0435\u0436\u043d\u043e\u0441\u0442\u0438 \u0434\u043b\u044f \u043c\u043b\u0430\u0434\u0435\u043d\u0446\u0435\u0432, \u0428\u0435\u0437\u043b\u043e\u043d\u0433\u0438 \u0438 \u043a\u0430\u0447\u0435\u043b\u0438, Beebipood","og_description":"Maxi-Cosi Cassia beebikiik, Beyond Green, Stiilne ning nutikas beebikiik Cassia on m\u00f5eldud lastelealates s\u00fcnnist kuni ka","og_url":"https:\/\/beebipood.ee\/ru\/produkt\/maxi-cosi-cassia-beebikiik-classic-beige-eco\/","og_site_name":"Beebipood","article_modified_time":"2025-05-31T21:00:23+00:00","og_image":[{"width":1062,"height":1200,"url":"https:\/\/beebipood.ee\/wp-content\/uploads\/2025\/05\/maxi-cosi-beebikiik-cassia-beige.jpg","type":"image\/jpeg"}],"twitter_card":"summary_large_image","twitter_misc":{"\u041f\u0440\u0438\u043c\u0435\u0440\u043d\u043e\u0435 \u0432\u0440\u0435\u043c\u044f \u0434\u043b\u044f \u0447\u0442\u0435\u043d\u0438\u044f":"2 \u043c\u0438\u043d\u0443\u0442\u044b"},"schema":{"@context":"https:\/\/schema.org","@graph":[{"@type":"WebPage","@id":"https:\/\/beebipood.ee\/ru\/produkt\/maxi-cosi-cassia-beebikiik-classic-beige-eco\/","url":"https:\/\/beebipood.ee\/ru\/produkt\/maxi-cosi-cassia-beebikiik-classic-beige-eco\/","name":"Maxi-Cosi Cassia beebikiik, Beyond Green, \u0421\u041a\u0418\u0414\u041a\u0418, \u041f\u0440\u0438\u043d\u0430\u0434\u043b\u0435\u0436\u043d\u043e\u0441\u0442\u0438 \u0434\u043b\u044f \u043c\u043b\u0430\u0434\u0435\u043d\u0446\u0435\u0432, \u0428\u0435\u0437\u043b\u043e\u043d\u0433\u0438 \u0438 \u043a\u0430\u0447\u0435\u043b\u0438, Beebipood","isPartOf":{"@id":"https:\/\/beebipood.ee\/ru\/#website"},"primaryImageOfPage":{"@id":"https:\/\/beebipood.ee\/ru\/produkt\/maxi-cosi-cassia-beebikiik-classic-beige-eco\/#primaryimage"},"image":{"@id":"https:\/\/beebipood.ee\/ru\/produkt\/maxi-cosi-cassia-beebikiik-classic-beige-eco\/#primaryimage"},"thumbnailUrl":"https:\/\/beebipood.ee\/wp-content\/uploads\/2025\/05\/maxi-cosi-beebikiik-cassia-beige.jpg","datePublished":"2025-05-01T06:32:52+00:00","dateModified":"2025-05-31T21:00:23+00:00","description":"Maxi-Cosi Cassia beebikiik, Beyond Green, Stiilne ning nutikas beebikiik Cassia on m\u00f5eldud lastelealates s\u00fcnnist kuni ka","breadcrumb":{"@id":"https:\/\/beebipood.ee\/ru\/produkt\/maxi-cosi-cassia-beebikiik-classic-beige-eco\/#breadcrumb"},"inLanguage":"ru-RU","potentialAction":[{"@type":"ReadAction","target":["https:\/\/beebipood.ee\/ru\/produkt\/maxi-cosi-cassia-beebikiik-classic-beige-eco\/"]}]},{"@type":"ImageObject","inLanguage":"ru-RU","@id":"https:\/\/beebipood.ee\/ru\/produkt\/maxi-cosi-cassia-beebikiik-classic-beige-eco\/#primaryimage","url":"https:\/\/beebipood.ee\/wp-content\/uploads\/2025\/05\/maxi-cosi-beebikiik-cassia-beige.jpg","contentUrl":"https:\/\/beebipood.ee\/wp-content\/uploads\/2025\/05\/maxi-cosi-beebikiik-cassia-beige.jpg","width":1062,"height":1200},{"@type":"BreadcrumbList","@id":"https:\/\/beebipood.ee\/ru\/produkt\/maxi-cosi-cassia-beebikiik-classic-beige-eco\/#breadcrumb","itemListElement":[{"@type":"ListItem","position":1,"name":"Home","item":"https:\/\/beebipood.ee\/ru\/"},{"@type":"ListItem","position":2,"name":"\u041a\u0430\u0442\u0430\u043b\u043e\u0433 \u0442\u043e\u0432\u0430\u0440\u043e\u0432","item":"https:\/\/beebipood.ee\/tooted\/"},{"@type":"ListItem","position":3,"name":"Maxi-Cosi Cassia beebikiik, Classic Beige Eco"}]},{"@type":"WebSite","@id":"https:\/\/beebipood.ee\/ru\/#website","url":"https:\/\/beebipood.ee\/ru\/","name":"Beebipood","description":"Lastekaubad, beebikaubad, m\u00e4nguasjad","publisher":{"@id":"https:\/\/beebipood.ee\/ru\/#organization"},"potentialAction":[{"@type":"SearchAction","target":{"@type":"EntryPoint","urlTemplate":"https:\/\/beebipood.ee\/ru\/?s={search_term_string}"},"query-input":{"@type":"PropertyValueSpecification","valueRequired":true,"valueName":"search_term_string"}}],"inLanguage":"ru-RU"},{"@type":"Organization","@id":"https:\/\/beebipood.ee\/ru\/#organization","name":"Beebipood","url":"https:\/\/beebipood.ee\/ru\/","logo":{"@type":"ImageObject","inLanguage":"ru-RU","@id":"https:\/\/beebipood.ee\/ru\/#\/schema\/logo\/image\/","url":"https:\/\/beebipood.ee\/wp-content\/uploads\/2025\/03\/beebipood.ee-logo-1.svg","contentUrl":"https:\/\/beebipood.ee\/wp-content\/uploads\/2025\/03\/beebipood.ee-logo-1.svg","caption":"Beebipood"},"image":{"@id":"https:\/\/beebipood.ee\/ru\/#\/schema\/logo\/image\/"}}]}},"brands":[{"id":11961,"name":"Maxi-Cosi","slug":"maxi-cosi-ru"}],"_links":{"self":[{"href":"https:\/\/beebipood.ee\/ru\/wp-json\/wp\/v2\/product\/504382","targetHints":{"allow":["GET"]}}],"collection":[{"href":"https:\/\/beebipood.ee\/ru\/wp-json\/wp\/v2\/product"}],"about":[{"href":"https:\/\/beebipood.ee\/ru\/wp-json\/wp\/v2\/types\/product"}],"wp:featuredmedia":[{"embeddable":true,"href":"https:\/\/beebipood.ee\/ru\/wp-json\/wp\/v2\/media\/504384"}],"wp:attachment":[{"href":"https:\/\/beebipood.ee\/ru\/wp-json\/wp\/v2\/media?parent=504382"}],"wp:term":[{"taxonomy":"pwb-brand","embeddable":true,"href":"https:\/\/beebipood.ee\/ru\/wp-json\/wp\/v2\/pwb-brand?post=504382"},{"taxonomy":"product_brand","embeddable":true,"href":"https:\/\/beebipood.ee\/ru\/wp-json\/wp\/v2\/product_brand?post=504382"},{"taxonomy":"product_cat","embeddable":true,"href":"https:\/\/beebipood.ee\/ru\/wp-json\/wp\/v2\/product_cat?post=504382"},{"taxonomy":"product_tag","embeddable":true,"href":"https:\/\/beebipood.ee\/ru\/wp-json\/wp\/v2\/product_tag?post=504382"}],"curies":[{"name":"wp","href":"https:\/\/api.w.org\/{rel}","templated":true}]}}