{"id":504499,"date":"2025-05-04T10:58:53","date_gmt":"2025-05-04T07:58:53","guid":{"rendered":"https:\/\/beebipood.ee\/?post_type=product&#038;p=504499"},"modified":"2025-05-04T11:21:40","modified_gmt":"2025-05-04T08:21:40","slug":"hauck-arketa-soogitool-naturaalne-tamm","status":"publish","type":"product","link":"https:\/\/beebipood.ee\/ru\/produkt\/hauck-arketa-soogitool-naturaalne-tamm\/","title":{"rendered":"Hauck Arketa s\u00f6\u00f6gitool, Naturaalne tamm"},"content":{"rendered":"<p>\u00dchised s\u00f6\u00f6gikorrad kogu perega, isegi k\u00f5ige pisematega!<br \/>\nArketa s\u00f6\u00f6gitoolil on 70 sentimeetri k\u00f5rgusel olev turvakaar<br \/>\nja see sobib peaaegu iga s\u00f6\u00f6gilaua alla.<br \/>\nSeega on teie laps alates 6. elukuust alati teiega.<br \/>\nMida pikemaks laps kasvab, seda madalamaks saab s\u00f6\u00f6gitooli reguleerida.<br \/>\nArketa s\u00f6\u00f6gitooli saab igal ajal muuta 13 astme abil nii istme kui jalatoe jaoks.<br \/>\nV\u00e4ikelapsest t\u00e4iskasvanuni: k\u00f5ik istuvad siin h\u00e4sti ja mugavalt.<br \/>\nLapsed on alati liikvel!<br \/>\nArketa on konstrueeritud ka \u00fcmberkukkumiskindlaks.<br \/>\nIsegi kui teie laps laua juurest eemale t\u00f5ukab,<br \/>\nlibiseb tool t\u00e4nu p\u00f5randa liuglemise s\u00fcsteemile \u00f5rnalt tahapoole ja j\u00e4\u00e4b stabiilseks.<br \/>\nArketa s\u00f6\u00f6gitool valmistatud vastupidavast Ameerika tammest,<br \/>\nmis varutus FSC\u00ae-sertifitseeritud metsadest.<br \/>\nSee tagab metsa s\u00e4\u00e4stva kasutamise ning kaitseb loomi ja taimi.<br \/>\n<strong>N\u00e4itajad<\/strong><br \/>\nVanuse soovitus: alates 6 kuust<br \/>\nIstme k\u00f5rgus: 5 korda reguleeritav<br \/>\nJalatugi: 8 korda reguleeritav<br \/>\nMaksimaalne kandev\u00f5ime: 130 kg<br \/>\nLaius: 48 cm<br \/>\nS\u00fcgavus: 53,5 cm<br \/>\nK\u00f5rgus: 79 cm<br \/>\nKaal: 7,2 kg<br \/>\n<strong>Komplekti kuulub:<\/strong><br \/>\ns\u00f6\u00f6gitool<br \/>\nturvakaar<br \/>\n5-punkti turvarihmad<br \/>\nJalgevahe rihm<br \/>\nDekoratiivesemed ei kuulu tarnekomplekti.<br \/>\nT\u00e4helepanu: Kuna s\u00f6\u00f6gitool on valmistatud naturaalsest puidust,<br \/>\nv\u00f5ib esineda erinevusi v\u00e4rvis ja puidus\u00fc\u00fcs<\/p>\n","protected":false},"excerpt":{"rendered":"<p>\u00dchised s\u00f6\u00f6gikorrad kogu perega, isegi k\u00f5ige pisematega! Arketa s\u00f6\u00f6gitoolil on 70 sentimeetri k\u00f5rgusel olev turvakaar ja see sobib peaaegu iga s\u00f6\u00f6gilaua alla. Seega on teie laps alates 6. elukuust alati teiega. Mida pikemaks laps kasvab, seda madalamaks saab s\u00f6\u00f6gitooli reguleerida. Arketa s\u00f6\u00f6gitooli saab igal ajal muuta 13 astme abil nii istme kui jalatoe jaoks. V\u00e4ikelapsest [&hellip;]<\/p>\n","protected":false},"featured_media":504501,"template":"","meta":{"_acf_changed":false},"pwb-brand":[11952],"product_brand":[],"product_cat":[11645,11709],"product_tag":[],"class_list":{"0":"post-504499","1":"product","2":"type-product","3":"status-publish","4":"has-post-thumbnail","6":"pwb-brand-hauck-ru","7":"product_cat-sootmistoolid-ru","8":"product_cat-sootmistoolid-beebi-ja-lastetarbed-mahkimine-hugieen-ru","9":"pa_manufacturer-hauck-ru","11":"first","12":"onbackorder","13":"taxable","14":"shipping-taxable","15":"purchasable","16":"product-type-simple"},"exclude_global_add_ons":[],"addons":[],"acf":[],"yoast_head":"<!-- This site is optimized with the Yoast SEO plugin v27.1.1 - https:\/\/yoast.com\/product\/yoast-seo-wordpress\/ -->\n<title>Hauck Alpha+ s\u00f6\u00f6gitool, Dark Grey, \u0421\u041a\u0418\u0414\u041a\u0418, \u0421\u0442\u0443\u043b\u044c\u0447\u0438\u043a\u0438 \u0434\u043b\u044f \u043a\u043e\u0440\u043c\u043b\u0435\u043d\u0438\u044f, \u041f\u0440\u0438\u043d\u0430\u0434\u043b\u0435\u0436\u043d\u043e\u0441\u0442\u0438 \u0434\u043b\u044f \u043c\u043b\u0430\u0434\u0435\u043d\u0446\u0435\u0432, Beebipood<\/title>\n<meta name=\"description\" content=\"Hauck Alpha+ s\u00f6\u00f6gitool, Dark Grey, ALPHA + SelectPremium viimistlusega kvaliteetsest puidust valmistatud s\u00f6\u00f6gitool.Sobib ideaalselt k\" \/>\n<meta name=\"robots\" content=\"index, follow, max-snippet:-1, max-image-preview:large, max-video-preview:-1\" \/>\n<link rel=\"canonical\" href=\"https:\/\/beebipood.ee\/ru\/produkt\/hauck-arketa-soogitool-naturaalne-tamm\/\" \/>\n<meta property=\"og:locale\" content=\"ru_RU\" \/>\n<meta property=\"og:type\" content=\"article\" \/>\n<meta property=\"og:title\" content=\"Hauck Alpha+ s\u00f6\u00f6gitool, Dark Grey, \u0421\u041a\u0418\u0414\u041a\u0418, \u0421\u0442\u0443\u043b\u044c\u0447\u0438\u043a\u0438 \u0434\u043b\u044f \u043a\u043e\u0440\u043c\u043b\u0435\u043d\u0438\u044f, \u041f\u0440\u0438\u043d\u0430\u0434\u043b\u0435\u0436\u043d\u043e\u0441\u0442\u0438 \u0434\u043b\u044f \u043c\u043b\u0430\u0434\u0435\u043d\u0446\u0435\u0432, Beebipood\" \/>\n<meta property=\"og:description\" content=\"Hauck Alpha+ s\u00f6\u00f6gitool, Dark Grey, ALPHA + SelectPremium viimistlusega kvaliteetsest puidust valmistatud s\u00f6\u00f6gitool.Sobib ideaalselt k\" \/>\n<meta property=\"og:url\" content=\"https:\/\/beebipood.ee\/ru\/produkt\/hauck-arketa-soogitool-naturaalne-tamm\/\" \/>\n<meta property=\"og:site_name\" content=\"Beebipood\" \/>\n<meta property=\"article:modified_time\" content=\"2025-05-04T08:21:40+00:00\" \/>\n<meta property=\"og:image\" content=\"https:\/\/beebipood.ee\/wp-content\/uploads\/2025\/05\/hauck-arketa-tamm.webp\" \/>\n\t<meta property=\"og:image:width\" content=\"823\" \/>\n\t<meta property=\"og:image:height\" content=\"823\" \/>\n\t<meta property=\"og:image:type\" content=\"image\/webp\" \/>\n<meta name=\"twitter:card\" content=\"summary_large_image\" \/>\n<meta name=\"twitter:label1\" content=\"\u041f\u0440\u0438\u043c\u0435\u0440\u043d\u043e\u0435 \u0432\u0440\u0435\u043c\u044f \u0434\u043b\u044f \u0447\u0442\u0435\u043d\u0438\u044f\" \/>\n\t<meta name=\"twitter:data1\" content=\"2 \u043c\u0438\u043d\u0443\u0442\u044b\" \/>\n<script type=\"application\/ld+json\" class=\"yoast-schema-graph\">{\"@context\":\"https:\/\/schema.org\",\"@graph\":[{\"@type\":\"WebPage\",\"@id\":\"https:\/\/beebipood.ee\/ru\/produkt\/hauck-arketa-soogitool-naturaalne-tamm\/\",\"url\":\"https:\/\/beebipood.ee\/ru\/produkt\/hauck-arketa-soogitool-naturaalne-tamm\/\",\"name\":\"Hauck Alpha+ s\u00f6\u00f6gitool, Dark Grey, \u0421\u041a\u0418\u0414\u041a\u0418, \u0421\u0442\u0443\u043b\u044c\u0447\u0438\u043a\u0438 \u0434\u043b\u044f \u043a\u043e\u0440\u043c\u043b\u0435\u043d\u0438\u044f, \u041f\u0440\u0438\u043d\u0430\u0434\u043b\u0435\u0436\u043d\u043e\u0441\u0442\u0438 \u0434\u043b\u044f \u043c\u043b\u0430\u0434\u0435\u043d\u0446\u0435\u0432, Beebipood\",\"isPartOf\":{\"@id\":\"https:\/\/beebipood.ee\/ru\/#website\"},\"primaryImageOfPage\":{\"@id\":\"https:\/\/beebipood.ee\/ru\/produkt\/hauck-arketa-soogitool-naturaalne-tamm\/#primaryimage\"},\"image\":{\"@id\":\"https:\/\/beebipood.ee\/ru\/produkt\/hauck-arketa-soogitool-naturaalne-tamm\/#primaryimage\"},\"thumbnailUrl\":\"https:\/\/beebipood.ee\/wp-content\/uploads\/2025\/05\/hauck-arketa-tamm.webp\",\"datePublished\":\"2025-05-04T07:58:53+00:00\",\"dateModified\":\"2025-05-04T08:21:40+00:00\",\"description\":\"Hauck Alpha+ s\u00f6\u00f6gitool, Dark Grey, ALPHA + SelectPremium viimistlusega kvaliteetsest puidust valmistatud s\u00f6\u00f6gitool.Sobib ideaalselt k\",\"breadcrumb\":{\"@id\":\"https:\/\/beebipood.ee\/ru\/produkt\/hauck-arketa-soogitool-naturaalne-tamm\/#breadcrumb\"},\"inLanguage\":\"ru-RU\",\"potentialAction\":[{\"@type\":\"ReadAction\",\"target\":[\"https:\/\/beebipood.ee\/ru\/produkt\/hauck-arketa-soogitool-naturaalne-tamm\/\"]}]},{\"@type\":\"ImageObject\",\"inLanguage\":\"ru-RU\",\"@id\":\"https:\/\/beebipood.ee\/ru\/produkt\/hauck-arketa-soogitool-naturaalne-tamm\/#primaryimage\",\"url\":\"https:\/\/beebipood.ee\/wp-content\/uploads\/2025\/05\/hauck-arketa-tamm.webp\",\"contentUrl\":\"https:\/\/beebipood.ee\/wp-content\/uploads\/2025\/05\/hauck-arketa-tamm.webp\",\"width\":823,\"height\":823},{\"@type\":\"BreadcrumbList\",\"@id\":\"https:\/\/beebipood.ee\/ru\/produkt\/hauck-arketa-soogitool-naturaalne-tamm\/#breadcrumb\",\"itemListElement\":[{\"@type\":\"ListItem\",\"position\":1,\"name\":\"Home\",\"item\":\"https:\/\/beebipood.ee\/ru\/\"},{\"@type\":\"ListItem\",\"position\":2,\"name\":\"\u041a\u0430\u0442\u0430\u043b\u043e\u0433 \u0442\u043e\u0432\u0430\u0440\u043e\u0432\",\"item\":\"https:\/\/beebipood.ee\/tooted\/\"},{\"@type\":\"ListItem\",\"position\":3,\"name\":\"Hauck Arketa s\u00f6\u00f6gitool, Naturaalne tamm\"}]},{\"@type\":\"WebSite\",\"@id\":\"https:\/\/beebipood.ee\/ru\/#website\",\"url\":\"https:\/\/beebipood.ee\/ru\/\",\"name\":\"Beebipood\",\"description\":\"Lastekaubad, beebikaubad, m\u00e4nguasjad\",\"publisher\":{\"@id\":\"https:\/\/beebipood.ee\/ru\/#organization\"},\"potentialAction\":[{\"@type\":\"SearchAction\",\"target\":{\"@type\":\"EntryPoint\",\"urlTemplate\":\"https:\/\/beebipood.ee\/ru\/?s={search_term_string}\"},\"query-input\":{\"@type\":\"PropertyValueSpecification\",\"valueRequired\":true,\"valueName\":\"search_term_string\"}}],\"inLanguage\":\"ru-RU\"},{\"@type\":\"Organization\",\"@id\":\"https:\/\/beebipood.ee\/ru\/#organization\",\"name\":\"Beebipood\",\"url\":\"https:\/\/beebipood.ee\/ru\/\",\"logo\":{\"@type\":\"ImageObject\",\"inLanguage\":\"ru-RU\",\"@id\":\"https:\/\/beebipood.ee\/ru\/#\/schema\/logo\/image\/\",\"url\":\"https:\/\/beebipood.ee\/wp-content\/uploads\/2025\/03\/beebipood.ee-logo-1.svg\",\"contentUrl\":\"https:\/\/beebipood.ee\/wp-content\/uploads\/2025\/03\/beebipood.ee-logo-1.svg\",\"caption\":\"Beebipood\"},\"image\":{\"@id\":\"https:\/\/beebipood.ee\/ru\/#\/schema\/logo\/image\/\"}}]}<\/script>\n<!-- \/ Yoast SEO plugin. -->","yoast_head_json":{"title":"Hauck Alpha+ s\u00f6\u00f6gitool, Dark Grey, \u0421\u041a\u0418\u0414\u041a\u0418, \u0421\u0442\u0443\u043b\u044c\u0447\u0438\u043a\u0438 \u0434\u043b\u044f \u043a\u043e\u0440\u043c\u043b\u0435\u043d\u0438\u044f, \u041f\u0440\u0438\u043d\u0430\u0434\u043b\u0435\u0436\u043d\u043e\u0441\u0442\u0438 \u0434\u043b\u044f \u043c\u043b\u0430\u0434\u0435\u043d\u0446\u0435\u0432, Beebipood","description":"Hauck Alpha+ s\u00f6\u00f6gitool, Dark Grey, ALPHA + SelectPremium viimistlusega kvaliteetsest puidust valmistatud s\u00f6\u00f6gitool.Sobib ideaalselt k","robots":{"index":"index","follow":"follow","max-snippet":"max-snippet:-1","max-image-preview":"max-image-preview:large","max-video-preview":"max-video-preview:-1"},"canonical":"https:\/\/beebipood.ee\/ru\/produkt\/hauck-arketa-soogitool-naturaalne-tamm\/","og_locale":"ru_RU","og_type":"article","og_title":"Hauck Alpha+ s\u00f6\u00f6gitool, Dark Grey, \u0421\u041a\u0418\u0414\u041a\u0418, \u0421\u0442\u0443\u043b\u044c\u0447\u0438\u043a\u0438 \u0434\u043b\u044f \u043a\u043e\u0440\u043c\u043b\u0435\u043d\u0438\u044f, \u041f\u0440\u0438\u043d\u0430\u0434\u043b\u0435\u0436\u043d\u043e\u0441\u0442\u0438 \u0434\u043b\u044f \u043c\u043b\u0430\u0434\u0435\u043d\u0446\u0435\u0432, Beebipood","og_description":"Hauck Alpha+ s\u00f6\u00f6gitool, Dark Grey, ALPHA + SelectPremium viimistlusega kvaliteetsest puidust valmistatud s\u00f6\u00f6gitool.Sobib ideaalselt k","og_url":"https:\/\/beebipood.ee\/ru\/produkt\/hauck-arketa-soogitool-naturaalne-tamm\/","og_site_name":"Beebipood","article_modified_time":"2025-05-04T08:21:40+00:00","og_image":[{"width":823,"height":823,"url":"https:\/\/beebipood.ee\/wp-content\/uploads\/2025\/05\/hauck-arketa-tamm.webp","type":"image\/webp"}],"twitter_card":"summary_large_image","twitter_misc":{"\u041f\u0440\u0438\u043c\u0435\u0440\u043d\u043e\u0435 \u0432\u0440\u0435\u043c\u044f \u0434\u043b\u044f \u0447\u0442\u0435\u043d\u0438\u044f":"2 \u043c\u0438\u043d\u0443\u0442\u044b"},"schema":{"@context":"https:\/\/schema.org","@graph":[{"@type":"WebPage","@id":"https:\/\/beebipood.ee\/ru\/produkt\/hauck-arketa-soogitool-naturaalne-tamm\/","url":"https:\/\/beebipood.ee\/ru\/produkt\/hauck-arketa-soogitool-naturaalne-tamm\/","name":"Hauck Alpha+ s\u00f6\u00f6gitool, Dark Grey, \u0421\u041a\u0418\u0414\u041a\u0418, \u0421\u0442\u0443\u043b\u044c\u0447\u0438\u043a\u0438 \u0434\u043b\u044f \u043a\u043e\u0440\u043c\u043b\u0435\u043d\u0438\u044f, \u041f\u0440\u0438\u043d\u0430\u0434\u043b\u0435\u0436\u043d\u043e\u0441\u0442\u0438 \u0434\u043b\u044f \u043c\u043b\u0430\u0434\u0435\u043d\u0446\u0435\u0432, Beebipood","isPartOf":{"@id":"https:\/\/beebipood.ee\/ru\/#website"},"primaryImageOfPage":{"@id":"https:\/\/beebipood.ee\/ru\/produkt\/hauck-arketa-soogitool-naturaalne-tamm\/#primaryimage"},"image":{"@id":"https:\/\/beebipood.ee\/ru\/produkt\/hauck-arketa-soogitool-naturaalne-tamm\/#primaryimage"},"thumbnailUrl":"https:\/\/beebipood.ee\/wp-content\/uploads\/2025\/05\/hauck-arketa-tamm.webp","datePublished":"2025-05-04T07:58:53+00:00","dateModified":"2025-05-04T08:21:40+00:00","description":"Hauck Alpha+ s\u00f6\u00f6gitool, Dark Grey, ALPHA + SelectPremium viimistlusega kvaliteetsest puidust valmistatud s\u00f6\u00f6gitool.Sobib ideaalselt k","breadcrumb":{"@id":"https:\/\/beebipood.ee\/ru\/produkt\/hauck-arketa-soogitool-naturaalne-tamm\/#breadcrumb"},"inLanguage":"ru-RU","potentialAction":[{"@type":"ReadAction","target":["https:\/\/beebipood.ee\/ru\/produkt\/hauck-arketa-soogitool-naturaalne-tamm\/"]}]},{"@type":"ImageObject","inLanguage":"ru-RU","@id":"https:\/\/beebipood.ee\/ru\/produkt\/hauck-arketa-soogitool-naturaalne-tamm\/#primaryimage","url":"https:\/\/beebipood.ee\/wp-content\/uploads\/2025\/05\/hauck-arketa-tamm.webp","contentUrl":"https:\/\/beebipood.ee\/wp-content\/uploads\/2025\/05\/hauck-arketa-tamm.webp","width":823,"height":823},{"@type":"BreadcrumbList","@id":"https:\/\/beebipood.ee\/ru\/produkt\/hauck-arketa-soogitool-naturaalne-tamm\/#breadcrumb","itemListElement":[{"@type":"ListItem","position":1,"name":"Home","item":"https:\/\/beebipood.ee\/ru\/"},{"@type":"ListItem","position":2,"name":"\u041a\u0430\u0442\u0430\u043b\u043e\u0433 \u0442\u043e\u0432\u0430\u0440\u043e\u0432","item":"https:\/\/beebipood.ee\/tooted\/"},{"@type":"ListItem","position":3,"name":"Hauck Arketa s\u00f6\u00f6gitool, Naturaalne tamm"}]},{"@type":"WebSite","@id":"https:\/\/beebipood.ee\/ru\/#website","url":"https:\/\/beebipood.ee\/ru\/","name":"Beebipood","description":"Lastekaubad, beebikaubad, m\u00e4nguasjad","publisher":{"@id":"https:\/\/beebipood.ee\/ru\/#organization"},"potentialAction":[{"@type":"SearchAction","target":{"@type":"EntryPoint","urlTemplate":"https:\/\/beebipood.ee\/ru\/?s={search_term_string}"},"query-input":{"@type":"PropertyValueSpecification","valueRequired":true,"valueName":"search_term_string"}}],"inLanguage":"ru-RU"},{"@type":"Organization","@id":"https:\/\/beebipood.ee\/ru\/#organization","name":"Beebipood","url":"https:\/\/beebipood.ee\/ru\/","logo":{"@type":"ImageObject","inLanguage":"ru-RU","@id":"https:\/\/beebipood.ee\/ru\/#\/schema\/logo\/image\/","url":"https:\/\/beebipood.ee\/wp-content\/uploads\/2025\/03\/beebipood.ee-logo-1.svg","contentUrl":"https:\/\/beebipood.ee\/wp-content\/uploads\/2025\/03\/beebipood.ee-logo-1.svg","caption":"Beebipood"},"image":{"@id":"https:\/\/beebipood.ee\/ru\/#\/schema\/logo\/image\/"}}]}},"brands":[{"id":11952,"name":"Hauck","slug":"hauck-ru"}],"_links":{"self":[{"href":"https:\/\/beebipood.ee\/ru\/wp-json\/wp\/v2\/product\/504499","targetHints":{"allow":["GET"]}}],"collection":[{"href":"https:\/\/beebipood.ee\/ru\/wp-json\/wp\/v2\/product"}],"about":[{"href":"https:\/\/beebipood.ee\/ru\/wp-json\/wp\/v2\/types\/product"}],"wp:featuredmedia":[{"embeddable":true,"href":"https:\/\/beebipood.ee\/ru\/wp-json\/wp\/v2\/media\/504501"}],"wp:attachment":[{"href":"https:\/\/beebipood.ee\/ru\/wp-json\/wp\/v2\/media?parent=504499"}],"wp:term":[{"taxonomy":"pwb-brand","embeddable":true,"href":"https:\/\/beebipood.ee\/ru\/wp-json\/wp\/v2\/pwb-brand?post=504499"},{"taxonomy":"product_brand","embeddable":true,"href":"https:\/\/beebipood.ee\/ru\/wp-json\/wp\/v2\/product_brand?post=504499"},{"taxonomy":"product_cat","embeddable":true,"href":"https:\/\/beebipood.ee\/ru\/wp-json\/wp\/v2\/product_cat?post=504499"},{"taxonomy":"product_tag","embeddable":true,"href":"https:\/\/beebipood.ee\/ru\/wp-json\/wp\/v2\/product_tag?post=504499"}],"curies":[{"name":"wp","href":"https:\/\/api.w.org\/{rel}","templated":true}]}}