{"id":504552,"date":"2025-05-04T19:07:21","date_gmt":"2025-05-04T16:07:21","guid":{"rendered":"https:\/\/beebipood.ee\/?post_type=product&#038;p=504552"},"modified":"2025-05-04T19:12:30","modified_gmt":"2025-05-04T16:12:30","slug":"funnest-lastevoodi-kolme-rullpadjaga-90x200-varvivalik","status":"publish","type":"product","link":"https:\/\/beebipood.ee\/ru\/produkt\/funnest-lastevoodi-kolme-rullpadjaga-90x200-varvivalik\/","title":{"rendered":"FunNest lastevoodi kolme rullpadjaga 90\u00d7200, v\u00e4rvivalik"},"content":{"rendered":"<p>FUNNEST lastevoodi The Couch Without Ouch on turvaline,<br \/>\npehme, kauni disainiga v\u00e4rvik\u00fcllane voodi<br \/>\nTurvalised rullpadjad lahendavad igavesed vanemate mured<br \/>\n\u2013 laps ei l\u00f6\u00f6 end \u00e4ra, tekk ja kaisukaru p\u00fcsivad voodis,<br \/>\nrahulik uni on nii lapsel kui vanematel<br \/>\nVoodi on valmistatud k\u00e4sit\u00f6\u00f6na, kasutatud kvaliteetseid ja lapses\u00f5bralikke materjale<br \/>\nVoodikarkass on kasevineerist, pehmendatud porolooniga<br \/>\nKasevineerist t\u00e4isp\u00f5hi<br \/>\nRullpadjad kinnitatavad 2 kruviga (komplektis)<br \/>\nVesipestav kangas Aquaclean Mystic.<br \/>\nAquaclean tehnoloogia katab kangakiu n\u00e4htamatu molekulaarse kihiga,<br \/>\nmis takistab mustusel kanga sisse tungida.<br \/>\nPestav 30 kraadi juures, saab eemaldada enamiku koduseid plekke<br \/>\n(tint, kastmed, rasv, muda, \u0161okolaad, kreem jne).<br \/>\nLai v\u00e4rvivalik, pehme ja vastupidav kangas.<br \/>\nKangas omab Oeko-Tex Standard 100 sertifikaati, PFC Free sertifikaati<br \/>\nKomplektis plastikust jalad, k\u00f5rgusega 2 cm<br \/>\nV\u00f5imalik paigaldada k\u00f5rgemad puidust jalad\u00a0k\u00f5rgusega 12cm, l\u00e4bim\u00f5\u00f5t 5,4 cm<br \/>\nVoodi kandev\u00f5ime kuni 150 kg<br \/>\nVoodikarkass ja -p\u00f5hi on tehases komplekteeritud,<br \/>\npeats lihtsalt kinnitatav 4 kruviga (komplektis)<br \/>\nToodetud Eestis<br \/>\nMadrats ei kuulu komplekti,<br \/>\nvoodile sobib madrats m\u00f5\u00f5dus <a href=\"https:\/\/beebipood.ee\/tootekategooria\/lastemoobel-ja-sisustus\/madratsid-ja-kattemadratsid\/kuni-90cm-laiused\/\">90&#215;200<\/a> (soovitav madratsi k\u00f5rgus 12-15 cm)<\/p>\n","protected":false},"excerpt":{"rendered":"<p>FUNNEST lastevoodi The Couch Without Ouch on turvaline, pehme, kauni disainiga v\u00e4rvik\u00fcllane voodi Turvalised rullpadjad lahendavad igavesed vanemate mured \u2013 laps ei l\u00f6\u00f6 end \u00e4ra, tekk ja kaisukaru p\u00fcsivad voodis, rahulik uni on nii lapsel kui vanematel Voodi on valmistatud k\u00e4sit\u00f6\u00f6na, kasutatud kvaliteetseid ja lapses\u00f5bralikke materjale Voodikarkass on kasevineerist, pehmendatud porolooniga Kasevineerist t\u00e4isp\u00f5hi Rullpadjad kinnitatavad [&hellip;]<\/p>\n","protected":false},"featured_media":105691,"template":"","meta":{"_acf_changed":false},"pwb-brand":[],"product_brand":[],"product_cat":[11573,11591,11559,11789],"product_tag":[],"class_list":{"0":"post-504552","1":"product","2":"type-product","3":"status-publish","4":"has-post-thumbnail","6":"product_cat-sooduspakkumised-ru","7":"product_cat-90cm-laiused-ru","8":"product_cat-laste-ja-noortevoodid-ru","9":"product_cat-lastemoobel-ja-sisustus-ru","11":"first","12":"onbackorder","13":"sale","14":"taxable","15":"shipping-taxable","16":"purchasable","17":"product-type-simple"},"exclude_global_add_ons":false,"addons":[{"name":"Vali kanga toon","type":"multiple_choice","position":0,"required":true,"title_format":"heading","default":"","description_enable":false,"description":"","placeholder_enable":false,"placeholder":"","display":"images","restrictions_type":"any_text","adjust_price":false,"price":"","price_type":"flat_fee","restrictions":false,"min":"0","max":"0","options":[{"label":"Mystic 112","price":"","price_type":"quantity_based","image":501165,"visibility":true},{"label":"Mystic 136","price":"","price_type":"quantity_based","image":501167,"visibility":true},{"label":"Mystic 187","price":"","price_type":"quantity_based","image":501169,"visibility":true},{"label":"Mystic 250","price":"","price_type":"quantity_based","image":501171,"visibility":true},{"label":"Mystic 324","price":"","price_type":"quantity_based","image":501173,"visibility":true},{"label":"Mystic 503","price":"","price_type":"quantity_based","image":501175,"visibility":true},{"label":"Mystic 510","price":"","price_type":"quantity_based","image":501177,"visibility":true}],"id":1746385951},{"name":"Vali voodijalad","type":"multiple_choice","position":1,"required":true,"title_format":"heading","default":"","description_enable":false,"description":"","placeholder_enable":false,"placeholder":"","display":"images","restrictions_type":"any_text","adjust_price":false,"price":"","price_type":"flat_fee","restrictions":false,"min":"0","max":"0","options":[{"label":"Standard (plastik 2cm)","price":"","price_type":"quantity_based","image":501179,"visibility":true},{"label":"Tumedad jalad k\u00f5rgusega 12cm","price":"20.0000","price_type":"quantity_based","image":501181,"visibility":true},{"label":"Heledad jalad k\u00f5rgusega 12cm","price":"20.0000","price_type":"quantity_based","image":501183,"visibility":true}],"id":1746385952}],"acf":[],"yoast_head":"<!-- This site is optimized with the Yoast SEO plugin v27.3 - https:\/\/yoast.com\/product\/yoast-seo-wordpress\/ -->\n<title>FunNest lastevoodi kolme rullpadjaga 80x160, v\u00e4rvivalik, \u041a\u0440\u043e\u0432\u0430\u0442\u0438 \u0434\u043b\u044f \u0434\u0435\u0442\u0435\u0439 \u0438 \u043f\u043e\u0434\u0440\u043e\u0441\u0442\u043a\u043e\u0432, \u041d\u041e\u0412\u042b\u0415 \u0422\u041e\u0412\u0410\u0420\u042b, \u0428\u0438\u0440\u0438\u043d\u0430 80c\u043c, M\u0435\u0431\u0435\u043b\u044c, Beebipood<\/title>\n<meta name=\"description\" content=\"FunNest lastevoodi kolme rullpadjaga 80x160, v\u00e4rvivalik, FUNNEST lastevoodi The Couch Without Ouch on turvaline,pehme, kauni disain\" \/>\n<meta name=\"robots\" content=\"index, follow, max-snippet:-1, max-image-preview:large, max-video-preview:-1\" \/>\n<link rel=\"canonical\" href=\"https:\/\/beebipood.ee\/ru\/produkt\/funnest-lastevoodi-kolme-rullpadjaga-90x200-varvivalik\/\" \/>\n<meta property=\"og:locale\" content=\"ru_RU\" \/>\n<meta property=\"og:type\" content=\"article\" \/>\n<meta property=\"og:title\" content=\"FunNest lastevoodi kolme rullpadjaga 80x160, v\u00e4rvivalik, \u041a\u0440\u043e\u0432\u0430\u0442\u0438 \u0434\u043b\u044f \u0434\u0435\u0442\u0435\u0439 \u0438 \u043f\u043e\u0434\u0440\u043e\u0441\u0442\u043a\u043e\u0432, \u041d\u041e\u0412\u042b\u0415 \u0422\u041e\u0412\u0410\u0420\u042b, \u0428\u0438\u0440\u0438\u043d\u0430 80c\u043c, M\u0435\u0431\u0435\u043b\u044c, Beebipood\" \/>\n<meta property=\"og:description\" content=\"FunNest lastevoodi kolme rullpadjaga 80x160, v\u00e4rvivalik, FUNNEST lastevoodi The Couch Without Ouch on turvaline,pehme, kauni disain\" \/>\n<meta property=\"og:url\" content=\"https:\/\/beebipood.ee\/ru\/produkt\/funnest-lastevoodi-kolme-rullpadjaga-90x200-varvivalik\/\" \/>\n<meta property=\"og:site_name\" content=\"Beebipood\" \/>\n<meta property=\"article:modified_time\" content=\"2025-05-04T16:12:30+00:00\" \/>\n<meta property=\"og:image\" content=\"https:\/\/beebipood.ee\/wp-content\/uploads\/2014\/02\/FunNest-lastevoodi-kolme-rullpadjaga-80x160-varvivalik-Laste-ja-noortevoodid-90cm-laiused_3-789.jpg\" \/>\n\t<meta property=\"og:image:width\" content=\"2560\" \/>\n\t<meta property=\"og:image:height\" content=\"1707\" \/>\n\t<meta property=\"og:image:type\" content=\"image\/jpeg\" \/>\n<meta name=\"twitter:card\" content=\"summary_large_image\" \/>\n<meta name=\"twitter:label1\" content=\"\u041f\u0440\u0438\u043c\u0435\u0440\u043d\u043e\u0435 \u0432\u0440\u0435\u043c\u044f \u0434\u043b\u044f \u0447\u0442\u0435\u043d\u0438\u044f\" \/>\n\t<meta name=\"twitter:data1\" content=\"2 \u043c\u0438\u043d\u0443\u0442\u044b\" \/>\n<script type=\"application\/ld+json\" class=\"yoast-schema-graph\">{\"@context\":\"https:\\\/\\\/schema.org\",\"@graph\":[{\"@type\":\"WebPage\",\"@id\":\"https:\\\/\\\/beebipood.ee\\\/ru\\\/produkt\\\/funnest-lastevoodi-kolme-rullpadjaga-90x200-varvivalik\\\/\",\"url\":\"https:\\\/\\\/beebipood.ee\\\/ru\\\/produkt\\\/funnest-lastevoodi-kolme-rullpadjaga-90x200-varvivalik\\\/\",\"name\":\"FunNest lastevoodi kolme rullpadjaga 80x160, v\u00e4rvivalik, \u041a\u0440\u043e\u0432\u0430\u0442\u0438 \u0434\u043b\u044f \u0434\u0435\u0442\u0435\u0439 \u0438 \u043f\u043e\u0434\u0440\u043e\u0441\u0442\u043a\u043e\u0432, \u041d\u041e\u0412\u042b\u0415 \u0422\u041e\u0412\u0410\u0420\u042b, \u0428\u0438\u0440\u0438\u043d\u0430 80c\u043c, M\u0435\u0431\u0435\u043b\u044c, Beebipood\",\"isPartOf\":{\"@id\":\"https:\\\/\\\/beebipood.ee\\\/ru\\\/#website\"},\"primaryImageOfPage\":{\"@id\":\"https:\\\/\\\/beebipood.ee\\\/ru\\\/produkt\\\/funnest-lastevoodi-kolme-rullpadjaga-90x200-varvivalik\\\/#primaryimage\"},\"image\":{\"@id\":\"https:\\\/\\\/beebipood.ee\\\/ru\\\/produkt\\\/funnest-lastevoodi-kolme-rullpadjaga-90x200-varvivalik\\\/#primaryimage\"},\"thumbnailUrl\":\"https:\\\/\\\/beebipood.ee\\\/wp-content\\\/uploads\\\/2014\\\/02\\\/FunNest-lastevoodi-kolme-rullpadjaga-80x160-varvivalik-Laste-ja-noortevoodid-90cm-laiused_3-789.jpg\",\"datePublished\":\"2025-05-04T16:07:21+00:00\",\"dateModified\":\"2025-05-04T16:12:30+00:00\",\"description\":\"FunNest lastevoodi kolme rullpadjaga 80x160, v\u00e4rvivalik, FUNNEST lastevoodi The Couch Without Ouch on turvaline,pehme, kauni disain\",\"breadcrumb\":{\"@id\":\"https:\\\/\\\/beebipood.ee\\\/ru\\\/produkt\\\/funnest-lastevoodi-kolme-rullpadjaga-90x200-varvivalik\\\/#breadcrumb\"},\"inLanguage\":\"ru-RU\",\"potentialAction\":[{\"@type\":\"ReadAction\",\"target\":[\"https:\\\/\\\/beebipood.ee\\\/ru\\\/produkt\\\/funnest-lastevoodi-kolme-rullpadjaga-90x200-varvivalik\\\/\"]}]},{\"@type\":\"ImageObject\",\"inLanguage\":\"ru-RU\",\"@id\":\"https:\\\/\\\/beebipood.ee\\\/ru\\\/produkt\\\/funnest-lastevoodi-kolme-rullpadjaga-90x200-varvivalik\\\/#primaryimage\",\"url\":\"https:\\\/\\\/beebipood.ee\\\/wp-content\\\/uploads\\\/2014\\\/02\\\/FunNest-lastevoodi-kolme-rullpadjaga-80x160-varvivalik-Laste-ja-noortevoodid-90cm-laiused_3-789.jpg\",\"contentUrl\":\"https:\\\/\\\/beebipood.ee\\\/wp-content\\\/uploads\\\/2014\\\/02\\\/FunNest-lastevoodi-kolme-rullpadjaga-80x160-varvivalik-Laste-ja-noortevoodid-90cm-laiused_3-789.jpg\",\"width\":2560,\"height\":1707},{\"@type\":\"BreadcrumbList\",\"@id\":\"https:\\\/\\\/beebipood.ee\\\/ru\\\/produkt\\\/funnest-lastevoodi-kolme-rullpadjaga-90x200-varvivalik\\\/#breadcrumb\",\"itemListElement\":[{\"@type\":\"ListItem\",\"position\":1,\"name\":\"Home\",\"item\":\"https:\\\/\\\/beebipood.ee\\\/ru\\\/\"},{\"@type\":\"ListItem\",\"position\":2,\"name\":\"\u041a\u0430\u0442\u0430\u043b\u043e\u0433 \u0442\u043e\u0432\u0430\u0440\u043e\u0432\",\"item\":\"https:\\\/\\\/beebipood.ee\\\/tooted\\\/\"},{\"@type\":\"ListItem\",\"position\":3,\"name\":\"FunNest lastevoodi kolme rullpadjaga 90\u00d7200, v\u00e4rvivalik\"}]},{\"@type\":\"WebSite\",\"@id\":\"https:\\\/\\\/beebipood.ee\\\/ru\\\/#website\",\"url\":\"https:\\\/\\\/beebipood.ee\\\/ru\\\/\",\"name\":\"Beebipood\",\"description\":\"Lastekaubad, beebikaubad, m\u00e4nguasjad\",\"publisher\":{\"@id\":\"https:\\\/\\\/beebipood.ee\\\/ru\\\/#organization\"},\"potentialAction\":[{\"@type\":\"SearchAction\",\"target\":{\"@type\":\"EntryPoint\",\"urlTemplate\":\"https:\\\/\\\/beebipood.ee\\\/ru\\\/?s={search_term_string}\"},\"query-input\":{\"@type\":\"PropertyValueSpecification\",\"valueRequired\":true,\"valueName\":\"search_term_string\"}}],\"inLanguage\":\"ru-RU\"},{\"@type\":\"Organization\",\"@id\":\"https:\\\/\\\/beebipood.ee\\\/ru\\\/#organization\",\"name\":\"Beebipood\",\"url\":\"https:\\\/\\\/beebipood.ee\\\/ru\\\/\",\"logo\":{\"@type\":\"ImageObject\",\"inLanguage\":\"ru-RU\",\"@id\":\"https:\\\/\\\/beebipood.ee\\\/ru\\\/#\\\/schema\\\/logo\\\/image\\\/\",\"url\":\"https:\\\/\\\/beebipood.ee\\\/wp-content\\\/uploads\\\/2025\\\/03\\\/beebipood.ee-logo-1.svg\",\"contentUrl\":\"https:\\\/\\\/beebipood.ee\\\/wp-content\\\/uploads\\\/2025\\\/03\\\/beebipood.ee-logo-1.svg\",\"caption\":\"Beebipood\"},\"image\":{\"@id\":\"https:\\\/\\\/beebipood.ee\\\/ru\\\/#\\\/schema\\\/logo\\\/image\\\/\"}}]}<\/script>\n<!-- \/ Yoast SEO plugin. -->","yoast_head_json":{"title":"FunNest lastevoodi kolme rullpadjaga 80x160, v\u00e4rvivalik, \u041a\u0440\u043e\u0432\u0430\u0442\u0438 \u0434\u043b\u044f \u0434\u0435\u0442\u0435\u0439 \u0438 \u043f\u043e\u0434\u0440\u043e\u0441\u0442\u043a\u043e\u0432, \u041d\u041e\u0412\u042b\u0415 \u0422\u041e\u0412\u0410\u0420\u042b, \u0428\u0438\u0440\u0438\u043d\u0430 80c\u043c, M\u0435\u0431\u0435\u043b\u044c, Beebipood","description":"FunNest lastevoodi kolme rullpadjaga 80x160, v\u00e4rvivalik, FUNNEST lastevoodi The Couch Without Ouch on turvaline,pehme, kauni disain","robots":{"index":"index","follow":"follow","max-snippet":"max-snippet:-1","max-image-preview":"max-image-preview:large","max-video-preview":"max-video-preview:-1"},"canonical":"https:\/\/beebipood.ee\/ru\/produkt\/funnest-lastevoodi-kolme-rullpadjaga-90x200-varvivalik\/","og_locale":"ru_RU","og_type":"article","og_title":"FunNest lastevoodi kolme rullpadjaga 80x160, v\u00e4rvivalik, \u041a\u0440\u043e\u0432\u0430\u0442\u0438 \u0434\u043b\u044f \u0434\u0435\u0442\u0435\u0439 \u0438 \u043f\u043e\u0434\u0440\u043e\u0441\u0442\u043a\u043e\u0432, \u041d\u041e\u0412\u042b\u0415 \u0422\u041e\u0412\u0410\u0420\u042b, \u0428\u0438\u0440\u0438\u043d\u0430 80c\u043c, M\u0435\u0431\u0435\u043b\u044c, Beebipood","og_description":"FunNest lastevoodi kolme rullpadjaga 80x160, v\u00e4rvivalik, FUNNEST lastevoodi The Couch Without Ouch on turvaline,pehme, kauni disain","og_url":"https:\/\/beebipood.ee\/ru\/produkt\/funnest-lastevoodi-kolme-rullpadjaga-90x200-varvivalik\/","og_site_name":"Beebipood","article_modified_time":"2025-05-04T16:12:30+00:00","og_image":[{"width":2560,"height":1707,"url":"https:\/\/beebipood.ee\/wp-content\/uploads\/2014\/02\/FunNest-lastevoodi-kolme-rullpadjaga-80x160-varvivalik-Laste-ja-noortevoodid-90cm-laiused_3-789.jpg","type":"image\/jpeg"}],"twitter_card":"summary_large_image","twitter_misc":{"\u041f\u0440\u0438\u043c\u0435\u0440\u043d\u043e\u0435 \u0432\u0440\u0435\u043c\u044f \u0434\u043b\u044f \u0447\u0442\u0435\u043d\u0438\u044f":"2 \u043c\u0438\u043d\u0443\u0442\u044b"},"schema":{"@context":"https:\/\/schema.org","@graph":[{"@type":"WebPage","@id":"https:\/\/beebipood.ee\/ru\/produkt\/funnest-lastevoodi-kolme-rullpadjaga-90x200-varvivalik\/","url":"https:\/\/beebipood.ee\/ru\/produkt\/funnest-lastevoodi-kolme-rullpadjaga-90x200-varvivalik\/","name":"FunNest lastevoodi kolme rullpadjaga 80x160, v\u00e4rvivalik, \u041a\u0440\u043e\u0432\u0430\u0442\u0438 \u0434\u043b\u044f \u0434\u0435\u0442\u0435\u0439 \u0438 \u043f\u043e\u0434\u0440\u043e\u0441\u0442\u043a\u043e\u0432, \u041d\u041e\u0412\u042b\u0415 \u0422\u041e\u0412\u0410\u0420\u042b, \u0428\u0438\u0440\u0438\u043d\u0430 80c\u043c, M\u0435\u0431\u0435\u043b\u044c, Beebipood","isPartOf":{"@id":"https:\/\/beebipood.ee\/ru\/#website"},"primaryImageOfPage":{"@id":"https:\/\/beebipood.ee\/ru\/produkt\/funnest-lastevoodi-kolme-rullpadjaga-90x200-varvivalik\/#primaryimage"},"image":{"@id":"https:\/\/beebipood.ee\/ru\/produkt\/funnest-lastevoodi-kolme-rullpadjaga-90x200-varvivalik\/#primaryimage"},"thumbnailUrl":"https:\/\/beebipood.ee\/wp-content\/uploads\/2014\/02\/FunNest-lastevoodi-kolme-rullpadjaga-80x160-varvivalik-Laste-ja-noortevoodid-90cm-laiused_3-789.jpg","datePublished":"2025-05-04T16:07:21+00:00","dateModified":"2025-05-04T16:12:30+00:00","description":"FunNest lastevoodi kolme rullpadjaga 80x160, v\u00e4rvivalik, FUNNEST lastevoodi The Couch Without Ouch on turvaline,pehme, kauni disain","breadcrumb":{"@id":"https:\/\/beebipood.ee\/ru\/produkt\/funnest-lastevoodi-kolme-rullpadjaga-90x200-varvivalik\/#breadcrumb"},"inLanguage":"ru-RU","potentialAction":[{"@type":"ReadAction","target":["https:\/\/beebipood.ee\/ru\/produkt\/funnest-lastevoodi-kolme-rullpadjaga-90x200-varvivalik\/"]}]},{"@type":"ImageObject","inLanguage":"ru-RU","@id":"https:\/\/beebipood.ee\/ru\/produkt\/funnest-lastevoodi-kolme-rullpadjaga-90x200-varvivalik\/#primaryimage","url":"https:\/\/beebipood.ee\/wp-content\/uploads\/2014\/02\/FunNest-lastevoodi-kolme-rullpadjaga-80x160-varvivalik-Laste-ja-noortevoodid-90cm-laiused_3-789.jpg","contentUrl":"https:\/\/beebipood.ee\/wp-content\/uploads\/2014\/02\/FunNest-lastevoodi-kolme-rullpadjaga-80x160-varvivalik-Laste-ja-noortevoodid-90cm-laiused_3-789.jpg","width":2560,"height":1707},{"@type":"BreadcrumbList","@id":"https:\/\/beebipood.ee\/ru\/produkt\/funnest-lastevoodi-kolme-rullpadjaga-90x200-varvivalik\/#breadcrumb","itemListElement":[{"@type":"ListItem","position":1,"name":"Home","item":"https:\/\/beebipood.ee\/ru\/"},{"@type":"ListItem","position":2,"name":"\u041a\u0430\u0442\u0430\u043b\u043e\u0433 \u0442\u043e\u0432\u0430\u0440\u043e\u0432","item":"https:\/\/beebipood.ee\/tooted\/"},{"@type":"ListItem","position":3,"name":"FunNest lastevoodi kolme rullpadjaga 90\u00d7200, v\u00e4rvivalik"}]},{"@type":"WebSite","@id":"https:\/\/beebipood.ee\/ru\/#website","url":"https:\/\/beebipood.ee\/ru\/","name":"Beebipood","description":"Lastekaubad, beebikaubad, m\u00e4nguasjad","publisher":{"@id":"https:\/\/beebipood.ee\/ru\/#organization"},"potentialAction":[{"@type":"SearchAction","target":{"@type":"EntryPoint","urlTemplate":"https:\/\/beebipood.ee\/ru\/?s={search_term_string}"},"query-input":{"@type":"PropertyValueSpecification","valueRequired":true,"valueName":"search_term_string"}}],"inLanguage":"ru-RU"},{"@type":"Organization","@id":"https:\/\/beebipood.ee\/ru\/#organization","name":"Beebipood","url":"https:\/\/beebipood.ee\/ru\/","logo":{"@type":"ImageObject","inLanguage":"ru-RU","@id":"https:\/\/beebipood.ee\/ru\/#\/schema\/logo\/image\/","url":"https:\/\/beebipood.ee\/wp-content\/uploads\/2025\/03\/beebipood.ee-logo-1.svg","contentUrl":"https:\/\/beebipood.ee\/wp-content\/uploads\/2025\/03\/beebipood.ee-logo-1.svg","caption":"Beebipood"},"image":{"@id":"https:\/\/beebipood.ee\/ru\/#\/schema\/logo\/image\/"}}]}},"brands":[],"_links":{"self":[{"href":"https:\/\/beebipood.ee\/ru\/wp-json\/wp\/v2\/product\/504552","targetHints":{"allow":["GET"]}}],"collection":[{"href":"https:\/\/beebipood.ee\/ru\/wp-json\/wp\/v2\/product"}],"about":[{"href":"https:\/\/beebipood.ee\/ru\/wp-json\/wp\/v2\/types\/product"}],"wp:featuredmedia":[{"embeddable":true,"href":"https:\/\/beebipood.ee\/ru\/wp-json\/wp\/v2\/media\/105691"}],"wp:attachment":[{"href":"https:\/\/beebipood.ee\/ru\/wp-json\/wp\/v2\/media?parent=504552"}],"wp:term":[{"taxonomy":"pwb-brand","embeddable":true,"href":"https:\/\/beebipood.ee\/ru\/wp-json\/wp\/v2\/pwb-brand?post=504552"},{"taxonomy":"product_brand","embeddable":true,"href":"https:\/\/beebipood.ee\/ru\/wp-json\/wp\/v2\/product_brand?post=504552"},{"taxonomy":"product_cat","embeddable":true,"href":"https:\/\/beebipood.ee\/ru\/wp-json\/wp\/v2\/product_cat?post=504552"},{"taxonomy":"product_tag","embeddable":true,"href":"https:\/\/beebipood.ee\/ru\/wp-json\/wp\/v2\/product_tag?post=504552"}],"curies":[{"name":"wp","href":"https:\/\/api.w.org\/{rel}","templated":true}]}}