{"id":504726,"date":"2025-05-20T13:44:23","date_gmt":"2025-05-20T10:44:23","guid":{"rendered":"https:\/\/beebipood.ee\/?post_type=product&#038;p=504726"},"modified":"2025-05-20T13:48:35","modified_gmt":"2025-05-20T10:48:35","slug":"laste-ja-beebitoakomplekt-bartek-pook","status":"publish","type":"product","link":"https:\/\/beebipood.ee\/ru\/produkt\/laste-ja-beebitoakomplekt-bartek-pook\/","title":{"rendered":"Laste &#8212; ja beebitoakomplekt Bartek, p\u00f6\u00f6k"},"content":{"rendered":"<p>* multifunktsionaalne laste voodi<br \/>\n* komplektis on \u00fchendatud beebivoodi, m\u00e4hkimisalus ja panipaigad<br \/>\n* beebivoodil on kaks magamistasandit<br \/>\n* v\u00f5imalik k\u00fclje pulkasid \u00e4ra v\u00f5tta (2 tk.keskelt)<br \/>\n* v\u00f5imalik \u00fcmber monteerida lastevoodiks ja kummutiks<br \/>\n* voodisse sobib kaheosaline madrats m\u00f5\u00f5tudega 172&#215;80<br \/>\n* pikem p\u00f5himadrats beebivoodile m\u00f5\u00f5duga 120*80cm<br \/>\n* l\u00fchem lisamadrats m\u00f5\u00f5duga 52*80cm<br \/>\n* madrats ei ole hinna sees<br \/>\n* sobib lastele vanuses 0-10 aastat<br \/>\n* valmitatud kvaliteetsest m\u00f6\u00f6bliplaadist, MDF\u00b4st ja m\u00e4nnipuidust<br \/>\n* toode on kaetud kvaliteetsete lakkide ja peitsidega, mis vastavad standarditele ja ohutusn\u00f5uetele<br \/>\n* toode vastab k\u00f5ikidele EN turvastandarditele<br \/>\n* Voodi m\u00f5\u00f5dud: k\u00f5rgus 60 cm, laius 87 cm, pikkus 175 cm<br \/>\n* Kummuti m\u00f5\u00f5dud:\u00a0k\u00f5rgus 68 cm, laius 87 cm, s\u00fcgavus 52 cm<\/p>\n","protected":false},"excerpt":{"rendered":"<p>* multifunktsionaalne laste voodi * komplektis on \u00fchendatud beebivoodi, m\u00e4hkimisalus ja panipaigad * beebivoodil on kaks magamistasandit * v\u00f5imalik k\u00fclje pulkasid \u00e4ra v\u00f5tta (2 tk.keskelt) * v\u00f5imalik \u00fcmber monteerida lastevoodiks ja kummutiks * voodisse sobib kaheosaline madrats m\u00f5\u00f5tudega 172&#215;80 * pikem p\u00f5himadrats beebivoodile m\u00f5\u00f5duga 120*80cm * l\u00fchem lisamadrats m\u00f5\u00f5duga 52*80cm * madrats ei ole hinna [&hellip;]<\/p>\n","protected":false},"featured_media":504728,"template":"","meta":{"_acf_changed":false},"pwb-brand":[11946],"product_brand":[],"product_cat":[11567,11747,11589,11553,11561,11789],"product_tag":[],"class_list":{"0":"post-504726","1":"product","2":"type-product","3":"status-publish","4":"has-post-thumbnail","6":"pwb-brand-klups-ru","7":"product_cat-vorevoodid-ru","8":"product_cat-madratsile-70x140-ru","9":"product_cat-80cm-laiused-ru","10":"product_cat-beebivoodid-reisivoodid-hallid-ru","11":"product_cat-tubade-komplektid-ru","12":"product_cat-lastemoobel-ja-sisustus-ru","13":"pa_manufacturer-klups-ru","15":"first","16":"onbackorder","17":"sale","18":"taxable","19":"shipping-taxable","20":"purchasable","21":"product-type-simple"},"exclude_global_add_ons":[],"addons":[],"acf":[],"yoast_head":"<!-- This site is optimized with the Yoast SEO plugin v27.1.1 - https:\/\/yoast.com\/product\/yoast-seo-wordpress\/ -->\n<title>Laste - ja beebitoakomplekt Bartek (valge), \u0414\u0435\u0442\u0441\u043a\u0438e \u043a\u0440\u043e\u0432\u0430\u0442\u043a\u0438, \u043f\u0435\u0440\u0435\u043d\u043e\u0441\u043d\u044b\u0435 \u043a\u0440\u043e\u0432\u0430\u0442\u043a\u0438, \u043b\u044e\u043b\u044c\u043a\u0438, \u041a\u043e\u043c\u043f\u043b\u0435\u043a\u0442\u044b \u0434\u043b\u044f \u043a\u043e\u043c\u043d\u0430\u0442, \u0414\u0435\u0442\u0441\u043a\u0438e \u043a\u0440\u043e\u0432\u0430\u0442\u043a\u0438, \u043c\u0430\u0442\u0440\u0430\u0441 70x140, M\u0435\u0431\u0435\u043b\u044c, Beebipood<\/title>\n<meta name=\"description\" content=\"Laste - ja beebitoakomplekt Bartek (valge), * multifunktsionaalne laste voodi* komplektis on \u00fchendatud beebivoodi, m\u00e4hkimi\" \/>\n<meta name=\"robots\" content=\"index, follow, max-snippet:-1, max-image-preview:large, max-video-preview:-1\" \/>\n<link rel=\"canonical\" href=\"https:\/\/beebipood.ee\/ru\/produkt\/laste-ja-beebitoakomplekt-bartek-pook\/\" \/>\n<meta property=\"og:locale\" content=\"ru_RU\" \/>\n<meta property=\"og:type\" content=\"article\" \/>\n<meta property=\"og:title\" content=\"Laste - ja beebitoakomplekt Bartek (valge), \u0414\u0435\u0442\u0441\u043a\u0438e \u043a\u0440\u043e\u0432\u0430\u0442\u043a\u0438, \u043f\u0435\u0440\u0435\u043d\u043e\u0441\u043d\u044b\u0435 \u043a\u0440\u043e\u0432\u0430\u0442\u043a\u0438, \u043b\u044e\u043b\u044c\u043a\u0438, \u041a\u043e\u043c\u043f\u043b\u0435\u043a\u0442\u044b \u0434\u043b\u044f \u043a\u043e\u043c\u043d\u0430\u0442, \u0414\u0435\u0442\u0441\u043a\u0438e \u043a\u0440\u043e\u0432\u0430\u0442\u043a\u0438, \u043c\u0430\u0442\u0440\u0430\u0441 70x140, M\u0435\u0431\u0435\u043b\u044c, Beebipood\" \/>\n<meta property=\"og:description\" content=\"Laste - ja beebitoakomplekt Bartek (valge), * multifunktsionaalne laste voodi* komplektis on \u00fchendatud beebivoodi, m\u00e4hkimi\" \/>\n<meta property=\"og:url\" content=\"https:\/\/beebipood.ee\/ru\/produkt\/laste-ja-beebitoakomplekt-bartek-pook\/\" \/>\n<meta property=\"og:site_name\" content=\"Beebipood\" \/>\n<meta property=\"article:modified_time\" content=\"2025-05-20T10:48:35+00:00\" \/>\n<meta property=\"og:image\" content=\"https:\/\/beebipood.ee\/wp-content\/uploads\/2025\/05\/laste-ja-beebitoakomplekt-bartek-buk1.jpg\" \/>\n\t<meta property=\"og:image:width\" content=\"2560\" \/>\n\t<meta property=\"og:image:height\" content=\"1703\" \/>\n\t<meta property=\"og:image:type\" content=\"image\/jpeg\" \/>\n<meta name=\"twitter:card\" content=\"summary_large_image\" \/>\n<meta name=\"twitter:label1\" content=\"\u041f\u0440\u0438\u043c\u0435\u0440\u043d\u043e\u0435 \u0432\u0440\u0435\u043c\u044f \u0434\u043b\u044f \u0447\u0442\u0435\u043d\u0438\u044f\" \/>\n\t<meta name=\"twitter:data1\" content=\"1 \u043c\u0438\u043d\u0443\u0442\u0430\" \/>\n<script type=\"application\/ld+json\" class=\"yoast-schema-graph\">{\"@context\":\"https:\/\/schema.org\",\"@graph\":[{\"@type\":\"WebPage\",\"@id\":\"https:\/\/beebipood.ee\/ru\/produkt\/laste-ja-beebitoakomplekt-bartek-pook\/\",\"url\":\"https:\/\/beebipood.ee\/ru\/produkt\/laste-ja-beebitoakomplekt-bartek-pook\/\",\"name\":\"Laste - ja beebitoakomplekt Bartek (valge), \u0414\u0435\u0442\u0441\u043a\u0438e \u043a\u0440\u043e\u0432\u0430\u0442\u043a\u0438, \u043f\u0435\u0440\u0435\u043d\u043e\u0441\u043d\u044b\u0435 \u043a\u0440\u043e\u0432\u0430\u0442\u043a\u0438, \u043b\u044e\u043b\u044c\u043a\u0438, \u041a\u043e\u043c\u043f\u043b\u0435\u043a\u0442\u044b \u0434\u043b\u044f \u043a\u043e\u043c\u043d\u0430\u0442, \u0414\u0435\u0442\u0441\u043a\u0438e \u043a\u0440\u043e\u0432\u0430\u0442\u043a\u0438, \u043c\u0430\u0442\u0440\u0430\u0441 70x140, M\u0435\u0431\u0435\u043b\u044c, Beebipood\",\"isPartOf\":{\"@id\":\"https:\/\/beebipood.ee\/ru\/#website\"},\"primaryImageOfPage\":{\"@id\":\"https:\/\/beebipood.ee\/ru\/produkt\/laste-ja-beebitoakomplekt-bartek-pook\/#primaryimage\"},\"image\":{\"@id\":\"https:\/\/beebipood.ee\/ru\/produkt\/laste-ja-beebitoakomplekt-bartek-pook\/#primaryimage\"},\"thumbnailUrl\":\"https:\/\/beebipood.ee\/wp-content\/uploads\/2025\/05\/laste-ja-beebitoakomplekt-bartek-buk1.jpg\",\"datePublished\":\"2025-05-20T10:44:23+00:00\",\"dateModified\":\"2025-05-20T10:48:35+00:00\",\"description\":\"Laste - ja beebitoakomplekt Bartek (valge), * multifunktsionaalne laste voodi* komplektis on \u00fchendatud beebivoodi, m\u00e4hkimi\",\"breadcrumb\":{\"@id\":\"https:\/\/beebipood.ee\/ru\/produkt\/laste-ja-beebitoakomplekt-bartek-pook\/#breadcrumb\"},\"inLanguage\":\"ru-RU\",\"potentialAction\":[{\"@type\":\"ReadAction\",\"target\":[\"https:\/\/beebipood.ee\/ru\/produkt\/laste-ja-beebitoakomplekt-bartek-pook\/\"]}]},{\"@type\":\"ImageObject\",\"inLanguage\":\"ru-RU\",\"@id\":\"https:\/\/beebipood.ee\/ru\/produkt\/laste-ja-beebitoakomplekt-bartek-pook\/#primaryimage\",\"url\":\"https:\/\/beebipood.ee\/wp-content\/uploads\/2025\/05\/laste-ja-beebitoakomplekt-bartek-buk1.jpg\",\"contentUrl\":\"https:\/\/beebipood.ee\/wp-content\/uploads\/2025\/05\/laste-ja-beebitoakomplekt-bartek-buk1.jpg\",\"width\":2560,\"height\":1703},{\"@type\":\"BreadcrumbList\",\"@id\":\"https:\/\/beebipood.ee\/ru\/produkt\/laste-ja-beebitoakomplekt-bartek-pook\/#breadcrumb\",\"itemListElement\":[{\"@type\":\"ListItem\",\"position\":1,\"name\":\"Home\",\"item\":\"https:\/\/beebipood.ee\/ru\/\"},{\"@type\":\"ListItem\",\"position\":2,\"name\":\"\u041a\u0430\u0442\u0430\u043b\u043e\u0433 \u0442\u043e\u0432\u0430\u0440\u043e\u0432\",\"item\":\"https:\/\/beebipood.ee\/tooted\/\"},{\"@type\":\"ListItem\",\"position\":3,\"name\":\"Laste &#8211; ja beebitoakomplekt Bartek, p\u00f6\u00f6k\"}]},{\"@type\":\"WebSite\",\"@id\":\"https:\/\/beebipood.ee\/ru\/#website\",\"url\":\"https:\/\/beebipood.ee\/ru\/\",\"name\":\"Beebipood\",\"description\":\"Lastekaubad, beebikaubad, m\u00e4nguasjad\",\"publisher\":{\"@id\":\"https:\/\/beebipood.ee\/ru\/#organization\"},\"potentialAction\":[{\"@type\":\"SearchAction\",\"target\":{\"@type\":\"EntryPoint\",\"urlTemplate\":\"https:\/\/beebipood.ee\/ru\/?s={search_term_string}\"},\"query-input\":{\"@type\":\"PropertyValueSpecification\",\"valueRequired\":true,\"valueName\":\"search_term_string\"}}],\"inLanguage\":\"ru-RU\"},{\"@type\":\"Organization\",\"@id\":\"https:\/\/beebipood.ee\/ru\/#organization\",\"name\":\"Beebipood\",\"url\":\"https:\/\/beebipood.ee\/ru\/\",\"logo\":{\"@type\":\"ImageObject\",\"inLanguage\":\"ru-RU\",\"@id\":\"https:\/\/beebipood.ee\/ru\/#\/schema\/logo\/image\/\",\"url\":\"https:\/\/beebipood.ee\/wp-content\/uploads\/2025\/03\/beebipood.ee-logo-1.svg\",\"contentUrl\":\"https:\/\/beebipood.ee\/wp-content\/uploads\/2025\/03\/beebipood.ee-logo-1.svg\",\"caption\":\"Beebipood\"},\"image\":{\"@id\":\"https:\/\/beebipood.ee\/ru\/#\/schema\/logo\/image\/\"}}]}<\/script>\n<!-- \/ Yoast SEO plugin. -->","yoast_head_json":{"title":"Laste - ja beebitoakomplekt Bartek (valge), \u0414\u0435\u0442\u0441\u043a\u0438e \u043a\u0440\u043e\u0432\u0430\u0442\u043a\u0438, \u043f\u0435\u0440\u0435\u043d\u043e\u0441\u043d\u044b\u0435 \u043a\u0440\u043e\u0432\u0430\u0442\u043a\u0438, \u043b\u044e\u043b\u044c\u043a\u0438, \u041a\u043e\u043c\u043f\u043b\u0435\u043a\u0442\u044b \u0434\u043b\u044f \u043a\u043e\u043c\u043d\u0430\u0442, \u0414\u0435\u0442\u0441\u043a\u0438e \u043a\u0440\u043e\u0432\u0430\u0442\u043a\u0438, \u043c\u0430\u0442\u0440\u0430\u0441 70x140, M\u0435\u0431\u0435\u043b\u044c, Beebipood","description":"Laste - ja beebitoakomplekt Bartek (valge), * multifunktsionaalne laste voodi* komplektis on \u00fchendatud beebivoodi, m\u00e4hkimi","robots":{"index":"index","follow":"follow","max-snippet":"max-snippet:-1","max-image-preview":"max-image-preview:large","max-video-preview":"max-video-preview:-1"},"canonical":"https:\/\/beebipood.ee\/ru\/produkt\/laste-ja-beebitoakomplekt-bartek-pook\/","og_locale":"ru_RU","og_type":"article","og_title":"Laste - ja beebitoakomplekt Bartek (valge), \u0414\u0435\u0442\u0441\u043a\u0438e \u043a\u0440\u043e\u0432\u0430\u0442\u043a\u0438, \u043f\u0435\u0440\u0435\u043d\u043e\u0441\u043d\u044b\u0435 \u043a\u0440\u043e\u0432\u0430\u0442\u043a\u0438, \u043b\u044e\u043b\u044c\u043a\u0438, \u041a\u043e\u043c\u043f\u043b\u0435\u043a\u0442\u044b \u0434\u043b\u044f \u043a\u043e\u043c\u043d\u0430\u0442, \u0414\u0435\u0442\u0441\u043a\u0438e \u043a\u0440\u043e\u0432\u0430\u0442\u043a\u0438, \u043c\u0430\u0442\u0440\u0430\u0441 70x140, M\u0435\u0431\u0435\u043b\u044c, Beebipood","og_description":"Laste - ja beebitoakomplekt Bartek (valge), * multifunktsionaalne laste voodi* komplektis on \u00fchendatud beebivoodi, m\u00e4hkimi","og_url":"https:\/\/beebipood.ee\/ru\/produkt\/laste-ja-beebitoakomplekt-bartek-pook\/","og_site_name":"Beebipood","article_modified_time":"2025-05-20T10:48:35+00:00","og_image":[{"width":2560,"height":1703,"url":"https:\/\/beebipood.ee\/wp-content\/uploads\/2025\/05\/laste-ja-beebitoakomplekt-bartek-buk1.jpg","type":"image\/jpeg"}],"twitter_card":"summary_large_image","twitter_misc":{"\u041f\u0440\u0438\u043c\u0435\u0440\u043d\u043e\u0435 \u0432\u0440\u0435\u043c\u044f \u0434\u043b\u044f \u0447\u0442\u0435\u043d\u0438\u044f":"1 \u043c\u0438\u043d\u0443\u0442\u0430"},"schema":{"@context":"https:\/\/schema.org","@graph":[{"@type":"WebPage","@id":"https:\/\/beebipood.ee\/ru\/produkt\/laste-ja-beebitoakomplekt-bartek-pook\/","url":"https:\/\/beebipood.ee\/ru\/produkt\/laste-ja-beebitoakomplekt-bartek-pook\/","name":"Laste - ja beebitoakomplekt Bartek (valge), \u0414\u0435\u0442\u0441\u043a\u0438e \u043a\u0440\u043e\u0432\u0430\u0442\u043a\u0438, \u043f\u0435\u0440\u0435\u043d\u043e\u0441\u043d\u044b\u0435 \u043a\u0440\u043e\u0432\u0430\u0442\u043a\u0438, \u043b\u044e\u043b\u044c\u043a\u0438, \u041a\u043e\u043c\u043f\u043b\u0435\u043a\u0442\u044b \u0434\u043b\u044f \u043a\u043e\u043c\u043d\u0430\u0442, \u0414\u0435\u0442\u0441\u043a\u0438e \u043a\u0440\u043e\u0432\u0430\u0442\u043a\u0438, \u043c\u0430\u0442\u0440\u0430\u0441 70x140, M\u0435\u0431\u0435\u043b\u044c, Beebipood","isPartOf":{"@id":"https:\/\/beebipood.ee\/ru\/#website"},"primaryImageOfPage":{"@id":"https:\/\/beebipood.ee\/ru\/produkt\/laste-ja-beebitoakomplekt-bartek-pook\/#primaryimage"},"image":{"@id":"https:\/\/beebipood.ee\/ru\/produkt\/laste-ja-beebitoakomplekt-bartek-pook\/#primaryimage"},"thumbnailUrl":"https:\/\/beebipood.ee\/wp-content\/uploads\/2025\/05\/laste-ja-beebitoakomplekt-bartek-buk1.jpg","datePublished":"2025-05-20T10:44:23+00:00","dateModified":"2025-05-20T10:48:35+00:00","description":"Laste - ja beebitoakomplekt Bartek (valge), * multifunktsionaalne laste voodi* komplektis on \u00fchendatud beebivoodi, m\u00e4hkimi","breadcrumb":{"@id":"https:\/\/beebipood.ee\/ru\/produkt\/laste-ja-beebitoakomplekt-bartek-pook\/#breadcrumb"},"inLanguage":"ru-RU","potentialAction":[{"@type":"ReadAction","target":["https:\/\/beebipood.ee\/ru\/produkt\/laste-ja-beebitoakomplekt-bartek-pook\/"]}]},{"@type":"ImageObject","inLanguage":"ru-RU","@id":"https:\/\/beebipood.ee\/ru\/produkt\/laste-ja-beebitoakomplekt-bartek-pook\/#primaryimage","url":"https:\/\/beebipood.ee\/wp-content\/uploads\/2025\/05\/laste-ja-beebitoakomplekt-bartek-buk1.jpg","contentUrl":"https:\/\/beebipood.ee\/wp-content\/uploads\/2025\/05\/laste-ja-beebitoakomplekt-bartek-buk1.jpg","width":2560,"height":1703},{"@type":"BreadcrumbList","@id":"https:\/\/beebipood.ee\/ru\/produkt\/laste-ja-beebitoakomplekt-bartek-pook\/#breadcrumb","itemListElement":[{"@type":"ListItem","position":1,"name":"Home","item":"https:\/\/beebipood.ee\/ru\/"},{"@type":"ListItem","position":2,"name":"\u041a\u0430\u0442\u0430\u043b\u043e\u0433 \u0442\u043e\u0432\u0430\u0440\u043e\u0432","item":"https:\/\/beebipood.ee\/tooted\/"},{"@type":"ListItem","position":3,"name":"Laste &#8211; ja beebitoakomplekt Bartek, p\u00f6\u00f6k"}]},{"@type":"WebSite","@id":"https:\/\/beebipood.ee\/ru\/#website","url":"https:\/\/beebipood.ee\/ru\/","name":"Beebipood","description":"Lastekaubad, beebikaubad, m\u00e4nguasjad","publisher":{"@id":"https:\/\/beebipood.ee\/ru\/#organization"},"potentialAction":[{"@type":"SearchAction","target":{"@type":"EntryPoint","urlTemplate":"https:\/\/beebipood.ee\/ru\/?s={search_term_string}"},"query-input":{"@type":"PropertyValueSpecification","valueRequired":true,"valueName":"search_term_string"}}],"inLanguage":"ru-RU"},{"@type":"Organization","@id":"https:\/\/beebipood.ee\/ru\/#organization","name":"Beebipood","url":"https:\/\/beebipood.ee\/ru\/","logo":{"@type":"ImageObject","inLanguage":"ru-RU","@id":"https:\/\/beebipood.ee\/ru\/#\/schema\/logo\/image\/","url":"https:\/\/beebipood.ee\/wp-content\/uploads\/2025\/03\/beebipood.ee-logo-1.svg","contentUrl":"https:\/\/beebipood.ee\/wp-content\/uploads\/2025\/03\/beebipood.ee-logo-1.svg","caption":"Beebipood"},"image":{"@id":"https:\/\/beebipood.ee\/ru\/#\/schema\/logo\/image\/"}}]}},"brands":[{"id":11946,"name":"Klups","slug":"klups-ru"}],"_links":{"self":[{"href":"https:\/\/beebipood.ee\/ru\/wp-json\/wp\/v2\/product\/504726","targetHints":{"allow":["GET"]}}],"collection":[{"href":"https:\/\/beebipood.ee\/ru\/wp-json\/wp\/v2\/product"}],"about":[{"href":"https:\/\/beebipood.ee\/ru\/wp-json\/wp\/v2\/types\/product"}],"wp:featuredmedia":[{"embeddable":true,"href":"https:\/\/beebipood.ee\/ru\/wp-json\/wp\/v2\/media\/504728"}],"wp:attachment":[{"href":"https:\/\/beebipood.ee\/ru\/wp-json\/wp\/v2\/media?parent=504726"}],"wp:term":[{"taxonomy":"pwb-brand","embeddable":true,"href":"https:\/\/beebipood.ee\/ru\/wp-json\/wp\/v2\/pwb-brand?post=504726"},{"taxonomy":"product_brand","embeddable":true,"href":"https:\/\/beebipood.ee\/ru\/wp-json\/wp\/v2\/product_brand?post=504726"},{"taxonomy":"product_cat","embeddable":true,"href":"https:\/\/beebipood.ee\/ru\/wp-json\/wp\/v2\/product_cat?post=504726"},{"taxonomy":"product_tag","embeddable":true,"href":"https:\/\/beebipood.ee\/ru\/wp-json\/wp\/v2\/product_tag?post=504726"}],"curies":[{"name":"wp","href":"https:\/\/api.w.org\/{rel}","templated":true}]}}