{"id":504893,"date":"2025-05-27T12:04:19","date_gmt":"2025-05-27T09:04:19","guid":{"rendered":"https:\/\/beebipood.ee\/?post_type=product&#038;p=504893"},"modified":"2026-02-21T15:51:22","modified_gmt":"2026-02-21T13:51:22","slug":"thule-urban-glide-4-wheel-jalutuskaru-tinted-taupe","status":"publish","type":"product","link":"https:\/\/beebipood.ee\/ru\/produkt\/thule-urban-glide-4-wheel-jalutuskaru-tinted-taupe\/","title":{"rendered":"Thule Urban Glide 4-wheel jalutusk\u00e4ru, Tinted Taupe (2025)"},"content":{"rendered":"<h2 data-start=\"224\" data-end=\"311\">Thule Urban Glide 4-Wheel (2025) \u2013 mugav ja mitmek\u00fclgne jalutusk\u00e4ru igale maastikule<\/h2>\n<p data-start=\"313\" data-end=\"645\">4-rattaline <strong data-start=\"325\" data-end=\"346\">Thule Urban Glide<\/strong> on linnas\u00f5bralik, kuid samal ajal t\u00f5eline universaalk\u00e4ru, mis sobib suurep\u00e4raselt nii vasts\u00fcndinutele kui ka v\u00e4ikelastele. See t\u00e4issuuruses jalutusk\u00e4ru \u00fchendab sujuva s\u00f5idumugavuse, nutika funktsionaalsuse ja suurep\u00e4rase man\u00f6\u00f6verdusv\u00f5ime, et muuta igap\u00e4evased jalutusk\u00e4igud lihtsaks ja nauditavaks.<\/p>\n<p data-start=\"647\" data-end=\"756\">Olgu teie teekond linnat\u00e4navatel, parkides v\u00f5i metsaradadel \u2014 Urban Glide liigub kergelt ja kindlalt k\u00f5ikjal.<\/p>\n<hr data-start=\"758\" data-end=\"761\" \/>\n<h2 data-start=\"763\" data-end=\"824\">2025 kollektsiooni uuendus \u2013 magnetkinnitusega turvarihmad<\/h2>\n<p data-start=\"826\" data-end=\"1094\">Uue p\u00f5lvkonna <strong data-start=\"840\" data-end=\"895\">5-punktiline magnetkinnitusega turvarihmade s\u00fcsteem<\/strong> muudab lapse k\u00e4russe kinnitamise kiiremaks ja mugavamaks kui kunagi varem. Magnetpannal aitab rihmad automaatselt \u00f5igesse asendisse suunata, tagades turvalise kinnituse ka siis, kui laps on k\u00e4rsitu.<\/p>\n<hr data-start=\"1096\" data-end=\"1099\" \/>\n<h2 data-start=\"1101\" data-end=\"1133\">Sujuv s\u00f5it linnas ja looduses<\/h2>\n<ul data-start=\"1135\" data-end=\"1493\">\n<li data-start=\"1135\" data-end=\"1223\">\n<p data-start=\"1137\" data-end=\"1223\">\u00d5huga t\u00e4idetud rehvid ja tipptasemel vedrustus tagavad pehme liikumise igal pinnasel<\/p>\n<\/li>\n<li data-start=\"1224\" data-end=\"1338\">\n<p data-start=\"1226\" data-end=\"1338\">P\u00f6\u00f6ratav esiratas v\u00f5imaldab lihtsat man\u00f6\u00f6verdamist kitsastes kohtades ning on suurema kiiruse jaoks lukustatav<\/p>\n<\/li>\n<li data-start=\"1339\" data-end=\"1398\">\n<p data-start=\"1341\" data-end=\"1398\">Suured tagarattad aitavad l\u00e4bida ka ebatasast maastikku<\/p>\n<\/li>\n<li data-start=\"1399\" data-end=\"1493\">\n<p data-start=\"1401\" data-end=\"1493\">P\u00f6\u00f6ratav k\u00e4sipidur v\u00f5imaldab sujuvalt kiirust kontrollida nii asfaldil kui ka m\u00e4gisemal teel<\/p>\n<\/li>\n<\/ul>\n<hr data-start=\"1495\" data-end=\"1498\" \/>\n<h2 data-start=\"1500\" data-end=\"1534\">Mugav igap\u00e4evaseks kasutamiseks<\/h2>\n<ul data-start=\"1536\" data-end=\"1836\">\n<li data-start=\"1536\" data-end=\"1609\">\n<p data-start=\"1538\" data-end=\"1609\">Kompaktne <strong data-start=\"1548\" data-end=\"1572\">\u00fche k\u00e4ega kokkupanek<\/strong>, k\u00e4ru p\u00fcsib kokkupandult ise p\u00fcsti<\/p>\n<\/li>\n<li data-start=\"1610\" data-end=\"1670\">\n<p data-start=\"1612\" data-end=\"1670\">Ergonoomiline reguleeritav juhtraud mugavaks l\u00fckkamiseks<\/p>\n<\/li>\n<li data-start=\"1671\" data-end=\"1759\">\n<p data-start=\"1673\" data-end=\"1759\">Suur t\u00f5mblukuga pagasikorv (kuni 10 kg) ning lisataskud k\u00f5igi vajalike esemete jaoks<\/p>\n<\/li>\n<li data-start=\"1760\" data-end=\"1836\">\n<p data-start=\"1762\" data-end=\"1836\">Ideaalne nii igap\u00e4evasteks toimetusteks kui ka pikemateks jalutusk\u00e4ikudeks<\/p>\n<\/li>\n<\/ul>\n<hr data-start=\"1838\" data-end=\"1841\" \/>\n<h2 data-start=\"1843\" data-end=\"1873\">Maksimaalne mugavus lapsele<\/h2>\n<ul data-start=\"1875\" data-end=\"2122\">\n<li data-start=\"1875\" data-end=\"1933\">\n<p data-start=\"1877\" data-end=\"1933\">Reguleeritava seljatoe ja sisseehitatud jalatoega iste<\/p>\n<\/li>\n<li data-start=\"1934\" data-end=\"1993\">\n<p data-start=\"1936\" data-end=\"1993\">Suur t\u00e4ieliku katvusega varikatus ventilatsiooniavadega<\/p>\n<\/li>\n<li data-start=\"1994\" data-end=\"2049\">\n<p data-start=\"1996\" data-end=\"2049\">Piiluaken v\u00f5imaldab last j\u00e4lgida ilma und h\u00e4irimata<\/p>\n<\/li>\n<li data-start=\"2050\" data-end=\"2122\">\n<p data-start=\"2052\" data-end=\"2122\">Pehme ja turvaline iste koos 5-punkti magnetkinnitusega turvarihmadega<\/p>\n<\/li>\n<\/ul>\n<hr data-start=\"2124\" data-end=\"2127\" \/>\n<h2 data-start=\"2129\" data-end=\"2161\">Turvalisus igal jalutusk\u00e4igul<\/h2>\n<ul data-start=\"2163\" data-end=\"2382\">\n<li data-start=\"2163\" data-end=\"2233\">\n<p data-start=\"2165\" data-end=\"2233\">Helkurdetailid varikatusel ja ratastel parema n\u00e4htavuse tagamiseks<\/p>\n<\/li>\n<li data-start=\"2234\" data-end=\"2313\">\n<p data-start=\"2236\" data-end=\"2313\">Stabiilne konstruktsioon ja suurep\u00e4rane juhitavus ka rahvarohketes kohtades<\/p>\n<\/li>\n<li data-start=\"2314\" data-end=\"2382\">\n<p data-start=\"2316\" data-end=\"2382\">Loodud aktiivsele perele, kes liigub palju ja erinevatel maastikel<\/p>\n<\/li>\n<\/ul>\n<hr data-start=\"2384\" data-end=\"2387\" \/>\n<h2 data-start=\"2389\" data-end=\"2409\">Tehnilised andmed<\/h2>\n<ul data-start=\"2411\" data-end=\"2699\">\n<li data-start=\"2411\" data-end=\"2460\">\n<p data-start=\"2413\" data-end=\"2460\">Jalutusk\u00e4ru maksimaalne kandev\u00f5ime: <strong data-start=\"2449\" data-end=\"2458\">34 kg<\/strong><\/p>\n<\/li>\n<li data-start=\"2461\" data-end=\"2498\">\n<p data-start=\"2463\" data-end=\"2498\">Lapse maksimaalne kaal: <strong data-start=\"2487\" data-end=\"2496\">22 kg<\/strong><\/p>\n<\/li>\n<li data-start=\"2499\" data-end=\"2536\">\n<p data-start=\"2501\" data-end=\"2536\">Pagasikorvi kandev\u00f5ime: <strong data-start=\"2525\" data-end=\"2534\">10 kg<\/strong><\/p>\n<\/li>\n<li data-start=\"2537\" data-end=\"2561\">\n<p data-start=\"2539\" data-end=\"2561\">K\u00e4ru kaal: <strong data-start=\"2550\" data-end=\"2559\">13 kg<\/strong><\/p>\n<\/li>\n<li data-start=\"2562\" data-end=\"2603\">\n<p data-start=\"2564\" data-end=\"2603\">M\u00f5\u00f5dud avatult: <strong data-start=\"2580\" data-end=\"2601\">110 \u00d7 69 \u00d7 114 cm<\/strong><\/p>\n<\/li>\n<li data-start=\"2604\" data-end=\"2648\">\n<p data-start=\"2606\" data-end=\"2648\">M\u00f5\u00f5dud kokkupandult: <strong data-start=\"2627\" data-end=\"2646\">88 \u00d7 58 \u00d7 28 cm<\/strong><\/p>\n<\/li>\n<li data-start=\"2649\" data-end=\"2675\">\n<p data-start=\"2651\" data-end=\"2675\">Istmek\u00f5rgus: <strong data-start=\"2664\" data-end=\"2673\">51 cm<\/strong><\/p>\n<\/li>\n<li data-start=\"2676\" data-end=\"2699\">\n<p data-start=\"2678\" data-end=\"2699\">K\u00e4ru laius: <strong data-start=\"2690\" data-end=\"2699\">69 cm<\/strong><\/p>\n<\/li>\n<\/ul>\n","protected":false},"excerpt":{"rendered":"<p>Thule Urban Glide 4-Wheel (2025) \u2013 mugav ja mitmek\u00fclgne jalutusk\u00e4ru igale maastikule 4-rattaline Thule Urban Glide on linnas\u00f5bralik, kuid samal ajal t\u00f5eline universaalk\u00e4ru, mis sobib suurep\u00e4raselt nii vasts\u00fcndinutele kui ka v\u00e4ikelastele. See t\u00e4issuuruses jalutusk\u00e4ru \u00fchendab sujuva s\u00f5idumugavuse, nutika funktsionaalsuse ja suurep\u00e4rase man\u00f6\u00f6verdusv\u00f5ime, et muuta igap\u00e4evased jalutusk\u00e4igud lihtsaks ja nauditavaks. Olgu teie teekond linnat\u00e4navatel, parkides v\u00f5i [&hellip;]<\/p>\n","protected":false},"featured_media":504895,"template":"","meta":{"_acf_changed":false},"pwb-brand":[11980],"product_brand":[],"product_cat":[11573,11847,11851,11721,11717],"product_tag":[],"class_list":{"0":"post-504893","1":"product","2":"type-product","3":"status-publish","4":"has-post-thumbnail","6":"pwb-brand-thule-ru","7":"product_cat-sooduspakkumised-ru","8":"product_cat-thule-ru","9":"product_cat-thule-urban-glide-4-wheel-ru","10":"product_cat-jalutuskarud-ru","11":"product_cat-lastevankrid-ja-karud-ru","12":"pa_manufacturer-thule-ru","14":"first","15":"onbackorder","16":"sale","17":"taxable","18":"shipping-taxable","19":"purchasable","20":"product-type-simple"},"exclude_global_add_ons":[],"addons":[],"acf":[],"yoast_head":"<!-- This site is optimized with the Yoast SEO plugin v27.1.1 - https:\/\/yoast.com\/product\/yoast-seo-wordpress\/ -->\n<title>Thule Urban Glide 4-wheel jalutusk\u00e4ru, Mid Blue, \u0421\u041a\u0418\u0414\u041a\u0418, \u041a\u043e\u043b\u044f\u0441\u043a\u0438, \u041f\u0440\u043e\u0433\u0443\u043b\u043e\u0447\u043d\u044b\u0435 \u043a\u043e\u043b\u044f\u0441\u043a\u0438, THULE, Thule Urban Glide 4-wheel, Beebipood<\/title>\n<meta name=\"description\" content=\"Thule Urban Glide 4-wheel jalutusk\u00e4ru, Mid Blue, 4-rattaline Thule Urban Glide on linnas\u00f5bralik igale maastikule sobilik jalutusk\u00e4ru,&lt;\/spa\" \/>\n<meta name=\"robots\" content=\"index, follow, max-snippet:-1, max-image-preview:large, max-video-preview:-1\" \/>\n<link rel=\"canonical\" href=\"https:\/\/beebipood.ee\/ru\/produkt\/thule-urban-glide-4-wheel-jalutuskaru-tinted-taupe\/\" \/>\n<meta property=\"og:locale\" content=\"ru_RU\" \/>\n<meta property=\"og:type\" content=\"article\" \/>\n<meta property=\"og:title\" content=\"Thule Urban Glide 4-wheel jalutusk\u00e4ru, Mid Blue, \u0421\u041a\u0418\u0414\u041a\u0418, \u041a\u043e\u043b\u044f\u0441\u043a\u0438, \u041f\u0440\u043e\u0433\u0443\u043b\u043e\u0447\u043d\u044b\u0435 \u043a\u043e\u043b\u044f\u0441\u043a\u0438, THULE, Thule Urban Glide 4-wheel, Beebipood\" \/>\n<meta property=\"og:description\" content=\"Thule Urban Glide 4-wheel jalutusk\u00e4ru, Mid Blue, 4-rattaline Thule Urban Glide on linnas\u00f5bralik igale maastikule sobilik jalutusk\u00e4ru,&lt;\/spa\" \/>\n<meta property=\"og:url\" content=\"https:\/\/beebipood.ee\/ru\/produkt\/thule-urban-glide-4-wheel-jalutuskaru-tinted-taupe\/\" \/>\n<meta property=\"og:site_name\" content=\"Beebipood\" \/>\n<meta property=\"article:modified_time\" content=\"2026-02-21T13:51:22+00:00\" \/>\n<meta property=\"og:image\" content=\"https:\/\/beebipood.ee\/wp-content\/uploads\/2025\/05\/urban-glide-4-wheel-tinted-taupe.jpg\" \/>\n\t<meta property=\"og:image:width\" content=\"1000\" \/>\n\t<meta property=\"og:image:height\" content=\"1165\" \/>\n\t<meta property=\"og:image:type\" content=\"image\/jpeg\" \/>\n<meta name=\"twitter:card\" content=\"summary_large_image\" \/>\n<meta name=\"twitter:label1\" content=\"\u041f\u0440\u0438\u043c\u0435\u0440\u043d\u043e\u0435 \u0432\u0440\u0435\u043c\u044f \u0434\u043b\u044f \u0447\u0442\u0435\u043d\u0438\u044f\" \/>\n\t<meta name=\"twitter:data1\" content=\"2 \u043c\u0438\u043d\u0443\u0442\u044b\" \/>\n<script type=\"application\/ld+json\" class=\"yoast-schema-graph\">{\"@context\":\"https:\/\/schema.org\",\"@graph\":[{\"@type\":\"WebPage\",\"@id\":\"https:\/\/beebipood.ee\/ru\/produkt\/thule-urban-glide-4-wheel-jalutuskaru-tinted-taupe\/\",\"url\":\"https:\/\/beebipood.ee\/ru\/produkt\/thule-urban-glide-4-wheel-jalutuskaru-tinted-taupe\/\",\"name\":\"Thule Urban Glide 4-wheel jalutusk\u00e4ru, Mid Blue, \u0421\u041a\u0418\u0414\u041a\u0418, \u041a\u043e\u043b\u044f\u0441\u043a\u0438, \u041f\u0440\u043e\u0433\u0443\u043b\u043e\u0447\u043d\u044b\u0435 \u043a\u043e\u043b\u044f\u0441\u043a\u0438, THULE, Thule Urban Glide 4-wheel, Beebipood\",\"isPartOf\":{\"@id\":\"https:\/\/beebipood.ee\/ru\/#website\"},\"primaryImageOfPage\":{\"@id\":\"https:\/\/beebipood.ee\/ru\/produkt\/thule-urban-glide-4-wheel-jalutuskaru-tinted-taupe\/#primaryimage\"},\"image\":{\"@id\":\"https:\/\/beebipood.ee\/ru\/produkt\/thule-urban-glide-4-wheel-jalutuskaru-tinted-taupe\/#primaryimage\"},\"thumbnailUrl\":\"https:\/\/beebipood.ee\/wp-content\/uploads\/2025\/05\/urban-glide-4-wheel-tinted-taupe.jpg\",\"datePublished\":\"2025-05-27T09:04:19+00:00\",\"dateModified\":\"2026-02-21T13:51:22+00:00\",\"description\":\"Thule Urban Glide 4-wheel jalutusk\u00e4ru, Mid Blue, 4-rattaline Thule Urban Glide on linnas\u00f5bralik igale maastikule sobilik jalutusk\u00e4ru,&lt;\/spa\",\"breadcrumb\":{\"@id\":\"https:\/\/beebipood.ee\/ru\/produkt\/thule-urban-glide-4-wheel-jalutuskaru-tinted-taupe\/#breadcrumb\"},\"inLanguage\":\"ru-RU\",\"potentialAction\":[{\"@type\":\"ReadAction\",\"target\":[\"https:\/\/beebipood.ee\/ru\/produkt\/thule-urban-glide-4-wheel-jalutuskaru-tinted-taupe\/\"]}]},{\"@type\":\"ImageObject\",\"inLanguage\":\"ru-RU\",\"@id\":\"https:\/\/beebipood.ee\/ru\/produkt\/thule-urban-glide-4-wheel-jalutuskaru-tinted-taupe\/#primaryimage\",\"url\":\"https:\/\/beebipood.ee\/wp-content\/uploads\/2025\/05\/urban-glide-4-wheel-tinted-taupe.jpg\",\"contentUrl\":\"https:\/\/beebipood.ee\/wp-content\/uploads\/2025\/05\/urban-glide-4-wheel-tinted-taupe.jpg\",\"width\":1000,\"height\":1165},{\"@type\":\"BreadcrumbList\",\"@id\":\"https:\/\/beebipood.ee\/ru\/produkt\/thule-urban-glide-4-wheel-jalutuskaru-tinted-taupe\/#breadcrumb\",\"itemListElement\":[{\"@type\":\"ListItem\",\"position\":1,\"name\":\"Home\",\"item\":\"https:\/\/beebipood.ee\/ru\/\"},{\"@type\":\"ListItem\",\"position\":2,\"name\":\"\u041a\u0430\u0442\u0430\u043b\u043e\u0433 \u0442\u043e\u0432\u0430\u0440\u043e\u0432\",\"item\":\"https:\/\/beebipood.ee\/tooted\/\"},{\"@type\":\"ListItem\",\"position\":3,\"name\":\"Thule Urban Glide 4-wheel jalutusk\u00e4ru, Tinted Taupe (2025)\"}]},{\"@type\":\"WebSite\",\"@id\":\"https:\/\/beebipood.ee\/ru\/#website\",\"url\":\"https:\/\/beebipood.ee\/ru\/\",\"name\":\"Beebipood\",\"description\":\"Lastekaubad, beebikaubad, m\u00e4nguasjad\",\"publisher\":{\"@id\":\"https:\/\/beebipood.ee\/ru\/#organization\"},\"potentialAction\":[{\"@type\":\"SearchAction\",\"target\":{\"@type\":\"EntryPoint\",\"urlTemplate\":\"https:\/\/beebipood.ee\/ru\/?s={search_term_string}\"},\"query-input\":{\"@type\":\"PropertyValueSpecification\",\"valueRequired\":true,\"valueName\":\"search_term_string\"}}],\"inLanguage\":\"ru-RU\"},{\"@type\":\"Organization\",\"@id\":\"https:\/\/beebipood.ee\/ru\/#organization\",\"name\":\"Beebipood\",\"url\":\"https:\/\/beebipood.ee\/ru\/\",\"logo\":{\"@type\":\"ImageObject\",\"inLanguage\":\"ru-RU\",\"@id\":\"https:\/\/beebipood.ee\/ru\/#\/schema\/logo\/image\/\",\"url\":\"https:\/\/beebipood.ee\/wp-content\/uploads\/2025\/03\/beebipood.ee-logo-1.svg\",\"contentUrl\":\"https:\/\/beebipood.ee\/wp-content\/uploads\/2025\/03\/beebipood.ee-logo-1.svg\",\"caption\":\"Beebipood\"},\"image\":{\"@id\":\"https:\/\/beebipood.ee\/ru\/#\/schema\/logo\/image\/\"}}]}<\/script>\n<!-- \/ Yoast SEO plugin. -->","yoast_head_json":{"title":"Thule Urban Glide 4-wheel jalutusk\u00e4ru, Mid Blue, \u0421\u041a\u0418\u0414\u041a\u0418, \u041a\u043e\u043b\u044f\u0441\u043a\u0438, \u041f\u0440\u043e\u0433\u0443\u043b\u043e\u0447\u043d\u044b\u0435 \u043a\u043e\u043b\u044f\u0441\u043a\u0438, THULE, Thule Urban Glide 4-wheel, Beebipood","description":"Thule Urban Glide 4-wheel jalutusk\u00e4ru, Mid Blue, 4-rattaline Thule Urban Glide on linnas\u00f5bralik igale maastikule sobilik jalutusk\u00e4ru,&lt;\/spa","robots":{"index":"index","follow":"follow","max-snippet":"max-snippet:-1","max-image-preview":"max-image-preview:large","max-video-preview":"max-video-preview:-1"},"canonical":"https:\/\/beebipood.ee\/ru\/produkt\/thule-urban-glide-4-wheel-jalutuskaru-tinted-taupe\/","og_locale":"ru_RU","og_type":"article","og_title":"Thule Urban Glide 4-wheel jalutusk\u00e4ru, Mid Blue, \u0421\u041a\u0418\u0414\u041a\u0418, \u041a\u043e\u043b\u044f\u0441\u043a\u0438, \u041f\u0440\u043e\u0433\u0443\u043b\u043e\u0447\u043d\u044b\u0435 \u043a\u043e\u043b\u044f\u0441\u043a\u0438, THULE, Thule Urban Glide 4-wheel, Beebipood","og_description":"Thule Urban Glide 4-wheel jalutusk\u00e4ru, Mid Blue, 4-rattaline Thule Urban Glide on linnas\u00f5bralik igale maastikule sobilik jalutusk\u00e4ru,&lt;\/spa","og_url":"https:\/\/beebipood.ee\/ru\/produkt\/thule-urban-glide-4-wheel-jalutuskaru-tinted-taupe\/","og_site_name":"Beebipood","article_modified_time":"2026-02-21T13:51:22+00:00","og_image":[{"width":1000,"height":1165,"url":"https:\/\/beebipood.ee\/wp-content\/uploads\/2025\/05\/urban-glide-4-wheel-tinted-taupe.jpg","type":"image\/jpeg"}],"twitter_card":"summary_large_image","twitter_misc":{"\u041f\u0440\u0438\u043c\u0435\u0440\u043d\u043e\u0435 \u0432\u0440\u0435\u043c\u044f \u0434\u043b\u044f \u0447\u0442\u0435\u043d\u0438\u044f":"2 \u043c\u0438\u043d\u0443\u0442\u044b"},"schema":{"@context":"https:\/\/schema.org","@graph":[{"@type":"WebPage","@id":"https:\/\/beebipood.ee\/ru\/produkt\/thule-urban-glide-4-wheel-jalutuskaru-tinted-taupe\/","url":"https:\/\/beebipood.ee\/ru\/produkt\/thule-urban-glide-4-wheel-jalutuskaru-tinted-taupe\/","name":"Thule Urban Glide 4-wheel jalutusk\u00e4ru, Mid Blue, \u0421\u041a\u0418\u0414\u041a\u0418, \u041a\u043e\u043b\u044f\u0441\u043a\u0438, \u041f\u0440\u043e\u0433\u0443\u043b\u043e\u0447\u043d\u044b\u0435 \u043a\u043e\u043b\u044f\u0441\u043a\u0438, THULE, Thule Urban Glide 4-wheel, Beebipood","isPartOf":{"@id":"https:\/\/beebipood.ee\/ru\/#website"},"primaryImageOfPage":{"@id":"https:\/\/beebipood.ee\/ru\/produkt\/thule-urban-glide-4-wheel-jalutuskaru-tinted-taupe\/#primaryimage"},"image":{"@id":"https:\/\/beebipood.ee\/ru\/produkt\/thule-urban-glide-4-wheel-jalutuskaru-tinted-taupe\/#primaryimage"},"thumbnailUrl":"https:\/\/beebipood.ee\/wp-content\/uploads\/2025\/05\/urban-glide-4-wheel-tinted-taupe.jpg","datePublished":"2025-05-27T09:04:19+00:00","dateModified":"2026-02-21T13:51:22+00:00","description":"Thule Urban Glide 4-wheel jalutusk\u00e4ru, Mid Blue, 4-rattaline Thule Urban Glide on linnas\u00f5bralik igale maastikule sobilik jalutusk\u00e4ru,&lt;\/spa","breadcrumb":{"@id":"https:\/\/beebipood.ee\/ru\/produkt\/thule-urban-glide-4-wheel-jalutuskaru-tinted-taupe\/#breadcrumb"},"inLanguage":"ru-RU","potentialAction":[{"@type":"ReadAction","target":["https:\/\/beebipood.ee\/ru\/produkt\/thule-urban-glide-4-wheel-jalutuskaru-tinted-taupe\/"]}]},{"@type":"ImageObject","inLanguage":"ru-RU","@id":"https:\/\/beebipood.ee\/ru\/produkt\/thule-urban-glide-4-wheel-jalutuskaru-tinted-taupe\/#primaryimage","url":"https:\/\/beebipood.ee\/wp-content\/uploads\/2025\/05\/urban-glide-4-wheel-tinted-taupe.jpg","contentUrl":"https:\/\/beebipood.ee\/wp-content\/uploads\/2025\/05\/urban-glide-4-wheel-tinted-taupe.jpg","width":1000,"height":1165},{"@type":"BreadcrumbList","@id":"https:\/\/beebipood.ee\/ru\/produkt\/thule-urban-glide-4-wheel-jalutuskaru-tinted-taupe\/#breadcrumb","itemListElement":[{"@type":"ListItem","position":1,"name":"Home","item":"https:\/\/beebipood.ee\/ru\/"},{"@type":"ListItem","position":2,"name":"\u041a\u0430\u0442\u0430\u043b\u043e\u0433 \u0442\u043e\u0432\u0430\u0440\u043e\u0432","item":"https:\/\/beebipood.ee\/tooted\/"},{"@type":"ListItem","position":3,"name":"Thule Urban Glide 4-wheel jalutusk\u00e4ru, Tinted Taupe (2025)"}]},{"@type":"WebSite","@id":"https:\/\/beebipood.ee\/ru\/#website","url":"https:\/\/beebipood.ee\/ru\/","name":"Beebipood","description":"Lastekaubad, beebikaubad, m\u00e4nguasjad","publisher":{"@id":"https:\/\/beebipood.ee\/ru\/#organization"},"potentialAction":[{"@type":"SearchAction","target":{"@type":"EntryPoint","urlTemplate":"https:\/\/beebipood.ee\/ru\/?s={search_term_string}"},"query-input":{"@type":"PropertyValueSpecification","valueRequired":true,"valueName":"search_term_string"}}],"inLanguage":"ru-RU"},{"@type":"Organization","@id":"https:\/\/beebipood.ee\/ru\/#organization","name":"Beebipood","url":"https:\/\/beebipood.ee\/ru\/","logo":{"@type":"ImageObject","inLanguage":"ru-RU","@id":"https:\/\/beebipood.ee\/ru\/#\/schema\/logo\/image\/","url":"https:\/\/beebipood.ee\/wp-content\/uploads\/2025\/03\/beebipood.ee-logo-1.svg","contentUrl":"https:\/\/beebipood.ee\/wp-content\/uploads\/2025\/03\/beebipood.ee-logo-1.svg","caption":"Beebipood"},"image":{"@id":"https:\/\/beebipood.ee\/ru\/#\/schema\/logo\/image\/"}}]}},"brands":[{"id":11980,"name":"THULE","slug":"thule-ru"}],"_links":{"self":[{"href":"https:\/\/beebipood.ee\/ru\/wp-json\/wp\/v2\/product\/504893","targetHints":{"allow":["GET"]}}],"collection":[{"href":"https:\/\/beebipood.ee\/ru\/wp-json\/wp\/v2\/product"}],"about":[{"href":"https:\/\/beebipood.ee\/ru\/wp-json\/wp\/v2\/types\/product"}],"wp:featuredmedia":[{"embeddable":true,"href":"https:\/\/beebipood.ee\/ru\/wp-json\/wp\/v2\/media\/504895"}],"wp:attachment":[{"href":"https:\/\/beebipood.ee\/ru\/wp-json\/wp\/v2\/media?parent=504893"}],"wp:term":[{"taxonomy":"pwb-brand","embeddable":true,"href":"https:\/\/beebipood.ee\/ru\/wp-json\/wp\/v2\/pwb-brand?post=504893"},{"taxonomy":"product_brand","embeddable":true,"href":"https:\/\/beebipood.ee\/ru\/wp-json\/wp\/v2\/product_brand?post=504893"},{"taxonomy":"product_cat","embeddable":true,"href":"https:\/\/beebipood.ee\/ru\/wp-json\/wp\/v2\/product_cat?post=504893"},{"taxonomy":"product_tag","embeddable":true,"href":"https:\/\/beebipood.ee\/ru\/wp-json\/wp\/v2\/product_tag?post=504893"}],"curies":[{"name":"wp","href":"https:\/\/api.w.org\/{rel}","templated":true}]}}