{"id":505626,"date":"2025-07-15T19:51:27","date_gmt":"2025-07-15T16:51:27","guid":{"rendered":"https:\/\/beebipood.ee\/?post_type=product&#038;p=505626"},"modified":"2025-07-15T19:54:55","modified_gmt":"2025-07-15T16:54:55","slug":"babymoov-nutribaby-glass-2-0-koogikombain","status":"publish","type":"product","link":"https:\/\/beebipood.ee\/ru\/produkt\/babymoov-nutribaby-glass-2-0-koogikombain\/","title":{"rendered":"Babymoov Nutribaby Glass 2.0 k\u00f6\u00f6gikombain"},"content":{"rendered":"<p>Babymoov Nutribaby Glass 2.0 on mitmefunktsiooniline 4-\u00fches k\u00f6\u00f6gikombain,<br \/>\nmis v\u00f5imaldab aurutada, p\u00fcreestada, sulatada ja soojendada toitu.<br \/>\nT\u00e4nu klaasist anumatele ja roostevabast terasest aurukorvile<br \/>\ns\u00e4ilivad toidu maitse ja toitained maksimaalselt.<br \/>\nSuur 1,95-liitrine kogumaht v\u00f5imaldab valmistada korraga mitu portsjonit,<br \/>\ns\u00e4\u00e4stes aega ja energiat.<br \/>\n<strong>Omadused<\/strong><br \/>\n4-\u00fches funktsioonid: aurutamine, p\u00fcreestamine, sulatamine ja soojendamine<br \/>\nSuur kogumaht: 1,95 l (aurutus\u00fcksus 1300 ml + p\u00fcreestus\u00fcksus 650 ml)<br \/>\nKlaasist anumad: s\u00e4ilitavad toidu maitse ja toitained<br \/>\nRoostevabast terasest aurukorv: vastupidav ja h\u00fcgieeniline<br \/>\nProgrammeeritav taimer: v\u00f5imaldab t\u00e4pset k\u00fcpsetusaja seadistamist<br \/>\nKaks eraldi \u00fcksust: v\u00f5imaldavad samaaegselt aurutada ja p\u00fcreestada<br \/>\nKolm veetaset: 100 ml, 200 ml ja 300 ml, s\u00f5ltuvalt toidukogusest<br \/>\nToidumahla kogumisanum: v\u00f5imaldab s\u00e4ilitada ja lisada tagasi aurutamisel kaotatud toitaineid<br \/>\nLihtne puhastada: eemaldatavad osad on n\u00f5udepesumasinas pestavad (v\u00e4lja arvatud elektrilised komponendid)<br \/>\nMaterjalid: 50% klaas, 20% roostevaba teras, 30% pol\u00fcprop\u00fcleen; BPA-vaba<br \/>\nM\u00f5\u00f5dud: 35,5 x 17,2 x 29,1 cm<br \/>\nV\u00f5imsus: 800 W<br \/>\n<strong>Komplektis<\/strong><br \/>\nBabymoov Nutribaby Glass 2.0 k\u00f6\u00f6gikombain (Celadon Green)<br \/>\nKlaasist aurutus- ja p\u00fcreestusanumad<br \/>\nRoostevabast terasest aurukorv<br \/>\nToidumahla kogumisanum<br \/>\nKasutusjuhend<\/p>\n","protected":false},"excerpt":{"rendered":"<p>Babymoov Nutribaby Glass 2.0 on mitmefunktsiooniline 4-\u00fches k\u00f6\u00f6gikombain, mis v\u00f5imaldab aurutada, p\u00fcreestada, sulatada ja soojendada toitu. T\u00e4nu klaasist anumatele ja roostevabast terasest aurukorvile s\u00e4ilivad toidu maitse ja toitained maksimaalselt. Suur 1,95-liitrine kogumaht v\u00f5imaldab valmistada korraga mitu portsjonit, s\u00e4\u00e4stes aega ja energiat. Omadused 4-\u00fches funktsioonid: aurutamine, p\u00fcreestamine, sulatamine ja soojendamine Suur kogumaht: 1,95 l (aurutus\u00fcksus 1300 [&hellip;]<\/p>\n","protected":false},"featured_media":505628,"template":"","meta":{"_acf_changed":false},"pwb-brand":[11976],"product_brand":[],"product_cat":[11709,11883],"product_tag":[],"class_list":{"0":"post-505626","1":"product","2":"type-product","3":"status-publish","4":"has-post-thumbnail","6":"pwb-brand-babymoov-ru","7":"product_cat-sootmistoolid-beebi-ja-lastetarbed-mahkimine-hugieen-ru","8":"product_cat-toidu-valmistamine-ru","9":"pa_manufacturer-babymoov-ru","11":"first","12":"onbackorder","13":"taxable","14":"shipping-taxable","15":"purchasable","16":"product-type-simple"},"exclude_global_add_ons":[],"addons":[],"acf":[],"yoast_head":"<!-- This site is optimized with the Yoast SEO plugin v27.1.1 - https:\/\/yoast.com\/product\/yoast-seo-wordpress\/ -->\n<title>Babymoov Nutribaby Glass k\u00f6\u00f6gikombain, Green, \u041d\u041e\u0412\u042b\u0415 \u0422\u041e\u0412\u0410\u0420\u042b, \u041f\u0440\u0438\u043d\u0430\u0434\u043b\u0435\u0436\u043d\u043e\u0441\u0442\u0438 \u0434\u043b\u044f \u043c\u043b\u0430\u0434\u0435\u043d\u0446\u0435\u0432, \u041f\u0440\u0438\u0433\u043e\u0442\u043e\u0432\u043b\u0435\u043d\u0438\u0435 , Beebipood<\/title>\n<meta name=\"description\" content=\"Babymoov Nutribaby Glass k\u00f6\u00f6gikombain, Green, Klaasist ja roostevabast terasest Nutribaby Glass k\u00f6\u00f6gikombain sisaldab endas nelja erinevad\" \/>\n<meta name=\"robots\" content=\"index, follow, max-snippet:-1, max-image-preview:large, max-video-preview:-1\" \/>\n<link rel=\"canonical\" href=\"https:\/\/beebipood.ee\/ru\/produkt\/babymoov-nutribaby-glass-2-0-koogikombain\/\" \/>\n<meta property=\"og:locale\" content=\"ru_RU\" \/>\n<meta property=\"og:type\" content=\"article\" \/>\n<meta property=\"og:title\" content=\"Babymoov Nutribaby Glass k\u00f6\u00f6gikombain, Green, \u041d\u041e\u0412\u042b\u0415 \u0422\u041e\u0412\u0410\u0420\u042b, \u041f\u0440\u0438\u043d\u0430\u0434\u043b\u0435\u0436\u043d\u043e\u0441\u0442\u0438 \u0434\u043b\u044f \u043c\u043b\u0430\u0434\u0435\u043d\u0446\u0435\u0432, \u041f\u0440\u0438\u0433\u043e\u0442\u043e\u0432\u043b\u0435\u043d\u0438\u0435 , Beebipood\" \/>\n<meta property=\"og:description\" content=\"Babymoov Nutribaby Glass k\u00f6\u00f6gikombain, Green, Klaasist ja roostevabast terasest Nutribaby Glass k\u00f6\u00f6gikombain sisaldab endas nelja erinevad\" \/>\n<meta property=\"og:url\" content=\"https:\/\/beebipood.ee\/ru\/produkt\/babymoov-nutribaby-glass-2-0-koogikombain\/\" \/>\n<meta property=\"og:site_name\" content=\"Beebipood\" \/>\n<meta property=\"article:modified_time\" content=\"2025-07-15T16:54:55+00:00\" \/>\n<meta property=\"og:image\" content=\"https:\/\/beebipood.ee\/wp-content\/uploads\/2025\/07\/babymoov-nutribaby-glass-2.0-koogikombain.jpg\" \/>\n\t<meta property=\"og:image:width\" content=\"800\" \/>\n\t<meta property=\"og:image:height\" content=\"928\" \/>\n\t<meta property=\"og:image:type\" content=\"image\/jpeg\" \/>\n<meta name=\"twitter:card\" content=\"summary_large_image\" \/>\n<meta name=\"twitter:label1\" content=\"\u041f\u0440\u0438\u043c\u0435\u0440\u043d\u043e\u0435 \u0432\u0440\u0435\u043c\u044f \u0434\u043b\u044f \u0447\u0442\u0435\u043d\u0438\u044f\" \/>\n\t<meta name=\"twitter:data1\" content=\"2 \u043c\u0438\u043d\u0443\u0442\u044b\" \/>\n<script type=\"application\/ld+json\" class=\"yoast-schema-graph\">{\"@context\":\"https:\/\/schema.org\",\"@graph\":[{\"@type\":\"WebPage\",\"@id\":\"https:\/\/beebipood.ee\/ru\/produkt\/babymoov-nutribaby-glass-2-0-koogikombain\/\",\"url\":\"https:\/\/beebipood.ee\/ru\/produkt\/babymoov-nutribaby-glass-2-0-koogikombain\/\",\"name\":\"Babymoov Nutribaby Glass k\u00f6\u00f6gikombain, Green, \u041d\u041e\u0412\u042b\u0415 \u0422\u041e\u0412\u0410\u0420\u042b, \u041f\u0440\u0438\u043d\u0430\u0434\u043b\u0435\u0436\u043d\u043e\u0441\u0442\u0438 \u0434\u043b\u044f \u043c\u043b\u0430\u0434\u0435\u043d\u0446\u0435\u0432, \u041f\u0440\u0438\u0433\u043e\u0442\u043e\u0432\u043b\u0435\u043d\u0438\u0435 , Beebipood\",\"isPartOf\":{\"@id\":\"https:\/\/beebipood.ee\/ru\/#website\"},\"primaryImageOfPage\":{\"@id\":\"https:\/\/beebipood.ee\/ru\/produkt\/babymoov-nutribaby-glass-2-0-koogikombain\/#primaryimage\"},\"image\":{\"@id\":\"https:\/\/beebipood.ee\/ru\/produkt\/babymoov-nutribaby-glass-2-0-koogikombain\/#primaryimage\"},\"thumbnailUrl\":\"https:\/\/beebipood.ee\/wp-content\/uploads\/2025\/07\/babymoov-nutribaby-glass-2.0-koogikombain.jpg\",\"datePublished\":\"2025-07-15T16:51:27+00:00\",\"dateModified\":\"2025-07-15T16:54:55+00:00\",\"description\":\"Babymoov Nutribaby Glass k\u00f6\u00f6gikombain, Green, Klaasist ja roostevabast terasest Nutribaby Glass k\u00f6\u00f6gikombain sisaldab endas nelja erinevad\",\"breadcrumb\":{\"@id\":\"https:\/\/beebipood.ee\/ru\/produkt\/babymoov-nutribaby-glass-2-0-koogikombain\/#breadcrumb\"},\"inLanguage\":\"ru-RU\",\"potentialAction\":[{\"@type\":\"ReadAction\",\"target\":[\"https:\/\/beebipood.ee\/ru\/produkt\/babymoov-nutribaby-glass-2-0-koogikombain\/\"]}]},{\"@type\":\"ImageObject\",\"inLanguage\":\"ru-RU\",\"@id\":\"https:\/\/beebipood.ee\/ru\/produkt\/babymoov-nutribaby-glass-2-0-koogikombain\/#primaryimage\",\"url\":\"https:\/\/beebipood.ee\/wp-content\/uploads\/2025\/07\/babymoov-nutribaby-glass-2.0-koogikombain.jpg\",\"contentUrl\":\"https:\/\/beebipood.ee\/wp-content\/uploads\/2025\/07\/babymoov-nutribaby-glass-2.0-koogikombain.jpg\",\"width\":800,\"height\":928},{\"@type\":\"BreadcrumbList\",\"@id\":\"https:\/\/beebipood.ee\/ru\/produkt\/babymoov-nutribaby-glass-2-0-koogikombain\/#breadcrumb\",\"itemListElement\":[{\"@type\":\"ListItem\",\"position\":1,\"name\":\"Home\",\"item\":\"https:\/\/beebipood.ee\/ru\/\"},{\"@type\":\"ListItem\",\"position\":2,\"name\":\"\u041a\u0430\u0442\u0430\u043b\u043e\u0433 \u0442\u043e\u0432\u0430\u0440\u043e\u0432\",\"item\":\"https:\/\/beebipood.ee\/tooted\/\"},{\"@type\":\"ListItem\",\"position\":3,\"name\":\"Babymoov Nutribaby Glass 2.0 k\u00f6\u00f6gikombain\"}]},{\"@type\":\"WebSite\",\"@id\":\"https:\/\/beebipood.ee\/ru\/#website\",\"url\":\"https:\/\/beebipood.ee\/ru\/\",\"name\":\"Beebipood\",\"description\":\"Lastekaubad, beebikaubad, m\u00e4nguasjad\",\"publisher\":{\"@id\":\"https:\/\/beebipood.ee\/ru\/#organization\"},\"potentialAction\":[{\"@type\":\"SearchAction\",\"target\":{\"@type\":\"EntryPoint\",\"urlTemplate\":\"https:\/\/beebipood.ee\/ru\/?s={search_term_string}\"},\"query-input\":{\"@type\":\"PropertyValueSpecification\",\"valueRequired\":true,\"valueName\":\"search_term_string\"}}],\"inLanguage\":\"ru-RU\"},{\"@type\":\"Organization\",\"@id\":\"https:\/\/beebipood.ee\/ru\/#organization\",\"name\":\"Beebipood\",\"url\":\"https:\/\/beebipood.ee\/ru\/\",\"logo\":{\"@type\":\"ImageObject\",\"inLanguage\":\"ru-RU\",\"@id\":\"https:\/\/beebipood.ee\/ru\/#\/schema\/logo\/image\/\",\"url\":\"https:\/\/beebipood.ee\/wp-content\/uploads\/2025\/03\/beebipood.ee-logo-1.svg\",\"contentUrl\":\"https:\/\/beebipood.ee\/wp-content\/uploads\/2025\/03\/beebipood.ee-logo-1.svg\",\"caption\":\"Beebipood\"},\"image\":{\"@id\":\"https:\/\/beebipood.ee\/ru\/#\/schema\/logo\/image\/\"}}]}<\/script>\n<!-- \/ Yoast SEO plugin. -->","yoast_head_json":{"title":"Babymoov Nutribaby Glass k\u00f6\u00f6gikombain, Green, \u041d\u041e\u0412\u042b\u0415 \u0422\u041e\u0412\u0410\u0420\u042b, \u041f\u0440\u0438\u043d\u0430\u0434\u043b\u0435\u0436\u043d\u043e\u0441\u0442\u0438 \u0434\u043b\u044f \u043c\u043b\u0430\u0434\u0435\u043d\u0446\u0435\u0432, \u041f\u0440\u0438\u0433\u043e\u0442\u043e\u0432\u043b\u0435\u043d\u0438\u0435 , Beebipood","description":"Babymoov Nutribaby Glass k\u00f6\u00f6gikombain, Green, Klaasist ja roostevabast terasest Nutribaby Glass k\u00f6\u00f6gikombain sisaldab endas nelja erinevad","robots":{"index":"index","follow":"follow","max-snippet":"max-snippet:-1","max-image-preview":"max-image-preview:large","max-video-preview":"max-video-preview:-1"},"canonical":"https:\/\/beebipood.ee\/ru\/produkt\/babymoov-nutribaby-glass-2-0-koogikombain\/","og_locale":"ru_RU","og_type":"article","og_title":"Babymoov Nutribaby Glass k\u00f6\u00f6gikombain, Green, \u041d\u041e\u0412\u042b\u0415 \u0422\u041e\u0412\u0410\u0420\u042b, \u041f\u0440\u0438\u043d\u0430\u0434\u043b\u0435\u0436\u043d\u043e\u0441\u0442\u0438 \u0434\u043b\u044f \u043c\u043b\u0430\u0434\u0435\u043d\u0446\u0435\u0432, \u041f\u0440\u0438\u0433\u043e\u0442\u043e\u0432\u043b\u0435\u043d\u0438\u0435 , Beebipood","og_description":"Babymoov Nutribaby Glass k\u00f6\u00f6gikombain, Green, Klaasist ja roostevabast terasest Nutribaby Glass k\u00f6\u00f6gikombain sisaldab endas nelja erinevad","og_url":"https:\/\/beebipood.ee\/ru\/produkt\/babymoov-nutribaby-glass-2-0-koogikombain\/","og_site_name":"Beebipood","article_modified_time":"2025-07-15T16:54:55+00:00","og_image":[{"width":800,"height":928,"url":"https:\/\/beebipood.ee\/wp-content\/uploads\/2025\/07\/babymoov-nutribaby-glass-2.0-koogikombain.jpg","type":"image\/jpeg"}],"twitter_card":"summary_large_image","twitter_misc":{"\u041f\u0440\u0438\u043c\u0435\u0440\u043d\u043e\u0435 \u0432\u0440\u0435\u043c\u044f \u0434\u043b\u044f \u0447\u0442\u0435\u043d\u0438\u044f":"2 \u043c\u0438\u043d\u0443\u0442\u044b"},"schema":{"@context":"https:\/\/schema.org","@graph":[{"@type":"WebPage","@id":"https:\/\/beebipood.ee\/ru\/produkt\/babymoov-nutribaby-glass-2-0-koogikombain\/","url":"https:\/\/beebipood.ee\/ru\/produkt\/babymoov-nutribaby-glass-2-0-koogikombain\/","name":"Babymoov Nutribaby Glass k\u00f6\u00f6gikombain, Green, \u041d\u041e\u0412\u042b\u0415 \u0422\u041e\u0412\u0410\u0420\u042b, \u041f\u0440\u0438\u043d\u0430\u0434\u043b\u0435\u0436\u043d\u043e\u0441\u0442\u0438 \u0434\u043b\u044f \u043c\u043b\u0430\u0434\u0435\u043d\u0446\u0435\u0432, \u041f\u0440\u0438\u0433\u043e\u0442\u043e\u0432\u043b\u0435\u043d\u0438\u0435 , Beebipood","isPartOf":{"@id":"https:\/\/beebipood.ee\/ru\/#website"},"primaryImageOfPage":{"@id":"https:\/\/beebipood.ee\/ru\/produkt\/babymoov-nutribaby-glass-2-0-koogikombain\/#primaryimage"},"image":{"@id":"https:\/\/beebipood.ee\/ru\/produkt\/babymoov-nutribaby-glass-2-0-koogikombain\/#primaryimage"},"thumbnailUrl":"https:\/\/beebipood.ee\/wp-content\/uploads\/2025\/07\/babymoov-nutribaby-glass-2.0-koogikombain.jpg","datePublished":"2025-07-15T16:51:27+00:00","dateModified":"2025-07-15T16:54:55+00:00","description":"Babymoov Nutribaby Glass k\u00f6\u00f6gikombain, Green, Klaasist ja roostevabast terasest Nutribaby Glass k\u00f6\u00f6gikombain sisaldab endas nelja erinevad","breadcrumb":{"@id":"https:\/\/beebipood.ee\/ru\/produkt\/babymoov-nutribaby-glass-2-0-koogikombain\/#breadcrumb"},"inLanguage":"ru-RU","potentialAction":[{"@type":"ReadAction","target":["https:\/\/beebipood.ee\/ru\/produkt\/babymoov-nutribaby-glass-2-0-koogikombain\/"]}]},{"@type":"ImageObject","inLanguage":"ru-RU","@id":"https:\/\/beebipood.ee\/ru\/produkt\/babymoov-nutribaby-glass-2-0-koogikombain\/#primaryimage","url":"https:\/\/beebipood.ee\/wp-content\/uploads\/2025\/07\/babymoov-nutribaby-glass-2.0-koogikombain.jpg","contentUrl":"https:\/\/beebipood.ee\/wp-content\/uploads\/2025\/07\/babymoov-nutribaby-glass-2.0-koogikombain.jpg","width":800,"height":928},{"@type":"BreadcrumbList","@id":"https:\/\/beebipood.ee\/ru\/produkt\/babymoov-nutribaby-glass-2-0-koogikombain\/#breadcrumb","itemListElement":[{"@type":"ListItem","position":1,"name":"Home","item":"https:\/\/beebipood.ee\/ru\/"},{"@type":"ListItem","position":2,"name":"\u041a\u0430\u0442\u0430\u043b\u043e\u0433 \u0442\u043e\u0432\u0430\u0440\u043e\u0432","item":"https:\/\/beebipood.ee\/tooted\/"},{"@type":"ListItem","position":3,"name":"Babymoov Nutribaby Glass 2.0 k\u00f6\u00f6gikombain"}]},{"@type":"WebSite","@id":"https:\/\/beebipood.ee\/ru\/#website","url":"https:\/\/beebipood.ee\/ru\/","name":"Beebipood","description":"Lastekaubad, beebikaubad, m\u00e4nguasjad","publisher":{"@id":"https:\/\/beebipood.ee\/ru\/#organization"},"potentialAction":[{"@type":"SearchAction","target":{"@type":"EntryPoint","urlTemplate":"https:\/\/beebipood.ee\/ru\/?s={search_term_string}"},"query-input":{"@type":"PropertyValueSpecification","valueRequired":true,"valueName":"search_term_string"}}],"inLanguage":"ru-RU"},{"@type":"Organization","@id":"https:\/\/beebipood.ee\/ru\/#organization","name":"Beebipood","url":"https:\/\/beebipood.ee\/ru\/","logo":{"@type":"ImageObject","inLanguage":"ru-RU","@id":"https:\/\/beebipood.ee\/ru\/#\/schema\/logo\/image\/","url":"https:\/\/beebipood.ee\/wp-content\/uploads\/2025\/03\/beebipood.ee-logo-1.svg","contentUrl":"https:\/\/beebipood.ee\/wp-content\/uploads\/2025\/03\/beebipood.ee-logo-1.svg","caption":"Beebipood"},"image":{"@id":"https:\/\/beebipood.ee\/ru\/#\/schema\/logo\/image\/"}}]}},"brands":[{"id":11976,"name":"Babymoov","slug":"babymoov-ru"}],"_links":{"self":[{"href":"https:\/\/beebipood.ee\/ru\/wp-json\/wp\/v2\/product\/505626","targetHints":{"allow":["GET"]}}],"collection":[{"href":"https:\/\/beebipood.ee\/ru\/wp-json\/wp\/v2\/product"}],"about":[{"href":"https:\/\/beebipood.ee\/ru\/wp-json\/wp\/v2\/types\/product"}],"wp:featuredmedia":[{"embeddable":true,"href":"https:\/\/beebipood.ee\/ru\/wp-json\/wp\/v2\/media\/505628"}],"wp:attachment":[{"href":"https:\/\/beebipood.ee\/ru\/wp-json\/wp\/v2\/media?parent=505626"}],"wp:term":[{"taxonomy":"pwb-brand","embeddable":true,"href":"https:\/\/beebipood.ee\/ru\/wp-json\/wp\/v2\/pwb-brand?post=505626"},{"taxonomy":"product_brand","embeddable":true,"href":"https:\/\/beebipood.ee\/ru\/wp-json\/wp\/v2\/product_brand?post=505626"},{"taxonomy":"product_cat","embeddable":true,"href":"https:\/\/beebipood.ee\/ru\/wp-json\/wp\/v2\/product_cat?post=505626"},{"taxonomy":"product_tag","embeddable":true,"href":"https:\/\/beebipood.ee\/ru\/wp-json\/wp\/v2\/product_tag?post=505626"}],"curies":[{"name":"wp","href":"https:\/\/api.w.org\/{rel}","templated":true}]}}