{"id":506011,"date":"2025-08-01T09:09:52","date_gmt":"2025-08-01T06:09:52","guid":{"rendered":"https:\/\/beebipood.ee\/?post_type=product&#038;p=506011"},"modified":"2025-08-01T09:14:08","modified_gmt":"2025-08-01T06:14:08","slug":"maxi-cosi-dove-pro-lamamistool-elegance-bronze","status":"publish","type":"product","link":"https:\/\/beebipood.ee\/ru\/produkt\/maxi-cosi-dove-pro-lamamistool-elegance-bronze\/","title":{"rendered":"Maxi-Cosi Dove Pro lamamistool, Elegance Bronze"},"content":{"rendered":"<p>Dove Pro on ikooniline lamamistool, mis pakub parimat m\u00f5lemast maailmast.<br \/>\nBeebi saab nautida loomulikke kiikumisliigutusi,<br \/>\nmida tekitab tema enda m\u00e4ng, kui ta k\u00e4te ja jalgadega vehib.<br \/>\nJa kui need pisikesed k\u00e4ed ja jalad puhkust vajavad,<br \/>\naitavad \u00f5rnad CloudSoft vibratsioonid beebil l\u00f5\u00f5gastuda.<br \/>\nIkooniline disain on loodud sobituma modernse kodu interj\u00f6\u00f6riga<br \/>\nning kasutab innovatiivseid v\u00f5rkkangaid,<br \/>\nmis pakuvad optimaalset tuge ja mugavust.<br \/>\nDove Pro on mugav, stiilne ja uuenduslik \u2014 k\u00f5ik kompaktses vormis.<br \/>\n<strong>Kasutusmugavus<\/strong><br \/>\nLihtne kaldenurga reguleerimine (3 erinevat asendit)<br \/>\nLihtne kokku ja lahti voltida<br \/>\nKokkupandult kompaktne<br \/>\nKerge ja mugav transportida<br \/>\nMasinpestavad kangad<br \/>\nCloudSoft vibratsiooni saab aktiveerida \u00fche nupuvajutusega<br \/>\n<strong>Mugavus<\/strong><br \/>\nLoomulik kiikumine, kui laps end liigutab (arendab motoorikat)<br \/>\nPehmendatud beebisisu<br \/>\nEemaldatav ja reguleeritav vasts\u00fcndinu peatoe padi<br \/>\nUuenduslik 3D-v\u00f5rkkangast kate, mis pakub toetavat \u201ckallistust\u201d<br \/>\n3 reguleeritavat kaldenurka<br \/>\nCloudSoft vibratsioonid<br \/>\nTurvalisus ja pikaajaline kasutus<br \/>\nSobib alates s\u00fcnnist kuni 3. eluaastani (kuni 15kg)<br \/>\nMadalaimat kaldenurka kasutada kuni 7kg<br \/>\nKeskmist ja k\u00f5rgeimat kaldenurka kasutada kuni 15kg<br \/>\n<strong>\u00dcldine<\/strong><br \/>\nReguleeritav 3-punkti turvarihm<br \/>\nEco Care kangad \u2013 valmistatud 100% taaskasutatud materjalidest<br \/>\nIkoniline disain<br \/>\nCloudSoft vibratsioonid t\u00f6\u00f6tavad 3\u00d7AA patareidega (ei kuulu komplekti)<br \/>\n\u00dchildub Dove Pro m\u00e4ngukaarega<br \/>\n<strong>N\u00e4itajad<\/strong><br \/>\nKaal 3,2kg<br \/>\nM\u00f5\u00f5dud 45 x 42-60 x 63-73cm (laius, k\u00f5rgus, pikkus)<br \/>\nM\u00f5\u00f5dud kokkupandult 45 x 16 x 80cm (laius, k\u00f5rgus, pikkus)<\/p>\n","protected":false},"excerpt":{"rendered":"<p>Dove Pro on ikooniline lamamistool, mis pakub parimat m\u00f5lemast maailmast. Beebi saab nautida loomulikke kiikumisliigutusi, mida tekitab tema enda m\u00e4ng, kui ta k\u00e4te ja jalgadega vehib. Ja kui need pisikesed k\u00e4ed ja jalad puhkust vajavad, aitavad \u00f5rnad CloudSoft vibratsioonid beebil l\u00f5\u00f5gastuda. Ikooniline disain on loodud sobituma modernse kodu interj\u00f6\u00f6riga ning kasutab innovatiivseid v\u00f5rkkangaid, mis pakuvad [&hellip;]<\/p>\n","protected":false},"featured_media":506013,"template":"","meta":{"_acf_changed":false},"pwb-brand":[11961],"product_brand":[],"product_cat":[11573,11879,11709],"product_tag":[],"class_list":{"0":"post-506011","1":"product","2":"type-product","3":"status-publish","4":"has-post-thumbnail","6":"pwb-brand-maxi-cosi-ru","7":"product_cat-sooduspakkumised-ru","8":"product_cat-lamamistoolid-ja-kiiged-ru","9":"product_cat-sootmistoolid-beebi-ja-lastetarbed-mahkimine-hugieen-ru","10":"pa_manufacturer-maxi_cosi-ru","12":"first","13":"onbackorder","14":"sale","15":"taxable","16":"shipping-taxable","17":"purchasable","18":"product-type-simple"},"exclude_global_add_ons":[],"addons":[],"acf":[],"yoast_head":"<!-- This site is optimized with the Yoast SEO plugin v27.1.1 - https:\/\/yoast.com\/product\/yoast-seo-wordpress\/ -->\n<title>Maxi-Cosi Cassia beebikiik, Beyond Green, \u0421\u041a\u0418\u0414\u041a\u0418, \u041f\u0440\u0438\u043d\u0430\u0434\u043b\u0435\u0436\u043d\u043e\u0441\u0442\u0438 \u0434\u043b\u044f \u043c\u043b\u0430\u0434\u0435\u043d\u0446\u0435\u0432, \u0428\u0435\u0437\u043b\u043e\u043d\u0433\u0438 \u0438 \u043a\u0430\u0447\u0435\u043b\u0438, Beebipood<\/title>\n<meta name=\"description\" content=\"Maxi-Cosi Cassia beebikiik, Beyond Green, Stiilne ning nutikas beebikiik Cassia on m\u00f5eldud lastelealates s\u00fcnnist kuni ka\" \/>\n<meta name=\"robots\" content=\"index, follow, max-snippet:-1, max-image-preview:large, max-video-preview:-1\" \/>\n<link rel=\"canonical\" href=\"https:\/\/beebipood.ee\/ru\/produkt\/maxi-cosi-dove-pro-lamamistool-elegance-bronze\/\" \/>\n<meta property=\"og:locale\" content=\"ru_RU\" \/>\n<meta property=\"og:type\" content=\"article\" \/>\n<meta property=\"og:title\" content=\"Maxi-Cosi Cassia beebikiik, Beyond Green, \u0421\u041a\u0418\u0414\u041a\u0418, \u041f\u0440\u0438\u043d\u0430\u0434\u043b\u0435\u0436\u043d\u043e\u0441\u0442\u0438 \u0434\u043b\u044f \u043c\u043b\u0430\u0434\u0435\u043d\u0446\u0435\u0432, \u0428\u0435\u0437\u043b\u043e\u043d\u0433\u0438 \u0438 \u043a\u0430\u0447\u0435\u043b\u0438, Beebipood\" \/>\n<meta property=\"og:description\" content=\"Maxi-Cosi Cassia beebikiik, Beyond Green, Stiilne ning nutikas beebikiik Cassia on m\u00f5eldud lastelealates s\u00fcnnist kuni ka\" \/>\n<meta property=\"og:url\" content=\"https:\/\/beebipood.ee\/ru\/produkt\/maxi-cosi-dove-pro-lamamistool-elegance-bronze\/\" \/>\n<meta property=\"og:site_name\" content=\"Beebipood\" \/>\n<meta property=\"article:modified_time\" content=\"2025-08-01T06:14:08+00:00\" \/>\n<meta property=\"og:image\" content=\"https:\/\/beebipood.ee\/wp-content\/uploads\/2025\/08\/maxi-cosi-dove-pro-lamamistool-bronze.jpg\" \/>\n\t<meta property=\"og:image:width\" content=\"1200\" \/>\n\t<meta property=\"og:image:height\" content=\"1200\" \/>\n\t<meta property=\"og:image:type\" content=\"image\/jpeg\" \/>\n<meta name=\"twitter:card\" content=\"summary_large_image\" \/>\n<meta name=\"twitter:label1\" content=\"\u041f\u0440\u0438\u043c\u0435\u0440\u043d\u043e\u0435 \u0432\u0440\u0435\u043c\u044f \u0434\u043b\u044f \u0447\u0442\u0435\u043d\u0438\u044f\" \/>\n\t<meta name=\"twitter:data1\" content=\"2 \u043c\u0438\u043d\u0443\u0442\u044b\" \/>\n<script type=\"application\/ld+json\" class=\"yoast-schema-graph\">{\"@context\":\"https:\/\/schema.org\",\"@graph\":[{\"@type\":\"WebPage\",\"@id\":\"https:\/\/beebipood.ee\/ru\/produkt\/maxi-cosi-dove-pro-lamamistool-elegance-bronze\/\",\"url\":\"https:\/\/beebipood.ee\/ru\/produkt\/maxi-cosi-dove-pro-lamamistool-elegance-bronze\/\",\"name\":\"Maxi-Cosi Cassia beebikiik, Beyond Green, \u0421\u041a\u0418\u0414\u041a\u0418, \u041f\u0440\u0438\u043d\u0430\u0434\u043b\u0435\u0436\u043d\u043e\u0441\u0442\u0438 \u0434\u043b\u044f \u043c\u043b\u0430\u0434\u0435\u043d\u0446\u0435\u0432, \u0428\u0435\u0437\u043b\u043e\u043d\u0433\u0438 \u0438 \u043a\u0430\u0447\u0435\u043b\u0438, Beebipood\",\"isPartOf\":{\"@id\":\"https:\/\/beebipood.ee\/ru\/#website\"},\"primaryImageOfPage\":{\"@id\":\"https:\/\/beebipood.ee\/ru\/produkt\/maxi-cosi-dove-pro-lamamistool-elegance-bronze\/#primaryimage\"},\"image\":{\"@id\":\"https:\/\/beebipood.ee\/ru\/produkt\/maxi-cosi-dove-pro-lamamistool-elegance-bronze\/#primaryimage\"},\"thumbnailUrl\":\"https:\/\/beebipood.ee\/wp-content\/uploads\/2025\/08\/maxi-cosi-dove-pro-lamamistool-bronze.jpg\",\"datePublished\":\"2025-08-01T06:09:52+00:00\",\"dateModified\":\"2025-08-01T06:14:08+00:00\",\"description\":\"Maxi-Cosi Cassia beebikiik, Beyond Green, Stiilne ning nutikas beebikiik Cassia on m\u00f5eldud lastelealates s\u00fcnnist kuni ka\",\"breadcrumb\":{\"@id\":\"https:\/\/beebipood.ee\/ru\/produkt\/maxi-cosi-dove-pro-lamamistool-elegance-bronze\/#breadcrumb\"},\"inLanguage\":\"ru-RU\",\"potentialAction\":[{\"@type\":\"ReadAction\",\"target\":[\"https:\/\/beebipood.ee\/ru\/produkt\/maxi-cosi-dove-pro-lamamistool-elegance-bronze\/\"]}]},{\"@type\":\"ImageObject\",\"inLanguage\":\"ru-RU\",\"@id\":\"https:\/\/beebipood.ee\/ru\/produkt\/maxi-cosi-dove-pro-lamamistool-elegance-bronze\/#primaryimage\",\"url\":\"https:\/\/beebipood.ee\/wp-content\/uploads\/2025\/08\/maxi-cosi-dove-pro-lamamistool-bronze.jpg\",\"contentUrl\":\"https:\/\/beebipood.ee\/wp-content\/uploads\/2025\/08\/maxi-cosi-dove-pro-lamamistool-bronze.jpg\",\"width\":1200,\"height\":1200},{\"@type\":\"BreadcrumbList\",\"@id\":\"https:\/\/beebipood.ee\/ru\/produkt\/maxi-cosi-dove-pro-lamamistool-elegance-bronze\/#breadcrumb\",\"itemListElement\":[{\"@type\":\"ListItem\",\"position\":1,\"name\":\"Home\",\"item\":\"https:\/\/beebipood.ee\/ru\/\"},{\"@type\":\"ListItem\",\"position\":2,\"name\":\"\u041a\u0430\u0442\u0430\u043b\u043e\u0433 \u0442\u043e\u0432\u0430\u0440\u043e\u0432\",\"item\":\"https:\/\/beebipood.ee\/tooted\/\"},{\"@type\":\"ListItem\",\"position\":3,\"name\":\"Maxi-Cosi Dove Pro lamamistool, Elegance Bronze\"}]},{\"@type\":\"WebSite\",\"@id\":\"https:\/\/beebipood.ee\/ru\/#website\",\"url\":\"https:\/\/beebipood.ee\/ru\/\",\"name\":\"Beebipood\",\"description\":\"Lastekaubad, beebikaubad, m\u00e4nguasjad\",\"publisher\":{\"@id\":\"https:\/\/beebipood.ee\/ru\/#organization\"},\"potentialAction\":[{\"@type\":\"SearchAction\",\"target\":{\"@type\":\"EntryPoint\",\"urlTemplate\":\"https:\/\/beebipood.ee\/ru\/?s={search_term_string}\"},\"query-input\":{\"@type\":\"PropertyValueSpecification\",\"valueRequired\":true,\"valueName\":\"search_term_string\"}}],\"inLanguage\":\"ru-RU\"},{\"@type\":\"Organization\",\"@id\":\"https:\/\/beebipood.ee\/ru\/#organization\",\"name\":\"Beebipood\",\"url\":\"https:\/\/beebipood.ee\/ru\/\",\"logo\":{\"@type\":\"ImageObject\",\"inLanguage\":\"ru-RU\",\"@id\":\"https:\/\/beebipood.ee\/ru\/#\/schema\/logo\/image\/\",\"url\":\"https:\/\/beebipood.ee\/wp-content\/uploads\/2025\/03\/beebipood.ee-logo-1.svg\",\"contentUrl\":\"https:\/\/beebipood.ee\/wp-content\/uploads\/2025\/03\/beebipood.ee-logo-1.svg\",\"caption\":\"Beebipood\"},\"image\":{\"@id\":\"https:\/\/beebipood.ee\/ru\/#\/schema\/logo\/image\/\"}}]}<\/script>\n<!-- \/ Yoast SEO plugin. -->","yoast_head_json":{"title":"Maxi-Cosi Cassia beebikiik, Beyond Green, \u0421\u041a\u0418\u0414\u041a\u0418, \u041f\u0440\u0438\u043d\u0430\u0434\u043b\u0435\u0436\u043d\u043e\u0441\u0442\u0438 \u0434\u043b\u044f \u043c\u043b\u0430\u0434\u0435\u043d\u0446\u0435\u0432, \u0428\u0435\u0437\u043b\u043e\u043d\u0433\u0438 \u0438 \u043a\u0430\u0447\u0435\u043b\u0438, Beebipood","description":"Maxi-Cosi Cassia beebikiik, Beyond Green, Stiilne ning nutikas beebikiik Cassia on m\u00f5eldud lastelealates s\u00fcnnist kuni ka","robots":{"index":"index","follow":"follow","max-snippet":"max-snippet:-1","max-image-preview":"max-image-preview:large","max-video-preview":"max-video-preview:-1"},"canonical":"https:\/\/beebipood.ee\/ru\/produkt\/maxi-cosi-dove-pro-lamamistool-elegance-bronze\/","og_locale":"ru_RU","og_type":"article","og_title":"Maxi-Cosi Cassia beebikiik, Beyond Green, \u0421\u041a\u0418\u0414\u041a\u0418, \u041f\u0440\u0438\u043d\u0430\u0434\u043b\u0435\u0436\u043d\u043e\u0441\u0442\u0438 \u0434\u043b\u044f \u043c\u043b\u0430\u0434\u0435\u043d\u0446\u0435\u0432, \u0428\u0435\u0437\u043b\u043e\u043d\u0433\u0438 \u0438 \u043a\u0430\u0447\u0435\u043b\u0438, Beebipood","og_description":"Maxi-Cosi Cassia beebikiik, Beyond Green, Stiilne ning nutikas beebikiik Cassia on m\u00f5eldud lastelealates s\u00fcnnist kuni ka","og_url":"https:\/\/beebipood.ee\/ru\/produkt\/maxi-cosi-dove-pro-lamamistool-elegance-bronze\/","og_site_name":"Beebipood","article_modified_time":"2025-08-01T06:14:08+00:00","og_image":[{"width":1200,"height":1200,"url":"https:\/\/beebipood.ee\/wp-content\/uploads\/2025\/08\/maxi-cosi-dove-pro-lamamistool-bronze.jpg","type":"image\/jpeg"}],"twitter_card":"summary_large_image","twitter_misc":{"\u041f\u0440\u0438\u043c\u0435\u0440\u043d\u043e\u0435 \u0432\u0440\u0435\u043c\u044f \u0434\u043b\u044f \u0447\u0442\u0435\u043d\u0438\u044f":"2 \u043c\u0438\u043d\u0443\u0442\u044b"},"schema":{"@context":"https:\/\/schema.org","@graph":[{"@type":"WebPage","@id":"https:\/\/beebipood.ee\/ru\/produkt\/maxi-cosi-dove-pro-lamamistool-elegance-bronze\/","url":"https:\/\/beebipood.ee\/ru\/produkt\/maxi-cosi-dove-pro-lamamistool-elegance-bronze\/","name":"Maxi-Cosi Cassia beebikiik, Beyond Green, \u0421\u041a\u0418\u0414\u041a\u0418, \u041f\u0440\u0438\u043d\u0430\u0434\u043b\u0435\u0436\u043d\u043e\u0441\u0442\u0438 \u0434\u043b\u044f \u043c\u043b\u0430\u0434\u0435\u043d\u0446\u0435\u0432, \u0428\u0435\u0437\u043b\u043e\u043d\u0433\u0438 \u0438 \u043a\u0430\u0447\u0435\u043b\u0438, Beebipood","isPartOf":{"@id":"https:\/\/beebipood.ee\/ru\/#website"},"primaryImageOfPage":{"@id":"https:\/\/beebipood.ee\/ru\/produkt\/maxi-cosi-dove-pro-lamamistool-elegance-bronze\/#primaryimage"},"image":{"@id":"https:\/\/beebipood.ee\/ru\/produkt\/maxi-cosi-dove-pro-lamamistool-elegance-bronze\/#primaryimage"},"thumbnailUrl":"https:\/\/beebipood.ee\/wp-content\/uploads\/2025\/08\/maxi-cosi-dove-pro-lamamistool-bronze.jpg","datePublished":"2025-08-01T06:09:52+00:00","dateModified":"2025-08-01T06:14:08+00:00","description":"Maxi-Cosi Cassia beebikiik, Beyond Green, Stiilne ning nutikas beebikiik Cassia on m\u00f5eldud lastelealates s\u00fcnnist kuni ka","breadcrumb":{"@id":"https:\/\/beebipood.ee\/ru\/produkt\/maxi-cosi-dove-pro-lamamistool-elegance-bronze\/#breadcrumb"},"inLanguage":"ru-RU","potentialAction":[{"@type":"ReadAction","target":["https:\/\/beebipood.ee\/ru\/produkt\/maxi-cosi-dove-pro-lamamistool-elegance-bronze\/"]}]},{"@type":"ImageObject","inLanguage":"ru-RU","@id":"https:\/\/beebipood.ee\/ru\/produkt\/maxi-cosi-dove-pro-lamamistool-elegance-bronze\/#primaryimage","url":"https:\/\/beebipood.ee\/wp-content\/uploads\/2025\/08\/maxi-cosi-dove-pro-lamamistool-bronze.jpg","contentUrl":"https:\/\/beebipood.ee\/wp-content\/uploads\/2025\/08\/maxi-cosi-dove-pro-lamamistool-bronze.jpg","width":1200,"height":1200},{"@type":"BreadcrumbList","@id":"https:\/\/beebipood.ee\/ru\/produkt\/maxi-cosi-dove-pro-lamamistool-elegance-bronze\/#breadcrumb","itemListElement":[{"@type":"ListItem","position":1,"name":"Home","item":"https:\/\/beebipood.ee\/ru\/"},{"@type":"ListItem","position":2,"name":"\u041a\u0430\u0442\u0430\u043b\u043e\u0433 \u0442\u043e\u0432\u0430\u0440\u043e\u0432","item":"https:\/\/beebipood.ee\/tooted\/"},{"@type":"ListItem","position":3,"name":"Maxi-Cosi Dove Pro lamamistool, Elegance Bronze"}]},{"@type":"WebSite","@id":"https:\/\/beebipood.ee\/ru\/#website","url":"https:\/\/beebipood.ee\/ru\/","name":"Beebipood","description":"Lastekaubad, beebikaubad, m\u00e4nguasjad","publisher":{"@id":"https:\/\/beebipood.ee\/ru\/#organization"},"potentialAction":[{"@type":"SearchAction","target":{"@type":"EntryPoint","urlTemplate":"https:\/\/beebipood.ee\/ru\/?s={search_term_string}"},"query-input":{"@type":"PropertyValueSpecification","valueRequired":true,"valueName":"search_term_string"}}],"inLanguage":"ru-RU"},{"@type":"Organization","@id":"https:\/\/beebipood.ee\/ru\/#organization","name":"Beebipood","url":"https:\/\/beebipood.ee\/ru\/","logo":{"@type":"ImageObject","inLanguage":"ru-RU","@id":"https:\/\/beebipood.ee\/ru\/#\/schema\/logo\/image\/","url":"https:\/\/beebipood.ee\/wp-content\/uploads\/2025\/03\/beebipood.ee-logo-1.svg","contentUrl":"https:\/\/beebipood.ee\/wp-content\/uploads\/2025\/03\/beebipood.ee-logo-1.svg","caption":"Beebipood"},"image":{"@id":"https:\/\/beebipood.ee\/ru\/#\/schema\/logo\/image\/"}}]}},"brands":[{"id":11961,"name":"Maxi-Cosi","slug":"maxi-cosi-ru"}],"_links":{"self":[{"href":"https:\/\/beebipood.ee\/ru\/wp-json\/wp\/v2\/product\/506011","targetHints":{"allow":["GET"]}}],"collection":[{"href":"https:\/\/beebipood.ee\/ru\/wp-json\/wp\/v2\/product"}],"about":[{"href":"https:\/\/beebipood.ee\/ru\/wp-json\/wp\/v2\/types\/product"}],"wp:featuredmedia":[{"embeddable":true,"href":"https:\/\/beebipood.ee\/ru\/wp-json\/wp\/v2\/media\/506013"}],"wp:attachment":[{"href":"https:\/\/beebipood.ee\/ru\/wp-json\/wp\/v2\/media?parent=506011"}],"wp:term":[{"taxonomy":"pwb-brand","embeddable":true,"href":"https:\/\/beebipood.ee\/ru\/wp-json\/wp\/v2\/pwb-brand?post=506011"},{"taxonomy":"product_brand","embeddable":true,"href":"https:\/\/beebipood.ee\/ru\/wp-json\/wp\/v2\/product_brand?post=506011"},{"taxonomy":"product_cat","embeddable":true,"href":"https:\/\/beebipood.ee\/ru\/wp-json\/wp\/v2\/product_cat?post=506011"},{"taxonomy":"product_tag","embeddable":true,"href":"https:\/\/beebipood.ee\/ru\/wp-json\/wp\/v2\/product_tag?post=506011"}],"curies":[{"name":"wp","href":"https:\/\/api.w.org\/{rel}","templated":true}]}}