{"id":506522,"date":"2025-08-28T14:25:18","date_gmt":"2025-08-28T11:25:18","guid":{"rendered":"https:\/\/beebipood.ee\/?post_type=product&#038;p=506522"},"modified":"2025-08-28T14:33:09","modified_gmt":"2025-08-28T11:33:09","slug":"thule-spring-2-jalutuskaru-komplekt-2in1-mist-green-black","status":"publish","type":"product","link":"https:\/\/beebipood.ee\/ru\/produkt\/thule-spring-2-jalutuskaru-komplekt-2in1-mist-green-black\/","title":{"rendered":"Thule Spring 2 jalutusk\u00e4ru komplekt 2in1, Mist Green\/Black"},"content":{"rendered":"<p><strong>Kompaktne igap\u00e4evane jalutusk\u00e4ru<\/strong><br \/>\nKombineerides elegantset man\u00f6\u00f6verdusv\u00f5imet ja v\u00f5rreldamatut kasutuslihtsust,<br \/>\non Thule Spring 2 teie t\u00e4iuslik partner igap\u00e4evaseks seikluseks.<br \/>\nOlenemata sellest, kas avastate linna v\u00f5i eba\u00fchtlast maastikku,<br \/>\ntagab Thule Spring 2 teie lapsele sujuva ja mugava s\u00f5idu iga p\u00e4ev ja igal pool.<br \/>\n<strong>Kogu p\u00e4eva mugavus<\/strong><br \/>\nKogege parimat mugavust ja mitmek\u00fclgsust Thule Spring 2-ga.<br \/>\nSisseehitatud jalatoe ja pehmemate vedrustusega<br \/>\nsaab teie laps nautida sujuvat ja mugavat s\u00f5itu igal maastikul.<br \/>\nPikendatav ventilatsiooniga kaarvari.<br \/>\nSpring 2 elegantne disain ja suured rehvid<br \/>\ntagavad \u00fcletamatu man\u00f6\u00f6verdusv\u00f5ime ja \u00fclihea vedrustuse.<br \/>\nKohandage jalutusk\u00e4ru vastavalt oma vajadustele praktiliste tarvikutega,<br \/>\nnagu Thule Spring turvah\u00e4lli adapterid, Thule Spring vihmakile<br \/>\nja Thule Spring turvakaar.<br \/>\nLisaks muudab Thule Spring 2 \u00fche k\u00e4ega kokkupandav kompaktne disain<br \/>\nja avar pakikorv hoiustamise ja transportimise lihtsaks.<br \/>\n<strong>Valmis kasutamiseks esimesest p\u00e4evast alates<\/strong><br \/>\nT\u00e4nu \u00fchilduvusele Thule h\u00e4lliga, kasutades h\u00e4lli adapterit,<br \/>\nsaate nautida kompaktse jalutusk\u00e4ru mitmek\u00fclgsust koos t\u00e4issuuruses h\u00e4lli mugavusega.<br \/>\nSee lisatud \u00fchilduvus teeb Thule Spring 2-st t\u00e4iusliku reisikaaslase,<br \/>\nandes samal ajal teie vasts\u00fcndinule kaitstud ja hubase koha liikvel olles magamiseks.<\/p>\n<p>\u00dche k\u00e4ega kiirelt kokkupandav<br \/>\nKompaktne ja ainulaadne 3D-kokkupandavus;<br \/>\ntagarattad volditakse kokku ning k\u00e4ru seisab iseseisvalt<br \/>\nja mahub mugavalt pakiruumi ja esikusses<br \/>\n\u00dche k\u00e4ega reguleeritav l\u00fckkesang<br \/>\nT\u00e4iustatud mugavus t\u00e4nu uuendatud pehmele vahtplastist p\u00f6\u00f6rlevale esirattale,<br \/>\nmillel on vedrustus ja mida saab lukustada fikseeritud asendisse,<br \/>\net tagada mugav s\u00f5it k\u00f5ikjal<br \/>\nH\u00e4sti ventileeritud kaarvari koos l\u00e4bipaistva v\u00f5rguga,<br \/>\nmis v\u00f5imaldab piiluda ning annab teie lapsele meeldiva s\u00f5idu iga ilmaga<br \/>\nSisse-ehitatud jalatugi pakub t\u00e4islamavat asendit<br \/>\nja mugavust liikvel olles magamiseks<br \/>\nT\u00e4iuslik reisis\u00fcsteem alates s\u00fcnnist:<br \/>\n\u00fchendage see vakrikorvi v\u00f5i turvah\u00e4lliga sujuvaks \u00fcleminekuks<br \/>\nSuur pikendatav varikatus rebenemiskindlast kangast j<br \/>\na integreeritud pikendus, mis kaitseb madala p\u00e4ikese eest ja pakub UPF 50+ UV-kaitset<br \/>\nHooldusvabad pehme vahuga t\u00e4idetud 21,5cm rehvid sujuvaks s\u00f5iduks ebatasasel pinnal<br \/>\nViiepunkti turvarihm kindlaks s\u00f5iduks<br \/>\n<strong>Tehnilised andmed<\/strong><br \/>\nKandev\u00f5ime 30 kg<br \/>\nM\u00f5\u00f5tmed kokkupandult 75 \u00d7 45 \u00d7 39<br \/>\nKaal 10.8 kg<br \/>\nLaius 64 cm<br \/>\nRataste suurus: ees 21,5cm ja taga 21,5cm<br \/>\nTurvarihm 5-punkti<br \/>\nVastab ohutusstandarditele Jah<\/p>\n<p><strong>Thule vankrikorv<\/strong> muudab teie k\u00e4ru hetkega mugavaks lapsevankriks.<br \/>\nSeda on lihtne jalutusk\u00e4ru k\u00fclge kinnitada lihtsa kl\u00f5psatava paigaldisena.<br \/>\nVankrikorv sobib ideaalselt 0-6 kuu vanustele imikutele<br \/>\nning sisaldab vankrikorvi p\u00f5lle ja ventileeritavat madratsit,<br \/>\net imikul oleks mugav. Kui olete oma jalutusk\u00e4igu l\u00f5petanud,<br \/>\nsaab vankrikorvi jalutusk\u00e4rust h\u00f5lpsalt ja vaikselt eemaldada.<br \/>\nVentileeritava p\u00f5hja ja madratsiga ruumikas ja mugav vankrikorv<br \/>\nPikendatav ja ventileeritav varikatus muudab s\u00f5idu lapse jaoks mugavaks iga ilmaga.<br \/>\nVarikatus kaitseb p\u00e4ikese ja UV-kiirguse eest (UPF 50 ja \u00fcle selle)<br \/>\nEemaldatav ja v\u00f5rkkattega madrats masinpestava kattega<br \/>\nPehme ja hubane sisemine v\u00f5rkkangas beebi mugavuse jaoks,<br \/>\nv\u00e4lisk\u00fcljel on vastupidav vetth\u00fclgav ripstop-kangas<br \/>\nLihtsasti paigaldatavad sisse-\/v\u00e4ljakl\u00f5psatavad vankrikorvi adapterid teie lapsevankri mudelile<br \/>\nHelkurdetailid nii varikatuse \u00e4\u00e4rel kui ka vankrikorvi p\u00f5hjal tagavad h\u00e4maras parema n\u00e4htavuse<br \/>\nErgonoomiline k\u00e4epide kergemaks kandmiseks<br \/>\nSobib: <em>Thule Spring 2<\/em>, Thule Urban Glide 3 single,<br \/>\nThule Urban Glide 3 double ja Thule Urban Glide 4-Wheel jalutusk\u00e4rudele.<br \/>\n<strong>Tehnilised andmed<\/strong><br \/>\nM\u00f5\u00f5dud: P 83 x L 31 cm<br \/>\nSisem\u00f5\u00f5du: P 75 x L 30 cm<br \/>\nMaksimaalne kasutaja kaal: 9 kg<br \/>\nKaal: 6,5 kg<\/p>\n","protected":false},"excerpt":{"rendered":"<p>Kompaktne igap\u00e4evane jalutusk\u00e4ru Kombineerides elegantset man\u00f6\u00f6verdusv\u00f5imet ja v\u00f5rreldamatut kasutuslihtsust, on Thule Spring 2 teie t\u00e4iuslik partner igap\u00e4evaseks seikluseks. Olenemata sellest, kas avastate linna v\u00f5i eba\u00fchtlast maastikku, tagab Thule Spring 2 teie lapsele sujuva ja mugava s\u00f5idu iga p\u00e4ev ja igal pool. Kogu p\u00e4eva mugavus Kogege parimat mugavust ja mitmek\u00fclgsust Thule Spring 2-ga. Sisseehitatud jalatoe ja [&hellip;]<\/p>\n","protected":false},"featured_media":506524,"template":"","meta":{"_acf_changed":false},"pwb-brand":[11980],"product_brand":[],"product_cat":[11573,11847,11717],"product_tag":[],"class_list":{"0":"post-506522","1":"product","2":"type-product","3":"status-publish","4":"has-post-thumbnail","6":"pwb-brand-thule-ru","7":"product_cat-sooduspakkumised-ru","8":"product_cat-thule-ru","9":"product_cat-lastevankrid-ja-karud-ru","10":"pa_manufacturer-klups-ru","12":"first","13":"onbackorder","14":"sale","15":"taxable","16":"shipping-taxable","17":"purchasable","18":"product-type-simple"},"exclude_global_add_ons":[],"addons":[],"acf":[],"yoast_head":"<!-- This site is optimized with the Yoast SEO plugin v27.1.1 - https:\/\/yoast.com\/product\/yoast-seo-wordpress\/ -->\n<title>Seinakapp\/riiul Top Paris (pildiga), \u0428\u043a\u0430\u0444\u044b, \u043f\u043e\u043b\u043a\u0438, \u041a\u043d\u0438\u0436\u043d\u044b\u0435 \u043f\u043e\u043b\u043a\u0438, \u041d\u0430\u0441\u0442\u0435\u043d\u043d\u044b\u0435 \u043f\u043e\u043b\u043a\u0438, \u0414\u0435\u0442\u0441\u043a\u0430\u044f \u043c\u0435\u0431\u0435\u043b\u044c, Beebipood<\/title>\n<meta name=\"description\" content=\"Seinakapp\/riiul Top Paris (pildiga), kvaliteetsest m\u00f6\u00f6bliplaadist valmistatud pildiga seinakapp viimistlus: valge kapi\" \/>\n<meta name=\"robots\" content=\"index, follow, max-snippet:-1, max-image-preview:large, max-video-preview:-1\" \/>\n<link rel=\"canonical\" href=\"https:\/\/beebipood.ee\/ru\/produkt\/thule-spring-2-jalutuskaru-komplekt-2in1-mist-green-black\/\" \/>\n<meta property=\"og:locale\" content=\"ru_RU\" \/>\n<meta property=\"og:type\" content=\"article\" \/>\n<meta property=\"og:title\" content=\"Seinakapp\/riiul Top Paris (pildiga), \u0428\u043a\u0430\u0444\u044b, \u043f\u043e\u043b\u043a\u0438, \u041a\u043d\u0438\u0436\u043d\u044b\u0435 \u043f\u043e\u043b\u043a\u0438, \u041d\u0430\u0441\u0442\u0435\u043d\u043d\u044b\u0435 \u043f\u043e\u043b\u043a\u0438, \u0414\u0435\u0442\u0441\u043a\u0430\u044f \u043c\u0435\u0431\u0435\u043b\u044c, Beebipood\" \/>\n<meta property=\"og:description\" content=\"Seinakapp\/riiul Top Paris (pildiga), kvaliteetsest m\u00f6\u00f6bliplaadist valmistatud pildiga seinakapp viimistlus: valge kapi\" \/>\n<meta property=\"og:url\" content=\"https:\/\/beebipood.ee\/ru\/produkt\/thule-spring-2-jalutuskaru-komplekt-2in1-mist-green-black\/\" \/>\n<meta property=\"og:site_name\" content=\"Beebipood\" \/>\n<meta property=\"article:modified_time\" content=\"2025-08-28T11:33:09+00:00\" \/>\n<meta property=\"og:image\" content=\"https:\/\/beebipood.ee\/wp-content\/uploads\/2025\/08\/thule-spring-2-2in1-mist-green.jpg\" \/>\n\t<meta property=\"og:image:width\" content=\"1200\" \/>\n\t<meta property=\"og:image:height\" content=\"1111\" \/>\n\t<meta property=\"og:image:type\" content=\"image\/jpeg\" \/>\n<meta name=\"twitter:card\" content=\"summary_large_image\" \/>\n<meta name=\"twitter:label1\" content=\"\u041f\u0440\u0438\u043c\u0435\u0440\u043d\u043e\u0435 \u0432\u0440\u0435\u043c\u044f \u0434\u043b\u044f \u0447\u0442\u0435\u043d\u0438\u044f\" \/>\n\t<meta name=\"twitter:data1\" content=\"3 \u043c\u0438\u043d\u0443\u0442\u044b\" \/>\n<script type=\"application\/ld+json\" class=\"yoast-schema-graph\">{\"@context\":\"https:\/\/schema.org\",\"@graph\":[{\"@type\":\"WebPage\",\"@id\":\"https:\/\/beebipood.ee\/ru\/produkt\/thule-spring-2-jalutuskaru-komplekt-2in1-mist-green-black\/\",\"url\":\"https:\/\/beebipood.ee\/ru\/produkt\/thule-spring-2-jalutuskaru-komplekt-2in1-mist-green-black\/\",\"name\":\"Seinakapp\/riiul Top Paris (pildiga), \u0428\u043a\u0430\u0444\u044b, \u043f\u043e\u043b\u043a\u0438, \u041a\u043d\u0438\u0436\u043d\u044b\u0435 \u043f\u043e\u043b\u043a\u0438, \u041d\u0430\u0441\u0442\u0435\u043d\u043d\u044b\u0435 \u043f\u043e\u043b\u043a\u0438, \u0414\u0435\u0442\u0441\u043a\u0430\u044f \u043c\u0435\u0431\u0435\u043b\u044c, Beebipood\",\"isPartOf\":{\"@id\":\"https:\/\/beebipood.ee\/ru\/#website\"},\"primaryImageOfPage\":{\"@id\":\"https:\/\/beebipood.ee\/ru\/produkt\/thule-spring-2-jalutuskaru-komplekt-2in1-mist-green-black\/#primaryimage\"},\"image\":{\"@id\":\"https:\/\/beebipood.ee\/ru\/produkt\/thule-spring-2-jalutuskaru-komplekt-2in1-mist-green-black\/#primaryimage\"},\"thumbnailUrl\":\"https:\/\/beebipood.ee\/wp-content\/uploads\/2025\/08\/thule-spring-2-2in1-mist-green.jpg\",\"datePublished\":\"2025-08-28T11:25:18+00:00\",\"dateModified\":\"2025-08-28T11:33:09+00:00\",\"description\":\"Seinakapp\/riiul Top Paris (pildiga), kvaliteetsest m\u00f6\u00f6bliplaadist valmistatud pildiga seinakapp viimistlus: valge kapi\",\"breadcrumb\":{\"@id\":\"https:\/\/beebipood.ee\/ru\/produkt\/thule-spring-2-jalutuskaru-komplekt-2in1-mist-green-black\/#breadcrumb\"},\"inLanguage\":\"ru-RU\",\"potentialAction\":[{\"@type\":\"ReadAction\",\"target\":[\"https:\/\/beebipood.ee\/ru\/produkt\/thule-spring-2-jalutuskaru-komplekt-2in1-mist-green-black\/\"]}]},{\"@type\":\"ImageObject\",\"inLanguage\":\"ru-RU\",\"@id\":\"https:\/\/beebipood.ee\/ru\/produkt\/thule-spring-2-jalutuskaru-komplekt-2in1-mist-green-black\/#primaryimage\",\"url\":\"https:\/\/beebipood.ee\/wp-content\/uploads\/2025\/08\/thule-spring-2-2in1-mist-green.jpg\",\"contentUrl\":\"https:\/\/beebipood.ee\/wp-content\/uploads\/2025\/08\/thule-spring-2-2in1-mist-green.jpg\",\"width\":1200,\"height\":1111},{\"@type\":\"BreadcrumbList\",\"@id\":\"https:\/\/beebipood.ee\/ru\/produkt\/thule-spring-2-jalutuskaru-komplekt-2in1-mist-green-black\/#breadcrumb\",\"itemListElement\":[{\"@type\":\"ListItem\",\"position\":1,\"name\":\"Home\",\"item\":\"https:\/\/beebipood.ee\/ru\/\"},{\"@type\":\"ListItem\",\"position\":2,\"name\":\"\u041a\u0430\u0442\u0430\u043b\u043e\u0433 \u0442\u043e\u0432\u0430\u0440\u043e\u0432\",\"item\":\"https:\/\/beebipood.ee\/tooted\/\"},{\"@type\":\"ListItem\",\"position\":3,\"name\":\"Thule Spring 2 jalutusk\u00e4ru komplekt 2in1, Mist Green\/Black\"}]},{\"@type\":\"WebSite\",\"@id\":\"https:\/\/beebipood.ee\/ru\/#website\",\"url\":\"https:\/\/beebipood.ee\/ru\/\",\"name\":\"Beebipood\",\"description\":\"Lastekaubad, beebikaubad, m\u00e4nguasjad\",\"publisher\":{\"@id\":\"https:\/\/beebipood.ee\/ru\/#organization\"},\"potentialAction\":[{\"@type\":\"SearchAction\",\"target\":{\"@type\":\"EntryPoint\",\"urlTemplate\":\"https:\/\/beebipood.ee\/ru\/?s={search_term_string}\"},\"query-input\":{\"@type\":\"PropertyValueSpecification\",\"valueRequired\":true,\"valueName\":\"search_term_string\"}}],\"inLanguage\":\"ru-RU\"},{\"@type\":\"Organization\",\"@id\":\"https:\/\/beebipood.ee\/ru\/#organization\",\"name\":\"Beebipood\",\"url\":\"https:\/\/beebipood.ee\/ru\/\",\"logo\":{\"@type\":\"ImageObject\",\"inLanguage\":\"ru-RU\",\"@id\":\"https:\/\/beebipood.ee\/ru\/#\/schema\/logo\/image\/\",\"url\":\"https:\/\/beebipood.ee\/wp-content\/uploads\/2025\/03\/beebipood.ee-logo-1.svg\",\"contentUrl\":\"https:\/\/beebipood.ee\/wp-content\/uploads\/2025\/03\/beebipood.ee-logo-1.svg\",\"caption\":\"Beebipood\"},\"image\":{\"@id\":\"https:\/\/beebipood.ee\/ru\/#\/schema\/logo\/image\/\"}}]}<\/script>\n<!-- \/ Yoast SEO plugin. -->","yoast_head_json":{"title":"Seinakapp\/riiul Top Paris (pildiga), \u0428\u043a\u0430\u0444\u044b, \u043f\u043e\u043b\u043a\u0438, \u041a\u043d\u0438\u0436\u043d\u044b\u0435 \u043f\u043e\u043b\u043a\u0438, \u041d\u0430\u0441\u0442\u0435\u043d\u043d\u044b\u0435 \u043f\u043e\u043b\u043a\u0438, \u0414\u0435\u0442\u0441\u043a\u0430\u044f \u043c\u0435\u0431\u0435\u043b\u044c, Beebipood","description":"Seinakapp\/riiul Top Paris (pildiga), kvaliteetsest m\u00f6\u00f6bliplaadist valmistatud pildiga seinakapp viimistlus: valge kapi","robots":{"index":"index","follow":"follow","max-snippet":"max-snippet:-1","max-image-preview":"max-image-preview:large","max-video-preview":"max-video-preview:-1"},"canonical":"https:\/\/beebipood.ee\/ru\/produkt\/thule-spring-2-jalutuskaru-komplekt-2in1-mist-green-black\/","og_locale":"ru_RU","og_type":"article","og_title":"Seinakapp\/riiul Top Paris (pildiga), \u0428\u043a\u0430\u0444\u044b, \u043f\u043e\u043b\u043a\u0438, \u041a\u043d\u0438\u0436\u043d\u044b\u0435 \u043f\u043e\u043b\u043a\u0438, \u041d\u0430\u0441\u0442\u0435\u043d\u043d\u044b\u0435 \u043f\u043e\u043b\u043a\u0438, \u0414\u0435\u0442\u0441\u043a\u0430\u044f \u043c\u0435\u0431\u0435\u043b\u044c, Beebipood","og_description":"Seinakapp\/riiul Top Paris (pildiga), kvaliteetsest m\u00f6\u00f6bliplaadist valmistatud pildiga seinakapp viimistlus: valge kapi","og_url":"https:\/\/beebipood.ee\/ru\/produkt\/thule-spring-2-jalutuskaru-komplekt-2in1-mist-green-black\/","og_site_name":"Beebipood","article_modified_time":"2025-08-28T11:33:09+00:00","og_image":[{"width":1200,"height":1111,"url":"https:\/\/beebipood.ee\/wp-content\/uploads\/2025\/08\/thule-spring-2-2in1-mist-green.jpg","type":"image\/jpeg"}],"twitter_card":"summary_large_image","twitter_misc":{"\u041f\u0440\u0438\u043c\u0435\u0440\u043d\u043e\u0435 \u0432\u0440\u0435\u043c\u044f \u0434\u043b\u044f \u0447\u0442\u0435\u043d\u0438\u044f":"3 \u043c\u0438\u043d\u0443\u0442\u044b"},"schema":{"@context":"https:\/\/schema.org","@graph":[{"@type":"WebPage","@id":"https:\/\/beebipood.ee\/ru\/produkt\/thule-spring-2-jalutuskaru-komplekt-2in1-mist-green-black\/","url":"https:\/\/beebipood.ee\/ru\/produkt\/thule-spring-2-jalutuskaru-komplekt-2in1-mist-green-black\/","name":"Seinakapp\/riiul Top Paris (pildiga), \u0428\u043a\u0430\u0444\u044b, \u043f\u043e\u043b\u043a\u0438, \u041a\u043d\u0438\u0436\u043d\u044b\u0435 \u043f\u043e\u043b\u043a\u0438, \u041d\u0430\u0441\u0442\u0435\u043d\u043d\u044b\u0435 \u043f\u043e\u043b\u043a\u0438, \u0414\u0435\u0442\u0441\u043a\u0430\u044f \u043c\u0435\u0431\u0435\u043b\u044c, Beebipood","isPartOf":{"@id":"https:\/\/beebipood.ee\/ru\/#website"},"primaryImageOfPage":{"@id":"https:\/\/beebipood.ee\/ru\/produkt\/thule-spring-2-jalutuskaru-komplekt-2in1-mist-green-black\/#primaryimage"},"image":{"@id":"https:\/\/beebipood.ee\/ru\/produkt\/thule-spring-2-jalutuskaru-komplekt-2in1-mist-green-black\/#primaryimage"},"thumbnailUrl":"https:\/\/beebipood.ee\/wp-content\/uploads\/2025\/08\/thule-spring-2-2in1-mist-green.jpg","datePublished":"2025-08-28T11:25:18+00:00","dateModified":"2025-08-28T11:33:09+00:00","description":"Seinakapp\/riiul Top Paris (pildiga), kvaliteetsest m\u00f6\u00f6bliplaadist valmistatud pildiga seinakapp viimistlus: valge kapi","breadcrumb":{"@id":"https:\/\/beebipood.ee\/ru\/produkt\/thule-spring-2-jalutuskaru-komplekt-2in1-mist-green-black\/#breadcrumb"},"inLanguage":"ru-RU","potentialAction":[{"@type":"ReadAction","target":["https:\/\/beebipood.ee\/ru\/produkt\/thule-spring-2-jalutuskaru-komplekt-2in1-mist-green-black\/"]}]},{"@type":"ImageObject","inLanguage":"ru-RU","@id":"https:\/\/beebipood.ee\/ru\/produkt\/thule-spring-2-jalutuskaru-komplekt-2in1-mist-green-black\/#primaryimage","url":"https:\/\/beebipood.ee\/wp-content\/uploads\/2025\/08\/thule-spring-2-2in1-mist-green.jpg","contentUrl":"https:\/\/beebipood.ee\/wp-content\/uploads\/2025\/08\/thule-spring-2-2in1-mist-green.jpg","width":1200,"height":1111},{"@type":"BreadcrumbList","@id":"https:\/\/beebipood.ee\/ru\/produkt\/thule-spring-2-jalutuskaru-komplekt-2in1-mist-green-black\/#breadcrumb","itemListElement":[{"@type":"ListItem","position":1,"name":"Home","item":"https:\/\/beebipood.ee\/ru\/"},{"@type":"ListItem","position":2,"name":"\u041a\u0430\u0442\u0430\u043b\u043e\u0433 \u0442\u043e\u0432\u0430\u0440\u043e\u0432","item":"https:\/\/beebipood.ee\/tooted\/"},{"@type":"ListItem","position":3,"name":"Thule Spring 2 jalutusk\u00e4ru komplekt 2in1, Mist Green\/Black"}]},{"@type":"WebSite","@id":"https:\/\/beebipood.ee\/ru\/#website","url":"https:\/\/beebipood.ee\/ru\/","name":"Beebipood","description":"Lastekaubad, beebikaubad, m\u00e4nguasjad","publisher":{"@id":"https:\/\/beebipood.ee\/ru\/#organization"},"potentialAction":[{"@type":"SearchAction","target":{"@type":"EntryPoint","urlTemplate":"https:\/\/beebipood.ee\/ru\/?s={search_term_string}"},"query-input":{"@type":"PropertyValueSpecification","valueRequired":true,"valueName":"search_term_string"}}],"inLanguage":"ru-RU"},{"@type":"Organization","@id":"https:\/\/beebipood.ee\/ru\/#organization","name":"Beebipood","url":"https:\/\/beebipood.ee\/ru\/","logo":{"@type":"ImageObject","inLanguage":"ru-RU","@id":"https:\/\/beebipood.ee\/ru\/#\/schema\/logo\/image\/","url":"https:\/\/beebipood.ee\/wp-content\/uploads\/2025\/03\/beebipood.ee-logo-1.svg","contentUrl":"https:\/\/beebipood.ee\/wp-content\/uploads\/2025\/03\/beebipood.ee-logo-1.svg","caption":"Beebipood"},"image":{"@id":"https:\/\/beebipood.ee\/ru\/#\/schema\/logo\/image\/"}}]}},"brands":[{"id":11980,"name":"THULE","slug":"thule-ru"}],"_links":{"self":[{"href":"https:\/\/beebipood.ee\/ru\/wp-json\/wp\/v2\/product\/506522","targetHints":{"allow":["GET"]}}],"collection":[{"href":"https:\/\/beebipood.ee\/ru\/wp-json\/wp\/v2\/product"}],"about":[{"href":"https:\/\/beebipood.ee\/ru\/wp-json\/wp\/v2\/types\/product"}],"wp:featuredmedia":[{"embeddable":true,"href":"https:\/\/beebipood.ee\/ru\/wp-json\/wp\/v2\/media\/506524"}],"wp:attachment":[{"href":"https:\/\/beebipood.ee\/ru\/wp-json\/wp\/v2\/media?parent=506522"}],"wp:term":[{"taxonomy":"pwb-brand","embeddable":true,"href":"https:\/\/beebipood.ee\/ru\/wp-json\/wp\/v2\/pwb-brand?post=506522"},{"taxonomy":"product_brand","embeddable":true,"href":"https:\/\/beebipood.ee\/ru\/wp-json\/wp\/v2\/product_brand?post=506522"},{"taxonomy":"product_cat","embeddable":true,"href":"https:\/\/beebipood.ee\/ru\/wp-json\/wp\/v2\/product_cat?post=506522"},{"taxonomy":"product_tag","embeddable":true,"href":"https:\/\/beebipood.ee\/ru\/wp-json\/wp\/v2\/product_tag?post=506522"}],"curies":[{"name":"wp","href":"https:\/\/api.w.org\/{rel}","templated":true}]}}