{"id":506890,"date":"2026-03-23T07:45:16","date_gmt":"2026-03-23T05:45:16","guid":{"rendered":"https:\/\/beebipood.ee\/?post_type=product&#038;p=506890"},"modified":"2026-03-23T08:03:27","modified_gmt":"2026-03-23T06:03:27","slug":"nari-majavoodi-antresola-trepiga-90x200-natural","status":"publish","type":"product","link":"https:\/\/beebipood.ee\/ru\/produkt\/nari-majavoodi-antresola-trepiga-90x200-natural\/","title":{"rendered":"Nari majavoodi Antresola trepiga 90\u00d7200, natural"},"content":{"rendered":"<h2 data-section-id=\"vsnnym\" data-start=\"0\" data-end=\"69\"><span role=\"text\">\ud83d\udecf\ufe0f\u00a0<strong data-start=\"7\" data-end=\"69\">M\u00e4nguline narivoodi \u2013 magamiseks ja seiklusteks<\/strong><\/span><\/h2>\n<p data-start=\"71\" data-end=\"279\">Muuda lapse tuba t\u00f5eliseks unistuste maailmaks!<br data-start=\"118\" data-end=\"121\" \/>See\u00a0<strong data-start=\"125\" data-end=\"163\">majakujuline narivoodi trepiga <\/strong>\u00fchendab endas mugava magamiskoha ja l\u00f5busa m\u00e4nguala \u2013 koht, kus s\u00fcnnivad nii magusad uned kui ka r\u00f5\u00f5msad seiklused.<\/p>\n<hr data-start=\"281\" data-end=\"284\" \/>\n<h3 data-section-id=\"cr3v58\" data-start=\"286\" data-end=\"318\">\ud83c\udf1f Rohkem kui lihtsalt voodi<\/h3>\n<p data-start=\"320\" data-end=\"516\">See nutikas lahendus ei ole ainult magamiseks \u2013 see on ka\u00a0<strong data-start=\"378\" data-end=\"410\">v\u00e4ike m\u00e4nguv\u00e4ljak lapse toas<\/strong>.<\/p>\n<hr data-start=\"518\" data-end=\"521\" \/>\n<h3 data-section-id=\"tpytm1\" data-start=\"523\" data-end=\"548\">\ud83e\uddf8 Mugav ja turvaline<\/h3>\n<ul data-start=\"550\" data-end=\"781\">\n<li data-section-id=\"11ze2tg\" data-start=\"550\" data-end=\"613\"><strong data-start=\"552\" data-end=\"578\">Magamisala 90 \u00d7 200 cm<\/strong>\u00a0\u2013 piisavalt ruumi mugavaks uneks<\/li>\n<li data-section-id=\"1yi87pe\" data-start=\"614\" data-end=\"656\">Vali lisaks\u00a0<strong data-start=\"627\" data-end=\"654\">pehme ja toetav madrats\u00a0<\/strong><\/li>\n<li data-section-id=\"1yi87pe\" data-start=\"614\" data-end=\"656\">Voodi alla saab tekitada lisamagamiskoha m\u00f5\u00f5duga 90\u00d7200<\/li>\n<li data-section-id=\"1yi87pe\" data-start=\"614\" data-end=\"656\">V\u00f5id valida madratis ka kataloogist\u00a0<a href=\"https:\/\/beebipood.ee\/tootekategooria\/lastemoobel-ja-sisustus\/madratsid-ja-kattemadratsid\/kuni-90cm-laiused\/\">SIIN<\/a><\/li>\n<li data-section-id=\"17tg4w5\" data-start=\"657\" data-end=\"690\"><strong data-start=\"659\" data-end=\"675\">Turvapiirded<\/strong>\u00a0lisakaitseks<\/li>\n<li data-section-id=\"1ye1sa9\" data-start=\"691\" data-end=\"740\">\u00dcmarad servad (R2) v\u00e4hendavad vigastuste ohtu<\/li>\n<li data-section-id=\"1sfmfcs\" data-start=\"741\" data-end=\"781\">Maksimaalne kandev\u00f5ime kuni\u00a0<strong data-start=\"771\" data-end=\"781\">100 kg<\/strong><\/li>\n<li data-section-id=\"1sfmfcs\" data-start=\"741\" data-end=\"781\">Sertifitseeritud voodi \u2013 kvaliteet ja ohutus vastavalt T\u00dcV standarditele.<\/li>\n<\/ul>\n<hr data-start=\"783\" data-end=\"786\" \/>\n<h3 data-section-id=\"1aqrvdv\" data-start=\"788\" data-end=\"827\">\ud83e\udeb5 Kvaliteetne ja vastupidav disain<\/h3>\n<ul data-start=\"829\" data-end=\"1039\">\n<li data-section-id=\"y2exss\" data-start=\"829\" data-end=\"874\">Valmistatud\u00a0<strong data-start=\"843\" data-end=\"872\">looduslikust m\u00e4nnipuidust<\/strong><\/li>\n<li data-section-id=\"1eyqopg\" data-start=\"875\" data-end=\"912\">Tugev ja stabiilne konstruktsioon<\/li>\n<li data-section-id=\"pjl44k\" data-start=\"913\" data-end=\"989\">Kaunis kombinatsioon naturaalsest puidutoonist ja heledatest detailidest<\/li>\n<li data-section-id=\"1xkn8cx\" data-start=\"990\" data-end=\"1039\">Hubane ja ajatu v\u00e4limus sobib igasse lastetuppa<\/li>\n<\/ul>\n<hr data-start=\"1041\" data-end=\"1044\" \/>\n<h3 data-section-id=\"l03uvq\" data-start=\"1046\" data-end=\"1077\">\ud83c\udfa0 M\u00e4ng ja praktilisus \u00fches<\/h3>\n<ul data-start=\"1079\" data-end=\"1314\">\n<li data-section-id=\"o87b7v\" data-start=\"1129\" data-end=\"1207\"><strong data-start=\"1131\" data-end=\"1159\">Trepp koos panipaikadega<\/strong>\u00a0\u2013 mugav ja nutikas lahendus asjade hoidmiseks<\/li>\n<li data-section-id=\"1k3uupv\" data-start=\"1208\" data-end=\"1257\"><strong data-start=\"1210\" data-end=\"1226\">Katus ja aknaga<\/strong>\u00a0\u201cmajake\u201d\u2013 loob hubase tunde<\/li>\n<li data-section-id=\"g7ql7x\" data-start=\"1258\" data-end=\"1314\">Ideaalne ka\u00a0<strong data-start=\"1272\" data-end=\"1299\">v\u00e4iksematesse tubadesse<\/strong>, s\u00e4\u00e4stes ruumi<\/li>\n<\/ul>\n<hr data-start=\"1316\" data-end=\"1319\" \/>\n<h3 data-section-id=\"1vllfuw\" data-start=\"1321\" data-end=\"1338\">\ud83d\udce6 Komplektis<\/h3>\n<ul data-start=\"1340\" data-end=\"1568\">\n<li data-section-id=\"14vmt3a\" data-start=\"1340\" data-end=\"1368\">Narivoodi konstruktsioon<\/li>\n<li data-section-id=\"1ykdvs8\" data-start=\"1369\" data-end=\"1419\">Madrats (vali lisaks)<\/li>\n<li data-section-id=\"1vz5loo\" data-start=\"1433\" data-end=\"1456\">Trepp panipaikadega<\/li>\n<li data-section-id=\"183okcr\" data-start=\"1457\" data-end=\"1471\">Turvapiire<\/li>\n<li data-section-id=\"1gyzr03\" data-start=\"1472\" data-end=\"1539\">Vastupidav voodip\u00f5hi (kasepuidust liistud, kiire click-s\u00fcsteem)<\/li>\n<\/ul>\n<hr data-start=\"1570\" data-end=\"1573\" \/>\n<h3 data-section-id=\"fzqi9d\" data-start=\"1575\" data-end=\"1612\">\ud83d\udc9b Lapse lemmikkoht igaks p\u00e4evaks<\/h3>\n<p data-start=\"1614\" data-end=\"1817\">See voodi on loodud aktiivsetele lastele, kes armastavad m\u00e4ngida, avastada ja unistada.<br data-start=\"1701\" data-end=\"1704\" \/>Turvaline, praktiline ja r\u00f5\u00f5mu t\u00e4is \u2013 ideaalne valik peredele, kes soovivad \u00fchendada\u00a0<strong data-start=\"1789\" data-end=\"1816\">mugavuse ja m\u00e4ngulisuse<\/strong>.<\/p>\n<hr data-start=\"1819\" data-end=\"1823\" \/>\n<p data-start=\"1825\" data-end=\"1912\" data-is-last-node=\"\" data-is-only-node=\"\">\u2728\u00a0<strong data-start=\"1827\" data-end=\"1912\" data-is-last-node=\"\">T\u00e4iuslik lahendus lapsele, kelle tuba v\u00f5iks olla natuke rohkem kui lihtsalt tuba.<\/strong><\/p>\n","protected":false},"excerpt":{"rendered":"<p>\ud83d\udecf\ufe0f\u00a0M\u00e4nguline narivoodi \u2013 magamiseks ja seiklusteks Muuda lapse tuba t\u00f5eliseks unistuste maailmaks!See\u00a0majakujuline narivoodi trepiga \u00fchendab endas mugava magamiskoha ja l\u00f5busa m\u00e4nguala \u2013 koht, kus s\u00fcnnivad nii magusad uned kui ka r\u00f5\u00f5msad seiklused. \ud83c\udf1f Rohkem kui lihtsalt voodi See nutikas lahendus ei ole ainult magamiseks \u2013 see on ka\u00a0v\u00e4ike m\u00e4nguv\u00e4ljak lapse toas. \ud83e\uddf8 Mugav ja turvaline [&hellip;]<\/p>\n","protected":false},"featured_media":506898,"template":"","meta":{"_acf_changed":false},"pwb-brand":[],"product_brand":[],"product_cat":[11573,11575,11583,11557,11585,11789],"product_tag":[],"class_list":{"0":"post-506890","1":"product","2":"type-product","3":"status-publish","4":"has-post-thumbnail","6":"product_cat-sooduspakkumised-ru","7":"product_cat-uued-tooted-ru","8":"product_cat-narid-laiusega-90cm-ru","9":"product_cat-narid-ru","10":"product_cat-erilahendused-ru","11":"product_cat-lastemoobel-ja-sisustus-ru","13":"first","14":"onbackorder","15":"sale","16":"taxable","17":"shipping-taxable","18":"purchasable","19":"product-type-simple"},"exclude_global_add_ons":false,"addons":[{"name":"Madratsite komplekt","type":"multiple_choice","position":0,"required":true,"title_format":"heading","default":"","description_enable":false,"description":"","placeholder_enable":false,"placeholder":"","display":"images","restrictions_type":"any_text","adjust_price":false,"price":"","price_type":"flat_fee","restrictions":false,"min":"0","max":"0","options":[{"label":"Ei soovi madratseid","price":"","price_type":"quantity_based","image":500983,"visibility":true},{"label":"Soovin madratseid (2tk)","price":"40.0000","price_type":"quantity_based","image":500985,"visibility":true}],"id":1756997068}],"acf":[],"yoast_head":"<!-- This site is optimized with the Yoast SEO plugin v27.3 - https:\/\/yoast.com\/product\/yoast-seo-wordpress\/ -->\n<title>Narivoodi Kacper 90x190, lakk , \u041d\u0430\u0440\u044b, \u041d\u0430\u0440\u044b \u0448\u0438\u0440\u0438\u043d\u043e\u0439 90c\u043c, M\u0435\u0431\u0435\u043b\u044c, Beebipood<\/title>\n<meta name=\"description\" content=\"Narivoodi Kacper 90x190, lakk , * kvaliteetsest sertifitseeritud FSC m\u00e4nnipuidust valmistatud nari* k\u00f5ik servad on \u00fcmardatud* t&amp;\" \/>\n<meta name=\"robots\" content=\"index, follow, max-snippet:-1, max-image-preview:large, max-video-preview:-1\" \/>\n<link rel=\"canonical\" href=\"https:\/\/beebipood.ee\/ru\/produkt\/nari-majavoodi-antresola-trepiga-90x200-natural\/\" \/>\n<meta property=\"og:locale\" content=\"ru_RU\" \/>\n<meta property=\"og:type\" content=\"article\" \/>\n<meta property=\"og:title\" content=\"Narivoodi Kacper 90x190, lakk , \u041d\u0430\u0440\u044b, \u041d\u0430\u0440\u044b \u0448\u0438\u0440\u0438\u043d\u043e\u0439 90c\u043c, M\u0435\u0431\u0435\u043b\u044c, Beebipood\" \/>\n<meta property=\"og:description\" content=\"Narivoodi Kacper 90x190, lakk , * kvaliteetsest sertifitseeritud FSC m\u00e4nnipuidust valmistatud nari* k\u00f5ik servad on \u00fcmardatud* t&amp;\" \/>\n<meta property=\"og:url\" content=\"https:\/\/beebipood.ee\/ru\/produkt\/nari-majavoodi-antresola-trepiga-90x200-natural\/\" \/>\n<meta property=\"og:site_name\" content=\"Beebipood\" \/>\n<meta property=\"article:modified_time\" content=\"2026-03-23T06:03:27+00:00\" \/>\n<meta property=\"og:image\" content=\"https:\/\/beebipood.ee\/wp-content\/uploads\/2025\/09\/nari-majavoodi-antresola-trepiga-90\u00d7200-natural.webp\" \/>\n\t<meta property=\"og:image:width\" content=\"1200\" \/>\n\t<meta property=\"og:image:height\" content=\"799\" \/>\n\t<meta property=\"og:image:type\" content=\"image\/webp\" \/>\n<meta name=\"twitter:card\" content=\"summary_large_image\" \/>\n<meta name=\"twitter:label1\" content=\"\u041f\u0440\u0438\u043c\u0435\u0440\u043d\u043e\u0435 \u0432\u0440\u0435\u043c\u044f \u0434\u043b\u044f \u0447\u0442\u0435\u043d\u0438\u044f\" \/>\n\t<meta name=\"twitter:data1\" content=\"2 \u043c\u0438\u043d\u0443\u0442\u044b\" \/>\n<script type=\"application\/ld+json\" class=\"yoast-schema-graph\">{\"@context\":\"https:\\\/\\\/schema.org\",\"@graph\":[{\"@type\":\"WebPage\",\"@id\":\"https:\\\/\\\/beebipood.ee\\\/ru\\\/produkt\\\/nari-majavoodi-antresola-trepiga-90x200-natural\\\/\",\"url\":\"https:\\\/\\\/beebipood.ee\\\/ru\\\/produkt\\\/nari-majavoodi-antresola-trepiga-90x200-natural\\\/\",\"name\":\"Narivoodi Kacper 90x190, lakk , \u041d\u0430\u0440\u044b, \u041d\u0430\u0440\u044b \u0448\u0438\u0440\u0438\u043d\u043e\u0439 90c\u043c, M\u0435\u0431\u0435\u043b\u044c, Beebipood\",\"isPartOf\":{\"@id\":\"https:\\\/\\\/beebipood.ee\\\/ru\\\/#website\"},\"primaryImageOfPage\":{\"@id\":\"https:\\\/\\\/beebipood.ee\\\/ru\\\/produkt\\\/nari-majavoodi-antresola-trepiga-90x200-natural\\\/#primaryimage\"},\"image\":{\"@id\":\"https:\\\/\\\/beebipood.ee\\\/ru\\\/produkt\\\/nari-majavoodi-antresola-trepiga-90x200-natural\\\/#primaryimage\"},\"thumbnailUrl\":\"https:\\\/\\\/beebipood.ee\\\/wp-content\\\/uploads\\\/2025\\\/09\\\/nari-majavoodi-antresola-trepiga-90\u00d7200-natural.webp\",\"datePublished\":\"2026-03-23T05:45:16+00:00\",\"dateModified\":\"2026-03-23T06:03:27+00:00\",\"description\":\"Narivoodi Kacper 90x190, lakk , * kvaliteetsest sertifitseeritud FSC m\u00e4nnipuidust valmistatud nari* k\u00f5ik servad on \u00fcmardatud* t&\",\"breadcrumb\":{\"@id\":\"https:\\\/\\\/beebipood.ee\\\/ru\\\/produkt\\\/nari-majavoodi-antresola-trepiga-90x200-natural\\\/#breadcrumb\"},\"inLanguage\":\"ru-RU\",\"potentialAction\":[{\"@type\":\"ReadAction\",\"target\":[\"https:\\\/\\\/beebipood.ee\\\/ru\\\/produkt\\\/nari-majavoodi-antresola-trepiga-90x200-natural\\\/\"]}]},{\"@type\":\"ImageObject\",\"inLanguage\":\"ru-RU\",\"@id\":\"https:\\\/\\\/beebipood.ee\\\/ru\\\/produkt\\\/nari-majavoodi-antresola-trepiga-90x200-natural\\\/#primaryimage\",\"url\":\"https:\\\/\\\/beebipood.ee\\\/wp-content\\\/uploads\\\/2025\\\/09\\\/nari-majavoodi-antresola-trepiga-90\u00d7200-natural.webp\",\"contentUrl\":\"https:\\\/\\\/beebipood.ee\\\/wp-content\\\/uploads\\\/2025\\\/09\\\/nari-majavoodi-antresola-trepiga-90\u00d7200-natural.webp\",\"width\":1200,\"height\":799},{\"@type\":\"BreadcrumbList\",\"@id\":\"https:\\\/\\\/beebipood.ee\\\/ru\\\/produkt\\\/nari-majavoodi-antresola-trepiga-90x200-natural\\\/#breadcrumb\",\"itemListElement\":[{\"@type\":\"ListItem\",\"position\":1,\"name\":\"Home\",\"item\":\"https:\\\/\\\/beebipood.ee\\\/ru\\\/\"},{\"@type\":\"ListItem\",\"position\":2,\"name\":\"\u041a\u0430\u0442\u0430\u043b\u043e\u0433 \u0442\u043e\u0432\u0430\u0440\u043e\u0432\",\"item\":\"https:\\\/\\\/beebipood.ee\\\/tooted\\\/\"},{\"@type\":\"ListItem\",\"position\":3,\"name\":\"Nari majavoodi Antresola trepiga 90\u00d7200, natural\"}]},{\"@type\":\"WebSite\",\"@id\":\"https:\\\/\\\/beebipood.ee\\\/ru\\\/#website\",\"url\":\"https:\\\/\\\/beebipood.ee\\\/ru\\\/\",\"name\":\"Beebipood\",\"description\":\"Lastekaubad, beebikaubad, m\u00e4nguasjad\",\"publisher\":{\"@id\":\"https:\\\/\\\/beebipood.ee\\\/ru\\\/#organization\"},\"potentialAction\":[{\"@type\":\"SearchAction\",\"target\":{\"@type\":\"EntryPoint\",\"urlTemplate\":\"https:\\\/\\\/beebipood.ee\\\/ru\\\/?s={search_term_string}\"},\"query-input\":{\"@type\":\"PropertyValueSpecification\",\"valueRequired\":true,\"valueName\":\"search_term_string\"}}],\"inLanguage\":\"ru-RU\"},{\"@type\":\"Organization\",\"@id\":\"https:\\\/\\\/beebipood.ee\\\/ru\\\/#organization\",\"name\":\"Beebipood\",\"url\":\"https:\\\/\\\/beebipood.ee\\\/ru\\\/\",\"logo\":{\"@type\":\"ImageObject\",\"inLanguage\":\"ru-RU\",\"@id\":\"https:\\\/\\\/beebipood.ee\\\/ru\\\/#\\\/schema\\\/logo\\\/image\\\/\",\"url\":\"https:\\\/\\\/beebipood.ee\\\/wp-content\\\/uploads\\\/2025\\\/03\\\/beebipood.ee-logo-1.svg\",\"contentUrl\":\"https:\\\/\\\/beebipood.ee\\\/wp-content\\\/uploads\\\/2025\\\/03\\\/beebipood.ee-logo-1.svg\",\"caption\":\"Beebipood\"},\"image\":{\"@id\":\"https:\\\/\\\/beebipood.ee\\\/ru\\\/#\\\/schema\\\/logo\\\/image\\\/\"}}]}<\/script>\n<!-- \/ Yoast SEO plugin. -->","yoast_head_json":{"title":"Narivoodi Kacper 90x190, lakk , \u041d\u0430\u0440\u044b, \u041d\u0430\u0440\u044b \u0448\u0438\u0440\u0438\u043d\u043e\u0439 90c\u043c, M\u0435\u0431\u0435\u043b\u044c, Beebipood","description":"Narivoodi Kacper 90x190, lakk , * kvaliteetsest sertifitseeritud FSC m\u00e4nnipuidust valmistatud nari* k\u00f5ik servad on \u00fcmardatud* t&","robots":{"index":"index","follow":"follow","max-snippet":"max-snippet:-1","max-image-preview":"max-image-preview:large","max-video-preview":"max-video-preview:-1"},"canonical":"https:\/\/beebipood.ee\/ru\/produkt\/nari-majavoodi-antresola-trepiga-90x200-natural\/","og_locale":"ru_RU","og_type":"article","og_title":"Narivoodi Kacper 90x190, lakk , \u041d\u0430\u0440\u044b, \u041d\u0430\u0440\u044b \u0448\u0438\u0440\u0438\u043d\u043e\u0439 90c\u043c, M\u0435\u0431\u0435\u043b\u044c, Beebipood","og_description":"Narivoodi Kacper 90x190, lakk , * kvaliteetsest sertifitseeritud FSC m\u00e4nnipuidust valmistatud nari* k\u00f5ik servad on \u00fcmardatud* t&","og_url":"https:\/\/beebipood.ee\/ru\/produkt\/nari-majavoodi-antresola-trepiga-90x200-natural\/","og_site_name":"Beebipood","article_modified_time":"2026-03-23T06:03:27+00:00","og_image":[{"width":1200,"height":799,"url":"https:\/\/beebipood.ee\/wp-content\/uploads\/2025\/09\/nari-majavoodi-antresola-trepiga-90\u00d7200-natural.webp","type":"image\/webp"}],"twitter_card":"summary_large_image","twitter_misc":{"\u041f\u0440\u0438\u043c\u0435\u0440\u043d\u043e\u0435 \u0432\u0440\u0435\u043c\u044f \u0434\u043b\u044f \u0447\u0442\u0435\u043d\u0438\u044f":"2 \u043c\u0438\u043d\u0443\u0442\u044b"},"schema":{"@context":"https:\/\/schema.org","@graph":[{"@type":"WebPage","@id":"https:\/\/beebipood.ee\/ru\/produkt\/nari-majavoodi-antresola-trepiga-90x200-natural\/","url":"https:\/\/beebipood.ee\/ru\/produkt\/nari-majavoodi-antresola-trepiga-90x200-natural\/","name":"Narivoodi Kacper 90x190, lakk , \u041d\u0430\u0440\u044b, \u041d\u0430\u0440\u044b \u0448\u0438\u0440\u0438\u043d\u043e\u0439 90c\u043c, M\u0435\u0431\u0435\u043b\u044c, Beebipood","isPartOf":{"@id":"https:\/\/beebipood.ee\/ru\/#website"},"primaryImageOfPage":{"@id":"https:\/\/beebipood.ee\/ru\/produkt\/nari-majavoodi-antresola-trepiga-90x200-natural\/#primaryimage"},"image":{"@id":"https:\/\/beebipood.ee\/ru\/produkt\/nari-majavoodi-antresola-trepiga-90x200-natural\/#primaryimage"},"thumbnailUrl":"https:\/\/beebipood.ee\/wp-content\/uploads\/2025\/09\/nari-majavoodi-antresola-trepiga-90\u00d7200-natural.webp","datePublished":"2026-03-23T05:45:16+00:00","dateModified":"2026-03-23T06:03:27+00:00","description":"Narivoodi Kacper 90x190, lakk , * kvaliteetsest sertifitseeritud FSC m\u00e4nnipuidust valmistatud nari* k\u00f5ik servad on \u00fcmardatud* t&","breadcrumb":{"@id":"https:\/\/beebipood.ee\/ru\/produkt\/nari-majavoodi-antresola-trepiga-90x200-natural\/#breadcrumb"},"inLanguage":"ru-RU","potentialAction":[{"@type":"ReadAction","target":["https:\/\/beebipood.ee\/ru\/produkt\/nari-majavoodi-antresola-trepiga-90x200-natural\/"]}]},{"@type":"ImageObject","inLanguage":"ru-RU","@id":"https:\/\/beebipood.ee\/ru\/produkt\/nari-majavoodi-antresola-trepiga-90x200-natural\/#primaryimage","url":"https:\/\/beebipood.ee\/wp-content\/uploads\/2025\/09\/nari-majavoodi-antresola-trepiga-90\u00d7200-natural.webp","contentUrl":"https:\/\/beebipood.ee\/wp-content\/uploads\/2025\/09\/nari-majavoodi-antresola-trepiga-90\u00d7200-natural.webp","width":1200,"height":799},{"@type":"BreadcrumbList","@id":"https:\/\/beebipood.ee\/ru\/produkt\/nari-majavoodi-antresola-trepiga-90x200-natural\/#breadcrumb","itemListElement":[{"@type":"ListItem","position":1,"name":"Home","item":"https:\/\/beebipood.ee\/ru\/"},{"@type":"ListItem","position":2,"name":"\u041a\u0430\u0442\u0430\u043b\u043e\u0433 \u0442\u043e\u0432\u0430\u0440\u043e\u0432","item":"https:\/\/beebipood.ee\/tooted\/"},{"@type":"ListItem","position":3,"name":"Nari majavoodi Antresola trepiga 90\u00d7200, natural"}]},{"@type":"WebSite","@id":"https:\/\/beebipood.ee\/ru\/#website","url":"https:\/\/beebipood.ee\/ru\/","name":"Beebipood","description":"Lastekaubad, beebikaubad, m\u00e4nguasjad","publisher":{"@id":"https:\/\/beebipood.ee\/ru\/#organization"},"potentialAction":[{"@type":"SearchAction","target":{"@type":"EntryPoint","urlTemplate":"https:\/\/beebipood.ee\/ru\/?s={search_term_string}"},"query-input":{"@type":"PropertyValueSpecification","valueRequired":true,"valueName":"search_term_string"}}],"inLanguage":"ru-RU"},{"@type":"Organization","@id":"https:\/\/beebipood.ee\/ru\/#organization","name":"Beebipood","url":"https:\/\/beebipood.ee\/ru\/","logo":{"@type":"ImageObject","inLanguage":"ru-RU","@id":"https:\/\/beebipood.ee\/ru\/#\/schema\/logo\/image\/","url":"https:\/\/beebipood.ee\/wp-content\/uploads\/2025\/03\/beebipood.ee-logo-1.svg","contentUrl":"https:\/\/beebipood.ee\/wp-content\/uploads\/2025\/03\/beebipood.ee-logo-1.svg","caption":"Beebipood"},"image":{"@id":"https:\/\/beebipood.ee\/ru\/#\/schema\/logo\/image\/"}}]}},"brands":[],"_links":{"self":[{"href":"https:\/\/beebipood.ee\/ru\/wp-json\/wp\/v2\/product\/506890","targetHints":{"allow":["GET"]}}],"collection":[{"href":"https:\/\/beebipood.ee\/ru\/wp-json\/wp\/v2\/product"}],"about":[{"href":"https:\/\/beebipood.ee\/ru\/wp-json\/wp\/v2\/types\/product"}],"wp:featuredmedia":[{"embeddable":true,"href":"https:\/\/beebipood.ee\/ru\/wp-json\/wp\/v2\/media\/506898"}],"wp:attachment":[{"href":"https:\/\/beebipood.ee\/ru\/wp-json\/wp\/v2\/media?parent=506890"}],"wp:term":[{"taxonomy":"pwb-brand","embeddable":true,"href":"https:\/\/beebipood.ee\/ru\/wp-json\/wp\/v2\/pwb-brand?post=506890"},{"taxonomy":"product_brand","embeddable":true,"href":"https:\/\/beebipood.ee\/ru\/wp-json\/wp\/v2\/product_brand?post=506890"},{"taxonomy":"product_cat","embeddable":true,"href":"https:\/\/beebipood.ee\/ru\/wp-json\/wp\/v2\/product_cat?post=506890"},{"taxonomy":"product_tag","embeddable":true,"href":"https:\/\/beebipood.ee\/ru\/wp-json\/wp\/v2\/product_tag?post=506890"}],"curies":[{"name":"wp","href":"https:\/\/api.w.org\/{rel}","templated":true}]}}