{"id":507491,"date":"2025-10-03T10:20:51","date_gmt":"2025-10-03T07:20:51","guid":{"rendered":"https:\/\/beebipood.ee\/?post_type=product&#038;p=507491"},"modified":"2025-10-03T10:26:12","modified_gmt":"2025-10-03T07:26:12","slug":"baby-brezza-bottle-washer-pro-taisautomaatne-pudelite-tarvikute-pesija-steriliseerija-kuivataja-black","status":"publish","type":"product","link":"https:\/\/beebipood.ee\/ru\/produkt\/baby-brezza-bottle-washer-pro-taisautomaatne-pudelite-tarvikute-pesija-steriliseerija-kuivataja-black\/","title":{"rendered":"Baby Brezza Bottle Washer Pro t\u00e4isautomaatne pudelite\/tarvikute pesija, steriliseerija, kuivataja, Black"},"content":{"rendered":"<p>Baby Brezza Bottle Washer Pro on revolutsiooniline moodus pudelite,<br \/>\nosade, n\u00e4rimistopside ja muude tarvikute automaatseks pesemiseks,<br \/>\nsteriliseerimiseks ja kuivatamiseks.<br \/>\nTe ei pea enam kunagi kasutama pudeliharja v\u00f5i kuivatusresti!<br \/>\nSee esimene omataoline masin, mis kasutab 20 k\u00f5rgsurvejuga<br \/>\nk\u00f5igi pindade p\u00f5hjalikuks puhastamiseks,<br \/>\nseej\u00e4rel kasutab masin looduslikku auru 99,9% mikroobide h\u00e4vitamiseks,<br \/>\nning kuivatab mikroobivaba HEPA-filtreeritud kuuma \u00f5huga.<br \/>\nKasutage LCD-juhtpaneeli, et valida 6 puhastusre\u017eiimi vahel:<br \/>\n*Pese-steriliseeri-kuivata<br \/>\n*Pese-kuivata<br \/>\n*Ainult pesu<br \/>\n*Steriliseeri-kuivata<br \/>\n*Ainult steriliseerida<br \/>\n*Ainult kuivatada<br \/>\nMasin mahutab kuni 4 pudelit, pumba osi, joogitopse<br \/>\nja tarvikuid praktiliselt k\u00f5ikidelt kaubam\u00e4rkidelt.<br \/>\nToodet on lihtne kasutada ja see on keskkonnas\u00f5bralik.<br \/>\nMasinal on eemaldatavad puhta ja m\u00e4\u00e4rdunud vee mahutid.<br \/>\nSisseehitatud rattad h\u00f5lpsaks p\u00f6\u00f6ramiseks<br \/>\nSee on ka keskkonnas\u00f5bralik ja kasutab 50% v\u00e4hem vett kui k\u00e4sipesu.<br \/>\nT\u00f6\u00f6tab ainult beebile ohutute Baby Brezza pesuainetablettidega.<br \/>\nIga masinaga saab TASUTA kaasa 60tk pesuainetabletti.<br \/>\nBPA-VABA<br \/>\nGarantii 2 aastat<\/p>\n","protected":false},"excerpt":{"rendered":"<p>Baby Brezza Bottle Washer Pro on revolutsiooniline moodus pudelite, osade, n\u00e4rimistopside ja muude tarvikute automaatseks pesemiseks, steriliseerimiseks ja kuivatamiseks. Te ei pea enam kunagi kasutama pudeliharja v\u00f5i kuivatusresti! See esimene omataoline masin, mis kasutab 20 k\u00f5rgsurvejuga k\u00f5igi pindade p\u00f5hjalikuks puhastamiseks, seej\u00e4rel kasutab masin looduslikku auru 99,9% mikroobide h\u00e4vitamiseks, ning kuivatab mikroobivaba HEPA-filtreeritud kuuma \u00f5huga. Kasutage [&hellip;]<\/p>\n","protected":false},"featured_media":507495,"template":"","meta":{"_acf_changed":false},"pwb-brand":[11967],"product_brand":[],"product_cat":[11715,11709],"product_tag":[],"class_list":{"0":"post-507491","1":"product","2":"type-product","3":"status-publish","4":"has-post-thumbnail","6":"pwb-brand-baby-brezza-ru","7":"product_cat-hugieenitarbed-ru","8":"product_cat-sootmistoolid-beebi-ja-lastetarbed-mahkimine-hugieen-ru","9":"pa_manufacturer-babybrezza-ru","11":"first","12":"instock","13":"taxable","14":"shipping-taxable","15":"purchasable","16":"product-type-simple"},"exclude_global_add_ons":[],"addons":[],"acf":[],"yoast_head":"<!-- This site is optimized with the Yoast SEO plugin v27.1.1 - https:\/\/yoast.com\/product\/yoast-seo-wordpress\/ -->\n<title>Baby Brezza Bottle Washer Pro t\u00e4isautomaatne pudelite\/tarvikute pesija, steriliseerija, kuivataja., \u0421\u041a\u0418\u0414\u041a\u0418, \u041f\u0440\u0438\u043d\u0430\u0434\u043b\u0435\u0436\u043d\u043e\u0441\u0442\u0438 \u0434\u043b\u044f \u043c\u043b\u0430\u0434\u0435\u043d\u0446\u0435\u0432, \u0413\u0438\u0433\u0438\u0435\u043d\u0430, Beebipood<\/title>\n<meta name=\"description\" content=\"Baby Brezza Bottle Washer Pro t\u00e4isautomaatne pudelite\/tarvikute pesija, steriliseerija, kuivataja., Baby Brezza Bottle Washer Pro on revolutsiooniline moodu\" \/>\n<meta name=\"robots\" content=\"index, follow, max-snippet:-1, max-image-preview:large, max-video-preview:-1\" \/>\n<link rel=\"canonical\" href=\"https:\/\/beebipood.ee\/ru\/produkt\/baby-brezza-bottle-washer-pro-taisautomaatne-pudelite-tarvikute-pesija-steriliseerija-kuivataja-black\/\" \/>\n<meta property=\"og:locale\" content=\"ru_RU\" \/>\n<meta property=\"og:type\" content=\"article\" \/>\n<meta property=\"og:title\" content=\"Baby Brezza Bottle Washer Pro t\u00e4isautomaatne pudelite\/tarvikute pesija, steriliseerija, kuivataja., \u0421\u041a\u0418\u0414\u041a\u0418, \u041f\u0440\u0438\u043d\u0430\u0434\u043b\u0435\u0436\u043d\u043e\u0441\u0442\u0438 \u0434\u043b\u044f \u043c\u043b\u0430\u0434\u0435\u043d\u0446\u0435\u0432, \u0413\u0438\u0433\u0438\u0435\u043d\u0430, Beebipood\" \/>\n<meta property=\"og:description\" content=\"Baby Brezza Bottle Washer Pro t\u00e4isautomaatne pudelite\/tarvikute pesija, steriliseerija, kuivataja., Baby Brezza Bottle Washer Pro on revolutsiooniline moodu\" \/>\n<meta property=\"og:url\" content=\"https:\/\/beebipood.ee\/ru\/produkt\/baby-brezza-bottle-washer-pro-taisautomaatne-pudelite-tarvikute-pesija-steriliseerija-kuivataja-black\/\" \/>\n<meta property=\"og:site_name\" content=\"Beebipood\" \/>\n<meta property=\"article:modified_time\" content=\"2025-10-03T07:26:12+00:00\" \/>\n<meta property=\"og:image\" content=\"https:\/\/beebipood.ee\/wp-content\/uploads\/2025\/10\/baby-brezza-bottle-washer-pro-black.jpg\" \/>\n\t<meta property=\"og:image:width\" content=\"913\" \/>\n\t<meta property=\"og:image:height\" content=\"1111\" \/>\n\t<meta property=\"og:image:type\" content=\"image\/jpeg\" \/>\n<meta name=\"twitter:card\" content=\"summary_large_image\" \/>\n<meta name=\"twitter:label1\" content=\"\u041f\u0440\u0438\u043c\u0435\u0440\u043d\u043e\u0435 \u0432\u0440\u0435\u043c\u044f \u0434\u043b\u044f \u0447\u0442\u0435\u043d\u0438\u044f\" \/>\n\t<meta name=\"twitter:data1\" content=\"1 \u043c\u0438\u043d\u0443\u0442\u0430\" \/>\n<script type=\"application\/ld+json\" class=\"yoast-schema-graph\">{\"@context\":\"https:\/\/schema.org\",\"@graph\":[{\"@type\":\"WebPage\",\"@id\":\"https:\/\/beebipood.ee\/ru\/produkt\/baby-brezza-bottle-washer-pro-taisautomaatne-pudelite-tarvikute-pesija-steriliseerija-kuivataja-black\/\",\"url\":\"https:\/\/beebipood.ee\/ru\/produkt\/baby-brezza-bottle-washer-pro-taisautomaatne-pudelite-tarvikute-pesija-steriliseerija-kuivataja-black\/\",\"name\":\"Baby Brezza Bottle Washer Pro t\u00e4isautomaatne pudelite\/tarvikute pesija, steriliseerija, kuivataja., \u0421\u041a\u0418\u0414\u041a\u0418, \u041f\u0440\u0438\u043d\u0430\u0434\u043b\u0435\u0436\u043d\u043e\u0441\u0442\u0438 \u0434\u043b\u044f \u043c\u043b\u0430\u0434\u0435\u043d\u0446\u0435\u0432, \u0413\u0438\u0433\u0438\u0435\u043d\u0430, Beebipood\",\"isPartOf\":{\"@id\":\"https:\/\/beebipood.ee\/ru\/#website\"},\"primaryImageOfPage\":{\"@id\":\"https:\/\/beebipood.ee\/ru\/produkt\/baby-brezza-bottle-washer-pro-taisautomaatne-pudelite-tarvikute-pesija-steriliseerija-kuivataja-black\/#primaryimage\"},\"image\":{\"@id\":\"https:\/\/beebipood.ee\/ru\/produkt\/baby-brezza-bottle-washer-pro-taisautomaatne-pudelite-tarvikute-pesija-steriliseerija-kuivataja-black\/#primaryimage\"},\"thumbnailUrl\":\"https:\/\/beebipood.ee\/wp-content\/uploads\/2025\/10\/baby-brezza-bottle-washer-pro-black.jpg\",\"datePublished\":\"2025-10-03T07:20:51+00:00\",\"dateModified\":\"2025-10-03T07:26:12+00:00\",\"description\":\"Baby Brezza Bottle Washer Pro t\u00e4isautomaatne pudelite\/tarvikute pesija, steriliseerija, kuivataja., Baby Brezza Bottle Washer Pro on revolutsiooniline moodu\",\"breadcrumb\":{\"@id\":\"https:\/\/beebipood.ee\/ru\/produkt\/baby-brezza-bottle-washer-pro-taisautomaatne-pudelite-tarvikute-pesija-steriliseerija-kuivataja-black\/#breadcrumb\"},\"inLanguage\":\"ru-RU\",\"potentialAction\":[{\"@type\":\"ReadAction\",\"target\":[\"https:\/\/beebipood.ee\/ru\/produkt\/baby-brezza-bottle-washer-pro-taisautomaatne-pudelite-tarvikute-pesija-steriliseerija-kuivataja-black\/\"]}]},{\"@type\":\"ImageObject\",\"inLanguage\":\"ru-RU\",\"@id\":\"https:\/\/beebipood.ee\/ru\/produkt\/baby-brezza-bottle-washer-pro-taisautomaatne-pudelite-tarvikute-pesija-steriliseerija-kuivataja-black\/#primaryimage\",\"url\":\"https:\/\/beebipood.ee\/wp-content\/uploads\/2025\/10\/baby-brezza-bottle-washer-pro-black.jpg\",\"contentUrl\":\"https:\/\/beebipood.ee\/wp-content\/uploads\/2025\/10\/baby-brezza-bottle-washer-pro-black.jpg\",\"width\":913,\"height\":1111},{\"@type\":\"BreadcrumbList\",\"@id\":\"https:\/\/beebipood.ee\/ru\/produkt\/baby-brezza-bottle-washer-pro-taisautomaatne-pudelite-tarvikute-pesija-steriliseerija-kuivataja-black\/#breadcrumb\",\"itemListElement\":[{\"@type\":\"ListItem\",\"position\":1,\"name\":\"Home\",\"item\":\"https:\/\/beebipood.ee\/ru\/\"},{\"@type\":\"ListItem\",\"position\":2,\"name\":\"\u041a\u0430\u0442\u0430\u043b\u043e\u0433 \u0442\u043e\u0432\u0430\u0440\u043e\u0432\",\"item\":\"https:\/\/beebipood.ee\/tooted\/\"},{\"@type\":\"ListItem\",\"position\":3,\"name\":\"Baby Brezza Bottle Washer Pro t\u00e4isautomaatne pudelite\/tarvikute pesija, steriliseerija, kuivataja, Black\"}]},{\"@type\":\"WebSite\",\"@id\":\"https:\/\/beebipood.ee\/ru\/#website\",\"url\":\"https:\/\/beebipood.ee\/ru\/\",\"name\":\"Beebipood\",\"description\":\"Lastekaubad, beebikaubad, m\u00e4nguasjad\",\"publisher\":{\"@id\":\"https:\/\/beebipood.ee\/ru\/#organization\"},\"potentialAction\":[{\"@type\":\"SearchAction\",\"target\":{\"@type\":\"EntryPoint\",\"urlTemplate\":\"https:\/\/beebipood.ee\/ru\/?s={search_term_string}\"},\"query-input\":{\"@type\":\"PropertyValueSpecification\",\"valueRequired\":true,\"valueName\":\"search_term_string\"}}],\"inLanguage\":\"ru-RU\"},{\"@type\":\"Organization\",\"@id\":\"https:\/\/beebipood.ee\/ru\/#organization\",\"name\":\"Beebipood\",\"url\":\"https:\/\/beebipood.ee\/ru\/\",\"logo\":{\"@type\":\"ImageObject\",\"inLanguage\":\"ru-RU\",\"@id\":\"https:\/\/beebipood.ee\/ru\/#\/schema\/logo\/image\/\",\"url\":\"https:\/\/beebipood.ee\/wp-content\/uploads\/2025\/03\/beebipood.ee-logo-1.svg\",\"contentUrl\":\"https:\/\/beebipood.ee\/wp-content\/uploads\/2025\/03\/beebipood.ee-logo-1.svg\",\"caption\":\"Beebipood\"},\"image\":{\"@id\":\"https:\/\/beebipood.ee\/ru\/#\/schema\/logo\/image\/\"}}]}<\/script>\n<!-- \/ Yoast SEO plugin. -->","yoast_head_json":{"title":"Baby Brezza Bottle Washer Pro t\u00e4isautomaatne pudelite\/tarvikute pesija, steriliseerija, kuivataja., \u0421\u041a\u0418\u0414\u041a\u0418, \u041f\u0440\u0438\u043d\u0430\u0434\u043b\u0435\u0436\u043d\u043e\u0441\u0442\u0438 \u0434\u043b\u044f \u043c\u043b\u0430\u0434\u0435\u043d\u0446\u0435\u0432, \u0413\u0438\u0433\u0438\u0435\u043d\u0430, Beebipood","description":"Baby Brezza Bottle Washer Pro t\u00e4isautomaatne pudelite\/tarvikute pesija, steriliseerija, kuivataja., Baby Brezza Bottle Washer Pro on revolutsiooniline moodu","robots":{"index":"index","follow":"follow","max-snippet":"max-snippet:-1","max-image-preview":"max-image-preview:large","max-video-preview":"max-video-preview:-1"},"canonical":"https:\/\/beebipood.ee\/ru\/produkt\/baby-brezza-bottle-washer-pro-taisautomaatne-pudelite-tarvikute-pesija-steriliseerija-kuivataja-black\/","og_locale":"ru_RU","og_type":"article","og_title":"Baby Brezza Bottle Washer Pro t\u00e4isautomaatne pudelite\/tarvikute pesija, steriliseerija, kuivataja., \u0421\u041a\u0418\u0414\u041a\u0418, \u041f\u0440\u0438\u043d\u0430\u0434\u043b\u0435\u0436\u043d\u043e\u0441\u0442\u0438 \u0434\u043b\u044f \u043c\u043b\u0430\u0434\u0435\u043d\u0446\u0435\u0432, \u0413\u0438\u0433\u0438\u0435\u043d\u0430, Beebipood","og_description":"Baby Brezza Bottle Washer Pro t\u00e4isautomaatne pudelite\/tarvikute pesija, steriliseerija, kuivataja., Baby Brezza Bottle Washer Pro on revolutsiooniline moodu","og_url":"https:\/\/beebipood.ee\/ru\/produkt\/baby-brezza-bottle-washer-pro-taisautomaatne-pudelite-tarvikute-pesija-steriliseerija-kuivataja-black\/","og_site_name":"Beebipood","article_modified_time":"2025-10-03T07:26:12+00:00","og_image":[{"width":913,"height":1111,"url":"https:\/\/beebipood.ee\/wp-content\/uploads\/2025\/10\/baby-brezza-bottle-washer-pro-black.jpg","type":"image\/jpeg"}],"twitter_card":"summary_large_image","twitter_misc":{"\u041f\u0440\u0438\u043c\u0435\u0440\u043d\u043e\u0435 \u0432\u0440\u0435\u043c\u044f \u0434\u043b\u044f \u0447\u0442\u0435\u043d\u0438\u044f":"1 \u043c\u0438\u043d\u0443\u0442\u0430"},"schema":{"@context":"https:\/\/schema.org","@graph":[{"@type":"WebPage","@id":"https:\/\/beebipood.ee\/ru\/produkt\/baby-brezza-bottle-washer-pro-taisautomaatne-pudelite-tarvikute-pesija-steriliseerija-kuivataja-black\/","url":"https:\/\/beebipood.ee\/ru\/produkt\/baby-brezza-bottle-washer-pro-taisautomaatne-pudelite-tarvikute-pesija-steriliseerija-kuivataja-black\/","name":"Baby Brezza Bottle Washer Pro t\u00e4isautomaatne pudelite\/tarvikute pesija, steriliseerija, kuivataja., \u0421\u041a\u0418\u0414\u041a\u0418, \u041f\u0440\u0438\u043d\u0430\u0434\u043b\u0435\u0436\u043d\u043e\u0441\u0442\u0438 \u0434\u043b\u044f \u043c\u043b\u0430\u0434\u0435\u043d\u0446\u0435\u0432, \u0413\u0438\u0433\u0438\u0435\u043d\u0430, Beebipood","isPartOf":{"@id":"https:\/\/beebipood.ee\/ru\/#website"},"primaryImageOfPage":{"@id":"https:\/\/beebipood.ee\/ru\/produkt\/baby-brezza-bottle-washer-pro-taisautomaatne-pudelite-tarvikute-pesija-steriliseerija-kuivataja-black\/#primaryimage"},"image":{"@id":"https:\/\/beebipood.ee\/ru\/produkt\/baby-brezza-bottle-washer-pro-taisautomaatne-pudelite-tarvikute-pesija-steriliseerija-kuivataja-black\/#primaryimage"},"thumbnailUrl":"https:\/\/beebipood.ee\/wp-content\/uploads\/2025\/10\/baby-brezza-bottle-washer-pro-black.jpg","datePublished":"2025-10-03T07:20:51+00:00","dateModified":"2025-10-03T07:26:12+00:00","description":"Baby Brezza Bottle Washer Pro t\u00e4isautomaatne pudelite\/tarvikute pesija, steriliseerija, kuivataja., Baby Brezza Bottle Washer Pro on revolutsiooniline moodu","breadcrumb":{"@id":"https:\/\/beebipood.ee\/ru\/produkt\/baby-brezza-bottle-washer-pro-taisautomaatne-pudelite-tarvikute-pesija-steriliseerija-kuivataja-black\/#breadcrumb"},"inLanguage":"ru-RU","potentialAction":[{"@type":"ReadAction","target":["https:\/\/beebipood.ee\/ru\/produkt\/baby-brezza-bottle-washer-pro-taisautomaatne-pudelite-tarvikute-pesija-steriliseerija-kuivataja-black\/"]}]},{"@type":"ImageObject","inLanguage":"ru-RU","@id":"https:\/\/beebipood.ee\/ru\/produkt\/baby-brezza-bottle-washer-pro-taisautomaatne-pudelite-tarvikute-pesija-steriliseerija-kuivataja-black\/#primaryimage","url":"https:\/\/beebipood.ee\/wp-content\/uploads\/2025\/10\/baby-brezza-bottle-washer-pro-black.jpg","contentUrl":"https:\/\/beebipood.ee\/wp-content\/uploads\/2025\/10\/baby-brezza-bottle-washer-pro-black.jpg","width":913,"height":1111},{"@type":"BreadcrumbList","@id":"https:\/\/beebipood.ee\/ru\/produkt\/baby-brezza-bottle-washer-pro-taisautomaatne-pudelite-tarvikute-pesija-steriliseerija-kuivataja-black\/#breadcrumb","itemListElement":[{"@type":"ListItem","position":1,"name":"Home","item":"https:\/\/beebipood.ee\/ru\/"},{"@type":"ListItem","position":2,"name":"\u041a\u0430\u0442\u0430\u043b\u043e\u0433 \u0442\u043e\u0432\u0430\u0440\u043e\u0432","item":"https:\/\/beebipood.ee\/tooted\/"},{"@type":"ListItem","position":3,"name":"Baby Brezza Bottle Washer Pro t\u00e4isautomaatne pudelite\/tarvikute pesija, steriliseerija, kuivataja, Black"}]},{"@type":"WebSite","@id":"https:\/\/beebipood.ee\/ru\/#website","url":"https:\/\/beebipood.ee\/ru\/","name":"Beebipood","description":"Lastekaubad, beebikaubad, m\u00e4nguasjad","publisher":{"@id":"https:\/\/beebipood.ee\/ru\/#organization"},"potentialAction":[{"@type":"SearchAction","target":{"@type":"EntryPoint","urlTemplate":"https:\/\/beebipood.ee\/ru\/?s={search_term_string}"},"query-input":{"@type":"PropertyValueSpecification","valueRequired":true,"valueName":"search_term_string"}}],"inLanguage":"ru-RU"},{"@type":"Organization","@id":"https:\/\/beebipood.ee\/ru\/#organization","name":"Beebipood","url":"https:\/\/beebipood.ee\/ru\/","logo":{"@type":"ImageObject","inLanguage":"ru-RU","@id":"https:\/\/beebipood.ee\/ru\/#\/schema\/logo\/image\/","url":"https:\/\/beebipood.ee\/wp-content\/uploads\/2025\/03\/beebipood.ee-logo-1.svg","contentUrl":"https:\/\/beebipood.ee\/wp-content\/uploads\/2025\/03\/beebipood.ee-logo-1.svg","caption":"Beebipood"},"image":{"@id":"https:\/\/beebipood.ee\/ru\/#\/schema\/logo\/image\/"}}]}},"brands":[{"id":11967,"name":"Baby Brezza","slug":"baby-brezza-ru"}],"_links":{"self":[{"href":"https:\/\/beebipood.ee\/ru\/wp-json\/wp\/v2\/product\/507491","targetHints":{"allow":["GET"]}}],"collection":[{"href":"https:\/\/beebipood.ee\/ru\/wp-json\/wp\/v2\/product"}],"about":[{"href":"https:\/\/beebipood.ee\/ru\/wp-json\/wp\/v2\/types\/product"}],"wp:featuredmedia":[{"embeddable":true,"href":"https:\/\/beebipood.ee\/ru\/wp-json\/wp\/v2\/media\/507495"}],"wp:attachment":[{"href":"https:\/\/beebipood.ee\/ru\/wp-json\/wp\/v2\/media?parent=507491"}],"wp:term":[{"taxonomy":"pwb-brand","embeddable":true,"href":"https:\/\/beebipood.ee\/ru\/wp-json\/wp\/v2\/pwb-brand?post=507491"},{"taxonomy":"product_brand","embeddable":true,"href":"https:\/\/beebipood.ee\/ru\/wp-json\/wp\/v2\/product_brand?post=507491"},{"taxonomy":"product_cat","embeddable":true,"href":"https:\/\/beebipood.ee\/ru\/wp-json\/wp\/v2\/product_cat?post=507491"},{"taxonomy":"product_tag","embeddable":true,"href":"https:\/\/beebipood.ee\/ru\/wp-json\/wp\/v2\/product_tag?post=507491"}],"curies":[{"name":"wp","href":"https:\/\/api.w.org\/{rel}","templated":true}]}}