{"id":507713,"date":"2025-10-09T09:55:06","date_gmt":"2025-10-09T06:55:06","guid":{"rendered":"https:\/\/beebipood.ee\/?post_type=product&#038;p=507713"},"modified":"2025-10-09T09:58:50","modified_gmt":"2025-10-09T06:58:50","slug":"lastevoodi-basketball-voodikastiga-80x160","status":"publish","type":"product","link":"https:\/\/beebipood.ee\/ru\/produkt\/lastevoodi-basketball-voodikastiga-80x160\/","title":{"rendered":"Lastevoodi Basketball voodikastiga 80\u00d7160"},"content":{"rendered":"<p>lastevoodi on valmistatud k\u00f5rge kvaliteediga laminaadist ja MDF\u2019st<br \/>\nviimistluses on kasutatud \u00f6koloogiliselt puhtaid ja ohutuid v\u00e4rve<br \/>\nvoodi nurgad on \u00fcmardatud ja lapsele turvalised<br \/>\nkomplektis on turvapiire ja voodikast<br \/>\nvoodikast liigub ratastel<br \/>\nsahtli ja turvapiirde saab paigaldada paremale v\u00f5i vasakule poole, s\u00f5ltuvalt toa paigutusest.<br \/>\nkvaliteetne ja vastupidav , lihtne kokku panna, kergesti puhastatav<br \/>\nFlex-t\u00fc\u00fcpi elastne voodip\u00f5hi kaselippidest<br \/>\nmaksimaalne kandev\u00f5ime: kuni 100 kg<br \/>\nmadrats ei kuulu komplekti<br \/>\nvoodisse sobib madrats m\u00f5\u00f5duga 80\u00d7160<\/p>\n","protected":false},"excerpt":{"rendered":"<p>lastevoodi on valmistatud k\u00f5rge kvaliteediga laminaadist ja MDF\u2019st viimistluses on kasutatud \u00f6koloogiliselt puhtaid ja ohutuid v\u00e4rve voodi nurgad on \u00fcmardatud ja lapsele turvalised komplektis on turvapiire ja voodikast voodikast liigub ratastel sahtli ja turvapiirde saab paigaldada paremale v\u00f5i vasakule poole, s\u00f5ltuvalt toa paigutusest. kvaliteetne ja vastupidav , lihtne kokku panna, kergesti puhastatav Flex-t\u00fc\u00fcpi elastne voodip\u00f5hi [&hellip;]<\/p>\n","protected":false},"featured_media":507721,"template":"","meta":{"_acf_changed":false},"pwb-brand":[11945],"product_brand":[],"product_cat":[11573,11589,11559,11789],"product_tag":[],"class_list":{"0":"post-507713","1":"product","2":"type-product","3":"status-publish","4":"has-post-thumbnail","6":"pwb-brand-kocot-kids-ru","7":"product_cat-sooduspakkumised-ru","8":"product_cat-80cm-laiused-ru","9":"product_cat-laste-ja-noortevoodid-ru","10":"product_cat-lastemoobel-ja-sisustus-ru","12":"first","13":"onbackorder","14":"sale","15":"taxable","16":"shipping-taxable","17":"purchasable","18":"product-type-simple"},"exclude_global_add_ons":false,"addons":[{"name":"VALI VARIANT","type":"multiple_choice","position":0,"required":true,"title_format":"heading","default":"","description_enable":false,"description":"","placeholder_enable":false,"placeholder":"","display":"select","restrictions_type":"any_text","adjust_price":false,"price":"","price_type":"flat_fee","restrictions":false,"min":"0","max":"0","options":[{"label":"voodikastiga","price":"","price_type":"quantity_based","image":0,"visibility":true},{"label":"ilma voodikastita","price":"-30.0000","price_type":"quantity_based","image":0,"visibility":true}],"id":1759238881}],"acf":[],"yoast_head":"<!-- This site is optimized with the Yoast SEO plugin v27.1.1 - https:\/\/yoast.com\/product\/yoast-seo-wordpress\/ -->\n<title>Lastevoodi Wiki Madagaskar 80x160, \u041a\u0440\u043e\u0432\u0430\u0442\u0438 \u0434\u043b\u044f \u0434\u0435\u0442\u0435\u0439 \u0438 \u043f\u043e\u0434\u0440\u043e\u0441\u0442\u043a\u043e\u0432, \u0421\u041a\u0418\u0414\u041a\u0418, \u0428\u0438\u0440\u0438\u043d\u0430 80c\u043c, Beebipood<\/title>\n<meta name=\"description\" content=\"Lastevoodi Wiki Madagaskar 80x160, lastevoodi on valmistatud k\u00f5rge kvaliteediga laminaadist ja MDF\u2019st viimistluses on kasutatud\" \/>\n<meta name=\"robots\" content=\"index, follow, max-snippet:-1, max-image-preview:large, max-video-preview:-1\" \/>\n<link rel=\"canonical\" href=\"https:\/\/beebipood.ee\/ru\/produkt\/lastevoodi-basketball-voodikastiga-80x160\/\" \/>\n<meta property=\"og:locale\" content=\"ru_RU\" \/>\n<meta property=\"og:type\" content=\"article\" \/>\n<meta property=\"og:title\" content=\"Lastevoodi Wiki Madagaskar 80x160, \u041a\u0440\u043e\u0432\u0430\u0442\u0438 \u0434\u043b\u044f \u0434\u0435\u0442\u0435\u0439 \u0438 \u043f\u043e\u0434\u0440\u043e\u0441\u0442\u043a\u043e\u0432, \u0421\u041a\u0418\u0414\u041a\u0418, \u0428\u0438\u0440\u0438\u043d\u0430 80c\u043c, Beebipood\" \/>\n<meta property=\"og:description\" content=\"Lastevoodi Wiki Madagaskar 80x160, lastevoodi on valmistatud k\u00f5rge kvaliteediga laminaadist ja MDF\u2019st viimistluses on kasutatud\" \/>\n<meta property=\"og:url\" content=\"https:\/\/beebipood.ee\/ru\/produkt\/lastevoodi-basketball-voodikastiga-80x160\/\" \/>\n<meta property=\"og:site_name\" content=\"Beebipood\" \/>\n<meta property=\"article:modified_time\" content=\"2025-10-09T06:58:50+00:00\" \/>\n<meta property=\"og:image\" content=\"https:\/\/beebipood.ee\/wp-content\/uploads\/2025\/10\/lozko-dzieciece-babydreams-koszykarze.jpg\" \/>\n\t<meta property=\"og:image:width\" content=\"1920\" \/>\n\t<meta property=\"og:image:height\" content=\"1440\" \/>\n\t<meta property=\"og:image:type\" content=\"image\/jpeg\" \/>\n<meta name=\"twitter:card\" content=\"summary_large_image\" \/>\n<meta name=\"twitter:label1\" content=\"\u041f\u0440\u0438\u043c\u0435\u0440\u043d\u043e\u0435 \u0432\u0440\u0435\u043c\u044f \u0434\u043b\u044f \u0447\u0442\u0435\u043d\u0438\u044f\" \/>\n\t<meta name=\"twitter:data1\" content=\"1 \u043c\u0438\u043d\u0443\u0442\u0430\" \/>\n<script type=\"application\/ld+json\" class=\"yoast-schema-graph\">{\"@context\":\"https:\/\/schema.org\",\"@graph\":[{\"@type\":\"WebPage\",\"@id\":\"https:\/\/beebipood.ee\/ru\/produkt\/lastevoodi-basketball-voodikastiga-80x160\/\",\"url\":\"https:\/\/beebipood.ee\/ru\/produkt\/lastevoodi-basketball-voodikastiga-80x160\/\",\"name\":\"Lastevoodi Wiki Madagaskar 80x160, \u041a\u0440\u043e\u0432\u0430\u0442\u0438 \u0434\u043b\u044f \u0434\u0435\u0442\u0435\u0439 \u0438 \u043f\u043e\u0434\u0440\u043e\u0441\u0442\u043a\u043e\u0432, \u0421\u041a\u0418\u0414\u041a\u0418, \u0428\u0438\u0440\u0438\u043d\u0430 80c\u043c, Beebipood\",\"isPartOf\":{\"@id\":\"https:\/\/beebipood.ee\/ru\/#website\"},\"primaryImageOfPage\":{\"@id\":\"https:\/\/beebipood.ee\/ru\/produkt\/lastevoodi-basketball-voodikastiga-80x160\/#primaryimage\"},\"image\":{\"@id\":\"https:\/\/beebipood.ee\/ru\/produkt\/lastevoodi-basketball-voodikastiga-80x160\/#primaryimage\"},\"thumbnailUrl\":\"https:\/\/beebipood.ee\/wp-content\/uploads\/2025\/10\/lozko-dzieciece-babydreams-koszykarze.jpg\",\"datePublished\":\"2025-10-09T06:55:06+00:00\",\"dateModified\":\"2025-10-09T06:58:50+00:00\",\"description\":\"Lastevoodi Wiki Madagaskar 80x160, lastevoodi on valmistatud k\u00f5rge kvaliteediga laminaadist ja MDF\u2019st viimistluses on kasutatud\",\"breadcrumb\":{\"@id\":\"https:\/\/beebipood.ee\/ru\/produkt\/lastevoodi-basketball-voodikastiga-80x160\/#breadcrumb\"},\"inLanguage\":\"ru-RU\",\"potentialAction\":[{\"@type\":\"ReadAction\",\"target\":[\"https:\/\/beebipood.ee\/ru\/produkt\/lastevoodi-basketball-voodikastiga-80x160\/\"]}]},{\"@type\":\"ImageObject\",\"inLanguage\":\"ru-RU\",\"@id\":\"https:\/\/beebipood.ee\/ru\/produkt\/lastevoodi-basketball-voodikastiga-80x160\/#primaryimage\",\"url\":\"https:\/\/beebipood.ee\/wp-content\/uploads\/2025\/10\/lozko-dzieciece-babydreams-koszykarze.jpg\",\"contentUrl\":\"https:\/\/beebipood.ee\/wp-content\/uploads\/2025\/10\/lozko-dzieciece-babydreams-koszykarze.jpg\",\"width\":1920,\"height\":1440},{\"@type\":\"BreadcrumbList\",\"@id\":\"https:\/\/beebipood.ee\/ru\/produkt\/lastevoodi-basketball-voodikastiga-80x160\/#breadcrumb\",\"itemListElement\":[{\"@type\":\"ListItem\",\"position\":1,\"name\":\"Home\",\"item\":\"https:\/\/beebipood.ee\/ru\/\"},{\"@type\":\"ListItem\",\"position\":2,\"name\":\"\u041a\u0430\u0442\u0430\u043b\u043e\u0433 \u0442\u043e\u0432\u0430\u0440\u043e\u0432\",\"item\":\"https:\/\/beebipood.ee\/tooted\/\"},{\"@type\":\"ListItem\",\"position\":3,\"name\":\"Lastevoodi Basketball voodikastiga 80\u00d7160\"}]},{\"@type\":\"WebSite\",\"@id\":\"https:\/\/beebipood.ee\/ru\/#website\",\"url\":\"https:\/\/beebipood.ee\/ru\/\",\"name\":\"Beebipood\",\"description\":\"Lastekaubad, beebikaubad, m\u00e4nguasjad\",\"publisher\":{\"@id\":\"https:\/\/beebipood.ee\/ru\/#organization\"},\"potentialAction\":[{\"@type\":\"SearchAction\",\"target\":{\"@type\":\"EntryPoint\",\"urlTemplate\":\"https:\/\/beebipood.ee\/ru\/?s={search_term_string}\"},\"query-input\":{\"@type\":\"PropertyValueSpecification\",\"valueRequired\":true,\"valueName\":\"search_term_string\"}}],\"inLanguage\":\"ru-RU\"},{\"@type\":\"Organization\",\"@id\":\"https:\/\/beebipood.ee\/ru\/#organization\",\"name\":\"Beebipood\",\"url\":\"https:\/\/beebipood.ee\/ru\/\",\"logo\":{\"@type\":\"ImageObject\",\"inLanguage\":\"ru-RU\",\"@id\":\"https:\/\/beebipood.ee\/ru\/#\/schema\/logo\/image\/\",\"url\":\"https:\/\/beebipood.ee\/wp-content\/uploads\/2025\/03\/beebipood.ee-logo-1.svg\",\"contentUrl\":\"https:\/\/beebipood.ee\/wp-content\/uploads\/2025\/03\/beebipood.ee-logo-1.svg\",\"caption\":\"Beebipood\"},\"image\":{\"@id\":\"https:\/\/beebipood.ee\/ru\/#\/schema\/logo\/image\/\"}}]}<\/script>\n<!-- \/ Yoast SEO plugin. -->","yoast_head_json":{"title":"Lastevoodi Wiki Madagaskar 80x160, \u041a\u0440\u043e\u0432\u0430\u0442\u0438 \u0434\u043b\u044f \u0434\u0435\u0442\u0435\u0439 \u0438 \u043f\u043e\u0434\u0440\u043e\u0441\u0442\u043a\u043e\u0432, \u0421\u041a\u0418\u0414\u041a\u0418, \u0428\u0438\u0440\u0438\u043d\u0430 80c\u043c, Beebipood","description":"Lastevoodi Wiki Madagaskar 80x160, lastevoodi on valmistatud k\u00f5rge kvaliteediga laminaadist ja MDF\u2019st viimistluses on kasutatud","robots":{"index":"index","follow":"follow","max-snippet":"max-snippet:-1","max-image-preview":"max-image-preview:large","max-video-preview":"max-video-preview:-1"},"canonical":"https:\/\/beebipood.ee\/ru\/produkt\/lastevoodi-basketball-voodikastiga-80x160\/","og_locale":"ru_RU","og_type":"article","og_title":"Lastevoodi Wiki Madagaskar 80x160, \u041a\u0440\u043e\u0432\u0430\u0442\u0438 \u0434\u043b\u044f \u0434\u0435\u0442\u0435\u0439 \u0438 \u043f\u043e\u0434\u0440\u043e\u0441\u0442\u043a\u043e\u0432, \u0421\u041a\u0418\u0414\u041a\u0418, \u0428\u0438\u0440\u0438\u043d\u0430 80c\u043c, Beebipood","og_description":"Lastevoodi Wiki Madagaskar 80x160, lastevoodi on valmistatud k\u00f5rge kvaliteediga laminaadist ja MDF\u2019st viimistluses on kasutatud","og_url":"https:\/\/beebipood.ee\/ru\/produkt\/lastevoodi-basketball-voodikastiga-80x160\/","og_site_name":"Beebipood","article_modified_time":"2025-10-09T06:58:50+00:00","og_image":[{"width":1920,"height":1440,"url":"https:\/\/beebipood.ee\/wp-content\/uploads\/2025\/10\/lozko-dzieciece-babydreams-koszykarze.jpg","type":"image\/jpeg"}],"twitter_card":"summary_large_image","twitter_misc":{"\u041f\u0440\u0438\u043c\u0435\u0440\u043d\u043e\u0435 \u0432\u0440\u0435\u043c\u044f \u0434\u043b\u044f \u0447\u0442\u0435\u043d\u0438\u044f":"1 \u043c\u0438\u043d\u0443\u0442\u0430"},"schema":{"@context":"https:\/\/schema.org","@graph":[{"@type":"WebPage","@id":"https:\/\/beebipood.ee\/ru\/produkt\/lastevoodi-basketball-voodikastiga-80x160\/","url":"https:\/\/beebipood.ee\/ru\/produkt\/lastevoodi-basketball-voodikastiga-80x160\/","name":"Lastevoodi Wiki Madagaskar 80x160, \u041a\u0440\u043e\u0432\u0430\u0442\u0438 \u0434\u043b\u044f \u0434\u0435\u0442\u0435\u0439 \u0438 \u043f\u043e\u0434\u0440\u043e\u0441\u0442\u043a\u043e\u0432, \u0421\u041a\u0418\u0414\u041a\u0418, \u0428\u0438\u0440\u0438\u043d\u0430 80c\u043c, Beebipood","isPartOf":{"@id":"https:\/\/beebipood.ee\/ru\/#website"},"primaryImageOfPage":{"@id":"https:\/\/beebipood.ee\/ru\/produkt\/lastevoodi-basketball-voodikastiga-80x160\/#primaryimage"},"image":{"@id":"https:\/\/beebipood.ee\/ru\/produkt\/lastevoodi-basketball-voodikastiga-80x160\/#primaryimage"},"thumbnailUrl":"https:\/\/beebipood.ee\/wp-content\/uploads\/2025\/10\/lozko-dzieciece-babydreams-koszykarze.jpg","datePublished":"2025-10-09T06:55:06+00:00","dateModified":"2025-10-09T06:58:50+00:00","description":"Lastevoodi Wiki Madagaskar 80x160, lastevoodi on valmistatud k\u00f5rge kvaliteediga laminaadist ja MDF\u2019st viimistluses on kasutatud","breadcrumb":{"@id":"https:\/\/beebipood.ee\/ru\/produkt\/lastevoodi-basketball-voodikastiga-80x160\/#breadcrumb"},"inLanguage":"ru-RU","potentialAction":[{"@type":"ReadAction","target":["https:\/\/beebipood.ee\/ru\/produkt\/lastevoodi-basketball-voodikastiga-80x160\/"]}]},{"@type":"ImageObject","inLanguage":"ru-RU","@id":"https:\/\/beebipood.ee\/ru\/produkt\/lastevoodi-basketball-voodikastiga-80x160\/#primaryimage","url":"https:\/\/beebipood.ee\/wp-content\/uploads\/2025\/10\/lozko-dzieciece-babydreams-koszykarze.jpg","contentUrl":"https:\/\/beebipood.ee\/wp-content\/uploads\/2025\/10\/lozko-dzieciece-babydreams-koszykarze.jpg","width":1920,"height":1440},{"@type":"BreadcrumbList","@id":"https:\/\/beebipood.ee\/ru\/produkt\/lastevoodi-basketball-voodikastiga-80x160\/#breadcrumb","itemListElement":[{"@type":"ListItem","position":1,"name":"Home","item":"https:\/\/beebipood.ee\/ru\/"},{"@type":"ListItem","position":2,"name":"\u041a\u0430\u0442\u0430\u043b\u043e\u0433 \u0442\u043e\u0432\u0430\u0440\u043e\u0432","item":"https:\/\/beebipood.ee\/tooted\/"},{"@type":"ListItem","position":3,"name":"Lastevoodi Basketball voodikastiga 80\u00d7160"}]},{"@type":"WebSite","@id":"https:\/\/beebipood.ee\/ru\/#website","url":"https:\/\/beebipood.ee\/ru\/","name":"Beebipood","description":"Lastekaubad, beebikaubad, m\u00e4nguasjad","publisher":{"@id":"https:\/\/beebipood.ee\/ru\/#organization"},"potentialAction":[{"@type":"SearchAction","target":{"@type":"EntryPoint","urlTemplate":"https:\/\/beebipood.ee\/ru\/?s={search_term_string}"},"query-input":{"@type":"PropertyValueSpecification","valueRequired":true,"valueName":"search_term_string"}}],"inLanguage":"ru-RU"},{"@type":"Organization","@id":"https:\/\/beebipood.ee\/ru\/#organization","name":"Beebipood","url":"https:\/\/beebipood.ee\/ru\/","logo":{"@type":"ImageObject","inLanguage":"ru-RU","@id":"https:\/\/beebipood.ee\/ru\/#\/schema\/logo\/image\/","url":"https:\/\/beebipood.ee\/wp-content\/uploads\/2025\/03\/beebipood.ee-logo-1.svg","contentUrl":"https:\/\/beebipood.ee\/wp-content\/uploads\/2025\/03\/beebipood.ee-logo-1.svg","caption":"Beebipood"},"image":{"@id":"https:\/\/beebipood.ee\/ru\/#\/schema\/logo\/image\/"}}]}},"brands":[{"id":11945,"name":"Kocot Kids","slug":"kocot-kids-ru"}],"_links":{"self":[{"href":"https:\/\/beebipood.ee\/ru\/wp-json\/wp\/v2\/product\/507713","targetHints":{"allow":["GET"]}}],"collection":[{"href":"https:\/\/beebipood.ee\/ru\/wp-json\/wp\/v2\/product"}],"about":[{"href":"https:\/\/beebipood.ee\/ru\/wp-json\/wp\/v2\/types\/product"}],"wp:featuredmedia":[{"embeddable":true,"href":"https:\/\/beebipood.ee\/ru\/wp-json\/wp\/v2\/media\/507721"}],"wp:attachment":[{"href":"https:\/\/beebipood.ee\/ru\/wp-json\/wp\/v2\/media?parent=507713"}],"wp:term":[{"taxonomy":"pwb-brand","embeddable":true,"href":"https:\/\/beebipood.ee\/ru\/wp-json\/wp\/v2\/pwb-brand?post=507713"},{"taxonomy":"product_brand","embeddable":true,"href":"https:\/\/beebipood.ee\/ru\/wp-json\/wp\/v2\/product_brand?post=507713"},{"taxonomy":"product_cat","embeddable":true,"href":"https:\/\/beebipood.ee\/ru\/wp-json\/wp\/v2\/product_cat?post=507713"},{"taxonomy":"product_tag","embeddable":true,"href":"https:\/\/beebipood.ee\/ru\/wp-json\/wp\/v2\/product_tag?post=507713"}],"curies":[{"name":"wp","href":"https:\/\/api.w.org\/{rel}","templated":true}]}}