{"id":508041,"date":"2025-10-14T15:46:50","date_gmt":"2025-10-14T12:46:50","guid":{"rendered":"https:\/\/beebipood.ee\/?post_type=product&#038;p=508041"},"modified":"2025-10-14T15:49:12","modified_gmt":"2025-10-14T12:49:12","slug":"cam-pisolino-reisivoodi-orso-bolle","status":"publish","type":"product","link":"https:\/\/beebipood.ee\/ru\/produkt\/cam-pisolino-reisivoodi-orso-bolle\/","title":{"rendered":"Cam Pisolino reisivoodi, Orso Bolle"},"content":{"rendered":"<p>Lihtne ja turvaline reisivoodi lastele alates s\u00fcnnist kuni umber 36. elukuuni.<br \/>\n<span style=\"text-decoration: underline;\">Omadused<\/span><br \/>\nLihtsasti k\u00e4sitletav reisivoodi<br \/>\n2 madratsik\u00f5rgust<br \/>\nSuur tasku asjade hoiustamiseks<br \/>\nKompaktselt kokkupandav<br \/>\nL\u00f5busad v\u00e4rvilised pildid kangal<br \/>\nKomplektis madrats ja reisikott<br \/>\n<span style=\"text-decoration: underline;\">N\u00e4itajad<\/span><br \/>\nReisivoodi kaal 9,7kg<br \/>\nReisivoodi m\u00f5\u00f5dud 124,5 x 71 x 75cm (pikkus, laius, k\u00f5rgus)<br \/>\nReisivoodi m\u00f5\u00f5dud kokkupandult 20,5 x 20,5 x 75cm (pikkus, laius, k\u00f5rgus)<br \/>\n<span style=\"text-decoration: underline;\">Turvalisus<\/span><br \/>\nVastab Euroopa turvastandardile EN 716-1\/2<br \/>\nL\u00e4biviidud stabiilsuse test, v\u00e4ltimaks lapse \u00fcmberkukkumist koos m\u00e4nguv\u00e4ljakuga<br \/>\nD\u00fcnaamiline kokkup\u00f5rke test &#8212; l\u00e4biviidud selleks, et testida alusp\u00f5hja vastupidavust<br \/>\nKasutatud materjalid on k\u00f5ik mittetoksilised<br \/>\nLuti v\u00f5i lutiketi kinnij\u00e4\u00e4mise ohtu ei ole (testitud)<\/p>\n","protected":false},"excerpt":{"rendered":"<p>Lihtne ja turvaline reisivoodi lastele alates s\u00fcnnist kuni umber 36. elukuuni. Omadused Lihtsasti k\u00e4sitletav reisivoodi 2 madratsik\u00f5rgust Suur tasku asjade hoiustamiseks Kompaktselt kokkupandav L\u00f5busad v\u00e4rvilised pildid kangal Komplektis madrats ja reisikott N\u00e4itajad Reisivoodi kaal 9,7kg Reisivoodi m\u00f5\u00f5dud 124,5 x 71 x 75cm (pikkus, laius, k\u00f5rgus) Reisivoodi m\u00f5\u00f5dud kokkupandult 20,5 x 20,5 x 75cm (pikkus, laius, [&hellip;]<\/p>\n","protected":false},"featured_media":508043,"template":"","meta":{"_acf_changed":false},"pwb-brand":[11970],"product_brand":[],"product_cat":[11569,11553],"product_tag":[],"class_list":{"0":"post-508041","1":"product","2":"type-product","3":"status-publish","4":"has-post-thumbnail","6":"pwb-brand-cam-ru","7":"product_cat-reisivoodid-ru","8":"product_cat-beebivoodid-reisivoodid-hallid-ru","9":"pa_manufacturer-cam-ru","11":"first","12":"onbackorder","13":"taxable","14":"shipping-taxable","15":"purchasable","16":"product-type-simple"},"exclude_global_add_ons":[],"addons":[],"acf":[],"yoast_head":"<!-- This site is optimized with the Yoast SEO plugin v27.1.1 - https:\/\/yoast.com\/product\/yoast-seo-wordpress\/ -->\n<title>Cam Pisolino reisivoodi, col247, \u0414\u0435\u0442\u0441\u043a\u0438e \u043a\u0440\u043e\u0432\u0430\u0442\u043a\u0438, \u043f\u0435\u0440\u0435\u043d\u043e\u0441\u043d\u044b\u0435 \u043a\u0440\u043e\u0432\u0430\u0442\u043a\u0438, \u043b\u044e\u043b\u044c\u043a\u0438, \u041f\u0435\u0440\u0435\u043d\u043e\u0441\u043d\u044b\u0435 \u043a\u0440\u043e\u0432\u0430\u0442\u043a\u0438, Beebipood<\/title>\n<meta name=\"description\" content=\"Cam Pisolino reisivoodi, col247, Lihtne ja turvaline reisivoodi lastele alates s\u00fcnnist kuni umber 36. elukuuni.&lt;span style=&quot;text-deco\" \/>\n<meta name=\"robots\" content=\"index, follow, max-snippet:-1, max-image-preview:large, max-video-preview:-1\" \/>\n<link rel=\"canonical\" href=\"https:\/\/beebipood.ee\/ru\/produkt\/cam-pisolino-reisivoodi-orso-bolle\/\" \/>\n<meta property=\"og:locale\" content=\"ru_RU\" \/>\n<meta property=\"og:type\" content=\"article\" \/>\n<meta property=\"og:title\" content=\"Cam Pisolino reisivoodi, col247, \u0414\u0435\u0442\u0441\u043a\u0438e \u043a\u0440\u043e\u0432\u0430\u0442\u043a\u0438, \u043f\u0435\u0440\u0435\u043d\u043e\u0441\u043d\u044b\u0435 \u043a\u0440\u043e\u0432\u0430\u0442\u043a\u0438, \u043b\u044e\u043b\u044c\u043a\u0438, \u041f\u0435\u0440\u0435\u043d\u043e\u0441\u043d\u044b\u0435 \u043a\u0440\u043e\u0432\u0430\u0442\u043a\u0438, Beebipood\" \/>\n<meta property=\"og:description\" content=\"Cam Pisolino reisivoodi, col247, Lihtne ja turvaline reisivoodi lastele alates s\u00fcnnist kuni umber 36. elukuuni.&lt;span style=&quot;text-deco\" \/>\n<meta property=\"og:url\" content=\"https:\/\/beebipood.ee\/ru\/produkt\/cam-pisolino-reisivoodi-orso-bolle\/\" \/>\n<meta property=\"og:site_name\" content=\"Beebipood\" \/>\n<meta property=\"article:modified_time\" content=\"2025-10-14T12:49:12+00:00\" \/>\n<meta property=\"og:image\" content=\"https:\/\/beebipood.ee\/wp-content\/uploads\/2025\/10\/pisolino_beige_grigio_1.638651986248104256.jpg\" \/>\n\t<meta property=\"og:image:width\" content=\"980\" \/>\n\t<meta property=\"og:image:height\" content=\"899\" \/>\n\t<meta property=\"og:image:type\" content=\"image\/jpeg\" \/>\n<meta name=\"twitter:card\" content=\"summary_large_image\" \/>\n<meta name=\"twitter:label1\" content=\"\u041f\u0440\u0438\u043c\u0435\u0440\u043d\u043e\u0435 \u0432\u0440\u0435\u043c\u044f \u0434\u043b\u044f \u0447\u0442\u0435\u043d\u0438\u044f\" \/>\n\t<meta name=\"twitter:data1\" content=\"1 \u043c\u0438\u043d\u0443\u0442\u0430\" \/>\n<script type=\"application\/ld+json\" class=\"yoast-schema-graph\">{\"@context\":\"https:\/\/schema.org\",\"@graph\":[{\"@type\":\"WebPage\",\"@id\":\"https:\/\/beebipood.ee\/ru\/produkt\/cam-pisolino-reisivoodi-orso-bolle\/\",\"url\":\"https:\/\/beebipood.ee\/ru\/produkt\/cam-pisolino-reisivoodi-orso-bolle\/\",\"name\":\"Cam Pisolino reisivoodi, col247, \u0414\u0435\u0442\u0441\u043a\u0438e \u043a\u0440\u043e\u0432\u0430\u0442\u043a\u0438, \u043f\u0435\u0440\u0435\u043d\u043e\u0441\u043d\u044b\u0435 \u043a\u0440\u043e\u0432\u0430\u0442\u043a\u0438, \u043b\u044e\u043b\u044c\u043a\u0438, \u041f\u0435\u0440\u0435\u043d\u043e\u0441\u043d\u044b\u0435 \u043a\u0440\u043e\u0432\u0430\u0442\u043a\u0438, Beebipood\",\"isPartOf\":{\"@id\":\"https:\/\/beebipood.ee\/ru\/#website\"},\"primaryImageOfPage\":{\"@id\":\"https:\/\/beebipood.ee\/ru\/produkt\/cam-pisolino-reisivoodi-orso-bolle\/#primaryimage\"},\"image\":{\"@id\":\"https:\/\/beebipood.ee\/ru\/produkt\/cam-pisolino-reisivoodi-orso-bolle\/#primaryimage\"},\"thumbnailUrl\":\"https:\/\/beebipood.ee\/wp-content\/uploads\/2025\/10\/pisolino_beige_grigio_1.638651986248104256.jpg\",\"datePublished\":\"2025-10-14T12:46:50+00:00\",\"dateModified\":\"2025-10-14T12:49:12+00:00\",\"description\":\"Cam Pisolino reisivoodi, col247, Lihtne ja turvaline reisivoodi lastele alates s\u00fcnnist kuni umber 36. elukuuni.&lt;span style=&quot;text-deco\",\"breadcrumb\":{\"@id\":\"https:\/\/beebipood.ee\/ru\/produkt\/cam-pisolino-reisivoodi-orso-bolle\/#breadcrumb\"},\"inLanguage\":\"ru-RU\",\"potentialAction\":[{\"@type\":\"ReadAction\",\"target\":[\"https:\/\/beebipood.ee\/ru\/produkt\/cam-pisolino-reisivoodi-orso-bolle\/\"]}]},{\"@type\":\"ImageObject\",\"inLanguage\":\"ru-RU\",\"@id\":\"https:\/\/beebipood.ee\/ru\/produkt\/cam-pisolino-reisivoodi-orso-bolle\/#primaryimage\",\"url\":\"https:\/\/beebipood.ee\/wp-content\/uploads\/2025\/10\/pisolino_beige_grigio_1.638651986248104256.jpg\",\"contentUrl\":\"https:\/\/beebipood.ee\/wp-content\/uploads\/2025\/10\/pisolino_beige_grigio_1.638651986248104256.jpg\",\"width\":980,\"height\":899},{\"@type\":\"BreadcrumbList\",\"@id\":\"https:\/\/beebipood.ee\/ru\/produkt\/cam-pisolino-reisivoodi-orso-bolle\/#breadcrumb\",\"itemListElement\":[{\"@type\":\"ListItem\",\"position\":1,\"name\":\"Home\",\"item\":\"https:\/\/beebipood.ee\/ru\/\"},{\"@type\":\"ListItem\",\"position\":2,\"name\":\"\u041a\u0430\u0442\u0430\u043b\u043e\u0433 \u0442\u043e\u0432\u0430\u0440\u043e\u0432\",\"item\":\"https:\/\/beebipood.ee\/tooted\/\"},{\"@type\":\"ListItem\",\"position\":3,\"name\":\"Cam Pisolino reisivoodi, Orso Bolle\"}]},{\"@type\":\"WebSite\",\"@id\":\"https:\/\/beebipood.ee\/ru\/#website\",\"url\":\"https:\/\/beebipood.ee\/ru\/\",\"name\":\"Beebipood\",\"description\":\"Lastekaubad, beebikaubad, m\u00e4nguasjad\",\"publisher\":{\"@id\":\"https:\/\/beebipood.ee\/ru\/#organization\"},\"potentialAction\":[{\"@type\":\"SearchAction\",\"target\":{\"@type\":\"EntryPoint\",\"urlTemplate\":\"https:\/\/beebipood.ee\/ru\/?s={search_term_string}\"},\"query-input\":{\"@type\":\"PropertyValueSpecification\",\"valueRequired\":true,\"valueName\":\"search_term_string\"}}],\"inLanguage\":\"ru-RU\"},{\"@type\":\"Organization\",\"@id\":\"https:\/\/beebipood.ee\/ru\/#organization\",\"name\":\"Beebipood\",\"url\":\"https:\/\/beebipood.ee\/ru\/\",\"logo\":{\"@type\":\"ImageObject\",\"inLanguage\":\"ru-RU\",\"@id\":\"https:\/\/beebipood.ee\/ru\/#\/schema\/logo\/image\/\",\"url\":\"https:\/\/beebipood.ee\/wp-content\/uploads\/2025\/03\/beebipood.ee-logo-1.svg\",\"contentUrl\":\"https:\/\/beebipood.ee\/wp-content\/uploads\/2025\/03\/beebipood.ee-logo-1.svg\",\"caption\":\"Beebipood\"},\"image\":{\"@id\":\"https:\/\/beebipood.ee\/ru\/#\/schema\/logo\/image\/\"}}]}<\/script>\n<!-- \/ Yoast SEO plugin. -->","yoast_head_json":{"title":"Cam Pisolino reisivoodi, col247, \u0414\u0435\u0442\u0441\u043a\u0438e \u043a\u0440\u043e\u0432\u0430\u0442\u043a\u0438, \u043f\u0435\u0440\u0435\u043d\u043e\u0441\u043d\u044b\u0435 \u043a\u0440\u043e\u0432\u0430\u0442\u043a\u0438, \u043b\u044e\u043b\u044c\u043a\u0438, \u041f\u0435\u0440\u0435\u043d\u043e\u0441\u043d\u044b\u0435 \u043a\u0440\u043e\u0432\u0430\u0442\u043a\u0438, Beebipood","description":"Cam Pisolino reisivoodi, col247, Lihtne ja turvaline reisivoodi lastele alates s\u00fcnnist kuni umber 36. elukuuni.&lt;span style=&quot;text-deco","robots":{"index":"index","follow":"follow","max-snippet":"max-snippet:-1","max-image-preview":"max-image-preview:large","max-video-preview":"max-video-preview:-1"},"canonical":"https:\/\/beebipood.ee\/ru\/produkt\/cam-pisolino-reisivoodi-orso-bolle\/","og_locale":"ru_RU","og_type":"article","og_title":"Cam Pisolino reisivoodi, col247, \u0414\u0435\u0442\u0441\u043a\u0438e \u043a\u0440\u043e\u0432\u0430\u0442\u043a\u0438, \u043f\u0435\u0440\u0435\u043d\u043e\u0441\u043d\u044b\u0435 \u043a\u0440\u043e\u0432\u0430\u0442\u043a\u0438, \u043b\u044e\u043b\u044c\u043a\u0438, \u041f\u0435\u0440\u0435\u043d\u043e\u0441\u043d\u044b\u0435 \u043a\u0440\u043e\u0432\u0430\u0442\u043a\u0438, Beebipood","og_description":"Cam Pisolino reisivoodi, col247, Lihtne ja turvaline reisivoodi lastele alates s\u00fcnnist kuni umber 36. elukuuni.&lt;span style=&quot;text-deco","og_url":"https:\/\/beebipood.ee\/ru\/produkt\/cam-pisolino-reisivoodi-orso-bolle\/","og_site_name":"Beebipood","article_modified_time":"2025-10-14T12:49:12+00:00","og_image":[{"width":980,"height":899,"url":"https:\/\/beebipood.ee\/wp-content\/uploads\/2025\/10\/pisolino_beige_grigio_1.638651986248104256.jpg","type":"image\/jpeg"}],"twitter_card":"summary_large_image","twitter_misc":{"\u041f\u0440\u0438\u043c\u0435\u0440\u043d\u043e\u0435 \u0432\u0440\u0435\u043c\u044f \u0434\u043b\u044f \u0447\u0442\u0435\u043d\u0438\u044f":"1 \u043c\u0438\u043d\u0443\u0442\u0430"},"schema":{"@context":"https:\/\/schema.org","@graph":[{"@type":"WebPage","@id":"https:\/\/beebipood.ee\/ru\/produkt\/cam-pisolino-reisivoodi-orso-bolle\/","url":"https:\/\/beebipood.ee\/ru\/produkt\/cam-pisolino-reisivoodi-orso-bolle\/","name":"Cam Pisolino reisivoodi, col247, \u0414\u0435\u0442\u0441\u043a\u0438e \u043a\u0440\u043e\u0432\u0430\u0442\u043a\u0438, \u043f\u0435\u0440\u0435\u043d\u043e\u0441\u043d\u044b\u0435 \u043a\u0440\u043e\u0432\u0430\u0442\u043a\u0438, \u043b\u044e\u043b\u044c\u043a\u0438, \u041f\u0435\u0440\u0435\u043d\u043e\u0441\u043d\u044b\u0435 \u043a\u0440\u043e\u0432\u0430\u0442\u043a\u0438, Beebipood","isPartOf":{"@id":"https:\/\/beebipood.ee\/ru\/#website"},"primaryImageOfPage":{"@id":"https:\/\/beebipood.ee\/ru\/produkt\/cam-pisolino-reisivoodi-orso-bolle\/#primaryimage"},"image":{"@id":"https:\/\/beebipood.ee\/ru\/produkt\/cam-pisolino-reisivoodi-orso-bolle\/#primaryimage"},"thumbnailUrl":"https:\/\/beebipood.ee\/wp-content\/uploads\/2025\/10\/pisolino_beige_grigio_1.638651986248104256.jpg","datePublished":"2025-10-14T12:46:50+00:00","dateModified":"2025-10-14T12:49:12+00:00","description":"Cam Pisolino reisivoodi, col247, Lihtne ja turvaline reisivoodi lastele alates s\u00fcnnist kuni umber 36. elukuuni.&lt;span style=&quot;text-deco","breadcrumb":{"@id":"https:\/\/beebipood.ee\/ru\/produkt\/cam-pisolino-reisivoodi-orso-bolle\/#breadcrumb"},"inLanguage":"ru-RU","potentialAction":[{"@type":"ReadAction","target":["https:\/\/beebipood.ee\/ru\/produkt\/cam-pisolino-reisivoodi-orso-bolle\/"]}]},{"@type":"ImageObject","inLanguage":"ru-RU","@id":"https:\/\/beebipood.ee\/ru\/produkt\/cam-pisolino-reisivoodi-orso-bolle\/#primaryimage","url":"https:\/\/beebipood.ee\/wp-content\/uploads\/2025\/10\/pisolino_beige_grigio_1.638651986248104256.jpg","contentUrl":"https:\/\/beebipood.ee\/wp-content\/uploads\/2025\/10\/pisolino_beige_grigio_1.638651986248104256.jpg","width":980,"height":899},{"@type":"BreadcrumbList","@id":"https:\/\/beebipood.ee\/ru\/produkt\/cam-pisolino-reisivoodi-orso-bolle\/#breadcrumb","itemListElement":[{"@type":"ListItem","position":1,"name":"Home","item":"https:\/\/beebipood.ee\/ru\/"},{"@type":"ListItem","position":2,"name":"\u041a\u0430\u0442\u0430\u043b\u043e\u0433 \u0442\u043e\u0432\u0430\u0440\u043e\u0432","item":"https:\/\/beebipood.ee\/tooted\/"},{"@type":"ListItem","position":3,"name":"Cam Pisolino reisivoodi, Orso Bolle"}]},{"@type":"WebSite","@id":"https:\/\/beebipood.ee\/ru\/#website","url":"https:\/\/beebipood.ee\/ru\/","name":"Beebipood","description":"Lastekaubad, beebikaubad, m\u00e4nguasjad","publisher":{"@id":"https:\/\/beebipood.ee\/ru\/#organization"},"potentialAction":[{"@type":"SearchAction","target":{"@type":"EntryPoint","urlTemplate":"https:\/\/beebipood.ee\/ru\/?s={search_term_string}"},"query-input":{"@type":"PropertyValueSpecification","valueRequired":true,"valueName":"search_term_string"}}],"inLanguage":"ru-RU"},{"@type":"Organization","@id":"https:\/\/beebipood.ee\/ru\/#organization","name":"Beebipood","url":"https:\/\/beebipood.ee\/ru\/","logo":{"@type":"ImageObject","inLanguage":"ru-RU","@id":"https:\/\/beebipood.ee\/ru\/#\/schema\/logo\/image\/","url":"https:\/\/beebipood.ee\/wp-content\/uploads\/2025\/03\/beebipood.ee-logo-1.svg","contentUrl":"https:\/\/beebipood.ee\/wp-content\/uploads\/2025\/03\/beebipood.ee-logo-1.svg","caption":"Beebipood"},"image":{"@id":"https:\/\/beebipood.ee\/ru\/#\/schema\/logo\/image\/"}}]}},"brands":[{"id":11970,"name":"CAM","slug":"cam-ru"}],"_links":{"self":[{"href":"https:\/\/beebipood.ee\/ru\/wp-json\/wp\/v2\/product\/508041","targetHints":{"allow":["GET"]}}],"collection":[{"href":"https:\/\/beebipood.ee\/ru\/wp-json\/wp\/v2\/product"}],"about":[{"href":"https:\/\/beebipood.ee\/ru\/wp-json\/wp\/v2\/types\/product"}],"wp:featuredmedia":[{"embeddable":true,"href":"https:\/\/beebipood.ee\/ru\/wp-json\/wp\/v2\/media\/508043"}],"wp:attachment":[{"href":"https:\/\/beebipood.ee\/ru\/wp-json\/wp\/v2\/media?parent=508041"}],"wp:term":[{"taxonomy":"pwb-brand","embeddable":true,"href":"https:\/\/beebipood.ee\/ru\/wp-json\/wp\/v2\/pwb-brand?post=508041"},{"taxonomy":"product_brand","embeddable":true,"href":"https:\/\/beebipood.ee\/ru\/wp-json\/wp\/v2\/product_brand?post=508041"},{"taxonomy":"product_cat","embeddable":true,"href":"https:\/\/beebipood.ee\/ru\/wp-json\/wp\/v2\/product_cat?post=508041"},{"taxonomy":"product_tag","embeddable":true,"href":"https:\/\/beebipood.ee\/ru\/wp-json\/wp\/v2\/product_tag?post=508041"}],"curies":[{"name":"wp","href":"https:\/\/api.w.org\/{rel}","templated":true}]}}