{"id":508080,"date":"2025-10-14T22:09:57","date_gmt":"2025-10-14T19:09:57","guid":{"rendered":"https:\/\/beebipood.ee\/?post_type=product&#038;p=508080"},"modified":"2025-10-15T07:46:16","modified_gmt":"2025-10-15T04:46:16","slug":"axkid-gokid-turvahall-40-87-cm-13-kg-isofix-alus-arctic-mist-grey","status":"publish","type":"product","link":"https:\/\/beebipood.ee\/ru\/produkt\/axkid-gokid-turvahall-40-87-cm-13-kg-isofix-alus-arctic-mist-grey\/","title":{"rendered":"Axkid Gokid i-Size turvah\u00e4ll 40\u201387 cm\/13 kg + Isofix alus, Arctic Mist Grey"},"content":{"rendered":"<p><strong data-start=\"91\" data-end=\"100\">Axkid Gokid<\/strong> on turvah\u00e4ll, mis sobib lastele alates s\u00fcnnist kuni umbes 15 kuu vanuseni (40\u201387 cm \/ 13 kg). H\u00e4lli on v\u00f5imalik paigaldada kas <strong data-start=\"227\" data-end=\"245\">ISOFIX-alusega<\/strong>\u00a0 v\u00f5i auto <strong data-start=\"272\" data-end=\"295\">3-punkti turvav\u00f6\u00f6ga<\/strong>. T\u00e4nu <strong data-start=\"302\" data-end=\"349\">universaalsele \u00fchilduvusele lapsevankritega<\/strong> saab iste h\u00f5lpsasti liigutada auto ja vankri vahel. <strong data-start=\"402\" data-end=\"428\" data-is-only-node=\"\">Komplekti kuulub isofix alus.<br \/>\n<\/strong><\/p>\n<hr \/>\n<h3 data-start=\"92\" data-end=\"127\"><strong data-start=\"96\" data-end=\"125\">Turvalisus alates s\u00fcnnist<\/strong><\/h3>\n<p data-start=\"128\" data-end=\"327\"><strong data-start=\"128\" data-end=\"137\">Gokid<\/strong> beebitool on <strong data-start=\"151\" data-end=\"181\">R129 i-Size sertifikaadiga<\/strong> ja <strong data-start=\"185\" data-end=\"222\">k\u00f5rgel tasemel kokkup\u00f5rketestitud<\/strong>, et pakkuda maksimaalset turvalisust alates s\u00fcnnist kuni umbes 15 kuu vanuseni (40\u201387 cm, kuni 13 kg).<\/p>\n<h3 data-start=\"329\" data-end=\"361\"><strong data-start=\"333\" data-end=\"359\">Kohandub lapse kasvuga<\/strong><\/h3>\n<p data-start=\"362\" data-end=\"561\">Heaks kiidetud kasutamiseks alates s\u00fcnnist kuni 15 kuu vanuseni (40\u201387 cm, kuni 13 kg). T\u00e4nu <strong data-start=\"455\" data-end=\"486\">reguleeritavale peatoele<\/strong>\u00a0ja <strong data-start=\"490\" data-end=\"514\">mugavale beebisisule <\/strong>saab iste h\u00f5lpsasti kohanduda lapse kasvuga.<\/p>\n<h3 data-start=\"563\" data-end=\"589\"><strong data-start=\"567\" data-end=\"587\">Paindlik kasutus<\/strong><\/h3>\n<p data-start=\"590\" data-end=\"824\">Gokid v\u00f5imaldab <strong data-start=\"606\" data-end=\"628\">lihtsat paigaldust<\/strong> kas ISOFIX-aluse abil v\u00f5i auto <strong data-start=\"660\" data-end=\"683\">3-punkti turvav\u00f6\u00f6ga<\/strong>. <strong data-start=\"685\" data-end=\"710\">Ergonoomiline k\u00e4epide<\/strong> muudab h\u00e4lli kandmise mugavaks ning \u00fche kl\u00f5psuga saab selle kinnitada <strong data-start=\"781\" data-end=\"799\">ISOFIX-alusele<\/strong> v\u00f5i <strong data-start=\"804\" data-end=\"821\">lapsevankrile<\/strong>.<\/p>\n<h3 data-start=\"826\" data-end=\"865\"><strong data-start=\"830\" data-end=\"863\">Lihtne paigaldus \u00fche kl\u00f5psuga<\/strong><\/h3>\n<p data-start=\"866\" data-end=\"1072\"><strong data-start=\"866\" data-end=\"882\">ISOFIX-alus:<\/strong> Turvah\u00e4ll kinnitub alusele \u00fche kl\u00f5psuga, tagades kiire ja turvalise paigalduse. <strong data-start=\"963\" data-end=\"984\">Turvaindikaatorid<\/strong> n\u00e4itavad selgelt, kui iste on \u00f5igesti paigaldatud.<br data-start=\"1035\" data-end=\"1038\" \/><em data-start=\"1038\" data-end=\"1070\">(Gokid-alus kuulub komplekti.)<\/em><\/p>\n<p data-start=\"1074\" data-end=\"1236\"><strong data-start=\"1074\" data-end=\"1094\">V\u00f6\u00f6ga paigaldus:<\/strong> V\u00f5imalik kasutada ka auto 3-punkti turvav\u00f6\u00f6d. Parima ohutuse tagamiseks soovitame kasutada ISOFIX-alust, mis v\u00e4hendab valepaigalduse riski.<\/p>\n<h3 data-start=\"1238\" data-end=\"1278\"><strong data-start=\"1242\" data-end=\"1276\">Kohandatav peatugi ja beebisisu<\/strong><\/h3>\n<p data-start=\"1279\" data-end=\"1415\">Sisseehitatud <strong data-start=\"1293\" data-end=\"1317\">5-punkti turvarihmad<\/strong>, reguleeritav peatugi ja paindlik beebisisu v\u00f5imaldavad istet kohandada vastavalt lapse kasvule.<\/p>\n<h3 data-start=\"1417\" data-end=\"1445\"><strong data-start=\"1421\" data-end=\"1443\">Turvaline ja mugav<\/strong><\/h3>\n<p data-start=\"1446\" data-end=\"1707\">Turva h\u00e4ll kinnitub kiiresti ja sujuvalt ISOFIX-alusele v\u00f5i lapsevankrile ning seda saab liigutada last \u00e4ratamata \u2013 maksimaalse mugavuse tagamiseks.<br data-start=\"1593\" data-end=\"1596\" \/>Lisaks on Axkid Gokid varustatud <strong data-start=\"1623\" data-end=\"1656\">v\u00e4ljat\u00f5mmatava p\u00e4ikesevarjuga<\/strong>, mis pakub kaitset p\u00e4ikese, tuule ja vihma eest.<\/p>\n<hr data-start=\"1709\" data-end=\"1712\" \/>\n<h3 data-start=\"1714\" data-end=\"1772\"><strong data-start=\"1718\" data-end=\"1770\">Tehnilised andmed \u2013 Axkid Gokid (sisaldab alust)<\/strong><\/h3>\n<ul data-start=\"1773\" data-end=\"2314\">\n<li data-start=\"1773\" data-end=\"1806\">\n<p data-start=\"1775\" data-end=\"1806\"><strong data-start=\"1775\" data-end=\"1789\">Heakskiit:<\/strong> UN R129 i-Size<\/p>\n<\/li>\n<li data-start=\"1807\" data-end=\"1847\">\n<p data-start=\"1809\" data-end=\"1847\"><strong data-start=\"1809\" data-end=\"1824\">S\u00f5idusuund:<\/strong> seljaga s\u00f5idu suunas<\/p>\n<\/li>\n<li data-start=\"1848\" data-end=\"1892\">\n<p data-start=\"1850\" data-end=\"1892\"><strong data-start=\"1850\" data-end=\"1860\">Vanus:<\/strong> alates s\u00fcnnist kuni u 15 kuud<\/p>\n<\/li>\n<li data-start=\"1893\" data-end=\"1923\">\n<p data-start=\"1895\" data-end=\"1923\"><strong data-start=\"1895\" data-end=\"1912\">Lapse pikkus:<\/strong> 40\u201387 cm<\/p>\n<\/li>\n<li data-start=\"1924\" data-end=\"1956\">\n<p data-start=\"1926\" data-end=\"1956\"><strong data-start=\"1926\" data-end=\"1943\">Kaalupiirang:<\/strong> kuni 13 kg<\/p>\n<\/li>\n<li data-start=\"1957\" data-end=\"2018\">\n<p data-start=\"1959\" data-end=\"2018\"><strong data-start=\"1959\" data-end=\"1973\">Paigaldus:<\/strong> 3-punkti turvav\u00f6\u00f6 v\u00f5i ISOFIX alus (kaasas)<\/p>\n<\/li>\n<li data-start=\"2019\" data-end=\"2068\">\n<p data-start=\"2021\" data-end=\"2068\"><strong data-start=\"2021\" data-end=\"2030\">Alus:<\/strong> sobib Axkid Gokid h\u00e4lli&#8217;ga(kaasas)<\/p>\n<\/li>\n<li data-start=\"2069\" data-end=\"2102\">\n<p data-start=\"2071\" data-end=\"2102\"><strong data-start=\"2071\" data-end=\"2086\">P\u00f6\u00f6ratavus:<\/strong> mittep\u00f6\u00f6ratav<\/p>\n<\/li>\n<li data-start=\"2103\" data-end=\"2123\">\n<p data-start=\"2105\" data-end=\"2123\"><strong data-start=\"2105\" data-end=\"2114\">Turvah\u00e4ll:<\/strong> 4,2 kg<\/p>\n<\/li>\n<li data-start=\"2124\" data-end=\"2173\">\n<p data-start=\"2126\" data-end=\"2173\"><strong data-start=\"2126\" data-end=\"2137\">Kangas:<\/strong> eemaldatav ja pestav 30 \u00b0C juures<\/p>\n<\/li>\n<li data-start=\"2196\" data-end=\"2241\">\n<p data-start=\"2198\" data-end=\"2241\"><strong data-start=\"2198\" data-end=\"2223\">Tooli m\u00f5\u00f5dud (LxKxS):<\/strong> 44 \u00d7 56 \u00d7 66 cm<\/p>\n<\/li>\n<li data-start=\"2242\" data-end=\"2287\">\n<p data-start=\"2244\" data-end=\"2287\"><strong data-start=\"2244\" data-end=\"2269\">Aluse m\u00f5\u00f5dud (LxKxS):<\/strong> 36 \u00d7 15 \u00d7 64 cm<\/p>\n<\/li>\n<li data-start=\"2288\" data-end=\"2314\">\n<p data-start=\"2290\" data-end=\"2314\"><strong data-start=\"2290\" data-end=\"2305\">Aluse kaal:<\/strong> 4,8 kg<\/p>\n<\/li>\n<\/ul>\n","protected":false},"excerpt":{"rendered":"<p>Axkid Gokid on turvah\u00e4ll, mis sobib lastele alates s\u00fcnnist kuni umbes 15 kuu vanuseni (40\u201387 cm \/ 13 kg). H\u00e4lli on v\u00f5imalik paigaldada kas ISOFIX-alusega\u00a0 v\u00f5i auto 3-punkti turvav\u00f6\u00f6ga. T\u00e4nu universaalsele \u00fchilduvusele lapsevankritega saab iste h\u00f5lpsasti liigutada auto ja vankri vahel. Komplekti kuulub isofix alus. Turvalisus alates s\u00fcnnist Gokid beebitool on R129 i-Size sertifikaadiga ja [&hellip;]<\/p>\n","protected":false},"featured_media":508082,"template":"","meta":{"_acf_changed":false},"pwb-brand":[11955],"product_brand":[],"product_cat":[11743,11573,11813,11727,11815,11791],"product_tag":[],"class_list":{"0":"post-508080","1":"product","2":"type-product","3":"status-publish","4":"has-post-thumbnail","6":"pwb-brand-axkid-ru","7":"product_cat-turvahallid-ru","8":"product_cat-sooduspakkumised-ru","9":"product_cat-axkid-ru","10":"product_cat-turvatoolid-hallid-ru","11":"product_cat-axkid-one-2-turvatool-ru","12":"product_cat-turvavarustus-ru","13":"pa_manufacturer-axkid-ru","15":"first","16":"onbackorder","17":"sale","18":"taxable","19":"shipping-taxable","20":"purchasable","21":"product-type-simple"},"exclude_global_add_ons":[],"addons":[],"acf":[],"yoast_head":"<!-- This site is optimized with the Yoast SEO plugin v27.1.1 - https:\/\/yoast.com\/product\/yoast-seo-wordpress\/ -->\n<title>Axkid ONE 2 turvatool 61-125cm, Granite-melange, \u0421\u041a\u0418\u0414\u041a\u0418, \u0410\u0432\u0442\u043e\u043a\u0440\u0435\u0441\u043b\u0430, \u043b\u044e\u043b\u044c\u043a\u0438, \u0410\u0432\u0442\u043e\u043a\u0440\u0435\u0441\u043b\u0430 9-25 \u043a\u0433, \u0421\u043d\u0430\u0440\u044f\u0436\u0435\u043d\u0438\u044f \u0431\u0435\u0437\u043e\u043f\u0430\u0441\u043d\u043e\u0441\u0442\u0438, Axkid, Axkid One 2 , A\u0432\u0442\u043e\u043a\u0440\u0435\u0441\u043b\u043e \u0441\u043f\u0438\u043d\u043e\u0439 \u043f\u043e \u0445\u043e\u0434\u0443, Beebipood<\/title>\n<meta name=\"description\" content=\"Axkid ONE 2 turvatool 61-125cm, Granite-melange, Axkid ONE 2 - \u00dcks turvatool l\u00e4bi lapsep\u00f5lve!AXKID ONE 2 annab turvatoolide ohutusele\" \/>\n<meta name=\"robots\" content=\"index, follow, max-snippet:-1, max-image-preview:large, max-video-preview:-1\" \/>\n<link rel=\"canonical\" href=\"https:\/\/beebipood.ee\/ru\/produkt\/axkid-gokid-turvahall-40-87-cm-13-kg-isofix-alus-arctic-mist-grey\/\" \/>\n<meta property=\"og:locale\" content=\"ru_RU\" \/>\n<meta property=\"og:type\" content=\"article\" \/>\n<meta property=\"og:title\" content=\"Axkid ONE 2 turvatool 61-125cm, Granite-melange, \u0421\u041a\u0418\u0414\u041a\u0418, \u0410\u0432\u0442\u043e\u043a\u0440\u0435\u0441\u043b\u0430, \u043b\u044e\u043b\u044c\u043a\u0438, \u0410\u0432\u0442\u043e\u043a\u0440\u0435\u0441\u043b\u0430 9-25 \u043a\u0433, \u0421\u043d\u0430\u0440\u044f\u0436\u0435\u043d\u0438\u044f \u0431\u0435\u0437\u043e\u043f\u0430\u0441\u043d\u043e\u0441\u0442\u0438, Axkid, Axkid One 2 , A\u0432\u0442\u043e\u043a\u0440\u0435\u0441\u043b\u043e \u0441\u043f\u0438\u043d\u043e\u0439 \u043f\u043e \u0445\u043e\u0434\u0443, Beebipood\" \/>\n<meta property=\"og:description\" content=\"Axkid ONE 2 turvatool 61-125cm, Granite-melange, Axkid ONE 2 - \u00dcks turvatool l\u00e4bi lapsep\u00f5lve!AXKID ONE 2 annab turvatoolide ohutusele\" \/>\n<meta property=\"og:url\" content=\"https:\/\/beebipood.ee\/ru\/produkt\/axkid-gokid-turvahall-40-87-cm-13-kg-isofix-alus-arctic-mist-grey\/\" \/>\n<meta property=\"og:site_name\" content=\"Beebipood\" \/>\n<meta property=\"article:modified_time\" content=\"2025-10-15T04:46:16+00:00\" \/>\n<meta property=\"og:image\" content=\"https:\/\/beebipood.ee\/wp-content\/uploads\/2025\/10\/axkid-gokid-isofix-arctic-mist-grey-inkl-base.jpeg\" \/>\n\t<meta property=\"og:image:width\" content=\"957\" \/>\n\t<meta property=\"og:image:height\" content=\"957\" \/>\n\t<meta property=\"og:image:type\" content=\"image\/jpeg\" \/>\n<meta name=\"twitter:card\" content=\"summary_large_image\" \/>\n<meta name=\"twitter:label1\" content=\"\u041f\u0440\u0438\u043c\u0435\u0440\u043d\u043e\u0435 \u0432\u0440\u0435\u043c\u044f \u0434\u043b\u044f \u0447\u0442\u0435\u043d\u0438\u044f\" \/>\n\t<meta name=\"twitter:data1\" content=\"2 \u043c\u0438\u043d\u0443\u0442\u044b\" \/>\n<script type=\"application\/ld+json\" class=\"yoast-schema-graph\">{\"@context\":\"https:\/\/schema.org\",\"@graph\":[{\"@type\":\"WebPage\",\"@id\":\"https:\/\/beebipood.ee\/ru\/produkt\/axkid-gokid-turvahall-40-87-cm-13-kg-isofix-alus-arctic-mist-grey\/\",\"url\":\"https:\/\/beebipood.ee\/ru\/produkt\/axkid-gokid-turvahall-40-87-cm-13-kg-isofix-alus-arctic-mist-grey\/\",\"name\":\"Axkid ONE 2 turvatool 61-125cm, Granite-melange, \u0421\u041a\u0418\u0414\u041a\u0418, \u0410\u0432\u0442\u043e\u043a\u0440\u0435\u0441\u043b\u0430, \u043b\u044e\u043b\u044c\u043a\u0438, \u0410\u0432\u0442\u043e\u043a\u0440\u0435\u0441\u043b\u0430 9-25 \u043a\u0433, \u0421\u043d\u0430\u0440\u044f\u0436\u0435\u043d\u0438\u044f \u0431\u0435\u0437\u043e\u043f\u0430\u0441\u043d\u043e\u0441\u0442\u0438, Axkid, Axkid One 2 , A\u0432\u0442\u043e\u043a\u0440\u0435\u0441\u043b\u043e \u0441\u043f\u0438\u043d\u043e\u0439 \u043f\u043e \u0445\u043e\u0434\u0443, Beebipood\",\"isPartOf\":{\"@id\":\"https:\/\/beebipood.ee\/ru\/#website\"},\"primaryImageOfPage\":{\"@id\":\"https:\/\/beebipood.ee\/ru\/produkt\/axkid-gokid-turvahall-40-87-cm-13-kg-isofix-alus-arctic-mist-grey\/#primaryimage\"},\"image\":{\"@id\":\"https:\/\/beebipood.ee\/ru\/produkt\/axkid-gokid-turvahall-40-87-cm-13-kg-isofix-alus-arctic-mist-grey\/#primaryimage\"},\"thumbnailUrl\":\"https:\/\/beebipood.ee\/wp-content\/uploads\/2025\/10\/axkid-gokid-isofix-arctic-mist-grey-inkl-base.jpeg\",\"datePublished\":\"2025-10-14T19:09:57+00:00\",\"dateModified\":\"2025-10-15T04:46:16+00:00\",\"description\":\"Axkid ONE 2 turvatool 61-125cm, Granite-melange, Axkid ONE 2 - \u00dcks turvatool l\u00e4bi lapsep\u00f5lve!AXKID ONE 2 annab turvatoolide ohutusele\",\"breadcrumb\":{\"@id\":\"https:\/\/beebipood.ee\/ru\/produkt\/axkid-gokid-turvahall-40-87-cm-13-kg-isofix-alus-arctic-mist-grey\/#breadcrumb\"},\"inLanguage\":\"ru-RU\",\"potentialAction\":[{\"@type\":\"ReadAction\",\"target\":[\"https:\/\/beebipood.ee\/ru\/produkt\/axkid-gokid-turvahall-40-87-cm-13-kg-isofix-alus-arctic-mist-grey\/\"]}]},{\"@type\":\"ImageObject\",\"inLanguage\":\"ru-RU\",\"@id\":\"https:\/\/beebipood.ee\/ru\/produkt\/axkid-gokid-turvahall-40-87-cm-13-kg-isofix-alus-arctic-mist-grey\/#primaryimage\",\"url\":\"https:\/\/beebipood.ee\/wp-content\/uploads\/2025\/10\/axkid-gokid-isofix-arctic-mist-grey-inkl-base.jpeg\",\"contentUrl\":\"https:\/\/beebipood.ee\/wp-content\/uploads\/2025\/10\/axkid-gokid-isofix-arctic-mist-grey-inkl-base.jpeg\",\"width\":957,\"height\":957},{\"@type\":\"BreadcrumbList\",\"@id\":\"https:\/\/beebipood.ee\/ru\/produkt\/axkid-gokid-turvahall-40-87-cm-13-kg-isofix-alus-arctic-mist-grey\/#breadcrumb\",\"itemListElement\":[{\"@type\":\"ListItem\",\"position\":1,\"name\":\"Home\",\"item\":\"https:\/\/beebipood.ee\/ru\/\"},{\"@type\":\"ListItem\",\"position\":2,\"name\":\"\u041a\u0430\u0442\u0430\u043b\u043e\u0433 \u0442\u043e\u0432\u0430\u0440\u043e\u0432\",\"item\":\"https:\/\/beebipood.ee\/tooted\/\"},{\"@type\":\"ListItem\",\"position\":3,\"name\":\"Axkid Gokid i-Size turvah\u00e4ll 40\u201387 cm\/13 kg + Isofix alus, Arctic Mist Grey\"}]},{\"@type\":\"WebSite\",\"@id\":\"https:\/\/beebipood.ee\/ru\/#website\",\"url\":\"https:\/\/beebipood.ee\/ru\/\",\"name\":\"Beebipood\",\"description\":\"Lastekaubad, beebikaubad, m\u00e4nguasjad\",\"publisher\":{\"@id\":\"https:\/\/beebipood.ee\/ru\/#organization\"},\"potentialAction\":[{\"@type\":\"SearchAction\",\"target\":{\"@type\":\"EntryPoint\",\"urlTemplate\":\"https:\/\/beebipood.ee\/ru\/?s={search_term_string}\"},\"query-input\":{\"@type\":\"PropertyValueSpecification\",\"valueRequired\":true,\"valueName\":\"search_term_string\"}}],\"inLanguage\":\"ru-RU\"},{\"@type\":\"Organization\",\"@id\":\"https:\/\/beebipood.ee\/ru\/#organization\",\"name\":\"Beebipood\",\"url\":\"https:\/\/beebipood.ee\/ru\/\",\"logo\":{\"@type\":\"ImageObject\",\"inLanguage\":\"ru-RU\",\"@id\":\"https:\/\/beebipood.ee\/ru\/#\/schema\/logo\/image\/\",\"url\":\"https:\/\/beebipood.ee\/wp-content\/uploads\/2025\/03\/beebipood.ee-logo-1.svg\",\"contentUrl\":\"https:\/\/beebipood.ee\/wp-content\/uploads\/2025\/03\/beebipood.ee-logo-1.svg\",\"caption\":\"Beebipood\"},\"image\":{\"@id\":\"https:\/\/beebipood.ee\/ru\/#\/schema\/logo\/image\/\"}}]}<\/script>\n<!-- \/ Yoast SEO plugin. -->","yoast_head_json":{"title":"Axkid ONE 2 turvatool 61-125cm, Granite-melange, \u0421\u041a\u0418\u0414\u041a\u0418, \u0410\u0432\u0442\u043e\u043a\u0440\u0435\u0441\u043b\u0430, \u043b\u044e\u043b\u044c\u043a\u0438, \u0410\u0432\u0442\u043e\u043a\u0440\u0435\u0441\u043b\u0430 9-25 \u043a\u0433, \u0421\u043d\u0430\u0440\u044f\u0436\u0435\u043d\u0438\u044f \u0431\u0435\u0437\u043e\u043f\u0430\u0441\u043d\u043e\u0441\u0442\u0438, Axkid, Axkid One 2 , A\u0432\u0442\u043e\u043a\u0440\u0435\u0441\u043b\u043e \u0441\u043f\u0438\u043d\u043e\u0439 \u043f\u043e \u0445\u043e\u0434\u0443, Beebipood","description":"Axkid ONE 2 turvatool 61-125cm, Granite-melange, Axkid ONE 2 - \u00dcks turvatool l\u00e4bi lapsep\u00f5lve!AXKID ONE 2 annab turvatoolide ohutusele","robots":{"index":"index","follow":"follow","max-snippet":"max-snippet:-1","max-image-preview":"max-image-preview:large","max-video-preview":"max-video-preview:-1"},"canonical":"https:\/\/beebipood.ee\/ru\/produkt\/axkid-gokid-turvahall-40-87-cm-13-kg-isofix-alus-arctic-mist-grey\/","og_locale":"ru_RU","og_type":"article","og_title":"Axkid ONE 2 turvatool 61-125cm, Granite-melange, \u0421\u041a\u0418\u0414\u041a\u0418, \u0410\u0432\u0442\u043e\u043a\u0440\u0435\u0441\u043b\u0430, \u043b\u044e\u043b\u044c\u043a\u0438, \u0410\u0432\u0442\u043e\u043a\u0440\u0435\u0441\u043b\u0430 9-25 \u043a\u0433, \u0421\u043d\u0430\u0440\u044f\u0436\u0435\u043d\u0438\u044f \u0431\u0435\u0437\u043e\u043f\u0430\u0441\u043d\u043e\u0441\u0442\u0438, Axkid, Axkid One 2 , A\u0432\u0442\u043e\u043a\u0440\u0435\u0441\u043b\u043e \u0441\u043f\u0438\u043d\u043e\u0439 \u043f\u043e \u0445\u043e\u0434\u0443, Beebipood","og_description":"Axkid ONE 2 turvatool 61-125cm, Granite-melange, Axkid ONE 2 - \u00dcks turvatool l\u00e4bi lapsep\u00f5lve!AXKID ONE 2 annab turvatoolide ohutusele","og_url":"https:\/\/beebipood.ee\/ru\/produkt\/axkid-gokid-turvahall-40-87-cm-13-kg-isofix-alus-arctic-mist-grey\/","og_site_name":"Beebipood","article_modified_time":"2025-10-15T04:46:16+00:00","og_image":[{"width":957,"height":957,"url":"https:\/\/beebipood.ee\/wp-content\/uploads\/2025\/10\/axkid-gokid-isofix-arctic-mist-grey-inkl-base.jpeg","type":"image\/jpeg"}],"twitter_card":"summary_large_image","twitter_misc":{"\u041f\u0440\u0438\u043c\u0435\u0440\u043d\u043e\u0435 \u0432\u0440\u0435\u043c\u044f \u0434\u043b\u044f \u0447\u0442\u0435\u043d\u0438\u044f":"2 \u043c\u0438\u043d\u0443\u0442\u044b"},"schema":{"@context":"https:\/\/schema.org","@graph":[{"@type":"WebPage","@id":"https:\/\/beebipood.ee\/ru\/produkt\/axkid-gokid-turvahall-40-87-cm-13-kg-isofix-alus-arctic-mist-grey\/","url":"https:\/\/beebipood.ee\/ru\/produkt\/axkid-gokid-turvahall-40-87-cm-13-kg-isofix-alus-arctic-mist-grey\/","name":"Axkid ONE 2 turvatool 61-125cm, Granite-melange, \u0421\u041a\u0418\u0414\u041a\u0418, \u0410\u0432\u0442\u043e\u043a\u0440\u0435\u0441\u043b\u0430, \u043b\u044e\u043b\u044c\u043a\u0438, \u0410\u0432\u0442\u043e\u043a\u0440\u0435\u0441\u043b\u0430 9-25 \u043a\u0433, \u0421\u043d\u0430\u0440\u044f\u0436\u0435\u043d\u0438\u044f \u0431\u0435\u0437\u043e\u043f\u0430\u0441\u043d\u043e\u0441\u0442\u0438, Axkid, Axkid One 2 , A\u0432\u0442\u043e\u043a\u0440\u0435\u0441\u043b\u043e \u0441\u043f\u0438\u043d\u043e\u0439 \u043f\u043e \u0445\u043e\u0434\u0443, Beebipood","isPartOf":{"@id":"https:\/\/beebipood.ee\/ru\/#website"},"primaryImageOfPage":{"@id":"https:\/\/beebipood.ee\/ru\/produkt\/axkid-gokid-turvahall-40-87-cm-13-kg-isofix-alus-arctic-mist-grey\/#primaryimage"},"image":{"@id":"https:\/\/beebipood.ee\/ru\/produkt\/axkid-gokid-turvahall-40-87-cm-13-kg-isofix-alus-arctic-mist-grey\/#primaryimage"},"thumbnailUrl":"https:\/\/beebipood.ee\/wp-content\/uploads\/2025\/10\/axkid-gokid-isofix-arctic-mist-grey-inkl-base.jpeg","datePublished":"2025-10-14T19:09:57+00:00","dateModified":"2025-10-15T04:46:16+00:00","description":"Axkid ONE 2 turvatool 61-125cm, Granite-melange, Axkid ONE 2 - \u00dcks turvatool l\u00e4bi lapsep\u00f5lve!AXKID ONE 2 annab turvatoolide ohutusele","breadcrumb":{"@id":"https:\/\/beebipood.ee\/ru\/produkt\/axkid-gokid-turvahall-40-87-cm-13-kg-isofix-alus-arctic-mist-grey\/#breadcrumb"},"inLanguage":"ru-RU","potentialAction":[{"@type":"ReadAction","target":["https:\/\/beebipood.ee\/ru\/produkt\/axkid-gokid-turvahall-40-87-cm-13-kg-isofix-alus-arctic-mist-grey\/"]}]},{"@type":"ImageObject","inLanguage":"ru-RU","@id":"https:\/\/beebipood.ee\/ru\/produkt\/axkid-gokid-turvahall-40-87-cm-13-kg-isofix-alus-arctic-mist-grey\/#primaryimage","url":"https:\/\/beebipood.ee\/wp-content\/uploads\/2025\/10\/axkid-gokid-isofix-arctic-mist-grey-inkl-base.jpeg","contentUrl":"https:\/\/beebipood.ee\/wp-content\/uploads\/2025\/10\/axkid-gokid-isofix-arctic-mist-grey-inkl-base.jpeg","width":957,"height":957},{"@type":"BreadcrumbList","@id":"https:\/\/beebipood.ee\/ru\/produkt\/axkid-gokid-turvahall-40-87-cm-13-kg-isofix-alus-arctic-mist-grey\/#breadcrumb","itemListElement":[{"@type":"ListItem","position":1,"name":"Home","item":"https:\/\/beebipood.ee\/ru\/"},{"@type":"ListItem","position":2,"name":"\u041a\u0430\u0442\u0430\u043b\u043e\u0433 \u0442\u043e\u0432\u0430\u0440\u043e\u0432","item":"https:\/\/beebipood.ee\/tooted\/"},{"@type":"ListItem","position":3,"name":"Axkid Gokid i-Size turvah\u00e4ll 40\u201387 cm\/13 kg + Isofix alus, Arctic Mist Grey"}]},{"@type":"WebSite","@id":"https:\/\/beebipood.ee\/ru\/#website","url":"https:\/\/beebipood.ee\/ru\/","name":"Beebipood","description":"Lastekaubad, beebikaubad, m\u00e4nguasjad","publisher":{"@id":"https:\/\/beebipood.ee\/ru\/#organization"},"potentialAction":[{"@type":"SearchAction","target":{"@type":"EntryPoint","urlTemplate":"https:\/\/beebipood.ee\/ru\/?s={search_term_string}"},"query-input":{"@type":"PropertyValueSpecification","valueRequired":true,"valueName":"search_term_string"}}],"inLanguage":"ru-RU"},{"@type":"Organization","@id":"https:\/\/beebipood.ee\/ru\/#organization","name":"Beebipood","url":"https:\/\/beebipood.ee\/ru\/","logo":{"@type":"ImageObject","inLanguage":"ru-RU","@id":"https:\/\/beebipood.ee\/ru\/#\/schema\/logo\/image\/","url":"https:\/\/beebipood.ee\/wp-content\/uploads\/2025\/03\/beebipood.ee-logo-1.svg","contentUrl":"https:\/\/beebipood.ee\/wp-content\/uploads\/2025\/03\/beebipood.ee-logo-1.svg","caption":"Beebipood"},"image":{"@id":"https:\/\/beebipood.ee\/ru\/#\/schema\/logo\/image\/"}}]}},"brands":[{"id":11955,"name":"Axkid","slug":"axkid-ru"}],"_links":{"self":[{"href":"https:\/\/beebipood.ee\/ru\/wp-json\/wp\/v2\/product\/508080","targetHints":{"allow":["GET"]}}],"collection":[{"href":"https:\/\/beebipood.ee\/ru\/wp-json\/wp\/v2\/product"}],"about":[{"href":"https:\/\/beebipood.ee\/ru\/wp-json\/wp\/v2\/types\/product"}],"wp:featuredmedia":[{"embeddable":true,"href":"https:\/\/beebipood.ee\/ru\/wp-json\/wp\/v2\/media\/508082"}],"wp:attachment":[{"href":"https:\/\/beebipood.ee\/ru\/wp-json\/wp\/v2\/media?parent=508080"}],"wp:term":[{"taxonomy":"pwb-brand","embeddable":true,"href":"https:\/\/beebipood.ee\/ru\/wp-json\/wp\/v2\/pwb-brand?post=508080"},{"taxonomy":"product_brand","embeddable":true,"href":"https:\/\/beebipood.ee\/ru\/wp-json\/wp\/v2\/product_brand?post=508080"},{"taxonomy":"product_cat","embeddable":true,"href":"https:\/\/beebipood.ee\/ru\/wp-json\/wp\/v2\/product_cat?post=508080"},{"taxonomy":"product_tag","embeddable":true,"href":"https:\/\/beebipood.ee\/ru\/wp-json\/wp\/v2\/product_tag?post=508080"}],"curies":[{"name":"wp","href":"https:\/\/api.w.org\/{rel}","templated":true}]}}