{"id":508461,"date":"2025-10-23T14:06:48","date_gmt":"2025-10-23T11:06:48","guid":{"rendered":"https:\/\/beebipood.ee\/?post_type=product&#038;p=508461"},"modified":"2025-10-23T14:13:01","modified_gmt":"2025-10-23T11:13:01","slug":"axkid-up-turvatool-100-150-cm-arctic-mist-grey","status":"publish","type":"product","link":"https:\/\/beebipood.ee\/ru\/produkt\/axkid-up-turvatool-100-150-cm-arctic-mist-grey\/","title":{"rendered":"Axkid UP turvatool 100\u2013150 cm, Arctic Mist Grey"},"content":{"rendered":"<h2 data-start=\"237\" data-end=\"277\"><strong data-start=\"240\" data-end=\"275\">Axkid UP turvatool (100\u2013150 cm)<\/strong><\/h2>\n<p data-start=\"278\" data-end=\"345\"><strong data-start=\"278\" data-end=\"345\">Kasvab koos lapsega \u2013 turvalisus ja mugavus kuni 12. eluaastani<\/strong><\/p>\n<p data-start=\"347\" data-end=\"772\"><strong data-start=\"347\" data-end=\"359\">Axkid UP<\/strong> on Axkidi k\u00f5ige t\u00e4iuslikum k\u00f5rge seljatoega turvatool, mis on loodud pakkuma <strong data-start=\"429\" data-end=\"469\">maksimaalset turvalisust ja mugavust<\/strong> lastele vanuses <strong data-start=\"486\" data-end=\"526\">4\u201312 aastat (100\u2013150 cm, kuni 50 kg)<\/strong>. Reguleeritava k\u00f5rgusega istmepadi ja kitsas seljatugi tagavad ideaalse turvav\u00f6\u00f6 asendi ja sobivuse erinevas vanuses lastele. Kui istmepatja t\u00f5sta, muutub istme k\u00f5rgus \u2013 seega on see mugav nii v\u00e4iksematele kui ka suurematele lastele.<\/p>\n<p data-start=\"774\" data-end=\"925\"><strong data-start=\"774\" data-end=\"793\">Tugev terasraam<\/strong> ja <strong data-start=\"797\" data-end=\"823\">integreeritud tugijalg<\/strong> lisavad stabiilsust ja v\u00e4hendavad kokkup\u00f5rkej\u00f5ude kuni <strong data-start=\"879\" data-end=\"886\">25%<\/strong>, pakkudes lapsele k\u00f5rgeimat ohutust.<\/p>\n<hr \/>\n<h3 data-start=\"937\" data-end=\"996\">\ud83c\udfc6 <strong data-start=\"944\" data-end=\"994\">Tipptasemel turvalisus \u2013 ADAC 2025 testiv\u00f5itja<\/strong><\/h3>\n<p data-start=\"997\" data-end=\"1452\"><strong data-start=\"997\" data-end=\"1009\">Axkid UP<\/strong> saavutas <strong data-start=\"1019\" data-end=\"1065\">2025. aasta ADAC turvatoolide testis<\/strong> hinnangu <strong data-start=\"1075\" data-end=\"1090\">2.0 \u2013 \u201cHea\u201d<\/strong>, olles tipptasemel tulemusega <strong data-start=\"1121\" data-end=\"1188\">turvalisuse, ergonoomika, kasutusmugavuse ja keemiliste testide<\/strong> kategooriates.<br data-start=\"1203\" data-end=\"1206\" \/>See tunnustus Euroopa k\u00f5ige usaldusv\u00e4\u00e4rsemalt s\u00f5ltumatult testimisinstituudilt kinnitab Axkidi j\u00e4rjepidevat p\u00fchendumust <strong data-start=\"1326\" data-end=\"1387\">uuenduslikkusele ja reaalses elus toimivale turvalisusele<\/strong> \u2013 seades uue standardi <strong data-start=\"1411\" data-end=\"1435\">n\u00e4oga s\u00f5idusuunas turvatoolide <\/strong>valdkonnas. \ud83d\udc9b<\/p>\n<hr data-start=\"927\" data-end=\"930\" \/>\n<h3 data-start=\"932\" data-end=\"957\"><strong data-start=\"936\" data-end=\"957\">Peamised omadused<\/strong><\/h3>\n<ul data-start=\"958\" data-end=\"1780\">\n<li data-start=\"958\" data-end=\"1026\">\n<p data-start=\"960\" data-end=\"1026\"><strong data-start=\"960\" data-end=\"977\">HeightControl<\/strong> tagab alati \u00f5ige turvav\u00f6\u00f6 asendi lapse rinnal.<\/p>\n<\/li>\n<li data-start=\"1027\" data-end=\"1157\">\n<p data-start=\"1029\" data-end=\"1157\"><strong data-start=\"1029\" data-end=\"1043\">ProTecBase<\/strong> koos <strong data-start=\"1049\" data-end=\"1063\">terasraami<\/strong> ja <strong data-start=\"1067\" data-end=\"1095\">integreeritud tugijalaga<\/strong> suurendab stabiilsust ja v\u00e4hendab kokkup\u00f5rkej\u00f5ude kuni 25%.<\/p>\n<\/li>\n<li data-start=\"1158\" data-end=\"1252\">\n<p data-start=\"1160\" data-end=\"1252\"><strong data-start=\"1160\" data-end=\"1173\">SnapGuard<\/strong> eemaldatav k\u00fclgkaitse tagab lisaturvalisuse ja vajadusel rohkem ruumi autos.<\/p>\n<\/li>\n<li data-start=\"1253\" data-end=\"1362\">\n<p data-start=\"1255\" data-end=\"1362\"><strong data-start=\"1255\" data-end=\"1294\">ASIP (Axkid Side Impact Protection)<\/strong> on komplektis, pakkudes t\u00e4iendavat kaitset k\u00fclgkokkup\u00f5rke korral.<\/p>\n<\/li>\n<li data-start=\"1363\" data-end=\"1442\">\n<p data-start=\"1365\" data-end=\"1442\"><strong data-start=\"1365\" data-end=\"1378\">QuickFold<\/strong> v\u00f5imaldab istme kiiresti kokku voltida ja mugavalt hoiustada.<\/p>\n<\/li>\n<li data-start=\"1443\" data-end=\"1510\">\n<p data-start=\"1445\" data-end=\"1510\"><strong data-start=\"1445\" data-end=\"1460\">ErgoSupport<\/strong> nimmetugi tagab lapsele parema istumismugavuse.<\/p>\n<\/li>\n<li data-start=\"1511\" data-end=\"1579\">\n<p data-start=\"1513\" data-end=\"1579\"><strong data-start=\"1513\" data-end=\"1535\">Ventileeritav iste<\/strong> \u00f5huavadega \u2013 mugav ka pikematel s\u00f5itudel.<\/p>\n<\/li>\n<li data-start=\"1580\" data-end=\"1658\">\n<p data-start=\"1582\" data-end=\"1658\"><strong data-start=\"1582\" data-end=\"1608\">Kaasasolev pestav kate<\/strong>, mida saab eemaldada ja pesta <strong data-start=\"1639\" data-end=\"1655\">30 \u00b0C juures<\/strong>.<\/p>\n<\/li>\n<li data-start=\"1659\" data-end=\"1780\">\n<p data-start=\"1661\" data-end=\"1780\">Paigaldus <strong data-start=\"1671\" data-end=\"1705\">ISOFIX kinnituse ja tugijalaga<\/strong> v\u00f5i <strong data-start=\"1710\" data-end=\"1738\">auto 3-punkti turvav\u00f6\u00f6ga<\/strong> \u2013 sobib ka autodele, kus ISOFIX puudub.<\/p>\n<\/li>\n<\/ul>\n<hr data-start=\"1782\" data-end=\"1785\" \/>\n<h3 data-start=\"1787\" data-end=\"1829\"><strong data-start=\"1791\" data-end=\"1829\">Paindlik kasutus ja nutikas disain<\/strong><\/h3>\n<p data-start=\"1830\" data-end=\"2108\">Axkid UP on loodud kasvama koos lapsega. Ainulaadne <strong data-start=\"1882\" data-end=\"1918\">reguleeritava k\u00f5rgusega istepadi<\/strong> v\u00f5imaldab istet kohandada vaid \u00fche liigutusega. <strong data-start=\"1963\" data-end=\"1993\">Eemaldatavad k\u00fcljekaitsmed <\/strong>s\u00e4\u00e4stavad ruumi ja v\u00f5imaldavad istme paigutada sageli ka <strong data-start=\"2051\" data-end=\"2073\">keskmisele istmele<\/strong>, kuhu teised turvatoolid ei mahu.<\/p>\n<p data-start=\"2110\" data-end=\"2429\">Kitsas seljatugi t\u00e4hendab, et <strong data-start=\"2140\" data-end=\"2159\">kolm turvatooli<\/strong> saab sageli paigaldada <strong data-start=\"2183\" data-end=\"2194\">k\u00f5rvuti<\/strong> \u2013 ideaalne suurematele peredele. Kui iste ei ole kasutusel, saab selle <strong data-start=\"2266\" data-end=\"2292\">kiiresti kokku voltida<\/strong>, nii et see v\u00f5tab v\u00e4he ruumi. <strong data-start=\"2323\" data-end=\"2341\">Peatoe k\u00f5rgust<\/strong> saab reguleerida \u00fche k\u00e4ega ning <strong data-start=\"2374\" data-end=\"2407\">katte eemaldamine ja pesemine<\/strong> on lihtne ja kiire.<\/p>\n<hr data-start=\"2431\" data-end=\"2434\" \/>\n<h3 data-start=\"2436\" data-end=\"2461\"><strong data-start=\"2440\" data-end=\"2461\">Tehnilised andmed<\/strong><\/h3>\n<ul data-start=\"2462\" data-end=\"2859\">\n<li data-start=\"2462\" data-end=\"2516\">\n<p data-start=\"2464\" data-end=\"2516\"><strong data-start=\"2464\" data-end=\"2473\">T\u00fc\u00fcp:<\/strong> Seljatoega turvaiste (High-back booster)<\/p>\n<\/li>\n<li data-start=\"2517\" data-end=\"2552\">\n<p data-start=\"2519\" data-end=\"2552\"><strong data-start=\"2519\" data-end=\"2533\">Heakskiit:<\/strong> UN R129 (i-Size)<\/p>\n<\/li>\n<li data-start=\"2553\" data-end=\"2579\">\n<p data-start=\"2555\" data-end=\"2579\"><strong data-start=\"2555\" data-end=\"2565\">Vanus:<\/strong> 4\u201312 aastat<\/p>\n<\/li>\n<li data-start=\"2580\" data-end=\"2612\">\n<p data-start=\"2582\" data-end=\"2612\"><strong data-start=\"2582\" data-end=\"2599\">Lapse pikkus:<\/strong> 100\u2013150 cm<\/p>\n<\/li>\n<li data-start=\"2613\" data-end=\"2645\">\n<p data-start=\"2615\" data-end=\"2645\"><strong data-start=\"2615\" data-end=\"2632\">Kaalupiirang:<\/strong> kuni 50 kg<\/p>\n<\/li>\n<li data-start=\"2646\" data-end=\"2709\">\n<p data-start=\"2648\" data-end=\"2709\"><strong data-start=\"2648\" data-end=\"2661\">Kinnitus:<\/strong> ISOFIX ja tugijalg v\u00f5i auto 3-punkti turvav\u00f6\u00f6<\/p>\n<\/li>\n<li data-start=\"2710\" data-end=\"2751\">\n<p data-start=\"2712\" data-end=\"2751\"><strong data-start=\"2712\" data-end=\"2730\">Ventilatsioon:<\/strong> jah, istme \u00f5huavad<\/p>\n<\/li>\n<li data-start=\"2752\" data-end=\"2780\">\n<p data-start=\"2754\" data-end=\"2780\"><strong data-start=\"2754\" data-end=\"2774\">Eemaldatav kate:<\/strong> jah<\/p>\n<\/li>\n<li data-start=\"2781\" data-end=\"2816\">\n<p data-start=\"2783\" data-end=\"2816\"><strong data-start=\"2783\" data-end=\"2798\">Katte pesu:<\/strong> 30 \u00b0C masinpesu<\/p>\n<\/li>\n<li data-start=\"2817\" data-end=\"2859\">\n<p data-start=\"2819\" data-end=\"2859\"><strong data-start=\"2819\" data-end=\"2850\">ASIP k\u00fclgkokkup\u00f5rke kaitse:<\/strong> kaasas<\/p>\n<\/li>\n<\/ul>\n<h4 data-start=\"2861\" data-end=\"2877\"><strong data-start=\"2866\" data-end=\"2877\">M\u00f5\u00f5tmed<\/strong><\/h4>\n<ul>\n<li><strong data-start=\"2880\" data-end=\"2890\">Laius:<\/strong> 43,5 cm<\/li>\n<li data-start=\"2903\" data-end=\"2940\"><strong data-start=\"2903\" data-end=\"2932\">K\u00f5rgus (ilma tugijalata):<\/strong> 83 cm<\/li>\n<li data-start=\"2943\" data-end=\"2965\"><strong data-start=\"2943\" data-end=\"2955\">S\u00fcgavus:<\/strong> 63,6 cm<\/li>\n<li data-start=\"2968\" data-end=\"2993\"><strong data-start=\"2968\" data-end=\"2985\">Istmes\u00fcgavus:<\/strong> 42 cm<\/li>\n<li data-start=\"2996\" data-end=\"3032\"><strong data-start=\"2996\" data-end=\"3023\">Minimaalne istmek\u00f5rgus:<\/strong> 5,9 cm<\/li>\n<li data-start=\"3035\" data-end=\"3073\"><strong data-start=\"3035\" data-end=\"3063\">Maksimaalne istmek\u00f5rgus:<\/strong> 14,6 cm<\/li>\n<li data-start=\"3076\" data-end=\"3094\"><strong data-start=\"3076\" data-end=\"3085\">Kaal:<\/strong> 9,5 kg<\/li>\n<li data-start=\"3076\" data-end=\"3094\"><strong>Video: <a href=\"https:\/\/youtu.be\/7MxiUjTvOlo?si=BCZz0x0xSiNujqYt\">SIIN<\/a><\/strong><\/li>\n<\/ul>\n","protected":false},"excerpt":{"rendered":"<p>Axkid UP turvatool (100\u2013150 cm) Kasvab koos lapsega \u2013 turvalisus ja mugavus kuni 12. eluaastani Axkid UP on Axkidi k\u00f5ige t\u00e4iuslikum k\u00f5rge seljatoega turvatool, mis on loodud pakkuma maksimaalset turvalisust ja mugavust lastele vanuses 4\u201312 aastat (100\u2013150 cm, kuni 50 kg). Reguleeritava k\u00f5rgusega istmepadi ja kitsas seljatugi tagavad ideaalse turvav\u00f6\u00f6 asendi ja sobivuse erinevas vanuses [&hellip;]<\/p>\n","protected":false},"featured_media":508463,"template":"","meta":{"_acf_changed":false},"pwb-brand":[11955],"product_brand":[],"product_cat":[11863,11813,11727,11739,11791],"product_tag":[],"class_list":{"0":"post-508461","1":"product","2":"type-product","3":"status-publish","4":"has-post-thumbnail","6":"pwb-brand-axkid-ru","7":"product_cat-axkid-up","8":"product_cat-axkid-ru","9":"product_cat-turvatoolid-hallid-ru","10":"product_cat-turvatoolid-15-36-kg-ru","11":"product_cat-turvavarustus-ru","12":"pa_manufacturer-axkid-ru","14":"first","15":"instock","16":"taxable","17":"shipping-taxable","18":"purchasable","19":"product-type-simple"},"exclude_global_add_ons":[],"addons":[],"acf":[],"yoast_head":"<!-- This site is optimized with the Yoast SEO plugin v27.1.1 - https:\/\/yoast.com\/product\/yoast-seo-wordpress\/ -->\n<title>Axkid ONE 2 turvatool 61-125cm, Tile-melange, \u0421\u041a\u0418\u0414\u041a\u0418, \u0410\u0432\u0442\u043e\u043a\u0440\u0435\u0441\u043b\u0430, \u043b\u044e\u043b\u044c\u043a\u0438, \u0410\u0432\u0442\u043e\u043a\u0440\u0435\u0441\u043b\u0430 9-25 \u043a\u0433, \u0421\u043d\u0430\u0440\u044f\u0436\u0435\u043d\u0438\u044f \u0431\u0435\u0437\u043e\u043f\u0430\u0441\u043d\u043e\u0441\u0442\u0438, Axkid, Axkid One 2 , A\u0432\u0442\u043e\u043a\u0440\u0435\u0441\u043b\u043e \u0441\u043f\u0438\u043d\u043e\u0439 \u043f\u043e \u0445\u043e\u0434\u0443, Beebipood<\/title>\n<meta name=\"description\" content=\"Axkid ONE 2 turvatool 61-125cm, Tile-melange, Axkid ONE 2 - \u00dcks turvatool l\u00e4bi lapsep\u00f5lve!AXKID ONE 2 annab turvatoolide ohutusele uue\" \/>\n<meta name=\"robots\" content=\"index, follow, max-snippet:-1, max-image-preview:large, max-video-preview:-1\" \/>\n<link rel=\"canonical\" href=\"https:\/\/beebipood.ee\/ru\/produkt\/axkid-up-turvatool-100-150-cm-arctic-mist-grey\/\" \/>\n<meta property=\"og:locale\" content=\"ru_RU\" \/>\n<meta property=\"og:type\" content=\"article\" \/>\n<meta property=\"og:title\" content=\"Axkid ONE 2 turvatool 61-125cm, Tile-melange, \u0421\u041a\u0418\u0414\u041a\u0418, \u0410\u0432\u0442\u043e\u043a\u0440\u0435\u0441\u043b\u0430, \u043b\u044e\u043b\u044c\u043a\u0438, \u0410\u0432\u0442\u043e\u043a\u0440\u0435\u0441\u043b\u0430 9-25 \u043a\u0433, \u0421\u043d\u0430\u0440\u044f\u0436\u0435\u043d\u0438\u044f \u0431\u0435\u0437\u043e\u043f\u0430\u0441\u043d\u043e\u0441\u0442\u0438, Axkid, Axkid One 2 , A\u0432\u0442\u043e\u043a\u0440\u0435\u0441\u043b\u043e \u0441\u043f\u0438\u043d\u043e\u0439 \u043f\u043e \u0445\u043e\u0434\u0443, Beebipood\" \/>\n<meta property=\"og:description\" content=\"Axkid ONE 2 turvatool 61-125cm, Tile-melange, Axkid ONE 2 - \u00dcks turvatool l\u00e4bi lapsep\u00f5lve!AXKID ONE 2 annab turvatoolide ohutusele uue\" \/>\n<meta property=\"og:url\" content=\"https:\/\/beebipood.ee\/ru\/produkt\/axkid-up-turvatool-100-150-cm-arctic-mist-grey\/\" \/>\n<meta property=\"og:site_name\" content=\"Beebipood\" \/>\n<meta property=\"article:modified_time\" content=\"2025-10-23T11:13:01+00:00\" \/>\n<meta property=\"og:image\" content=\"https:\/\/beebipood.ee\/wp-content\/uploads\/2025\/10\/axkid-up-turvatool-100\u2013150-cm-grey.webp\" \/>\n\t<meta property=\"og:image:width\" content=\"2000\" \/>\n\t<meta property=\"og:image:height\" content=\"2000\" \/>\n\t<meta property=\"og:image:type\" content=\"image\/webp\" \/>\n<meta name=\"twitter:card\" content=\"summary_large_image\" \/>\n<meta name=\"twitter:label1\" content=\"\u041f\u0440\u0438\u043c\u0435\u0440\u043d\u043e\u0435 \u0432\u0440\u0435\u043c\u044f \u0434\u043b\u044f \u0447\u0442\u0435\u043d\u0438\u044f\" \/>\n\t<meta name=\"twitter:data1\" content=\"3 \u043c\u0438\u043d\u0443\u0442\u044b\" \/>\n<script type=\"application\/ld+json\" class=\"yoast-schema-graph\">{\"@context\":\"https:\/\/schema.org\",\"@graph\":[{\"@type\":\"WebPage\",\"@id\":\"https:\/\/beebipood.ee\/ru\/produkt\/axkid-up-turvatool-100-150-cm-arctic-mist-grey\/\",\"url\":\"https:\/\/beebipood.ee\/ru\/produkt\/axkid-up-turvatool-100-150-cm-arctic-mist-grey\/\",\"name\":\"Axkid ONE 2 turvatool 61-125cm, Tile-melange, \u0421\u041a\u0418\u0414\u041a\u0418, \u0410\u0432\u0442\u043e\u043a\u0440\u0435\u0441\u043b\u0430, \u043b\u044e\u043b\u044c\u043a\u0438, \u0410\u0432\u0442\u043e\u043a\u0440\u0435\u0441\u043b\u0430 9-25 \u043a\u0433, \u0421\u043d\u0430\u0440\u044f\u0436\u0435\u043d\u0438\u044f \u0431\u0435\u0437\u043e\u043f\u0430\u0441\u043d\u043e\u0441\u0442\u0438, Axkid, Axkid One 2 , A\u0432\u0442\u043e\u043a\u0440\u0435\u0441\u043b\u043e \u0441\u043f\u0438\u043d\u043e\u0439 \u043f\u043e \u0445\u043e\u0434\u0443, Beebipood\",\"isPartOf\":{\"@id\":\"https:\/\/beebipood.ee\/ru\/#website\"},\"primaryImageOfPage\":{\"@id\":\"https:\/\/beebipood.ee\/ru\/produkt\/axkid-up-turvatool-100-150-cm-arctic-mist-grey\/#primaryimage\"},\"image\":{\"@id\":\"https:\/\/beebipood.ee\/ru\/produkt\/axkid-up-turvatool-100-150-cm-arctic-mist-grey\/#primaryimage\"},\"thumbnailUrl\":\"https:\/\/beebipood.ee\/wp-content\/uploads\/2025\/10\/axkid-up-turvatool-100\u2013150-cm-grey.webp\",\"datePublished\":\"2025-10-23T11:06:48+00:00\",\"dateModified\":\"2025-10-23T11:13:01+00:00\",\"description\":\"Axkid ONE 2 turvatool 61-125cm, Tile-melange, Axkid ONE 2 - \u00dcks turvatool l\u00e4bi lapsep\u00f5lve!AXKID ONE 2 annab turvatoolide ohutusele uue\",\"breadcrumb\":{\"@id\":\"https:\/\/beebipood.ee\/ru\/produkt\/axkid-up-turvatool-100-150-cm-arctic-mist-grey\/#breadcrumb\"},\"inLanguage\":\"ru-RU\",\"potentialAction\":[{\"@type\":\"ReadAction\",\"target\":[\"https:\/\/beebipood.ee\/ru\/produkt\/axkid-up-turvatool-100-150-cm-arctic-mist-grey\/\"]}]},{\"@type\":\"ImageObject\",\"inLanguage\":\"ru-RU\",\"@id\":\"https:\/\/beebipood.ee\/ru\/produkt\/axkid-up-turvatool-100-150-cm-arctic-mist-grey\/#primaryimage\",\"url\":\"https:\/\/beebipood.ee\/wp-content\/uploads\/2025\/10\/axkid-up-turvatool-100\u2013150-cm-grey.webp\",\"contentUrl\":\"https:\/\/beebipood.ee\/wp-content\/uploads\/2025\/10\/axkid-up-turvatool-100\u2013150-cm-grey.webp\",\"width\":2000,\"height\":2000},{\"@type\":\"BreadcrumbList\",\"@id\":\"https:\/\/beebipood.ee\/ru\/produkt\/axkid-up-turvatool-100-150-cm-arctic-mist-grey\/#breadcrumb\",\"itemListElement\":[{\"@type\":\"ListItem\",\"position\":1,\"name\":\"Home\",\"item\":\"https:\/\/beebipood.ee\/ru\/\"},{\"@type\":\"ListItem\",\"position\":2,\"name\":\"\u041a\u0430\u0442\u0430\u043b\u043e\u0433 \u0442\u043e\u0432\u0430\u0440\u043e\u0432\",\"item\":\"https:\/\/beebipood.ee\/tooted\/\"},{\"@type\":\"ListItem\",\"position\":3,\"name\":\"Axkid UP turvatool 100\u2013150 cm, Arctic Mist Grey\"}]},{\"@type\":\"WebSite\",\"@id\":\"https:\/\/beebipood.ee\/ru\/#website\",\"url\":\"https:\/\/beebipood.ee\/ru\/\",\"name\":\"Beebipood\",\"description\":\"Lastekaubad, beebikaubad, m\u00e4nguasjad\",\"publisher\":{\"@id\":\"https:\/\/beebipood.ee\/ru\/#organization\"},\"potentialAction\":[{\"@type\":\"SearchAction\",\"target\":{\"@type\":\"EntryPoint\",\"urlTemplate\":\"https:\/\/beebipood.ee\/ru\/?s={search_term_string}\"},\"query-input\":{\"@type\":\"PropertyValueSpecification\",\"valueRequired\":true,\"valueName\":\"search_term_string\"}}],\"inLanguage\":\"ru-RU\"},{\"@type\":\"Organization\",\"@id\":\"https:\/\/beebipood.ee\/ru\/#organization\",\"name\":\"Beebipood\",\"url\":\"https:\/\/beebipood.ee\/ru\/\",\"logo\":{\"@type\":\"ImageObject\",\"inLanguage\":\"ru-RU\",\"@id\":\"https:\/\/beebipood.ee\/ru\/#\/schema\/logo\/image\/\",\"url\":\"https:\/\/beebipood.ee\/wp-content\/uploads\/2025\/03\/beebipood.ee-logo-1.svg\",\"contentUrl\":\"https:\/\/beebipood.ee\/wp-content\/uploads\/2025\/03\/beebipood.ee-logo-1.svg\",\"caption\":\"Beebipood\"},\"image\":{\"@id\":\"https:\/\/beebipood.ee\/ru\/#\/schema\/logo\/image\/\"}}]}<\/script>\n<!-- \/ Yoast SEO plugin. -->","yoast_head_json":{"title":"Axkid ONE 2 turvatool 61-125cm, Tile-melange, \u0421\u041a\u0418\u0414\u041a\u0418, \u0410\u0432\u0442\u043e\u043a\u0440\u0435\u0441\u043b\u0430, \u043b\u044e\u043b\u044c\u043a\u0438, \u0410\u0432\u0442\u043e\u043a\u0440\u0435\u0441\u043b\u0430 9-25 \u043a\u0433, \u0421\u043d\u0430\u0440\u044f\u0436\u0435\u043d\u0438\u044f \u0431\u0435\u0437\u043e\u043f\u0430\u0441\u043d\u043e\u0441\u0442\u0438, Axkid, Axkid One 2 , A\u0432\u0442\u043e\u043a\u0440\u0435\u0441\u043b\u043e \u0441\u043f\u0438\u043d\u043e\u0439 \u043f\u043e \u0445\u043e\u0434\u0443, Beebipood","description":"Axkid ONE 2 turvatool 61-125cm, Tile-melange, Axkid ONE 2 - \u00dcks turvatool l\u00e4bi lapsep\u00f5lve!AXKID ONE 2 annab turvatoolide ohutusele uue","robots":{"index":"index","follow":"follow","max-snippet":"max-snippet:-1","max-image-preview":"max-image-preview:large","max-video-preview":"max-video-preview:-1"},"canonical":"https:\/\/beebipood.ee\/ru\/produkt\/axkid-up-turvatool-100-150-cm-arctic-mist-grey\/","og_locale":"ru_RU","og_type":"article","og_title":"Axkid ONE 2 turvatool 61-125cm, Tile-melange, \u0421\u041a\u0418\u0414\u041a\u0418, \u0410\u0432\u0442\u043e\u043a\u0440\u0435\u0441\u043b\u0430, \u043b\u044e\u043b\u044c\u043a\u0438, \u0410\u0432\u0442\u043e\u043a\u0440\u0435\u0441\u043b\u0430 9-25 \u043a\u0433, \u0421\u043d\u0430\u0440\u044f\u0436\u0435\u043d\u0438\u044f \u0431\u0435\u0437\u043e\u043f\u0430\u0441\u043d\u043e\u0441\u0442\u0438, Axkid, Axkid One 2 , A\u0432\u0442\u043e\u043a\u0440\u0435\u0441\u043b\u043e \u0441\u043f\u0438\u043d\u043e\u0439 \u043f\u043e \u0445\u043e\u0434\u0443, Beebipood","og_description":"Axkid ONE 2 turvatool 61-125cm, Tile-melange, Axkid ONE 2 - \u00dcks turvatool l\u00e4bi lapsep\u00f5lve!AXKID ONE 2 annab turvatoolide ohutusele uue","og_url":"https:\/\/beebipood.ee\/ru\/produkt\/axkid-up-turvatool-100-150-cm-arctic-mist-grey\/","og_site_name":"Beebipood","article_modified_time":"2025-10-23T11:13:01+00:00","og_image":[{"width":2000,"height":2000,"url":"https:\/\/beebipood.ee\/wp-content\/uploads\/2025\/10\/axkid-up-turvatool-100\u2013150-cm-grey.webp","type":"image\/webp"}],"twitter_card":"summary_large_image","twitter_misc":{"\u041f\u0440\u0438\u043c\u0435\u0440\u043d\u043e\u0435 \u0432\u0440\u0435\u043c\u044f \u0434\u043b\u044f \u0447\u0442\u0435\u043d\u0438\u044f":"3 \u043c\u0438\u043d\u0443\u0442\u044b"},"schema":{"@context":"https:\/\/schema.org","@graph":[{"@type":"WebPage","@id":"https:\/\/beebipood.ee\/ru\/produkt\/axkid-up-turvatool-100-150-cm-arctic-mist-grey\/","url":"https:\/\/beebipood.ee\/ru\/produkt\/axkid-up-turvatool-100-150-cm-arctic-mist-grey\/","name":"Axkid ONE 2 turvatool 61-125cm, Tile-melange, \u0421\u041a\u0418\u0414\u041a\u0418, \u0410\u0432\u0442\u043e\u043a\u0440\u0435\u0441\u043b\u0430, \u043b\u044e\u043b\u044c\u043a\u0438, \u0410\u0432\u0442\u043e\u043a\u0440\u0435\u0441\u043b\u0430 9-25 \u043a\u0433, \u0421\u043d\u0430\u0440\u044f\u0436\u0435\u043d\u0438\u044f \u0431\u0435\u0437\u043e\u043f\u0430\u0441\u043d\u043e\u0441\u0442\u0438, Axkid, Axkid One 2 , A\u0432\u0442\u043e\u043a\u0440\u0435\u0441\u043b\u043e \u0441\u043f\u0438\u043d\u043e\u0439 \u043f\u043e \u0445\u043e\u0434\u0443, Beebipood","isPartOf":{"@id":"https:\/\/beebipood.ee\/ru\/#website"},"primaryImageOfPage":{"@id":"https:\/\/beebipood.ee\/ru\/produkt\/axkid-up-turvatool-100-150-cm-arctic-mist-grey\/#primaryimage"},"image":{"@id":"https:\/\/beebipood.ee\/ru\/produkt\/axkid-up-turvatool-100-150-cm-arctic-mist-grey\/#primaryimage"},"thumbnailUrl":"https:\/\/beebipood.ee\/wp-content\/uploads\/2025\/10\/axkid-up-turvatool-100\u2013150-cm-grey.webp","datePublished":"2025-10-23T11:06:48+00:00","dateModified":"2025-10-23T11:13:01+00:00","description":"Axkid ONE 2 turvatool 61-125cm, Tile-melange, Axkid ONE 2 - \u00dcks turvatool l\u00e4bi lapsep\u00f5lve!AXKID ONE 2 annab turvatoolide ohutusele uue","breadcrumb":{"@id":"https:\/\/beebipood.ee\/ru\/produkt\/axkid-up-turvatool-100-150-cm-arctic-mist-grey\/#breadcrumb"},"inLanguage":"ru-RU","potentialAction":[{"@type":"ReadAction","target":["https:\/\/beebipood.ee\/ru\/produkt\/axkid-up-turvatool-100-150-cm-arctic-mist-grey\/"]}]},{"@type":"ImageObject","inLanguage":"ru-RU","@id":"https:\/\/beebipood.ee\/ru\/produkt\/axkid-up-turvatool-100-150-cm-arctic-mist-grey\/#primaryimage","url":"https:\/\/beebipood.ee\/wp-content\/uploads\/2025\/10\/axkid-up-turvatool-100\u2013150-cm-grey.webp","contentUrl":"https:\/\/beebipood.ee\/wp-content\/uploads\/2025\/10\/axkid-up-turvatool-100\u2013150-cm-grey.webp","width":2000,"height":2000},{"@type":"BreadcrumbList","@id":"https:\/\/beebipood.ee\/ru\/produkt\/axkid-up-turvatool-100-150-cm-arctic-mist-grey\/#breadcrumb","itemListElement":[{"@type":"ListItem","position":1,"name":"Home","item":"https:\/\/beebipood.ee\/ru\/"},{"@type":"ListItem","position":2,"name":"\u041a\u0430\u0442\u0430\u043b\u043e\u0433 \u0442\u043e\u0432\u0430\u0440\u043e\u0432","item":"https:\/\/beebipood.ee\/tooted\/"},{"@type":"ListItem","position":3,"name":"Axkid UP turvatool 100\u2013150 cm, Arctic Mist Grey"}]},{"@type":"WebSite","@id":"https:\/\/beebipood.ee\/ru\/#website","url":"https:\/\/beebipood.ee\/ru\/","name":"Beebipood","description":"Lastekaubad, beebikaubad, m\u00e4nguasjad","publisher":{"@id":"https:\/\/beebipood.ee\/ru\/#organization"},"potentialAction":[{"@type":"SearchAction","target":{"@type":"EntryPoint","urlTemplate":"https:\/\/beebipood.ee\/ru\/?s={search_term_string}"},"query-input":{"@type":"PropertyValueSpecification","valueRequired":true,"valueName":"search_term_string"}}],"inLanguage":"ru-RU"},{"@type":"Organization","@id":"https:\/\/beebipood.ee\/ru\/#organization","name":"Beebipood","url":"https:\/\/beebipood.ee\/ru\/","logo":{"@type":"ImageObject","inLanguage":"ru-RU","@id":"https:\/\/beebipood.ee\/ru\/#\/schema\/logo\/image\/","url":"https:\/\/beebipood.ee\/wp-content\/uploads\/2025\/03\/beebipood.ee-logo-1.svg","contentUrl":"https:\/\/beebipood.ee\/wp-content\/uploads\/2025\/03\/beebipood.ee-logo-1.svg","caption":"Beebipood"},"image":{"@id":"https:\/\/beebipood.ee\/ru\/#\/schema\/logo\/image\/"}}]}},"brands":[{"id":11955,"name":"Axkid","slug":"axkid-ru"}],"_links":{"self":[{"href":"https:\/\/beebipood.ee\/ru\/wp-json\/wp\/v2\/product\/508461","targetHints":{"allow":["GET"]}}],"collection":[{"href":"https:\/\/beebipood.ee\/ru\/wp-json\/wp\/v2\/product"}],"about":[{"href":"https:\/\/beebipood.ee\/ru\/wp-json\/wp\/v2\/types\/product"}],"wp:featuredmedia":[{"embeddable":true,"href":"https:\/\/beebipood.ee\/ru\/wp-json\/wp\/v2\/media\/508463"}],"wp:attachment":[{"href":"https:\/\/beebipood.ee\/ru\/wp-json\/wp\/v2\/media?parent=508461"}],"wp:term":[{"taxonomy":"pwb-brand","embeddable":true,"href":"https:\/\/beebipood.ee\/ru\/wp-json\/wp\/v2\/pwb-brand?post=508461"},{"taxonomy":"product_brand","embeddable":true,"href":"https:\/\/beebipood.ee\/ru\/wp-json\/wp\/v2\/product_brand?post=508461"},{"taxonomy":"product_cat","embeddable":true,"href":"https:\/\/beebipood.ee\/ru\/wp-json\/wp\/v2\/product_cat?post=508461"},{"taxonomy":"product_tag","embeddable":true,"href":"https:\/\/beebipood.ee\/ru\/wp-json\/wp\/v2\/product_tag?post=508461"}],"curies":[{"name":"wp","href":"https:\/\/api.w.org\/{rel}","templated":true}]}}