{"id":508527,"date":"2025-10-25T14:56:10","date_gmt":"2025-10-25T11:56:10","guid":{"rendered":"https:\/\/beebipood.ee\/?post_type=product&#038;p=508527"},"modified":"2025-10-25T14:58:59","modified_gmt":"2025-10-25T11:58:59","slug":"yappycasa-laste-porandavoodi-80x160-natural","status":"publish","type":"product","link":"https:\/\/beebipood.ee\/ru\/produkt\/yappycasa-laste-porandavoodi-80x160-natural\/","title":{"rendered":"YappyCasa laste p\u00f5randavoodi 80&#215;160, Natural"},"content":{"rendered":"<h3 data-start=\"232\" data-end=\"285\"><strong data-start=\"236\" data-end=\"285\">YappyCasa lastevoodi \u2013 lapse oma v\u00e4ike maailm<\/strong><\/h3>\n<p data-start=\"287\" data-end=\"733\"><strong data-start=\"287\" data-end=\"300\">YappyCasa<\/strong> on palju enamat kui lihtsalt voodi \u2013 see on lapse v\u00e4ike maailm, kus s\u00fcnnivad unen\u00e4od, m\u00e4ngud ja r\u00f5\u00f5m. Disainitud <strong data-start=\"414\" data-end=\"445\">Montessori p\u00f5him\u00f5tete j\u00e4rgi<\/strong>, v\u00f5imaldades lapsel iseseisvalt voodisse ronida ja sealt v\u00e4lja tulla.<br data-start=\"515\" data-end=\"518\" \/>Voodi on <strong data-start=\"527\" data-end=\"555\">madalal maapinna l\u00e4hedal<\/strong>, kuid veidi k\u00f5rgendatud, et tagada madratsi optimaalne ventilatsioon. Nii v\u00f5ivad vanemad olla kindlad lapse turvalisuses, samal ajal kui laps tunneb end vabalt ja enesekindlalt.<\/p>\n<p data-start=\"735\" data-end=\"1017\">V\u00e4ikeste jaoks muutub YappyCasa voodi <strong data-start=\"773\" data-end=\"811\">paljuks enamaks kui magamisasemeks<\/strong> \u2013 see on koht lugemiseks, m\u00e4ngimiseks ja kallistusteks oma lemmikm\u00e4nguasjadega.<br data-start=\"891\" data-end=\"894\" \/>Minimalistlik disain ja looduslik puit loovad <strong data-start=\"940\" data-end=\"973\">rahuliku ja hubase atmosf\u00e4\u00e4ri<\/strong>, mis toob igasse tuppa soojust ja kodusust.<\/p>\n<h4 data-start=\"1019\" data-end=\"1058\"><strong data-start=\"1024\" data-end=\"1058\">Turvaline ja praktiline disain<\/strong><\/h4>\n<p data-start=\"1059\" data-end=\"1149\">Voodil on <strong data-start=\"1069\" data-end=\"1110\">integreeritud turvareeling v\u00e4ravatega<\/strong>, mis on ehitatud pikema k\u00fclje sisse.<\/p>\n<ul data-start=\"1150\" data-end=\"1306\">\n<li data-start=\"1150\" data-end=\"1206\">\n<p data-start=\"1152\" data-end=\"1206\">P\u00e4eva jooksul saab v\u00e4ravad mugavalt <strong data-start=\"1188\" data-end=\"1203\">lahti j\u00e4tta<\/strong>,<\/p>\n<\/li>\n<li data-start=\"1207\" data-end=\"1261\">\n<p data-start=\"1209\" data-end=\"1261\">uneajaks <strong data-start=\"1218\" data-end=\"1229\">sulgeda<\/strong>, tagades t\u00e4ispikkuses kaitse,<\/p>\n<\/li>\n<li data-start=\"1262\" data-end=\"1306\">\n<p data-start=\"1264\" data-end=\"1306\">ning vajadusel <strong data-start=\"1279\" data-end=\"1303\">t\u00e4ielikult eemaldada<\/strong>.<\/p>\n<\/li>\n<\/ul>\n<h4 data-start=\"1308\" data-end=\"1336\"><strong data-start=\"1313\" data-end=\"1336\">Materjal ja hooldus<\/strong><\/h4>\n<ul data-start=\"1337\" data-end=\"1623\">\n<li data-start=\"1337\" data-end=\"1371\">\n<p data-start=\"1339\" data-end=\"1371\"><strong data-start=\"1339\" data-end=\"1352\">Materjal:<\/strong> t\u00e4ispuidust m\u00e4nd<\/p>\n<\/li>\n<li data-start=\"1372\" data-end=\"1418\">\n<p data-start=\"1374\" data-end=\"1418\"><strong data-start=\"1374\" data-end=\"1386\">Madrats:<\/strong> sobib m\u00f5\u00f5dule <strong data-start=\"1401\" data-end=\"1416\">160 \u00d7 80 cm<\/strong><\/p>\n<\/li>\n<li data-start=\"1419\" data-end=\"1495\">\n<p data-start=\"1421\" data-end=\"1495\"><strong data-start=\"1421\" data-end=\"1430\">Puit:<\/strong> FSC-sertifitseeritud \u2013 vastutustundlikult majandatud metsadest<\/p>\n<\/li>\n<li data-start=\"1419\" data-end=\"1495\"><strong>Kandev\u00f5ime: <\/strong>100kg<\/li>\n<li data-start=\"1496\" data-end=\"1623\">\n<p data-start=\"1498\" data-end=\"1623\"><strong data-start=\"1498\" data-end=\"1513\">Viimistlus:<\/strong> \u00f6koloogiline, lastele ohutu naturaalne puuvaha \u2013 t\u00f5rjub niiskust, kaitseb mustuse eest ja annab kerge l\u00e4ike<\/p>\n<\/li>\n<\/ul>\n<p data-start=\"1625\" data-end=\"1711\"><strong data-start=\"1625\" data-end=\"1647\">Hooldussoovitused:<\/strong><br data-start=\"1647\" data-end=\"1650\" \/>\u2714 Puhasta niiske puuvillase lapiga<br data-start=\"1684\" data-end=\"1687\" \/>\u2714 Kuivata pehme lapiga<\/p>\n","protected":false},"excerpt":{"rendered":"<p>YappyCasa lastevoodi \u2013 lapse oma v\u00e4ike maailm YappyCasa on palju enamat kui lihtsalt voodi \u2013 see on lapse v\u00e4ike maailm, kus s\u00fcnnivad unen\u00e4od, m\u00e4ngud ja r\u00f5\u00f5m. Disainitud Montessori p\u00f5him\u00f5tete j\u00e4rgi, v\u00f5imaldades lapsel iseseisvalt voodisse ronida ja sealt v\u00e4lja tulla.Voodi on madalal maapinna l\u00e4hedal, kuid veidi k\u00f5rgendatud, et tagada madratsi optimaalne ventilatsioon. Nii v\u00f5ivad vanemad olla [&hellip;]<\/p>\n","protected":false},"featured_media":508533,"template":"","meta":{"_acf_changed":false},"pwb-brand":[11969],"product_brand":[],"product_cat":[11589,11559,11789],"product_tag":[],"class_list":{"0":"post-508527","1":"product","2":"type-product","3":"status-publish","4":"has-post-thumbnail","6":"pwb-brand-yappykids-ru","7":"product_cat-80cm-laiused-ru","8":"product_cat-laste-ja-noortevoodid-ru","9":"product_cat-lastemoobel-ja-sisustus-ru","10":"pa_manufacturer-yappykids-ru","12":"first","13":"onbackorder","14":"sale","15":"taxable","16":"shipping-taxable","17":"purchasable","18":"product-type-simple"},"exclude_global_add_ons":[],"addons":[],"acf":[],"yoast_head":"<!-- This site is optimized with the Yoast SEO plugin v27.1.1 - https:\/\/yoast.com\/product\/yoast-seo-wordpress\/ -->\n<title>YappyLux lastevoodi 160x80, LightGrey LIMITED, \u041a\u0440\u043e\u0432\u0430\u0442\u0438 \u0434\u043b\u044f \u0434\u0435\u0442\u0435\u0439 \u0438 \u043f\u043e\u0434\u0440\u043e\u0441\u0442\u043a\u043e\u0432, \u0428\u0438\u0440\u0438\u043d\u0430 80c\u043c, M\u0435\u0431\u0435\u043b\u044c, Beebipood<\/title>\n<meta name=\"description\" content=\"YappyLux lastevoodi 160x80, LightGrey LIMITED, YappyLux teismeliste voodi ilusa Skandinaavia disainiga on suurep\u00e4rane lahendus vanematele, k\" \/>\n<meta name=\"robots\" content=\"index, follow, max-snippet:-1, max-image-preview:large, max-video-preview:-1\" \/>\n<link rel=\"canonical\" href=\"https:\/\/beebipood.ee\/ru\/produkt\/yappycasa-laste-porandavoodi-80x160-natural\/\" \/>\n<meta property=\"og:locale\" content=\"ru_RU\" \/>\n<meta property=\"og:type\" content=\"article\" \/>\n<meta property=\"og:title\" content=\"YappyLux lastevoodi 160x80, LightGrey LIMITED, \u041a\u0440\u043e\u0432\u0430\u0442\u0438 \u0434\u043b\u044f \u0434\u0435\u0442\u0435\u0439 \u0438 \u043f\u043e\u0434\u0440\u043e\u0441\u0442\u043a\u043e\u0432, \u0428\u0438\u0440\u0438\u043d\u0430 80c\u043c, M\u0435\u0431\u0435\u043b\u044c, Beebipood\" \/>\n<meta property=\"og:description\" content=\"YappyLux lastevoodi 160x80, LightGrey LIMITED, YappyLux teismeliste voodi ilusa Skandinaavia disainiga on suurep\u00e4rane lahendus vanematele, k\" \/>\n<meta property=\"og:url\" content=\"https:\/\/beebipood.ee\/ru\/produkt\/yappycasa-laste-porandavoodi-80x160-natural\/\" \/>\n<meta property=\"og:site_name\" content=\"Beebipood\" \/>\n<meta property=\"article:modified_time\" content=\"2025-10-25T11:58:59+00:00\" \/>\n<meta property=\"og:image\" content=\"https:\/\/beebipood.ee\/wp-content\/uploads\/2025\/10\/yappycasa-laste-porandavoodi-natural2.webp\" \/>\n\t<meta property=\"og:image:width\" content=\"1200\" \/>\n\t<meta property=\"og:image:height\" content=\"900\" \/>\n\t<meta property=\"og:image:type\" content=\"image\/webp\" \/>\n<meta name=\"twitter:card\" content=\"summary_large_image\" \/>\n<meta name=\"twitter:label1\" content=\"\u041f\u0440\u0438\u043c\u0435\u0440\u043d\u043e\u0435 \u0432\u0440\u0435\u043c\u044f \u0434\u043b\u044f \u0447\u0442\u0435\u043d\u0438\u044f\" \/>\n\t<meta name=\"twitter:data1\" content=\"2 \u043c\u0438\u043d\u0443\u0442\u044b\" \/>\n<script type=\"application\/ld+json\" class=\"yoast-schema-graph\">{\"@context\":\"https:\/\/schema.org\",\"@graph\":[{\"@type\":\"WebPage\",\"@id\":\"https:\/\/beebipood.ee\/ru\/produkt\/yappycasa-laste-porandavoodi-80x160-natural\/\",\"url\":\"https:\/\/beebipood.ee\/ru\/produkt\/yappycasa-laste-porandavoodi-80x160-natural\/\",\"name\":\"YappyLux lastevoodi 160x80, LightGrey LIMITED, \u041a\u0440\u043e\u0432\u0430\u0442\u0438 \u0434\u043b\u044f \u0434\u0435\u0442\u0435\u0439 \u0438 \u043f\u043e\u0434\u0440\u043e\u0441\u0442\u043a\u043e\u0432, \u0428\u0438\u0440\u0438\u043d\u0430 80c\u043c, M\u0435\u0431\u0435\u043b\u044c, Beebipood\",\"isPartOf\":{\"@id\":\"https:\/\/beebipood.ee\/ru\/#website\"},\"primaryImageOfPage\":{\"@id\":\"https:\/\/beebipood.ee\/ru\/produkt\/yappycasa-laste-porandavoodi-80x160-natural\/#primaryimage\"},\"image\":{\"@id\":\"https:\/\/beebipood.ee\/ru\/produkt\/yappycasa-laste-porandavoodi-80x160-natural\/#primaryimage\"},\"thumbnailUrl\":\"https:\/\/beebipood.ee\/wp-content\/uploads\/2025\/10\/yappycasa-laste-porandavoodi-natural2.webp\",\"datePublished\":\"2025-10-25T11:56:10+00:00\",\"dateModified\":\"2025-10-25T11:58:59+00:00\",\"description\":\"YappyLux lastevoodi 160x80, LightGrey LIMITED, YappyLux teismeliste voodi ilusa Skandinaavia disainiga on suurep\u00e4rane lahendus vanematele, k\",\"breadcrumb\":{\"@id\":\"https:\/\/beebipood.ee\/ru\/produkt\/yappycasa-laste-porandavoodi-80x160-natural\/#breadcrumb\"},\"inLanguage\":\"ru-RU\",\"potentialAction\":[{\"@type\":\"ReadAction\",\"target\":[\"https:\/\/beebipood.ee\/ru\/produkt\/yappycasa-laste-porandavoodi-80x160-natural\/\"]}]},{\"@type\":\"ImageObject\",\"inLanguage\":\"ru-RU\",\"@id\":\"https:\/\/beebipood.ee\/ru\/produkt\/yappycasa-laste-porandavoodi-80x160-natural\/#primaryimage\",\"url\":\"https:\/\/beebipood.ee\/wp-content\/uploads\/2025\/10\/yappycasa-laste-porandavoodi-natural2.webp\",\"contentUrl\":\"https:\/\/beebipood.ee\/wp-content\/uploads\/2025\/10\/yappycasa-laste-porandavoodi-natural2.webp\",\"width\":1200,\"height\":900},{\"@type\":\"BreadcrumbList\",\"@id\":\"https:\/\/beebipood.ee\/ru\/produkt\/yappycasa-laste-porandavoodi-80x160-natural\/#breadcrumb\",\"itemListElement\":[{\"@type\":\"ListItem\",\"position\":1,\"name\":\"Home\",\"item\":\"https:\/\/beebipood.ee\/ru\/\"},{\"@type\":\"ListItem\",\"position\":2,\"name\":\"\u041a\u0430\u0442\u0430\u043b\u043e\u0433 \u0442\u043e\u0432\u0430\u0440\u043e\u0432\",\"item\":\"https:\/\/beebipood.ee\/tooted\/\"},{\"@type\":\"ListItem\",\"position\":3,\"name\":\"YappyCasa laste p\u00f5randavoodi 80&#215;160, Natural\"}]},{\"@type\":\"WebSite\",\"@id\":\"https:\/\/beebipood.ee\/ru\/#website\",\"url\":\"https:\/\/beebipood.ee\/ru\/\",\"name\":\"Beebipood\",\"description\":\"Lastekaubad, beebikaubad, m\u00e4nguasjad\",\"publisher\":{\"@id\":\"https:\/\/beebipood.ee\/ru\/#organization\"},\"potentialAction\":[{\"@type\":\"SearchAction\",\"target\":{\"@type\":\"EntryPoint\",\"urlTemplate\":\"https:\/\/beebipood.ee\/ru\/?s={search_term_string}\"},\"query-input\":{\"@type\":\"PropertyValueSpecification\",\"valueRequired\":true,\"valueName\":\"search_term_string\"}}],\"inLanguage\":\"ru-RU\"},{\"@type\":\"Organization\",\"@id\":\"https:\/\/beebipood.ee\/ru\/#organization\",\"name\":\"Beebipood\",\"url\":\"https:\/\/beebipood.ee\/ru\/\",\"logo\":{\"@type\":\"ImageObject\",\"inLanguage\":\"ru-RU\",\"@id\":\"https:\/\/beebipood.ee\/ru\/#\/schema\/logo\/image\/\",\"url\":\"https:\/\/beebipood.ee\/wp-content\/uploads\/2025\/03\/beebipood.ee-logo-1.svg\",\"contentUrl\":\"https:\/\/beebipood.ee\/wp-content\/uploads\/2025\/03\/beebipood.ee-logo-1.svg\",\"caption\":\"Beebipood\"},\"image\":{\"@id\":\"https:\/\/beebipood.ee\/ru\/#\/schema\/logo\/image\/\"}}]}<\/script>\n<!-- \/ Yoast SEO plugin. -->","yoast_head_json":{"title":"YappyLux lastevoodi 160x80, LightGrey LIMITED, \u041a\u0440\u043e\u0432\u0430\u0442\u0438 \u0434\u043b\u044f \u0434\u0435\u0442\u0435\u0439 \u0438 \u043f\u043e\u0434\u0440\u043e\u0441\u0442\u043a\u043e\u0432, \u0428\u0438\u0440\u0438\u043d\u0430 80c\u043c, M\u0435\u0431\u0435\u043b\u044c, Beebipood","description":"YappyLux lastevoodi 160x80, LightGrey LIMITED, YappyLux teismeliste voodi ilusa Skandinaavia disainiga on suurep\u00e4rane lahendus vanematele, k","robots":{"index":"index","follow":"follow","max-snippet":"max-snippet:-1","max-image-preview":"max-image-preview:large","max-video-preview":"max-video-preview:-1"},"canonical":"https:\/\/beebipood.ee\/ru\/produkt\/yappycasa-laste-porandavoodi-80x160-natural\/","og_locale":"ru_RU","og_type":"article","og_title":"YappyLux lastevoodi 160x80, LightGrey LIMITED, \u041a\u0440\u043e\u0432\u0430\u0442\u0438 \u0434\u043b\u044f \u0434\u0435\u0442\u0435\u0439 \u0438 \u043f\u043e\u0434\u0440\u043e\u0441\u0442\u043a\u043e\u0432, \u0428\u0438\u0440\u0438\u043d\u0430 80c\u043c, M\u0435\u0431\u0435\u043b\u044c, Beebipood","og_description":"YappyLux lastevoodi 160x80, LightGrey LIMITED, YappyLux teismeliste voodi ilusa Skandinaavia disainiga on suurep\u00e4rane lahendus vanematele, k","og_url":"https:\/\/beebipood.ee\/ru\/produkt\/yappycasa-laste-porandavoodi-80x160-natural\/","og_site_name":"Beebipood","article_modified_time":"2025-10-25T11:58:59+00:00","og_image":[{"width":1200,"height":900,"url":"https:\/\/beebipood.ee\/wp-content\/uploads\/2025\/10\/yappycasa-laste-porandavoodi-natural2.webp","type":"image\/webp"}],"twitter_card":"summary_large_image","twitter_misc":{"\u041f\u0440\u0438\u043c\u0435\u0440\u043d\u043e\u0435 \u0432\u0440\u0435\u043c\u044f \u0434\u043b\u044f \u0447\u0442\u0435\u043d\u0438\u044f":"2 \u043c\u0438\u043d\u0443\u0442\u044b"},"schema":{"@context":"https:\/\/schema.org","@graph":[{"@type":"WebPage","@id":"https:\/\/beebipood.ee\/ru\/produkt\/yappycasa-laste-porandavoodi-80x160-natural\/","url":"https:\/\/beebipood.ee\/ru\/produkt\/yappycasa-laste-porandavoodi-80x160-natural\/","name":"YappyLux lastevoodi 160x80, LightGrey LIMITED, \u041a\u0440\u043e\u0432\u0430\u0442\u0438 \u0434\u043b\u044f \u0434\u0435\u0442\u0435\u0439 \u0438 \u043f\u043e\u0434\u0440\u043e\u0441\u0442\u043a\u043e\u0432, \u0428\u0438\u0440\u0438\u043d\u0430 80c\u043c, M\u0435\u0431\u0435\u043b\u044c, Beebipood","isPartOf":{"@id":"https:\/\/beebipood.ee\/ru\/#website"},"primaryImageOfPage":{"@id":"https:\/\/beebipood.ee\/ru\/produkt\/yappycasa-laste-porandavoodi-80x160-natural\/#primaryimage"},"image":{"@id":"https:\/\/beebipood.ee\/ru\/produkt\/yappycasa-laste-porandavoodi-80x160-natural\/#primaryimage"},"thumbnailUrl":"https:\/\/beebipood.ee\/wp-content\/uploads\/2025\/10\/yappycasa-laste-porandavoodi-natural2.webp","datePublished":"2025-10-25T11:56:10+00:00","dateModified":"2025-10-25T11:58:59+00:00","description":"YappyLux lastevoodi 160x80, LightGrey LIMITED, YappyLux teismeliste voodi ilusa Skandinaavia disainiga on suurep\u00e4rane lahendus vanematele, k","breadcrumb":{"@id":"https:\/\/beebipood.ee\/ru\/produkt\/yappycasa-laste-porandavoodi-80x160-natural\/#breadcrumb"},"inLanguage":"ru-RU","potentialAction":[{"@type":"ReadAction","target":["https:\/\/beebipood.ee\/ru\/produkt\/yappycasa-laste-porandavoodi-80x160-natural\/"]}]},{"@type":"ImageObject","inLanguage":"ru-RU","@id":"https:\/\/beebipood.ee\/ru\/produkt\/yappycasa-laste-porandavoodi-80x160-natural\/#primaryimage","url":"https:\/\/beebipood.ee\/wp-content\/uploads\/2025\/10\/yappycasa-laste-porandavoodi-natural2.webp","contentUrl":"https:\/\/beebipood.ee\/wp-content\/uploads\/2025\/10\/yappycasa-laste-porandavoodi-natural2.webp","width":1200,"height":900},{"@type":"BreadcrumbList","@id":"https:\/\/beebipood.ee\/ru\/produkt\/yappycasa-laste-porandavoodi-80x160-natural\/#breadcrumb","itemListElement":[{"@type":"ListItem","position":1,"name":"Home","item":"https:\/\/beebipood.ee\/ru\/"},{"@type":"ListItem","position":2,"name":"\u041a\u0430\u0442\u0430\u043b\u043e\u0433 \u0442\u043e\u0432\u0430\u0440\u043e\u0432","item":"https:\/\/beebipood.ee\/tooted\/"},{"@type":"ListItem","position":3,"name":"YappyCasa laste p\u00f5randavoodi 80&#215;160, Natural"}]},{"@type":"WebSite","@id":"https:\/\/beebipood.ee\/ru\/#website","url":"https:\/\/beebipood.ee\/ru\/","name":"Beebipood","description":"Lastekaubad, beebikaubad, m\u00e4nguasjad","publisher":{"@id":"https:\/\/beebipood.ee\/ru\/#organization"},"potentialAction":[{"@type":"SearchAction","target":{"@type":"EntryPoint","urlTemplate":"https:\/\/beebipood.ee\/ru\/?s={search_term_string}"},"query-input":{"@type":"PropertyValueSpecification","valueRequired":true,"valueName":"search_term_string"}}],"inLanguage":"ru-RU"},{"@type":"Organization","@id":"https:\/\/beebipood.ee\/ru\/#organization","name":"Beebipood","url":"https:\/\/beebipood.ee\/ru\/","logo":{"@type":"ImageObject","inLanguage":"ru-RU","@id":"https:\/\/beebipood.ee\/ru\/#\/schema\/logo\/image\/","url":"https:\/\/beebipood.ee\/wp-content\/uploads\/2025\/03\/beebipood.ee-logo-1.svg","contentUrl":"https:\/\/beebipood.ee\/wp-content\/uploads\/2025\/03\/beebipood.ee-logo-1.svg","caption":"Beebipood"},"image":{"@id":"https:\/\/beebipood.ee\/ru\/#\/schema\/logo\/image\/"}}]}},"brands":[{"id":11969,"name":"YappyKids","slug":"yappykids-ru"}],"_links":{"self":[{"href":"https:\/\/beebipood.ee\/ru\/wp-json\/wp\/v2\/product\/508527","targetHints":{"allow":["GET"]}}],"collection":[{"href":"https:\/\/beebipood.ee\/ru\/wp-json\/wp\/v2\/product"}],"about":[{"href":"https:\/\/beebipood.ee\/ru\/wp-json\/wp\/v2\/types\/product"}],"wp:featuredmedia":[{"embeddable":true,"href":"https:\/\/beebipood.ee\/ru\/wp-json\/wp\/v2\/media\/508533"}],"wp:attachment":[{"href":"https:\/\/beebipood.ee\/ru\/wp-json\/wp\/v2\/media?parent=508527"}],"wp:term":[{"taxonomy":"pwb-brand","embeddable":true,"href":"https:\/\/beebipood.ee\/ru\/wp-json\/wp\/v2\/pwb-brand?post=508527"},{"taxonomy":"product_brand","embeddable":true,"href":"https:\/\/beebipood.ee\/ru\/wp-json\/wp\/v2\/product_brand?post=508527"},{"taxonomy":"product_cat","embeddable":true,"href":"https:\/\/beebipood.ee\/ru\/wp-json\/wp\/v2\/product_cat?post=508527"},{"taxonomy":"product_tag","embeddable":true,"href":"https:\/\/beebipood.ee\/ru\/wp-json\/wp\/v2\/product_tag?post=508527"}],"curies":[{"name":"wp","href":"https:\/\/api.w.org\/{rel}","templated":true}]}}