{"id":508671,"date":"2025-10-28T10:25:19","date_gmt":"2025-10-28T08:25:19","guid":{"rendered":"https:\/\/beebipood.ee\/?post_type=product&#038;p=508671"},"modified":"2025-10-28T10:29:11","modified_gmt":"2025-10-28T08:29:11","slug":"thule-palm-i-size-turvatool-100-150cm-soft-beige","status":"publish","type":"product","link":"https:\/\/beebipood.ee\/ru\/produkt\/thule-palm-i-size-turvatool-100-150cm-soft-beige\/","title":{"rendered":"Thule Palm i-Size turvatool 100-150cm, Soft Beige"},"content":{"rendered":"<p data-start=\"542\" data-end=\"861\"><strong data-start=\"542\" data-end=\"582\">Thule Palm turvatool \u2013 <\/strong>\u00fchendab <strong data-start=\"591\" data-end=\"632\">ohutuse, mugavuse ja modernse disaini<\/strong> \u00fches esmaklassilises lahenduses.<br data-start=\"665\" data-end=\"668\" \/>See <strong data-start=\"672\" data-end=\"708\">grupi 2\/3 turvatool (100\u2013150 cm)<\/strong> vastab uusimale <strong data-start=\"725\" data-end=\"743\">i-Size R129\/04<\/strong> ohutusstandardile ning on m\u00f5eldud kasvavatele lastele, pakkudes maksimaalset kaitset ja s\u00f5idumugavust igal teekonnal.<\/p>\n<h4 data-start=\"863\" data-end=\"886\">\ud83d\udee1\ufe0f <strong data-start=\"872\" data-end=\"886\">Turvalisus<\/strong><\/h4>\n<ul data-start=\"887\" data-end=\"1296\">\n<li data-start=\"887\" data-end=\"1009\">\n<p data-start=\"889\" data-end=\"1009\">Varustatud <strong data-start=\"900\" data-end=\"934\">Thule Impact Protection System<\/strong>-iga \u2013 kaitseb eest-, k\u00fclg- ja tagantvaates toimuvate kokkup\u00f5rgete korral<\/p>\n<\/li>\n<li data-start=\"1010\" data-end=\"1080\">\n<p data-start=\"1012\" data-end=\"1080\"><strong data-start=\"1012\" data-end=\"1065\">Eemaldatavad k\u00fclgkaitsed (Side Impact Protectors)<\/strong> lisakaitseks<\/p>\n<\/li>\n<li data-start=\"1081\" data-end=\"1131\">\n<p data-start=\"1083\" data-end=\"1131\"><strong data-start=\"1083\" data-end=\"1102\">ISOFIX-kinnitus<\/strong> tagab stabiilse paigalduse<\/p>\n<\/li>\n<li data-start=\"1132\" data-end=\"1215\">\n<p data-start=\"1134\" data-end=\"1215\"><strong data-start=\"1134\" data-end=\"1161\">Kausikujuline istmevorm<\/strong> hoiab lapse \u00f5iges asendis ja v\u00e4ldib alla libisemist<\/p>\n<\/li>\n<li data-start=\"1216\" data-end=\"1296\">\n<p data-start=\"1218\" data-end=\"1296\"><strong data-start=\"1218\" data-end=\"1246\">Intuitiivne v\u00f6\u00f6juhtimine<\/strong> tagab turvav\u00f6\u00f6 \u00f5ige asetuse ja maksimaalse kaitse<\/p>\n<\/li>\n<\/ul>\n<h4 data-start=\"1298\" data-end=\"1317\">\ud83c\udf3f <strong data-start=\"1306\" data-end=\"1317\">Mugavus<\/strong><\/h4>\n<ul data-start=\"1318\" data-end=\"1623\">\n<li data-start=\"1318\" data-end=\"1383\">\n<p data-start=\"1320\" data-end=\"1383\">Pehme <strong data-start=\"1326\" data-end=\"1354\">PUR-m\u00e4luvahust istmepadi<\/strong> jaotab kehakaalu \u00fchtlaselt<\/p>\n<\/li>\n<li data-start=\"1384\" data-end=\"1465\">\n<p data-start=\"1386\" data-end=\"1465\"><strong data-start=\"1386\" data-end=\"1416\">Ergonoomiline istumisasend<\/strong> v\u00e4hendab jalgade pinget ja parandab vereringet<\/p>\n<\/li>\n<li data-start=\"1466\" data-end=\"1542\">\n<p data-start=\"1468\" data-end=\"1542\"><strong data-start=\"1468\" data-end=\"1518\">15-astmeline reguleeritav peatugi ja seljatugi<\/strong> kasvavad koos lapsega<\/p>\n<\/li>\n<li data-start=\"1543\" data-end=\"1623\">\n<p data-start=\"1545\" data-end=\"1623\">Sobib ka <strong data-start=\"1554\" data-end=\"1578\">pikemateks s\u00f5itudeks<\/strong> t\u00e4nu suurep\u00e4rasele istumismugavusele<\/p>\n<\/li>\n<\/ul>\n<h4 data-start=\"1625\" data-end=\"1651\">\ud83e\udde9 <strong data-start=\"1633\" data-end=\"1651\">Kasutusmugavus<\/strong><\/h4>\n<ul data-start=\"1652\" data-end=\"1948\">\n<li data-start=\"1652\" data-end=\"1708\">\n<p data-start=\"1654\" data-end=\"1708\"><strong data-start=\"1654\" data-end=\"1688\">Eemaldatav ja masinpestav kate<\/strong> \u2013 lihtne hooldada<\/p>\n<\/li>\n<li data-start=\"1709\" data-end=\"1799\">\n<p data-start=\"1711\" data-end=\"1799\"><strong data-start=\"1711\" data-end=\"1739\">Intuitiivne v\u00f6\u00f6juhtimine<\/strong> v\u00f5imaldab lapsel end ise kinnitada vanema j\u00e4relevalve all<\/p>\n<\/li>\n<li data-start=\"1800\" data-end=\"1874\">\n<p data-start=\"1802\" data-end=\"1874\"><strong data-start=\"1802\" data-end=\"1839\">Lisavarustusena saadaval jalatugi<\/strong>, mida saab \u00fche k\u00e4ega reguleerida<\/p>\n<\/li>\n<li data-start=\"1875\" data-end=\"1948\">\n<p data-start=\"1877\" data-end=\"1948\"><strong data-start=\"1877\" data-end=\"1897\">Kompaktne disain<\/strong> v\u00f5imaldab kuni <strong data-start=\"1913\" data-end=\"1948\">3 turvatooli k\u00f5rvuti paigaldust<\/strong><\/p>\n<\/li>\n<\/ul>\n<h4 data-start=\"1950\" data-end=\"1980\">\ud83d\ude97 <strong data-start=\"1958\" data-end=\"1980\">Paigaldamine autos<\/strong><\/h4>\n<ul data-start=\"1981\" data-end=\"2212\">\n<li data-start=\"1981\" data-end=\"2074\">\n<p data-start=\"1983\" data-end=\"2074\">Kinnitatakse <strong data-start=\"1996\" data-end=\"2017\">ISOFIX-s\u00fcsteemiga<\/strong> \u2013 kindel ja stabiilne ka siis, kui tool pole kasutuses<\/p>\n<\/li>\n<li data-start=\"2075\" data-end=\"2144\">\n<p data-start=\"2077\" data-end=\"2144\">Sobib enamikesse s\u00f5idukitesse t\u00e4nu <strong data-start=\"2112\" data-end=\"2142\">reguleeritavale seljatoele<\/strong><\/p>\n<\/li>\n<li data-start=\"2145\" data-end=\"2212\">\n<p data-start=\"2147\" data-end=\"2212\">V\u00f5imalik paigaldada <strong data-start=\"2167\" data-end=\"2210\">kuni kolm Thule Palm turvatooli k\u00f5rvuti<\/strong><\/p>\n<\/li>\n<\/ul>\n<hr data-start=\"2214\" data-end=\"2217\" \/>\n<h3 data-start=\"2219\" data-end=\"2247\">\u2699\ufe0f <strong data-start=\"2226\" data-end=\"2247\">Tehnilised andmed<\/strong><\/h3>\n<ul data-start=\"2248\" data-end=\"2761\">\n<li data-start=\"2248\" data-end=\"2298\">\n<p data-start=\"2250\" data-end=\"2298\"><strong data-start=\"2250\" data-end=\"2274\">Lapse pikkus \/ kaal:<\/strong> 100\u2013150 cm \/ 15\u201350 kg<\/p>\n<\/li>\n<li data-start=\"2299\" data-end=\"2328\">\n<p data-start=\"2301\" data-end=\"2328\"><strong data-start=\"2301\" data-end=\"2316\">Vanuser\u00fchm:<\/strong> Grupp 2\/3<\/p>\n<\/li>\n<li data-start=\"2329\" data-end=\"2369\">\n<p data-start=\"2331\" data-end=\"2369\"><strong data-start=\"2331\" data-end=\"2350\">Ohutusstandard:<\/strong> i-Size (R129\/04)<\/p>\n<\/li>\n<li data-start=\"2370\" data-end=\"2424\">\n<p data-start=\"2372\" data-end=\"2424\"><strong data-start=\"2372\" data-end=\"2390\">Paigaldusviis:<\/strong> ISOFIX ja\/v\u00f5i 3-punkti turvav\u00f6\u00f6<\/p>\n<\/li>\n<li data-start=\"2425\" data-end=\"2466\">\n<p data-start=\"2427\" data-end=\"2466\"><strong data-start=\"2427\" data-end=\"2445\">Turvav\u00f6\u00f6 t\u00fc\u00fcp:<\/strong> 3-punkti turvav\u00f6\u00f6<\/p>\n<\/li>\n<li data-start=\"2467\" data-end=\"2496\">\n<p data-start=\"2469\" data-end=\"2496\"><strong data-start=\"2469\" data-end=\"2484\">S\u00f5idusuund:<\/strong> n\u00e4oga<\/p>\n<\/li>\n<li data-start=\"2497\" data-end=\"2530\">\n<p data-start=\"2499\" data-end=\"2530\"><strong data-start=\"2499\" data-end=\"2525\">Suunatud magamisasend:<\/strong> ei<\/p>\n<\/li>\n<li data-start=\"2531\" data-end=\"2575\">\n<p data-start=\"2533\" data-end=\"2575\"><strong data-start=\"2533\" data-end=\"2558\">Reguleeritav peatugi:<\/strong> jah (15 astet)<\/p>\n<\/li>\n<li data-start=\"2576\" data-end=\"2613\">\n<p data-start=\"2578\" data-end=\"2613\"><strong data-start=\"2578\" data-end=\"2607\">Eemaldatav \/ pestav kate:<\/strong> jah<\/p>\n<\/li>\n<li data-start=\"2614\" data-end=\"2659\">\n<p data-start=\"2616\" data-end=\"2659\"><strong data-start=\"2616\" data-end=\"2629\">Materjal:<\/strong> PUR-m\u00e4luvaht, pestav kangas<\/p>\n<\/li>\n<li data-start=\"2660\" data-end=\"2686\">\n<p data-start=\"2662\" data-end=\"2686\"><strong data-start=\"2662\" data-end=\"2677\">Tooli kaal:<\/strong> 7,1 kg<\/p>\n<\/li>\n<li data-start=\"2714\" data-end=\"2761\">\n<p data-start=\"2716\" data-end=\"2761\"><strong data-start=\"2716\" data-end=\"2739\">Sobiv lisavarustus:<\/strong> Thule Palm jalatugi<\/p>\n<\/li>\n<\/ul>\n","protected":false},"excerpt":{"rendered":"<p>Thule Palm turvatool \u2013 \u00fchendab ohutuse, mugavuse ja modernse disaini \u00fches esmaklassilises lahenduses.See grupi 2\/3 turvatool (100\u2013150 cm) vastab uusimale i-Size R129\/04 ohutusstandardile ning on m\u00f5eldud kasvavatele lastele, pakkudes maksimaalset kaitset ja s\u00f5idumugavust igal teekonnal. \ud83d\udee1\ufe0f Turvalisus Varustatud Thule Impact Protection System-iga \u2013 kaitseb eest-, k\u00fclg- ja tagantvaates toimuvate kokkup\u00f5rgete korral Eemaldatavad k\u00fclgkaitsed (Side Impact [&hellip;]<\/p>\n","protected":false},"featured_media":508605,"template":"","meta":{"_acf_changed":false},"pwb-brand":[11980],"product_brand":[],"product_cat":[11573,11727,11739,11791],"product_tag":[],"class_list":{"0":"post-508671","1":"product","2":"type-product","3":"status-publish","4":"has-post-thumbnail","6":"pwb-brand-thule-ru","7":"product_cat-sooduspakkumised-ru","8":"product_cat-turvatoolid-hallid-ru","9":"product_cat-turvatoolid-15-36-kg-ru","10":"product_cat-turvavarustus-ru","11":"pa_manufacturer-thule-ru","13":"first","14":"onbackorder","15":"sale","16":"taxable","17":"shipping-taxable","18":"purchasable","19":"product-type-simple"},"exclude_global_add_ons":[],"addons":[],"acf":[],"yoast_head":"<!-- This site is optimized with the Yoast SEO plugin v27.1.1 - https:\/\/yoast.com\/product\/yoast-seo-wordpress\/ -->\n<title>Thule Elm 360\u00b0 i-Size turvatool + Thule Alfi Isofix alus, Black, \u0421\u041a\u0418\u0414\u041a\u0418, \u041d\u041e\u0412\u042b\u0415 \u0422\u041e\u0412\u0410\u0420\u042b, \u0410\u0432\u0442\u043e\u043a\u0440\u0435\u0441\u043b\u0430, \u043b\u044e\u043b\u044c\u043a\u0438, \u0410\u0432\u0442\u043e\u043a\u0440\u0435\u0441\u043b\u0430 9-18 \u043a\u0433, \u0421\u043d\u0430\u0440\u044f\u0436\u0435\u043d\u0438\u044f \u0431\u0435\u0437\u043e\u043f\u0430\u0441\u043d\u043e\u0441\u0442\u0438, Beebipood<\/title>\n<meta name=\"description\" content=\"Thule Elm 360\u00b0 i-Size turvatool + Thule Alfi Isofix alus, Black, Thule Elm turvatool on loodud uudishimulikke v\u00e4ikseid inimesi silmas pidades.Koh\" \/>\n<meta name=\"robots\" content=\"index, follow, max-snippet:-1, max-image-preview:large, max-video-preview:-1\" \/>\n<link rel=\"canonical\" href=\"https:\/\/beebipood.ee\/ru\/produkt\/thule-palm-i-size-turvatool-100-150cm-soft-beige\/\" \/>\n<meta property=\"og:locale\" content=\"ru_RU\" \/>\n<meta property=\"og:type\" content=\"article\" \/>\n<meta property=\"og:title\" content=\"Thule Elm 360\u00b0 i-Size turvatool + Thule Alfi Isofix alus, Black, \u0421\u041a\u0418\u0414\u041a\u0418, \u041d\u041e\u0412\u042b\u0415 \u0422\u041e\u0412\u0410\u0420\u042b, \u0410\u0432\u0442\u043e\u043a\u0440\u0435\u0441\u043b\u0430, \u043b\u044e\u043b\u044c\u043a\u0438, \u0410\u0432\u0442\u043e\u043a\u0440\u0435\u0441\u043b\u0430 9-18 \u043a\u0433, \u0421\u043d\u0430\u0440\u044f\u0436\u0435\u043d\u0438\u044f \u0431\u0435\u0437\u043e\u043f\u0430\u0441\u043d\u043e\u0441\u0442\u0438, Beebipood\" \/>\n<meta property=\"og:description\" content=\"Thule Elm 360\u00b0 i-Size turvatool + Thule Alfi Isofix alus, Black, Thule Elm turvatool on loodud uudishimulikke v\u00e4ikseid inimesi silmas pidades.Koh\" \/>\n<meta property=\"og:url\" content=\"https:\/\/beebipood.ee\/ru\/produkt\/thule-palm-i-size-turvatool-100-150cm-soft-beige\/\" \/>\n<meta property=\"og:site_name\" content=\"Beebipood\" \/>\n<meta property=\"article:modified_time\" content=\"2025-10-28T08:29:11+00:00\" \/>\n<meta property=\"og:image\" content=\"https:\/\/beebipood.ee\/wp-content\/uploads\/2025\/10\/thule-palm-turvatool-beige1.jpg\" \/>\n\t<meta property=\"og:image:width\" content=\"600\" \/>\n\t<meta property=\"og:image:height\" content=\"600\" \/>\n\t<meta property=\"og:image:type\" content=\"image\/jpeg\" \/>\n<meta name=\"twitter:card\" content=\"summary_large_image\" \/>\n<meta name=\"twitter:label1\" content=\"\u041f\u0440\u0438\u043c\u0435\u0440\u043d\u043e\u0435 \u0432\u0440\u0435\u043c\u044f \u0434\u043b\u044f \u0447\u0442\u0435\u043d\u0438\u044f\" \/>\n\t<meta name=\"twitter:data1\" content=\"2 \u043c\u0438\u043d\u0443\u0442\u044b\" \/>\n<script type=\"application\/ld+json\" class=\"yoast-schema-graph\">{\"@context\":\"https:\/\/schema.org\",\"@graph\":[{\"@type\":\"WebPage\",\"@id\":\"https:\/\/beebipood.ee\/ru\/produkt\/thule-palm-i-size-turvatool-100-150cm-soft-beige\/\",\"url\":\"https:\/\/beebipood.ee\/ru\/produkt\/thule-palm-i-size-turvatool-100-150cm-soft-beige\/\",\"name\":\"Thule Elm 360\u00b0 i-Size turvatool + Thule Alfi Isofix alus, Black, \u0421\u041a\u0418\u0414\u041a\u0418, \u041d\u041e\u0412\u042b\u0415 \u0422\u041e\u0412\u0410\u0420\u042b, \u0410\u0432\u0442\u043e\u043a\u0440\u0435\u0441\u043b\u0430, \u043b\u044e\u043b\u044c\u043a\u0438, \u0410\u0432\u0442\u043e\u043a\u0440\u0435\u0441\u043b\u0430 9-18 \u043a\u0433, \u0421\u043d\u0430\u0440\u044f\u0436\u0435\u043d\u0438\u044f \u0431\u0435\u0437\u043e\u043f\u0430\u0441\u043d\u043e\u0441\u0442\u0438, Beebipood\",\"isPartOf\":{\"@id\":\"https:\/\/beebipood.ee\/ru\/#website\"},\"primaryImageOfPage\":{\"@id\":\"https:\/\/beebipood.ee\/ru\/produkt\/thule-palm-i-size-turvatool-100-150cm-soft-beige\/#primaryimage\"},\"image\":{\"@id\":\"https:\/\/beebipood.ee\/ru\/produkt\/thule-palm-i-size-turvatool-100-150cm-soft-beige\/#primaryimage\"},\"thumbnailUrl\":\"https:\/\/beebipood.ee\/wp-content\/uploads\/2025\/10\/thule-palm-turvatool-beige1.jpg\",\"datePublished\":\"2025-10-28T08:25:19+00:00\",\"dateModified\":\"2025-10-28T08:29:11+00:00\",\"description\":\"Thule Elm 360\u00b0 i-Size turvatool + Thule Alfi Isofix alus, Black, Thule Elm turvatool on loodud uudishimulikke v\u00e4ikseid inimesi silmas pidades.Koh\",\"breadcrumb\":{\"@id\":\"https:\/\/beebipood.ee\/ru\/produkt\/thule-palm-i-size-turvatool-100-150cm-soft-beige\/#breadcrumb\"},\"inLanguage\":\"ru-RU\",\"potentialAction\":[{\"@type\":\"ReadAction\",\"target\":[\"https:\/\/beebipood.ee\/ru\/produkt\/thule-palm-i-size-turvatool-100-150cm-soft-beige\/\"]}]},{\"@type\":\"ImageObject\",\"inLanguage\":\"ru-RU\",\"@id\":\"https:\/\/beebipood.ee\/ru\/produkt\/thule-palm-i-size-turvatool-100-150cm-soft-beige\/#primaryimage\",\"url\":\"https:\/\/beebipood.ee\/wp-content\/uploads\/2025\/10\/thule-palm-turvatool-beige1.jpg\",\"contentUrl\":\"https:\/\/beebipood.ee\/wp-content\/uploads\/2025\/10\/thule-palm-turvatool-beige1.jpg\",\"width\":600,\"height\":600},{\"@type\":\"BreadcrumbList\",\"@id\":\"https:\/\/beebipood.ee\/ru\/produkt\/thule-palm-i-size-turvatool-100-150cm-soft-beige\/#breadcrumb\",\"itemListElement\":[{\"@type\":\"ListItem\",\"position\":1,\"name\":\"Home\",\"item\":\"https:\/\/beebipood.ee\/ru\/\"},{\"@type\":\"ListItem\",\"position\":2,\"name\":\"\u041a\u0430\u0442\u0430\u043b\u043e\u0433 \u0442\u043e\u0432\u0430\u0440\u043e\u0432\",\"item\":\"https:\/\/beebipood.ee\/tooted\/\"},{\"@type\":\"ListItem\",\"position\":3,\"name\":\"Thule Palm i-Size turvatool 100-150cm, Soft Beige\"}]},{\"@type\":\"WebSite\",\"@id\":\"https:\/\/beebipood.ee\/ru\/#website\",\"url\":\"https:\/\/beebipood.ee\/ru\/\",\"name\":\"Beebipood\",\"description\":\"Lastekaubad, beebikaubad, m\u00e4nguasjad\",\"publisher\":{\"@id\":\"https:\/\/beebipood.ee\/ru\/#organization\"},\"potentialAction\":[{\"@type\":\"SearchAction\",\"target\":{\"@type\":\"EntryPoint\",\"urlTemplate\":\"https:\/\/beebipood.ee\/ru\/?s={search_term_string}\"},\"query-input\":{\"@type\":\"PropertyValueSpecification\",\"valueRequired\":true,\"valueName\":\"search_term_string\"}}],\"inLanguage\":\"ru-RU\"},{\"@type\":\"Organization\",\"@id\":\"https:\/\/beebipood.ee\/ru\/#organization\",\"name\":\"Beebipood\",\"url\":\"https:\/\/beebipood.ee\/ru\/\",\"logo\":{\"@type\":\"ImageObject\",\"inLanguage\":\"ru-RU\",\"@id\":\"https:\/\/beebipood.ee\/ru\/#\/schema\/logo\/image\/\",\"url\":\"https:\/\/beebipood.ee\/wp-content\/uploads\/2025\/03\/beebipood.ee-logo-1.svg\",\"contentUrl\":\"https:\/\/beebipood.ee\/wp-content\/uploads\/2025\/03\/beebipood.ee-logo-1.svg\",\"caption\":\"Beebipood\"},\"image\":{\"@id\":\"https:\/\/beebipood.ee\/ru\/#\/schema\/logo\/image\/\"}}]}<\/script>\n<!-- \/ Yoast SEO plugin. -->","yoast_head_json":{"title":"Thule Elm 360\u00b0 i-Size turvatool + Thule Alfi Isofix alus, Black, \u0421\u041a\u0418\u0414\u041a\u0418, \u041d\u041e\u0412\u042b\u0415 \u0422\u041e\u0412\u0410\u0420\u042b, \u0410\u0432\u0442\u043e\u043a\u0440\u0435\u0441\u043b\u0430, \u043b\u044e\u043b\u044c\u043a\u0438, \u0410\u0432\u0442\u043e\u043a\u0440\u0435\u0441\u043b\u0430 9-18 \u043a\u0433, \u0421\u043d\u0430\u0440\u044f\u0436\u0435\u043d\u0438\u044f \u0431\u0435\u0437\u043e\u043f\u0430\u0441\u043d\u043e\u0441\u0442\u0438, Beebipood","description":"Thule Elm 360\u00b0 i-Size turvatool + Thule Alfi Isofix alus, Black, Thule Elm turvatool on loodud uudishimulikke v\u00e4ikseid inimesi silmas pidades.Koh","robots":{"index":"index","follow":"follow","max-snippet":"max-snippet:-1","max-image-preview":"max-image-preview:large","max-video-preview":"max-video-preview:-1"},"canonical":"https:\/\/beebipood.ee\/ru\/produkt\/thule-palm-i-size-turvatool-100-150cm-soft-beige\/","og_locale":"ru_RU","og_type":"article","og_title":"Thule Elm 360\u00b0 i-Size turvatool + Thule Alfi Isofix alus, Black, \u0421\u041a\u0418\u0414\u041a\u0418, \u041d\u041e\u0412\u042b\u0415 \u0422\u041e\u0412\u0410\u0420\u042b, \u0410\u0432\u0442\u043e\u043a\u0440\u0435\u0441\u043b\u0430, \u043b\u044e\u043b\u044c\u043a\u0438, \u0410\u0432\u0442\u043e\u043a\u0440\u0435\u0441\u043b\u0430 9-18 \u043a\u0433, \u0421\u043d\u0430\u0440\u044f\u0436\u0435\u043d\u0438\u044f \u0431\u0435\u0437\u043e\u043f\u0430\u0441\u043d\u043e\u0441\u0442\u0438, Beebipood","og_description":"Thule Elm 360\u00b0 i-Size turvatool + Thule Alfi Isofix alus, Black, Thule Elm turvatool on loodud uudishimulikke v\u00e4ikseid inimesi silmas pidades.Koh","og_url":"https:\/\/beebipood.ee\/ru\/produkt\/thule-palm-i-size-turvatool-100-150cm-soft-beige\/","og_site_name":"Beebipood","article_modified_time":"2025-10-28T08:29:11+00:00","og_image":[{"width":600,"height":600,"url":"https:\/\/beebipood.ee\/wp-content\/uploads\/2025\/10\/thule-palm-turvatool-beige1.jpg","type":"image\/jpeg"}],"twitter_card":"summary_large_image","twitter_misc":{"\u041f\u0440\u0438\u043c\u0435\u0440\u043d\u043e\u0435 \u0432\u0440\u0435\u043c\u044f \u0434\u043b\u044f \u0447\u0442\u0435\u043d\u0438\u044f":"2 \u043c\u0438\u043d\u0443\u0442\u044b"},"schema":{"@context":"https:\/\/schema.org","@graph":[{"@type":"WebPage","@id":"https:\/\/beebipood.ee\/ru\/produkt\/thule-palm-i-size-turvatool-100-150cm-soft-beige\/","url":"https:\/\/beebipood.ee\/ru\/produkt\/thule-palm-i-size-turvatool-100-150cm-soft-beige\/","name":"Thule Elm 360\u00b0 i-Size turvatool + Thule Alfi Isofix alus, Black, \u0421\u041a\u0418\u0414\u041a\u0418, \u041d\u041e\u0412\u042b\u0415 \u0422\u041e\u0412\u0410\u0420\u042b, \u0410\u0432\u0442\u043e\u043a\u0440\u0435\u0441\u043b\u0430, \u043b\u044e\u043b\u044c\u043a\u0438, \u0410\u0432\u0442\u043e\u043a\u0440\u0435\u0441\u043b\u0430 9-18 \u043a\u0433, \u0421\u043d\u0430\u0440\u044f\u0436\u0435\u043d\u0438\u044f \u0431\u0435\u0437\u043e\u043f\u0430\u0441\u043d\u043e\u0441\u0442\u0438, Beebipood","isPartOf":{"@id":"https:\/\/beebipood.ee\/ru\/#website"},"primaryImageOfPage":{"@id":"https:\/\/beebipood.ee\/ru\/produkt\/thule-palm-i-size-turvatool-100-150cm-soft-beige\/#primaryimage"},"image":{"@id":"https:\/\/beebipood.ee\/ru\/produkt\/thule-palm-i-size-turvatool-100-150cm-soft-beige\/#primaryimage"},"thumbnailUrl":"https:\/\/beebipood.ee\/wp-content\/uploads\/2025\/10\/thule-palm-turvatool-beige1.jpg","datePublished":"2025-10-28T08:25:19+00:00","dateModified":"2025-10-28T08:29:11+00:00","description":"Thule Elm 360\u00b0 i-Size turvatool + Thule Alfi Isofix alus, Black, Thule Elm turvatool on loodud uudishimulikke v\u00e4ikseid inimesi silmas pidades.Koh","breadcrumb":{"@id":"https:\/\/beebipood.ee\/ru\/produkt\/thule-palm-i-size-turvatool-100-150cm-soft-beige\/#breadcrumb"},"inLanguage":"ru-RU","potentialAction":[{"@type":"ReadAction","target":["https:\/\/beebipood.ee\/ru\/produkt\/thule-palm-i-size-turvatool-100-150cm-soft-beige\/"]}]},{"@type":"ImageObject","inLanguage":"ru-RU","@id":"https:\/\/beebipood.ee\/ru\/produkt\/thule-palm-i-size-turvatool-100-150cm-soft-beige\/#primaryimage","url":"https:\/\/beebipood.ee\/wp-content\/uploads\/2025\/10\/thule-palm-turvatool-beige1.jpg","contentUrl":"https:\/\/beebipood.ee\/wp-content\/uploads\/2025\/10\/thule-palm-turvatool-beige1.jpg","width":600,"height":600},{"@type":"BreadcrumbList","@id":"https:\/\/beebipood.ee\/ru\/produkt\/thule-palm-i-size-turvatool-100-150cm-soft-beige\/#breadcrumb","itemListElement":[{"@type":"ListItem","position":1,"name":"Home","item":"https:\/\/beebipood.ee\/ru\/"},{"@type":"ListItem","position":2,"name":"\u041a\u0430\u0442\u0430\u043b\u043e\u0433 \u0442\u043e\u0432\u0430\u0440\u043e\u0432","item":"https:\/\/beebipood.ee\/tooted\/"},{"@type":"ListItem","position":3,"name":"Thule Palm i-Size turvatool 100-150cm, Soft Beige"}]},{"@type":"WebSite","@id":"https:\/\/beebipood.ee\/ru\/#website","url":"https:\/\/beebipood.ee\/ru\/","name":"Beebipood","description":"Lastekaubad, beebikaubad, m\u00e4nguasjad","publisher":{"@id":"https:\/\/beebipood.ee\/ru\/#organization"},"potentialAction":[{"@type":"SearchAction","target":{"@type":"EntryPoint","urlTemplate":"https:\/\/beebipood.ee\/ru\/?s={search_term_string}"},"query-input":{"@type":"PropertyValueSpecification","valueRequired":true,"valueName":"search_term_string"}}],"inLanguage":"ru-RU"},{"@type":"Organization","@id":"https:\/\/beebipood.ee\/ru\/#organization","name":"Beebipood","url":"https:\/\/beebipood.ee\/ru\/","logo":{"@type":"ImageObject","inLanguage":"ru-RU","@id":"https:\/\/beebipood.ee\/ru\/#\/schema\/logo\/image\/","url":"https:\/\/beebipood.ee\/wp-content\/uploads\/2025\/03\/beebipood.ee-logo-1.svg","contentUrl":"https:\/\/beebipood.ee\/wp-content\/uploads\/2025\/03\/beebipood.ee-logo-1.svg","caption":"Beebipood"},"image":{"@id":"https:\/\/beebipood.ee\/ru\/#\/schema\/logo\/image\/"}}]}},"brands":[{"id":11980,"name":"THULE","slug":"thule-ru"}],"_links":{"self":[{"href":"https:\/\/beebipood.ee\/ru\/wp-json\/wp\/v2\/product\/508671","targetHints":{"allow":["GET"]}}],"collection":[{"href":"https:\/\/beebipood.ee\/ru\/wp-json\/wp\/v2\/product"}],"about":[{"href":"https:\/\/beebipood.ee\/ru\/wp-json\/wp\/v2\/types\/product"}],"wp:featuredmedia":[{"embeddable":true,"href":"https:\/\/beebipood.ee\/ru\/wp-json\/wp\/v2\/media\/508605"}],"wp:attachment":[{"href":"https:\/\/beebipood.ee\/ru\/wp-json\/wp\/v2\/media?parent=508671"}],"wp:term":[{"taxonomy":"pwb-brand","embeddable":true,"href":"https:\/\/beebipood.ee\/ru\/wp-json\/wp\/v2\/pwb-brand?post=508671"},{"taxonomy":"product_brand","embeddable":true,"href":"https:\/\/beebipood.ee\/ru\/wp-json\/wp\/v2\/product_brand?post=508671"},{"taxonomy":"product_cat","embeddable":true,"href":"https:\/\/beebipood.ee\/ru\/wp-json\/wp\/v2\/product_cat?post=508671"},{"taxonomy":"product_tag","embeddable":true,"href":"https:\/\/beebipood.ee\/ru\/wp-json\/wp\/v2\/product_tag?post=508671"}],"curies":[{"name":"wp","href":"https:\/\/api.w.org\/{rel}","templated":true}]}}