{"id":508742,"date":"2025-11-03T13:13:45","date_gmt":"2025-11-03T11:13:45","guid":{"rendered":"https:\/\/beebipood.ee\/?post_type=product&#038;p=508742"},"modified":"2025-11-03T13:22:11","modified_gmt":"2025-11-03T11:22:11","slug":"yappyicon-kummut-mahkimisalusega-white","status":"publish","type":"product","link":"https:\/\/beebipood.ee\/ru\/produkt\/yappyicon-kummut-mahkimisalusega-white\/","title":{"rendered":"YappyIcon kummut m\u00e4hkimisalusega, White"},"content":{"rendered":"<h3 data-start=\"163\" data-end=\"199\"><strong data-start=\"167\" data-end=\"199\">YappyIcon t\u00e4ispuidust kummut<\/strong><\/h3>\n<p data-start=\"201\" data-end=\"477\">Beebi s\u00fcnd toob kaasa vajaduse luua hubane, turvaline ja looduslik keskkond. <strong data-start=\"278\" data-end=\"298\">YappyIcon kummut<\/strong> on loodud just selleks \u2013 see on <strong data-start=\"331\" data-end=\"369\">ilus, funktsionaalne ja vastupidav<\/strong> m\u00f6\u00f6bliese, mis t\u00e4iustab ideaalselt <strong data-start=\"405\" data-end=\"425\">YappyIcon voodit<\/strong>, luues harmoonilise ja stiilse lastetoa interj\u00f6\u00f6ri.<\/p>\n<p data-start=\"479\" data-end=\"783\">Kummut on <strong data-start=\"489\" data-end=\"518\">l\u00e4bim\u00f5eldud ja praktiline<\/strong> \u2013 sellel on <strong data-start=\"531\" data-end=\"551\">3 avarat sahtlit<\/strong>, mis pakuvad rohkelt hoiuruumi k\u00f5igile beebi vajalikele asjadele, v\u00f5ttes ise v\u00e4he ruumi. Soovi korral saab juurde osta <strong data-start=\"671\" data-end=\"702\">tammepuidust m\u00e4hkimisplaadi<\/strong>, mis sobitub kummuti peale ideaalselt ja muudab selle veelgi funktsionaalsemaks.<\/p>\n<p data-start=\"785\" data-end=\"879\">Sahtlid on varustatud <strong data-start=\"807\" data-end=\"834\">SoftStop Blum siinidega<\/strong>, mis tagavad <strong data-start=\"848\" data-end=\"878\">sujuva ja vaikse sulgumise<\/strong>.<\/p>\n<p data-start=\"881\" data-end=\"1170\">Kummut on valmistatud <strong data-start=\"903\" data-end=\"939\">t\u00e4ispuidust \u2013 tammest ja m\u00e4nnist<\/strong>, \u00fchendades tugevuse, vastupidavuse ja loodusliku soojustunde. Puit on t\u00f6\u00f6deldud <strong data-start=\"1020\" data-end=\"1074\">\u00f6koloogilise, lastele ohutu naturaalse puiduvahaga<\/strong>, mis annab kerge l\u00e4ike, kaitseb niiskuse ja mustuse eest ning toob esile puidu kauni tekstuuri.<\/p>\n<p data-start=\"1172\" data-end=\"1189\"><strong data-start=\"1172\" data-end=\"1187\">Materjalid:<\/strong><\/p>\n<ul data-start=\"1190\" data-end=\"1265\">\n<li data-start=\"1190\" data-end=\"1217\">\n<p data-start=\"1192\" data-end=\"1217\">Tamm ja m\u00e4nd (t\u00e4ispuit)<\/p>\n<\/li>\n<li data-start=\"1218\" data-end=\"1265\">\n<p data-start=\"1220\" data-end=\"1265\"><strong data-start=\"1265\" data-end=\"1286\">Komplekt sisaldab:<\/strong> m\u00e4hkimisalus, eemaldatav, p\u00f6\u00f6ratav 360\u00b0 ja lukustatav mitmesse asendisse<\/p>\n<\/li>\n<\/ul>\n<p data-start=\"1267\" data-end=\"1429\">T\u00e4ispuidu looduslik struktuur v\u00f5ib sisaldada v\u00e4ikeseid vaigukohti v\u00f5i oksakohti \u2013 need on loomulikud omadused, mis annavad igale kummutile <strong data-start=\"1406\" data-end=\"1428\">unikaalse iseloomu<\/strong>.<\/p>\n<p data-start=\"1431\" data-end=\"1707\"><strong data-start=\"1431\" data-end=\"1459\">Keskkonnas\u00f5bralik valik:<\/strong><br data-start=\"1459\" data-end=\"1462\" \/>Kummut on valmistatud <strong data-start=\"1484\" data-end=\"1516\">FSC-sertifitseeritud puidust<\/strong>, mis tagab, et kasutatud materjal p\u00e4rineb vastutustundlikult majandatud metsadest. T\u00e4ispuit tagab toote <strong data-start=\"1621\" data-end=\"1660\">vastupidavuse ja kriimustuskindluse<\/strong>, muutes selle m\u00f6\u00f6blieseme, mis kestab aastaid.<\/p>\n<p data-start=\"1709\" data-end=\"1806\"><strong data-start=\"1709\" data-end=\"1721\">Hooldus:<\/strong><br data-start=\"1721\" data-end=\"1724\" \/>\u2714 P\u00fchkida niiske puuvillase lapiga<br data-start=\"1758\" data-end=\"1761\" \/>\u2714 Kuivatada pehme lapiga p\u00e4rast puhastamist<\/p>\n","protected":false},"excerpt":{"rendered":"<p>YappyIcon t\u00e4ispuidust kummut Beebi s\u00fcnd toob kaasa vajaduse luua hubane, turvaline ja looduslik keskkond. YappyIcon kummut on loodud just selleks \u2013 see on ilus, funktsionaalne ja vastupidav m\u00f6\u00f6bliese, mis t\u00e4iustab ideaalselt YappyIcon voodit, luues harmoonilise ja stiilse lastetoa interj\u00f6\u00f6ri. Kummut on l\u00e4bim\u00f5eldud ja praktiline \u2013 sellel on 3 avarat sahtlit, mis pakuvad rohkelt hoiuruumi k\u00f5igile [&hellip;]<\/p>\n","protected":false},"featured_media":508750,"template":"","meta":{"_acf_changed":false},"pwb-brand":[11969],"product_brand":[],"product_cat":[11627,11711,11623,11789],"product_tag":[],"class_list":{"0":"post-508742","1":"product","2":"type-product","3":"status-publish","4":"has-post-thumbnail","6":"pwb-brand-yappykids-ru","7":"product_cat-kummutid-ru","8":"product_cat-mahkimisalused-ja-riiulid-ru","9":"product_cat-kummutid-kastid-ru","10":"product_cat-lastemoobel-ja-sisustus-ru","11":"pa_manufacturer-yappykids-ru","13":"first","14":"onbackorder","15":"sale","16":"taxable","17":"shipping-taxable","18":"purchasable","19":"product-type-simple"},"exclude_global_add_ons":[],"addons":[],"acf":[],"yoast_head":"<!-- This site is optimized with the Yoast SEO plugin v27.1.1 - https:\/\/yoast.com\/product\/yoast-seo-wordpress\/ -->\n<title>YappyClassic kummut, valge, K\u043e\u043c\u043e\u0434\u044b, \u044f\u0449\u0438\u043a\u0438, K\u043e\u043c\u043e\u0434\u044b, \u041f\u0435\u043b\u0435\u043d\u0430\u043b\u044c\u043d\u044b\u0435 \u0441\u0442\u043e\u043b\u0438\u043a\u0438 \u0438 \u043f\u043e\u043b\u043a\u0438, M\u0435\u0431\u0435\u043b\u044c, Ha c\u043a\u043b\u0430\u0434\u0435, YappyKids -20%, Beebipood<\/title>\n<meta name=\"description\" content=\"YappyClassic kummut, valge, YappyKids YappyClassic on l\u00e4bim\u00f5eldud kummut, et see lisaks visuaalsele veetlusele vastaks ka ohutussta\" \/>\n<meta name=\"robots\" content=\"index, follow, max-snippet:-1, max-image-preview:large, max-video-preview:-1\" \/>\n<link rel=\"canonical\" href=\"https:\/\/beebipood.ee\/ru\/produkt\/yappyicon-kummut-mahkimisalusega-white\/\" \/>\n<meta property=\"og:locale\" content=\"ru_RU\" \/>\n<meta property=\"og:type\" content=\"article\" \/>\n<meta property=\"og:title\" content=\"YappyClassic kummut, valge, K\u043e\u043c\u043e\u0434\u044b, \u044f\u0449\u0438\u043a\u0438, K\u043e\u043c\u043e\u0434\u044b, \u041f\u0435\u043b\u0435\u043d\u0430\u043b\u044c\u043d\u044b\u0435 \u0441\u0442\u043e\u043b\u0438\u043a\u0438 \u0438 \u043f\u043e\u043b\u043a\u0438, M\u0435\u0431\u0435\u043b\u044c, Ha c\u043a\u043b\u0430\u0434\u0435, YappyKids -20%, Beebipood\" \/>\n<meta property=\"og:description\" content=\"YappyClassic kummut, valge, YappyKids YappyClassic on l\u00e4bim\u00f5eldud kummut, et see lisaks visuaalsele veetlusele vastaks ka ohutussta\" \/>\n<meta property=\"og:url\" content=\"https:\/\/beebipood.ee\/ru\/produkt\/yappyicon-kummut-mahkimisalusega-white\/\" \/>\n<meta property=\"og:site_name\" content=\"Beebipood\" \/>\n<meta property=\"article:modified_time\" content=\"2025-11-03T11:22:11+00:00\" \/>\n<meta property=\"og:image\" content=\"https:\/\/beebipood.ee\/wp-content\/uploads\/2025\/11\/yappyicon-kummut-mahkimisalusega-white4.webp\" \/>\n\t<meta property=\"og:image:width\" content=\"1200\" \/>\n\t<meta property=\"og:image:height\" content=\"900\" \/>\n\t<meta property=\"og:image:type\" content=\"image\/webp\" \/>\n<meta name=\"twitter:card\" content=\"summary_large_image\" \/>\n<meta name=\"twitter:label1\" content=\"\u041f\u0440\u0438\u043c\u0435\u0440\u043d\u043e\u0435 \u0432\u0440\u0435\u043c\u044f \u0434\u043b\u044f \u0447\u0442\u0435\u043d\u0438\u044f\" \/>\n\t<meta name=\"twitter:data1\" content=\"2 \u043c\u0438\u043d\u0443\u0442\u044b\" \/>\n<script type=\"application\/ld+json\" class=\"yoast-schema-graph\">{\"@context\":\"https:\/\/schema.org\",\"@graph\":[{\"@type\":\"WebPage\",\"@id\":\"https:\/\/beebipood.ee\/ru\/produkt\/yappyicon-kummut-mahkimisalusega-white\/\",\"url\":\"https:\/\/beebipood.ee\/ru\/produkt\/yappyicon-kummut-mahkimisalusega-white\/\",\"name\":\"YappyClassic kummut, valge, K\u043e\u043c\u043e\u0434\u044b, \u044f\u0449\u0438\u043a\u0438, K\u043e\u043c\u043e\u0434\u044b, \u041f\u0435\u043b\u0435\u043d\u0430\u043b\u044c\u043d\u044b\u0435 \u0441\u0442\u043e\u043b\u0438\u043a\u0438 \u0438 \u043f\u043e\u043b\u043a\u0438, M\u0435\u0431\u0435\u043b\u044c, Ha c\u043a\u043b\u0430\u0434\u0435, YappyKids -20%, Beebipood\",\"isPartOf\":{\"@id\":\"https:\/\/beebipood.ee\/ru\/#website\"},\"primaryImageOfPage\":{\"@id\":\"https:\/\/beebipood.ee\/ru\/produkt\/yappyicon-kummut-mahkimisalusega-white\/#primaryimage\"},\"image\":{\"@id\":\"https:\/\/beebipood.ee\/ru\/produkt\/yappyicon-kummut-mahkimisalusega-white\/#primaryimage\"},\"thumbnailUrl\":\"https:\/\/beebipood.ee\/wp-content\/uploads\/2025\/11\/yappyicon-kummut-mahkimisalusega-white4.webp\",\"datePublished\":\"2025-11-03T11:13:45+00:00\",\"dateModified\":\"2025-11-03T11:22:11+00:00\",\"description\":\"YappyClassic kummut, valge, YappyKids YappyClassic on l\u00e4bim\u00f5eldud kummut, et see lisaks visuaalsele veetlusele vastaks ka ohutussta\",\"breadcrumb\":{\"@id\":\"https:\/\/beebipood.ee\/ru\/produkt\/yappyicon-kummut-mahkimisalusega-white\/#breadcrumb\"},\"inLanguage\":\"ru-RU\",\"potentialAction\":[{\"@type\":\"ReadAction\",\"target\":[\"https:\/\/beebipood.ee\/ru\/produkt\/yappyicon-kummut-mahkimisalusega-white\/\"]}]},{\"@type\":\"ImageObject\",\"inLanguage\":\"ru-RU\",\"@id\":\"https:\/\/beebipood.ee\/ru\/produkt\/yappyicon-kummut-mahkimisalusega-white\/#primaryimage\",\"url\":\"https:\/\/beebipood.ee\/wp-content\/uploads\/2025\/11\/yappyicon-kummut-mahkimisalusega-white4.webp\",\"contentUrl\":\"https:\/\/beebipood.ee\/wp-content\/uploads\/2025\/11\/yappyicon-kummut-mahkimisalusega-white4.webp\",\"width\":1200,\"height\":900},{\"@type\":\"BreadcrumbList\",\"@id\":\"https:\/\/beebipood.ee\/ru\/produkt\/yappyicon-kummut-mahkimisalusega-white\/#breadcrumb\",\"itemListElement\":[{\"@type\":\"ListItem\",\"position\":1,\"name\":\"Home\",\"item\":\"https:\/\/beebipood.ee\/ru\/\"},{\"@type\":\"ListItem\",\"position\":2,\"name\":\"\u041a\u0430\u0442\u0430\u043b\u043e\u0433 \u0442\u043e\u0432\u0430\u0440\u043e\u0432\",\"item\":\"https:\/\/beebipood.ee\/tooted\/\"},{\"@type\":\"ListItem\",\"position\":3,\"name\":\"YappyIcon kummut m\u00e4hkimisalusega, White\"}]},{\"@type\":\"WebSite\",\"@id\":\"https:\/\/beebipood.ee\/ru\/#website\",\"url\":\"https:\/\/beebipood.ee\/ru\/\",\"name\":\"Beebipood\",\"description\":\"Lastekaubad, beebikaubad, m\u00e4nguasjad\",\"publisher\":{\"@id\":\"https:\/\/beebipood.ee\/ru\/#organization\"},\"potentialAction\":[{\"@type\":\"SearchAction\",\"target\":{\"@type\":\"EntryPoint\",\"urlTemplate\":\"https:\/\/beebipood.ee\/ru\/?s={search_term_string}\"},\"query-input\":{\"@type\":\"PropertyValueSpecification\",\"valueRequired\":true,\"valueName\":\"search_term_string\"}}],\"inLanguage\":\"ru-RU\"},{\"@type\":\"Organization\",\"@id\":\"https:\/\/beebipood.ee\/ru\/#organization\",\"name\":\"Beebipood\",\"url\":\"https:\/\/beebipood.ee\/ru\/\",\"logo\":{\"@type\":\"ImageObject\",\"inLanguage\":\"ru-RU\",\"@id\":\"https:\/\/beebipood.ee\/ru\/#\/schema\/logo\/image\/\",\"url\":\"https:\/\/beebipood.ee\/wp-content\/uploads\/2025\/03\/beebipood.ee-logo-1.svg\",\"contentUrl\":\"https:\/\/beebipood.ee\/wp-content\/uploads\/2025\/03\/beebipood.ee-logo-1.svg\",\"caption\":\"Beebipood\"},\"image\":{\"@id\":\"https:\/\/beebipood.ee\/ru\/#\/schema\/logo\/image\/\"}}]}<\/script>\n<!-- \/ Yoast SEO plugin. -->","yoast_head_json":{"title":"YappyClassic kummut, valge, K\u043e\u043c\u043e\u0434\u044b, \u044f\u0449\u0438\u043a\u0438, K\u043e\u043c\u043e\u0434\u044b, \u041f\u0435\u043b\u0435\u043d\u0430\u043b\u044c\u043d\u044b\u0435 \u0441\u0442\u043e\u043b\u0438\u043a\u0438 \u0438 \u043f\u043e\u043b\u043a\u0438, M\u0435\u0431\u0435\u043b\u044c, Ha c\u043a\u043b\u0430\u0434\u0435, YappyKids -20%, Beebipood","description":"YappyClassic kummut, valge, YappyKids YappyClassic on l\u00e4bim\u00f5eldud kummut, et see lisaks visuaalsele veetlusele vastaks ka ohutussta","robots":{"index":"index","follow":"follow","max-snippet":"max-snippet:-1","max-image-preview":"max-image-preview:large","max-video-preview":"max-video-preview:-1"},"canonical":"https:\/\/beebipood.ee\/ru\/produkt\/yappyicon-kummut-mahkimisalusega-white\/","og_locale":"ru_RU","og_type":"article","og_title":"YappyClassic kummut, valge, K\u043e\u043c\u043e\u0434\u044b, \u044f\u0449\u0438\u043a\u0438, K\u043e\u043c\u043e\u0434\u044b, \u041f\u0435\u043b\u0435\u043d\u0430\u043b\u044c\u043d\u044b\u0435 \u0441\u0442\u043e\u043b\u0438\u043a\u0438 \u0438 \u043f\u043e\u043b\u043a\u0438, M\u0435\u0431\u0435\u043b\u044c, Ha c\u043a\u043b\u0430\u0434\u0435, YappyKids -20%, Beebipood","og_description":"YappyClassic kummut, valge, YappyKids YappyClassic on l\u00e4bim\u00f5eldud kummut, et see lisaks visuaalsele veetlusele vastaks ka ohutussta","og_url":"https:\/\/beebipood.ee\/ru\/produkt\/yappyicon-kummut-mahkimisalusega-white\/","og_site_name":"Beebipood","article_modified_time":"2025-11-03T11:22:11+00:00","og_image":[{"width":1200,"height":900,"url":"https:\/\/beebipood.ee\/wp-content\/uploads\/2025\/11\/yappyicon-kummut-mahkimisalusega-white4.webp","type":"image\/webp"}],"twitter_card":"summary_large_image","twitter_misc":{"\u041f\u0440\u0438\u043c\u0435\u0440\u043d\u043e\u0435 \u0432\u0440\u0435\u043c\u044f \u0434\u043b\u044f \u0447\u0442\u0435\u043d\u0438\u044f":"2 \u043c\u0438\u043d\u0443\u0442\u044b"},"schema":{"@context":"https:\/\/schema.org","@graph":[{"@type":"WebPage","@id":"https:\/\/beebipood.ee\/ru\/produkt\/yappyicon-kummut-mahkimisalusega-white\/","url":"https:\/\/beebipood.ee\/ru\/produkt\/yappyicon-kummut-mahkimisalusega-white\/","name":"YappyClassic kummut, valge, K\u043e\u043c\u043e\u0434\u044b, \u044f\u0449\u0438\u043a\u0438, K\u043e\u043c\u043e\u0434\u044b, \u041f\u0435\u043b\u0435\u043d\u0430\u043b\u044c\u043d\u044b\u0435 \u0441\u0442\u043e\u043b\u0438\u043a\u0438 \u0438 \u043f\u043e\u043b\u043a\u0438, M\u0435\u0431\u0435\u043b\u044c, Ha c\u043a\u043b\u0430\u0434\u0435, YappyKids -20%, Beebipood","isPartOf":{"@id":"https:\/\/beebipood.ee\/ru\/#website"},"primaryImageOfPage":{"@id":"https:\/\/beebipood.ee\/ru\/produkt\/yappyicon-kummut-mahkimisalusega-white\/#primaryimage"},"image":{"@id":"https:\/\/beebipood.ee\/ru\/produkt\/yappyicon-kummut-mahkimisalusega-white\/#primaryimage"},"thumbnailUrl":"https:\/\/beebipood.ee\/wp-content\/uploads\/2025\/11\/yappyicon-kummut-mahkimisalusega-white4.webp","datePublished":"2025-11-03T11:13:45+00:00","dateModified":"2025-11-03T11:22:11+00:00","description":"YappyClassic kummut, valge, YappyKids YappyClassic on l\u00e4bim\u00f5eldud kummut, et see lisaks visuaalsele veetlusele vastaks ka ohutussta","breadcrumb":{"@id":"https:\/\/beebipood.ee\/ru\/produkt\/yappyicon-kummut-mahkimisalusega-white\/#breadcrumb"},"inLanguage":"ru-RU","potentialAction":[{"@type":"ReadAction","target":["https:\/\/beebipood.ee\/ru\/produkt\/yappyicon-kummut-mahkimisalusega-white\/"]}]},{"@type":"ImageObject","inLanguage":"ru-RU","@id":"https:\/\/beebipood.ee\/ru\/produkt\/yappyicon-kummut-mahkimisalusega-white\/#primaryimage","url":"https:\/\/beebipood.ee\/wp-content\/uploads\/2025\/11\/yappyicon-kummut-mahkimisalusega-white4.webp","contentUrl":"https:\/\/beebipood.ee\/wp-content\/uploads\/2025\/11\/yappyicon-kummut-mahkimisalusega-white4.webp","width":1200,"height":900},{"@type":"BreadcrumbList","@id":"https:\/\/beebipood.ee\/ru\/produkt\/yappyicon-kummut-mahkimisalusega-white\/#breadcrumb","itemListElement":[{"@type":"ListItem","position":1,"name":"Home","item":"https:\/\/beebipood.ee\/ru\/"},{"@type":"ListItem","position":2,"name":"\u041a\u0430\u0442\u0430\u043b\u043e\u0433 \u0442\u043e\u0432\u0430\u0440\u043e\u0432","item":"https:\/\/beebipood.ee\/tooted\/"},{"@type":"ListItem","position":3,"name":"YappyIcon kummut m\u00e4hkimisalusega, White"}]},{"@type":"WebSite","@id":"https:\/\/beebipood.ee\/ru\/#website","url":"https:\/\/beebipood.ee\/ru\/","name":"Beebipood","description":"Lastekaubad, beebikaubad, m\u00e4nguasjad","publisher":{"@id":"https:\/\/beebipood.ee\/ru\/#organization"},"potentialAction":[{"@type":"SearchAction","target":{"@type":"EntryPoint","urlTemplate":"https:\/\/beebipood.ee\/ru\/?s={search_term_string}"},"query-input":{"@type":"PropertyValueSpecification","valueRequired":true,"valueName":"search_term_string"}}],"inLanguage":"ru-RU"},{"@type":"Organization","@id":"https:\/\/beebipood.ee\/ru\/#organization","name":"Beebipood","url":"https:\/\/beebipood.ee\/ru\/","logo":{"@type":"ImageObject","inLanguage":"ru-RU","@id":"https:\/\/beebipood.ee\/ru\/#\/schema\/logo\/image\/","url":"https:\/\/beebipood.ee\/wp-content\/uploads\/2025\/03\/beebipood.ee-logo-1.svg","contentUrl":"https:\/\/beebipood.ee\/wp-content\/uploads\/2025\/03\/beebipood.ee-logo-1.svg","caption":"Beebipood"},"image":{"@id":"https:\/\/beebipood.ee\/ru\/#\/schema\/logo\/image\/"}}]}},"brands":[{"id":11969,"name":"YappyKids","slug":"yappykids-ru"}],"_links":{"self":[{"href":"https:\/\/beebipood.ee\/ru\/wp-json\/wp\/v2\/product\/508742","targetHints":{"allow":["GET"]}}],"collection":[{"href":"https:\/\/beebipood.ee\/ru\/wp-json\/wp\/v2\/product"}],"about":[{"href":"https:\/\/beebipood.ee\/ru\/wp-json\/wp\/v2\/types\/product"}],"wp:featuredmedia":[{"embeddable":true,"href":"https:\/\/beebipood.ee\/ru\/wp-json\/wp\/v2\/media\/508750"}],"wp:attachment":[{"href":"https:\/\/beebipood.ee\/ru\/wp-json\/wp\/v2\/media?parent=508742"}],"wp:term":[{"taxonomy":"pwb-brand","embeddable":true,"href":"https:\/\/beebipood.ee\/ru\/wp-json\/wp\/v2\/pwb-brand?post=508742"},{"taxonomy":"product_brand","embeddable":true,"href":"https:\/\/beebipood.ee\/ru\/wp-json\/wp\/v2\/product_brand?post=508742"},{"taxonomy":"product_cat","embeddable":true,"href":"https:\/\/beebipood.ee\/ru\/wp-json\/wp\/v2\/product_cat?post=508742"},{"taxonomy":"product_tag","embeddable":true,"href":"https:\/\/beebipood.ee\/ru\/wp-json\/wp\/v2\/product_tag?post=508742"}],"curies":[{"name":"wp","href":"https:\/\/api.w.org\/{rel}","templated":true}]}}