{"id":508835,"date":"2025-11-05T13:40:37","date_gmt":"2025-11-05T11:40:37","guid":{"rendered":"https:\/\/beebipood.ee\/?post_type=product&#038;p=508835"},"modified":"2025-11-05T13:42:48","modified_gmt":"2025-11-05T11:42:48","slug":"majavoodi-domek-80x160-graphite","status":"publish","type":"product","link":"https:\/\/beebipood.ee\/ru\/produkt\/majavoodi-domek-80x160-graphite\/","title":{"rendered":"Majavoodi Domek 80&#215;160, graphite"},"content":{"rendered":"<p data-start=\"118\" data-end=\"204\">Too lapse tuppa soojust ja muinasjutulist h\u00f5ngu selle armsa majakujulise voodiga! \ud83d\udcab<\/p>\n<p data-start=\"206\" data-end=\"490\">Majavoodi hubane disain julgustab nii m\u00e4ngima kui ka rahulikult uinuma. Valmistatud kvaliteetsest m\u00e4nnipuidust, MDF-ist ja m\u00f6\u00f6bliplaadist, on see voodi tugev, vastupidav ja lapsele t\u00e4iesti ohutu. K\u00f5ik servad on \u00fcmardatud, et v\u00e4hendada vigastuste ohtu m\u00e4ngimise ja voodist t\u00f5usmise ajal.<\/p>\n<p data-start=\"492\" data-end=\"505\"><strong data-start=\"492\" data-end=\"505\">Omadused:<\/strong><\/p>\n<ul data-start=\"506\" data-end=\"928\">\n<li data-start=\"506\" data-end=\"584\">\n<p data-start=\"508\" data-end=\"584\">Majakujuline disain \u2013 loob turvalise ja m\u00e4ngulise une- ning m\u00e4ngukeskkonna<\/p>\n<\/li>\n<li data-start=\"585\" data-end=\"644\">\n<p data-start=\"587\" data-end=\"644\">Valmistatud <strong data-start=\"599\" data-end=\"642\">m\u00e4nnipuidust, MDF-ist ja m\u00f6\u00f6bliplaadist<\/strong><\/p>\n<\/li>\n<li data-start=\"645\" data-end=\"725\">\n<p data-start=\"647\" data-end=\"725\">Viimistlus: kasutatud vee baasil \u00f6koloogiliselt puhtaid ja ohutuid v\u00e4rve<\/p>\n<\/li>\n<li data-start=\"726\" data-end=\"768\">\n<p data-start=\"728\" data-end=\"768\"><strong data-start=\"728\" data-end=\"745\">Turvapiirded<\/strong> akna kujundusega<\/p>\n<\/li>\n<li data-start=\"769\" data-end=\"817\">\n<p data-start=\"771\" data-end=\"817\"><strong data-start=\"771\" data-end=\"800\">Kvaliteetne ja vastupidav<\/strong> konstruktsioon<\/p>\n<\/li>\n<li data-start=\"818\" data-end=\"853\">\n<p data-start=\"820\" data-end=\"853\">Lihtne kokku panna ja puhastada<\/p>\n<\/li>\n<li data-start=\"854\" data-end=\"897\">\n<p data-start=\"856\" data-end=\"897\">Voodit saab paigaldada <strong data-start=\"879\" data-end=\"895\">peegelpildis<\/strong><\/p>\n<\/li>\n<li data-start=\"898\" data-end=\"928\">\n<p data-start=\"900\" data-end=\"928\"><strong data-start=\"900\" data-end=\"926\">Kandev\u00f5ime kuni 200 kg<\/strong><\/p>\n<\/li>\n<\/ul>\n<p data-start=\"930\" data-end=\"945\"><strong data-start=\"930\" data-end=\"945\">Komplektis:<\/strong><\/p>\n<ul data-start=\"946\" data-end=\"1053\">\n<li data-start=\"946\" data-end=\"959\">\n<p data-start=\"948\" data-end=\"959\">Voodiraam<\/p>\n<\/li>\n<li data-start=\"960\" data-end=\"973\">\n<p data-start=\"962\" data-end=\"973\">Voodip\u00f5hi<\/p>\n<\/li>\n<li data-start=\"974\" data-end=\"990\">\n<p data-start=\"976\" data-end=\"990\">Turvapiirded<\/p>\n<\/li>\n<li data-start=\"991\" data-end=\"1053\">\n<p data-start=\"993\" data-end=\"1053\">Poroloonmadrats (80\u00d7160 cm) eemaldatava ja pestava kattega (saab osta lisaks)<\/p>\n<\/li>\n<\/ul>\n<p data-start=\"1055\" data-end=\"1068\"><strong data-start=\"1055\" data-end=\"1068\">Lisainfo:<\/strong><\/p>\n<ul data-start=\"1069\" data-end=\"1428\">\n<li data-start=\"1069\" data-end=\"1110\">\n<p data-start=\"1071\" data-end=\"1110\">Voodiraam kaetud <strong data-start=\"1088\" data-end=\"1108\">veep\u00f5hise lakiga<\/strong><\/p>\n<\/li>\n<li data-start=\"1111\" data-end=\"1204\">\n<p data-start=\"1113\" data-end=\"1204\">Madrats: tepitud h\u00fcpoallergeensest pol\u00fcestrkangast, pol\u00fcuretaanvaht, t\u00f5mblukk<\/p>\n<\/li>\n<li data-start=\"1205\" data-end=\"1346\">\n<p data-start=\"1207\" data-end=\"1346\">Voodip\u00f5hi valmistatud <strong data-start=\"1229\" data-end=\"1267\">vetruvatest kasepuidust liistudest<\/strong>, kinnitatud metallliistule <strong data-start=\"1295\" data-end=\"1323\">\u201cclick-clack\u201d s\u00fcsteemiga<\/strong> kiireks paigalduseks<\/p>\n<\/li>\n<li data-start=\"1347\" data-end=\"1428\">\n<p data-start=\"1349\" data-end=\"1428\"><strong data-start=\"1349\" data-end=\"1379\">\u00dcmarad servad <\/strong>\u00a0\u2013 kaitsevad last p\u00f5rutuste ja marrastuste eest<\/p>\n<\/li>\n<\/ul>\n","protected":false},"excerpt":{"rendered":"<p>Too lapse tuppa soojust ja muinasjutulist h\u00f5ngu selle armsa majakujulise voodiga! \ud83d\udcab Majavoodi hubane disain julgustab nii m\u00e4ngima kui ka rahulikult uinuma. Valmistatud kvaliteetsest m\u00e4nnipuidust, MDF-ist ja m\u00f6\u00f6bliplaadist, on see voodi tugev, vastupidav ja lapsele t\u00e4iesti ohutu. K\u00f5ik servad on \u00fcmardatud, et v\u00e4hendada vigastuste ohtu m\u00e4ngimise ja voodist t\u00f5usmise ajal. Omadused: Majakujuline disain \u2013 loob [&hellip;]<\/p>\n","protected":false},"featured_media":508839,"template":"","meta":{"_acf_changed":false},"pwb-brand":[],"product_brand":[],"product_cat":[11589,11559,11789],"product_tag":[],"class_list":{"0":"post-508835","1":"product","2":"type-product","3":"status-publish","4":"has-post-thumbnail","6":"product_cat-80cm-laiused-ru","7":"product_cat-laste-ja-noortevoodid-ru","8":"product_cat-lastemoobel-ja-sisustus-ru","10":"first","11":"onbackorder","12":"sale","13":"taxable","14":"shipping-taxable","15":"purchasable","16":"product-type-simple"},"exclude_global_add_ons":false,"addons":[{"name":"Vali madrats","type":"multiple_choice","position":0,"required":true,"title_format":"label","default":"","description_enable":false,"description":"","placeholder_enable":false,"placeholder":"","display":"images","restrictions_type":"any_text","adjust_price":false,"price":"","price_type":"flat_fee","restrictions":false,"min":"0","max":"0","options":[{"label":"Soovin madratsit","price":"20","price_type":"flat_fee","image":505376,"visibility":true},{"label":"Ei soovi madratsit","price":"","price_type":"flat_fee","image":505374,"visibility":true}],"id":1762349688}],"acf":[],"yoast_head":"<!-- This site is optimized with the Yoast SEO plugin v27.3 - https:\/\/yoast.com\/product\/yoast-seo-wordpress\/ -->\n<title>Majavoodi Domi House Lux 80x160, grafiit, \u041a\u0440\u043e\u0432\u0430\u0442\u0438 \u0434\u043b\u044f \u0434\u0435\u0442\u0435\u0439 \u0438 \u043f\u043e\u0434\u0440\u043e\u0441\u0442\u043a\u043e\u0432, \u0428\u0438\u0440\u0438\u043d\u0430 80c\u043c, M\u0435\u0431\u0435\u043b\u044c, Beebipood<\/title>\n<meta name=\"description\" content=\"Majavoodi Domi House Lux 80x160, grafiit, valmistatud m\u00e4nnipuidust, MDF&#039;st ja m\u00f6\u00f6bliplaadistviimistluses on kasutatud vee baasil \u00f6k\" \/>\n<meta name=\"robots\" content=\"index, follow, max-snippet:-1, max-image-preview:large, max-video-preview:-1\" \/>\n<link rel=\"canonical\" href=\"https:\/\/beebipood.ee\/ru\/produkt\/majavoodi-domek-80x160-graphite\/\" \/>\n<meta property=\"og:locale\" content=\"ru_RU\" \/>\n<meta property=\"og:type\" content=\"article\" \/>\n<meta property=\"og:title\" content=\"Majavoodi Domi House Lux 80x160, grafiit, \u041a\u0440\u043e\u0432\u0430\u0442\u0438 \u0434\u043b\u044f \u0434\u0435\u0442\u0435\u0439 \u0438 \u043f\u043e\u0434\u0440\u043e\u0441\u0442\u043a\u043e\u0432, \u0428\u0438\u0440\u0438\u043d\u0430 80c\u043c, M\u0435\u0431\u0435\u043b\u044c, Beebipood\" \/>\n<meta property=\"og:description\" content=\"Majavoodi Domi House Lux 80x160, grafiit, valmistatud m\u00e4nnipuidust, MDF&#039;st ja m\u00f6\u00f6bliplaadistviimistluses on kasutatud vee baasil \u00f6k\" \/>\n<meta property=\"og:url\" content=\"https:\/\/beebipood.ee\/ru\/produkt\/majavoodi-domek-80x160-graphite\/\" \/>\n<meta property=\"og:site_name\" content=\"Beebipood\" \/>\n<meta property=\"article:modified_time\" content=\"2025-11-05T11:42:48+00:00\" \/>\n<meta property=\"og:image\" content=\"https:\/\/beebipood.ee\/wp-content\/uploads\/2025\/11\/domek_2_b_c_grafit-scaled.jpg\" \/>\n\t<meta property=\"og:image:width\" content=\"2560\" \/>\n\t<meta property=\"og:image:height\" content=\"1705\" \/>\n\t<meta property=\"og:image:type\" content=\"image\/jpeg\" \/>\n<meta name=\"twitter:card\" content=\"summary_large_image\" \/>\n<meta name=\"twitter:label1\" content=\"\u041f\u0440\u0438\u043c\u0435\u0440\u043d\u043e\u0435 \u0432\u0440\u0435\u043c\u044f \u0434\u043b\u044f \u0447\u0442\u0435\u043d\u0438\u044f\" \/>\n\t<meta name=\"twitter:data1\" content=\"1 \u043c\u0438\u043d\u0443\u0442\u0430\" \/>\n<script type=\"application\/ld+json\" class=\"yoast-schema-graph\">{\"@context\":\"https:\\\/\\\/schema.org\",\"@graph\":[{\"@type\":\"WebPage\",\"@id\":\"https:\\\/\\\/beebipood.ee\\\/ru\\\/produkt\\\/majavoodi-domek-80x160-graphite\\\/\",\"url\":\"https:\\\/\\\/beebipood.ee\\\/ru\\\/produkt\\\/majavoodi-domek-80x160-graphite\\\/\",\"name\":\"Majavoodi Domi House Lux 80x160, grafiit, \u041a\u0440\u043e\u0432\u0430\u0442\u0438 \u0434\u043b\u044f \u0434\u0435\u0442\u0435\u0439 \u0438 \u043f\u043e\u0434\u0440\u043e\u0441\u0442\u043a\u043e\u0432, \u0428\u0438\u0440\u0438\u043d\u0430 80c\u043c, M\u0435\u0431\u0435\u043b\u044c, Beebipood\",\"isPartOf\":{\"@id\":\"https:\\\/\\\/beebipood.ee\\\/ru\\\/#website\"},\"primaryImageOfPage\":{\"@id\":\"https:\\\/\\\/beebipood.ee\\\/ru\\\/produkt\\\/majavoodi-domek-80x160-graphite\\\/#primaryimage\"},\"image\":{\"@id\":\"https:\\\/\\\/beebipood.ee\\\/ru\\\/produkt\\\/majavoodi-domek-80x160-graphite\\\/#primaryimage\"},\"thumbnailUrl\":\"https:\\\/\\\/beebipood.ee\\\/wp-content\\\/uploads\\\/2025\\\/11\\\/domek_2_b_c_grafit-scaled.jpg\",\"datePublished\":\"2025-11-05T11:40:37+00:00\",\"dateModified\":\"2025-11-05T11:42:48+00:00\",\"description\":\"Majavoodi Domi House Lux 80x160, grafiit, valmistatud m\u00e4nnipuidust, MDF'st ja m\u00f6\u00f6bliplaadistviimistluses on kasutatud vee baasil \u00f6k\",\"breadcrumb\":{\"@id\":\"https:\\\/\\\/beebipood.ee\\\/ru\\\/produkt\\\/majavoodi-domek-80x160-graphite\\\/#breadcrumb\"},\"inLanguage\":\"ru-RU\",\"potentialAction\":[{\"@type\":\"ReadAction\",\"target\":[\"https:\\\/\\\/beebipood.ee\\\/ru\\\/produkt\\\/majavoodi-domek-80x160-graphite\\\/\"]}]},{\"@type\":\"ImageObject\",\"inLanguage\":\"ru-RU\",\"@id\":\"https:\\\/\\\/beebipood.ee\\\/ru\\\/produkt\\\/majavoodi-domek-80x160-graphite\\\/#primaryimage\",\"url\":\"https:\\\/\\\/beebipood.ee\\\/wp-content\\\/uploads\\\/2025\\\/11\\\/domek_2_b_c_grafit-scaled.jpg\",\"contentUrl\":\"https:\\\/\\\/beebipood.ee\\\/wp-content\\\/uploads\\\/2025\\\/11\\\/domek_2_b_c_grafit-scaled.jpg\",\"width\":2560,\"height\":1705},{\"@type\":\"BreadcrumbList\",\"@id\":\"https:\\\/\\\/beebipood.ee\\\/ru\\\/produkt\\\/majavoodi-domek-80x160-graphite\\\/#breadcrumb\",\"itemListElement\":[{\"@type\":\"ListItem\",\"position\":1,\"name\":\"Home\",\"item\":\"https:\\\/\\\/beebipood.ee\\\/ru\\\/\"},{\"@type\":\"ListItem\",\"position\":2,\"name\":\"\u041a\u0430\u0442\u0430\u043b\u043e\u0433 \u0442\u043e\u0432\u0430\u0440\u043e\u0432\",\"item\":\"https:\\\/\\\/beebipood.ee\\\/tooted\\\/\"},{\"@type\":\"ListItem\",\"position\":3,\"name\":\"Majavoodi Domek 80&#215;160, graphite\"}]},{\"@type\":\"WebSite\",\"@id\":\"https:\\\/\\\/beebipood.ee\\\/ru\\\/#website\",\"url\":\"https:\\\/\\\/beebipood.ee\\\/ru\\\/\",\"name\":\"Beebipood\",\"description\":\"Lastekaubad, beebikaubad, m\u00e4nguasjad\",\"publisher\":{\"@id\":\"https:\\\/\\\/beebipood.ee\\\/ru\\\/#organization\"},\"potentialAction\":[{\"@type\":\"SearchAction\",\"target\":{\"@type\":\"EntryPoint\",\"urlTemplate\":\"https:\\\/\\\/beebipood.ee\\\/ru\\\/?s={search_term_string}\"},\"query-input\":{\"@type\":\"PropertyValueSpecification\",\"valueRequired\":true,\"valueName\":\"search_term_string\"}}],\"inLanguage\":\"ru-RU\"},{\"@type\":\"Organization\",\"@id\":\"https:\\\/\\\/beebipood.ee\\\/ru\\\/#organization\",\"name\":\"Beebipood\",\"url\":\"https:\\\/\\\/beebipood.ee\\\/ru\\\/\",\"logo\":{\"@type\":\"ImageObject\",\"inLanguage\":\"ru-RU\",\"@id\":\"https:\\\/\\\/beebipood.ee\\\/ru\\\/#\\\/schema\\\/logo\\\/image\\\/\",\"url\":\"https:\\\/\\\/beebipood.ee\\\/wp-content\\\/uploads\\\/2025\\\/03\\\/beebipood.ee-logo-1.svg\",\"contentUrl\":\"https:\\\/\\\/beebipood.ee\\\/wp-content\\\/uploads\\\/2025\\\/03\\\/beebipood.ee-logo-1.svg\",\"caption\":\"Beebipood\"},\"image\":{\"@id\":\"https:\\\/\\\/beebipood.ee\\\/ru\\\/#\\\/schema\\\/logo\\\/image\\\/\"}}]}<\/script>\n<!-- \/ Yoast SEO plugin. -->","yoast_head_json":{"title":"Majavoodi Domi House Lux 80x160, grafiit, \u041a\u0440\u043e\u0432\u0430\u0442\u0438 \u0434\u043b\u044f \u0434\u0435\u0442\u0435\u0439 \u0438 \u043f\u043e\u0434\u0440\u043e\u0441\u0442\u043a\u043e\u0432, \u0428\u0438\u0440\u0438\u043d\u0430 80c\u043c, M\u0435\u0431\u0435\u043b\u044c, Beebipood","description":"Majavoodi Domi House Lux 80x160, grafiit, valmistatud m\u00e4nnipuidust, MDF'st ja m\u00f6\u00f6bliplaadistviimistluses on kasutatud vee baasil \u00f6k","robots":{"index":"index","follow":"follow","max-snippet":"max-snippet:-1","max-image-preview":"max-image-preview:large","max-video-preview":"max-video-preview:-1"},"canonical":"https:\/\/beebipood.ee\/ru\/produkt\/majavoodi-domek-80x160-graphite\/","og_locale":"ru_RU","og_type":"article","og_title":"Majavoodi Domi House Lux 80x160, grafiit, \u041a\u0440\u043e\u0432\u0430\u0442\u0438 \u0434\u043b\u044f \u0434\u0435\u0442\u0435\u0439 \u0438 \u043f\u043e\u0434\u0440\u043e\u0441\u0442\u043a\u043e\u0432, \u0428\u0438\u0440\u0438\u043d\u0430 80c\u043c, M\u0435\u0431\u0435\u043b\u044c, Beebipood","og_description":"Majavoodi Domi House Lux 80x160, grafiit, valmistatud m\u00e4nnipuidust, MDF'st ja m\u00f6\u00f6bliplaadistviimistluses on kasutatud vee baasil \u00f6k","og_url":"https:\/\/beebipood.ee\/ru\/produkt\/majavoodi-domek-80x160-graphite\/","og_site_name":"Beebipood","article_modified_time":"2025-11-05T11:42:48+00:00","og_image":[{"width":2560,"height":1705,"url":"https:\/\/beebipood.ee\/wp-content\/uploads\/2025\/11\/domek_2_b_c_grafit-scaled.jpg","type":"image\/jpeg"}],"twitter_card":"summary_large_image","twitter_misc":{"\u041f\u0440\u0438\u043c\u0435\u0440\u043d\u043e\u0435 \u0432\u0440\u0435\u043c\u044f \u0434\u043b\u044f \u0447\u0442\u0435\u043d\u0438\u044f":"1 \u043c\u0438\u043d\u0443\u0442\u0430"},"schema":{"@context":"https:\/\/schema.org","@graph":[{"@type":"WebPage","@id":"https:\/\/beebipood.ee\/ru\/produkt\/majavoodi-domek-80x160-graphite\/","url":"https:\/\/beebipood.ee\/ru\/produkt\/majavoodi-domek-80x160-graphite\/","name":"Majavoodi Domi House Lux 80x160, grafiit, \u041a\u0440\u043e\u0432\u0430\u0442\u0438 \u0434\u043b\u044f \u0434\u0435\u0442\u0435\u0439 \u0438 \u043f\u043e\u0434\u0440\u043e\u0441\u0442\u043a\u043e\u0432, \u0428\u0438\u0440\u0438\u043d\u0430 80c\u043c, M\u0435\u0431\u0435\u043b\u044c, Beebipood","isPartOf":{"@id":"https:\/\/beebipood.ee\/ru\/#website"},"primaryImageOfPage":{"@id":"https:\/\/beebipood.ee\/ru\/produkt\/majavoodi-domek-80x160-graphite\/#primaryimage"},"image":{"@id":"https:\/\/beebipood.ee\/ru\/produkt\/majavoodi-domek-80x160-graphite\/#primaryimage"},"thumbnailUrl":"https:\/\/beebipood.ee\/wp-content\/uploads\/2025\/11\/domek_2_b_c_grafit-scaled.jpg","datePublished":"2025-11-05T11:40:37+00:00","dateModified":"2025-11-05T11:42:48+00:00","description":"Majavoodi Domi House Lux 80x160, grafiit, valmistatud m\u00e4nnipuidust, MDF'st ja m\u00f6\u00f6bliplaadistviimistluses on kasutatud vee baasil \u00f6k","breadcrumb":{"@id":"https:\/\/beebipood.ee\/ru\/produkt\/majavoodi-domek-80x160-graphite\/#breadcrumb"},"inLanguage":"ru-RU","potentialAction":[{"@type":"ReadAction","target":["https:\/\/beebipood.ee\/ru\/produkt\/majavoodi-domek-80x160-graphite\/"]}]},{"@type":"ImageObject","inLanguage":"ru-RU","@id":"https:\/\/beebipood.ee\/ru\/produkt\/majavoodi-domek-80x160-graphite\/#primaryimage","url":"https:\/\/beebipood.ee\/wp-content\/uploads\/2025\/11\/domek_2_b_c_grafit-scaled.jpg","contentUrl":"https:\/\/beebipood.ee\/wp-content\/uploads\/2025\/11\/domek_2_b_c_grafit-scaled.jpg","width":2560,"height":1705},{"@type":"BreadcrumbList","@id":"https:\/\/beebipood.ee\/ru\/produkt\/majavoodi-domek-80x160-graphite\/#breadcrumb","itemListElement":[{"@type":"ListItem","position":1,"name":"Home","item":"https:\/\/beebipood.ee\/ru\/"},{"@type":"ListItem","position":2,"name":"\u041a\u0430\u0442\u0430\u043b\u043e\u0433 \u0442\u043e\u0432\u0430\u0440\u043e\u0432","item":"https:\/\/beebipood.ee\/tooted\/"},{"@type":"ListItem","position":3,"name":"Majavoodi Domek 80&#215;160, graphite"}]},{"@type":"WebSite","@id":"https:\/\/beebipood.ee\/ru\/#website","url":"https:\/\/beebipood.ee\/ru\/","name":"Beebipood","description":"Lastekaubad, beebikaubad, m\u00e4nguasjad","publisher":{"@id":"https:\/\/beebipood.ee\/ru\/#organization"},"potentialAction":[{"@type":"SearchAction","target":{"@type":"EntryPoint","urlTemplate":"https:\/\/beebipood.ee\/ru\/?s={search_term_string}"},"query-input":{"@type":"PropertyValueSpecification","valueRequired":true,"valueName":"search_term_string"}}],"inLanguage":"ru-RU"},{"@type":"Organization","@id":"https:\/\/beebipood.ee\/ru\/#organization","name":"Beebipood","url":"https:\/\/beebipood.ee\/ru\/","logo":{"@type":"ImageObject","inLanguage":"ru-RU","@id":"https:\/\/beebipood.ee\/ru\/#\/schema\/logo\/image\/","url":"https:\/\/beebipood.ee\/wp-content\/uploads\/2025\/03\/beebipood.ee-logo-1.svg","contentUrl":"https:\/\/beebipood.ee\/wp-content\/uploads\/2025\/03\/beebipood.ee-logo-1.svg","caption":"Beebipood"},"image":{"@id":"https:\/\/beebipood.ee\/ru\/#\/schema\/logo\/image\/"}}]}},"brands":[],"_links":{"self":[{"href":"https:\/\/beebipood.ee\/ru\/wp-json\/wp\/v2\/product\/508835","targetHints":{"allow":["GET"]}}],"collection":[{"href":"https:\/\/beebipood.ee\/ru\/wp-json\/wp\/v2\/product"}],"about":[{"href":"https:\/\/beebipood.ee\/ru\/wp-json\/wp\/v2\/types\/product"}],"wp:featuredmedia":[{"embeddable":true,"href":"https:\/\/beebipood.ee\/ru\/wp-json\/wp\/v2\/media\/508839"}],"wp:attachment":[{"href":"https:\/\/beebipood.ee\/ru\/wp-json\/wp\/v2\/media?parent=508835"}],"wp:term":[{"taxonomy":"pwb-brand","embeddable":true,"href":"https:\/\/beebipood.ee\/ru\/wp-json\/wp\/v2\/pwb-brand?post=508835"},{"taxonomy":"product_brand","embeddable":true,"href":"https:\/\/beebipood.ee\/ru\/wp-json\/wp\/v2\/product_brand?post=508835"},{"taxonomy":"product_cat","embeddable":true,"href":"https:\/\/beebipood.ee\/ru\/wp-json\/wp\/v2\/product_cat?post=508835"},{"taxonomy":"product_tag","embeddable":true,"href":"https:\/\/beebipood.ee\/ru\/wp-json\/wp\/v2\/product_tag?post=508835"}],"curies":[{"name":"wp","href":"https:\/\/api.w.org\/{rel}","templated":true}]}}