{"id":508853,"date":"2025-11-06T13:56:29","date_gmt":"2025-11-06T11:56:29","guid":{"rendered":"https:\/\/beebipood.ee\/?post_type=product&#038;p=508853"},"modified":"2025-11-06T14:19:13","modified_gmt":"2025-11-06T12:19:13","slug":"raamaturiiul-retro-tamm","status":"publish","type":"product","link":"https:\/\/beebipood.ee\/ru\/produkt\/raamaturiiul-retro-tamm\/","title":{"rendered":"Raamaturiiul Retro, tamm"},"content":{"rendered":"<h3 data-start=\"293\" data-end=\"369\"><strong data-start=\"297\" data-end=\"369\">Retro raamaturiiul \u2013 praktiline ja stiilne lahendus lastetuppa<\/strong><\/h3>\n<p data-start=\"371\" data-end=\"703\">Lisa oma lapse tuppa <strong data-start=\"408\" data-end=\"439\">Retro raamaturiiul<\/strong>. See kauni disainiga riiul pakub <strong data-start=\"473\" data-end=\"493\">hoiuruumi<\/strong> raamatutele, m\u00e4nguasjadele ja teistele lemmikesemetele.<br data-start=\"549\" data-end=\"552\" \/>T\u00e4nu oma <strong data-start=\"561\" data-end=\"590\">universaalsele v\u00e4limusele<\/strong> sobib see suurep\u00e4raselt nii <strong data-start=\"619\" data-end=\"629\">poiste<\/strong> kui ka <strong data-start=\"637\" data-end=\"656\">t\u00fcdrukute tuppa<\/strong>, samuti ka <strong data-start=\"668\" data-end=\"683\">noortetuppa<\/strong> v\u00f5i <strong data-start=\"688\" data-end=\"702\">m\u00e4ngutuppa<\/strong>.<\/p>\n<p data-start=\"705\" data-end=\"1096\">Riiulil on <strong data-start=\"716\" data-end=\"739\">kolm avarat riiulit<\/strong> ja <strong data-start=\"743\" data-end=\"757\">\u00fcks sahtel<\/strong>, mille <strong data-start=\"765\" data-end=\"788\">kvaliteetsed siinid<\/strong> tagavad <strong data-start=\"797\" data-end=\"827\">vaikse ja sujuva sulgumise<\/strong>. Valmistatud <strong data-start=\"841\" data-end=\"883\">lamineeritud puitlaastplaadist (18 mm)<\/strong> ja <strong data-start=\"887\" data-end=\"915\">t\u00e4isp\u00f6\u00f6gipuust jalgadega<\/strong>, on see m\u00f6\u00f6bliese <strong data-start=\"934\" data-end=\"961\">vastupidav ja stabiilne<\/strong>.<br data-start=\"962\" data-end=\"965\" \/><strong data-start=\"965\" data-end=\"996\">Mustad metallist k\u00e4epidemed<\/strong> lisavad modernset kontrasti ning <strong data-start=\"1030\" data-end=\"1046\">retro disain<\/strong> sobib suurep\u00e4raselt erinevate sisustusstiilidega.<\/p>\n<p data-start=\"1098\" data-end=\"1427\"><strong data-start=\"1098\" data-end=\"1134\">Ohutu ja keskkonnas\u00f5bralik valik<\/strong> \u2013 tootmisel on kasutatud ainult <strong data-start=\"1167\" data-end=\"1209\">plaate<\/strong>, mis vastavad <strong data-start=\"1224\" data-end=\"1247\">EN16516 standardile<\/strong>.<br data-start=\"1248\" data-end=\"1251\" \/>Riiul tarnitakse <strong data-start=\"1268\" data-end=\"1299\">isekokkupandava komplektina<\/strong> ning komplektis on <strong data-start=\"1319\" data-end=\"1366\">seinale kinnitamiseks vajalikud kronsteinid<\/strong> (t\u00fc\u00fcblid tuleb osta eraldi vastavalt seina t\u00fc\u00fcbile).<\/p>\n<hr data-start=\"1429\" data-end=\"1432\" \/>\n<h4 data-start=\"1434\" data-end=\"1458\"><strong data-start=\"1439\" data-end=\"1458\">Toote omadused:<\/strong><\/h4>\n<ul data-start=\"1459\" data-end=\"1810\">\n<li data-start=\"1459\" data-end=\"1502\">\n<p data-start=\"1461\" data-end=\"1502\">3 avarat riiulit ja 1 praktiline sahtel<\/p>\n<\/li>\n<li data-start=\"1503\" data-end=\"1550\">\n<p data-start=\"1505\" data-end=\"1550\">Vaikselt ja sujuvalt sulguv <em>soft close<\/em> sahtlimehhanism<\/p>\n<\/li>\n<li data-start=\"1551\" data-end=\"1606\">\n<p data-start=\"1553\" data-end=\"1606\">T\u00e4isp\u00f6\u00f6gipuust jalad ja mustad metallist k\u00e4epidemed<\/p>\n<\/li>\n<li data-start=\"1607\" data-end=\"1657\">\n<p data-start=\"1609\" data-end=\"1657\">Vastupidav lamineeritud puitlaastplaat (18 mm)<\/p>\n<\/li>\n<li data-start=\"1658\" data-end=\"1711\">\n<p data-start=\"1660\" data-end=\"1711\">Ohutu materjalid<\/p>\n<\/li>\n<li data-start=\"1712\" data-end=\"1752\">\n<p data-start=\"1714\" data-end=\"1752\">Sobib nii poiste kui t\u00fcdrukute tuppa<\/p>\n<\/li>\n<li data-start=\"1753\" data-end=\"1810\">\n<p data-start=\"1755\" data-end=\"1810\">Lihtne kokku panna \u2013 k\u00f5ik vajalikud kinnitused kaasas<\/p>\n<\/li>\n<\/ul>\n<hr data-start=\"1812\" data-end=\"1815\" \/>\n<p data-start=\"1817\" data-end=\"1907\">\ud83e\udeb4 <strong data-start=\"1820\" data-end=\"1907\">Retro raamaturiiul \u2013 praktiline, ohutu ja ajatu m\u00f6\u00f6bliese, mis kasvab koos lapsega.<\/strong><\/p>\n","protected":false},"excerpt":{"rendered":"<p>Retro raamaturiiul \u2013 praktiline ja stiilne lahendus lastetuppa Lisa oma lapse tuppa Retro raamaturiiul. See kauni disainiga riiul pakub hoiuruumi raamatutele, m\u00e4nguasjadele ja teistele lemmikesemetele.T\u00e4nu oma universaalsele v\u00e4limusele sobib see suurep\u00e4raselt nii poiste kui ka t\u00fcdrukute tuppa, samuti ka noortetuppa v\u00f5i m\u00e4ngutuppa. Riiulil on kolm avarat riiulit ja \u00fcks sahtel, mille kvaliteetsed siinid tagavad vaikse [&hellip;]<\/p>\n","protected":false},"featured_media":508855,"template":"","meta":{"_acf_changed":false},"pwb-brand":[],"product_brand":[],"product_cat":[11637,11631,11789],"product_tag":[],"class_list":{"0":"post-508853","1":"product","2":"type-product","3":"status-publish","4":"has-post-thumbnail","6":"product_cat-raamaturiiulid-ru","7":"product_cat-kapid-riiulid-ru","8":"product_cat-lastemoobel-ja-sisustus-ru","10":"first","11":"onbackorder","12":"sale","13":"taxable","14":"shipping-taxable","15":"purchasable","16":"product-type-simple"},"exclude_global_add_ons":[],"addons":[],"acf":[],"yoast_head":"<!-- This site is optimized with the Yoast SEO plugin v27.3 - https:\/\/yoast.com\/product\/yoast-seo-wordpress\/ -->\n<title>Raamaturiiul Swing, \u0428\u043a\u0430\u0444\u044b, \u043f\u043e\u043b\u043a\u0438, \u041a\u043d\u0438\u0436\u043d\u044b\u0435 \u043f\u043e\u043b\u043a\u0438, M\u0435\u0431\u0435\u043b\u044c, Ha c\u043a\u043b\u0430\u0434\u0435, Beebipood<\/title>\n<meta name=\"description\" content=\"Raamaturiiul Swing, valmistatud: m\u00f6\u00f6bliplaat, MDF ja t\u00e4ispuitviimistlus: valge\/naturalsobib nii poisi kui t\u00fcdruku tuppa\" \/>\n<meta name=\"robots\" content=\"index, follow, max-snippet:-1, max-image-preview:large, max-video-preview:-1\" \/>\n<link rel=\"canonical\" href=\"https:\/\/beebipood.ee\/ru\/produkt\/raamaturiiul-retro-tamm\/\" \/>\n<meta property=\"og:locale\" content=\"ru_RU\" \/>\n<meta property=\"og:type\" content=\"article\" \/>\n<meta property=\"og:title\" content=\"Raamaturiiul Swing, \u0428\u043a\u0430\u0444\u044b, \u043f\u043e\u043b\u043a\u0438, \u041a\u043d\u0438\u0436\u043d\u044b\u0435 \u043f\u043e\u043b\u043a\u0438, M\u0435\u0431\u0435\u043b\u044c, Ha c\u043a\u043b\u0430\u0434\u0435, Beebipood\" \/>\n<meta property=\"og:description\" content=\"Raamaturiiul Swing, valmistatud: m\u00f6\u00f6bliplaat, MDF ja t\u00e4ispuitviimistlus: valge\/naturalsobib nii poisi kui t\u00fcdruku tuppa\" \/>\n<meta property=\"og:url\" content=\"https:\/\/beebipood.ee\/ru\/produkt\/raamaturiiul-retro-tamm\/\" \/>\n<meta property=\"og:site_name\" content=\"Beebipood\" \/>\n<meta property=\"article:modified_time\" content=\"2025-11-06T12:19:13+00:00\" \/>\n<meta property=\"og:image\" content=\"https:\/\/beebipood.ee\/wp-content\/uploads\/2025\/11\/retro_bookcase_oak_1-scaled.webp\" \/>\n\t<meta property=\"og:image:width\" content=\"2560\" \/>\n\t<meta property=\"og:image:height\" content=\"2560\" \/>\n\t<meta property=\"og:image:type\" content=\"image\/webp\" \/>\n<meta name=\"twitter:card\" content=\"summary_large_image\" \/>\n<meta name=\"twitter:label1\" content=\"\u041f\u0440\u0438\u043c\u0435\u0440\u043d\u043e\u0435 \u0432\u0440\u0435\u043c\u044f \u0434\u043b\u044f \u0447\u0442\u0435\u043d\u0438\u044f\" \/>\n\t<meta name=\"twitter:data1\" content=\"2 \u043c\u0438\u043d\u0443\u0442\u044b\" \/>\n<script type=\"application\/ld+json\" class=\"yoast-schema-graph\">{\"@context\":\"https:\\\/\\\/schema.org\",\"@graph\":[{\"@type\":\"WebPage\",\"@id\":\"https:\\\/\\\/beebipood.ee\\\/ru\\\/produkt\\\/raamaturiiul-retro-tamm\\\/\",\"url\":\"https:\\\/\\\/beebipood.ee\\\/ru\\\/produkt\\\/raamaturiiul-retro-tamm\\\/\",\"name\":\"Raamaturiiul Swing, \u0428\u043a\u0430\u0444\u044b, \u043f\u043e\u043b\u043a\u0438, \u041a\u043d\u0438\u0436\u043d\u044b\u0435 \u043f\u043e\u043b\u043a\u0438, M\u0435\u0431\u0435\u043b\u044c, Ha c\u043a\u043b\u0430\u0434\u0435, Beebipood\",\"isPartOf\":{\"@id\":\"https:\\\/\\\/beebipood.ee\\\/ru\\\/#website\"},\"primaryImageOfPage\":{\"@id\":\"https:\\\/\\\/beebipood.ee\\\/ru\\\/produkt\\\/raamaturiiul-retro-tamm\\\/#primaryimage\"},\"image\":{\"@id\":\"https:\\\/\\\/beebipood.ee\\\/ru\\\/produkt\\\/raamaturiiul-retro-tamm\\\/#primaryimage\"},\"thumbnailUrl\":\"https:\\\/\\\/beebipood.ee\\\/wp-content\\\/uploads\\\/2025\\\/11\\\/retro_bookcase_oak_1-scaled.webp\",\"datePublished\":\"2025-11-06T11:56:29+00:00\",\"dateModified\":\"2025-11-06T12:19:13+00:00\",\"description\":\"Raamaturiiul Swing, valmistatud: m\u00f6\u00f6bliplaat, MDF ja t\u00e4ispuitviimistlus: valge\\\/naturalsobib nii poisi kui t\u00fcdruku tuppa\",\"breadcrumb\":{\"@id\":\"https:\\\/\\\/beebipood.ee\\\/ru\\\/produkt\\\/raamaturiiul-retro-tamm\\\/#breadcrumb\"},\"inLanguage\":\"ru-RU\",\"potentialAction\":[{\"@type\":\"ReadAction\",\"target\":[\"https:\\\/\\\/beebipood.ee\\\/ru\\\/produkt\\\/raamaturiiul-retro-tamm\\\/\"]}]},{\"@type\":\"ImageObject\",\"inLanguage\":\"ru-RU\",\"@id\":\"https:\\\/\\\/beebipood.ee\\\/ru\\\/produkt\\\/raamaturiiul-retro-tamm\\\/#primaryimage\",\"url\":\"https:\\\/\\\/beebipood.ee\\\/wp-content\\\/uploads\\\/2025\\\/11\\\/retro_bookcase_oak_1-scaled.webp\",\"contentUrl\":\"https:\\\/\\\/beebipood.ee\\\/wp-content\\\/uploads\\\/2025\\\/11\\\/retro_bookcase_oak_1-scaled.webp\",\"width\":2560,\"height\":2560},{\"@type\":\"BreadcrumbList\",\"@id\":\"https:\\\/\\\/beebipood.ee\\\/ru\\\/produkt\\\/raamaturiiul-retro-tamm\\\/#breadcrumb\",\"itemListElement\":[{\"@type\":\"ListItem\",\"position\":1,\"name\":\"Home\",\"item\":\"https:\\\/\\\/beebipood.ee\\\/ru\\\/\"},{\"@type\":\"ListItem\",\"position\":2,\"name\":\"\u041a\u0430\u0442\u0430\u043b\u043e\u0433 \u0442\u043e\u0432\u0430\u0440\u043e\u0432\",\"item\":\"https:\\\/\\\/beebipood.ee\\\/tooted\\\/\"},{\"@type\":\"ListItem\",\"position\":3,\"name\":\"Raamaturiiul Retro, tamm\"}]},{\"@type\":\"WebSite\",\"@id\":\"https:\\\/\\\/beebipood.ee\\\/ru\\\/#website\",\"url\":\"https:\\\/\\\/beebipood.ee\\\/ru\\\/\",\"name\":\"Beebipood\",\"description\":\"Lastekaubad, beebikaubad, m\u00e4nguasjad\",\"publisher\":{\"@id\":\"https:\\\/\\\/beebipood.ee\\\/ru\\\/#organization\"},\"potentialAction\":[{\"@type\":\"SearchAction\",\"target\":{\"@type\":\"EntryPoint\",\"urlTemplate\":\"https:\\\/\\\/beebipood.ee\\\/ru\\\/?s={search_term_string}\"},\"query-input\":{\"@type\":\"PropertyValueSpecification\",\"valueRequired\":true,\"valueName\":\"search_term_string\"}}],\"inLanguage\":\"ru-RU\"},{\"@type\":\"Organization\",\"@id\":\"https:\\\/\\\/beebipood.ee\\\/ru\\\/#organization\",\"name\":\"Beebipood\",\"url\":\"https:\\\/\\\/beebipood.ee\\\/ru\\\/\",\"logo\":{\"@type\":\"ImageObject\",\"inLanguage\":\"ru-RU\",\"@id\":\"https:\\\/\\\/beebipood.ee\\\/ru\\\/#\\\/schema\\\/logo\\\/image\\\/\",\"url\":\"https:\\\/\\\/beebipood.ee\\\/wp-content\\\/uploads\\\/2025\\\/03\\\/beebipood.ee-logo-1.svg\",\"contentUrl\":\"https:\\\/\\\/beebipood.ee\\\/wp-content\\\/uploads\\\/2025\\\/03\\\/beebipood.ee-logo-1.svg\",\"caption\":\"Beebipood\"},\"image\":{\"@id\":\"https:\\\/\\\/beebipood.ee\\\/ru\\\/#\\\/schema\\\/logo\\\/image\\\/\"}}]}<\/script>\n<!-- \/ Yoast SEO plugin. -->","yoast_head_json":{"title":"Raamaturiiul Swing, \u0428\u043a\u0430\u0444\u044b, \u043f\u043e\u043b\u043a\u0438, \u041a\u043d\u0438\u0436\u043d\u044b\u0435 \u043f\u043e\u043b\u043a\u0438, M\u0435\u0431\u0435\u043b\u044c, Ha c\u043a\u043b\u0430\u0434\u0435, Beebipood","description":"Raamaturiiul Swing, valmistatud: m\u00f6\u00f6bliplaat, MDF ja t\u00e4ispuitviimistlus: valge\/naturalsobib nii poisi kui t\u00fcdruku tuppa","robots":{"index":"index","follow":"follow","max-snippet":"max-snippet:-1","max-image-preview":"max-image-preview:large","max-video-preview":"max-video-preview:-1"},"canonical":"https:\/\/beebipood.ee\/ru\/produkt\/raamaturiiul-retro-tamm\/","og_locale":"ru_RU","og_type":"article","og_title":"Raamaturiiul Swing, \u0428\u043a\u0430\u0444\u044b, \u043f\u043e\u043b\u043a\u0438, \u041a\u043d\u0438\u0436\u043d\u044b\u0435 \u043f\u043e\u043b\u043a\u0438, M\u0435\u0431\u0435\u043b\u044c, Ha c\u043a\u043b\u0430\u0434\u0435, Beebipood","og_description":"Raamaturiiul Swing, valmistatud: m\u00f6\u00f6bliplaat, MDF ja t\u00e4ispuitviimistlus: valge\/naturalsobib nii poisi kui t\u00fcdruku tuppa","og_url":"https:\/\/beebipood.ee\/ru\/produkt\/raamaturiiul-retro-tamm\/","og_site_name":"Beebipood","article_modified_time":"2025-11-06T12:19:13+00:00","og_image":[{"width":2560,"height":2560,"url":"https:\/\/beebipood.ee\/wp-content\/uploads\/2025\/11\/retro_bookcase_oak_1-scaled.webp","type":"image\/webp"}],"twitter_card":"summary_large_image","twitter_misc":{"\u041f\u0440\u0438\u043c\u0435\u0440\u043d\u043e\u0435 \u0432\u0440\u0435\u043c\u044f \u0434\u043b\u044f \u0447\u0442\u0435\u043d\u0438\u044f":"2 \u043c\u0438\u043d\u0443\u0442\u044b"},"schema":{"@context":"https:\/\/schema.org","@graph":[{"@type":"WebPage","@id":"https:\/\/beebipood.ee\/ru\/produkt\/raamaturiiul-retro-tamm\/","url":"https:\/\/beebipood.ee\/ru\/produkt\/raamaturiiul-retro-tamm\/","name":"Raamaturiiul Swing, \u0428\u043a\u0430\u0444\u044b, \u043f\u043e\u043b\u043a\u0438, \u041a\u043d\u0438\u0436\u043d\u044b\u0435 \u043f\u043e\u043b\u043a\u0438, M\u0435\u0431\u0435\u043b\u044c, Ha c\u043a\u043b\u0430\u0434\u0435, Beebipood","isPartOf":{"@id":"https:\/\/beebipood.ee\/ru\/#website"},"primaryImageOfPage":{"@id":"https:\/\/beebipood.ee\/ru\/produkt\/raamaturiiul-retro-tamm\/#primaryimage"},"image":{"@id":"https:\/\/beebipood.ee\/ru\/produkt\/raamaturiiul-retro-tamm\/#primaryimage"},"thumbnailUrl":"https:\/\/beebipood.ee\/wp-content\/uploads\/2025\/11\/retro_bookcase_oak_1-scaled.webp","datePublished":"2025-11-06T11:56:29+00:00","dateModified":"2025-11-06T12:19:13+00:00","description":"Raamaturiiul Swing, valmistatud: m\u00f6\u00f6bliplaat, MDF ja t\u00e4ispuitviimistlus: valge\/naturalsobib nii poisi kui t\u00fcdruku tuppa","breadcrumb":{"@id":"https:\/\/beebipood.ee\/ru\/produkt\/raamaturiiul-retro-tamm\/#breadcrumb"},"inLanguage":"ru-RU","potentialAction":[{"@type":"ReadAction","target":["https:\/\/beebipood.ee\/ru\/produkt\/raamaturiiul-retro-tamm\/"]}]},{"@type":"ImageObject","inLanguage":"ru-RU","@id":"https:\/\/beebipood.ee\/ru\/produkt\/raamaturiiul-retro-tamm\/#primaryimage","url":"https:\/\/beebipood.ee\/wp-content\/uploads\/2025\/11\/retro_bookcase_oak_1-scaled.webp","contentUrl":"https:\/\/beebipood.ee\/wp-content\/uploads\/2025\/11\/retro_bookcase_oak_1-scaled.webp","width":2560,"height":2560},{"@type":"BreadcrumbList","@id":"https:\/\/beebipood.ee\/ru\/produkt\/raamaturiiul-retro-tamm\/#breadcrumb","itemListElement":[{"@type":"ListItem","position":1,"name":"Home","item":"https:\/\/beebipood.ee\/ru\/"},{"@type":"ListItem","position":2,"name":"\u041a\u0430\u0442\u0430\u043b\u043e\u0433 \u0442\u043e\u0432\u0430\u0440\u043e\u0432","item":"https:\/\/beebipood.ee\/tooted\/"},{"@type":"ListItem","position":3,"name":"Raamaturiiul Retro, tamm"}]},{"@type":"WebSite","@id":"https:\/\/beebipood.ee\/ru\/#website","url":"https:\/\/beebipood.ee\/ru\/","name":"Beebipood","description":"Lastekaubad, beebikaubad, m\u00e4nguasjad","publisher":{"@id":"https:\/\/beebipood.ee\/ru\/#organization"},"potentialAction":[{"@type":"SearchAction","target":{"@type":"EntryPoint","urlTemplate":"https:\/\/beebipood.ee\/ru\/?s={search_term_string}"},"query-input":{"@type":"PropertyValueSpecification","valueRequired":true,"valueName":"search_term_string"}}],"inLanguage":"ru-RU"},{"@type":"Organization","@id":"https:\/\/beebipood.ee\/ru\/#organization","name":"Beebipood","url":"https:\/\/beebipood.ee\/ru\/","logo":{"@type":"ImageObject","inLanguage":"ru-RU","@id":"https:\/\/beebipood.ee\/ru\/#\/schema\/logo\/image\/","url":"https:\/\/beebipood.ee\/wp-content\/uploads\/2025\/03\/beebipood.ee-logo-1.svg","contentUrl":"https:\/\/beebipood.ee\/wp-content\/uploads\/2025\/03\/beebipood.ee-logo-1.svg","caption":"Beebipood"},"image":{"@id":"https:\/\/beebipood.ee\/ru\/#\/schema\/logo\/image\/"}}]}},"brands":[],"_links":{"self":[{"href":"https:\/\/beebipood.ee\/ru\/wp-json\/wp\/v2\/product\/508853","targetHints":{"allow":["GET"]}}],"collection":[{"href":"https:\/\/beebipood.ee\/ru\/wp-json\/wp\/v2\/product"}],"about":[{"href":"https:\/\/beebipood.ee\/ru\/wp-json\/wp\/v2\/types\/product"}],"wp:featuredmedia":[{"embeddable":true,"href":"https:\/\/beebipood.ee\/ru\/wp-json\/wp\/v2\/media\/508855"}],"wp:attachment":[{"href":"https:\/\/beebipood.ee\/ru\/wp-json\/wp\/v2\/media?parent=508853"}],"wp:term":[{"taxonomy":"pwb-brand","embeddable":true,"href":"https:\/\/beebipood.ee\/ru\/wp-json\/wp\/v2\/pwb-brand?post=508853"},{"taxonomy":"product_brand","embeddable":true,"href":"https:\/\/beebipood.ee\/ru\/wp-json\/wp\/v2\/product_brand?post=508853"},{"taxonomy":"product_cat","embeddable":true,"href":"https:\/\/beebipood.ee\/ru\/wp-json\/wp\/v2\/product_cat?post=508853"},{"taxonomy":"product_tag","embeddable":true,"href":"https:\/\/beebipood.ee\/ru\/wp-json\/wp\/v2\/product_tag?post=508853"}],"curies":[{"name":"wp","href":"https:\/\/api.w.org\/{rel}","templated":true}]}}