{"id":508863,"date":"2025-11-06T14:34:13","date_gmt":"2025-11-06T12:34:13","guid":{"rendered":"https:\/\/beebipood.ee\/?post_type=product&#038;p=508863"},"modified":"2025-11-06T14:42:28","modified_gmt":"2025-11-06T12:42:28","slug":"riidekapp-retro-kolme-uksega-tamm","status":"publish","type":"product","link":"https:\/\/beebipood.ee\/ru\/produkt\/riidekapp-retro-kolme-uksega-tamm\/","title":{"rendered":"Riidekapp Retro kolme uksega, tamm"},"content":{"rendered":"<h3 data-start=\"1320\" data-end=\"1397\"><strong data-start=\"1324\" data-end=\"1397\">Retro 3-ukseline riidekapp \u2013 praktiline ja ajatu m\u00f6\u00f6bliese lastetuppa<\/strong><\/h3>\n<p data-start=\"1399\" data-end=\"1677\">Too oma lapse tuppa kord ja stiil <strong data-start=\"1433\" data-end=\"1465\">Retro 3-ukselise riidekapiga<\/strong>, mis \u00fchendab <strong data-start=\"1479\" data-end=\"1536\">funktsionaalsuse, kvaliteedi ja modernse loft-disaini<\/strong>.<br data-start=\"1537\" data-end=\"1540\" \/>See mahukas riidekapp pakub piisavalt hoiuruumi riietele, m\u00e4nguasjadele ja muudele esemetele, aidates hoida lapse toa korras ja hubasena.<\/p>\n<p data-start=\"1679\" data-end=\"1767\">Kapi sees on <strong data-start=\"1692\" data-end=\"1724\">riidestange ja mitu riiulit<\/strong>, mis v\u00f5imaldavad nutikat ruumikasutust \u2013<\/p>\n<ul data-start=\"1768\" data-end=\"1856\">\n<li data-start=\"1768\" data-end=\"1820\">\n<p data-start=\"1770\" data-end=\"1820\"><strong data-start=\"1770\" data-end=\"1802\">kaks riiulit ja riidestange <\/strong>kahe ukse taga,<\/p>\n<\/li>\n<li data-start=\"1821\" data-end=\"1856\">\n<p data-start=\"1823\" data-end=\"1856\"><strong data-start=\"1823\" data-end=\"1839\">kolm riiulit<\/strong> \u00fche ukse taga.<\/p>\n<\/li>\n<\/ul>\n<p data-start=\"1858\" data-end=\"2126\">Kapp sobib <strong data-start=\"1869\" data-end=\"1911\">vasaku- v\u00f5i parempoolseks paigalduseks<\/strong>, et see sobiks ideaalselt igasse ruumi. Lisaks on kapil <strong data-start=\"1968\" data-end=\"1990\">kaks suurt sahtlit<\/strong>, millel on <strong data-start=\"2002\" data-end=\"2025\">kvaliteetsed siinid<\/strong>, mis tagavad <strong data-start=\"2039\" data-end=\"2073\">vaikse ja automaatse sulgumise<\/strong>. Soovi korral saab juurde tellida ka <strong data-start=\"2111\" data-end=\"2125\">lisariiuli<\/strong>.<\/p>\n<p data-start=\"2128\" data-end=\"2341\">Valmistatud <strong data-start=\"2140\" data-end=\"2182\">lamineeritud puitlaastplaadist (18 mm)<\/strong> ja <strong data-start=\"2186\" data-end=\"2214\">t\u00e4isp\u00f6\u00f6gipuust jalgadega<\/strong>, on see riidekapp <strong data-start=\"2233\" data-end=\"2260\">vastupidav ja stabiilne<\/strong>. <strong data-start=\"2262\" data-end=\"2293\">Mustad metallist k\u00e4epidemed<\/strong> annavad kapile elegantse retroh\u00f5ngulise ilme.<\/p>\n<p data-start=\"2343\" data-end=\"2529\">Tootmisel on kasutatud ainult <strong data-start=\"2373\" data-end=\"2415\">\u00a0plaate<\/strong>, mis vastavad <strong data-start=\"2430\" data-end=\"2453\">EN16516 standardile<\/strong>, tagades <strong data-start=\"2463\" data-end=\"2492\">ohutu ja tervises\u00f5braliku<\/strong> m\u00f6\u00f6blieseme laste ja perede jaoks.<\/p>\n<p data-start=\"2531\" data-end=\"2688\">Kapp tarnitakse <strong data-start=\"2547\" data-end=\"2578\">isekokkupandava komplektina<\/strong> koos <strong data-start=\"2584\" data-end=\"2633\">seinale kinnitamiseks vajalike kronsteinidega<\/strong> (t\u00fc\u00fcblid tuleb osta eraldi vastavalt seinale).<\/p>\n<hr data-start=\"2690\" data-end=\"2693\" \/>\n<h4 data-start=\"2695\" data-end=\"2719\"><strong data-start=\"2700\" data-end=\"2719\">Toote omadused:<\/strong><\/h4>\n<ul data-start=\"2720\" data-end=\"3103\">\n<li data-start=\"2720\" data-end=\"2749\">\n<p data-start=\"2722\" data-end=\"2749\">3 ust ja 2 avarat sahtlit<\/p>\n<\/li>\n<li data-start=\"2750\" data-end=\"2793\">\n<p data-start=\"2752\" data-end=\"2793\">Vaikselt ja automaatselt sulguv <em>soft close<\/em> s\u00fcsteem<\/p>\n<\/li>\n<li data-start=\"2794\" data-end=\"2853\">\n<p data-start=\"2796\" data-end=\"2853\">Reguleeritav paigaldus: vasak- v\u00f5i parempoolne versioon<\/p>\n<\/li>\n<li data-start=\"2854\" data-end=\"2883\">\n<p data-start=\"2856\" data-end=\"2883\">Lisariiul saadaval eraldi<\/p>\n<\/li>\n<li data-start=\"2884\" data-end=\"2939\">\n<p data-start=\"2886\" data-end=\"2939\">T\u00e4isp\u00f6\u00f6gipuust jalad ja mustad metallist k\u00e4epidemed<\/p>\n<\/li>\n<li data-start=\"2940\" data-end=\"2975\">\n<p data-start=\"2942\" data-end=\"2975\">Vastupidav 18 mm puitlaastplaat<\/p>\n<\/li>\n<li data-start=\"2976\" data-end=\"3039\">\n<p data-start=\"2978\" data-end=\"3039\">Ohutud materjalid (EN16516)<\/p>\n<\/li>\n<li data-start=\"3040\" data-end=\"3080\">\n<p data-start=\"3042\" data-end=\"3080\">Sobib nii poiste kui t\u00fcdrukute tuppa<\/p>\n<\/li>\n<li data-start=\"3081\" data-end=\"3103\">\n<p data-start=\"3083\" data-end=\"3103\">Lihtne kokku panna<\/p>\n<\/li>\n<\/ul>\n<hr data-start=\"3105\" data-end=\"3108\" \/>\n<p data-start=\"3110\" data-end=\"3207\">\ud83d\udc55 <strong data-start=\"3113\" data-end=\"3207\">Retro 3-ukseline riidekapp \u2013 stiilne, turvaline ja funktsionaalne valik igasse lastetuppa.<\/strong><\/p>\n","protected":false},"excerpt":{"rendered":"<p>Retro 3-ukseline riidekapp \u2013 praktiline ja ajatu m\u00f6\u00f6bliese lastetuppa Too oma lapse tuppa kord ja stiil Retro 3-ukselise riidekapiga, mis \u00fchendab funktsionaalsuse, kvaliteedi ja modernse loft-disaini.See mahukas riidekapp pakub piisavalt hoiuruumi riietele, m\u00e4nguasjadele ja muudele esemetele, aidates hoida lapse toa korras ja hubasena. Kapi sees on riidestange ja mitu riiulit, mis v\u00f5imaldavad nutikat ruumikasutust \u2013 [&hellip;]<\/p>\n","protected":false},"featured_media":508867,"template":"","meta":{"_acf_changed":false},"pwb-brand":[],"product_brand":[],"product_cat":[11633,11631,11789],"product_tag":[],"class_list":{"0":"post-508863","1":"product","2":"type-product","3":"status-publish","4":"has-post-thumbnail","6":"product_cat-riidekapid-ru","7":"product_cat-kapid-riiulid-ru","8":"product_cat-lastemoobel-ja-sisustus-ru","10":"first","11":"onbackorder","12":"sale","13":"taxable","14":"shipping-taxable","15":"purchasable","16":"product-type-simple"},"exclude_global_add_ons":[],"addons":[],"acf":[],"yoast_head":"<!-- This site is optimized with the Yoast SEO plugin v27.3 - https:\/\/yoast.com\/product\/yoast-seo-wordpress\/ -->\n<title>Riidekapp Swing kolme uksega, \u0428\u043a\u0430\u0444\u044b, \u043f\u043e\u043b\u043a\u0438, \u041f\u043b\u0430\u0442\u044f\u043d\u044b\u0435 \u0448\u043a\u0430\u0444\u044b, M\u0435\u0431\u0435\u043b\u044c, Beebipood<\/title>\n<meta name=\"description\" content=\"Riidekapp Swing kolme uksega, m\u00f6\u00f6bliplaat, MDF ja t\u00e4ispuitviimistlus: valge\/naturalsobib nii poisi kui t\u00fcdruku tuppaval\" \/>\n<meta name=\"robots\" content=\"index, follow, max-snippet:-1, max-image-preview:large, max-video-preview:-1\" \/>\n<link rel=\"canonical\" href=\"https:\/\/beebipood.ee\/ru\/produkt\/riidekapp-retro-kolme-uksega-tamm\/\" \/>\n<meta property=\"og:locale\" content=\"ru_RU\" \/>\n<meta property=\"og:type\" content=\"article\" \/>\n<meta property=\"og:title\" content=\"Riidekapp Swing kolme uksega, \u0428\u043a\u0430\u0444\u044b, \u043f\u043e\u043b\u043a\u0438, \u041f\u043b\u0430\u0442\u044f\u043d\u044b\u0435 \u0448\u043a\u0430\u0444\u044b, M\u0435\u0431\u0435\u043b\u044c, Beebipood\" \/>\n<meta property=\"og:description\" content=\"Riidekapp Swing kolme uksega, m\u00f6\u00f6bliplaat, MDF ja t\u00e4ispuitviimistlus: valge\/naturalsobib nii poisi kui t\u00fcdruku tuppaval\" \/>\n<meta property=\"og:url\" content=\"https:\/\/beebipood.ee\/ru\/produkt\/riidekapp-retro-kolme-uksega-tamm\/\" \/>\n<meta property=\"og:site_name\" content=\"Beebipood\" \/>\n<meta property=\"article:modified_time\" content=\"2025-11-06T12:42:28+00:00\" \/>\n<meta property=\"og:image\" content=\"https:\/\/beebipood.ee\/wp-content\/uploads\/2025\/11\/retro_3door-wardrobe_oak_2-scaled.webp\" \/>\n\t<meta property=\"og:image:width\" content=\"2560\" \/>\n\t<meta property=\"og:image:height\" content=\"2560\" \/>\n\t<meta property=\"og:image:type\" content=\"image\/webp\" \/>\n<meta name=\"twitter:card\" content=\"summary_large_image\" \/>\n<meta name=\"twitter:label1\" content=\"\u041f\u0440\u0438\u043c\u0435\u0440\u043d\u043e\u0435 \u0432\u0440\u0435\u043c\u044f \u0434\u043b\u044f \u0447\u0442\u0435\u043d\u0438\u044f\" \/>\n\t<meta name=\"twitter:data1\" content=\"2 \u043c\u0438\u043d\u0443\u0442\u044b\" \/>\n<script type=\"application\/ld+json\" class=\"yoast-schema-graph\">{\"@context\":\"https:\\\/\\\/schema.org\",\"@graph\":[{\"@type\":\"WebPage\",\"@id\":\"https:\\\/\\\/beebipood.ee\\\/ru\\\/produkt\\\/riidekapp-retro-kolme-uksega-tamm\\\/\",\"url\":\"https:\\\/\\\/beebipood.ee\\\/ru\\\/produkt\\\/riidekapp-retro-kolme-uksega-tamm\\\/\",\"name\":\"Riidekapp Swing kolme uksega, \u0428\u043a\u0430\u0444\u044b, \u043f\u043e\u043b\u043a\u0438, \u041f\u043b\u0430\u0442\u044f\u043d\u044b\u0435 \u0448\u043a\u0430\u0444\u044b, M\u0435\u0431\u0435\u043b\u044c, Beebipood\",\"isPartOf\":{\"@id\":\"https:\\\/\\\/beebipood.ee\\\/ru\\\/#website\"},\"primaryImageOfPage\":{\"@id\":\"https:\\\/\\\/beebipood.ee\\\/ru\\\/produkt\\\/riidekapp-retro-kolme-uksega-tamm\\\/#primaryimage\"},\"image\":{\"@id\":\"https:\\\/\\\/beebipood.ee\\\/ru\\\/produkt\\\/riidekapp-retro-kolme-uksega-tamm\\\/#primaryimage\"},\"thumbnailUrl\":\"https:\\\/\\\/beebipood.ee\\\/wp-content\\\/uploads\\\/2025\\\/11\\\/retro_3door-wardrobe_oak_2-scaled.webp\",\"datePublished\":\"2025-11-06T12:34:13+00:00\",\"dateModified\":\"2025-11-06T12:42:28+00:00\",\"description\":\"Riidekapp Swing kolme uksega, m\u00f6\u00f6bliplaat, MDF ja t\u00e4ispuitviimistlus: valge\\\/naturalsobib nii poisi kui t\u00fcdruku tuppaval\",\"breadcrumb\":{\"@id\":\"https:\\\/\\\/beebipood.ee\\\/ru\\\/produkt\\\/riidekapp-retro-kolme-uksega-tamm\\\/#breadcrumb\"},\"inLanguage\":\"ru-RU\",\"potentialAction\":[{\"@type\":\"ReadAction\",\"target\":[\"https:\\\/\\\/beebipood.ee\\\/ru\\\/produkt\\\/riidekapp-retro-kolme-uksega-tamm\\\/\"]}]},{\"@type\":\"ImageObject\",\"inLanguage\":\"ru-RU\",\"@id\":\"https:\\\/\\\/beebipood.ee\\\/ru\\\/produkt\\\/riidekapp-retro-kolme-uksega-tamm\\\/#primaryimage\",\"url\":\"https:\\\/\\\/beebipood.ee\\\/wp-content\\\/uploads\\\/2025\\\/11\\\/retro_3door-wardrobe_oak_2-scaled.webp\",\"contentUrl\":\"https:\\\/\\\/beebipood.ee\\\/wp-content\\\/uploads\\\/2025\\\/11\\\/retro_3door-wardrobe_oak_2-scaled.webp\",\"width\":2560,\"height\":2560},{\"@type\":\"BreadcrumbList\",\"@id\":\"https:\\\/\\\/beebipood.ee\\\/ru\\\/produkt\\\/riidekapp-retro-kolme-uksega-tamm\\\/#breadcrumb\",\"itemListElement\":[{\"@type\":\"ListItem\",\"position\":1,\"name\":\"Home\",\"item\":\"https:\\\/\\\/beebipood.ee\\\/ru\\\/\"},{\"@type\":\"ListItem\",\"position\":2,\"name\":\"\u041a\u0430\u0442\u0430\u043b\u043e\u0433 \u0442\u043e\u0432\u0430\u0440\u043e\u0432\",\"item\":\"https:\\\/\\\/beebipood.ee\\\/tooted\\\/\"},{\"@type\":\"ListItem\",\"position\":3,\"name\":\"Riidekapp Retro kolme uksega, tamm\"}]},{\"@type\":\"WebSite\",\"@id\":\"https:\\\/\\\/beebipood.ee\\\/ru\\\/#website\",\"url\":\"https:\\\/\\\/beebipood.ee\\\/ru\\\/\",\"name\":\"Beebipood\",\"description\":\"Lastekaubad, beebikaubad, m\u00e4nguasjad\",\"publisher\":{\"@id\":\"https:\\\/\\\/beebipood.ee\\\/ru\\\/#organization\"},\"potentialAction\":[{\"@type\":\"SearchAction\",\"target\":{\"@type\":\"EntryPoint\",\"urlTemplate\":\"https:\\\/\\\/beebipood.ee\\\/ru\\\/?s={search_term_string}\"},\"query-input\":{\"@type\":\"PropertyValueSpecification\",\"valueRequired\":true,\"valueName\":\"search_term_string\"}}],\"inLanguage\":\"ru-RU\"},{\"@type\":\"Organization\",\"@id\":\"https:\\\/\\\/beebipood.ee\\\/ru\\\/#organization\",\"name\":\"Beebipood\",\"url\":\"https:\\\/\\\/beebipood.ee\\\/ru\\\/\",\"logo\":{\"@type\":\"ImageObject\",\"inLanguage\":\"ru-RU\",\"@id\":\"https:\\\/\\\/beebipood.ee\\\/ru\\\/#\\\/schema\\\/logo\\\/image\\\/\",\"url\":\"https:\\\/\\\/beebipood.ee\\\/wp-content\\\/uploads\\\/2025\\\/03\\\/beebipood.ee-logo-1.svg\",\"contentUrl\":\"https:\\\/\\\/beebipood.ee\\\/wp-content\\\/uploads\\\/2025\\\/03\\\/beebipood.ee-logo-1.svg\",\"caption\":\"Beebipood\"},\"image\":{\"@id\":\"https:\\\/\\\/beebipood.ee\\\/ru\\\/#\\\/schema\\\/logo\\\/image\\\/\"}}]}<\/script>\n<!-- \/ Yoast SEO plugin. -->","yoast_head_json":{"title":"Riidekapp Swing kolme uksega, \u0428\u043a\u0430\u0444\u044b, \u043f\u043e\u043b\u043a\u0438, \u041f\u043b\u0430\u0442\u044f\u043d\u044b\u0435 \u0448\u043a\u0430\u0444\u044b, M\u0435\u0431\u0435\u043b\u044c, Beebipood","description":"Riidekapp Swing kolme uksega, m\u00f6\u00f6bliplaat, MDF ja t\u00e4ispuitviimistlus: valge\/naturalsobib nii poisi kui t\u00fcdruku tuppaval","robots":{"index":"index","follow":"follow","max-snippet":"max-snippet:-1","max-image-preview":"max-image-preview:large","max-video-preview":"max-video-preview:-1"},"canonical":"https:\/\/beebipood.ee\/ru\/produkt\/riidekapp-retro-kolme-uksega-tamm\/","og_locale":"ru_RU","og_type":"article","og_title":"Riidekapp Swing kolme uksega, \u0428\u043a\u0430\u0444\u044b, \u043f\u043e\u043b\u043a\u0438, \u041f\u043b\u0430\u0442\u044f\u043d\u044b\u0435 \u0448\u043a\u0430\u0444\u044b, M\u0435\u0431\u0435\u043b\u044c, Beebipood","og_description":"Riidekapp Swing kolme uksega, m\u00f6\u00f6bliplaat, MDF ja t\u00e4ispuitviimistlus: valge\/naturalsobib nii poisi kui t\u00fcdruku tuppaval","og_url":"https:\/\/beebipood.ee\/ru\/produkt\/riidekapp-retro-kolme-uksega-tamm\/","og_site_name":"Beebipood","article_modified_time":"2025-11-06T12:42:28+00:00","og_image":[{"width":2560,"height":2560,"url":"https:\/\/beebipood.ee\/wp-content\/uploads\/2025\/11\/retro_3door-wardrobe_oak_2-scaled.webp","type":"image\/webp"}],"twitter_card":"summary_large_image","twitter_misc":{"\u041f\u0440\u0438\u043c\u0435\u0440\u043d\u043e\u0435 \u0432\u0440\u0435\u043c\u044f \u0434\u043b\u044f \u0447\u0442\u0435\u043d\u0438\u044f":"2 \u043c\u0438\u043d\u0443\u0442\u044b"},"schema":{"@context":"https:\/\/schema.org","@graph":[{"@type":"WebPage","@id":"https:\/\/beebipood.ee\/ru\/produkt\/riidekapp-retro-kolme-uksega-tamm\/","url":"https:\/\/beebipood.ee\/ru\/produkt\/riidekapp-retro-kolme-uksega-tamm\/","name":"Riidekapp Swing kolme uksega, \u0428\u043a\u0430\u0444\u044b, \u043f\u043e\u043b\u043a\u0438, \u041f\u043b\u0430\u0442\u044f\u043d\u044b\u0435 \u0448\u043a\u0430\u0444\u044b, M\u0435\u0431\u0435\u043b\u044c, Beebipood","isPartOf":{"@id":"https:\/\/beebipood.ee\/ru\/#website"},"primaryImageOfPage":{"@id":"https:\/\/beebipood.ee\/ru\/produkt\/riidekapp-retro-kolme-uksega-tamm\/#primaryimage"},"image":{"@id":"https:\/\/beebipood.ee\/ru\/produkt\/riidekapp-retro-kolme-uksega-tamm\/#primaryimage"},"thumbnailUrl":"https:\/\/beebipood.ee\/wp-content\/uploads\/2025\/11\/retro_3door-wardrobe_oak_2-scaled.webp","datePublished":"2025-11-06T12:34:13+00:00","dateModified":"2025-11-06T12:42:28+00:00","description":"Riidekapp Swing kolme uksega, m\u00f6\u00f6bliplaat, MDF ja t\u00e4ispuitviimistlus: valge\/naturalsobib nii poisi kui t\u00fcdruku tuppaval","breadcrumb":{"@id":"https:\/\/beebipood.ee\/ru\/produkt\/riidekapp-retro-kolme-uksega-tamm\/#breadcrumb"},"inLanguage":"ru-RU","potentialAction":[{"@type":"ReadAction","target":["https:\/\/beebipood.ee\/ru\/produkt\/riidekapp-retro-kolme-uksega-tamm\/"]}]},{"@type":"ImageObject","inLanguage":"ru-RU","@id":"https:\/\/beebipood.ee\/ru\/produkt\/riidekapp-retro-kolme-uksega-tamm\/#primaryimage","url":"https:\/\/beebipood.ee\/wp-content\/uploads\/2025\/11\/retro_3door-wardrobe_oak_2-scaled.webp","contentUrl":"https:\/\/beebipood.ee\/wp-content\/uploads\/2025\/11\/retro_3door-wardrobe_oak_2-scaled.webp","width":2560,"height":2560},{"@type":"BreadcrumbList","@id":"https:\/\/beebipood.ee\/ru\/produkt\/riidekapp-retro-kolme-uksega-tamm\/#breadcrumb","itemListElement":[{"@type":"ListItem","position":1,"name":"Home","item":"https:\/\/beebipood.ee\/ru\/"},{"@type":"ListItem","position":2,"name":"\u041a\u0430\u0442\u0430\u043b\u043e\u0433 \u0442\u043e\u0432\u0430\u0440\u043e\u0432","item":"https:\/\/beebipood.ee\/tooted\/"},{"@type":"ListItem","position":3,"name":"Riidekapp Retro kolme uksega, tamm"}]},{"@type":"WebSite","@id":"https:\/\/beebipood.ee\/ru\/#website","url":"https:\/\/beebipood.ee\/ru\/","name":"Beebipood","description":"Lastekaubad, beebikaubad, m\u00e4nguasjad","publisher":{"@id":"https:\/\/beebipood.ee\/ru\/#organization"},"potentialAction":[{"@type":"SearchAction","target":{"@type":"EntryPoint","urlTemplate":"https:\/\/beebipood.ee\/ru\/?s={search_term_string}"},"query-input":{"@type":"PropertyValueSpecification","valueRequired":true,"valueName":"search_term_string"}}],"inLanguage":"ru-RU"},{"@type":"Organization","@id":"https:\/\/beebipood.ee\/ru\/#organization","name":"Beebipood","url":"https:\/\/beebipood.ee\/ru\/","logo":{"@type":"ImageObject","inLanguage":"ru-RU","@id":"https:\/\/beebipood.ee\/ru\/#\/schema\/logo\/image\/","url":"https:\/\/beebipood.ee\/wp-content\/uploads\/2025\/03\/beebipood.ee-logo-1.svg","contentUrl":"https:\/\/beebipood.ee\/wp-content\/uploads\/2025\/03\/beebipood.ee-logo-1.svg","caption":"Beebipood"},"image":{"@id":"https:\/\/beebipood.ee\/ru\/#\/schema\/logo\/image\/"}}]}},"brands":[],"_links":{"self":[{"href":"https:\/\/beebipood.ee\/ru\/wp-json\/wp\/v2\/product\/508863","targetHints":{"allow":["GET"]}}],"collection":[{"href":"https:\/\/beebipood.ee\/ru\/wp-json\/wp\/v2\/product"}],"about":[{"href":"https:\/\/beebipood.ee\/ru\/wp-json\/wp\/v2\/types\/product"}],"wp:featuredmedia":[{"embeddable":true,"href":"https:\/\/beebipood.ee\/ru\/wp-json\/wp\/v2\/media\/508867"}],"wp:attachment":[{"href":"https:\/\/beebipood.ee\/ru\/wp-json\/wp\/v2\/media?parent=508863"}],"wp:term":[{"taxonomy":"pwb-brand","embeddable":true,"href":"https:\/\/beebipood.ee\/ru\/wp-json\/wp\/v2\/pwb-brand?post=508863"},{"taxonomy":"product_brand","embeddable":true,"href":"https:\/\/beebipood.ee\/ru\/wp-json\/wp\/v2\/product_brand?post=508863"},{"taxonomy":"product_cat","embeddable":true,"href":"https:\/\/beebipood.ee\/ru\/wp-json\/wp\/v2\/product_cat?post=508863"},{"taxonomy":"product_tag","embeddable":true,"href":"https:\/\/beebipood.ee\/ru\/wp-json\/wp\/v2\/product_tag?post=508863"}],"curies":[{"name":"wp","href":"https:\/\/api.w.org\/{rel}","templated":true}]}}