{"id":508875,"date":"2025-11-06T14:48:26","date_gmt":"2025-11-06T12:48:26","guid":{"rendered":"https:\/\/beebipood.ee\/?post_type=product&#038;p=508875"},"modified":"2025-11-06T15:00:31","modified_gmt":"2025-11-06T13:00:31","slug":"riidekapp-retro-kahe-uksega-tamm","status":"publish","type":"product","link":"https:\/\/beebipood.ee\/ru\/produkt\/riidekapp-retro-kahe-uksega-tamm\/","title":{"rendered":"Riidekapp Retro kahe uksega, tamm"},"content":{"rendered":"<h3 data-start=\"125\" data-end=\"205\"><strong data-start=\"129\" data-end=\"203\">Retro 2-ukseline riidekapp \u2013 praktiline ja stiilne lahendus lastetuppa<\/strong><\/h3>\n<p data-start=\"207\" data-end=\"486\">Hoia lapse tuba korras ja hubane <strong data-start=\"240\" data-end=\"272\">Retro 2-ukselise riidekapiga<\/strong>, mis \u00fchendab <strong data-start=\"286\" data-end=\"343\">funktsionaalsuse, kvaliteedi ja trendika loft-disaini<\/strong>.<br data-start=\"344\" data-end=\"347\" \/>Kapp pakub piisavalt ruumi <strong data-start=\"374\" data-end=\"424\">riietele, aksessuaaridele ja muudele esemetele<\/strong>, sobides ideaalselt nii <strong data-start=\"449\" data-end=\"459\">poiste<\/strong> kui <strong data-start=\"464\" data-end=\"483\">t\u00fcdrukute tuppa<\/strong>.<\/p>\n<p data-start=\"488\" data-end=\"508\">Kapi sisemuses on:<\/p>\n<ul data-start=\"509\" data-end=\"683\">\n<li data-start=\"509\" data-end=\"552\">\n<p data-start=\"511\" data-end=\"552\"><strong data-start=\"511\" data-end=\"527\">Kaks riiulit<\/strong> nutikaks hoiustamiseks<\/p>\n<\/li>\n<li data-start=\"553\" data-end=\"593\">\n<p data-start=\"555\" data-end=\"593\"><strong data-start=\"555\" data-end=\"571\">Riidestange<\/strong> riiete riputamiseks<\/p>\n<\/li>\n<li data-start=\"594\" data-end=\"683\">\n<p data-start=\"596\" data-end=\"683\"><strong data-start=\"596\" data-end=\"615\">\u00dcks avar sahtel<\/strong>, millel on kvaliteetsed siinid ja <strong data-start=\"650\" data-end=\"681\">vaikne automaatne sulgumine<\/strong><\/p>\n<\/li>\n<\/ul>\n<p data-start=\"685\" data-end=\"775\">Soovi korral on v\u00f5imalik juurde tellida <strong data-start=\"725\" data-end=\"738\">lisariiul<\/strong>, et kapp oleks veelgi praktilisem.<\/p>\n<p data-start=\"777\" data-end=\"974\">Valmistatud <strong data-start=\"789\" data-end=\"831\">lamineeritud puitlaastplaadist <\/strong>\u00a0ja <strong data-start=\"835\" data-end=\"863\">t\u00e4isp\u00f6\u00f6gipuust jalgadega<\/strong>, tagab kapp <strong data-start=\"876\" data-end=\"908\">vastupidavuse ja stabiilsuse<\/strong>. <strong data-start=\"910\" data-end=\"941\">Mustad metallist k\u00e4epidemed<\/strong> lisavad elegantset retroh\u00f5ngu.<\/p>\n<p data-start=\"976\" data-end=\"1267\"><strong data-start=\"976\" data-end=\"1012\">Ohutu ja keskkonnas\u00f5bralik valik<\/strong> \u2013 toodetud <strong data-start=\"1031\" data-end=\"1077\">plaatidest<\/strong>, mis vastavad <strong data-start=\"1092\" data-end=\"1115\">EN16516 standardile<\/strong>.<br data-start=\"1116\" data-end=\"1119\" \/>Toode tarnitakse <strong data-start=\"1136\" data-end=\"1167\">isekokkupandava komplektina<\/strong>, komplektis on <strong data-start=\"1183\" data-end=\"1230\">seinale kinnitamiseks vajalikud kronsteinid<\/strong> (t\u00fc\u00fcblid tuleb osta eraldi).<\/p>\n<hr data-start=\"1269\" data-end=\"1272\" \/>\n<h4 data-start=\"1274\" data-end=\"1298\"><strong data-start=\"1279\" data-end=\"1298\">Toote omadused:<\/strong><\/h4>\n<ul data-start=\"1299\" data-end=\"1617\">\n<li data-start=\"1299\" data-end=\"1325\">\n<p data-start=\"1301\" data-end=\"1325\">2 ust ja 1 avar sahtel<\/p>\n<\/li>\n<li data-start=\"1326\" data-end=\"1367\">\n<p data-start=\"1328\" data-end=\"1367\">Vaikne ja automaatne sahtli <em>soft close<\/em> sulgumine<\/p>\n<\/li>\n<li data-start=\"1368\" data-end=\"1397\">\n<p data-start=\"1370\" data-end=\"1397\">Lisariiul saadaval eraldi<\/p>\n<\/li>\n<li data-start=\"1398\" data-end=\"1453\">\n<p data-start=\"1400\" data-end=\"1453\">T\u00e4isp\u00f6\u00f6gipuust jalad ja mustad metallist k\u00e4epidemed<\/p>\n<\/li>\n<li data-start=\"1454\" data-end=\"1489\">\n<p data-start=\"1456\" data-end=\"1489\">Vastupidav puitlaastplaat<\/p>\n<\/li>\n<li data-start=\"1490\" data-end=\"1553\">\n<p data-start=\"1492\" data-end=\"1553\">Ohutud materjalid (EN16516)<\/p>\n<\/li>\n<li data-start=\"1554\" data-end=\"1594\">\n<p data-start=\"1556\" data-end=\"1594\">Sobib nii poiste kui t\u00fcdrukute tuppa<\/p>\n<\/li>\n<li data-start=\"1595\" data-end=\"1617\">\n<p data-start=\"1597\" data-end=\"1617\">Lihtne kokku panna<\/p>\n<\/li>\n<\/ul>\n<hr data-start=\"1619\" data-end=\"1622\" \/>\n<p data-start=\"1624\" data-end=\"1721\">\ud83d\udc55 <strong data-start=\"1627\" data-end=\"1721\">Retro 2-ukseline riidekapp \u2013 stiilne, turvaline ja praktiline m\u00f6\u00f6bliese igasse lastetuppa.<\/strong><\/p>\n","protected":false},"excerpt":{"rendered":"<p>Retro 2-ukseline riidekapp \u2013 praktiline ja stiilne lahendus lastetuppa Hoia lapse tuba korras ja hubane Retro 2-ukselise riidekapiga, mis \u00fchendab funktsionaalsuse, kvaliteedi ja trendika loft-disaini.Kapp pakub piisavalt ruumi riietele, aksessuaaridele ja muudele esemetele, sobides ideaalselt nii poiste kui t\u00fcdrukute tuppa. Kapi sisemuses on: Kaks riiulit nutikaks hoiustamiseks Riidestange riiete riputamiseks \u00dcks avar sahtel, millel on [&hellip;]<\/p>\n","protected":false},"featured_media":508879,"template":"","meta":{"_acf_changed":false},"pwb-brand":[],"product_brand":[],"product_cat":[11633,11631,11789],"product_tag":[],"class_list":{"0":"post-508875","1":"product","2":"type-product","3":"status-publish","4":"has-post-thumbnail","6":"product_cat-riidekapid-ru","7":"product_cat-kapid-riiulid-ru","8":"product_cat-lastemoobel-ja-sisustus-ru","10":"first","11":"onbackorder","12":"sale","13":"taxable","14":"shipping-taxable","15":"purchasable","16":"product-type-simple"},"exclude_global_add_ons":[],"addons":[],"acf":[],"yoast_head":"<!-- This site is optimized with the Yoast SEO plugin v27.3 - https:\/\/yoast.com\/product\/yoast-seo-wordpress\/ -->\n<title>Riidekapp Swing kahe uksega, \u0428\u043a\u0430\u0444\u044b, \u043f\u043e\u043b\u043a\u0438, \u041f\u043b\u0430\u0442\u044f\u043d\u044b\u0435 \u0448\u043a\u0430\u0444\u044b, M\u0435\u0431\u0435\u043b\u044c, Ha c\u043a\u043b\u0430\u0434\u0435, Beebipood<\/title>\n<meta name=\"description\" content=\"Riidekapp Swing kahe uksega, m\u00f6\u00f6bliplaat, MDF ja t\u00e4ispuit viimistlus:\u00a0valge\/natural sobib n\" \/>\n<meta name=\"robots\" content=\"index, follow, max-snippet:-1, max-image-preview:large, max-video-preview:-1\" \/>\n<link rel=\"canonical\" href=\"https:\/\/beebipood.ee\/ru\/produkt\/riidekapp-retro-kahe-uksega-tamm\/\" \/>\n<meta property=\"og:locale\" content=\"ru_RU\" \/>\n<meta property=\"og:type\" content=\"article\" \/>\n<meta property=\"og:title\" content=\"Riidekapp Swing kahe uksega, \u0428\u043a\u0430\u0444\u044b, \u043f\u043e\u043b\u043a\u0438, \u041f\u043b\u0430\u0442\u044f\u043d\u044b\u0435 \u0448\u043a\u0430\u0444\u044b, M\u0435\u0431\u0435\u043b\u044c, Ha c\u043a\u043b\u0430\u0434\u0435, Beebipood\" \/>\n<meta property=\"og:description\" content=\"Riidekapp Swing kahe uksega, m\u00f6\u00f6bliplaat, MDF ja t\u00e4ispuit viimistlus:\u00a0valge\/natural sobib n\" \/>\n<meta property=\"og:url\" content=\"https:\/\/beebipood.ee\/ru\/produkt\/riidekapp-retro-kahe-uksega-tamm\/\" \/>\n<meta property=\"og:site_name\" content=\"Beebipood\" \/>\n<meta property=\"article:modified_time\" content=\"2025-11-06T13:00:31+00:00\" \/>\n<meta property=\"og:image\" content=\"https:\/\/beebipood.ee\/wp-content\/uploads\/2025\/11\/retro_2door-wardrobe_oak_2-scaled.webp\" \/>\n\t<meta property=\"og:image:width\" content=\"2560\" \/>\n\t<meta property=\"og:image:height\" content=\"2560\" \/>\n\t<meta property=\"og:image:type\" content=\"image\/webp\" \/>\n<meta name=\"twitter:card\" content=\"summary_large_image\" \/>\n<meta name=\"twitter:label1\" content=\"\u041f\u0440\u0438\u043c\u0435\u0440\u043d\u043e\u0435 \u0432\u0440\u0435\u043c\u044f \u0434\u043b\u044f \u0447\u0442\u0435\u043d\u0438\u044f\" \/>\n\t<meta name=\"twitter:data1\" content=\"2 \u043c\u0438\u043d\u0443\u0442\u044b\" \/>\n<script type=\"application\/ld+json\" class=\"yoast-schema-graph\">{\"@context\":\"https:\\\/\\\/schema.org\",\"@graph\":[{\"@type\":\"WebPage\",\"@id\":\"https:\\\/\\\/beebipood.ee\\\/ru\\\/produkt\\\/riidekapp-retro-kahe-uksega-tamm\\\/\",\"url\":\"https:\\\/\\\/beebipood.ee\\\/ru\\\/produkt\\\/riidekapp-retro-kahe-uksega-tamm\\\/\",\"name\":\"Riidekapp Swing kahe uksega, \u0428\u043a\u0430\u0444\u044b, \u043f\u043e\u043b\u043a\u0438, \u041f\u043b\u0430\u0442\u044f\u043d\u044b\u0435 \u0448\u043a\u0430\u0444\u044b, M\u0435\u0431\u0435\u043b\u044c, Ha c\u043a\u043b\u0430\u0434\u0435, Beebipood\",\"isPartOf\":{\"@id\":\"https:\\\/\\\/beebipood.ee\\\/ru\\\/#website\"},\"primaryImageOfPage\":{\"@id\":\"https:\\\/\\\/beebipood.ee\\\/ru\\\/produkt\\\/riidekapp-retro-kahe-uksega-tamm\\\/#primaryimage\"},\"image\":{\"@id\":\"https:\\\/\\\/beebipood.ee\\\/ru\\\/produkt\\\/riidekapp-retro-kahe-uksega-tamm\\\/#primaryimage\"},\"thumbnailUrl\":\"https:\\\/\\\/beebipood.ee\\\/wp-content\\\/uploads\\\/2025\\\/11\\\/retro_2door-wardrobe_oak_2-scaled.webp\",\"datePublished\":\"2025-11-06T12:48:26+00:00\",\"dateModified\":\"2025-11-06T13:00:31+00:00\",\"description\":\"Riidekapp Swing kahe uksega, m\u00f6\u00f6bliplaat, MDF ja t\u00e4ispuit viimistlus:\u00a0valge\\\/natural sobib n\",\"breadcrumb\":{\"@id\":\"https:\\\/\\\/beebipood.ee\\\/ru\\\/produkt\\\/riidekapp-retro-kahe-uksega-tamm\\\/#breadcrumb\"},\"inLanguage\":\"ru-RU\",\"potentialAction\":[{\"@type\":\"ReadAction\",\"target\":[\"https:\\\/\\\/beebipood.ee\\\/ru\\\/produkt\\\/riidekapp-retro-kahe-uksega-tamm\\\/\"]}]},{\"@type\":\"ImageObject\",\"inLanguage\":\"ru-RU\",\"@id\":\"https:\\\/\\\/beebipood.ee\\\/ru\\\/produkt\\\/riidekapp-retro-kahe-uksega-tamm\\\/#primaryimage\",\"url\":\"https:\\\/\\\/beebipood.ee\\\/wp-content\\\/uploads\\\/2025\\\/11\\\/retro_2door-wardrobe_oak_2-scaled.webp\",\"contentUrl\":\"https:\\\/\\\/beebipood.ee\\\/wp-content\\\/uploads\\\/2025\\\/11\\\/retro_2door-wardrobe_oak_2-scaled.webp\",\"width\":2560,\"height\":2560},{\"@type\":\"BreadcrumbList\",\"@id\":\"https:\\\/\\\/beebipood.ee\\\/ru\\\/produkt\\\/riidekapp-retro-kahe-uksega-tamm\\\/#breadcrumb\",\"itemListElement\":[{\"@type\":\"ListItem\",\"position\":1,\"name\":\"Home\",\"item\":\"https:\\\/\\\/beebipood.ee\\\/ru\\\/\"},{\"@type\":\"ListItem\",\"position\":2,\"name\":\"\u041a\u0430\u0442\u0430\u043b\u043e\u0433 \u0442\u043e\u0432\u0430\u0440\u043e\u0432\",\"item\":\"https:\\\/\\\/beebipood.ee\\\/tooted\\\/\"},{\"@type\":\"ListItem\",\"position\":3,\"name\":\"Riidekapp Retro kahe uksega, tamm\"}]},{\"@type\":\"WebSite\",\"@id\":\"https:\\\/\\\/beebipood.ee\\\/ru\\\/#website\",\"url\":\"https:\\\/\\\/beebipood.ee\\\/ru\\\/\",\"name\":\"Beebipood\",\"description\":\"Lastekaubad, beebikaubad, m\u00e4nguasjad\",\"publisher\":{\"@id\":\"https:\\\/\\\/beebipood.ee\\\/ru\\\/#organization\"},\"potentialAction\":[{\"@type\":\"SearchAction\",\"target\":{\"@type\":\"EntryPoint\",\"urlTemplate\":\"https:\\\/\\\/beebipood.ee\\\/ru\\\/?s={search_term_string}\"},\"query-input\":{\"@type\":\"PropertyValueSpecification\",\"valueRequired\":true,\"valueName\":\"search_term_string\"}}],\"inLanguage\":\"ru-RU\"},{\"@type\":\"Organization\",\"@id\":\"https:\\\/\\\/beebipood.ee\\\/ru\\\/#organization\",\"name\":\"Beebipood\",\"url\":\"https:\\\/\\\/beebipood.ee\\\/ru\\\/\",\"logo\":{\"@type\":\"ImageObject\",\"inLanguage\":\"ru-RU\",\"@id\":\"https:\\\/\\\/beebipood.ee\\\/ru\\\/#\\\/schema\\\/logo\\\/image\\\/\",\"url\":\"https:\\\/\\\/beebipood.ee\\\/wp-content\\\/uploads\\\/2025\\\/03\\\/beebipood.ee-logo-1.svg\",\"contentUrl\":\"https:\\\/\\\/beebipood.ee\\\/wp-content\\\/uploads\\\/2025\\\/03\\\/beebipood.ee-logo-1.svg\",\"caption\":\"Beebipood\"},\"image\":{\"@id\":\"https:\\\/\\\/beebipood.ee\\\/ru\\\/#\\\/schema\\\/logo\\\/image\\\/\"}}]}<\/script>\n<!-- \/ Yoast SEO plugin. -->","yoast_head_json":{"title":"Riidekapp Swing kahe uksega, \u0428\u043a\u0430\u0444\u044b, \u043f\u043e\u043b\u043a\u0438, \u041f\u043b\u0430\u0442\u044f\u043d\u044b\u0435 \u0448\u043a\u0430\u0444\u044b, M\u0435\u0431\u0435\u043b\u044c, Ha c\u043a\u043b\u0430\u0434\u0435, Beebipood","description":"Riidekapp Swing kahe uksega, m\u00f6\u00f6bliplaat, MDF ja t\u00e4ispuit viimistlus:\u00a0valge\/natural sobib n","robots":{"index":"index","follow":"follow","max-snippet":"max-snippet:-1","max-image-preview":"max-image-preview:large","max-video-preview":"max-video-preview:-1"},"canonical":"https:\/\/beebipood.ee\/ru\/produkt\/riidekapp-retro-kahe-uksega-tamm\/","og_locale":"ru_RU","og_type":"article","og_title":"Riidekapp Swing kahe uksega, \u0428\u043a\u0430\u0444\u044b, \u043f\u043e\u043b\u043a\u0438, \u041f\u043b\u0430\u0442\u044f\u043d\u044b\u0435 \u0448\u043a\u0430\u0444\u044b, M\u0435\u0431\u0435\u043b\u044c, Ha c\u043a\u043b\u0430\u0434\u0435, Beebipood","og_description":"Riidekapp Swing kahe uksega, m\u00f6\u00f6bliplaat, MDF ja t\u00e4ispuit viimistlus:\u00a0valge\/natural sobib n","og_url":"https:\/\/beebipood.ee\/ru\/produkt\/riidekapp-retro-kahe-uksega-tamm\/","og_site_name":"Beebipood","article_modified_time":"2025-11-06T13:00:31+00:00","og_image":[{"width":2560,"height":2560,"url":"https:\/\/beebipood.ee\/wp-content\/uploads\/2025\/11\/retro_2door-wardrobe_oak_2-scaled.webp","type":"image\/webp"}],"twitter_card":"summary_large_image","twitter_misc":{"\u041f\u0440\u0438\u043c\u0435\u0440\u043d\u043e\u0435 \u0432\u0440\u0435\u043c\u044f \u0434\u043b\u044f \u0447\u0442\u0435\u043d\u0438\u044f":"2 \u043c\u0438\u043d\u0443\u0442\u044b"},"schema":{"@context":"https:\/\/schema.org","@graph":[{"@type":"WebPage","@id":"https:\/\/beebipood.ee\/ru\/produkt\/riidekapp-retro-kahe-uksega-tamm\/","url":"https:\/\/beebipood.ee\/ru\/produkt\/riidekapp-retro-kahe-uksega-tamm\/","name":"Riidekapp Swing kahe uksega, \u0428\u043a\u0430\u0444\u044b, \u043f\u043e\u043b\u043a\u0438, \u041f\u043b\u0430\u0442\u044f\u043d\u044b\u0435 \u0448\u043a\u0430\u0444\u044b, M\u0435\u0431\u0435\u043b\u044c, Ha c\u043a\u043b\u0430\u0434\u0435, Beebipood","isPartOf":{"@id":"https:\/\/beebipood.ee\/ru\/#website"},"primaryImageOfPage":{"@id":"https:\/\/beebipood.ee\/ru\/produkt\/riidekapp-retro-kahe-uksega-tamm\/#primaryimage"},"image":{"@id":"https:\/\/beebipood.ee\/ru\/produkt\/riidekapp-retro-kahe-uksega-tamm\/#primaryimage"},"thumbnailUrl":"https:\/\/beebipood.ee\/wp-content\/uploads\/2025\/11\/retro_2door-wardrobe_oak_2-scaled.webp","datePublished":"2025-11-06T12:48:26+00:00","dateModified":"2025-11-06T13:00:31+00:00","description":"Riidekapp Swing kahe uksega, m\u00f6\u00f6bliplaat, MDF ja t\u00e4ispuit viimistlus:\u00a0valge\/natural sobib n","breadcrumb":{"@id":"https:\/\/beebipood.ee\/ru\/produkt\/riidekapp-retro-kahe-uksega-tamm\/#breadcrumb"},"inLanguage":"ru-RU","potentialAction":[{"@type":"ReadAction","target":["https:\/\/beebipood.ee\/ru\/produkt\/riidekapp-retro-kahe-uksega-tamm\/"]}]},{"@type":"ImageObject","inLanguage":"ru-RU","@id":"https:\/\/beebipood.ee\/ru\/produkt\/riidekapp-retro-kahe-uksega-tamm\/#primaryimage","url":"https:\/\/beebipood.ee\/wp-content\/uploads\/2025\/11\/retro_2door-wardrobe_oak_2-scaled.webp","contentUrl":"https:\/\/beebipood.ee\/wp-content\/uploads\/2025\/11\/retro_2door-wardrobe_oak_2-scaled.webp","width":2560,"height":2560},{"@type":"BreadcrumbList","@id":"https:\/\/beebipood.ee\/ru\/produkt\/riidekapp-retro-kahe-uksega-tamm\/#breadcrumb","itemListElement":[{"@type":"ListItem","position":1,"name":"Home","item":"https:\/\/beebipood.ee\/ru\/"},{"@type":"ListItem","position":2,"name":"\u041a\u0430\u0442\u0430\u043b\u043e\u0433 \u0442\u043e\u0432\u0430\u0440\u043e\u0432","item":"https:\/\/beebipood.ee\/tooted\/"},{"@type":"ListItem","position":3,"name":"Riidekapp Retro kahe uksega, tamm"}]},{"@type":"WebSite","@id":"https:\/\/beebipood.ee\/ru\/#website","url":"https:\/\/beebipood.ee\/ru\/","name":"Beebipood","description":"Lastekaubad, beebikaubad, m\u00e4nguasjad","publisher":{"@id":"https:\/\/beebipood.ee\/ru\/#organization"},"potentialAction":[{"@type":"SearchAction","target":{"@type":"EntryPoint","urlTemplate":"https:\/\/beebipood.ee\/ru\/?s={search_term_string}"},"query-input":{"@type":"PropertyValueSpecification","valueRequired":true,"valueName":"search_term_string"}}],"inLanguage":"ru-RU"},{"@type":"Organization","@id":"https:\/\/beebipood.ee\/ru\/#organization","name":"Beebipood","url":"https:\/\/beebipood.ee\/ru\/","logo":{"@type":"ImageObject","inLanguage":"ru-RU","@id":"https:\/\/beebipood.ee\/ru\/#\/schema\/logo\/image\/","url":"https:\/\/beebipood.ee\/wp-content\/uploads\/2025\/03\/beebipood.ee-logo-1.svg","contentUrl":"https:\/\/beebipood.ee\/wp-content\/uploads\/2025\/03\/beebipood.ee-logo-1.svg","caption":"Beebipood"},"image":{"@id":"https:\/\/beebipood.ee\/ru\/#\/schema\/logo\/image\/"}}]}},"brands":[],"_links":{"self":[{"href":"https:\/\/beebipood.ee\/ru\/wp-json\/wp\/v2\/product\/508875","targetHints":{"allow":["GET"]}}],"collection":[{"href":"https:\/\/beebipood.ee\/ru\/wp-json\/wp\/v2\/product"}],"about":[{"href":"https:\/\/beebipood.ee\/ru\/wp-json\/wp\/v2\/types\/product"}],"wp:featuredmedia":[{"embeddable":true,"href":"https:\/\/beebipood.ee\/ru\/wp-json\/wp\/v2\/media\/508879"}],"wp:attachment":[{"href":"https:\/\/beebipood.ee\/ru\/wp-json\/wp\/v2\/media?parent=508875"}],"wp:term":[{"taxonomy":"pwb-brand","embeddable":true,"href":"https:\/\/beebipood.ee\/ru\/wp-json\/wp\/v2\/pwb-brand?post=508875"},{"taxonomy":"product_brand","embeddable":true,"href":"https:\/\/beebipood.ee\/ru\/wp-json\/wp\/v2\/product_brand?post=508875"},{"taxonomy":"product_cat","embeddable":true,"href":"https:\/\/beebipood.ee\/ru\/wp-json\/wp\/v2\/product_cat?post=508875"},{"taxonomy":"product_tag","embeddable":true,"href":"https:\/\/beebipood.ee\/ru\/wp-json\/wp\/v2\/product_tag?post=508875"}],"curies":[{"name":"wp","href":"https:\/\/api.w.org\/{rel}","templated":true}]}}