{"id":508890,"date":"2025-11-06T15:14:02","date_gmt":"2025-11-06T13:14:02","guid":{"rendered":"https:\/\/beebipood.ee\/?post_type=product&#038;p=508890"},"modified":"2025-11-06T15:20:54","modified_gmt":"2025-11-06T13:20:54","slug":"kummut-retro-tamm","status":"publish","type":"product","link":"https:\/\/beebipood.ee\/ru\/produkt\/kummut-retro-tamm\/","title":{"rendered":"Kummut Retro, tamm"},"content":{"rendered":"<h3 data-start=\"125\" data-end=\"206\"><strong data-start=\"129\" data-end=\"204\">Retro kolmesahtline kummut \u2013 praktiline ja stiilne m\u00f6\u00f6bliese lastetuppa<\/strong><\/h3>\n<p data-start=\"208\" data-end=\"500\">Funktsionaalne <strong data-start=\"249\" data-end=\"279\">Retro kolmesahtline kummut<\/strong>, mis \u00fchendab <strong data-start=\"293\" data-end=\"344\">trendika loft-disaini ja praktilise hoiustamise<\/strong>.<br data-start=\"345\" data-end=\"348\" \/>Kummut pakub piisavalt ruumi <strong data-start=\"377\" data-end=\"435\">riiete, m\u00e4nguasjade ja muude esemete organiseerimiseks<\/strong>, olles ideaalne lahendus igasse <strong data-start=\"468\" data-end=\"497\">poiste ja t\u00fcdrukute tuppa<\/strong>.<\/p>\n<p data-start=\"502\" data-end=\"516\">Kummutil on:<\/p>\n<ul data-start=\"517\" data-end=\"682\">\n<li data-start=\"517\" data-end=\"603\">\n<p data-start=\"519\" data-end=\"603\"><strong data-start=\"519\" data-end=\"535\">Kolm sahtlit<\/strong>, mis liiguvad sujuvalt ja vaikselt t\u00e4nu kvaliteetsetele siinidele<\/p>\n<\/li>\n<li data-start=\"604\" data-end=\"682\">\n<p data-start=\"606\" data-end=\"682\"><strong data-start=\"606\" data-end=\"640\">Piduri- ja isesulguv mehhanism<\/strong>, mis tagab turvalise ja mugava kasutuse<\/p>\n<\/li>\n<\/ul>\n<p data-start=\"807\" data-end=\"1015\">Valmistatud <strong data-start=\"819\" data-end=\"861\">lamineeritud puitlaastplaadist <\/strong>\u00a0ja <strong data-start=\"865\" data-end=\"893\">t\u00e4isp\u00f6\u00f6gipuust jalgadega<\/strong>, mis tagavad <strong data-start=\"907\" data-end=\"939\">vastupidavuse ja stabiilsuse<\/strong>. <strong data-start=\"941\" data-end=\"972\">Metallist mustad k\u00e4epidemed<\/strong> lisavad kummutile elegantset retroh\u00f5ngu.<\/p>\n<p data-start=\"1017\" data-end=\"1159\"><strong data-start=\"1017\" data-end=\"1053\">Ohutu ja keskkonnas\u00f5bralik valik<\/strong> \u2013 toodetud ainult <strong data-start=\"1072\" data-end=\"1118\">plaatidest<\/strong>, mis vastavad <strong data-start=\"1133\" data-end=\"1156\">EN16516 standardile<\/strong>.<\/p>\n<p data-start=\"1161\" data-end=\"1257\">Toode tarnitakse <strong data-start=\"1178\" data-end=\"1209\">isekokkupandava komplektina<\/strong>, lihtne kokku panna ja sobib igasse lastetuppa.<\/p>\n<hr data-start=\"1259\" data-end=\"1262\" \/>\n<h4 data-start=\"1264\" data-end=\"1288\"><strong data-start=\"1269\" data-end=\"1288\">Toote omadused:<\/strong><\/h4>\n<ul data-start=\"1289\" data-end=\"1626\">\n<li data-start=\"1289\" data-end=\"1331\">\n<p data-start=\"1291\" data-end=\"1331\">3 sahtlit vaikse ja sujuva sulgemisega (<em>soft close)<\/em><\/p>\n<\/li>\n<li data-start=\"1394\" data-end=\"1449\">\n<p data-start=\"1396\" data-end=\"1449\">T\u00e4isp\u00f6\u00f6gipuust jalad ja mustad metallist k\u00e4epidemed<\/p>\n<\/li>\n<li data-start=\"1450\" data-end=\"1498\">\n<p data-start=\"1452\" data-end=\"1498\">Vastupidav lamineeritud puitlaastplaat<\/p>\n<\/li>\n<li data-start=\"1499\" data-end=\"1562\">\n<p data-start=\"1501\" data-end=\"1562\">Ohutud materjalid (EN16516)<\/p>\n<\/li>\n<li data-start=\"1563\" data-end=\"1603\">\n<p data-start=\"1565\" data-end=\"1603\">Sobib nii poiste kui t\u00fcdrukute tuppa<\/p>\n<\/li>\n<li data-start=\"1604\" data-end=\"1626\">\n<p data-start=\"1606\" data-end=\"1626\">Lihtne kokku panna<\/p>\n<\/li>\n<\/ul>\n<hr data-start=\"1628\" data-end=\"1631\" \/>\n<p data-start=\"1633\" data-end=\"1737\">\ud83d\udc76 <strong data-start=\"1636\" data-end=\"1737\">Retro kolmesahtline kummut \u2013 praktiline, turvaline ja stiilne m\u00f6\u00f6bliese, mis kasvab koos lapsega.<\/strong><\/p>\n","protected":false},"excerpt":{"rendered":"<p>Retro kolmesahtline kummut \u2013 praktiline ja stiilne m\u00f6\u00f6bliese lastetuppa Funktsionaalne Retro kolmesahtline kummut, mis \u00fchendab trendika loft-disaini ja praktilise hoiustamise.Kummut pakub piisavalt ruumi riiete, m\u00e4nguasjade ja muude esemete organiseerimiseks, olles ideaalne lahendus igasse poiste ja t\u00fcdrukute tuppa. Kummutil on: Kolm sahtlit, mis liiguvad sujuvalt ja vaikselt t\u00e4nu kvaliteetsetele siinidele Piduri- ja isesulguv mehhanism, mis tagab [&hellip;]<\/p>\n","protected":false},"featured_media":508894,"template":"","meta":{"_acf_changed":false},"pwb-brand":[],"product_brand":[],"product_cat":[11627,11623,11789],"product_tag":[],"class_list":{"0":"post-508890","1":"product","2":"type-product","3":"status-publish","4":"has-post-thumbnail","6":"product_cat-kummutid-ru","7":"product_cat-kummutid-kastid-ru","8":"product_cat-lastemoobel-ja-sisustus-ru","10":"first","11":"onbackorder","12":"sale","13":"taxable","14":"shipping-taxable","15":"purchasable","16":"product-type-simple"},"exclude_global_add_ons":[],"addons":[],"acf":[],"yoast_head":"<!-- This site is optimized with the Yoast SEO plugin v27.3 - https:\/\/yoast.com\/product\/yoast-seo-wordpress\/ -->\n<title>Kummut Swing, K\u043e\u043c\u043e\u0434\u044b, \u044f\u0449\u0438\u043a\u0438, K\u043e\u043c\u043e\u0434\u044b, M\u0435\u0431\u0435\u043b\u044c, Ha c\u043a\u043b\u0430\u0434\u0435, Beebipood<\/title>\n<meta name=\"description\" content=\"Kummut Swing, tugev ja vastupidav kummutvalmistatud: m\u00f6\u00f6bliplaat, MDF ja t\u00e4ispuitviimistlus: valge\/naturalsobib\" \/>\n<meta name=\"robots\" content=\"index, follow, max-snippet:-1, max-image-preview:large, max-video-preview:-1\" \/>\n<link rel=\"canonical\" href=\"https:\/\/beebipood.ee\/ru\/produkt\/kummut-retro-tamm\/\" \/>\n<meta property=\"og:locale\" content=\"ru_RU\" \/>\n<meta property=\"og:type\" content=\"article\" \/>\n<meta property=\"og:title\" content=\"Kummut Swing, K\u043e\u043c\u043e\u0434\u044b, \u044f\u0449\u0438\u043a\u0438, K\u043e\u043c\u043e\u0434\u044b, M\u0435\u0431\u0435\u043b\u044c, Ha c\u043a\u043b\u0430\u0434\u0435, Beebipood\" \/>\n<meta property=\"og:description\" content=\"Kummut Swing, tugev ja vastupidav kummutvalmistatud: m\u00f6\u00f6bliplaat, MDF ja t\u00e4ispuitviimistlus: valge\/naturalsobib\" \/>\n<meta property=\"og:url\" content=\"https:\/\/beebipood.ee\/ru\/produkt\/kummut-retro-tamm\/\" \/>\n<meta property=\"og:site_name\" content=\"Beebipood\" \/>\n<meta property=\"article:modified_time\" content=\"2025-11-06T13:20:54+00:00\" \/>\n<meta property=\"og:image\" content=\"https:\/\/beebipood.ee\/wp-content\/uploads\/2025\/11\/retro_3drawer_chest_oak_2.jpg\" \/>\n\t<meta property=\"og:image:width\" content=\"2362\" \/>\n\t<meta property=\"og:image:height\" content=\"2126\" \/>\n\t<meta property=\"og:image:type\" content=\"image\/jpeg\" \/>\n<meta name=\"twitter:card\" content=\"summary_large_image\" \/>\n<meta name=\"twitter:label1\" content=\"\u041f\u0440\u0438\u043c\u0435\u0440\u043d\u043e\u0435 \u0432\u0440\u0435\u043c\u044f \u0434\u043b\u044f \u0447\u0442\u0435\u043d\u0438\u044f\" \/>\n\t<meta name=\"twitter:data1\" content=\"1 \u043c\u0438\u043d\u0443\u0442\u0430\" \/>\n<script type=\"application\/ld+json\" class=\"yoast-schema-graph\">{\"@context\":\"https:\\\/\\\/schema.org\",\"@graph\":[{\"@type\":\"WebPage\",\"@id\":\"https:\\\/\\\/beebipood.ee\\\/ru\\\/produkt\\\/kummut-retro-tamm\\\/\",\"url\":\"https:\\\/\\\/beebipood.ee\\\/ru\\\/produkt\\\/kummut-retro-tamm\\\/\",\"name\":\"Kummut Swing, K\u043e\u043c\u043e\u0434\u044b, \u044f\u0449\u0438\u043a\u0438, K\u043e\u043c\u043e\u0434\u044b, M\u0435\u0431\u0435\u043b\u044c, Ha c\u043a\u043b\u0430\u0434\u0435, Beebipood\",\"isPartOf\":{\"@id\":\"https:\\\/\\\/beebipood.ee\\\/ru\\\/#website\"},\"primaryImageOfPage\":{\"@id\":\"https:\\\/\\\/beebipood.ee\\\/ru\\\/produkt\\\/kummut-retro-tamm\\\/#primaryimage\"},\"image\":{\"@id\":\"https:\\\/\\\/beebipood.ee\\\/ru\\\/produkt\\\/kummut-retro-tamm\\\/#primaryimage\"},\"thumbnailUrl\":\"https:\\\/\\\/beebipood.ee\\\/wp-content\\\/uploads\\\/2025\\\/11\\\/retro_3drawer_chest_oak_2.jpg\",\"datePublished\":\"2025-11-06T13:14:02+00:00\",\"dateModified\":\"2025-11-06T13:20:54+00:00\",\"description\":\"Kummut Swing, tugev ja vastupidav kummutvalmistatud: m\u00f6\u00f6bliplaat, MDF ja t\u00e4ispuitviimistlus: valge\\\/naturalsobib\",\"breadcrumb\":{\"@id\":\"https:\\\/\\\/beebipood.ee\\\/ru\\\/produkt\\\/kummut-retro-tamm\\\/#breadcrumb\"},\"inLanguage\":\"ru-RU\",\"potentialAction\":[{\"@type\":\"ReadAction\",\"target\":[\"https:\\\/\\\/beebipood.ee\\\/ru\\\/produkt\\\/kummut-retro-tamm\\\/\"]}]},{\"@type\":\"ImageObject\",\"inLanguage\":\"ru-RU\",\"@id\":\"https:\\\/\\\/beebipood.ee\\\/ru\\\/produkt\\\/kummut-retro-tamm\\\/#primaryimage\",\"url\":\"https:\\\/\\\/beebipood.ee\\\/wp-content\\\/uploads\\\/2025\\\/11\\\/retro_3drawer_chest_oak_2.jpg\",\"contentUrl\":\"https:\\\/\\\/beebipood.ee\\\/wp-content\\\/uploads\\\/2025\\\/11\\\/retro_3drawer_chest_oak_2.jpg\",\"width\":2362,\"height\":2126},{\"@type\":\"BreadcrumbList\",\"@id\":\"https:\\\/\\\/beebipood.ee\\\/ru\\\/produkt\\\/kummut-retro-tamm\\\/#breadcrumb\",\"itemListElement\":[{\"@type\":\"ListItem\",\"position\":1,\"name\":\"Home\",\"item\":\"https:\\\/\\\/beebipood.ee\\\/ru\\\/\"},{\"@type\":\"ListItem\",\"position\":2,\"name\":\"\u041a\u0430\u0442\u0430\u043b\u043e\u0433 \u0442\u043e\u0432\u0430\u0440\u043e\u0432\",\"item\":\"https:\\\/\\\/beebipood.ee\\\/tooted\\\/\"},{\"@type\":\"ListItem\",\"position\":3,\"name\":\"Kummut Retro, tamm\"}]},{\"@type\":\"WebSite\",\"@id\":\"https:\\\/\\\/beebipood.ee\\\/ru\\\/#website\",\"url\":\"https:\\\/\\\/beebipood.ee\\\/ru\\\/\",\"name\":\"Beebipood\",\"description\":\"Lastekaubad, beebikaubad, m\u00e4nguasjad\",\"publisher\":{\"@id\":\"https:\\\/\\\/beebipood.ee\\\/ru\\\/#organization\"},\"potentialAction\":[{\"@type\":\"SearchAction\",\"target\":{\"@type\":\"EntryPoint\",\"urlTemplate\":\"https:\\\/\\\/beebipood.ee\\\/ru\\\/?s={search_term_string}\"},\"query-input\":{\"@type\":\"PropertyValueSpecification\",\"valueRequired\":true,\"valueName\":\"search_term_string\"}}],\"inLanguage\":\"ru-RU\"},{\"@type\":\"Organization\",\"@id\":\"https:\\\/\\\/beebipood.ee\\\/ru\\\/#organization\",\"name\":\"Beebipood\",\"url\":\"https:\\\/\\\/beebipood.ee\\\/ru\\\/\",\"logo\":{\"@type\":\"ImageObject\",\"inLanguage\":\"ru-RU\",\"@id\":\"https:\\\/\\\/beebipood.ee\\\/ru\\\/#\\\/schema\\\/logo\\\/image\\\/\",\"url\":\"https:\\\/\\\/beebipood.ee\\\/wp-content\\\/uploads\\\/2025\\\/03\\\/beebipood.ee-logo-1.svg\",\"contentUrl\":\"https:\\\/\\\/beebipood.ee\\\/wp-content\\\/uploads\\\/2025\\\/03\\\/beebipood.ee-logo-1.svg\",\"caption\":\"Beebipood\"},\"image\":{\"@id\":\"https:\\\/\\\/beebipood.ee\\\/ru\\\/#\\\/schema\\\/logo\\\/image\\\/\"}}]}<\/script>\n<!-- \/ Yoast SEO plugin. -->","yoast_head_json":{"title":"Kummut Swing, K\u043e\u043c\u043e\u0434\u044b, \u044f\u0449\u0438\u043a\u0438, K\u043e\u043c\u043e\u0434\u044b, M\u0435\u0431\u0435\u043b\u044c, Ha c\u043a\u043b\u0430\u0434\u0435, Beebipood","description":"Kummut Swing, tugev ja vastupidav kummutvalmistatud: m\u00f6\u00f6bliplaat, MDF ja t\u00e4ispuitviimistlus: valge\/naturalsobib","robots":{"index":"index","follow":"follow","max-snippet":"max-snippet:-1","max-image-preview":"max-image-preview:large","max-video-preview":"max-video-preview:-1"},"canonical":"https:\/\/beebipood.ee\/ru\/produkt\/kummut-retro-tamm\/","og_locale":"ru_RU","og_type":"article","og_title":"Kummut Swing, K\u043e\u043c\u043e\u0434\u044b, \u044f\u0449\u0438\u043a\u0438, K\u043e\u043c\u043e\u0434\u044b, M\u0435\u0431\u0435\u043b\u044c, Ha c\u043a\u043b\u0430\u0434\u0435, Beebipood","og_description":"Kummut Swing, tugev ja vastupidav kummutvalmistatud: m\u00f6\u00f6bliplaat, MDF ja t\u00e4ispuitviimistlus: valge\/naturalsobib","og_url":"https:\/\/beebipood.ee\/ru\/produkt\/kummut-retro-tamm\/","og_site_name":"Beebipood","article_modified_time":"2025-11-06T13:20:54+00:00","og_image":[{"width":2362,"height":2126,"url":"https:\/\/beebipood.ee\/wp-content\/uploads\/2025\/11\/retro_3drawer_chest_oak_2.jpg","type":"image\/jpeg"}],"twitter_card":"summary_large_image","twitter_misc":{"\u041f\u0440\u0438\u043c\u0435\u0440\u043d\u043e\u0435 \u0432\u0440\u0435\u043c\u044f \u0434\u043b\u044f \u0447\u0442\u0435\u043d\u0438\u044f":"1 \u043c\u0438\u043d\u0443\u0442\u0430"},"schema":{"@context":"https:\/\/schema.org","@graph":[{"@type":"WebPage","@id":"https:\/\/beebipood.ee\/ru\/produkt\/kummut-retro-tamm\/","url":"https:\/\/beebipood.ee\/ru\/produkt\/kummut-retro-tamm\/","name":"Kummut Swing, K\u043e\u043c\u043e\u0434\u044b, \u044f\u0449\u0438\u043a\u0438, K\u043e\u043c\u043e\u0434\u044b, M\u0435\u0431\u0435\u043b\u044c, Ha c\u043a\u043b\u0430\u0434\u0435, Beebipood","isPartOf":{"@id":"https:\/\/beebipood.ee\/ru\/#website"},"primaryImageOfPage":{"@id":"https:\/\/beebipood.ee\/ru\/produkt\/kummut-retro-tamm\/#primaryimage"},"image":{"@id":"https:\/\/beebipood.ee\/ru\/produkt\/kummut-retro-tamm\/#primaryimage"},"thumbnailUrl":"https:\/\/beebipood.ee\/wp-content\/uploads\/2025\/11\/retro_3drawer_chest_oak_2.jpg","datePublished":"2025-11-06T13:14:02+00:00","dateModified":"2025-11-06T13:20:54+00:00","description":"Kummut Swing, tugev ja vastupidav kummutvalmistatud: m\u00f6\u00f6bliplaat, MDF ja t\u00e4ispuitviimistlus: valge\/naturalsobib","breadcrumb":{"@id":"https:\/\/beebipood.ee\/ru\/produkt\/kummut-retro-tamm\/#breadcrumb"},"inLanguage":"ru-RU","potentialAction":[{"@type":"ReadAction","target":["https:\/\/beebipood.ee\/ru\/produkt\/kummut-retro-tamm\/"]}]},{"@type":"ImageObject","inLanguage":"ru-RU","@id":"https:\/\/beebipood.ee\/ru\/produkt\/kummut-retro-tamm\/#primaryimage","url":"https:\/\/beebipood.ee\/wp-content\/uploads\/2025\/11\/retro_3drawer_chest_oak_2.jpg","contentUrl":"https:\/\/beebipood.ee\/wp-content\/uploads\/2025\/11\/retro_3drawer_chest_oak_2.jpg","width":2362,"height":2126},{"@type":"BreadcrumbList","@id":"https:\/\/beebipood.ee\/ru\/produkt\/kummut-retro-tamm\/#breadcrumb","itemListElement":[{"@type":"ListItem","position":1,"name":"Home","item":"https:\/\/beebipood.ee\/ru\/"},{"@type":"ListItem","position":2,"name":"\u041a\u0430\u0442\u0430\u043b\u043e\u0433 \u0442\u043e\u0432\u0430\u0440\u043e\u0432","item":"https:\/\/beebipood.ee\/tooted\/"},{"@type":"ListItem","position":3,"name":"Kummut Retro, tamm"}]},{"@type":"WebSite","@id":"https:\/\/beebipood.ee\/ru\/#website","url":"https:\/\/beebipood.ee\/ru\/","name":"Beebipood","description":"Lastekaubad, beebikaubad, m\u00e4nguasjad","publisher":{"@id":"https:\/\/beebipood.ee\/ru\/#organization"},"potentialAction":[{"@type":"SearchAction","target":{"@type":"EntryPoint","urlTemplate":"https:\/\/beebipood.ee\/ru\/?s={search_term_string}"},"query-input":{"@type":"PropertyValueSpecification","valueRequired":true,"valueName":"search_term_string"}}],"inLanguage":"ru-RU"},{"@type":"Organization","@id":"https:\/\/beebipood.ee\/ru\/#organization","name":"Beebipood","url":"https:\/\/beebipood.ee\/ru\/","logo":{"@type":"ImageObject","inLanguage":"ru-RU","@id":"https:\/\/beebipood.ee\/ru\/#\/schema\/logo\/image\/","url":"https:\/\/beebipood.ee\/wp-content\/uploads\/2025\/03\/beebipood.ee-logo-1.svg","contentUrl":"https:\/\/beebipood.ee\/wp-content\/uploads\/2025\/03\/beebipood.ee-logo-1.svg","caption":"Beebipood"},"image":{"@id":"https:\/\/beebipood.ee\/ru\/#\/schema\/logo\/image\/"}}]}},"brands":[],"_links":{"self":[{"href":"https:\/\/beebipood.ee\/ru\/wp-json\/wp\/v2\/product\/508890","targetHints":{"allow":["GET"]}}],"collection":[{"href":"https:\/\/beebipood.ee\/ru\/wp-json\/wp\/v2\/product"}],"about":[{"href":"https:\/\/beebipood.ee\/ru\/wp-json\/wp\/v2\/types\/product"}],"wp:featuredmedia":[{"embeddable":true,"href":"https:\/\/beebipood.ee\/ru\/wp-json\/wp\/v2\/media\/508894"}],"wp:attachment":[{"href":"https:\/\/beebipood.ee\/ru\/wp-json\/wp\/v2\/media?parent=508890"}],"wp:term":[{"taxonomy":"pwb-brand","embeddable":true,"href":"https:\/\/beebipood.ee\/ru\/wp-json\/wp\/v2\/pwb-brand?post=508890"},{"taxonomy":"product_brand","embeddable":true,"href":"https:\/\/beebipood.ee\/ru\/wp-json\/wp\/v2\/product_brand?post=508890"},{"taxonomy":"product_cat","embeddable":true,"href":"https:\/\/beebipood.ee\/ru\/wp-json\/wp\/v2\/product_cat?post=508890"},{"taxonomy":"product_tag","embeddable":true,"href":"https:\/\/beebipood.ee\/ru\/wp-json\/wp\/v2\/product_tag?post=508890"}],"curies":[{"name":"wp","href":"https:\/\/api.w.org\/{rel}","templated":true}]}}