{"id":509357,"date":"2025-11-28T08:29:24","date_gmt":"2025-11-28T06:29:24","guid":{"rendered":"https:\/\/beebipood.ee\/?post_type=product&#038;p=509357"},"modified":"2025-11-28T08:45:26","modified_gmt":"2025-11-28T06:45:26","slug":"thule-elements-high-performance-soojakott-m-l-black","status":"publish","type":"product","link":"https:\/\/beebipood.ee\/ru\/produkt\/thule-elements-high-performance-soojakott-m-l-black\/","title":{"rendered":"Thule Elements high-performance soojakott M\/L, Black"},"content":{"rendered":"<h2 data-start=\"107\" data-end=\"189\"><strong data-start=\"110\" data-end=\"189\">Ilmastikukindel ja hubane soojakott<\/strong><\/h2>\n<p data-start=\"191\" data-end=\"530\">Varahommikused jalutusk\u00e4igud jahedas talve\u00f5hus v\u00f5i \u00f5htused s\u00f5idud p\u00e4rast lasteaeda \u2013 selle mugava ja vastupidava soojakotiga on sinu laps alati soojas, kuivas ja m\u00f5nusalt hoitud. K\u00f5rgekvaliteediline, hingav ja ilmastikukindel v\u00e4lismaterjal koos esmaklassilise PrimaLoft\u00ae isolatsiooniga tagab lapsele parima kaitse iga ilmaga.<\/p>\n<p data-start=\"532\" data-end=\"732\">Soojakott kasvab koos lapsega ja sobib kasutamiseks kuni umbes 4. eluaastani. Seda saab lihtsalt kohandada nii jalutusk\u00e4rus kui ka jalgrattahaagises, pakkudes paindlikkust igap\u00e4evasteks tegemisteks.<\/p>\n<h3 data-start=\"734\" data-end=\"759\"><strong data-start=\"738\" data-end=\"759\">Peamised eelised:<\/strong><\/h3>\n<ul data-start=\"761\" data-end=\"1402\">\n<li data-start=\"761\" data-end=\"911\">\n<p data-start=\"763\" data-end=\"911\"><strong data-start=\"763\" data-end=\"793\">Tuule- ja veekindel disain<\/strong><br data-start=\"793\" data-end=\"796\" \/>V\u00e4liskest on veekindlusega 10 000 mm ja hingavusega \u00fcle 5 000 g\/m\u00b2\/24h \u2013 ideaalne k\u00fclma, tuule ja niiskuse vastu.<\/p>\n<\/li>\n<li data-start=\"913\" data-end=\"1045\">\n<p data-start=\"915\" data-end=\"1045\"><strong data-start=\"915\" data-end=\"954\">J\u00e4tkusuutlik PrimaLoft\u00ae isolatsioon<\/strong><br data-start=\"954\" data-end=\"957\" \/>Kerge ja soe, sulgpehme ning h\u00fcpoallergeeniline \u2013 t\u00e4iuslik tundliku nahaga v\u00e4ikestele.<\/p>\n<\/li>\n<li data-start=\"1047\" data-end=\"1147\">\n<p data-start=\"1049\" data-end=\"1147\"><strong data-start=\"1049\" data-end=\"1072\">Kasvab koos lapsega<\/strong><br data-start=\"1072\" data-end=\"1075\" \/>Pikendatavad sektsioonid tagavad mugava kasutamise kuni 4. eluaastani.<\/p>\n<\/li>\n<li data-start=\"1149\" data-end=\"1277\">\n<p data-start=\"1151\" data-end=\"1277\"><strong data-start=\"1151\" data-end=\"1179\">Talvine istmekate kaasas<br \/>\n<\/strong>Ringlukk v\u00f5imaldab eemaldada voodri soojemateks ilmadeks v\u00f5i paksude riiete kandmisel.<\/p>\n<\/li>\n<li data-start=\"1279\" data-end=\"1402\">\n<p data-start=\"1281\" data-end=\"1402\"><strong data-start=\"1281\" data-end=\"1302\">Lihtne seadistada<\/strong><br data-start=\"1302\" data-end=\"1305\" \/>Nutikas t\u00f5mben\u00f6\u00f6riga kapuuts tagab pea ja kaela \u00fcmber tiheda sobivuse ning kaitseb k\u00fclmade tuulte eest.<\/p>\n<\/li>\n<\/ul>\n<h3 data-start=\"1404\" data-end=\"1443\"><strong data-start=\"1408\" data-end=\"1441\">Miks vanemad seda armastavad?<\/strong><\/h3>\n<p data-start=\"1444\" data-end=\"1589\">Thule soojakott \u00fchendab praktilisuse, kvaliteedi ja mugavuse \u2013 laps on alati hoitud ja sa saad muretult igap\u00e4evatoimetusi teha, s\u00f5ltumata ilmast.<\/p>\n","protected":false},"excerpt":{"rendered":"<p>Ilmastikukindel ja hubane soojakott Varahommikused jalutusk\u00e4igud jahedas talve\u00f5hus v\u00f5i \u00f5htused s\u00f5idud p\u00e4rast lasteaeda \u2013 selle mugava ja vastupidava soojakotiga on sinu laps alati soojas, kuivas ja m\u00f5nusalt hoitud. K\u00f5rgekvaliteediline, hingav ja ilmastikukindel v\u00e4lismaterjal koos esmaklassilise PrimaLoft\u00ae isolatsiooniga tagab lapsele parima kaitse iga ilmaga. Soojakott kasvab koos lapsega ja sobib kasutamiseks kuni umbes 4. eluaastani. Seda [&hellip;]<\/p>\n","protected":false},"featured_media":509362,"template":"","meta":{"_acf_changed":false},"pwb-brand":[11980],"product_brand":[],"product_cat":[11847,11915,11725,11717],"product_tag":[],"class_list":{"0":"post-509357","1":"product","2":"type-product","3":"status-publish","4":"has-post-thumbnail","6":"pwb-brand-thule-ru","7":"product_cat-thule-ru","8":"product_cat-soojakotid-ru","9":"product_cat-lisatarvikud-ru","10":"product_cat-lastevankrid-ja-karud-ru","11":"pa_manufacturer-bozz-ru","13":"first","14":"onbackorder","15":"taxable","16":"shipping-taxable","17":"purchasable","18":"product-type-simple"},"exclude_global_add_ons":[],"addons":[],"acf":[],"yoast_head":"<!-- This site is optimized with the Yoast SEO plugin v27.1.1 - https:\/\/yoast.com\/product\/yoast-seo-wordpress\/ -->\n<title>Bozz lambavillast soojakott pika karvaga, Grey Melange-Grey, \u0421\u041a\u0418\u0414\u041a\u0418, \u041a\u043e\u043b\u044f\u0441\u043a\u0438, \u041f\u0440\u0438\u043d\u0430\u0434\u043b\u0435\u0436\u043d\u043e\u0441\u0442\u0438, Soojakotid, Beebipood<\/title>\n<meta name=\"description\" content=\"Bozz lambavillast soojakott pika karvaga, Grey Melange-Grey, Pika karvaga lambavillast soojakott, mis kaitseb last k\u00e4reda pakase eest.&lt;span style=\" \/>\n<meta name=\"robots\" content=\"index, follow, max-snippet:-1, max-image-preview:large, max-video-preview:-1\" \/>\n<link rel=\"canonical\" href=\"https:\/\/beebipood.ee\/ru\/produkt\/thule-elements-high-performance-soojakott-m-l-black\/\" \/>\n<meta property=\"og:locale\" content=\"ru_RU\" \/>\n<meta property=\"og:type\" content=\"article\" \/>\n<meta property=\"og:title\" content=\"Bozz lambavillast soojakott pika karvaga, Grey Melange-Grey, \u0421\u041a\u0418\u0414\u041a\u0418, \u041a\u043e\u043b\u044f\u0441\u043a\u0438, \u041f\u0440\u0438\u043d\u0430\u0434\u043b\u0435\u0436\u043d\u043e\u0441\u0442\u0438, Soojakotid, Beebipood\" \/>\n<meta property=\"og:description\" content=\"Bozz lambavillast soojakott pika karvaga, Grey Melange-Grey, Pika karvaga lambavillast soojakott, mis kaitseb last k\u00e4reda pakase eest.&lt;span style=\" \/>\n<meta property=\"og:url\" content=\"https:\/\/beebipood.ee\/ru\/produkt\/thule-elements-high-performance-soojakott-m-l-black\/\" \/>\n<meta property=\"og:site_name\" content=\"Beebipood\" \/>\n<meta property=\"article:modified_time\" content=\"2025-11-28T06:45:26+00:00\" \/>\n<meta property=\"og:image\" content=\"https:\/\/beebipood.ee\/wp-content\/uploads\/2025\/11\/thule-elements-high-performance-footmuff-ml-\u2013-black.jpg\" \/>\n\t<meta property=\"og:image:width\" content=\"1200\" \/>\n\t<meta property=\"og:image:height\" content=\"1200\" \/>\n\t<meta property=\"og:image:type\" content=\"image\/jpeg\" \/>\n<meta name=\"twitter:card\" content=\"summary_large_image\" \/>\n<meta name=\"twitter:label1\" content=\"\u041f\u0440\u0438\u043c\u0435\u0440\u043d\u043e\u0435 \u0432\u0440\u0435\u043c\u044f \u0434\u043b\u044f \u0447\u0442\u0435\u043d\u0438\u044f\" \/>\n\t<meta name=\"twitter:data1\" content=\"2 \u043c\u0438\u043d\u0443\u0442\u044b\" \/>\n<script type=\"application\/ld+json\" class=\"yoast-schema-graph\">{\"@context\":\"https:\/\/schema.org\",\"@graph\":[{\"@type\":\"WebPage\",\"@id\":\"https:\/\/beebipood.ee\/ru\/produkt\/thule-elements-high-performance-soojakott-m-l-black\/\",\"url\":\"https:\/\/beebipood.ee\/ru\/produkt\/thule-elements-high-performance-soojakott-m-l-black\/\",\"name\":\"Bozz lambavillast soojakott pika karvaga, Grey Melange-Grey, \u0421\u041a\u0418\u0414\u041a\u0418, \u041a\u043e\u043b\u044f\u0441\u043a\u0438, \u041f\u0440\u0438\u043d\u0430\u0434\u043b\u0435\u0436\u043d\u043e\u0441\u0442\u0438, Soojakotid, Beebipood\",\"isPartOf\":{\"@id\":\"https:\/\/beebipood.ee\/ru\/#website\"},\"primaryImageOfPage\":{\"@id\":\"https:\/\/beebipood.ee\/ru\/produkt\/thule-elements-high-performance-soojakott-m-l-black\/#primaryimage\"},\"image\":{\"@id\":\"https:\/\/beebipood.ee\/ru\/produkt\/thule-elements-high-performance-soojakott-m-l-black\/#primaryimage\"},\"thumbnailUrl\":\"https:\/\/beebipood.ee\/wp-content\/uploads\/2025\/11\/thule-elements-high-performance-footmuff-ml-\u2013-black.jpg\",\"datePublished\":\"2025-11-28T06:29:24+00:00\",\"dateModified\":\"2025-11-28T06:45:26+00:00\",\"description\":\"Bozz lambavillast soojakott pika karvaga, Grey Melange-Grey, Pika karvaga lambavillast soojakott, mis kaitseb last k\u00e4reda pakase eest.&lt;span style=\",\"breadcrumb\":{\"@id\":\"https:\/\/beebipood.ee\/ru\/produkt\/thule-elements-high-performance-soojakott-m-l-black\/#breadcrumb\"},\"inLanguage\":\"ru-RU\",\"potentialAction\":[{\"@type\":\"ReadAction\",\"target\":[\"https:\/\/beebipood.ee\/ru\/produkt\/thule-elements-high-performance-soojakott-m-l-black\/\"]}]},{\"@type\":\"ImageObject\",\"inLanguage\":\"ru-RU\",\"@id\":\"https:\/\/beebipood.ee\/ru\/produkt\/thule-elements-high-performance-soojakott-m-l-black\/#primaryimage\",\"url\":\"https:\/\/beebipood.ee\/wp-content\/uploads\/2025\/11\/thule-elements-high-performance-footmuff-ml-\u2013-black.jpg\",\"contentUrl\":\"https:\/\/beebipood.ee\/wp-content\/uploads\/2025\/11\/thule-elements-high-performance-footmuff-ml-\u2013-black.jpg\",\"width\":1200,\"height\":1200},{\"@type\":\"BreadcrumbList\",\"@id\":\"https:\/\/beebipood.ee\/ru\/produkt\/thule-elements-high-performance-soojakott-m-l-black\/#breadcrumb\",\"itemListElement\":[{\"@type\":\"ListItem\",\"position\":1,\"name\":\"Home\",\"item\":\"https:\/\/beebipood.ee\/ru\/\"},{\"@type\":\"ListItem\",\"position\":2,\"name\":\"\u041a\u0430\u0442\u0430\u043b\u043e\u0433 \u0442\u043e\u0432\u0430\u0440\u043e\u0432\",\"item\":\"https:\/\/beebipood.ee\/tooted\/\"},{\"@type\":\"ListItem\",\"position\":3,\"name\":\"Thule Elements high-performance soojakott M\/L, Black\"}]},{\"@type\":\"WebSite\",\"@id\":\"https:\/\/beebipood.ee\/ru\/#website\",\"url\":\"https:\/\/beebipood.ee\/ru\/\",\"name\":\"Beebipood\",\"description\":\"Lastekaubad, beebikaubad, m\u00e4nguasjad\",\"publisher\":{\"@id\":\"https:\/\/beebipood.ee\/ru\/#organization\"},\"potentialAction\":[{\"@type\":\"SearchAction\",\"target\":{\"@type\":\"EntryPoint\",\"urlTemplate\":\"https:\/\/beebipood.ee\/ru\/?s={search_term_string}\"},\"query-input\":{\"@type\":\"PropertyValueSpecification\",\"valueRequired\":true,\"valueName\":\"search_term_string\"}}],\"inLanguage\":\"ru-RU\"},{\"@type\":\"Organization\",\"@id\":\"https:\/\/beebipood.ee\/ru\/#organization\",\"name\":\"Beebipood\",\"url\":\"https:\/\/beebipood.ee\/ru\/\",\"logo\":{\"@type\":\"ImageObject\",\"inLanguage\":\"ru-RU\",\"@id\":\"https:\/\/beebipood.ee\/ru\/#\/schema\/logo\/image\/\",\"url\":\"https:\/\/beebipood.ee\/wp-content\/uploads\/2025\/03\/beebipood.ee-logo-1.svg\",\"contentUrl\":\"https:\/\/beebipood.ee\/wp-content\/uploads\/2025\/03\/beebipood.ee-logo-1.svg\",\"caption\":\"Beebipood\"},\"image\":{\"@id\":\"https:\/\/beebipood.ee\/ru\/#\/schema\/logo\/image\/\"}}]}<\/script>\n<!-- \/ Yoast SEO plugin. -->","yoast_head_json":{"title":"Bozz lambavillast soojakott pika karvaga, Grey Melange-Grey, \u0421\u041a\u0418\u0414\u041a\u0418, \u041a\u043e\u043b\u044f\u0441\u043a\u0438, \u041f\u0440\u0438\u043d\u0430\u0434\u043b\u0435\u0436\u043d\u043e\u0441\u0442\u0438, Soojakotid, Beebipood","description":"Bozz lambavillast soojakott pika karvaga, Grey Melange-Grey, Pika karvaga lambavillast soojakott, mis kaitseb last k\u00e4reda pakase eest.&lt;span style=","robots":{"index":"index","follow":"follow","max-snippet":"max-snippet:-1","max-image-preview":"max-image-preview:large","max-video-preview":"max-video-preview:-1"},"canonical":"https:\/\/beebipood.ee\/ru\/produkt\/thule-elements-high-performance-soojakott-m-l-black\/","og_locale":"ru_RU","og_type":"article","og_title":"Bozz lambavillast soojakott pika karvaga, Grey Melange-Grey, \u0421\u041a\u0418\u0414\u041a\u0418, \u041a\u043e\u043b\u044f\u0441\u043a\u0438, \u041f\u0440\u0438\u043d\u0430\u0434\u043b\u0435\u0436\u043d\u043e\u0441\u0442\u0438, Soojakotid, Beebipood","og_description":"Bozz lambavillast soojakott pika karvaga, Grey Melange-Grey, Pika karvaga lambavillast soojakott, mis kaitseb last k\u00e4reda pakase eest.&lt;span style=","og_url":"https:\/\/beebipood.ee\/ru\/produkt\/thule-elements-high-performance-soojakott-m-l-black\/","og_site_name":"Beebipood","article_modified_time":"2025-11-28T06:45:26+00:00","og_image":[{"width":1200,"height":1200,"url":"https:\/\/beebipood.ee\/wp-content\/uploads\/2025\/11\/thule-elements-high-performance-footmuff-ml-\u2013-black.jpg","type":"image\/jpeg"}],"twitter_card":"summary_large_image","twitter_misc":{"\u041f\u0440\u0438\u043c\u0435\u0440\u043d\u043e\u0435 \u0432\u0440\u0435\u043c\u044f \u0434\u043b\u044f \u0447\u0442\u0435\u043d\u0438\u044f":"2 \u043c\u0438\u043d\u0443\u0442\u044b"},"schema":{"@context":"https:\/\/schema.org","@graph":[{"@type":"WebPage","@id":"https:\/\/beebipood.ee\/ru\/produkt\/thule-elements-high-performance-soojakott-m-l-black\/","url":"https:\/\/beebipood.ee\/ru\/produkt\/thule-elements-high-performance-soojakott-m-l-black\/","name":"Bozz lambavillast soojakott pika karvaga, Grey Melange-Grey, \u0421\u041a\u0418\u0414\u041a\u0418, \u041a\u043e\u043b\u044f\u0441\u043a\u0438, \u041f\u0440\u0438\u043d\u0430\u0434\u043b\u0435\u0436\u043d\u043e\u0441\u0442\u0438, Soojakotid, Beebipood","isPartOf":{"@id":"https:\/\/beebipood.ee\/ru\/#website"},"primaryImageOfPage":{"@id":"https:\/\/beebipood.ee\/ru\/produkt\/thule-elements-high-performance-soojakott-m-l-black\/#primaryimage"},"image":{"@id":"https:\/\/beebipood.ee\/ru\/produkt\/thule-elements-high-performance-soojakott-m-l-black\/#primaryimage"},"thumbnailUrl":"https:\/\/beebipood.ee\/wp-content\/uploads\/2025\/11\/thule-elements-high-performance-footmuff-ml-\u2013-black.jpg","datePublished":"2025-11-28T06:29:24+00:00","dateModified":"2025-11-28T06:45:26+00:00","description":"Bozz lambavillast soojakott pika karvaga, Grey Melange-Grey, Pika karvaga lambavillast soojakott, mis kaitseb last k\u00e4reda pakase eest.&lt;span style=","breadcrumb":{"@id":"https:\/\/beebipood.ee\/ru\/produkt\/thule-elements-high-performance-soojakott-m-l-black\/#breadcrumb"},"inLanguage":"ru-RU","potentialAction":[{"@type":"ReadAction","target":["https:\/\/beebipood.ee\/ru\/produkt\/thule-elements-high-performance-soojakott-m-l-black\/"]}]},{"@type":"ImageObject","inLanguage":"ru-RU","@id":"https:\/\/beebipood.ee\/ru\/produkt\/thule-elements-high-performance-soojakott-m-l-black\/#primaryimage","url":"https:\/\/beebipood.ee\/wp-content\/uploads\/2025\/11\/thule-elements-high-performance-footmuff-ml-\u2013-black.jpg","contentUrl":"https:\/\/beebipood.ee\/wp-content\/uploads\/2025\/11\/thule-elements-high-performance-footmuff-ml-\u2013-black.jpg","width":1200,"height":1200},{"@type":"BreadcrumbList","@id":"https:\/\/beebipood.ee\/ru\/produkt\/thule-elements-high-performance-soojakott-m-l-black\/#breadcrumb","itemListElement":[{"@type":"ListItem","position":1,"name":"Home","item":"https:\/\/beebipood.ee\/ru\/"},{"@type":"ListItem","position":2,"name":"\u041a\u0430\u0442\u0430\u043b\u043e\u0433 \u0442\u043e\u0432\u0430\u0440\u043e\u0432","item":"https:\/\/beebipood.ee\/tooted\/"},{"@type":"ListItem","position":3,"name":"Thule Elements high-performance soojakott M\/L, Black"}]},{"@type":"WebSite","@id":"https:\/\/beebipood.ee\/ru\/#website","url":"https:\/\/beebipood.ee\/ru\/","name":"Beebipood","description":"Lastekaubad, beebikaubad, m\u00e4nguasjad","publisher":{"@id":"https:\/\/beebipood.ee\/ru\/#organization"},"potentialAction":[{"@type":"SearchAction","target":{"@type":"EntryPoint","urlTemplate":"https:\/\/beebipood.ee\/ru\/?s={search_term_string}"},"query-input":{"@type":"PropertyValueSpecification","valueRequired":true,"valueName":"search_term_string"}}],"inLanguage":"ru-RU"},{"@type":"Organization","@id":"https:\/\/beebipood.ee\/ru\/#organization","name":"Beebipood","url":"https:\/\/beebipood.ee\/ru\/","logo":{"@type":"ImageObject","inLanguage":"ru-RU","@id":"https:\/\/beebipood.ee\/ru\/#\/schema\/logo\/image\/","url":"https:\/\/beebipood.ee\/wp-content\/uploads\/2025\/03\/beebipood.ee-logo-1.svg","contentUrl":"https:\/\/beebipood.ee\/wp-content\/uploads\/2025\/03\/beebipood.ee-logo-1.svg","caption":"Beebipood"},"image":{"@id":"https:\/\/beebipood.ee\/ru\/#\/schema\/logo\/image\/"}}]}},"brands":[{"id":11980,"name":"THULE","slug":"thule-ru"}],"_links":{"self":[{"href":"https:\/\/beebipood.ee\/ru\/wp-json\/wp\/v2\/product\/509357","targetHints":{"allow":["GET"]}}],"collection":[{"href":"https:\/\/beebipood.ee\/ru\/wp-json\/wp\/v2\/product"}],"about":[{"href":"https:\/\/beebipood.ee\/ru\/wp-json\/wp\/v2\/types\/product"}],"wp:featuredmedia":[{"embeddable":true,"href":"https:\/\/beebipood.ee\/ru\/wp-json\/wp\/v2\/media\/509362"}],"wp:attachment":[{"href":"https:\/\/beebipood.ee\/ru\/wp-json\/wp\/v2\/media?parent=509357"}],"wp:term":[{"taxonomy":"pwb-brand","embeddable":true,"href":"https:\/\/beebipood.ee\/ru\/wp-json\/wp\/v2\/pwb-brand?post=509357"},{"taxonomy":"product_brand","embeddable":true,"href":"https:\/\/beebipood.ee\/ru\/wp-json\/wp\/v2\/product_brand?post=509357"},{"taxonomy":"product_cat","embeddable":true,"href":"https:\/\/beebipood.ee\/ru\/wp-json\/wp\/v2\/product_cat?post=509357"},{"taxonomy":"product_tag","embeddable":true,"href":"https:\/\/beebipood.ee\/ru\/wp-json\/wp\/v2\/product_tag?post=509357"}],"curies":[{"name":"wp","href":"https:\/\/api.w.org\/{rel}","templated":true}]}}