{"id":509580,"date":"2025-12-10T14:41:08","date_gmt":"2025-12-10T12:41:08","guid":{"rendered":"https:\/\/beebipood.ee\/?post_type=product&#038;p=509580"},"modified":"2025-12-10T15:41:45","modified_gmt":"2025-12-10T13:41:45","slug":"kott-tool-yappyhug-anthracite","status":"publish","type":"product","link":"https:\/\/beebipood.ee\/ru\/produkt\/kott-tool-yappyhug-anthracite\/","title":{"rendered":"Kott-tool YappyHug, Anthracite"},"content":{"rendered":"<p data-start=\"2306\" data-end=\"2328\"><strong data-start=\"2306\" data-end=\"2328\">YappyHug kott-tool<\/strong><\/p>\n<p data-start=\"2330\" data-end=\"2384\"><strong data-start=\"2330\" data-end=\"2341\">M\u00f5\u00f5dud:<\/strong>\u00a070 \u00d7 50 \u00d7 80 cm (laius \u00d7 k\u00f5rgus \u00d7 s\u00fcgavus)<\/p>\n<p data-start=\"2386\" data-end=\"2534\">Praktiline, mugav ja visuaalselt harmooniline lahendus igap\u00e4evaseks puhkuseks. Minimalistlik disain, mis t\u00e4iendab suurep\u00e4raselt lastetoa interj\u00f6\u00f6ri.<\/p>\n<p data-start=\"2536\" data-end=\"2748\">YappyHug kott-tool on loodud mitmek\u00fclgse istmena, mis sobib h\u00e4sti nii lastetuppa kui ka elutuppa. Selle kuju kohandub lapse kehaga, pakkudes tuge seljale ja mugavat asendit pikemaks istumiseks v\u00f5i l\u00f5\u00f5gastumiseks.<\/p>\n<p data-start=\"2750\" data-end=\"2946\">Kott-tool on t\u00e4idetud kvaliteetsete EPS-helmestega, mis s\u00e4ilitavad elastsuse ja mugavuse ka pikaajalisel kasutamisel. Kate on pehme, meeldiv puudutada ja kergesti eemaldatav \u2013 mugavaks hoolduseks.<\/p>\n<p data-start=\"2948\" data-end=\"3013\">Sobib lastele vanuses 2 kuni 10 aastat, kuid meeldib kogu perele!<\/p>\n<p data-start=\"3015\" data-end=\"3116\"><strong data-start=\"3015\" data-end=\"3030\">Materjalid:<\/strong><br data-start=\"3030\" data-end=\"3033\" \/>Kate: 100% pol\u00fcester, OEKO-TEX sertifikaadiga<br data-start=\"3078\" data-end=\"3081\" \/>T\u00e4idis: 100% pol\u00fcester (EPS-helmed)<\/p>\n<p data-start=\"3118\" data-end=\"3263\"><strong data-start=\"3118\" data-end=\"3130\">Hooldus:<\/strong><br data-start=\"3130\" data-end=\"3133\" \/>\u2714 Pesta madalal temperatuuril, soovitatav k\u00e4sipesu<br data-start=\"3183\" data-end=\"3186\" \/>\u2714 Mitte pleegitada<br data-start=\"3204\" data-end=\"3207\" \/>\u2714 Kuivatada riputatult<br data-start=\"3229\" data-end=\"3232\" \/>\u2714 Mitte keemiliselt puhastada<\/p>\n","protected":false},"excerpt":{"rendered":"<p>YappyHug kott-tool M\u00f5\u00f5dud:\u00a070 \u00d7 50 \u00d7 80 cm (laius \u00d7 k\u00f5rgus \u00d7 s\u00fcgavus) Praktiline, mugav ja visuaalselt harmooniline lahendus igap\u00e4evaseks puhkuseks. Minimalistlik disain, mis t\u00e4iendab suurep\u00e4raselt lastetoa interj\u00f6\u00f6ri. YappyHug kott-tool on loodud mitmek\u00fclgse istmena, mis sobib h\u00e4sti nii lastetuppa kui ka elutuppa. Selle kuju kohandub lapse kehaga, pakkudes tuge seljale ja mugavat asendit pikemaks istumiseks [&hellip;]<\/p>\n","protected":false},"featured_media":509582,"template":"","meta":{"_acf_changed":false},"pwb-brand":[11969],"product_brand":[],"product_cat":[11575,11621,11565,11789],"product_tag":[],"class_list":{"0":"post-509580","1":"product","2":"type-product","3":"status-publish","4":"has-post-thumbnail","6":"pwb-brand-yappykids-ru","7":"product_cat-uued-tooted-ru","8":"product_cat-kott-toolid-ru","9":"product_cat-pehme-moobel-kott-toolid-tumbad-ru","10":"product_cat-lastemoobel-ja-sisustus-ru","12":"first","13":"onbackorder","14":"sale","15":"taxable","16":"shipping-taxable","17":"purchasable","18":"product-type-simple"},"exclude_global_add_ons":[],"addons":[],"acf":[],"yoast_head":"<!-- This site is optimized with the Yoast SEO plugin v27.1.1 - https:\/\/yoast.com\/product\/yoast-seo-wordpress\/ -->\n<title>Kott-tool Liisu DeLux 250L, \u041c\u044f\u0433\u043a\u0430\u044f \u043c\u0435\u0431\u0435\u043b\u044c, \u043a\u0440\u0435\u0441\u043b\u043e-\u043c\u0435\u0448\u043e\u043a,\u0442\u0443\u043c\u0431\u044b, \u041a\u0440\u0435\u0441\u043b\u043e-\u043c\u0435\u0448\u043e\u043a, M\u0435\u0431\u0435\u043b\u044c, Beebipood<\/title>\n<meta name=\"description\" content=\"Kott-tool Liisu DeLux 250L, * kott-tool Liisu DeLux on \u00f5mmeldud kokku erinevat v\u00e4rvi\u00a0pol\u00fcesterkanga paanidest\u00a0&lt;\" \/>\n<meta name=\"robots\" content=\"index, follow, max-snippet:-1, max-image-preview:large, max-video-preview:-1\" \/>\n<link rel=\"canonical\" href=\"https:\/\/beebipood.ee\/ru\/produkt\/kott-tool-yappyhug-anthracite\/\" \/>\n<meta property=\"og:locale\" content=\"ru_RU\" \/>\n<meta property=\"og:type\" content=\"article\" \/>\n<meta property=\"og:title\" content=\"Kott-tool Liisu DeLux 250L, \u041c\u044f\u0433\u043a\u0430\u044f \u043c\u0435\u0431\u0435\u043b\u044c, \u043a\u0440\u0435\u0441\u043b\u043e-\u043c\u0435\u0448\u043e\u043a,\u0442\u0443\u043c\u0431\u044b, \u041a\u0440\u0435\u0441\u043b\u043e-\u043c\u0435\u0448\u043e\u043a, M\u0435\u0431\u0435\u043b\u044c, Beebipood\" \/>\n<meta property=\"og:description\" content=\"Kott-tool Liisu DeLux 250L, * kott-tool Liisu DeLux on \u00f5mmeldud kokku erinevat v\u00e4rvi\u00a0pol\u00fcesterkanga paanidest\u00a0&lt;\" \/>\n<meta property=\"og:url\" content=\"https:\/\/beebipood.ee\/ru\/produkt\/kott-tool-yappyhug-anthracite\/\" \/>\n<meta property=\"og:site_name\" content=\"Beebipood\" \/>\n<meta property=\"article:modified_time\" content=\"2025-12-10T13:41:45+00:00\" \/>\n<meta property=\"og:image\" content=\"https:\/\/beebipood.ee\/wp-content\/uploads\/2025\/12\/yappyhug-kott-tool-anthracite.webp\" \/>\n\t<meta property=\"og:image:width\" content=\"1065\" \/>\n\t<meta property=\"og:image:height\" content=\"1000\" \/>\n\t<meta property=\"og:image:type\" content=\"image\/webp\" \/>\n<meta name=\"twitter:card\" content=\"summary_large_image\" \/>\n<meta name=\"twitter:label1\" content=\"\u041f\u0440\u0438\u043c\u0435\u0440\u043d\u043e\u0435 \u0432\u0440\u0435\u043c\u044f \u0434\u043b\u044f \u0447\u0442\u0435\u043d\u0438\u044f\" \/>\n\t<meta name=\"twitter:data1\" content=\"1 \u043c\u0438\u043d\u0443\u0442\u0430\" \/>\n<script type=\"application\/ld+json\" class=\"yoast-schema-graph\">{\"@context\":\"https:\/\/schema.org\",\"@graph\":[{\"@type\":\"WebPage\",\"@id\":\"https:\/\/beebipood.ee\/ru\/produkt\/kott-tool-yappyhug-anthracite\/\",\"url\":\"https:\/\/beebipood.ee\/ru\/produkt\/kott-tool-yappyhug-anthracite\/\",\"name\":\"Kott-tool Liisu DeLux 250L, \u041c\u044f\u0433\u043a\u0430\u044f \u043c\u0435\u0431\u0435\u043b\u044c, \u043a\u0440\u0435\u0441\u043b\u043e-\u043c\u0435\u0448\u043e\u043a,\u0442\u0443\u043c\u0431\u044b, \u041a\u0440\u0435\u0441\u043b\u043e-\u043c\u0435\u0448\u043e\u043a, M\u0435\u0431\u0435\u043b\u044c, Beebipood\",\"isPartOf\":{\"@id\":\"https:\/\/beebipood.ee\/ru\/#website\"},\"primaryImageOfPage\":{\"@id\":\"https:\/\/beebipood.ee\/ru\/produkt\/kott-tool-yappyhug-anthracite\/#primaryimage\"},\"image\":{\"@id\":\"https:\/\/beebipood.ee\/ru\/produkt\/kott-tool-yappyhug-anthracite\/#primaryimage\"},\"thumbnailUrl\":\"https:\/\/beebipood.ee\/wp-content\/uploads\/2025\/12\/yappyhug-kott-tool-anthracite.webp\",\"datePublished\":\"2025-12-10T12:41:08+00:00\",\"dateModified\":\"2025-12-10T13:41:45+00:00\",\"description\":\"Kott-tool Liisu DeLux 250L, * kott-tool Liisu DeLux on \u00f5mmeldud kokku erinevat v\u00e4rvi\u00a0pol\u00fcesterkanga paanidest\u00a0&lt;\",\"breadcrumb\":{\"@id\":\"https:\/\/beebipood.ee\/ru\/produkt\/kott-tool-yappyhug-anthracite\/#breadcrumb\"},\"inLanguage\":\"ru-RU\",\"potentialAction\":[{\"@type\":\"ReadAction\",\"target\":[\"https:\/\/beebipood.ee\/ru\/produkt\/kott-tool-yappyhug-anthracite\/\"]}]},{\"@type\":\"ImageObject\",\"inLanguage\":\"ru-RU\",\"@id\":\"https:\/\/beebipood.ee\/ru\/produkt\/kott-tool-yappyhug-anthracite\/#primaryimage\",\"url\":\"https:\/\/beebipood.ee\/wp-content\/uploads\/2025\/12\/yappyhug-kott-tool-anthracite.webp\",\"contentUrl\":\"https:\/\/beebipood.ee\/wp-content\/uploads\/2025\/12\/yappyhug-kott-tool-anthracite.webp\",\"width\":1065,\"height\":1000},{\"@type\":\"BreadcrumbList\",\"@id\":\"https:\/\/beebipood.ee\/ru\/produkt\/kott-tool-yappyhug-anthracite\/#breadcrumb\",\"itemListElement\":[{\"@type\":\"ListItem\",\"position\":1,\"name\":\"Home\",\"item\":\"https:\/\/beebipood.ee\/ru\/\"},{\"@type\":\"ListItem\",\"position\":2,\"name\":\"\u041a\u0430\u0442\u0430\u043b\u043e\u0433 \u0442\u043e\u0432\u0430\u0440\u043e\u0432\",\"item\":\"https:\/\/beebipood.ee\/tooted\/\"},{\"@type\":\"ListItem\",\"position\":3,\"name\":\"Kott-tool YappyHug, Anthracite\"}]},{\"@type\":\"WebSite\",\"@id\":\"https:\/\/beebipood.ee\/ru\/#website\",\"url\":\"https:\/\/beebipood.ee\/ru\/\",\"name\":\"Beebipood\",\"description\":\"Lastekaubad, beebikaubad, m\u00e4nguasjad\",\"publisher\":{\"@id\":\"https:\/\/beebipood.ee\/ru\/#organization\"},\"potentialAction\":[{\"@type\":\"SearchAction\",\"target\":{\"@type\":\"EntryPoint\",\"urlTemplate\":\"https:\/\/beebipood.ee\/ru\/?s={search_term_string}\"},\"query-input\":{\"@type\":\"PropertyValueSpecification\",\"valueRequired\":true,\"valueName\":\"search_term_string\"}}],\"inLanguage\":\"ru-RU\"},{\"@type\":\"Organization\",\"@id\":\"https:\/\/beebipood.ee\/ru\/#organization\",\"name\":\"Beebipood\",\"url\":\"https:\/\/beebipood.ee\/ru\/\",\"logo\":{\"@type\":\"ImageObject\",\"inLanguage\":\"ru-RU\",\"@id\":\"https:\/\/beebipood.ee\/ru\/#\/schema\/logo\/image\/\",\"url\":\"https:\/\/beebipood.ee\/wp-content\/uploads\/2025\/03\/beebipood.ee-logo-1.svg\",\"contentUrl\":\"https:\/\/beebipood.ee\/wp-content\/uploads\/2025\/03\/beebipood.ee-logo-1.svg\",\"caption\":\"Beebipood\"},\"image\":{\"@id\":\"https:\/\/beebipood.ee\/ru\/#\/schema\/logo\/image\/\"}}]}<\/script>\n<!-- \/ Yoast SEO plugin. -->","yoast_head_json":{"title":"Kott-tool Liisu DeLux 250L, \u041c\u044f\u0433\u043a\u0430\u044f \u043c\u0435\u0431\u0435\u043b\u044c, \u043a\u0440\u0435\u0441\u043b\u043e-\u043c\u0435\u0448\u043e\u043a,\u0442\u0443\u043c\u0431\u044b, \u041a\u0440\u0435\u0441\u043b\u043e-\u043c\u0435\u0448\u043e\u043a, M\u0435\u0431\u0435\u043b\u044c, Beebipood","description":"Kott-tool Liisu DeLux 250L, * kott-tool Liisu DeLux on \u00f5mmeldud kokku erinevat v\u00e4rvi\u00a0pol\u00fcesterkanga paanidest\u00a0&lt;","robots":{"index":"index","follow":"follow","max-snippet":"max-snippet:-1","max-image-preview":"max-image-preview:large","max-video-preview":"max-video-preview:-1"},"canonical":"https:\/\/beebipood.ee\/ru\/produkt\/kott-tool-yappyhug-anthracite\/","og_locale":"ru_RU","og_type":"article","og_title":"Kott-tool Liisu DeLux 250L, \u041c\u044f\u0433\u043a\u0430\u044f \u043c\u0435\u0431\u0435\u043b\u044c, \u043a\u0440\u0435\u0441\u043b\u043e-\u043c\u0435\u0448\u043e\u043a,\u0442\u0443\u043c\u0431\u044b, \u041a\u0440\u0435\u0441\u043b\u043e-\u043c\u0435\u0448\u043e\u043a, M\u0435\u0431\u0435\u043b\u044c, Beebipood","og_description":"Kott-tool Liisu DeLux 250L, * kott-tool Liisu DeLux on \u00f5mmeldud kokku erinevat v\u00e4rvi\u00a0pol\u00fcesterkanga paanidest\u00a0&lt;","og_url":"https:\/\/beebipood.ee\/ru\/produkt\/kott-tool-yappyhug-anthracite\/","og_site_name":"Beebipood","article_modified_time":"2025-12-10T13:41:45+00:00","og_image":[{"width":1065,"height":1000,"url":"https:\/\/beebipood.ee\/wp-content\/uploads\/2025\/12\/yappyhug-kott-tool-anthracite.webp","type":"image\/webp"}],"twitter_card":"summary_large_image","twitter_misc":{"\u041f\u0440\u0438\u043c\u0435\u0440\u043d\u043e\u0435 \u0432\u0440\u0435\u043c\u044f \u0434\u043b\u044f \u0447\u0442\u0435\u043d\u0438\u044f":"1 \u043c\u0438\u043d\u0443\u0442\u0430"},"schema":{"@context":"https:\/\/schema.org","@graph":[{"@type":"WebPage","@id":"https:\/\/beebipood.ee\/ru\/produkt\/kott-tool-yappyhug-anthracite\/","url":"https:\/\/beebipood.ee\/ru\/produkt\/kott-tool-yappyhug-anthracite\/","name":"Kott-tool Liisu DeLux 250L, \u041c\u044f\u0433\u043a\u0430\u044f \u043c\u0435\u0431\u0435\u043b\u044c, \u043a\u0440\u0435\u0441\u043b\u043e-\u043c\u0435\u0448\u043e\u043a,\u0442\u0443\u043c\u0431\u044b, \u041a\u0440\u0435\u0441\u043b\u043e-\u043c\u0435\u0448\u043e\u043a, M\u0435\u0431\u0435\u043b\u044c, Beebipood","isPartOf":{"@id":"https:\/\/beebipood.ee\/ru\/#website"},"primaryImageOfPage":{"@id":"https:\/\/beebipood.ee\/ru\/produkt\/kott-tool-yappyhug-anthracite\/#primaryimage"},"image":{"@id":"https:\/\/beebipood.ee\/ru\/produkt\/kott-tool-yappyhug-anthracite\/#primaryimage"},"thumbnailUrl":"https:\/\/beebipood.ee\/wp-content\/uploads\/2025\/12\/yappyhug-kott-tool-anthracite.webp","datePublished":"2025-12-10T12:41:08+00:00","dateModified":"2025-12-10T13:41:45+00:00","description":"Kott-tool Liisu DeLux 250L, * kott-tool Liisu DeLux on \u00f5mmeldud kokku erinevat v\u00e4rvi\u00a0pol\u00fcesterkanga paanidest\u00a0&lt;","breadcrumb":{"@id":"https:\/\/beebipood.ee\/ru\/produkt\/kott-tool-yappyhug-anthracite\/#breadcrumb"},"inLanguage":"ru-RU","potentialAction":[{"@type":"ReadAction","target":["https:\/\/beebipood.ee\/ru\/produkt\/kott-tool-yappyhug-anthracite\/"]}]},{"@type":"ImageObject","inLanguage":"ru-RU","@id":"https:\/\/beebipood.ee\/ru\/produkt\/kott-tool-yappyhug-anthracite\/#primaryimage","url":"https:\/\/beebipood.ee\/wp-content\/uploads\/2025\/12\/yappyhug-kott-tool-anthracite.webp","contentUrl":"https:\/\/beebipood.ee\/wp-content\/uploads\/2025\/12\/yappyhug-kott-tool-anthracite.webp","width":1065,"height":1000},{"@type":"BreadcrumbList","@id":"https:\/\/beebipood.ee\/ru\/produkt\/kott-tool-yappyhug-anthracite\/#breadcrumb","itemListElement":[{"@type":"ListItem","position":1,"name":"Home","item":"https:\/\/beebipood.ee\/ru\/"},{"@type":"ListItem","position":2,"name":"\u041a\u0430\u0442\u0430\u043b\u043e\u0433 \u0442\u043e\u0432\u0430\u0440\u043e\u0432","item":"https:\/\/beebipood.ee\/tooted\/"},{"@type":"ListItem","position":3,"name":"Kott-tool YappyHug, Anthracite"}]},{"@type":"WebSite","@id":"https:\/\/beebipood.ee\/ru\/#website","url":"https:\/\/beebipood.ee\/ru\/","name":"Beebipood","description":"Lastekaubad, beebikaubad, m\u00e4nguasjad","publisher":{"@id":"https:\/\/beebipood.ee\/ru\/#organization"},"potentialAction":[{"@type":"SearchAction","target":{"@type":"EntryPoint","urlTemplate":"https:\/\/beebipood.ee\/ru\/?s={search_term_string}"},"query-input":{"@type":"PropertyValueSpecification","valueRequired":true,"valueName":"search_term_string"}}],"inLanguage":"ru-RU"},{"@type":"Organization","@id":"https:\/\/beebipood.ee\/ru\/#organization","name":"Beebipood","url":"https:\/\/beebipood.ee\/ru\/","logo":{"@type":"ImageObject","inLanguage":"ru-RU","@id":"https:\/\/beebipood.ee\/ru\/#\/schema\/logo\/image\/","url":"https:\/\/beebipood.ee\/wp-content\/uploads\/2025\/03\/beebipood.ee-logo-1.svg","contentUrl":"https:\/\/beebipood.ee\/wp-content\/uploads\/2025\/03\/beebipood.ee-logo-1.svg","caption":"Beebipood"},"image":{"@id":"https:\/\/beebipood.ee\/ru\/#\/schema\/logo\/image\/"}}]}},"brands":[{"id":11969,"name":"YappyKids","slug":"yappykids-ru"}],"_links":{"self":[{"href":"https:\/\/beebipood.ee\/ru\/wp-json\/wp\/v2\/product\/509580","targetHints":{"allow":["GET"]}}],"collection":[{"href":"https:\/\/beebipood.ee\/ru\/wp-json\/wp\/v2\/product"}],"about":[{"href":"https:\/\/beebipood.ee\/ru\/wp-json\/wp\/v2\/types\/product"}],"wp:featuredmedia":[{"embeddable":true,"href":"https:\/\/beebipood.ee\/ru\/wp-json\/wp\/v2\/media\/509582"}],"wp:attachment":[{"href":"https:\/\/beebipood.ee\/ru\/wp-json\/wp\/v2\/media?parent=509580"}],"wp:term":[{"taxonomy":"pwb-brand","embeddable":true,"href":"https:\/\/beebipood.ee\/ru\/wp-json\/wp\/v2\/pwb-brand?post=509580"},{"taxonomy":"product_brand","embeddable":true,"href":"https:\/\/beebipood.ee\/ru\/wp-json\/wp\/v2\/product_brand?post=509580"},{"taxonomy":"product_cat","embeddable":true,"href":"https:\/\/beebipood.ee\/ru\/wp-json\/wp\/v2\/product_cat?post=509580"},{"taxonomy":"product_tag","embeddable":true,"href":"https:\/\/beebipood.ee\/ru\/wp-json\/wp\/v2\/product_tag?post=509580"}],"curies":[{"name":"wp","href":"https:\/\/api.w.org\/{rel}","templated":true}]}}