{"id":509762,"date":"2025-12-13T15:21:21","date_gmt":"2025-12-13T13:21:21","guid":{"rendered":"https:\/\/beebipood.ee\/?post_type=product&#038;p=509762"},"modified":"2025-12-13T16:04:27","modified_gmt":"2025-12-13T14:04:27","slug":"twistshake-6-uhes-auruti-ja-blender-beebitoidu-valmistamiseks-black","status":"publish","type":"product","link":"https:\/\/beebipood.ee\/ru\/produkt\/twistshake-6-uhes-auruti-ja-blender-beebitoidu-valmistamiseks-black\/","title":{"rendered":"Twistshake 6-\u00fches auruti ja blender beebitoidu valmistamiseks, black"},"content":{"rendered":"<h3 data-start=\"125\" data-end=\"190\">Twistshake 6-\u00fches auruti ja blender beebitoidu valmistamiseks<\/h3>\n<p data-start=\"192\" data-end=\"504\">Valmista oma beebile <strong data-start=\"213\" data-end=\"269\">tervislik ja v\u00e4rske kodune toit lihtsalt ja mugavalt<\/strong>. Twistshake\u2019i nutikas 6-\u00fches k\u00f6\u00f6giseade \u00fchendab endas aurutamise, segamise, sulatamise ja steriliseerimise \u2013 k\u00f5ik \u00fches kompaktses ja stiilses seadmes. See praktiline abiline muudab igap\u00e4evase toiduvalmistamise kiiremaks ja muretumaks.<\/p>\n<h4 data-start=\"506\" data-end=\"553\">K\u00f5ik, mida vajad beebitoidu valmistamiseks<\/h4>\n<ul data-start=\"554\" data-end=\"716\">\n<li data-start=\"554\" data-end=\"610\">\n<p data-start=\"556\" data-end=\"610\">Aurutamine, segamine, sulatamine ja steriliseerimine<\/p>\n<\/li>\n<li data-start=\"611\" data-end=\"672\">\n<p data-start=\"613\" data-end=\"672\">Automaatne segamisprogramm \u00fchtlase tulemuse saavutamiseks<\/p>\n<\/li>\n<li data-start=\"673\" data-end=\"716\">\n<p data-start=\"675\" data-end=\"716\">Sisseehitatud automaatne puhastusre\u017eiim<\/p>\n<\/li>\n<\/ul>\n<h4 data-start=\"718\" data-end=\"757\">Nutikas ja kasutajas\u00f5bralik disain<\/h4>\n<ul data-start=\"758\" data-end=\"906\">\n<li data-start=\"758\" data-end=\"791\">\n<p data-start=\"760\" data-end=\"791\">\u00d5huke ja ruumis\u00e4\u00e4stlik korpus<\/p>\n<\/li>\n<li data-start=\"792\" data-end=\"852\">\n<p data-start=\"794\" data-end=\"852\">Tundlik puutetundlik ekraan suurte valgustatud nuppudega<\/p>\n<\/li>\n<li data-start=\"853\" data-end=\"906\">\n<p data-start=\"855\" data-end=\"906\">T\u00e4pne taimer, mida saab seadistada 1 minuti kaupa<\/p>\n<\/li>\n<\/ul>\n<h4 data-start=\"908\" data-end=\"941\">Lihtne puhastada ja hooldada<\/h4>\n<ul data-start=\"942\" data-end=\"1076\">\n<li data-start=\"942\" data-end=\"998\">\n<p data-start=\"944\" data-end=\"998\">Automaatne puhastusprogramm kannule ja segamisterale<\/p>\n<\/li>\n<li data-start=\"999\" data-end=\"1076\">\n<p data-start=\"1001\" data-end=\"1076\">Enamik osi sobib n\u00f5udepesumasinas pesemiseks<br data-start=\"1045\" data-end=\"1048\" \/><em data-start=\"1050\" data-end=\"1074\">(v.a elektriline alus)<\/em><\/p>\n<\/li>\n<\/ul>\n<h4 data-start=\"1078\" data-end=\"1097\">Toote omadused<\/h4>\n<ul data-start=\"1098\" data-end=\"1278\">\n<li data-start=\"1098\" data-end=\"1128\">\n<p data-start=\"1100\" data-end=\"1128\">6 funktsiooni \u00fches seadmes<\/p>\n<\/li>\n<li data-start=\"1129\" data-end=\"1163\">\n<p data-start=\"1131\" data-end=\"1163\">Mitmek\u00fclgne ja lihtne kasutada<\/p>\n<\/li>\n<li data-start=\"1164\" data-end=\"1185\">\n<p data-start=\"1166\" data-end=\"1185\">Mahutavus: 300 ml<\/p>\n<\/li>\n<li data-start=\"1186\" data-end=\"1220\">\n<p data-start=\"1188\" data-end=\"1220\">Aurutuskorv mugava k\u00e4epidemega<\/p>\n<\/li>\n<li data-start=\"1221\" data-end=\"1278\">\n<p data-start=\"1223\" data-end=\"1278\">Kiirelt kokku pandav ja igap\u00e4evaseks kasutuseks sobiv<\/p>\n<\/li>\n<\/ul>\n<h3 data-start=\"1280\" data-end=\"1307\">Miks valida Twistshake?<\/h3>\n<p data-start=\"1308\" data-end=\"1638\">Otsid usaldusv\u00e4\u00e4rset lahendust, et valmistada oma lapsele <strong data-start=\"1366\" data-end=\"1403\">v\u00e4rskeid ja toitvaid eineid kodus<\/strong>? Twistshake 6-\u00fches beebitoidu valmistaja on loodud just vanematele, kes hindavad lihtsust, turvalisust ja kvaliteeti. T\u00e4nu intuitiivsele juhtimisele ja automaatsetele programmidele sobib see suurep\u00e4raselt ka kiire elutempoga peredele.<\/p>\n<p data-start=\"1640\" data-end=\"1837\">Minimalistlik Rootsi disain ei v\u00f5ta k\u00f6\u00f6gis palju ruumi ning teeb seadme igap\u00e4evase kasutamise nauditavaks. Lisaks on komplektis praktilised lisatarvikud, mis sobivad h\u00e4sti ka toidu kaasa v\u00f5tmiseks.<\/p>\n<p data-start=\"1839\" data-end=\"1903\"><strong data-start=\"1839\" data-end=\"1900\">Twistshake \u2013 v\u00e4hem muret, rohkem aega oma pisikese jaoks.<\/strong> \ud83d\udc9b<\/p>\n","protected":false},"excerpt":{"rendered":"<p>Twistshake 6-\u00fches auruti ja blender beebitoidu valmistamiseks Valmista oma beebile tervislik ja v\u00e4rske kodune toit lihtsalt ja mugavalt. Twistshake\u2019i nutikas 6-\u00fches k\u00f6\u00f6giseade \u00fchendab endas aurutamise, segamise, sulatamise ja steriliseerimise \u2013 k\u00f5ik \u00fches kompaktses ja stiilses seadmes. See praktiline abiline muudab igap\u00e4evase toiduvalmistamise kiiremaks ja muretumaks. K\u00f5ik, mida vajad beebitoidu valmistamiseks Aurutamine, segamine, sulatamine ja steriliseerimine [&hellip;]<\/p>\n","protected":false},"featured_media":509774,"template":"","meta":{"_acf_changed":false},"pwb-brand":[11958],"product_brand":[],"product_cat":[11575,11709,11883],"product_tag":[],"class_list":{"0":"post-509762","1":"product","2":"type-product","3":"status-publish","4":"has-post-thumbnail","6":"pwb-brand-twistshake-ru","7":"product_cat-uued-tooted-ru","8":"product_cat-sootmistoolid-beebi-ja-lastetarbed-mahkimine-hugieen-ru","9":"product_cat-toidu-valmistamine-ru","10":"pa_manufacturer-babybrezza-ru","12":"first","13":"onbackorder","14":"taxable","15":"shipping-taxable","16":"purchasable","17":"product-type-simple"},"exclude_global_add_ons":[],"addons":[],"acf":[],"yoast_head":"<!-- This site is optimized with the Yoast SEO plugin v27.1.1 - https:\/\/yoast.com\/product\/yoast-seo-wordpress\/ -->\n<title>Baby Brezza One Step Food Maker Deluxe, auruti-kannmikser, \u0421\u041a\u0418\u0414\u041a\u0418, \u041f\u0440\u0438\u043d\u0430\u0434\u043b\u0435\u0436\u043d\u043e\u0441\u0442\u0438 \u0434\u043b\u044f \u043c\u043b\u0430\u0434\u0435\u043d\u0446\u0435\u0432, \u041f\u0440\u0438\u0433\u043e\u0442\u043e\u0432\u043b\u0435\u043d\u0438\u0435 , Beebipood<\/title>\n<meta name=\"description\" content=\"Baby Brezza One Step Food Maker Deluxe, auruti-kannmikser, Baby Brezza One Step Food Maker Deluxe saate lihtsalt valmistada koduseid imikutoite. Auruta\" \/>\n<meta name=\"robots\" content=\"index, follow, max-snippet:-1, max-image-preview:large, max-video-preview:-1\" \/>\n<link rel=\"canonical\" href=\"https:\/\/beebipood.ee\/ru\/produkt\/twistshake-6-uhes-auruti-ja-blender-beebitoidu-valmistamiseks-black\/\" \/>\n<meta property=\"og:locale\" content=\"ru_RU\" \/>\n<meta property=\"og:type\" content=\"article\" \/>\n<meta property=\"og:title\" content=\"Baby Brezza One Step Food Maker Deluxe, auruti-kannmikser, \u0421\u041a\u0418\u0414\u041a\u0418, \u041f\u0440\u0438\u043d\u0430\u0434\u043b\u0435\u0436\u043d\u043e\u0441\u0442\u0438 \u0434\u043b\u044f \u043c\u043b\u0430\u0434\u0435\u043d\u0446\u0435\u0432, \u041f\u0440\u0438\u0433\u043e\u0442\u043e\u0432\u043b\u0435\u043d\u0438\u0435 , Beebipood\" \/>\n<meta property=\"og:description\" content=\"Baby Brezza One Step Food Maker Deluxe, auruti-kannmikser, Baby Brezza One Step Food Maker Deluxe saate lihtsalt valmistada koduseid imikutoite. Auruta\" \/>\n<meta property=\"og:url\" content=\"https:\/\/beebipood.ee\/ru\/produkt\/twistshake-6-uhes-auruti-ja-blender-beebitoidu-valmistamiseks-black\/\" \/>\n<meta property=\"og:site_name\" content=\"Beebipood\" \/>\n<meta property=\"article:modified_time\" content=\"2025-12-13T14:04:27+00:00\" \/>\n<meta property=\"og:image\" content=\"https:\/\/beebipood.ee\/wp-content\/uploads\/2025\/12\/twistshake-trintuvas-garintuvas-juodas-78660.jpg\" \/>\n\t<meta property=\"og:image:width\" content=\"1188\" \/>\n\t<meta property=\"og:image:height\" content=\"1188\" \/>\n\t<meta property=\"og:image:type\" content=\"image\/jpeg\" \/>\n<meta name=\"twitter:card\" content=\"summary_large_image\" \/>\n<meta name=\"twitter:label1\" content=\"\u041f\u0440\u0438\u043c\u0435\u0440\u043d\u043e\u0435 \u0432\u0440\u0435\u043c\u044f \u0434\u043b\u044f \u0447\u0442\u0435\u043d\u0438\u044f\" \/>\n\t<meta name=\"twitter:data1\" content=\"2 \u043c\u0438\u043d\u0443\u0442\u044b\" \/>\n<script type=\"application\/ld+json\" class=\"yoast-schema-graph\">{\"@context\":\"https:\/\/schema.org\",\"@graph\":[{\"@type\":\"WebPage\",\"@id\":\"https:\/\/beebipood.ee\/ru\/produkt\/twistshake-6-uhes-auruti-ja-blender-beebitoidu-valmistamiseks-black\/\",\"url\":\"https:\/\/beebipood.ee\/ru\/produkt\/twistshake-6-uhes-auruti-ja-blender-beebitoidu-valmistamiseks-black\/\",\"name\":\"Baby Brezza One Step Food Maker Deluxe, auruti-kannmikser, \u0421\u041a\u0418\u0414\u041a\u0418, \u041f\u0440\u0438\u043d\u0430\u0434\u043b\u0435\u0436\u043d\u043e\u0441\u0442\u0438 \u0434\u043b\u044f \u043c\u043b\u0430\u0434\u0435\u043d\u0446\u0435\u0432, \u041f\u0440\u0438\u0433\u043e\u0442\u043e\u0432\u043b\u0435\u043d\u0438\u0435 , Beebipood\",\"isPartOf\":{\"@id\":\"https:\/\/beebipood.ee\/ru\/#website\"},\"primaryImageOfPage\":{\"@id\":\"https:\/\/beebipood.ee\/ru\/produkt\/twistshake-6-uhes-auruti-ja-blender-beebitoidu-valmistamiseks-black\/#primaryimage\"},\"image\":{\"@id\":\"https:\/\/beebipood.ee\/ru\/produkt\/twistshake-6-uhes-auruti-ja-blender-beebitoidu-valmistamiseks-black\/#primaryimage\"},\"thumbnailUrl\":\"https:\/\/beebipood.ee\/wp-content\/uploads\/2025\/12\/twistshake-trintuvas-garintuvas-juodas-78660.jpg\",\"datePublished\":\"2025-12-13T13:21:21+00:00\",\"dateModified\":\"2025-12-13T14:04:27+00:00\",\"description\":\"Baby Brezza One Step Food Maker Deluxe, auruti-kannmikser, Baby Brezza One Step Food Maker Deluxe saate lihtsalt valmistada koduseid imikutoite. Auruta\",\"breadcrumb\":{\"@id\":\"https:\/\/beebipood.ee\/ru\/produkt\/twistshake-6-uhes-auruti-ja-blender-beebitoidu-valmistamiseks-black\/#breadcrumb\"},\"inLanguage\":\"ru-RU\",\"potentialAction\":[{\"@type\":\"ReadAction\",\"target\":[\"https:\/\/beebipood.ee\/ru\/produkt\/twistshake-6-uhes-auruti-ja-blender-beebitoidu-valmistamiseks-black\/\"]}]},{\"@type\":\"ImageObject\",\"inLanguage\":\"ru-RU\",\"@id\":\"https:\/\/beebipood.ee\/ru\/produkt\/twistshake-6-uhes-auruti-ja-blender-beebitoidu-valmistamiseks-black\/#primaryimage\",\"url\":\"https:\/\/beebipood.ee\/wp-content\/uploads\/2025\/12\/twistshake-trintuvas-garintuvas-juodas-78660.jpg\",\"contentUrl\":\"https:\/\/beebipood.ee\/wp-content\/uploads\/2025\/12\/twistshake-trintuvas-garintuvas-juodas-78660.jpg\",\"width\":1188,\"height\":1188},{\"@type\":\"BreadcrumbList\",\"@id\":\"https:\/\/beebipood.ee\/ru\/produkt\/twistshake-6-uhes-auruti-ja-blender-beebitoidu-valmistamiseks-black\/#breadcrumb\",\"itemListElement\":[{\"@type\":\"ListItem\",\"position\":1,\"name\":\"Home\",\"item\":\"https:\/\/beebipood.ee\/ru\/\"},{\"@type\":\"ListItem\",\"position\":2,\"name\":\"\u041a\u0430\u0442\u0430\u043b\u043e\u0433 \u0442\u043e\u0432\u0430\u0440\u043e\u0432\",\"item\":\"https:\/\/beebipood.ee\/tooted\/\"},{\"@type\":\"ListItem\",\"position\":3,\"name\":\"Twistshake 6-\u00fches auruti ja blender beebitoidu valmistamiseks, black\"}]},{\"@type\":\"WebSite\",\"@id\":\"https:\/\/beebipood.ee\/ru\/#website\",\"url\":\"https:\/\/beebipood.ee\/ru\/\",\"name\":\"Beebipood\",\"description\":\"Lastekaubad, beebikaubad, m\u00e4nguasjad\",\"publisher\":{\"@id\":\"https:\/\/beebipood.ee\/ru\/#organization\"},\"potentialAction\":[{\"@type\":\"SearchAction\",\"target\":{\"@type\":\"EntryPoint\",\"urlTemplate\":\"https:\/\/beebipood.ee\/ru\/?s={search_term_string}\"},\"query-input\":{\"@type\":\"PropertyValueSpecification\",\"valueRequired\":true,\"valueName\":\"search_term_string\"}}],\"inLanguage\":\"ru-RU\"},{\"@type\":\"Organization\",\"@id\":\"https:\/\/beebipood.ee\/ru\/#organization\",\"name\":\"Beebipood\",\"url\":\"https:\/\/beebipood.ee\/ru\/\",\"logo\":{\"@type\":\"ImageObject\",\"inLanguage\":\"ru-RU\",\"@id\":\"https:\/\/beebipood.ee\/ru\/#\/schema\/logo\/image\/\",\"url\":\"https:\/\/beebipood.ee\/wp-content\/uploads\/2025\/03\/beebipood.ee-logo-1.svg\",\"contentUrl\":\"https:\/\/beebipood.ee\/wp-content\/uploads\/2025\/03\/beebipood.ee-logo-1.svg\",\"caption\":\"Beebipood\"},\"image\":{\"@id\":\"https:\/\/beebipood.ee\/ru\/#\/schema\/logo\/image\/\"}}]}<\/script>\n<!-- \/ Yoast SEO plugin. -->","yoast_head_json":{"title":"Baby Brezza One Step Food Maker Deluxe, auruti-kannmikser, \u0421\u041a\u0418\u0414\u041a\u0418, \u041f\u0440\u0438\u043d\u0430\u0434\u043b\u0435\u0436\u043d\u043e\u0441\u0442\u0438 \u0434\u043b\u044f \u043c\u043b\u0430\u0434\u0435\u043d\u0446\u0435\u0432, \u041f\u0440\u0438\u0433\u043e\u0442\u043e\u0432\u043b\u0435\u043d\u0438\u0435 , Beebipood","description":"Baby Brezza One Step Food Maker Deluxe, auruti-kannmikser, Baby Brezza One Step Food Maker Deluxe saate lihtsalt valmistada koduseid imikutoite. Auruta","robots":{"index":"index","follow":"follow","max-snippet":"max-snippet:-1","max-image-preview":"max-image-preview:large","max-video-preview":"max-video-preview:-1"},"canonical":"https:\/\/beebipood.ee\/ru\/produkt\/twistshake-6-uhes-auruti-ja-blender-beebitoidu-valmistamiseks-black\/","og_locale":"ru_RU","og_type":"article","og_title":"Baby Brezza One Step Food Maker Deluxe, auruti-kannmikser, \u0421\u041a\u0418\u0414\u041a\u0418, \u041f\u0440\u0438\u043d\u0430\u0434\u043b\u0435\u0436\u043d\u043e\u0441\u0442\u0438 \u0434\u043b\u044f \u043c\u043b\u0430\u0434\u0435\u043d\u0446\u0435\u0432, \u041f\u0440\u0438\u0433\u043e\u0442\u043e\u0432\u043b\u0435\u043d\u0438\u0435 , Beebipood","og_description":"Baby Brezza One Step Food Maker Deluxe, auruti-kannmikser, Baby Brezza One Step Food Maker Deluxe saate lihtsalt valmistada koduseid imikutoite. Auruta","og_url":"https:\/\/beebipood.ee\/ru\/produkt\/twistshake-6-uhes-auruti-ja-blender-beebitoidu-valmistamiseks-black\/","og_site_name":"Beebipood","article_modified_time":"2025-12-13T14:04:27+00:00","og_image":[{"width":1188,"height":1188,"url":"https:\/\/beebipood.ee\/wp-content\/uploads\/2025\/12\/twistshake-trintuvas-garintuvas-juodas-78660.jpg","type":"image\/jpeg"}],"twitter_card":"summary_large_image","twitter_misc":{"\u041f\u0440\u0438\u043c\u0435\u0440\u043d\u043e\u0435 \u0432\u0440\u0435\u043c\u044f \u0434\u043b\u044f \u0447\u0442\u0435\u043d\u0438\u044f":"2 \u043c\u0438\u043d\u0443\u0442\u044b"},"schema":{"@context":"https:\/\/schema.org","@graph":[{"@type":"WebPage","@id":"https:\/\/beebipood.ee\/ru\/produkt\/twistshake-6-uhes-auruti-ja-blender-beebitoidu-valmistamiseks-black\/","url":"https:\/\/beebipood.ee\/ru\/produkt\/twistshake-6-uhes-auruti-ja-blender-beebitoidu-valmistamiseks-black\/","name":"Baby Brezza One Step Food Maker Deluxe, auruti-kannmikser, \u0421\u041a\u0418\u0414\u041a\u0418, \u041f\u0440\u0438\u043d\u0430\u0434\u043b\u0435\u0436\u043d\u043e\u0441\u0442\u0438 \u0434\u043b\u044f \u043c\u043b\u0430\u0434\u0435\u043d\u0446\u0435\u0432, \u041f\u0440\u0438\u0433\u043e\u0442\u043e\u0432\u043b\u0435\u043d\u0438\u0435 , Beebipood","isPartOf":{"@id":"https:\/\/beebipood.ee\/ru\/#website"},"primaryImageOfPage":{"@id":"https:\/\/beebipood.ee\/ru\/produkt\/twistshake-6-uhes-auruti-ja-blender-beebitoidu-valmistamiseks-black\/#primaryimage"},"image":{"@id":"https:\/\/beebipood.ee\/ru\/produkt\/twistshake-6-uhes-auruti-ja-blender-beebitoidu-valmistamiseks-black\/#primaryimage"},"thumbnailUrl":"https:\/\/beebipood.ee\/wp-content\/uploads\/2025\/12\/twistshake-trintuvas-garintuvas-juodas-78660.jpg","datePublished":"2025-12-13T13:21:21+00:00","dateModified":"2025-12-13T14:04:27+00:00","description":"Baby Brezza One Step Food Maker Deluxe, auruti-kannmikser, Baby Brezza One Step Food Maker Deluxe saate lihtsalt valmistada koduseid imikutoite. Auruta","breadcrumb":{"@id":"https:\/\/beebipood.ee\/ru\/produkt\/twistshake-6-uhes-auruti-ja-blender-beebitoidu-valmistamiseks-black\/#breadcrumb"},"inLanguage":"ru-RU","potentialAction":[{"@type":"ReadAction","target":["https:\/\/beebipood.ee\/ru\/produkt\/twistshake-6-uhes-auruti-ja-blender-beebitoidu-valmistamiseks-black\/"]}]},{"@type":"ImageObject","inLanguage":"ru-RU","@id":"https:\/\/beebipood.ee\/ru\/produkt\/twistshake-6-uhes-auruti-ja-blender-beebitoidu-valmistamiseks-black\/#primaryimage","url":"https:\/\/beebipood.ee\/wp-content\/uploads\/2025\/12\/twistshake-trintuvas-garintuvas-juodas-78660.jpg","contentUrl":"https:\/\/beebipood.ee\/wp-content\/uploads\/2025\/12\/twistshake-trintuvas-garintuvas-juodas-78660.jpg","width":1188,"height":1188},{"@type":"BreadcrumbList","@id":"https:\/\/beebipood.ee\/ru\/produkt\/twistshake-6-uhes-auruti-ja-blender-beebitoidu-valmistamiseks-black\/#breadcrumb","itemListElement":[{"@type":"ListItem","position":1,"name":"Home","item":"https:\/\/beebipood.ee\/ru\/"},{"@type":"ListItem","position":2,"name":"\u041a\u0430\u0442\u0430\u043b\u043e\u0433 \u0442\u043e\u0432\u0430\u0440\u043e\u0432","item":"https:\/\/beebipood.ee\/tooted\/"},{"@type":"ListItem","position":3,"name":"Twistshake 6-\u00fches auruti ja blender beebitoidu valmistamiseks, black"}]},{"@type":"WebSite","@id":"https:\/\/beebipood.ee\/ru\/#website","url":"https:\/\/beebipood.ee\/ru\/","name":"Beebipood","description":"Lastekaubad, beebikaubad, m\u00e4nguasjad","publisher":{"@id":"https:\/\/beebipood.ee\/ru\/#organization"},"potentialAction":[{"@type":"SearchAction","target":{"@type":"EntryPoint","urlTemplate":"https:\/\/beebipood.ee\/ru\/?s={search_term_string}"},"query-input":{"@type":"PropertyValueSpecification","valueRequired":true,"valueName":"search_term_string"}}],"inLanguage":"ru-RU"},{"@type":"Organization","@id":"https:\/\/beebipood.ee\/ru\/#organization","name":"Beebipood","url":"https:\/\/beebipood.ee\/ru\/","logo":{"@type":"ImageObject","inLanguage":"ru-RU","@id":"https:\/\/beebipood.ee\/ru\/#\/schema\/logo\/image\/","url":"https:\/\/beebipood.ee\/wp-content\/uploads\/2025\/03\/beebipood.ee-logo-1.svg","contentUrl":"https:\/\/beebipood.ee\/wp-content\/uploads\/2025\/03\/beebipood.ee-logo-1.svg","caption":"Beebipood"},"image":{"@id":"https:\/\/beebipood.ee\/ru\/#\/schema\/logo\/image\/"}}]}},"brands":[{"id":11958,"name":"Twistshake","slug":"twistshake-ru"}],"_links":{"self":[{"href":"https:\/\/beebipood.ee\/ru\/wp-json\/wp\/v2\/product\/509762","targetHints":{"allow":["GET"]}}],"collection":[{"href":"https:\/\/beebipood.ee\/ru\/wp-json\/wp\/v2\/product"}],"about":[{"href":"https:\/\/beebipood.ee\/ru\/wp-json\/wp\/v2\/types\/product"}],"wp:featuredmedia":[{"embeddable":true,"href":"https:\/\/beebipood.ee\/ru\/wp-json\/wp\/v2\/media\/509774"}],"wp:attachment":[{"href":"https:\/\/beebipood.ee\/ru\/wp-json\/wp\/v2\/media?parent=509762"}],"wp:term":[{"taxonomy":"pwb-brand","embeddable":true,"href":"https:\/\/beebipood.ee\/ru\/wp-json\/wp\/v2\/pwb-brand?post=509762"},{"taxonomy":"product_brand","embeddable":true,"href":"https:\/\/beebipood.ee\/ru\/wp-json\/wp\/v2\/product_brand?post=509762"},{"taxonomy":"product_cat","embeddable":true,"href":"https:\/\/beebipood.ee\/ru\/wp-json\/wp\/v2\/product_cat?post=509762"},{"taxonomy":"product_tag","embeddable":true,"href":"https:\/\/beebipood.ee\/ru\/wp-json\/wp\/v2\/product_tag?post=509762"}],"curies":[{"name":"wp","href":"https:\/\/api.w.org\/{rel}","templated":true}]}}