{"id":509831,"date":"2025-12-14T11:13:54","date_gmt":"2025-12-14T09:13:54","guid":{"rendered":"https:\/\/beebipood.ee\/?post_type=product&#038;p=509831"},"modified":"2025-12-14T11:15:41","modified_gmt":"2025-12-14T09:15:41","slug":"niiskuskindel-madratsikaitse-sleepwell-daggkapa-80x180cm","status":"publish","type":"product","link":"https:\/\/beebipood.ee\/ru\/produkt\/niiskuskindel-madratsikaitse-sleepwell-daggkapa-80x180cm\/","title":{"rendered":"Niiskuskindel madratsikaitse Sleepwell Daggkapa 80x180cm"},"content":{"rendered":"<p data-start=\"97\" data-end=\"137\"><strong data-start=\"97\" data-end=\"137\">Usaldusv\u00e4\u00e4rne kaitse kogu pere unele<\/strong><\/p>\n<p data-start=\"139\" data-end=\"341\">Daggkapa kaitselinad ja -katted pakuvad t\u00f5husat niiskuskaitset nii laste kui ka t\u00e4iskasvanute madratsitele, kattemadratsitele ja patjadele, aidates hoida voodivarustuse puhta ja h\u00fcgieenilisena igal \u00f6\u00f6l.<\/p>\n<p data-start=\"343\" data-end=\"551\">Pealiskiht suudab imada vedelikku kuni kahekordse oma kaalu ulatuses, samal ajal j\u00e4\u00e4des \u00f5hku l\u00e4bilaskvaks ja mugavaks. Vedelikke h\u00fclgavad omadused aitavad ennetada plekkide ja niiskuse imendumist madratsisse.<\/p>\n<p data-start=\"553\" data-end=\"935\">Kattemadratsitele m\u00f5eldud Daggkapa on kaetud naturaalse <strong data-start=\"609\" data-end=\"620\">Lyocell<\/strong>-pealiskihiga, mis on valmistatud kiirekasvulisest eukal\u00fcptipuidust \u2013 nahas\u00f5bralik ja keskkonnateadlik valik. Madratsi- ja lastemadratsi kaitselinadel on pehme ning vastupidav puuvilla ja pol\u00fcestri segust pealiskiht. Padjakaitsmed on samuti kaetud Lyocell-kangaga, pakkudes meeldivat ja hingavat kontakti n\u00e4onahaga.<\/p>\n<p data-start=\"937\" data-end=\"1125\">Praktiline kummiga \u00e4\u00e4r teeb lina paigaldamise lihtsaks ning tagab, et see p\u00fcsib kindlalt paigal ka rahutu une korral. Toode s\u00e4ilitab oma vedelikke h\u00fclgavad omadused kuni <strong data-start=\"1107\" data-end=\"1124\">100 pesukorda<\/strong>.<\/p>\n<p data-start=\"1127\" data-end=\"1223\">\u2714 Sobib kogu perele<br data-start=\"1146\" data-end=\"1149\" \/>\u2714 Mugav, hingav ja h\u00fcgieeniline<br data-start=\"1180\" data-end=\"1183\" \/>\u2714 \u00d6ko-Tex\u00ae Standard 100 sertifikaadiga<\/p>\n","protected":false},"excerpt":{"rendered":"<p>Usaldusv\u00e4\u00e4rne kaitse kogu pere unele Daggkapa kaitselinad ja -katted pakuvad t\u00f5husat niiskuskaitset nii laste kui ka t\u00e4iskasvanute madratsitele, kattemadratsitele ja patjadele, aidates hoida voodivarustuse puhta ja h\u00fcgieenilisena igal \u00f6\u00f6l. Pealiskiht suudab imada vedelikku kuni kahekordse oma kaalu ulatuses, samal ajal j\u00e4\u00e4des \u00f5hku l\u00e4bilaskvaks ja mugavaks. Vedelikke h\u00fclgavad omadused aitavad ennetada plekkide ja niiskuse imendumist madratsisse. [&hellip;]<\/p>\n","protected":false},"featured_media":509827,"template":"","meta":{"_acf_changed":false},"pwb-brand":[11949],"product_brand":[],"product_cat":[11769,11611,11563,11789],"product_tag":[],"class_list":{"0":"post-509831","1":"product","2":"type-product","3":"status-publish","4":"has-post-thumbnail","6":"pwb-brand-sleepwell-ru","7":"product_cat-kuni-80cm-laiused-ru-1","8":"product_cat-kattemadratsid-ru","9":"product_cat-madratsid-ja-kattemadratsid-ru","10":"product_cat-lastemoobel-ja-sisustus-ru","12":"first","13":"onbackorder","14":"taxable","15":"shipping-taxable","16":"purchasable","17":"product-type-simple"},"exclude_global_add_ons":[],"addons":[],"acf":[],"yoast_head":"<!-- This site is optimized with the Yoast SEO plugin v27.3 - https:\/\/yoast.com\/product\/yoast-seo-wordpress\/ -->\n<title>Veekindel madratsikaitse Sewilla 80x160, \u041c\u0430\u0442\u0440\u0430\u0441\u044b \u0438 \u043c\u0430\u0442\u0440\u0430\u0441\u044b-\u043f\u043e\u043a\u0440\u044b\u0432\u0430\u043b\u0430, M\u0430\u0442\u0440\u0430\u0441\u044b-\u043f\u043e\u043a\u0440\u044b\u0432\u0430\u043b\u0430, \u0428\u0438\u0440\u0438\u043d\u043e\u0439 \u0434\u043e 80 c\u043c, M\u0435\u0431\u0435\u043b\u044c, Beebipood<\/title>\n<meta name=\"description\" content=\"Veekindel madratsikaitse Sewilla 80x160, Veekindel madratsikaitse kummiga 80x160 cm:Pealiskihiks on pehme hingav 100% puuvillane fro\" \/>\n<meta name=\"robots\" content=\"index, follow, max-snippet:-1, max-image-preview:large, max-video-preview:-1\" \/>\n<link rel=\"canonical\" href=\"https:\/\/beebipood.ee\/ru\/produkt\/niiskuskindel-madratsikaitse-sleepwell-daggkapa-80x180cm\/\" \/>\n<meta property=\"og:locale\" content=\"ru_RU\" \/>\n<meta property=\"og:type\" content=\"article\" \/>\n<meta property=\"og:title\" content=\"Veekindel madratsikaitse Sewilla 80x160, \u041c\u0430\u0442\u0440\u0430\u0441\u044b \u0438 \u043c\u0430\u0442\u0440\u0430\u0441\u044b-\u043f\u043e\u043a\u0440\u044b\u0432\u0430\u043b\u0430, M\u0430\u0442\u0440\u0430\u0441\u044b-\u043f\u043e\u043a\u0440\u044b\u0432\u0430\u043b\u0430, \u0428\u0438\u0440\u0438\u043d\u043e\u0439 \u0434\u043e 80 c\u043c, M\u0435\u0431\u0435\u043b\u044c, Beebipood\" \/>\n<meta property=\"og:description\" content=\"Veekindel madratsikaitse Sewilla 80x160, Veekindel madratsikaitse kummiga 80x160 cm:Pealiskihiks on pehme hingav 100% puuvillane fro\" \/>\n<meta property=\"og:url\" content=\"https:\/\/beebipood.ee\/ru\/produkt\/niiskuskindel-madratsikaitse-sleepwell-daggkapa-80x180cm\/\" \/>\n<meta property=\"og:site_name\" content=\"Beebipood\" \/>\n<meta property=\"article:modified_time\" content=\"2025-12-14T09:15:41+00:00\" \/>\n<meta property=\"og:image\" content=\"https:\/\/beebipood.ee\/wp-content\/uploads\/2025\/12\/madratsi-kaitselina-daggkapa-80x160cm.jpg\" \/>\n\t<meta property=\"og:image:width\" content=\"550\" \/>\n\t<meta property=\"og:image:height\" content=\"550\" \/>\n\t<meta property=\"og:image:type\" content=\"image\/jpeg\" \/>\n<meta name=\"twitter:card\" content=\"summary_large_image\" \/>\n<meta name=\"twitter:label1\" content=\"\u041f\u0440\u0438\u043c\u0435\u0440\u043d\u043e\u0435 \u0432\u0440\u0435\u043c\u044f \u0434\u043b\u044f \u0447\u0442\u0435\u043d\u0438\u044f\" \/>\n\t<meta name=\"twitter:data1\" content=\"1 \u043c\u0438\u043d\u0443\u0442\u0430\" \/>\n<script type=\"application\/ld+json\" class=\"yoast-schema-graph\">{\"@context\":\"https:\\\/\\\/schema.org\",\"@graph\":[{\"@type\":\"WebPage\",\"@id\":\"https:\\\/\\\/beebipood.ee\\\/ru\\\/produkt\\\/niiskuskindel-madratsikaitse-sleepwell-daggkapa-80x180cm\\\/\",\"url\":\"https:\\\/\\\/beebipood.ee\\\/ru\\\/produkt\\\/niiskuskindel-madratsikaitse-sleepwell-daggkapa-80x180cm\\\/\",\"name\":\"Veekindel madratsikaitse Sewilla 80x160, \u041c\u0430\u0442\u0440\u0430\u0441\u044b \u0438 \u043c\u0430\u0442\u0440\u0430\u0441\u044b-\u043f\u043e\u043a\u0440\u044b\u0432\u0430\u043b\u0430, M\u0430\u0442\u0440\u0430\u0441\u044b-\u043f\u043e\u043a\u0440\u044b\u0432\u0430\u043b\u0430, \u0428\u0438\u0440\u0438\u043d\u043e\u0439 \u0434\u043e 80 c\u043c, M\u0435\u0431\u0435\u043b\u044c, Beebipood\",\"isPartOf\":{\"@id\":\"https:\\\/\\\/beebipood.ee\\\/ru\\\/#website\"},\"primaryImageOfPage\":{\"@id\":\"https:\\\/\\\/beebipood.ee\\\/ru\\\/produkt\\\/niiskuskindel-madratsikaitse-sleepwell-daggkapa-80x180cm\\\/#primaryimage\"},\"image\":{\"@id\":\"https:\\\/\\\/beebipood.ee\\\/ru\\\/produkt\\\/niiskuskindel-madratsikaitse-sleepwell-daggkapa-80x180cm\\\/#primaryimage\"},\"thumbnailUrl\":\"https:\\\/\\\/beebipood.ee\\\/wp-content\\\/uploads\\\/2025\\\/12\\\/madratsi-kaitselina-daggkapa-80x160cm.jpg\",\"datePublished\":\"2025-12-14T09:13:54+00:00\",\"dateModified\":\"2025-12-14T09:15:41+00:00\",\"description\":\"Veekindel madratsikaitse Sewilla 80x160, Veekindel madratsikaitse kummiga 80x160 cm:Pealiskihiks on pehme hingav 100% puuvillane fro\",\"breadcrumb\":{\"@id\":\"https:\\\/\\\/beebipood.ee\\\/ru\\\/produkt\\\/niiskuskindel-madratsikaitse-sleepwell-daggkapa-80x180cm\\\/#breadcrumb\"},\"inLanguage\":\"ru-RU\",\"potentialAction\":[{\"@type\":\"ReadAction\",\"target\":[\"https:\\\/\\\/beebipood.ee\\\/ru\\\/produkt\\\/niiskuskindel-madratsikaitse-sleepwell-daggkapa-80x180cm\\\/\"]}]},{\"@type\":\"ImageObject\",\"inLanguage\":\"ru-RU\",\"@id\":\"https:\\\/\\\/beebipood.ee\\\/ru\\\/produkt\\\/niiskuskindel-madratsikaitse-sleepwell-daggkapa-80x180cm\\\/#primaryimage\",\"url\":\"https:\\\/\\\/beebipood.ee\\\/wp-content\\\/uploads\\\/2025\\\/12\\\/madratsi-kaitselina-daggkapa-80x160cm.jpg\",\"contentUrl\":\"https:\\\/\\\/beebipood.ee\\\/wp-content\\\/uploads\\\/2025\\\/12\\\/madratsi-kaitselina-daggkapa-80x160cm.jpg\",\"width\":550,\"height\":550},{\"@type\":\"BreadcrumbList\",\"@id\":\"https:\\\/\\\/beebipood.ee\\\/ru\\\/produkt\\\/niiskuskindel-madratsikaitse-sleepwell-daggkapa-80x180cm\\\/#breadcrumb\",\"itemListElement\":[{\"@type\":\"ListItem\",\"position\":1,\"name\":\"Home\",\"item\":\"https:\\\/\\\/beebipood.ee\\\/ru\\\/\"},{\"@type\":\"ListItem\",\"position\":2,\"name\":\"\u041a\u0430\u0442\u0430\u043b\u043e\u0433 \u0442\u043e\u0432\u0430\u0440\u043e\u0432\",\"item\":\"https:\\\/\\\/beebipood.ee\\\/tooted\\\/\"},{\"@type\":\"ListItem\",\"position\":3,\"name\":\"Niiskuskindel madratsikaitse Sleepwell Daggkapa 80x180cm\"}]},{\"@type\":\"WebSite\",\"@id\":\"https:\\\/\\\/beebipood.ee\\\/ru\\\/#website\",\"url\":\"https:\\\/\\\/beebipood.ee\\\/ru\\\/\",\"name\":\"Beebipood\",\"description\":\"Lastekaubad, beebikaubad, m\u00e4nguasjad\",\"publisher\":{\"@id\":\"https:\\\/\\\/beebipood.ee\\\/ru\\\/#organization\"},\"potentialAction\":[{\"@type\":\"SearchAction\",\"target\":{\"@type\":\"EntryPoint\",\"urlTemplate\":\"https:\\\/\\\/beebipood.ee\\\/ru\\\/?s={search_term_string}\"},\"query-input\":{\"@type\":\"PropertyValueSpecification\",\"valueRequired\":true,\"valueName\":\"search_term_string\"}}],\"inLanguage\":\"ru-RU\"},{\"@type\":\"Organization\",\"@id\":\"https:\\\/\\\/beebipood.ee\\\/ru\\\/#organization\",\"name\":\"Beebipood\",\"url\":\"https:\\\/\\\/beebipood.ee\\\/ru\\\/\",\"logo\":{\"@type\":\"ImageObject\",\"inLanguage\":\"ru-RU\",\"@id\":\"https:\\\/\\\/beebipood.ee\\\/ru\\\/#\\\/schema\\\/logo\\\/image\\\/\",\"url\":\"https:\\\/\\\/beebipood.ee\\\/wp-content\\\/uploads\\\/2025\\\/03\\\/beebipood.ee-logo-1.svg\",\"contentUrl\":\"https:\\\/\\\/beebipood.ee\\\/wp-content\\\/uploads\\\/2025\\\/03\\\/beebipood.ee-logo-1.svg\",\"caption\":\"Beebipood\"},\"image\":{\"@id\":\"https:\\\/\\\/beebipood.ee\\\/ru\\\/#\\\/schema\\\/logo\\\/image\\\/\"}}]}<\/script>\n<!-- \/ Yoast SEO plugin. -->","yoast_head_json":{"title":"Veekindel madratsikaitse Sewilla 80x160, \u041c\u0430\u0442\u0440\u0430\u0441\u044b \u0438 \u043c\u0430\u0442\u0440\u0430\u0441\u044b-\u043f\u043e\u043a\u0440\u044b\u0432\u0430\u043b\u0430, M\u0430\u0442\u0440\u0430\u0441\u044b-\u043f\u043e\u043a\u0440\u044b\u0432\u0430\u043b\u0430, \u0428\u0438\u0440\u0438\u043d\u043e\u0439 \u0434\u043e 80 c\u043c, M\u0435\u0431\u0435\u043b\u044c, Beebipood","description":"Veekindel madratsikaitse Sewilla 80x160, Veekindel madratsikaitse kummiga 80x160 cm:Pealiskihiks on pehme hingav 100% puuvillane fro","robots":{"index":"index","follow":"follow","max-snippet":"max-snippet:-1","max-image-preview":"max-image-preview:large","max-video-preview":"max-video-preview:-1"},"canonical":"https:\/\/beebipood.ee\/ru\/produkt\/niiskuskindel-madratsikaitse-sleepwell-daggkapa-80x180cm\/","og_locale":"ru_RU","og_type":"article","og_title":"Veekindel madratsikaitse Sewilla 80x160, \u041c\u0430\u0442\u0440\u0430\u0441\u044b \u0438 \u043c\u0430\u0442\u0440\u0430\u0441\u044b-\u043f\u043e\u043a\u0440\u044b\u0432\u0430\u043b\u0430, M\u0430\u0442\u0440\u0430\u0441\u044b-\u043f\u043e\u043a\u0440\u044b\u0432\u0430\u043b\u0430, \u0428\u0438\u0440\u0438\u043d\u043e\u0439 \u0434\u043e 80 c\u043c, M\u0435\u0431\u0435\u043b\u044c, Beebipood","og_description":"Veekindel madratsikaitse Sewilla 80x160, Veekindel madratsikaitse kummiga 80x160 cm:Pealiskihiks on pehme hingav 100% puuvillane fro","og_url":"https:\/\/beebipood.ee\/ru\/produkt\/niiskuskindel-madratsikaitse-sleepwell-daggkapa-80x180cm\/","og_site_name":"Beebipood","article_modified_time":"2025-12-14T09:15:41+00:00","og_image":[{"width":550,"height":550,"url":"https:\/\/beebipood.ee\/wp-content\/uploads\/2025\/12\/madratsi-kaitselina-daggkapa-80x160cm.jpg","type":"image\/jpeg"}],"twitter_card":"summary_large_image","twitter_misc":{"\u041f\u0440\u0438\u043c\u0435\u0440\u043d\u043e\u0435 \u0432\u0440\u0435\u043c\u044f \u0434\u043b\u044f \u0447\u0442\u0435\u043d\u0438\u044f":"1 \u043c\u0438\u043d\u0443\u0442\u0430"},"schema":{"@context":"https:\/\/schema.org","@graph":[{"@type":"WebPage","@id":"https:\/\/beebipood.ee\/ru\/produkt\/niiskuskindel-madratsikaitse-sleepwell-daggkapa-80x180cm\/","url":"https:\/\/beebipood.ee\/ru\/produkt\/niiskuskindel-madratsikaitse-sleepwell-daggkapa-80x180cm\/","name":"Veekindel madratsikaitse Sewilla 80x160, \u041c\u0430\u0442\u0440\u0430\u0441\u044b \u0438 \u043c\u0430\u0442\u0440\u0430\u0441\u044b-\u043f\u043e\u043a\u0440\u044b\u0432\u0430\u043b\u0430, M\u0430\u0442\u0440\u0430\u0441\u044b-\u043f\u043e\u043a\u0440\u044b\u0432\u0430\u043b\u0430, \u0428\u0438\u0440\u0438\u043d\u043e\u0439 \u0434\u043e 80 c\u043c, M\u0435\u0431\u0435\u043b\u044c, Beebipood","isPartOf":{"@id":"https:\/\/beebipood.ee\/ru\/#website"},"primaryImageOfPage":{"@id":"https:\/\/beebipood.ee\/ru\/produkt\/niiskuskindel-madratsikaitse-sleepwell-daggkapa-80x180cm\/#primaryimage"},"image":{"@id":"https:\/\/beebipood.ee\/ru\/produkt\/niiskuskindel-madratsikaitse-sleepwell-daggkapa-80x180cm\/#primaryimage"},"thumbnailUrl":"https:\/\/beebipood.ee\/wp-content\/uploads\/2025\/12\/madratsi-kaitselina-daggkapa-80x160cm.jpg","datePublished":"2025-12-14T09:13:54+00:00","dateModified":"2025-12-14T09:15:41+00:00","description":"Veekindel madratsikaitse Sewilla 80x160, Veekindel madratsikaitse kummiga 80x160 cm:Pealiskihiks on pehme hingav 100% puuvillane fro","breadcrumb":{"@id":"https:\/\/beebipood.ee\/ru\/produkt\/niiskuskindel-madratsikaitse-sleepwell-daggkapa-80x180cm\/#breadcrumb"},"inLanguage":"ru-RU","potentialAction":[{"@type":"ReadAction","target":["https:\/\/beebipood.ee\/ru\/produkt\/niiskuskindel-madratsikaitse-sleepwell-daggkapa-80x180cm\/"]}]},{"@type":"ImageObject","inLanguage":"ru-RU","@id":"https:\/\/beebipood.ee\/ru\/produkt\/niiskuskindel-madratsikaitse-sleepwell-daggkapa-80x180cm\/#primaryimage","url":"https:\/\/beebipood.ee\/wp-content\/uploads\/2025\/12\/madratsi-kaitselina-daggkapa-80x160cm.jpg","contentUrl":"https:\/\/beebipood.ee\/wp-content\/uploads\/2025\/12\/madratsi-kaitselina-daggkapa-80x160cm.jpg","width":550,"height":550},{"@type":"BreadcrumbList","@id":"https:\/\/beebipood.ee\/ru\/produkt\/niiskuskindel-madratsikaitse-sleepwell-daggkapa-80x180cm\/#breadcrumb","itemListElement":[{"@type":"ListItem","position":1,"name":"Home","item":"https:\/\/beebipood.ee\/ru\/"},{"@type":"ListItem","position":2,"name":"\u041a\u0430\u0442\u0430\u043b\u043e\u0433 \u0442\u043e\u0432\u0430\u0440\u043e\u0432","item":"https:\/\/beebipood.ee\/tooted\/"},{"@type":"ListItem","position":3,"name":"Niiskuskindel madratsikaitse Sleepwell Daggkapa 80x180cm"}]},{"@type":"WebSite","@id":"https:\/\/beebipood.ee\/ru\/#website","url":"https:\/\/beebipood.ee\/ru\/","name":"Beebipood","description":"Lastekaubad, beebikaubad, m\u00e4nguasjad","publisher":{"@id":"https:\/\/beebipood.ee\/ru\/#organization"},"potentialAction":[{"@type":"SearchAction","target":{"@type":"EntryPoint","urlTemplate":"https:\/\/beebipood.ee\/ru\/?s={search_term_string}"},"query-input":{"@type":"PropertyValueSpecification","valueRequired":true,"valueName":"search_term_string"}}],"inLanguage":"ru-RU"},{"@type":"Organization","@id":"https:\/\/beebipood.ee\/ru\/#organization","name":"Beebipood","url":"https:\/\/beebipood.ee\/ru\/","logo":{"@type":"ImageObject","inLanguage":"ru-RU","@id":"https:\/\/beebipood.ee\/ru\/#\/schema\/logo\/image\/","url":"https:\/\/beebipood.ee\/wp-content\/uploads\/2025\/03\/beebipood.ee-logo-1.svg","contentUrl":"https:\/\/beebipood.ee\/wp-content\/uploads\/2025\/03\/beebipood.ee-logo-1.svg","caption":"Beebipood"},"image":{"@id":"https:\/\/beebipood.ee\/ru\/#\/schema\/logo\/image\/"}}]}},"brands":[{"id":11949,"name":"Sleepwell","slug":"sleepwell-ru"}],"_links":{"self":[{"href":"https:\/\/beebipood.ee\/ru\/wp-json\/wp\/v2\/product\/509831","targetHints":{"allow":["GET"]}}],"collection":[{"href":"https:\/\/beebipood.ee\/ru\/wp-json\/wp\/v2\/product"}],"about":[{"href":"https:\/\/beebipood.ee\/ru\/wp-json\/wp\/v2\/types\/product"}],"wp:featuredmedia":[{"embeddable":true,"href":"https:\/\/beebipood.ee\/ru\/wp-json\/wp\/v2\/media\/509827"}],"wp:attachment":[{"href":"https:\/\/beebipood.ee\/ru\/wp-json\/wp\/v2\/media?parent=509831"}],"wp:term":[{"taxonomy":"pwb-brand","embeddable":true,"href":"https:\/\/beebipood.ee\/ru\/wp-json\/wp\/v2\/pwb-brand?post=509831"},{"taxonomy":"product_brand","embeddable":true,"href":"https:\/\/beebipood.ee\/ru\/wp-json\/wp\/v2\/product_brand?post=509831"},{"taxonomy":"product_cat","embeddable":true,"href":"https:\/\/beebipood.ee\/ru\/wp-json\/wp\/v2\/product_cat?post=509831"},{"taxonomy":"product_tag","embeddable":true,"href":"https:\/\/beebipood.ee\/ru\/wp-json\/wp\/v2\/product_tag?post=509831"}],"curies":[{"name":"wp","href":"https:\/\/api.w.org\/{rel}","templated":true}]}}