{"id":509871,"date":"2025-12-18T14:21:16","date_gmt":"2025-12-18T12:21:16","guid":{"rendered":"https:\/\/beebipood.ee\/?post_type=product&#038;p=509871"},"modified":"2025-12-18T14:32:47","modified_gmt":"2025-12-18T12:32:47","slug":"thule-istmekaitse-autosse-black","status":"publish","type":"product","link":"https:\/\/beebipood.ee\/ru\/produkt\/thule-istmekaitse-autosse-black\/","title":{"rendered":"Thule istmekaitse autosse, Black"},"content":{"rendered":"<p data-start=\"100\" data-end=\"155\"><strong data-start=\"100\" data-end=\"155\">Praktiline istmekaitse igap\u00e4evasteks s\u00f5itudeks<\/strong><\/p>\n<p data-start=\"157\" data-end=\"409\">Reguleeritava k\u00f5rgusega istmekaitse pakub t\u00e4ielikku kaheosalist kaitset auto tagaistmele \u2013 \u00fcks osa katab istme seljatoe, teine asetub mugavalt lapse turvatooli alla. See aitab hoida auto puhtana ja korras ka k\u00f5ige aktiivsemate v\u00e4ikeste reisijate puhul.<\/p>\n<p data-start=\"411\" data-end=\"675\">Istmekaitsel on lukuga suletav iPadi tasku, mis pakub lapsele meelelahutust s\u00f5idu ajal ning on koos Thule turvatoolidega kokkup\u00f5rketestitud. Lisaks on olemas suured m\u00e4nguasjade hoiutaskud ja neli praktilist v\u00f5rgust panipaika, kuhu mahuvad k\u00f5ik vajalikud pisiasjad.<\/p>\n<p data-start=\"677\" data-end=\"864\">Paindlikud ja lihtsalt kinnitatavad rihmad teevad paigaldamise kiireks ja muretuks. Istmekaitse on masinpestav 30 \u00b0C juures, et puhastamine oleks lihtne ja mugav ka kiire elutempo juures.<\/p>\n<p data-start=\"866\" data-end=\"887\"><strong data-start=\"866\" data-end=\"887\">Peamised eelised:<\/strong><\/p>\n<ul data-start=\"888\" data-end=\"1125\">\n<li data-start=\"888\" data-end=\"930\">\n<p data-start=\"890\" data-end=\"930\">Kaheosaline t\u00e4ielik kaitse tagaistmele<\/p>\n<\/li>\n<li data-start=\"931\" data-end=\"974\">\n<p data-start=\"933\" data-end=\"974\">Lukuga iPadi tasku ja rohkelt panipaiku<\/p>\n<\/li>\n<li data-start=\"975\" data-end=\"1030\">\n<p data-start=\"977\" data-end=\"1030\">Kiire ja lihtne paigaldus reguleeritavate rihmadega<\/p>\n<\/li>\n<li data-start=\"1031\" data-end=\"1059\">\n<p data-start=\"1033\" data-end=\"1059\">Masinpestav 30 \u00b0C juures<\/p>\n<\/li>\n<li data-start=\"1060\" data-end=\"1125\">\n<p data-start=\"1062\" data-end=\"1125\">Sobib ideaalselt peredele, kes hindavad puhtust ja praktilisust<\/p>\n<\/li>\n<\/ul>\n","protected":false},"excerpt":{"rendered":"<p>Praktiline istmekaitse igap\u00e4evasteks s\u00f5itudeks Reguleeritava k\u00f5rgusega istmekaitse pakub t\u00e4ielikku kaheosalist kaitset auto tagaistmele \u2013 \u00fcks osa katab istme seljatoe, teine asetub mugavalt lapse turvatooli alla. See aitab hoida auto puhtana ja korras ka k\u00f5ige aktiivsemate v\u00e4ikeste reisijate puhul. Istmekaitsel on lukuga suletav iPadi tasku, mis pakub lapsele meelelahutust s\u00f5idu ajal ning on koos Thule turvatoolidega [&hellip;]<\/p>\n","protected":false},"featured_media":509873,"template":"","meta":{"_acf_changed":false},"pwb-brand":[11980],"product_brand":[],"product_cat":[11573,11727,11797,11791],"product_tag":[],"class_list":{"0":"post-509871","1":"product","2":"type-product","3":"status-publish","4":"has-post-thumbnail","6":"pwb-brand-thule-ru","7":"product_cat-sooduspakkumised-ru","8":"product_cat-turvatoolid-hallid-ru","9":"product_cat-lisatarvikud-ru-1","10":"product_cat-turvavarustus-ru","11":"pa_manufacturer-thule-ru","13":"first","14":"instock","15":"taxable","16":"shipping-taxable","17":"purchasable","18":"product-type-simple"},"exclude_global_add_ons":[],"addons":[],"acf":[],"yoast_head":"<!-- This site is optimized with the Yoast SEO plugin v27.1.1 - https:\/\/yoast.com\/product\/yoast-seo-wordpress\/ -->\n<title>Thule Maple turvah\u00e4lli jalakate, Black, \u0421\u041a\u0418\u0414\u041a\u0418, \u041d\u041e\u0412\u042b\u0415 \u0422\u041e\u0412\u0410\u0420\u042b, \u041b\u043e\u0448\u0430\u0434\u043a\u0430-\u043a\u0430\u0447\u0430\u043b\u043a\u0430, \u0410\u0432\u0442\u043e\u043a\u0440\u0435\u0441\u043b\u0430, \u043b\u044e\u043b\u044c\u043a\u0438, \u0421\u043d\u0430\u0440\u044f\u0436\u0435\u043d\u0438\u044f \u0431\u0435\u0437\u043e\u043f\u0430\u0441\u043d\u043e\u0441\u0442\u0438, \u0410\u043a\u0441\u0435\u0441\u0441\u0443\u0430\u0440\u044b, Beebipood<\/title>\n<meta name=\"description\" content=\"Thule Maple turvah\u00e4lli jalakate, Black, Thule Maple turvah\u00e4lli jalakatePolsterdatud kate, mis on valmistatud kaitseks k\u00fcl\" \/>\n<meta name=\"robots\" content=\"index, follow, max-snippet:-1, max-image-preview:large, max-video-preview:-1\" \/>\n<link rel=\"canonical\" href=\"https:\/\/beebipood.ee\/ru\/produkt\/thule-istmekaitse-autosse-black\/\" \/>\n<meta property=\"og:locale\" content=\"ru_RU\" \/>\n<meta property=\"og:type\" content=\"article\" \/>\n<meta property=\"og:title\" content=\"Thule Maple turvah\u00e4lli jalakate, Black, \u0421\u041a\u0418\u0414\u041a\u0418, \u041d\u041e\u0412\u042b\u0415 \u0422\u041e\u0412\u0410\u0420\u042b, \u041b\u043e\u0448\u0430\u0434\u043a\u0430-\u043a\u0430\u0447\u0430\u043b\u043a\u0430, \u0410\u0432\u0442\u043e\u043a\u0440\u0435\u0441\u043b\u0430, \u043b\u044e\u043b\u044c\u043a\u0438, \u0421\u043d\u0430\u0440\u044f\u0436\u0435\u043d\u0438\u044f \u0431\u0435\u0437\u043e\u043f\u0430\u0441\u043d\u043e\u0441\u0442\u0438, \u0410\u043a\u0441\u0435\u0441\u0441\u0443\u0430\u0440\u044b, Beebipood\" \/>\n<meta property=\"og:description\" content=\"Thule Maple turvah\u00e4lli jalakate, Black, Thule Maple turvah\u00e4lli jalakatePolsterdatud kate, mis on valmistatud kaitseks k\u00fcl\" \/>\n<meta property=\"og:url\" content=\"https:\/\/beebipood.ee\/ru\/produkt\/thule-istmekaitse-autosse-black\/\" \/>\n<meta property=\"og:site_name\" content=\"Beebipood\" \/>\n<meta property=\"article:modified_time\" content=\"2025-12-18T12:32:47+00:00\" \/>\n<meta property=\"og:image\" content=\"https:\/\/beebipood.ee\/wp-content\/uploads\/2025\/12\/thule-istmekaitse-autosse-black.jpg\" \/>\n\t<meta property=\"og:image:width\" content=\"1200\" \/>\n\t<meta property=\"og:image:height\" content=\"1200\" \/>\n\t<meta property=\"og:image:type\" content=\"image\/jpeg\" \/>\n<meta name=\"twitter:card\" content=\"summary_large_image\" \/>\n<meta name=\"twitter:label1\" content=\"\u041f\u0440\u0438\u043c\u0435\u0440\u043d\u043e\u0435 \u0432\u0440\u0435\u043c\u044f \u0434\u043b\u044f \u0447\u0442\u0435\u043d\u0438\u044f\" \/>\n\t<meta name=\"twitter:data1\" content=\"1 \u043c\u0438\u043d\u0443\u0442\u0430\" \/>\n<script type=\"application\/ld+json\" class=\"yoast-schema-graph\">{\"@context\":\"https:\/\/schema.org\",\"@graph\":[{\"@type\":\"WebPage\",\"@id\":\"https:\/\/beebipood.ee\/ru\/produkt\/thule-istmekaitse-autosse-black\/\",\"url\":\"https:\/\/beebipood.ee\/ru\/produkt\/thule-istmekaitse-autosse-black\/\",\"name\":\"Thule Maple turvah\u00e4lli jalakate, Black, \u0421\u041a\u0418\u0414\u041a\u0418, \u041d\u041e\u0412\u042b\u0415 \u0422\u041e\u0412\u0410\u0420\u042b, \u041b\u043e\u0448\u0430\u0434\u043a\u0430-\u043a\u0430\u0447\u0430\u043b\u043a\u0430, \u0410\u0432\u0442\u043e\u043a\u0440\u0435\u0441\u043b\u0430, \u043b\u044e\u043b\u044c\u043a\u0438, \u0421\u043d\u0430\u0440\u044f\u0436\u0435\u043d\u0438\u044f \u0431\u0435\u0437\u043e\u043f\u0430\u0441\u043d\u043e\u0441\u0442\u0438, \u0410\u043a\u0441\u0435\u0441\u0441\u0443\u0430\u0440\u044b, Beebipood\",\"isPartOf\":{\"@id\":\"https:\/\/beebipood.ee\/ru\/#website\"},\"primaryImageOfPage\":{\"@id\":\"https:\/\/beebipood.ee\/ru\/produkt\/thule-istmekaitse-autosse-black\/#primaryimage\"},\"image\":{\"@id\":\"https:\/\/beebipood.ee\/ru\/produkt\/thule-istmekaitse-autosse-black\/#primaryimage\"},\"thumbnailUrl\":\"https:\/\/beebipood.ee\/wp-content\/uploads\/2025\/12\/thule-istmekaitse-autosse-black.jpg\",\"datePublished\":\"2025-12-18T12:21:16+00:00\",\"dateModified\":\"2025-12-18T12:32:47+00:00\",\"description\":\"Thule Maple turvah\u00e4lli jalakate, Black, Thule Maple turvah\u00e4lli jalakatePolsterdatud kate, mis on valmistatud kaitseks k\u00fcl\",\"breadcrumb\":{\"@id\":\"https:\/\/beebipood.ee\/ru\/produkt\/thule-istmekaitse-autosse-black\/#breadcrumb\"},\"inLanguage\":\"ru-RU\",\"potentialAction\":[{\"@type\":\"ReadAction\",\"target\":[\"https:\/\/beebipood.ee\/ru\/produkt\/thule-istmekaitse-autosse-black\/\"]}]},{\"@type\":\"ImageObject\",\"inLanguage\":\"ru-RU\",\"@id\":\"https:\/\/beebipood.ee\/ru\/produkt\/thule-istmekaitse-autosse-black\/#primaryimage\",\"url\":\"https:\/\/beebipood.ee\/wp-content\/uploads\/2025\/12\/thule-istmekaitse-autosse-black.jpg\",\"contentUrl\":\"https:\/\/beebipood.ee\/wp-content\/uploads\/2025\/12\/thule-istmekaitse-autosse-black.jpg\",\"width\":1200,\"height\":1200},{\"@type\":\"BreadcrumbList\",\"@id\":\"https:\/\/beebipood.ee\/ru\/produkt\/thule-istmekaitse-autosse-black\/#breadcrumb\",\"itemListElement\":[{\"@type\":\"ListItem\",\"position\":1,\"name\":\"Home\",\"item\":\"https:\/\/beebipood.ee\/ru\/\"},{\"@type\":\"ListItem\",\"position\":2,\"name\":\"\u041a\u0430\u0442\u0430\u043b\u043e\u0433 \u0442\u043e\u0432\u0430\u0440\u043e\u0432\",\"item\":\"https:\/\/beebipood.ee\/tooted\/\"},{\"@type\":\"ListItem\",\"position\":3,\"name\":\"Thule istmekaitse autosse, Black\"}]},{\"@type\":\"WebSite\",\"@id\":\"https:\/\/beebipood.ee\/ru\/#website\",\"url\":\"https:\/\/beebipood.ee\/ru\/\",\"name\":\"Beebipood\",\"description\":\"Lastekaubad, beebikaubad, m\u00e4nguasjad\",\"publisher\":{\"@id\":\"https:\/\/beebipood.ee\/ru\/#organization\"},\"potentialAction\":[{\"@type\":\"SearchAction\",\"target\":{\"@type\":\"EntryPoint\",\"urlTemplate\":\"https:\/\/beebipood.ee\/ru\/?s={search_term_string}\"},\"query-input\":{\"@type\":\"PropertyValueSpecification\",\"valueRequired\":true,\"valueName\":\"search_term_string\"}}],\"inLanguage\":\"ru-RU\"},{\"@type\":\"Organization\",\"@id\":\"https:\/\/beebipood.ee\/ru\/#organization\",\"name\":\"Beebipood\",\"url\":\"https:\/\/beebipood.ee\/ru\/\",\"logo\":{\"@type\":\"ImageObject\",\"inLanguage\":\"ru-RU\",\"@id\":\"https:\/\/beebipood.ee\/ru\/#\/schema\/logo\/image\/\",\"url\":\"https:\/\/beebipood.ee\/wp-content\/uploads\/2025\/03\/beebipood.ee-logo-1.svg\",\"contentUrl\":\"https:\/\/beebipood.ee\/wp-content\/uploads\/2025\/03\/beebipood.ee-logo-1.svg\",\"caption\":\"Beebipood\"},\"image\":{\"@id\":\"https:\/\/beebipood.ee\/ru\/#\/schema\/logo\/image\/\"}}]}<\/script>\n<!-- \/ Yoast SEO plugin. -->","yoast_head_json":{"title":"Thule Maple turvah\u00e4lli jalakate, Black, \u0421\u041a\u0418\u0414\u041a\u0418, \u041d\u041e\u0412\u042b\u0415 \u0422\u041e\u0412\u0410\u0420\u042b, \u041b\u043e\u0448\u0430\u0434\u043a\u0430-\u043a\u0430\u0447\u0430\u043b\u043a\u0430, \u0410\u0432\u0442\u043e\u043a\u0440\u0435\u0441\u043b\u0430, \u043b\u044e\u043b\u044c\u043a\u0438, \u0421\u043d\u0430\u0440\u044f\u0436\u0435\u043d\u0438\u044f \u0431\u0435\u0437\u043e\u043f\u0430\u0441\u043d\u043e\u0441\u0442\u0438, \u0410\u043a\u0441\u0435\u0441\u0441\u0443\u0430\u0440\u044b, Beebipood","description":"Thule Maple turvah\u00e4lli jalakate, Black, Thule Maple turvah\u00e4lli jalakatePolsterdatud kate, mis on valmistatud kaitseks k\u00fcl","robots":{"index":"index","follow":"follow","max-snippet":"max-snippet:-1","max-image-preview":"max-image-preview:large","max-video-preview":"max-video-preview:-1"},"canonical":"https:\/\/beebipood.ee\/ru\/produkt\/thule-istmekaitse-autosse-black\/","og_locale":"ru_RU","og_type":"article","og_title":"Thule Maple turvah\u00e4lli jalakate, Black, \u0421\u041a\u0418\u0414\u041a\u0418, \u041d\u041e\u0412\u042b\u0415 \u0422\u041e\u0412\u0410\u0420\u042b, \u041b\u043e\u0448\u0430\u0434\u043a\u0430-\u043a\u0430\u0447\u0430\u043b\u043a\u0430, \u0410\u0432\u0442\u043e\u043a\u0440\u0435\u0441\u043b\u0430, \u043b\u044e\u043b\u044c\u043a\u0438, \u0421\u043d\u0430\u0440\u044f\u0436\u0435\u043d\u0438\u044f \u0431\u0435\u0437\u043e\u043f\u0430\u0441\u043d\u043e\u0441\u0442\u0438, \u0410\u043a\u0441\u0435\u0441\u0441\u0443\u0430\u0440\u044b, Beebipood","og_description":"Thule Maple turvah\u00e4lli jalakate, Black, Thule Maple turvah\u00e4lli jalakatePolsterdatud kate, mis on valmistatud kaitseks k\u00fcl","og_url":"https:\/\/beebipood.ee\/ru\/produkt\/thule-istmekaitse-autosse-black\/","og_site_name":"Beebipood","article_modified_time":"2025-12-18T12:32:47+00:00","og_image":[{"width":1200,"height":1200,"url":"https:\/\/beebipood.ee\/wp-content\/uploads\/2025\/12\/thule-istmekaitse-autosse-black.jpg","type":"image\/jpeg"}],"twitter_card":"summary_large_image","twitter_misc":{"\u041f\u0440\u0438\u043c\u0435\u0440\u043d\u043e\u0435 \u0432\u0440\u0435\u043c\u044f \u0434\u043b\u044f \u0447\u0442\u0435\u043d\u0438\u044f":"1 \u043c\u0438\u043d\u0443\u0442\u0430"},"schema":{"@context":"https:\/\/schema.org","@graph":[{"@type":"WebPage","@id":"https:\/\/beebipood.ee\/ru\/produkt\/thule-istmekaitse-autosse-black\/","url":"https:\/\/beebipood.ee\/ru\/produkt\/thule-istmekaitse-autosse-black\/","name":"Thule Maple turvah\u00e4lli jalakate, Black, \u0421\u041a\u0418\u0414\u041a\u0418, \u041d\u041e\u0412\u042b\u0415 \u0422\u041e\u0412\u0410\u0420\u042b, \u041b\u043e\u0448\u0430\u0434\u043a\u0430-\u043a\u0430\u0447\u0430\u043b\u043a\u0430, \u0410\u0432\u0442\u043e\u043a\u0440\u0435\u0441\u043b\u0430, \u043b\u044e\u043b\u044c\u043a\u0438, \u0421\u043d\u0430\u0440\u044f\u0436\u0435\u043d\u0438\u044f \u0431\u0435\u0437\u043e\u043f\u0430\u0441\u043d\u043e\u0441\u0442\u0438, \u0410\u043a\u0441\u0435\u0441\u0441\u0443\u0430\u0440\u044b, Beebipood","isPartOf":{"@id":"https:\/\/beebipood.ee\/ru\/#website"},"primaryImageOfPage":{"@id":"https:\/\/beebipood.ee\/ru\/produkt\/thule-istmekaitse-autosse-black\/#primaryimage"},"image":{"@id":"https:\/\/beebipood.ee\/ru\/produkt\/thule-istmekaitse-autosse-black\/#primaryimage"},"thumbnailUrl":"https:\/\/beebipood.ee\/wp-content\/uploads\/2025\/12\/thule-istmekaitse-autosse-black.jpg","datePublished":"2025-12-18T12:21:16+00:00","dateModified":"2025-12-18T12:32:47+00:00","description":"Thule Maple turvah\u00e4lli jalakate, Black, Thule Maple turvah\u00e4lli jalakatePolsterdatud kate, mis on valmistatud kaitseks k\u00fcl","breadcrumb":{"@id":"https:\/\/beebipood.ee\/ru\/produkt\/thule-istmekaitse-autosse-black\/#breadcrumb"},"inLanguage":"ru-RU","potentialAction":[{"@type":"ReadAction","target":["https:\/\/beebipood.ee\/ru\/produkt\/thule-istmekaitse-autosse-black\/"]}]},{"@type":"ImageObject","inLanguage":"ru-RU","@id":"https:\/\/beebipood.ee\/ru\/produkt\/thule-istmekaitse-autosse-black\/#primaryimage","url":"https:\/\/beebipood.ee\/wp-content\/uploads\/2025\/12\/thule-istmekaitse-autosse-black.jpg","contentUrl":"https:\/\/beebipood.ee\/wp-content\/uploads\/2025\/12\/thule-istmekaitse-autosse-black.jpg","width":1200,"height":1200},{"@type":"BreadcrumbList","@id":"https:\/\/beebipood.ee\/ru\/produkt\/thule-istmekaitse-autosse-black\/#breadcrumb","itemListElement":[{"@type":"ListItem","position":1,"name":"Home","item":"https:\/\/beebipood.ee\/ru\/"},{"@type":"ListItem","position":2,"name":"\u041a\u0430\u0442\u0430\u043b\u043e\u0433 \u0442\u043e\u0432\u0430\u0440\u043e\u0432","item":"https:\/\/beebipood.ee\/tooted\/"},{"@type":"ListItem","position":3,"name":"Thule istmekaitse autosse, Black"}]},{"@type":"WebSite","@id":"https:\/\/beebipood.ee\/ru\/#website","url":"https:\/\/beebipood.ee\/ru\/","name":"Beebipood","description":"Lastekaubad, beebikaubad, m\u00e4nguasjad","publisher":{"@id":"https:\/\/beebipood.ee\/ru\/#organization"},"potentialAction":[{"@type":"SearchAction","target":{"@type":"EntryPoint","urlTemplate":"https:\/\/beebipood.ee\/ru\/?s={search_term_string}"},"query-input":{"@type":"PropertyValueSpecification","valueRequired":true,"valueName":"search_term_string"}}],"inLanguage":"ru-RU"},{"@type":"Organization","@id":"https:\/\/beebipood.ee\/ru\/#organization","name":"Beebipood","url":"https:\/\/beebipood.ee\/ru\/","logo":{"@type":"ImageObject","inLanguage":"ru-RU","@id":"https:\/\/beebipood.ee\/ru\/#\/schema\/logo\/image\/","url":"https:\/\/beebipood.ee\/wp-content\/uploads\/2025\/03\/beebipood.ee-logo-1.svg","contentUrl":"https:\/\/beebipood.ee\/wp-content\/uploads\/2025\/03\/beebipood.ee-logo-1.svg","caption":"Beebipood"},"image":{"@id":"https:\/\/beebipood.ee\/ru\/#\/schema\/logo\/image\/"}}]}},"brands":[{"id":11980,"name":"THULE","slug":"thule-ru"}],"_links":{"self":[{"href":"https:\/\/beebipood.ee\/ru\/wp-json\/wp\/v2\/product\/509871","targetHints":{"allow":["GET"]}}],"collection":[{"href":"https:\/\/beebipood.ee\/ru\/wp-json\/wp\/v2\/product"}],"about":[{"href":"https:\/\/beebipood.ee\/ru\/wp-json\/wp\/v2\/types\/product"}],"wp:featuredmedia":[{"embeddable":true,"href":"https:\/\/beebipood.ee\/ru\/wp-json\/wp\/v2\/media\/509873"}],"wp:attachment":[{"href":"https:\/\/beebipood.ee\/ru\/wp-json\/wp\/v2\/media?parent=509871"}],"wp:term":[{"taxonomy":"pwb-brand","embeddable":true,"href":"https:\/\/beebipood.ee\/ru\/wp-json\/wp\/v2\/pwb-brand?post=509871"},{"taxonomy":"product_brand","embeddable":true,"href":"https:\/\/beebipood.ee\/ru\/wp-json\/wp\/v2\/product_brand?post=509871"},{"taxonomy":"product_cat","embeddable":true,"href":"https:\/\/beebipood.ee\/ru\/wp-json\/wp\/v2\/product_cat?post=509871"},{"taxonomy":"product_tag","embeddable":true,"href":"https:\/\/beebipood.ee\/ru\/wp-json\/wp\/v2\/product_tag?post=509871"}],"curies":[{"name":"wp","href":"https:\/\/api.w.org\/{rel}","templated":true}]}}