{"id":509912,"date":"2025-12-27T13:47:52","date_gmt":"2025-12-27T11:47:52","guid":{"rendered":"https:\/\/beebipood.ee\/?post_type=product&#038;p=509912"},"modified":"2025-12-27T13:56:48","modified_gmt":"2025-12-27T11:56:48","slug":"twistshake-soogitool-grey","status":"publish","type":"product","link":"https:\/\/beebipood.ee\/ru\/produkt\/twistshake-soogitool-grey\/","title":{"rendered":"Twistshake s\u00f6\u00f6gitool, grey"},"content":{"rendered":"<p data-start=\"72\" data-end=\"145\"><strong data-start=\"72\" data-end=\"145\">TWISTSHAKE s\u00f6\u00f6gitool \u2013 turvaline, mugav ja stiilne valik sinu lapsele<\/strong><\/p>\n<p data-start=\"147\" data-end=\"469\">TWISTSHAKE s\u00f6\u00f6gitool \u00fchendab kaasaegse disaini ja praktilisuse, pakkudes lapsele mugavat ning turvalist istekohta igap\u00e4evaseks s\u00f6\u00f6miseks ja m\u00e4ngimiseks. Viiepunkti turvarihmad, stabiilne konstruktsioon ja jalgade tugi tagavad kindla istumisasendi, samal ajal kui vanematele on r\u00f5\u00f5muks lihtne hooldus ja nutikad lahendused. Sobib alates 6 kuust.<\/p>\n<p data-start=\"471\" data-end=\"876\">\u2714 <strong data-start=\"473\" data-end=\"494\">T\u00e4iuslik sobivus:<\/strong> \u00fchildub Click-Mat Mini alusega (m\u00fc\u00fcakse eraldi)<br data-start=\"542\" data-end=\"545\" \/>\u2714 <strong data-start=\"547\" data-end=\"579\">Veel mugavam algusest peale:<\/strong> v\u00f5imalik kasutada koos pehme istepadjaga (m\u00fc\u00fcakse eraldi)<br data-start=\"637\" data-end=\"640\" data-is-only-node=\"\" \/>\u2714 <strong data-start=\"642\" data-end=\"662\">Turvaline valik:<\/strong> viiepunkti kinnitus ja jalgade tugi kindlaks istumiseks<br data-start=\"718\" data-end=\"721\" \/>\u2714 <strong data-start=\"723\" data-end=\"744\">Lihtne puhastada:<\/strong> eemaldatav kandik sobib n\u00f5udepesumasinasse<br data-start=\"787\" data-end=\"790\" \/>\u2714 <strong data-start=\"792\" data-end=\"812\">Mugav hoiustada:<\/strong> eemaldatavad jalad lihtsaks ladustamiseks ja transportimiseks<\/p>\n<p data-start=\"878\" data-end=\"1045\" data-is-last-node=\"\" data-is-only-node=\"\">Ideaalne valik kasvavale lapsele \u2013 praktiline igap\u00e4evaselt, stiilne igas kodus!<\/p>\n<p data-start=\"89\" data-end=\"101\"><strong data-start=\"89\" data-end=\"101\">Omadused<\/strong><\/p>\n<ul data-start=\"102\" data-end=\"272\">\n<li data-start=\"102\" data-end=\"119\">\n<p data-start=\"104\" data-end=\"119\">K\u00f5rgus: 85 cm<\/p>\n<\/li>\n<li data-start=\"120\" data-end=\"137\">\n<p data-start=\"122\" data-end=\"137\">Pikkus: s\u00fcgavus 68 cm<\/p>\n<\/li>\n<li data-start=\"138\" data-end=\"154\">\n<p data-start=\"140\" data-end=\"154\">Laius: 55 cm<\/p>\n<\/li>\n<li data-start=\"155\" data-end=\"180\">\n<p data-start=\"157\" data-end=\"180\">Kandiku pikkus: 31 cm<\/p>\n<\/li>\n<li data-start=\"181\" data-end=\"207\">\n<p data-start=\"183\" data-end=\"207\">Kandiku laius: 17,5 cm<\/p>\n<\/li>\n<li data-start=\"208\" data-end=\"224\">\n<p data-start=\"210\" data-end=\"224\">Kaal: 3,5 kg<\/p>\n<\/li>\n<li data-start=\"225\" data-end=\"272\">\n<p data-start=\"227\" data-end=\"272\">Materjalid: PP-plastik, p\u00f6\u00f6kpuit, pol\u00fcester<\/p>\n<\/li>\n<li data-start=\"225\" data-end=\"272\">Kandev\u00f5ime (kg): 15 kg<\/li>\n<\/ul>\n","protected":false},"excerpt":{"rendered":"<p>TWISTSHAKE s\u00f6\u00f6gitool \u2013 turvaline, mugav ja stiilne valik sinu lapsele TWISTSHAKE s\u00f6\u00f6gitool \u00fchendab kaasaegse disaini ja praktilisuse, pakkudes lapsele mugavat ning turvalist istekohta igap\u00e4evaseks s\u00f6\u00f6miseks ja m\u00e4ngimiseks. Viiepunkti turvarihmad, stabiilne konstruktsioon ja jalgade tugi tagavad kindla istumisasendi, samal ajal kui vanematele on r\u00f5\u00f5muks lihtne hooldus ja nutikad lahendused. Sobib alates 6 kuust. \u2714 T\u00e4iuslik sobivus: [&hellip;]<\/p>\n","protected":false},"featured_media":509918,"template":"","meta":{"_acf_changed":false},"pwb-brand":[11958],"product_brand":[],"product_cat":[11575,11645,11709],"product_tag":[],"class_list":{"0":"post-509912","1":"product","2":"type-product","3":"status-publish","4":"has-post-thumbnail","6":"pwb-brand-twistshake-ru","7":"product_cat-uued-tooted-ru","8":"product_cat-sootmistoolid-ru","9":"product_cat-sootmistoolid-beebi-ja-lastetarbed-mahkimine-hugieen-ru","11":"first","12":"onbackorder","13":"taxable","14":"shipping-taxable","15":"purchasable","16":"product-type-simple"},"exclude_global_add_ons":[],"addons":[],"acf":[],"yoast_head":"<!-- This site is optimized with the Yoast SEO plugin v27.1.1 - https:\/\/yoast.com\/product\/yoast-seo-wordpress\/ -->\n<title>Bebe-Jou Sense Edition beebivann ja Sense vannijalad, v\u00e4rvivalik, \u041f\u0440\u0438\u043d\u0430\u0434\u043b\u0435\u0436\u043d\u043e\u0441\u0442\u0438 \u0434\u043b\u044f \u043c\u043b\u0430\u0434\u0435\u043d\u0446\u0435\u0432, \u0412\u0430\u043d\u043d\u044b \u0438 \u0430\u043a\u0441\u0435\u0441\u0441\u0443\u0430\u0440\u044b, Beebipood<\/title>\n<meta name=\"description\" content=\"Bebe-Jou Sense Edition beebivann ja Sense vannijalad, v\u00e4rvivalik, Sense Edition beebivann on t\u00e4iustatud uuendusliku digitaalse termomeetriga.Inte\" \/>\n<meta name=\"robots\" content=\"index, follow, max-snippet:-1, max-image-preview:large, max-video-preview:-1\" \/>\n<link rel=\"canonical\" href=\"https:\/\/beebipood.ee\/ru\/produkt\/twistshake-soogitool-grey\/\" \/>\n<meta property=\"og:locale\" content=\"ru_RU\" \/>\n<meta property=\"og:type\" content=\"article\" \/>\n<meta property=\"og:title\" content=\"Bebe-Jou Sense Edition beebivann ja Sense vannijalad, v\u00e4rvivalik, \u041f\u0440\u0438\u043d\u0430\u0434\u043b\u0435\u0436\u043d\u043e\u0441\u0442\u0438 \u0434\u043b\u044f \u043c\u043b\u0430\u0434\u0435\u043d\u0446\u0435\u0432, \u0412\u0430\u043d\u043d\u044b \u0438 \u0430\u043a\u0441\u0435\u0441\u0441\u0443\u0430\u0440\u044b, Beebipood\" \/>\n<meta property=\"og:description\" content=\"Bebe-Jou Sense Edition beebivann ja Sense vannijalad, v\u00e4rvivalik, Sense Edition beebivann on t\u00e4iustatud uuendusliku digitaalse termomeetriga.Inte\" \/>\n<meta property=\"og:url\" content=\"https:\/\/beebipood.ee\/ru\/produkt\/twistshake-soogitool-grey\/\" \/>\n<meta property=\"og:site_name\" content=\"Beebipood\" \/>\n<meta property=\"article:modified_time\" content=\"2025-12-27T11:56:48+00:00\" \/>\n<meta property=\"og:image\" content=\"https:\/\/beebipood.ee\/wp-content\/uploads\/2025\/12\/twistshake-soogitool-hall2.jpg\" \/>\n\t<meta property=\"og:image:width\" content=\"800\" \/>\n\t<meta property=\"og:image:height\" content=\"1000\" \/>\n\t<meta property=\"og:image:type\" content=\"image\/jpeg\" \/>\n<meta name=\"twitter:card\" content=\"summary_large_image\" \/>\n<meta name=\"twitter:label1\" content=\"\u041f\u0440\u0438\u043c\u0435\u0440\u043d\u043e\u0435 \u0432\u0440\u0435\u043c\u044f \u0434\u043b\u044f \u0447\u0442\u0435\u043d\u0438\u044f\" \/>\n\t<meta name=\"twitter:data1\" content=\"1 \u043c\u0438\u043d\u0443\u0442\u0430\" \/>\n<script type=\"application\/ld+json\" class=\"yoast-schema-graph\">{\"@context\":\"https:\/\/schema.org\",\"@graph\":[{\"@type\":\"WebPage\",\"@id\":\"https:\/\/beebipood.ee\/ru\/produkt\/twistshake-soogitool-grey\/\",\"url\":\"https:\/\/beebipood.ee\/ru\/produkt\/twistshake-soogitool-grey\/\",\"name\":\"Bebe-Jou Sense Edition beebivann ja Sense vannijalad, v\u00e4rvivalik, \u041f\u0440\u0438\u043d\u0430\u0434\u043b\u0435\u0436\u043d\u043e\u0441\u0442\u0438 \u0434\u043b\u044f \u043c\u043b\u0430\u0434\u0435\u043d\u0446\u0435\u0432, \u0412\u0430\u043d\u043d\u044b \u0438 \u0430\u043a\u0441\u0435\u0441\u0441\u0443\u0430\u0440\u044b, Beebipood\",\"isPartOf\":{\"@id\":\"https:\/\/beebipood.ee\/ru\/#website\"},\"primaryImageOfPage\":{\"@id\":\"https:\/\/beebipood.ee\/ru\/produkt\/twistshake-soogitool-grey\/#primaryimage\"},\"image\":{\"@id\":\"https:\/\/beebipood.ee\/ru\/produkt\/twistshake-soogitool-grey\/#primaryimage\"},\"thumbnailUrl\":\"https:\/\/beebipood.ee\/wp-content\/uploads\/2025\/12\/twistshake-soogitool-hall2.jpg\",\"datePublished\":\"2025-12-27T11:47:52+00:00\",\"dateModified\":\"2025-12-27T11:56:48+00:00\",\"description\":\"Bebe-Jou Sense Edition beebivann ja Sense vannijalad, v\u00e4rvivalik, Sense Edition beebivann on t\u00e4iustatud uuendusliku digitaalse termomeetriga.Inte\",\"breadcrumb\":{\"@id\":\"https:\/\/beebipood.ee\/ru\/produkt\/twistshake-soogitool-grey\/#breadcrumb\"},\"inLanguage\":\"ru-RU\",\"potentialAction\":[{\"@type\":\"ReadAction\",\"target\":[\"https:\/\/beebipood.ee\/ru\/produkt\/twistshake-soogitool-grey\/\"]}]},{\"@type\":\"ImageObject\",\"inLanguage\":\"ru-RU\",\"@id\":\"https:\/\/beebipood.ee\/ru\/produkt\/twistshake-soogitool-grey\/#primaryimage\",\"url\":\"https:\/\/beebipood.ee\/wp-content\/uploads\/2025\/12\/twistshake-soogitool-hall2.jpg\",\"contentUrl\":\"https:\/\/beebipood.ee\/wp-content\/uploads\/2025\/12\/twistshake-soogitool-hall2.jpg\",\"width\":800,\"height\":1000},{\"@type\":\"BreadcrumbList\",\"@id\":\"https:\/\/beebipood.ee\/ru\/produkt\/twistshake-soogitool-grey\/#breadcrumb\",\"itemListElement\":[{\"@type\":\"ListItem\",\"position\":1,\"name\":\"Home\",\"item\":\"https:\/\/beebipood.ee\/ru\/\"},{\"@type\":\"ListItem\",\"position\":2,\"name\":\"\u041a\u0430\u0442\u0430\u043b\u043e\u0433 \u0442\u043e\u0432\u0430\u0440\u043e\u0432\",\"item\":\"https:\/\/beebipood.ee\/tooted\/\"},{\"@type\":\"ListItem\",\"position\":3,\"name\":\"Twistshake s\u00f6\u00f6gitool, grey\"}]},{\"@type\":\"WebSite\",\"@id\":\"https:\/\/beebipood.ee\/ru\/#website\",\"url\":\"https:\/\/beebipood.ee\/ru\/\",\"name\":\"Beebipood\",\"description\":\"Lastekaubad, beebikaubad, m\u00e4nguasjad\",\"publisher\":{\"@id\":\"https:\/\/beebipood.ee\/ru\/#organization\"},\"potentialAction\":[{\"@type\":\"SearchAction\",\"target\":{\"@type\":\"EntryPoint\",\"urlTemplate\":\"https:\/\/beebipood.ee\/ru\/?s={search_term_string}\"},\"query-input\":{\"@type\":\"PropertyValueSpecification\",\"valueRequired\":true,\"valueName\":\"search_term_string\"}}],\"inLanguage\":\"ru-RU\"},{\"@type\":\"Organization\",\"@id\":\"https:\/\/beebipood.ee\/ru\/#organization\",\"name\":\"Beebipood\",\"url\":\"https:\/\/beebipood.ee\/ru\/\",\"logo\":{\"@type\":\"ImageObject\",\"inLanguage\":\"ru-RU\",\"@id\":\"https:\/\/beebipood.ee\/ru\/#\/schema\/logo\/image\/\",\"url\":\"https:\/\/beebipood.ee\/wp-content\/uploads\/2025\/03\/beebipood.ee-logo-1.svg\",\"contentUrl\":\"https:\/\/beebipood.ee\/wp-content\/uploads\/2025\/03\/beebipood.ee-logo-1.svg\",\"caption\":\"Beebipood\"},\"image\":{\"@id\":\"https:\/\/beebipood.ee\/ru\/#\/schema\/logo\/image\/\"}}]}<\/script>\n<!-- \/ Yoast SEO plugin. -->","yoast_head_json":{"title":"Bebe-Jou Sense Edition beebivann ja Sense vannijalad, v\u00e4rvivalik, \u041f\u0440\u0438\u043d\u0430\u0434\u043b\u0435\u0436\u043d\u043e\u0441\u0442\u0438 \u0434\u043b\u044f \u043c\u043b\u0430\u0434\u0435\u043d\u0446\u0435\u0432, \u0412\u0430\u043d\u043d\u044b \u0438 \u0430\u043a\u0441\u0435\u0441\u0441\u0443\u0430\u0440\u044b, Beebipood","description":"Bebe-Jou Sense Edition beebivann ja Sense vannijalad, v\u00e4rvivalik, Sense Edition beebivann on t\u00e4iustatud uuendusliku digitaalse termomeetriga.Inte","robots":{"index":"index","follow":"follow","max-snippet":"max-snippet:-1","max-image-preview":"max-image-preview:large","max-video-preview":"max-video-preview:-1"},"canonical":"https:\/\/beebipood.ee\/ru\/produkt\/twistshake-soogitool-grey\/","og_locale":"ru_RU","og_type":"article","og_title":"Bebe-Jou Sense Edition beebivann ja Sense vannijalad, v\u00e4rvivalik, \u041f\u0440\u0438\u043d\u0430\u0434\u043b\u0435\u0436\u043d\u043e\u0441\u0442\u0438 \u0434\u043b\u044f \u043c\u043b\u0430\u0434\u0435\u043d\u0446\u0435\u0432, \u0412\u0430\u043d\u043d\u044b \u0438 \u0430\u043a\u0441\u0435\u0441\u0441\u0443\u0430\u0440\u044b, Beebipood","og_description":"Bebe-Jou Sense Edition beebivann ja Sense vannijalad, v\u00e4rvivalik, Sense Edition beebivann on t\u00e4iustatud uuendusliku digitaalse termomeetriga.Inte","og_url":"https:\/\/beebipood.ee\/ru\/produkt\/twistshake-soogitool-grey\/","og_site_name":"Beebipood","article_modified_time":"2025-12-27T11:56:48+00:00","og_image":[{"width":800,"height":1000,"url":"https:\/\/beebipood.ee\/wp-content\/uploads\/2025\/12\/twistshake-soogitool-hall2.jpg","type":"image\/jpeg"}],"twitter_card":"summary_large_image","twitter_misc":{"\u041f\u0440\u0438\u043c\u0435\u0440\u043d\u043e\u0435 \u0432\u0440\u0435\u043c\u044f \u0434\u043b\u044f \u0447\u0442\u0435\u043d\u0438\u044f":"1 \u043c\u0438\u043d\u0443\u0442\u0430"},"schema":{"@context":"https:\/\/schema.org","@graph":[{"@type":"WebPage","@id":"https:\/\/beebipood.ee\/ru\/produkt\/twistshake-soogitool-grey\/","url":"https:\/\/beebipood.ee\/ru\/produkt\/twistshake-soogitool-grey\/","name":"Bebe-Jou Sense Edition beebivann ja Sense vannijalad, v\u00e4rvivalik, \u041f\u0440\u0438\u043d\u0430\u0434\u043b\u0435\u0436\u043d\u043e\u0441\u0442\u0438 \u0434\u043b\u044f \u043c\u043b\u0430\u0434\u0435\u043d\u0446\u0435\u0432, \u0412\u0430\u043d\u043d\u044b \u0438 \u0430\u043a\u0441\u0435\u0441\u0441\u0443\u0430\u0440\u044b, Beebipood","isPartOf":{"@id":"https:\/\/beebipood.ee\/ru\/#website"},"primaryImageOfPage":{"@id":"https:\/\/beebipood.ee\/ru\/produkt\/twistshake-soogitool-grey\/#primaryimage"},"image":{"@id":"https:\/\/beebipood.ee\/ru\/produkt\/twistshake-soogitool-grey\/#primaryimage"},"thumbnailUrl":"https:\/\/beebipood.ee\/wp-content\/uploads\/2025\/12\/twistshake-soogitool-hall2.jpg","datePublished":"2025-12-27T11:47:52+00:00","dateModified":"2025-12-27T11:56:48+00:00","description":"Bebe-Jou Sense Edition beebivann ja Sense vannijalad, v\u00e4rvivalik, Sense Edition beebivann on t\u00e4iustatud uuendusliku digitaalse termomeetriga.Inte","breadcrumb":{"@id":"https:\/\/beebipood.ee\/ru\/produkt\/twistshake-soogitool-grey\/#breadcrumb"},"inLanguage":"ru-RU","potentialAction":[{"@type":"ReadAction","target":["https:\/\/beebipood.ee\/ru\/produkt\/twistshake-soogitool-grey\/"]}]},{"@type":"ImageObject","inLanguage":"ru-RU","@id":"https:\/\/beebipood.ee\/ru\/produkt\/twistshake-soogitool-grey\/#primaryimage","url":"https:\/\/beebipood.ee\/wp-content\/uploads\/2025\/12\/twistshake-soogitool-hall2.jpg","contentUrl":"https:\/\/beebipood.ee\/wp-content\/uploads\/2025\/12\/twistshake-soogitool-hall2.jpg","width":800,"height":1000},{"@type":"BreadcrumbList","@id":"https:\/\/beebipood.ee\/ru\/produkt\/twistshake-soogitool-grey\/#breadcrumb","itemListElement":[{"@type":"ListItem","position":1,"name":"Home","item":"https:\/\/beebipood.ee\/ru\/"},{"@type":"ListItem","position":2,"name":"\u041a\u0430\u0442\u0430\u043b\u043e\u0433 \u0442\u043e\u0432\u0430\u0440\u043e\u0432","item":"https:\/\/beebipood.ee\/tooted\/"},{"@type":"ListItem","position":3,"name":"Twistshake s\u00f6\u00f6gitool, grey"}]},{"@type":"WebSite","@id":"https:\/\/beebipood.ee\/ru\/#website","url":"https:\/\/beebipood.ee\/ru\/","name":"Beebipood","description":"Lastekaubad, beebikaubad, m\u00e4nguasjad","publisher":{"@id":"https:\/\/beebipood.ee\/ru\/#organization"},"potentialAction":[{"@type":"SearchAction","target":{"@type":"EntryPoint","urlTemplate":"https:\/\/beebipood.ee\/ru\/?s={search_term_string}"},"query-input":{"@type":"PropertyValueSpecification","valueRequired":true,"valueName":"search_term_string"}}],"inLanguage":"ru-RU"},{"@type":"Organization","@id":"https:\/\/beebipood.ee\/ru\/#organization","name":"Beebipood","url":"https:\/\/beebipood.ee\/ru\/","logo":{"@type":"ImageObject","inLanguage":"ru-RU","@id":"https:\/\/beebipood.ee\/ru\/#\/schema\/logo\/image\/","url":"https:\/\/beebipood.ee\/wp-content\/uploads\/2025\/03\/beebipood.ee-logo-1.svg","contentUrl":"https:\/\/beebipood.ee\/wp-content\/uploads\/2025\/03\/beebipood.ee-logo-1.svg","caption":"Beebipood"},"image":{"@id":"https:\/\/beebipood.ee\/ru\/#\/schema\/logo\/image\/"}}]}},"brands":[{"id":11958,"name":"Twistshake","slug":"twistshake-ru"}],"_links":{"self":[{"href":"https:\/\/beebipood.ee\/ru\/wp-json\/wp\/v2\/product\/509912","targetHints":{"allow":["GET"]}}],"collection":[{"href":"https:\/\/beebipood.ee\/ru\/wp-json\/wp\/v2\/product"}],"about":[{"href":"https:\/\/beebipood.ee\/ru\/wp-json\/wp\/v2\/types\/product"}],"wp:featuredmedia":[{"embeddable":true,"href":"https:\/\/beebipood.ee\/ru\/wp-json\/wp\/v2\/media\/509918"}],"wp:attachment":[{"href":"https:\/\/beebipood.ee\/ru\/wp-json\/wp\/v2\/media?parent=509912"}],"wp:term":[{"taxonomy":"pwb-brand","embeddable":true,"href":"https:\/\/beebipood.ee\/ru\/wp-json\/wp\/v2\/pwb-brand?post=509912"},{"taxonomy":"product_brand","embeddable":true,"href":"https:\/\/beebipood.ee\/ru\/wp-json\/wp\/v2\/product_brand?post=509912"},{"taxonomy":"product_cat","embeddable":true,"href":"https:\/\/beebipood.ee\/ru\/wp-json\/wp\/v2\/product_cat?post=509912"},{"taxonomy":"product_tag","embeddable":true,"href":"https:\/\/beebipood.ee\/ru\/wp-json\/wp\/v2\/product_tag?post=509912"}],"curies":[{"name":"wp","href":"https:\/\/api.w.org\/{rel}","templated":true}]}}