{"id":509924,"date":"2025-12-27T14:25:15","date_gmt":"2025-12-27T12:25:15","guid":{"rendered":"https:\/\/beebipood.ee\/?post_type=product&#038;p=509924"},"modified":"2025-12-27T14:43:39","modified_gmt":"2025-12-27T12:43:39","slug":"tiny-love-ukssarviku-tegelustekk","status":"publish","type":"product","link":"https:\/\/beebipood.ee\/ru\/produkt\/tiny-love-ukssarviku-tegelustekk\/","title":{"rendered":"Tiny Love \u00fckssarviku tegelustekk"},"content":{"rendered":"<p data-start=\"98\" data-end=\"157\"><strong data-start=\"98\" data-end=\"157\">Tiny Love \u00fckssarviku m\u00e4ngumatt reguleeritavate kaartega<\/strong><\/p>\n<p data-start=\"159\" data-end=\"428\">Tiny Love \u00fckssarvikuteemaline arendav m\u00e4ngumatt kasvab koos lapsega ning toetab tema erinevaid arenguetappe. Reguleeritavad kaared kohanduvad vastavalt lapse vanusele ja oskustele, pakkudes avastamisr\u00f5\u00f5mu, mitmek\u00fclgseid tegevusi ja palju m\u00e4nguv\u00f5imalusi iga p\u00e4eva jaoks!<\/p>\n<p data-start=\"430\" data-end=\"447\"><strong data-start=\"430\" data-end=\"447\">Kasutusviisid<\/strong><\/p>\n<ul data-start=\"448\" data-end=\"961\">\n<li data-start=\"448\" data-end=\"565\">\n<p data-start=\"450\" data-end=\"565\"><strong data-start=\"450\" data-end=\"473\">Selili m\u00e4ngimiseks:<\/strong>\u00a0lapse kohal rippuvad m\u00e4nguasjad \u00e4rgitavad sirutama k\u00e4si, haarama ja arendavad motoorikat.<\/p>\n<\/li>\n<li data-start=\"566\" data-end=\"705\">\n<p data-start=\"568\" data-end=\"705\"><strong data-start=\"568\" data-end=\"583\">Aeg k\u00f5huli:<\/strong>\u00a0mugav tugipadi, peegel ja teised p\u00f5nevad elemendid innustavad veetma kauem aega k\u00f5huli, toetades suurmotoorika arengut.<\/p>\n<\/li>\n<li data-start=\"706\" data-end=\"827\">\n<p data-start=\"708\" data-end=\"827\"><strong data-start=\"708\" data-end=\"732\">Istudes ja m\u00e4ngides:<\/strong>\u00a0istudes saab laps avastada m\u00e4nguasju uuel tasemel ja proovida nende keerukamaid funktsioone.<\/p>\n<\/li>\n<li data-start=\"828\" data-end=\"961\">\n<p data-start=\"830\" data-end=\"961\"><strong data-start=\"830\" data-end=\"858\">L\u00e4hedussuhe ja koosm\u00e4ng:<\/strong>\u00a0liigutatavad kaared loovad hubase keskkonna, kus vanem ja laps saavad koos m\u00e4ngida ja sidet tugevdada.<\/p>\n<\/li>\n<\/ul>\n<p data-start=\"963\" data-end=\"996\"><strong data-start=\"963\" data-end=\"996\">Aitab arendada olulisi oskusi<\/strong><\/p>\n<ul data-start=\"997\" data-end=\"1525\">\n<li data-start=\"997\" data-end=\"1119\">\n<p data-start=\"999\" data-end=\"1119\"><strong data-start=\"999\" data-end=\"1022\">K\u00f5ne ja suhtlemine:<\/strong>\u00a0eriline salvestusm\u00e4nguasi tutvustab lapsele h\u00e4\u00e4li ja s\u00f5nu ning toetab suhtlemisoskuse arengut.<\/p>\n<\/li>\n<li data-start=\"1120\" data-end=\"1207\">\n<p data-start=\"1122\" data-end=\"1207\"><strong data-start=\"1122\" data-end=\"1141\">Suur motoorika:<\/strong>\u00a0avar m\u00e4nguala julgustab liikuma, sirutama, p\u00f6\u00f6rama ja avastama.<\/p>\n<\/li>\n<li data-start=\"1208\" data-end=\"1296\">\n<p data-start=\"1210\" data-end=\"1296\"><strong data-start=\"1210\" data-end=\"1228\">Peenmotoorika:<\/strong>\u00a0haaramine, katsumine ja m\u00e4nguasjade uurimine arendab k\u00e4teosavust.<\/p>\n<\/li>\n<li data-start=\"1297\" data-end=\"1525\">\n<p data-start=\"1299\" data-end=\"1525\"><strong data-start=\"1299\" data-end=\"1324\">Kognitiivsed oskused:<\/strong>\u00a0aitab m\u00f5ista p\u00f5hjus-tagaj\u00e4rg seoseid ning pakub kasvades aina keerukamaid avastamisv\u00f5imalusi.<br data-start=\"1418\" data-end=\"1421\" \/>Lisaks toetab m\u00e4ngumatt ka lapse emotsionaalset arengut, loovust, kujutlusv\u00f5imet ja sensoorset kogemust.<\/p>\n<\/li>\n<\/ul>\n","protected":false},"excerpt":{"rendered":"<p>Tiny Love \u00fckssarviku m\u00e4ngumatt reguleeritavate kaartega Tiny Love \u00fckssarvikuteemaline arendav m\u00e4ngumatt kasvab koos lapsega ning toetab tema erinevaid arenguetappe. Reguleeritavad kaared kohanduvad vastavalt lapse vanusele ja oskustele, pakkudes avastamisr\u00f5\u00f5mu, mitmek\u00fclgseid tegevusi ja palju m\u00e4nguv\u00f5imalusi iga p\u00e4eva jaoks! Kasutusviisid Selili m\u00e4ngimiseks:\u00a0lapse kohal rippuvad m\u00e4nguasjad \u00e4rgitavad sirutama k\u00e4si, haarama ja arendavad motoorikat. Aeg k\u00f5huli:\u00a0mugav tugipadi, peegel ja [&hellip;]<\/p>\n","protected":false},"featured_media":509926,"template":"","meta":{"_acf_changed":false},"pwb-brand":[12002],"product_brand":[],"product_cat":[11683,11675,11689],"product_tag":[],"class_list":{"0":"post-509924","1":"product","2":"type-product","3":"status-publish","4":"has-post-thumbnail","6":"pwb-brand-tiny-love","7":"product_cat-mangud-ru","8":"product_cat-aktiivne-tegevus-ja-vaba-aeg-ru","9":"product_cat-manguasjad-mangud-nukud-mangumoobel-ru","10":"pa_manufacturer-hauck-ru","12":"first","13":"onbackorder","14":"taxable","15":"shipping-taxable","16":"purchasable","17":"product-type-simple"},"exclude_global_add_ons":[],"addons":[],"acf":[],"yoast_head":"<!-- This site is optimized with the Yoast SEO plugin v27.1.1 - https:\/\/yoast.com\/product\/yoast-seo-wordpress\/ -->\n<title>Hauck tegelustekk Relax N Watch, Water Animals, \u0410\u043a\u0442\u0438\u0432\u043d\u044b\u0435 \u0434\u0435\u0439\u0441\u0442\u0432\u0438\u044f, \u0418\u0433\u0440\u044b, \u0418\u0433\u0440\u0443\u0448\u043a\u0438, Beebipood<\/title>\n<meta name=\"description\" content=\"Hauck tegelustekk Relax N Watch, Water Animals, Olenemata sellest, kas nad lamavad, istuvad v\u00f5i roomavad,siis teie laps avastab alati midagi uut\" \/>\n<meta name=\"robots\" content=\"index, follow, max-snippet:-1, max-image-preview:large, max-video-preview:-1\" \/>\n<link rel=\"canonical\" href=\"https:\/\/beebipood.ee\/ru\/produkt\/tiny-love-ukssarviku-tegelustekk\/\" \/>\n<meta property=\"og:locale\" content=\"ru_RU\" \/>\n<meta property=\"og:type\" content=\"article\" \/>\n<meta property=\"og:title\" content=\"Hauck tegelustekk Relax N Watch, Water Animals, \u0410\u043a\u0442\u0438\u0432\u043d\u044b\u0435 \u0434\u0435\u0439\u0441\u0442\u0432\u0438\u044f, \u0418\u0433\u0440\u044b, \u0418\u0433\u0440\u0443\u0448\u043a\u0438, Beebipood\" \/>\n<meta property=\"og:description\" content=\"Hauck tegelustekk Relax N Watch, Water Animals, Olenemata sellest, kas nad lamavad, istuvad v\u00f5i roomavad,siis teie laps avastab alati midagi uut\" \/>\n<meta property=\"og:url\" content=\"https:\/\/beebipood.ee\/ru\/produkt\/tiny-love-ukssarviku-tegelustekk\/\" \/>\n<meta property=\"og:site_name\" content=\"Beebipood\" \/>\n<meta property=\"article:modified_time\" content=\"2025-12-27T12:43:39+00:00\" \/>\n<meta property=\"og:image\" content=\"https:\/\/beebipood.ee\/wp-content\/uploads\/2025\/12\/tiny-love-ukssarviku-mangumatt.jpg\" \/>\n\t<meta property=\"og:image:width\" content=\"1188\" \/>\n\t<meta property=\"og:image:height\" content=\"1188\" \/>\n\t<meta property=\"og:image:type\" content=\"image\/jpeg\" \/>\n<meta name=\"twitter:card\" content=\"summary_large_image\" \/>\n<meta name=\"twitter:label1\" content=\"\u041f\u0440\u0438\u043c\u0435\u0440\u043d\u043e\u0435 \u0432\u0440\u0435\u043c\u044f \u0434\u043b\u044f \u0447\u0442\u0435\u043d\u0438\u044f\" \/>\n\t<meta name=\"twitter:data1\" content=\"2 \u043c\u0438\u043d\u0443\u0442\u044b\" \/>\n<script type=\"application\/ld+json\" class=\"yoast-schema-graph\">{\"@context\":\"https:\/\/schema.org\",\"@graph\":[{\"@type\":\"WebPage\",\"@id\":\"https:\/\/beebipood.ee\/ru\/produkt\/tiny-love-ukssarviku-tegelustekk\/\",\"url\":\"https:\/\/beebipood.ee\/ru\/produkt\/tiny-love-ukssarviku-tegelustekk\/\",\"name\":\"Hauck tegelustekk Relax N Watch, Water Animals, \u0410\u043a\u0442\u0438\u0432\u043d\u044b\u0435 \u0434\u0435\u0439\u0441\u0442\u0432\u0438\u044f, \u0418\u0433\u0440\u044b, \u0418\u0433\u0440\u0443\u0448\u043a\u0438, Beebipood\",\"isPartOf\":{\"@id\":\"https:\/\/beebipood.ee\/ru\/#website\"},\"primaryImageOfPage\":{\"@id\":\"https:\/\/beebipood.ee\/ru\/produkt\/tiny-love-ukssarviku-tegelustekk\/#primaryimage\"},\"image\":{\"@id\":\"https:\/\/beebipood.ee\/ru\/produkt\/tiny-love-ukssarviku-tegelustekk\/#primaryimage\"},\"thumbnailUrl\":\"https:\/\/beebipood.ee\/wp-content\/uploads\/2025\/12\/tiny-love-ukssarviku-mangumatt.jpg\",\"datePublished\":\"2025-12-27T12:25:15+00:00\",\"dateModified\":\"2025-12-27T12:43:39+00:00\",\"description\":\"Hauck tegelustekk Relax N Watch, Water Animals, Olenemata sellest, kas nad lamavad, istuvad v\u00f5i roomavad,siis teie laps avastab alati midagi uut\",\"breadcrumb\":{\"@id\":\"https:\/\/beebipood.ee\/ru\/produkt\/tiny-love-ukssarviku-tegelustekk\/#breadcrumb\"},\"inLanguage\":\"ru-RU\",\"potentialAction\":[{\"@type\":\"ReadAction\",\"target\":[\"https:\/\/beebipood.ee\/ru\/produkt\/tiny-love-ukssarviku-tegelustekk\/\"]}]},{\"@type\":\"ImageObject\",\"inLanguage\":\"ru-RU\",\"@id\":\"https:\/\/beebipood.ee\/ru\/produkt\/tiny-love-ukssarviku-tegelustekk\/#primaryimage\",\"url\":\"https:\/\/beebipood.ee\/wp-content\/uploads\/2025\/12\/tiny-love-ukssarviku-mangumatt.jpg\",\"contentUrl\":\"https:\/\/beebipood.ee\/wp-content\/uploads\/2025\/12\/tiny-love-ukssarviku-mangumatt.jpg\",\"width\":1188,\"height\":1188},{\"@type\":\"BreadcrumbList\",\"@id\":\"https:\/\/beebipood.ee\/ru\/produkt\/tiny-love-ukssarviku-tegelustekk\/#breadcrumb\",\"itemListElement\":[{\"@type\":\"ListItem\",\"position\":1,\"name\":\"Home\",\"item\":\"https:\/\/beebipood.ee\/ru\/\"},{\"@type\":\"ListItem\",\"position\":2,\"name\":\"\u041a\u0430\u0442\u0430\u043b\u043e\u0433 \u0442\u043e\u0432\u0430\u0440\u043e\u0432\",\"item\":\"https:\/\/beebipood.ee\/tooted\/\"},{\"@type\":\"ListItem\",\"position\":3,\"name\":\"Tiny Love \u00fckssarviku tegelustekk\"}]},{\"@type\":\"WebSite\",\"@id\":\"https:\/\/beebipood.ee\/ru\/#website\",\"url\":\"https:\/\/beebipood.ee\/ru\/\",\"name\":\"Beebipood\",\"description\":\"Lastekaubad, beebikaubad, m\u00e4nguasjad\",\"publisher\":{\"@id\":\"https:\/\/beebipood.ee\/ru\/#organization\"},\"potentialAction\":[{\"@type\":\"SearchAction\",\"target\":{\"@type\":\"EntryPoint\",\"urlTemplate\":\"https:\/\/beebipood.ee\/ru\/?s={search_term_string}\"},\"query-input\":{\"@type\":\"PropertyValueSpecification\",\"valueRequired\":true,\"valueName\":\"search_term_string\"}}],\"inLanguage\":\"ru-RU\"},{\"@type\":\"Organization\",\"@id\":\"https:\/\/beebipood.ee\/ru\/#organization\",\"name\":\"Beebipood\",\"url\":\"https:\/\/beebipood.ee\/ru\/\",\"logo\":{\"@type\":\"ImageObject\",\"inLanguage\":\"ru-RU\",\"@id\":\"https:\/\/beebipood.ee\/ru\/#\/schema\/logo\/image\/\",\"url\":\"https:\/\/beebipood.ee\/wp-content\/uploads\/2025\/03\/beebipood.ee-logo-1.svg\",\"contentUrl\":\"https:\/\/beebipood.ee\/wp-content\/uploads\/2025\/03\/beebipood.ee-logo-1.svg\",\"caption\":\"Beebipood\"},\"image\":{\"@id\":\"https:\/\/beebipood.ee\/ru\/#\/schema\/logo\/image\/\"}}]}<\/script>\n<!-- \/ Yoast SEO plugin. -->","yoast_head_json":{"title":"Hauck tegelustekk Relax N Watch, Water Animals, \u0410\u043a\u0442\u0438\u0432\u043d\u044b\u0435 \u0434\u0435\u0439\u0441\u0442\u0432\u0438\u044f, \u0418\u0433\u0440\u044b, \u0418\u0433\u0440\u0443\u0448\u043a\u0438, Beebipood","description":"Hauck tegelustekk Relax N Watch, Water Animals, Olenemata sellest, kas nad lamavad, istuvad v\u00f5i roomavad,siis teie laps avastab alati midagi uut","robots":{"index":"index","follow":"follow","max-snippet":"max-snippet:-1","max-image-preview":"max-image-preview:large","max-video-preview":"max-video-preview:-1"},"canonical":"https:\/\/beebipood.ee\/ru\/produkt\/tiny-love-ukssarviku-tegelustekk\/","og_locale":"ru_RU","og_type":"article","og_title":"Hauck tegelustekk Relax N Watch, Water Animals, \u0410\u043a\u0442\u0438\u0432\u043d\u044b\u0435 \u0434\u0435\u0439\u0441\u0442\u0432\u0438\u044f, \u0418\u0433\u0440\u044b, \u0418\u0433\u0440\u0443\u0448\u043a\u0438, Beebipood","og_description":"Hauck tegelustekk Relax N Watch, Water Animals, Olenemata sellest, kas nad lamavad, istuvad v\u00f5i roomavad,siis teie laps avastab alati midagi uut","og_url":"https:\/\/beebipood.ee\/ru\/produkt\/tiny-love-ukssarviku-tegelustekk\/","og_site_name":"Beebipood","article_modified_time":"2025-12-27T12:43:39+00:00","og_image":[{"width":1188,"height":1188,"url":"https:\/\/beebipood.ee\/wp-content\/uploads\/2025\/12\/tiny-love-ukssarviku-mangumatt.jpg","type":"image\/jpeg"}],"twitter_card":"summary_large_image","twitter_misc":{"\u041f\u0440\u0438\u043c\u0435\u0440\u043d\u043e\u0435 \u0432\u0440\u0435\u043c\u044f \u0434\u043b\u044f \u0447\u0442\u0435\u043d\u0438\u044f":"2 \u043c\u0438\u043d\u0443\u0442\u044b"},"schema":{"@context":"https:\/\/schema.org","@graph":[{"@type":"WebPage","@id":"https:\/\/beebipood.ee\/ru\/produkt\/tiny-love-ukssarviku-tegelustekk\/","url":"https:\/\/beebipood.ee\/ru\/produkt\/tiny-love-ukssarviku-tegelustekk\/","name":"Hauck tegelustekk Relax N Watch, Water Animals, \u0410\u043a\u0442\u0438\u0432\u043d\u044b\u0435 \u0434\u0435\u0439\u0441\u0442\u0432\u0438\u044f, \u0418\u0433\u0440\u044b, \u0418\u0433\u0440\u0443\u0448\u043a\u0438, Beebipood","isPartOf":{"@id":"https:\/\/beebipood.ee\/ru\/#website"},"primaryImageOfPage":{"@id":"https:\/\/beebipood.ee\/ru\/produkt\/tiny-love-ukssarviku-tegelustekk\/#primaryimage"},"image":{"@id":"https:\/\/beebipood.ee\/ru\/produkt\/tiny-love-ukssarviku-tegelustekk\/#primaryimage"},"thumbnailUrl":"https:\/\/beebipood.ee\/wp-content\/uploads\/2025\/12\/tiny-love-ukssarviku-mangumatt.jpg","datePublished":"2025-12-27T12:25:15+00:00","dateModified":"2025-12-27T12:43:39+00:00","description":"Hauck tegelustekk Relax N Watch, Water Animals, Olenemata sellest, kas nad lamavad, istuvad v\u00f5i roomavad,siis teie laps avastab alati midagi uut","breadcrumb":{"@id":"https:\/\/beebipood.ee\/ru\/produkt\/tiny-love-ukssarviku-tegelustekk\/#breadcrumb"},"inLanguage":"ru-RU","potentialAction":[{"@type":"ReadAction","target":["https:\/\/beebipood.ee\/ru\/produkt\/tiny-love-ukssarviku-tegelustekk\/"]}]},{"@type":"ImageObject","inLanguage":"ru-RU","@id":"https:\/\/beebipood.ee\/ru\/produkt\/tiny-love-ukssarviku-tegelustekk\/#primaryimage","url":"https:\/\/beebipood.ee\/wp-content\/uploads\/2025\/12\/tiny-love-ukssarviku-mangumatt.jpg","contentUrl":"https:\/\/beebipood.ee\/wp-content\/uploads\/2025\/12\/tiny-love-ukssarviku-mangumatt.jpg","width":1188,"height":1188},{"@type":"BreadcrumbList","@id":"https:\/\/beebipood.ee\/ru\/produkt\/tiny-love-ukssarviku-tegelustekk\/#breadcrumb","itemListElement":[{"@type":"ListItem","position":1,"name":"Home","item":"https:\/\/beebipood.ee\/ru\/"},{"@type":"ListItem","position":2,"name":"\u041a\u0430\u0442\u0430\u043b\u043e\u0433 \u0442\u043e\u0432\u0430\u0440\u043e\u0432","item":"https:\/\/beebipood.ee\/tooted\/"},{"@type":"ListItem","position":3,"name":"Tiny Love \u00fckssarviku tegelustekk"}]},{"@type":"WebSite","@id":"https:\/\/beebipood.ee\/ru\/#website","url":"https:\/\/beebipood.ee\/ru\/","name":"Beebipood","description":"Lastekaubad, beebikaubad, m\u00e4nguasjad","publisher":{"@id":"https:\/\/beebipood.ee\/ru\/#organization"},"potentialAction":[{"@type":"SearchAction","target":{"@type":"EntryPoint","urlTemplate":"https:\/\/beebipood.ee\/ru\/?s={search_term_string}"},"query-input":{"@type":"PropertyValueSpecification","valueRequired":true,"valueName":"search_term_string"}}],"inLanguage":"ru-RU"},{"@type":"Organization","@id":"https:\/\/beebipood.ee\/ru\/#organization","name":"Beebipood","url":"https:\/\/beebipood.ee\/ru\/","logo":{"@type":"ImageObject","inLanguage":"ru-RU","@id":"https:\/\/beebipood.ee\/ru\/#\/schema\/logo\/image\/","url":"https:\/\/beebipood.ee\/wp-content\/uploads\/2025\/03\/beebipood.ee-logo-1.svg","contentUrl":"https:\/\/beebipood.ee\/wp-content\/uploads\/2025\/03\/beebipood.ee-logo-1.svg","caption":"Beebipood"},"image":{"@id":"https:\/\/beebipood.ee\/ru\/#\/schema\/logo\/image\/"}}]}},"brands":[{"id":12002,"name":"Tiny Love","slug":"tiny-love"}],"_links":{"self":[{"href":"https:\/\/beebipood.ee\/ru\/wp-json\/wp\/v2\/product\/509924","targetHints":{"allow":["GET"]}}],"collection":[{"href":"https:\/\/beebipood.ee\/ru\/wp-json\/wp\/v2\/product"}],"about":[{"href":"https:\/\/beebipood.ee\/ru\/wp-json\/wp\/v2\/types\/product"}],"wp:featuredmedia":[{"embeddable":true,"href":"https:\/\/beebipood.ee\/ru\/wp-json\/wp\/v2\/media\/509926"}],"wp:attachment":[{"href":"https:\/\/beebipood.ee\/ru\/wp-json\/wp\/v2\/media?parent=509924"}],"wp:term":[{"taxonomy":"pwb-brand","embeddable":true,"href":"https:\/\/beebipood.ee\/ru\/wp-json\/wp\/v2\/pwb-brand?post=509924"},{"taxonomy":"product_brand","embeddable":true,"href":"https:\/\/beebipood.ee\/ru\/wp-json\/wp\/v2\/product_brand?post=509924"},{"taxonomy":"product_cat","embeddable":true,"href":"https:\/\/beebipood.ee\/ru\/wp-json\/wp\/v2\/product_cat?post=509924"},{"taxonomy":"product_tag","embeddable":true,"href":"https:\/\/beebipood.ee\/ru\/wp-json\/wp\/v2\/product_tag?post=509924"}],"curies":[{"name":"wp","href":"https:\/\/api.w.org\/{rel}","templated":true}]}}