{"id":509971,"date":"2025-12-27T15:12:49","date_gmt":"2025-12-27T13:12:49","guid":{"rendered":"https:\/\/beebipood.ee\/?post_type=product&#038;p=509971"},"modified":"2025-12-27T15:17:07","modified_gmt":"2025-12-27T13:17:07","slug":"tiny-love-tegelustekk-printsess","status":"publish","type":"product","link":"https:\/\/beebipood.ee\/ru\/produkt\/tiny-love-tegelustekk-printsess\/","title":{"rendered":"Tiny Love tegelustekk printsess"},"content":{"rendered":"<p data-start=\"113\" data-end=\"194\"><strong data-start=\"113\" data-end=\"194\">Tiny Love arendav m\u00e4ngumatt reguleeritavate kaartidega \u2013 kasvab koos lapsega!<\/strong><\/p>\n<p data-start=\"196\" data-end=\"564\">See innovaatiline ja mitmek\u00fclgne Tiny Love m\u00e4ngumatt on loodud toetama beebi loomulikku arengut ja pakkuma r\u00f5\u00f5mu iga p\u00e4ev. M\u00e4ngumatt aitab lapsel avastada uusi helisid, v\u00e4rve ja tekstuure, julgustab t\u00f5stma pead, parandab silma-k\u00e4e koordinatsiooni ning aitab m\u00f5ista p\u00f5hjus-tagaj\u00e4rg seoseid. T\u00e4nu nutikale disainile kohandub matt suurep\u00e4raselt kasvava lapse vajadustega.<\/p>\n<hr data-start=\"566\" data-end=\"569\" \/>\n<h3 data-start=\"571\" data-end=\"621\">Miks Tiny Love m\u00e4ngumatt on suurep\u00e4rane valik?<\/h3>\n<ul data-start=\"622\" data-end=\"1208\">\n<li data-start=\"622\" data-end=\"750\">\n<p data-start=\"624\" data-end=\"750\"><strong data-start=\"624\" data-end=\"644\">Kohanduv disain:<\/strong> unikaalne liigutatav kaarteliide v\u00f5imaldab muuta kaartide asendit vastavalt lapse vanusele ja oskustele<\/p>\n<\/li>\n<li data-start=\"751\" data-end=\"902\">\n<p data-start=\"753\" data-end=\"902\"><strong data-start=\"753\" data-end=\"777\">Arengut toetav m\u00e4ng:<\/strong> m\u00e4nguasjad saab asetada lapsele k\u00e4ep\u00e4rasesse kohta, et soodustada haardeoskuse, motoorika ja kognitiivsete oskuste arengut<\/p>\n<\/li>\n<li data-start=\"903\" data-end=\"1032\">\n<p data-start=\"905\" data-end=\"1032\"><strong data-start=\"905\" data-end=\"927\">P\u00f5nevad tegevused:<\/strong> palju erinevaid arendavaid ja meeli stimuleerivaid elemente \u2013 helid, valgused, tekstuurid ja liikumine<\/p>\n<\/li>\n<li data-start=\"1033\" data-end=\"1152\">\n<p data-start=\"1035\" data-end=\"1152\"><strong data-start=\"1035\" data-end=\"1059\">Koosm\u00e4ng vanematega:<\/strong> laps saab m\u00e4ngida k\u00f5huli, selili v\u00f5i vanemaga koos, alati mugavas ja turvalises keskkonnas<\/p>\n<\/li>\n<li data-start=\"1153\" data-end=\"1208\">\n<p data-start=\"1155\" data-end=\"1208\"><strong data-start=\"1155\" data-end=\"1174\">Lihtne hooldus:<\/strong> m\u00e4ngumatti saab pesta pesumasinas<\/p>\n<\/li>\n<\/ul>\n<hr data-start=\"1210\" data-end=\"1213\" \/>\n<h3 data-start=\"1215\" data-end=\"1246\">Komplektis olevad elemendid<\/h3>\n<ol data-start=\"1247\" data-end=\"1717\">\n<li data-start=\"1247\" data-end=\"1336\">\n<p data-start=\"1250\" data-end=\"1336\"><strong data-start=\"1250\" data-end=\"1288\">Muusikaline linnuke valgusefektiga<\/strong> \u2013 eemaldatav, saab kinnitada ka jalutusk\u00e4rule<\/p>\n<\/li>\n<li data-start=\"1337\" data-end=\"1367\">\n<p data-start=\"1340\" data-end=\"1367\"><strong data-start=\"1340\" data-end=\"1365\">Kerge haaratav kobras<\/strong><\/p>\n<\/li>\n<li data-start=\"1368\" data-end=\"1391\">\n<p data-start=\"1371\" data-end=\"1391\"><strong data-start=\"1371\" data-end=\"1389\">Kr\u00f5bisev m\u00e4ger<\/strong><\/p>\n<\/li>\n<li data-start=\"1392\" data-end=\"1432\">\n<p data-start=\"1395\" data-end=\"1432\"><strong data-start=\"1395\" data-end=\"1430\">Peitusem\u00e4ngu m\u00e4nguasi \u201cKUKKUU!\u201d<\/strong><\/p>\n<\/li>\n<li data-start=\"1433\" data-end=\"1465\">\n<p data-start=\"1436\" data-end=\"1465\"><strong data-start=\"1436\" data-end=\"1463\">Pesumasinas pestav matt<\/strong><\/p>\n<\/li>\n<li data-start=\"1466\" data-end=\"1500\">\n<p data-start=\"1469\" data-end=\"1500\"><strong data-start=\"1469\" data-end=\"1498\">L\u00e4ikivad satiinist lindid<\/strong><\/p>\n<\/li>\n<li data-start=\"1501\" data-end=\"1539\">\n<p data-start=\"1504\" data-end=\"1539\"><strong data-start=\"1504\" data-end=\"1537\">Vibroefektiga riputusm\u00e4nguasi<\/strong><\/p>\n<\/li>\n<li data-start=\"1540\" data-end=\"1575\">\n<p data-start=\"1543\" data-end=\"1575\"><strong data-start=\"1543\" data-end=\"1573\">Kerge haaratav n\u00e4rimislelu<\/strong><\/p>\n<\/li>\n<li data-start=\"1576\" data-end=\"1638\">\n<p data-start=\"1579\" data-end=\"1638\"><strong data-start=\"1579\" data-end=\"1604\">Turvaline beebipeegel<\/strong> k\u00f5huli m\u00e4ngimise julgustamiseks<\/p>\n<\/li>\n<li data-start=\"1639\" data-end=\"1717\">\n<p data-start=\"1643\" data-end=\"1717\"><strong data-start=\"1643\" data-end=\"1668\">Reguleeritavad kaared<\/strong> \u2013 mugavaks kohandamiseks vastavalt arenguetapile<\/p>\n<\/li>\n<\/ol>\n<p data-start=\"1719\" data-end=\"1933\" data-is-last-node=\"\" data-is-only-node=\"\">T\u00e4iuslik valik peredele, kes soovivad lapsele turvalist, r\u00f5\u00f5msat ja arengut toetavat m\u00e4ngukeskkonda.<\/p>\n","protected":false},"excerpt":{"rendered":"<p>Tiny Love arendav m\u00e4ngumatt reguleeritavate kaartidega \u2013 kasvab koos lapsega! See innovaatiline ja mitmek\u00fclgne Tiny Love m\u00e4ngumatt on loodud toetama beebi loomulikku arengut ja pakkuma r\u00f5\u00f5mu iga p\u00e4ev. M\u00e4ngumatt aitab lapsel avastada uusi helisid, v\u00e4rve ja tekstuure, julgustab t\u00f5stma pead, parandab silma-k\u00e4e koordinatsiooni ning aitab m\u00f5ista p\u00f5hjus-tagaj\u00e4rg seoseid. T\u00e4nu nutikale disainile kohandub matt suurep\u00e4raselt kasvava [&hellip;]<\/p>\n","protected":false},"featured_media":509973,"template":"","meta":{"_acf_changed":false},"pwb-brand":[12002],"product_brand":[],"product_cat":[11683,11675,11689],"product_tag":[],"class_list":{"0":"post-509971","1":"product","2":"type-product","3":"status-publish","4":"has-post-thumbnail","6":"pwb-brand-tiny-love","7":"product_cat-mangud-ru","8":"product_cat-aktiivne-tegevus-ja-vaba-aeg-ru","9":"product_cat-manguasjad-mangud-nukud-mangumoobel-ru","10":"pa_manufacturer-hauck-ru","12":"first","13":"onbackorder","14":"taxable","15":"shipping-taxable","16":"purchasable","17":"product-type-simple"},"exclude_global_add_ons":[],"addons":[],"acf":[],"yoast_head":"<!-- This site is optimized with the Yoast SEO plugin v27.1.1 - https:\/\/yoast.com\/product\/yoast-seo-wordpress\/ -->\n<title>Hauck tegelustekk Relax N Watch, Water Animals, \u0410\u043a\u0442\u0438\u0432\u043d\u044b\u0435 \u0434\u0435\u0439\u0441\u0442\u0432\u0438\u044f, \u0418\u0433\u0440\u044b, \u0418\u0433\u0440\u0443\u0448\u043a\u0438, Beebipood<\/title>\n<meta name=\"description\" content=\"Hauck tegelustekk Relax N Watch, Water Animals, Olenemata sellest, kas nad lamavad, istuvad v\u00f5i roomavad,siis teie laps avastab alati midagi uut\" \/>\n<meta name=\"robots\" content=\"index, follow, max-snippet:-1, max-image-preview:large, max-video-preview:-1\" \/>\n<link rel=\"canonical\" href=\"https:\/\/beebipood.ee\/ru\/produkt\/tiny-love-tegelustekk-printsess\/\" \/>\n<meta property=\"og:locale\" content=\"ru_RU\" \/>\n<meta property=\"og:type\" content=\"article\" \/>\n<meta property=\"og:title\" content=\"Hauck tegelustekk Relax N Watch, Water Animals, \u0410\u043a\u0442\u0438\u0432\u043d\u044b\u0435 \u0434\u0435\u0439\u0441\u0442\u0432\u0438\u044f, \u0418\u0433\u0440\u044b, \u0418\u0433\u0440\u0443\u0448\u043a\u0438, Beebipood\" \/>\n<meta property=\"og:description\" content=\"Hauck tegelustekk Relax N Watch, Water Animals, Olenemata sellest, kas nad lamavad, istuvad v\u00f5i roomavad,siis teie laps avastab alati midagi uut\" \/>\n<meta property=\"og:url\" content=\"https:\/\/beebipood.ee\/ru\/produkt\/tiny-love-tegelustekk-printsess\/\" \/>\n<meta property=\"og:site_name\" content=\"Beebipood\" \/>\n<meta property=\"article:modified_time\" content=\"2025-12-27T13:17:07+00:00\" \/>\n<meta property=\"og:image\" content=\"https:\/\/beebipood.ee\/wp-content\/uploads\/2025\/12\/tiny-love-haridusmatt-printsess.jpg\" \/>\n\t<meta property=\"og:image:width\" content=\"800\" \/>\n\t<meta property=\"og:image:height\" content=\"800\" \/>\n\t<meta property=\"og:image:type\" content=\"image\/jpeg\" \/>\n<meta name=\"twitter:card\" content=\"summary_large_image\" \/>\n<meta name=\"twitter:label1\" content=\"\u041f\u0440\u0438\u043c\u0435\u0440\u043d\u043e\u0435 \u0432\u0440\u0435\u043c\u044f \u0434\u043b\u044f \u0447\u0442\u0435\u043d\u0438\u044f\" \/>\n\t<meta name=\"twitter:data1\" content=\"2 \u043c\u0438\u043d\u0443\u0442\u044b\" \/>\n<script type=\"application\/ld+json\" class=\"yoast-schema-graph\">{\"@context\":\"https:\/\/schema.org\",\"@graph\":[{\"@type\":\"WebPage\",\"@id\":\"https:\/\/beebipood.ee\/ru\/produkt\/tiny-love-tegelustekk-printsess\/\",\"url\":\"https:\/\/beebipood.ee\/ru\/produkt\/tiny-love-tegelustekk-printsess\/\",\"name\":\"Hauck tegelustekk Relax N Watch, Water Animals, \u0410\u043a\u0442\u0438\u0432\u043d\u044b\u0435 \u0434\u0435\u0439\u0441\u0442\u0432\u0438\u044f, \u0418\u0433\u0440\u044b, \u0418\u0433\u0440\u0443\u0448\u043a\u0438, Beebipood\",\"isPartOf\":{\"@id\":\"https:\/\/beebipood.ee\/ru\/#website\"},\"primaryImageOfPage\":{\"@id\":\"https:\/\/beebipood.ee\/ru\/produkt\/tiny-love-tegelustekk-printsess\/#primaryimage\"},\"image\":{\"@id\":\"https:\/\/beebipood.ee\/ru\/produkt\/tiny-love-tegelustekk-printsess\/#primaryimage\"},\"thumbnailUrl\":\"https:\/\/beebipood.ee\/wp-content\/uploads\/2025\/12\/tiny-love-haridusmatt-printsess.jpg\",\"datePublished\":\"2025-12-27T13:12:49+00:00\",\"dateModified\":\"2025-12-27T13:17:07+00:00\",\"description\":\"Hauck tegelustekk Relax N Watch, Water Animals, Olenemata sellest, kas nad lamavad, istuvad v\u00f5i roomavad,siis teie laps avastab alati midagi uut\",\"breadcrumb\":{\"@id\":\"https:\/\/beebipood.ee\/ru\/produkt\/tiny-love-tegelustekk-printsess\/#breadcrumb\"},\"inLanguage\":\"ru-RU\",\"potentialAction\":[{\"@type\":\"ReadAction\",\"target\":[\"https:\/\/beebipood.ee\/ru\/produkt\/tiny-love-tegelustekk-printsess\/\"]}]},{\"@type\":\"ImageObject\",\"inLanguage\":\"ru-RU\",\"@id\":\"https:\/\/beebipood.ee\/ru\/produkt\/tiny-love-tegelustekk-printsess\/#primaryimage\",\"url\":\"https:\/\/beebipood.ee\/wp-content\/uploads\/2025\/12\/tiny-love-haridusmatt-printsess.jpg\",\"contentUrl\":\"https:\/\/beebipood.ee\/wp-content\/uploads\/2025\/12\/tiny-love-haridusmatt-printsess.jpg\",\"width\":800,\"height\":800},{\"@type\":\"BreadcrumbList\",\"@id\":\"https:\/\/beebipood.ee\/ru\/produkt\/tiny-love-tegelustekk-printsess\/#breadcrumb\",\"itemListElement\":[{\"@type\":\"ListItem\",\"position\":1,\"name\":\"Home\",\"item\":\"https:\/\/beebipood.ee\/ru\/\"},{\"@type\":\"ListItem\",\"position\":2,\"name\":\"\u041a\u0430\u0442\u0430\u043b\u043e\u0433 \u0442\u043e\u0432\u0430\u0440\u043e\u0432\",\"item\":\"https:\/\/beebipood.ee\/tooted\/\"},{\"@type\":\"ListItem\",\"position\":3,\"name\":\"Tiny Love tegelustekk printsess\"}]},{\"@type\":\"WebSite\",\"@id\":\"https:\/\/beebipood.ee\/ru\/#website\",\"url\":\"https:\/\/beebipood.ee\/ru\/\",\"name\":\"Beebipood\",\"description\":\"Lastekaubad, beebikaubad, m\u00e4nguasjad\",\"publisher\":{\"@id\":\"https:\/\/beebipood.ee\/ru\/#organization\"},\"potentialAction\":[{\"@type\":\"SearchAction\",\"target\":{\"@type\":\"EntryPoint\",\"urlTemplate\":\"https:\/\/beebipood.ee\/ru\/?s={search_term_string}\"},\"query-input\":{\"@type\":\"PropertyValueSpecification\",\"valueRequired\":true,\"valueName\":\"search_term_string\"}}],\"inLanguage\":\"ru-RU\"},{\"@type\":\"Organization\",\"@id\":\"https:\/\/beebipood.ee\/ru\/#organization\",\"name\":\"Beebipood\",\"url\":\"https:\/\/beebipood.ee\/ru\/\",\"logo\":{\"@type\":\"ImageObject\",\"inLanguage\":\"ru-RU\",\"@id\":\"https:\/\/beebipood.ee\/ru\/#\/schema\/logo\/image\/\",\"url\":\"https:\/\/beebipood.ee\/wp-content\/uploads\/2025\/03\/beebipood.ee-logo-1.svg\",\"contentUrl\":\"https:\/\/beebipood.ee\/wp-content\/uploads\/2025\/03\/beebipood.ee-logo-1.svg\",\"caption\":\"Beebipood\"},\"image\":{\"@id\":\"https:\/\/beebipood.ee\/ru\/#\/schema\/logo\/image\/\"}}]}<\/script>\n<!-- \/ Yoast SEO plugin. -->","yoast_head_json":{"title":"Hauck tegelustekk Relax N Watch, Water Animals, \u0410\u043a\u0442\u0438\u0432\u043d\u044b\u0435 \u0434\u0435\u0439\u0441\u0442\u0432\u0438\u044f, \u0418\u0433\u0440\u044b, \u0418\u0433\u0440\u0443\u0448\u043a\u0438, Beebipood","description":"Hauck tegelustekk Relax N Watch, Water Animals, Olenemata sellest, kas nad lamavad, istuvad v\u00f5i roomavad,siis teie laps avastab alati midagi uut","robots":{"index":"index","follow":"follow","max-snippet":"max-snippet:-1","max-image-preview":"max-image-preview:large","max-video-preview":"max-video-preview:-1"},"canonical":"https:\/\/beebipood.ee\/ru\/produkt\/tiny-love-tegelustekk-printsess\/","og_locale":"ru_RU","og_type":"article","og_title":"Hauck tegelustekk Relax N Watch, Water Animals, \u0410\u043a\u0442\u0438\u0432\u043d\u044b\u0435 \u0434\u0435\u0439\u0441\u0442\u0432\u0438\u044f, \u0418\u0433\u0440\u044b, \u0418\u0433\u0440\u0443\u0448\u043a\u0438, Beebipood","og_description":"Hauck tegelustekk Relax N Watch, Water Animals, Olenemata sellest, kas nad lamavad, istuvad v\u00f5i roomavad,siis teie laps avastab alati midagi uut","og_url":"https:\/\/beebipood.ee\/ru\/produkt\/tiny-love-tegelustekk-printsess\/","og_site_name":"Beebipood","article_modified_time":"2025-12-27T13:17:07+00:00","og_image":[{"width":800,"height":800,"url":"https:\/\/beebipood.ee\/wp-content\/uploads\/2025\/12\/tiny-love-haridusmatt-printsess.jpg","type":"image\/jpeg"}],"twitter_card":"summary_large_image","twitter_misc":{"\u041f\u0440\u0438\u043c\u0435\u0440\u043d\u043e\u0435 \u0432\u0440\u0435\u043c\u044f \u0434\u043b\u044f \u0447\u0442\u0435\u043d\u0438\u044f":"2 \u043c\u0438\u043d\u0443\u0442\u044b"},"schema":{"@context":"https:\/\/schema.org","@graph":[{"@type":"WebPage","@id":"https:\/\/beebipood.ee\/ru\/produkt\/tiny-love-tegelustekk-printsess\/","url":"https:\/\/beebipood.ee\/ru\/produkt\/tiny-love-tegelustekk-printsess\/","name":"Hauck tegelustekk Relax N Watch, Water Animals, \u0410\u043a\u0442\u0438\u0432\u043d\u044b\u0435 \u0434\u0435\u0439\u0441\u0442\u0432\u0438\u044f, \u0418\u0433\u0440\u044b, \u0418\u0433\u0440\u0443\u0448\u043a\u0438, Beebipood","isPartOf":{"@id":"https:\/\/beebipood.ee\/ru\/#website"},"primaryImageOfPage":{"@id":"https:\/\/beebipood.ee\/ru\/produkt\/tiny-love-tegelustekk-printsess\/#primaryimage"},"image":{"@id":"https:\/\/beebipood.ee\/ru\/produkt\/tiny-love-tegelustekk-printsess\/#primaryimage"},"thumbnailUrl":"https:\/\/beebipood.ee\/wp-content\/uploads\/2025\/12\/tiny-love-haridusmatt-printsess.jpg","datePublished":"2025-12-27T13:12:49+00:00","dateModified":"2025-12-27T13:17:07+00:00","description":"Hauck tegelustekk Relax N Watch, Water Animals, Olenemata sellest, kas nad lamavad, istuvad v\u00f5i roomavad,siis teie laps avastab alati midagi uut","breadcrumb":{"@id":"https:\/\/beebipood.ee\/ru\/produkt\/tiny-love-tegelustekk-printsess\/#breadcrumb"},"inLanguage":"ru-RU","potentialAction":[{"@type":"ReadAction","target":["https:\/\/beebipood.ee\/ru\/produkt\/tiny-love-tegelustekk-printsess\/"]}]},{"@type":"ImageObject","inLanguage":"ru-RU","@id":"https:\/\/beebipood.ee\/ru\/produkt\/tiny-love-tegelustekk-printsess\/#primaryimage","url":"https:\/\/beebipood.ee\/wp-content\/uploads\/2025\/12\/tiny-love-haridusmatt-printsess.jpg","contentUrl":"https:\/\/beebipood.ee\/wp-content\/uploads\/2025\/12\/tiny-love-haridusmatt-printsess.jpg","width":800,"height":800},{"@type":"BreadcrumbList","@id":"https:\/\/beebipood.ee\/ru\/produkt\/tiny-love-tegelustekk-printsess\/#breadcrumb","itemListElement":[{"@type":"ListItem","position":1,"name":"Home","item":"https:\/\/beebipood.ee\/ru\/"},{"@type":"ListItem","position":2,"name":"\u041a\u0430\u0442\u0430\u043b\u043e\u0433 \u0442\u043e\u0432\u0430\u0440\u043e\u0432","item":"https:\/\/beebipood.ee\/tooted\/"},{"@type":"ListItem","position":3,"name":"Tiny Love tegelustekk printsess"}]},{"@type":"WebSite","@id":"https:\/\/beebipood.ee\/ru\/#website","url":"https:\/\/beebipood.ee\/ru\/","name":"Beebipood","description":"Lastekaubad, beebikaubad, m\u00e4nguasjad","publisher":{"@id":"https:\/\/beebipood.ee\/ru\/#organization"},"potentialAction":[{"@type":"SearchAction","target":{"@type":"EntryPoint","urlTemplate":"https:\/\/beebipood.ee\/ru\/?s={search_term_string}"},"query-input":{"@type":"PropertyValueSpecification","valueRequired":true,"valueName":"search_term_string"}}],"inLanguage":"ru-RU"},{"@type":"Organization","@id":"https:\/\/beebipood.ee\/ru\/#organization","name":"Beebipood","url":"https:\/\/beebipood.ee\/ru\/","logo":{"@type":"ImageObject","inLanguage":"ru-RU","@id":"https:\/\/beebipood.ee\/ru\/#\/schema\/logo\/image\/","url":"https:\/\/beebipood.ee\/wp-content\/uploads\/2025\/03\/beebipood.ee-logo-1.svg","contentUrl":"https:\/\/beebipood.ee\/wp-content\/uploads\/2025\/03\/beebipood.ee-logo-1.svg","caption":"Beebipood"},"image":{"@id":"https:\/\/beebipood.ee\/ru\/#\/schema\/logo\/image\/"}}]}},"brands":[{"id":12002,"name":"Tiny Love","slug":"tiny-love"}],"_links":{"self":[{"href":"https:\/\/beebipood.ee\/ru\/wp-json\/wp\/v2\/product\/509971","targetHints":{"allow":["GET"]}}],"collection":[{"href":"https:\/\/beebipood.ee\/ru\/wp-json\/wp\/v2\/product"}],"about":[{"href":"https:\/\/beebipood.ee\/ru\/wp-json\/wp\/v2\/types\/product"}],"wp:featuredmedia":[{"embeddable":true,"href":"https:\/\/beebipood.ee\/ru\/wp-json\/wp\/v2\/media\/509973"}],"wp:attachment":[{"href":"https:\/\/beebipood.ee\/ru\/wp-json\/wp\/v2\/media?parent=509971"}],"wp:term":[{"taxonomy":"pwb-brand","embeddable":true,"href":"https:\/\/beebipood.ee\/ru\/wp-json\/wp\/v2\/pwb-brand?post=509971"},{"taxonomy":"product_brand","embeddable":true,"href":"https:\/\/beebipood.ee\/ru\/wp-json\/wp\/v2\/product_brand?post=509971"},{"taxonomy":"product_cat","embeddable":true,"href":"https:\/\/beebipood.ee\/ru\/wp-json\/wp\/v2\/product_cat?post=509971"},{"taxonomy":"product_tag","embeddable":true,"href":"https:\/\/beebipood.ee\/ru\/wp-json\/wp\/v2\/product_tag?post=509971"}],"curies":[{"name":"wp","href":"https:\/\/api.w.org\/{rel}","templated":true}]}}