{"id":509983,"date":"2025-12-27T15:31:26","date_gmt":"2025-12-27T13:31:26","guid":{"rendered":"https:\/\/beebipood.ee\/?post_type=product&#038;p=509983"},"modified":"2025-12-27T17:39:24","modified_gmt":"2025-12-27T15:39:24","slug":"tiny-love-muusikaga-voodikarussell-printsess","status":"publish","type":"product","link":"https:\/\/beebipood.ee\/ru\/produkt\/tiny-love-muusikaga-voodikarussell-printsess\/","title":{"rendered":"Tiny Love muusikaga voodikarussell, Printsess"},"content":{"rendered":"<p data-start=\"80\" data-end=\"284\"><strong data-start=\"80\" data-end=\"125\">Tere tulemast v\u00e4ikese printsessi maailma!<\/strong><br data-start=\"125\" data-end=\"128\" \/>See imeilus Tiny Love karussell on loodud spetsiaalselt t\u00fcdrukutele, pakkudes hellust, r\u00f5\u00f5mu ja arengut toetavaid elamusi juba esimestest elukuudest alates.<\/p>\n<p data-start=\"286\" data-end=\"551\">Unikaalne 4D-liikumiss\u00fcsteem tagab, et m\u00e4nguasjad on alati beebi poole suunatud, pakkudes paremat n\u00e4htavust ja huvitavamat j\u00e4lgimiskogemust. Erinevate meloodiate saatel \u201etantsivad\u201c riputatavad m\u00e4nguasjad arendavad lapse n\u00e4gemist, koordinatsiooni ja sensoorset taju.<\/p>\n<hr data-start=\"553\" data-end=\"556\" \/>\n<h3 data-start=\"558\" data-end=\"591\">Toote eelised ja funktsioonid<\/h3>\n<ul data-start=\"592\" data-end=\"1174\">\n<li data-start=\"592\" data-end=\"692\">\n<p data-start=\"594\" data-end=\"692\"><strong data-start=\"594\" data-end=\"645\">Unikaalne ja patenteeritud karusselli liikumine<\/strong> \u2013 m\u00e4nguasjad p\u00fcsivad alati lapse vaatev\u00e4ljas<\/p>\n<\/li>\n<li data-start=\"693\" data-end=\"767\">\n<p data-start=\"695\" data-end=\"767\"><strong data-start=\"695\" data-end=\"728\">Muusikaga karussell \u00f6\u00f6lambiga<\/strong> \u2013 loob hubase ja turvalise keskkonna<\/p>\n<\/li>\n<li data-start=\"768\" data-end=\"837\">\n<p data-start=\"770\" data-end=\"837\"><strong data-start=\"770\" data-end=\"819\">Kuni 40 minutit j\u00e4rjestikku m\u00e4ngivat muusikat<\/strong> ilma kordusteta<\/p>\n<\/li>\n<li data-start=\"838\" data-end=\"939\">\n<p data-start=\"840\" data-end=\"939\"><strong data-start=\"840\" data-end=\"889\">6 muusikakategooriat ja 18 erinevat meloodiat<\/strong> \u2013 rahustamiseks, l\u00f5\u00f5gastumiseks ja m\u00e4ngur\u00f5\u00f5muks<\/p>\n<\/li>\n<li data-start=\"940\" data-end=\"999\">\n<p data-start=\"942\" data-end=\"999\"><strong data-start=\"942\" data-end=\"968\">2 kvaliteetset k\u00f5larit<\/strong> selge ja meeldiva heli jaoks<\/p>\n<\/li>\n<li data-start=\"1000\" data-end=\"1072\">\n<p data-start=\"1002\" data-end=\"1072\"><strong data-start=\"1002\" data-end=\"1020\">\u201eShuffle\u201c nupp<\/strong> juhusliku meloodia valikuks \u2013 iga kord uus elamus<\/p>\n<\/li>\n<li data-start=\"1073\" data-end=\"1174\">\n<p data-start=\"1075\" data-end=\"1174\"><strong data-start=\"1075\" data-end=\"1098\">Kasvab koos lapsega<\/strong> \u2013 karusselli saab hiljem kasutada eraldiseisva kaasaskantava muusikakarbina<\/p>\n<\/li>\n<\/ul>\n<p data-start=\"1176\" data-end=\"1405\" data-is-last-node=\"\" data-is-only-node=\"\">T\u00e4iuslik valik v\u00e4ikesele printsessile, pakkudes nii meelelahutust, turvatunnet kui ka arengut toetavaid hetki igal p\u00e4eval.<\/p>\n","protected":false},"excerpt":{"rendered":"<p>Tere tulemast v\u00e4ikese printsessi maailma!See imeilus Tiny Love karussell on loodud spetsiaalselt t\u00fcdrukutele, pakkudes hellust, r\u00f5\u00f5mu ja arengut toetavaid elamusi juba esimestest elukuudest alates. Unikaalne 4D-liikumiss\u00fcsteem tagab, et m\u00e4nguasjad on alati beebi poole suunatud, pakkudes paremat n\u00e4htavust ja huvitavamat j\u00e4lgimiskogemust. Erinevate meloodiate saatel \u201etantsivad\u201c riputatavad m\u00e4nguasjad arendavad lapse n\u00e4gemist, koordinatsiooni ja sensoorset taju. Toote eelised [&hellip;]<\/p>\n","protected":false},"featured_media":509987,"template":"","meta":{"_acf_changed":false},"pwb-brand":[12002],"product_brand":[],"product_cat":[11673,11553,11789],"product_tag":[],"class_list":{"0":"post-509983","1":"product","2":"type-product","3":"status-publish","4":"has-post-thumbnail","6":"pwb-brand-tiny-love","7":"product_cat-muud-aksessuaarid-ru","8":"product_cat-beebivoodid-reisivoodid-hallid-ru","9":"product_cat-lastemoobel-ja-sisustus-ru","11":"first","12":"onbackorder","13":"taxable","14":"shipping-taxable","15":"purchasable","16":"product-type-simple"},"exclude_global_add_ons":[],"addons":[],"acf":[],"yoast_head":"<!-- This site is optimized with the Yoast SEO plugin v27.1.1 - https:\/\/yoast.com\/product\/yoast-seo-wordpress\/ -->\n<title>Beebimadrats 60x120 VALGE, \u041c\u0430\u0442\u0440\u0430\u0441\u044b \u0438 \u043c\u0430\u0442\u0440\u0430\u0441\u044b-\u043f\u043e\u043a\u0440\u044b\u0432\u0430\u043b\u0430, \u0428\u0438\u0440\u0438\u043d\u043e\u0439 \u0434\u043e 60 c\u043c, M\u0435\u0431\u0435\u043b\u044c, Beebipood<\/title>\n<meta name=\"description\" content=\"Beebimadrats 60x120 VALGE, * sisu vahtpol\u00fcuretan* madrats on kaetud tepitud kangaga* pehmenduseks on mahulin\" \/>\n<meta name=\"robots\" content=\"index, follow, max-snippet:-1, max-image-preview:large, max-video-preview:-1\" \/>\n<link rel=\"canonical\" href=\"https:\/\/beebipood.ee\/ru\/produkt\/tiny-love-muusikaga-voodikarussell-printsess\/\" \/>\n<meta property=\"og:locale\" content=\"ru_RU\" \/>\n<meta property=\"og:type\" content=\"article\" \/>\n<meta property=\"og:title\" content=\"Beebimadrats 60x120 VALGE, \u041c\u0430\u0442\u0440\u0430\u0441\u044b \u0438 \u043c\u0430\u0442\u0440\u0430\u0441\u044b-\u043f\u043e\u043a\u0440\u044b\u0432\u0430\u043b\u0430, \u0428\u0438\u0440\u0438\u043d\u043e\u0439 \u0434\u043e 60 c\u043c, M\u0435\u0431\u0435\u043b\u044c, Beebipood\" \/>\n<meta property=\"og:description\" content=\"Beebimadrats 60x120 VALGE, * sisu vahtpol\u00fcuretan* madrats on kaetud tepitud kangaga* pehmenduseks on mahulin\" \/>\n<meta property=\"og:url\" content=\"https:\/\/beebipood.ee\/ru\/produkt\/tiny-love-muusikaga-voodikarussell-printsess\/\" \/>\n<meta property=\"og:site_name\" content=\"Beebipood\" \/>\n<meta property=\"article:modified_time\" content=\"2025-12-27T15:39:24+00:00\" \/>\n<meta property=\"og:image\" content=\"https:\/\/beebipood.ee\/wp-content\/uploads\/2025\/12\/tiny-love-karussellprintsess1.jpg\" \/>\n\t<meta property=\"og:image:width\" content=\"763\" \/>\n\t<meta property=\"og:image:height\" content=\"763\" \/>\n\t<meta property=\"og:image:type\" content=\"image\/jpeg\" \/>\n<meta name=\"twitter:card\" content=\"summary_large_image\" \/>\n<meta name=\"twitter:label1\" content=\"\u041f\u0440\u0438\u043c\u0435\u0440\u043d\u043e\u0435 \u0432\u0440\u0435\u043c\u044f \u0434\u043b\u044f \u0447\u0442\u0435\u043d\u0438\u044f\" \/>\n\t<meta name=\"twitter:data1\" content=\"1 \u043c\u0438\u043d\u0443\u0442\u0430\" \/>\n<script type=\"application\/ld+json\" class=\"yoast-schema-graph\">{\"@context\":\"https:\/\/schema.org\",\"@graph\":[{\"@type\":\"WebPage\",\"@id\":\"https:\/\/beebipood.ee\/ru\/produkt\/tiny-love-muusikaga-voodikarussell-printsess\/\",\"url\":\"https:\/\/beebipood.ee\/ru\/produkt\/tiny-love-muusikaga-voodikarussell-printsess\/\",\"name\":\"Beebimadrats 60x120 VALGE, \u041c\u0430\u0442\u0440\u0430\u0441\u044b \u0438 \u043c\u0430\u0442\u0440\u0430\u0441\u044b-\u043f\u043e\u043a\u0440\u044b\u0432\u0430\u043b\u0430, \u0428\u0438\u0440\u0438\u043d\u043e\u0439 \u0434\u043e 60 c\u043c, M\u0435\u0431\u0435\u043b\u044c, Beebipood\",\"isPartOf\":{\"@id\":\"https:\/\/beebipood.ee\/ru\/#website\"},\"primaryImageOfPage\":{\"@id\":\"https:\/\/beebipood.ee\/ru\/produkt\/tiny-love-muusikaga-voodikarussell-printsess\/#primaryimage\"},\"image\":{\"@id\":\"https:\/\/beebipood.ee\/ru\/produkt\/tiny-love-muusikaga-voodikarussell-printsess\/#primaryimage\"},\"thumbnailUrl\":\"https:\/\/beebipood.ee\/wp-content\/uploads\/2025\/12\/tiny-love-karussellprintsess1.jpg\",\"datePublished\":\"2025-12-27T13:31:26+00:00\",\"dateModified\":\"2025-12-27T15:39:24+00:00\",\"description\":\"Beebimadrats 60x120 VALGE, * sisu vahtpol\u00fcuretan* madrats on kaetud tepitud kangaga* pehmenduseks on mahulin\",\"breadcrumb\":{\"@id\":\"https:\/\/beebipood.ee\/ru\/produkt\/tiny-love-muusikaga-voodikarussell-printsess\/#breadcrumb\"},\"inLanguage\":\"ru-RU\",\"potentialAction\":[{\"@type\":\"ReadAction\",\"target\":[\"https:\/\/beebipood.ee\/ru\/produkt\/tiny-love-muusikaga-voodikarussell-printsess\/\"]}]},{\"@type\":\"ImageObject\",\"inLanguage\":\"ru-RU\",\"@id\":\"https:\/\/beebipood.ee\/ru\/produkt\/tiny-love-muusikaga-voodikarussell-printsess\/#primaryimage\",\"url\":\"https:\/\/beebipood.ee\/wp-content\/uploads\/2025\/12\/tiny-love-karussellprintsess1.jpg\",\"contentUrl\":\"https:\/\/beebipood.ee\/wp-content\/uploads\/2025\/12\/tiny-love-karussellprintsess1.jpg\",\"width\":763,\"height\":763},{\"@type\":\"BreadcrumbList\",\"@id\":\"https:\/\/beebipood.ee\/ru\/produkt\/tiny-love-muusikaga-voodikarussell-printsess\/#breadcrumb\",\"itemListElement\":[{\"@type\":\"ListItem\",\"position\":1,\"name\":\"Home\",\"item\":\"https:\/\/beebipood.ee\/ru\/\"},{\"@type\":\"ListItem\",\"position\":2,\"name\":\"\u041a\u0430\u0442\u0430\u043b\u043e\u0433 \u0442\u043e\u0432\u0430\u0440\u043e\u0432\",\"item\":\"https:\/\/beebipood.ee\/tooted\/\"},{\"@type\":\"ListItem\",\"position\":3,\"name\":\"Tiny Love muusikaga voodikarussell, Printsess\"}]},{\"@type\":\"WebSite\",\"@id\":\"https:\/\/beebipood.ee\/ru\/#website\",\"url\":\"https:\/\/beebipood.ee\/ru\/\",\"name\":\"Beebipood\",\"description\":\"Lastekaubad, beebikaubad, m\u00e4nguasjad\",\"publisher\":{\"@id\":\"https:\/\/beebipood.ee\/ru\/#organization\"},\"potentialAction\":[{\"@type\":\"SearchAction\",\"target\":{\"@type\":\"EntryPoint\",\"urlTemplate\":\"https:\/\/beebipood.ee\/ru\/?s={search_term_string}\"},\"query-input\":{\"@type\":\"PropertyValueSpecification\",\"valueRequired\":true,\"valueName\":\"search_term_string\"}}],\"inLanguage\":\"ru-RU\"},{\"@type\":\"Organization\",\"@id\":\"https:\/\/beebipood.ee\/ru\/#organization\",\"name\":\"Beebipood\",\"url\":\"https:\/\/beebipood.ee\/ru\/\",\"logo\":{\"@type\":\"ImageObject\",\"inLanguage\":\"ru-RU\",\"@id\":\"https:\/\/beebipood.ee\/ru\/#\/schema\/logo\/image\/\",\"url\":\"https:\/\/beebipood.ee\/wp-content\/uploads\/2025\/03\/beebipood.ee-logo-1.svg\",\"contentUrl\":\"https:\/\/beebipood.ee\/wp-content\/uploads\/2025\/03\/beebipood.ee-logo-1.svg\",\"caption\":\"Beebipood\"},\"image\":{\"@id\":\"https:\/\/beebipood.ee\/ru\/#\/schema\/logo\/image\/\"}}]}<\/script>\n<!-- \/ Yoast SEO plugin. -->","yoast_head_json":{"title":"Beebimadrats 60x120 VALGE, \u041c\u0430\u0442\u0440\u0430\u0441\u044b \u0438 \u043c\u0430\u0442\u0440\u0430\u0441\u044b-\u043f\u043e\u043a\u0440\u044b\u0432\u0430\u043b\u0430, \u0428\u0438\u0440\u0438\u043d\u043e\u0439 \u0434\u043e 60 c\u043c, M\u0435\u0431\u0435\u043b\u044c, Beebipood","description":"Beebimadrats 60x120 VALGE, * sisu vahtpol\u00fcuretan* madrats on kaetud tepitud kangaga* pehmenduseks on mahulin","robots":{"index":"index","follow":"follow","max-snippet":"max-snippet:-1","max-image-preview":"max-image-preview:large","max-video-preview":"max-video-preview:-1"},"canonical":"https:\/\/beebipood.ee\/ru\/produkt\/tiny-love-muusikaga-voodikarussell-printsess\/","og_locale":"ru_RU","og_type":"article","og_title":"Beebimadrats 60x120 VALGE, \u041c\u0430\u0442\u0440\u0430\u0441\u044b \u0438 \u043c\u0430\u0442\u0440\u0430\u0441\u044b-\u043f\u043e\u043a\u0440\u044b\u0432\u0430\u043b\u0430, \u0428\u0438\u0440\u0438\u043d\u043e\u0439 \u0434\u043e 60 c\u043c, M\u0435\u0431\u0435\u043b\u044c, Beebipood","og_description":"Beebimadrats 60x120 VALGE, * sisu vahtpol\u00fcuretan* madrats on kaetud tepitud kangaga* pehmenduseks on mahulin","og_url":"https:\/\/beebipood.ee\/ru\/produkt\/tiny-love-muusikaga-voodikarussell-printsess\/","og_site_name":"Beebipood","article_modified_time":"2025-12-27T15:39:24+00:00","og_image":[{"width":763,"height":763,"url":"https:\/\/beebipood.ee\/wp-content\/uploads\/2025\/12\/tiny-love-karussellprintsess1.jpg","type":"image\/jpeg"}],"twitter_card":"summary_large_image","twitter_misc":{"\u041f\u0440\u0438\u043c\u0435\u0440\u043d\u043e\u0435 \u0432\u0440\u0435\u043c\u044f \u0434\u043b\u044f \u0447\u0442\u0435\u043d\u0438\u044f":"1 \u043c\u0438\u043d\u0443\u0442\u0430"},"schema":{"@context":"https:\/\/schema.org","@graph":[{"@type":"WebPage","@id":"https:\/\/beebipood.ee\/ru\/produkt\/tiny-love-muusikaga-voodikarussell-printsess\/","url":"https:\/\/beebipood.ee\/ru\/produkt\/tiny-love-muusikaga-voodikarussell-printsess\/","name":"Beebimadrats 60x120 VALGE, \u041c\u0430\u0442\u0440\u0430\u0441\u044b \u0438 \u043c\u0430\u0442\u0440\u0430\u0441\u044b-\u043f\u043e\u043a\u0440\u044b\u0432\u0430\u043b\u0430, \u0428\u0438\u0440\u0438\u043d\u043e\u0439 \u0434\u043e 60 c\u043c, M\u0435\u0431\u0435\u043b\u044c, Beebipood","isPartOf":{"@id":"https:\/\/beebipood.ee\/ru\/#website"},"primaryImageOfPage":{"@id":"https:\/\/beebipood.ee\/ru\/produkt\/tiny-love-muusikaga-voodikarussell-printsess\/#primaryimage"},"image":{"@id":"https:\/\/beebipood.ee\/ru\/produkt\/tiny-love-muusikaga-voodikarussell-printsess\/#primaryimage"},"thumbnailUrl":"https:\/\/beebipood.ee\/wp-content\/uploads\/2025\/12\/tiny-love-karussellprintsess1.jpg","datePublished":"2025-12-27T13:31:26+00:00","dateModified":"2025-12-27T15:39:24+00:00","description":"Beebimadrats 60x120 VALGE, * sisu vahtpol\u00fcuretan* madrats on kaetud tepitud kangaga* pehmenduseks on mahulin","breadcrumb":{"@id":"https:\/\/beebipood.ee\/ru\/produkt\/tiny-love-muusikaga-voodikarussell-printsess\/#breadcrumb"},"inLanguage":"ru-RU","potentialAction":[{"@type":"ReadAction","target":["https:\/\/beebipood.ee\/ru\/produkt\/tiny-love-muusikaga-voodikarussell-printsess\/"]}]},{"@type":"ImageObject","inLanguage":"ru-RU","@id":"https:\/\/beebipood.ee\/ru\/produkt\/tiny-love-muusikaga-voodikarussell-printsess\/#primaryimage","url":"https:\/\/beebipood.ee\/wp-content\/uploads\/2025\/12\/tiny-love-karussellprintsess1.jpg","contentUrl":"https:\/\/beebipood.ee\/wp-content\/uploads\/2025\/12\/tiny-love-karussellprintsess1.jpg","width":763,"height":763},{"@type":"BreadcrumbList","@id":"https:\/\/beebipood.ee\/ru\/produkt\/tiny-love-muusikaga-voodikarussell-printsess\/#breadcrumb","itemListElement":[{"@type":"ListItem","position":1,"name":"Home","item":"https:\/\/beebipood.ee\/ru\/"},{"@type":"ListItem","position":2,"name":"\u041a\u0430\u0442\u0430\u043b\u043e\u0433 \u0442\u043e\u0432\u0430\u0440\u043e\u0432","item":"https:\/\/beebipood.ee\/tooted\/"},{"@type":"ListItem","position":3,"name":"Tiny Love muusikaga voodikarussell, Printsess"}]},{"@type":"WebSite","@id":"https:\/\/beebipood.ee\/ru\/#website","url":"https:\/\/beebipood.ee\/ru\/","name":"Beebipood","description":"Lastekaubad, beebikaubad, m\u00e4nguasjad","publisher":{"@id":"https:\/\/beebipood.ee\/ru\/#organization"},"potentialAction":[{"@type":"SearchAction","target":{"@type":"EntryPoint","urlTemplate":"https:\/\/beebipood.ee\/ru\/?s={search_term_string}"},"query-input":{"@type":"PropertyValueSpecification","valueRequired":true,"valueName":"search_term_string"}}],"inLanguage":"ru-RU"},{"@type":"Organization","@id":"https:\/\/beebipood.ee\/ru\/#organization","name":"Beebipood","url":"https:\/\/beebipood.ee\/ru\/","logo":{"@type":"ImageObject","inLanguage":"ru-RU","@id":"https:\/\/beebipood.ee\/ru\/#\/schema\/logo\/image\/","url":"https:\/\/beebipood.ee\/wp-content\/uploads\/2025\/03\/beebipood.ee-logo-1.svg","contentUrl":"https:\/\/beebipood.ee\/wp-content\/uploads\/2025\/03\/beebipood.ee-logo-1.svg","caption":"Beebipood"},"image":{"@id":"https:\/\/beebipood.ee\/ru\/#\/schema\/logo\/image\/"}}]}},"brands":[{"id":12002,"name":"Tiny Love","slug":"tiny-love"}],"_links":{"self":[{"href":"https:\/\/beebipood.ee\/ru\/wp-json\/wp\/v2\/product\/509983","targetHints":{"allow":["GET"]}}],"collection":[{"href":"https:\/\/beebipood.ee\/ru\/wp-json\/wp\/v2\/product"}],"about":[{"href":"https:\/\/beebipood.ee\/ru\/wp-json\/wp\/v2\/types\/product"}],"wp:featuredmedia":[{"embeddable":true,"href":"https:\/\/beebipood.ee\/ru\/wp-json\/wp\/v2\/media\/509987"}],"wp:attachment":[{"href":"https:\/\/beebipood.ee\/ru\/wp-json\/wp\/v2\/media?parent=509983"}],"wp:term":[{"taxonomy":"pwb-brand","embeddable":true,"href":"https:\/\/beebipood.ee\/ru\/wp-json\/wp\/v2\/pwb-brand?post=509983"},{"taxonomy":"product_brand","embeddable":true,"href":"https:\/\/beebipood.ee\/ru\/wp-json\/wp\/v2\/product_brand?post=509983"},{"taxonomy":"product_cat","embeddable":true,"href":"https:\/\/beebipood.ee\/ru\/wp-json\/wp\/v2\/product_cat?post=509983"},{"taxonomy":"product_tag","embeddable":true,"href":"https:\/\/beebipood.ee\/ru\/wp-json\/wp\/v2\/product_tag?post=509983"}],"curies":[{"name":"wp","href":"https:\/\/api.w.org\/{rel}","templated":true}]}}