{"id":509999,"date":"2025-12-27T15:41:14","date_gmt":"2025-12-27T13:41:14","guid":{"rendered":"https:\/\/beebipood.ee\/?post_type=product&#038;p=509999"},"modified":"2025-12-27T17:40:46","modified_gmt":"2025-12-27T15:40:46","slug":"tiny-love-muusikaga-voodikarussell-ukssarvikupidu","status":"publish","type":"product","link":"https:\/\/beebipood.ee\/ru\/produkt\/tiny-love-muusikaga-voodikarussell-ukssarvikupidu\/","title":{"rendered":"Tiny Love muusikaga voodikarussell, \u00dckssarvikupidu"},"content":{"rendered":"<p data-start=\"126\" data-end=\"224\"><strong data-start=\"126\" data-end=\"224\">Tiny Love klassikaline voodikarusell \u2013 \u00f5rna une ja arengu toetaja \u201eInto the Forest\u2122\u201d disainiga<\/strong><\/p>\n<p data-start=\"226\" data-end=\"591\">Tiny Love klassikaline voodikarusell \u00fchendab imekauni disaini ja arendavad funktsioonid, pakkudes lapsele turvalist, rahustavat ja p\u00f5nevat keskkonda. Unikaalne must-valgete spiraalidega disain stimuleerib vasts\u00fcndinu n\u00e4gemist, rahustav klassikaline muusika aitab l\u00f5\u00f5gastuda ning karussell kasvab koos lapsega \u2013 hiljem saab seda kasutada eraldiseisva muusikakarbina.<\/p>\n<hr data-start=\"593\" data-end=\"596\" \/>\n<h3 data-start=\"598\" data-end=\"642\">Miks see karussell on suurep\u00e4rane valik?<\/h3>\n<ul data-start=\"643\" data-end=\"1144\">\n<li data-start=\"643\" data-end=\"723\">\n<p data-start=\"645\" data-end=\"723\"><strong data-start=\"645\" data-end=\"687\">Eriline disain ja uuenduslik liikumine<\/strong> toetavad lapse sensoorset arengut<\/p>\n<\/li>\n<li data-start=\"724\" data-end=\"802\">\n<p data-start=\"726\" data-end=\"802\"><strong data-start=\"726\" data-end=\"751\">Must-valged spiraalid<\/strong> aitavad arendada varajast n\u00e4gemist ja t\u00e4helepanu<\/p>\n<\/li>\n<li data-start=\"803\" data-end=\"913\">\n<p data-start=\"805\" data-end=\"913\"><strong data-start=\"805\" data-end=\"859\">Kuni 20 minutit j\u00e4rjestikust klassikalist muusikat<\/strong> aitab rahustada ja soodustab emotsionaalset arengut<\/p>\n<\/li>\n<li data-start=\"914\" data-end=\"976\">\n<p data-start=\"916\" data-end=\"976\"><strong data-start=\"916\" data-end=\"932\">\u00d5rn \u00f6\u00f6valgus<\/strong> loob hubase ja turvalise uinumiskeskkonna<\/p>\n<\/li>\n<li data-start=\"977\" data-end=\"1066\">\n<p data-start=\"979\" data-end=\"1066\"><strong data-start=\"979\" data-end=\"1003\">Kasvab koos lapsega:<\/strong> alguses voodikarusellina, hiljem eraldiseisva muusikakarbina<\/p>\n<\/li>\n<li data-start=\"1067\" data-end=\"1144\">\n<p data-start=\"1069\" data-end=\"1144\"><strong data-start=\"1069\" data-end=\"1102\">Beebi poolt aktiveeritav nupp<\/strong> julgustab iseseisvust ja avastamisr\u00f5\u00f5mu<\/p>\n<\/li>\n<\/ul>\n<hr data-start=\"1146\" data-end=\"1149\" \/>\n<h3 data-start=\"1151\" data-end=\"1180\">Arengut toetavad omadused<\/h3>\n<ul data-start=\"1181\" data-end=\"1493\">\n<li data-start=\"1181\" data-end=\"1220\">\n<p data-start=\"1183\" data-end=\"1220\">Arendab <strong data-start=\"1191\" data-end=\"1218\">peen- ja suurmotoorikat<\/strong><\/p>\n<\/li>\n<li data-start=\"1221\" data-end=\"1267\">\n<p data-start=\"1223\" data-end=\"1267\">Stimuleerib <strong data-start=\"1235\" data-end=\"1244\">meeli<\/strong> (n\u00e4gemine, kuulmine)<\/p>\n<\/li>\n<li data-start=\"1268\" data-end=\"1339\">\n<p data-start=\"1270\" data-end=\"1339\">Toetab <strong data-start=\"1277\" data-end=\"1301\">kognitiivseid oskusi<\/strong> ja p\u00f5hjus-tagaj\u00e4rg seoste m\u00f5istmist<\/p>\n<\/li>\n<li data-start=\"1340\" data-end=\"1400\">\n<p data-start=\"1342\" data-end=\"1400\">Aitab kaasa <strong data-start=\"1354\" data-end=\"1385\">emotsionaalse intelligentsi<\/strong> kujunemisele<\/p>\n<\/li>\n<li data-start=\"1401\" data-end=\"1493\">\n<p data-start=\"1403\" data-end=\"1493\">Soodustab <strong data-start=\"1413\" data-end=\"1441\">k\u00f5ne ja kommunikatsiooni<\/strong> arengut l\u00e4bi reaktsioonide, h\u00e4\u00e4litsuste ja suhtluse<\/p>\n<\/li>\n<\/ul>\n<hr data-start=\"1495\" data-end=\"1498\" \/>\n<h3 data-start=\"1500\" data-end=\"1540\">Sobib erinevatesse arenguetappidesse<\/h3>\n<ul data-start=\"1541\" data-end=\"1794\">\n<li data-start=\"1541\" data-end=\"1654\">\n<p data-start=\"1543\" data-end=\"1654\"><strong data-start=\"1543\" data-end=\"1556\">0\u20133 kuud:<\/strong> rahustav liikumine ja must-valged spiraalid toetavad varajast n\u00e4gemist, muusika loob turvatunde<\/p>\n<\/li>\n<li data-start=\"1655\" data-end=\"1794\">\n<p data-start=\"1657\" data-end=\"1794\"><strong data-start=\"1657\" data-end=\"1669\">5+ kuud:<\/strong> kui karusselli enam ei kasutata, saab selle muuta muusikakarbiks \u2013 laps \u00f5pib seda ise k\u00e4ivitama ning kogeb iseseisvuse r\u00f5\u00f5mu<\/p>\n<\/li>\n<\/ul>\n<hr data-start=\"1796\" data-end=\"1799\" \/>\n<h3 data-start=\"1801\" data-end=\"1818\">Kasutusviisid<\/h3>\n<ul data-start=\"1819\" data-end=\"1969\">\n<li data-start=\"1819\" data-end=\"1887\">\n<p data-start=\"1821\" data-end=\"1887\"><strong data-start=\"1821\" data-end=\"1841\">Voodikarussell:<\/strong> aitab last l\u00f5bustada v\u00f5i rahustada enne und<\/p>\n<\/li>\n<li data-start=\"1888\" data-end=\"1969\">\n<p data-start=\"1890\" data-end=\"1969\"><strong data-start=\"1890\" data-end=\"1919\">Eraldiseisev muusikakarp:<\/strong> kaasahaarav ja arendav kaaslane kasvavale lapsele<\/p>\n<\/li>\n<\/ul>\n<p data-start=\"1971\" data-end=\"2227\" data-is-last-node=\"\" data-is-only-node=\"\">See on ideaalne valik lapse esimesele voodile \u2013 aitab luua rahustava unehetke, toetab arengut ning lisab igap\u00e4evaellu imelisi maagilisi hetki.<\/p>\n","protected":false},"excerpt":{"rendered":"<p>Tiny Love klassikaline voodikarusell \u2013 \u00f5rna une ja arengu toetaja \u201eInto the Forest\u2122\u201d disainiga Tiny Love klassikaline voodikarusell \u00fchendab imekauni disaini ja arendavad funktsioonid, pakkudes lapsele turvalist, rahustavat ja p\u00f5nevat keskkonda. Unikaalne must-valgete spiraalidega disain stimuleerib vasts\u00fcndinu n\u00e4gemist, rahustav klassikaline muusika aitab l\u00f5\u00f5gastuda ning karussell kasvab koos lapsega \u2013 hiljem saab seda kasutada eraldiseisva muusikakarbina. [&hellip;]<\/p>\n","protected":false},"featured_media":510001,"template":"","meta":{"_acf_changed":false},"pwb-brand":[12002],"product_brand":[],"product_cat":[11673,11553,11789],"product_tag":[],"class_list":{"0":"post-509999","1":"product","2":"type-product","3":"status-publish","4":"has-post-thumbnail","6":"pwb-brand-tiny-love","7":"product_cat-muud-aksessuaarid-ru","8":"product_cat-beebivoodid-reisivoodid-hallid-ru","9":"product_cat-lastemoobel-ja-sisustus-ru","11":"first","12":"onbackorder","13":"taxable","14":"shipping-taxable","15":"purchasable","16":"product-type-simple"},"exclude_global_add_ons":[],"addons":[],"acf":[],"yoast_head":"<!-- This site is optimized with the Yoast SEO plugin v27.1.1 - https:\/\/yoast.com\/product\/yoast-seo-wordpress\/ -->\n<title>Beebimadrats 60x120 VALGE, \u041c\u0430\u0442\u0440\u0430\u0441\u044b \u0438 \u043c\u0430\u0442\u0440\u0430\u0441\u044b-\u043f\u043e\u043a\u0440\u044b\u0432\u0430\u043b\u0430, \u0428\u0438\u0440\u0438\u043d\u043e\u0439 \u0434\u043e 60 c\u043c, M\u0435\u0431\u0435\u043b\u044c, Beebipood<\/title>\n<meta name=\"description\" content=\"Beebimadrats 60x120 VALGE, * sisu vahtpol\u00fcuretan* madrats on kaetud tepitud kangaga* pehmenduseks on mahulin\" \/>\n<meta name=\"robots\" content=\"index, follow, max-snippet:-1, max-image-preview:large, max-video-preview:-1\" \/>\n<link rel=\"canonical\" href=\"https:\/\/beebipood.ee\/ru\/produkt\/tiny-love-muusikaga-voodikarussell-ukssarvikupidu\/\" \/>\n<meta property=\"og:locale\" content=\"ru_RU\" \/>\n<meta property=\"og:type\" content=\"article\" \/>\n<meta property=\"og:title\" content=\"Beebimadrats 60x120 VALGE, \u041c\u0430\u0442\u0440\u0430\u0441\u044b \u0438 \u043c\u0430\u0442\u0440\u0430\u0441\u044b-\u043f\u043e\u043a\u0440\u044b\u0432\u0430\u043b\u0430, \u0428\u0438\u0440\u0438\u043d\u043e\u0439 \u0434\u043e 60 c\u043c, M\u0435\u0431\u0435\u043b\u044c, Beebipood\" \/>\n<meta property=\"og:description\" content=\"Beebimadrats 60x120 VALGE, * sisu vahtpol\u00fcuretan* madrats on kaetud tepitud kangaga* pehmenduseks on mahulin\" \/>\n<meta property=\"og:url\" content=\"https:\/\/beebipood.ee\/ru\/produkt\/tiny-love-muusikaga-voodikarussell-ukssarvikupidu\/\" \/>\n<meta property=\"og:site_name\" content=\"Beebipood\" \/>\n<meta property=\"article:modified_time\" content=\"2025-12-27T15:40:46+00:00\" \/>\n<meta property=\"og:image\" content=\"https:\/\/beebipood.ee\/wp-content\/uploads\/2025\/12\/tiny-love-muusikaga-karussell-ukssarvikupidu.jpg\" \/>\n\t<meta property=\"og:image:width\" content=\"1188\" \/>\n\t<meta property=\"og:image:height\" content=\"1188\" \/>\n\t<meta property=\"og:image:type\" content=\"image\/jpeg\" \/>\n<meta name=\"twitter:card\" content=\"summary_large_image\" \/>\n<meta name=\"twitter:label1\" content=\"\u041f\u0440\u0438\u043c\u0435\u0440\u043d\u043e\u0435 \u0432\u0440\u0435\u043c\u044f \u0434\u043b\u044f \u0447\u0442\u0435\u043d\u0438\u044f\" \/>\n\t<meta name=\"twitter:data1\" content=\"2 \u043c\u0438\u043d\u0443\u0442\u044b\" \/>\n<script type=\"application\/ld+json\" class=\"yoast-schema-graph\">{\"@context\":\"https:\/\/schema.org\",\"@graph\":[{\"@type\":\"WebPage\",\"@id\":\"https:\/\/beebipood.ee\/ru\/produkt\/tiny-love-muusikaga-voodikarussell-ukssarvikupidu\/\",\"url\":\"https:\/\/beebipood.ee\/ru\/produkt\/tiny-love-muusikaga-voodikarussell-ukssarvikupidu\/\",\"name\":\"Beebimadrats 60x120 VALGE, \u041c\u0430\u0442\u0440\u0430\u0441\u044b \u0438 \u043c\u0430\u0442\u0440\u0430\u0441\u044b-\u043f\u043e\u043a\u0440\u044b\u0432\u0430\u043b\u0430, \u0428\u0438\u0440\u0438\u043d\u043e\u0439 \u0434\u043e 60 c\u043c, M\u0435\u0431\u0435\u043b\u044c, Beebipood\",\"isPartOf\":{\"@id\":\"https:\/\/beebipood.ee\/ru\/#website\"},\"primaryImageOfPage\":{\"@id\":\"https:\/\/beebipood.ee\/ru\/produkt\/tiny-love-muusikaga-voodikarussell-ukssarvikupidu\/#primaryimage\"},\"image\":{\"@id\":\"https:\/\/beebipood.ee\/ru\/produkt\/tiny-love-muusikaga-voodikarussell-ukssarvikupidu\/#primaryimage\"},\"thumbnailUrl\":\"https:\/\/beebipood.ee\/wp-content\/uploads\/2025\/12\/tiny-love-muusikaga-karussell-ukssarvikupidu.jpg\",\"datePublished\":\"2025-12-27T13:41:14+00:00\",\"dateModified\":\"2025-12-27T15:40:46+00:00\",\"description\":\"Beebimadrats 60x120 VALGE, * sisu vahtpol\u00fcuretan* madrats on kaetud tepitud kangaga* pehmenduseks on mahulin\",\"breadcrumb\":{\"@id\":\"https:\/\/beebipood.ee\/ru\/produkt\/tiny-love-muusikaga-voodikarussell-ukssarvikupidu\/#breadcrumb\"},\"inLanguage\":\"ru-RU\",\"potentialAction\":[{\"@type\":\"ReadAction\",\"target\":[\"https:\/\/beebipood.ee\/ru\/produkt\/tiny-love-muusikaga-voodikarussell-ukssarvikupidu\/\"]}]},{\"@type\":\"ImageObject\",\"inLanguage\":\"ru-RU\",\"@id\":\"https:\/\/beebipood.ee\/ru\/produkt\/tiny-love-muusikaga-voodikarussell-ukssarvikupidu\/#primaryimage\",\"url\":\"https:\/\/beebipood.ee\/wp-content\/uploads\/2025\/12\/tiny-love-muusikaga-karussell-ukssarvikupidu.jpg\",\"contentUrl\":\"https:\/\/beebipood.ee\/wp-content\/uploads\/2025\/12\/tiny-love-muusikaga-karussell-ukssarvikupidu.jpg\",\"width\":1188,\"height\":1188},{\"@type\":\"BreadcrumbList\",\"@id\":\"https:\/\/beebipood.ee\/ru\/produkt\/tiny-love-muusikaga-voodikarussell-ukssarvikupidu\/#breadcrumb\",\"itemListElement\":[{\"@type\":\"ListItem\",\"position\":1,\"name\":\"Home\",\"item\":\"https:\/\/beebipood.ee\/ru\/\"},{\"@type\":\"ListItem\",\"position\":2,\"name\":\"\u041a\u0430\u0442\u0430\u043b\u043e\u0433 \u0442\u043e\u0432\u0430\u0440\u043e\u0432\",\"item\":\"https:\/\/beebipood.ee\/tooted\/\"},{\"@type\":\"ListItem\",\"position\":3,\"name\":\"Tiny Love muusikaga voodikarussell, \u00dckssarvikupidu\"}]},{\"@type\":\"WebSite\",\"@id\":\"https:\/\/beebipood.ee\/ru\/#website\",\"url\":\"https:\/\/beebipood.ee\/ru\/\",\"name\":\"Beebipood\",\"description\":\"Lastekaubad, beebikaubad, m\u00e4nguasjad\",\"publisher\":{\"@id\":\"https:\/\/beebipood.ee\/ru\/#organization\"},\"potentialAction\":[{\"@type\":\"SearchAction\",\"target\":{\"@type\":\"EntryPoint\",\"urlTemplate\":\"https:\/\/beebipood.ee\/ru\/?s={search_term_string}\"},\"query-input\":{\"@type\":\"PropertyValueSpecification\",\"valueRequired\":true,\"valueName\":\"search_term_string\"}}],\"inLanguage\":\"ru-RU\"},{\"@type\":\"Organization\",\"@id\":\"https:\/\/beebipood.ee\/ru\/#organization\",\"name\":\"Beebipood\",\"url\":\"https:\/\/beebipood.ee\/ru\/\",\"logo\":{\"@type\":\"ImageObject\",\"inLanguage\":\"ru-RU\",\"@id\":\"https:\/\/beebipood.ee\/ru\/#\/schema\/logo\/image\/\",\"url\":\"https:\/\/beebipood.ee\/wp-content\/uploads\/2025\/03\/beebipood.ee-logo-1.svg\",\"contentUrl\":\"https:\/\/beebipood.ee\/wp-content\/uploads\/2025\/03\/beebipood.ee-logo-1.svg\",\"caption\":\"Beebipood\"},\"image\":{\"@id\":\"https:\/\/beebipood.ee\/ru\/#\/schema\/logo\/image\/\"}}]}<\/script>\n<!-- \/ Yoast SEO plugin. -->","yoast_head_json":{"title":"Beebimadrats 60x120 VALGE, \u041c\u0430\u0442\u0440\u0430\u0441\u044b \u0438 \u043c\u0430\u0442\u0440\u0430\u0441\u044b-\u043f\u043e\u043a\u0440\u044b\u0432\u0430\u043b\u0430, \u0428\u0438\u0440\u0438\u043d\u043e\u0439 \u0434\u043e 60 c\u043c, M\u0435\u0431\u0435\u043b\u044c, Beebipood","description":"Beebimadrats 60x120 VALGE, * sisu vahtpol\u00fcuretan* madrats on kaetud tepitud kangaga* pehmenduseks on mahulin","robots":{"index":"index","follow":"follow","max-snippet":"max-snippet:-1","max-image-preview":"max-image-preview:large","max-video-preview":"max-video-preview:-1"},"canonical":"https:\/\/beebipood.ee\/ru\/produkt\/tiny-love-muusikaga-voodikarussell-ukssarvikupidu\/","og_locale":"ru_RU","og_type":"article","og_title":"Beebimadrats 60x120 VALGE, \u041c\u0430\u0442\u0440\u0430\u0441\u044b \u0438 \u043c\u0430\u0442\u0440\u0430\u0441\u044b-\u043f\u043e\u043a\u0440\u044b\u0432\u0430\u043b\u0430, \u0428\u0438\u0440\u0438\u043d\u043e\u0439 \u0434\u043e 60 c\u043c, M\u0435\u0431\u0435\u043b\u044c, Beebipood","og_description":"Beebimadrats 60x120 VALGE, * sisu vahtpol\u00fcuretan* madrats on kaetud tepitud kangaga* pehmenduseks on mahulin","og_url":"https:\/\/beebipood.ee\/ru\/produkt\/tiny-love-muusikaga-voodikarussell-ukssarvikupidu\/","og_site_name":"Beebipood","article_modified_time":"2025-12-27T15:40:46+00:00","og_image":[{"width":1188,"height":1188,"url":"https:\/\/beebipood.ee\/wp-content\/uploads\/2025\/12\/tiny-love-muusikaga-karussell-ukssarvikupidu.jpg","type":"image\/jpeg"}],"twitter_card":"summary_large_image","twitter_misc":{"\u041f\u0440\u0438\u043c\u0435\u0440\u043d\u043e\u0435 \u0432\u0440\u0435\u043c\u044f \u0434\u043b\u044f \u0447\u0442\u0435\u043d\u0438\u044f":"2 \u043c\u0438\u043d\u0443\u0442\u044b"},"schema":{"@context":"https:\/\/schema.org","@graph":[{"@type":"WebPage","@id":"https:\/\/beebipood.ee\/ru\/produkt\/tiny-love-muusikaga-voodikarussell-ukssarvikupidu\/","url":"https:\/\/beebipood.ee\/ru\/produkt\/tiny-love-muusikaga-voodikarussell-ukssarvikupidu\/","name":"Beebimadrats 60x120 VALGE, \u041c\u0430\u0442\u0440\u0430\u0441\u044b \u0438 \u043c\u0430\u0442\u0440\u0430\u0441\u044b-\u043f\u043e\u043a\u0440\u044b\u0432\u0430\u043b\u0430, \u0428\u0438\u0440\u0438\u043d\u043e\u0439 \u0434\u043e 60 c\u043c, M\u0435\u0431\u0435\u043b\u044c, Beebipood","isPartOf":{"@id":"https:\/\/beebipood.ee\/ru\/#website"},"primaryImageOfPage":{"@id":"https:\/\/beebipood.ee\/ru\/produkt\/tiny-love-muusikaga-voodikarussell-ukssarvikupidu\/#primaryimage"},"image":{"@id":"https:\/\/beebipood.ee\/ru\/produkt\/tiny-love-muusikaga-voodikarussell-ukssarvikupidu\/#primaryimage"},"thumbnailUrl":"https:\/\/beebipood.ee\/wp-content\/uploads\/2025\/12\/tiny-love-muusikaga-karussell-ukssarvikupidu.jpg","datePublished":"2025-12-27T13:41:14+00:00","dateModified":"2025-12-27T15:40:46+00:00","description":"Beebimadrats 60x120 VALGE, * sisu vahtpol\u00fcuretan* madrats on kaetud tepitud kangaga* pehmenduseks on mahulin","breadcrumb":{"@id":"https:\/\/beebipood.ee\/ru\/produkt\/tiny-love-muusikaga-voodikarussell-ukssarvikupidu\/#breadcrumb"},"inLanguage":"ru-RU","potentialAction":[{"@type":"ReadAction","target":["https:\/\/beebipood.ee\/ru\/produkt\/tiny-love-muusikaga-voodikarussell-ukssarvikupidu\/"]}]},{"@type":"ImageObject","inLanguage":"ru-RU","@id":"https:\/\/beebipood.ee\/ru\/produkt\/tiny-love-muusikaga-voodikarussell-ukssarvikupidu\/#primaryimage","url":"https:\/\/beebipood.ee\/wp-content\/uploads\/2025\/12\/tiny-love-muusikaga-karussell-ukssarvikupidu.jpg","contentUrl":"https:\/\/beebipood.ee\/wp-content\/uploads\/2025\/12\/tiny-love-muusikaga-karussell-ukssarvikupidu.jpg","width":1188,"height":1188},{"@type":"BreadcrumbList","@id":"https:\/\/beebipood.ee\/ru\/produkt\/tiny-love-muusikaga-voodikarussell-ukssarvikupidu\/#breadcrumb","itemListElement":[{"@type":"ListItem","position":1,"name":"Home","item":"https:\/\/beebipood.ee\/ru\/"},{"@type":"ListItem","position":2,"name":"\u041a\u0430\u0442\u0430\u043b\u043e\u0433 \u0442\u043e\u0432\u0430\u0440\u043e\u0432","item":"https:\/\/beebipood.ee\/tooted\/"},{"@type":"ListItem","position":3,"name":"Tiny Love muusikaga voodikarussell, \u00dckssarvikupidu"}]},{"@type":"WebSite","@id":"https:\/\/beebipood.ee\/ru\/#website","url":"https:\/\/beebipood.ee\/ru\/","name":"Beebipood","description":"Lastekaubad, beebikaubad, m\u00e4nguasjad","publisher":{"@id":"https:\/\/beebipood.ee\/ru\/#organization"},"potentialAction":[{"@type":"SearchAction","target":{"@type":"EntryPoint","urlTemplate":"https:\/\/beebipood.ee\/ru\/?s={search_term_string}"},"query-input":{"@type":"PropertyValueSpecification","valueRequired":true,"valueName":"search_term_string"}}],"inLanguage":"ru-RU"},{"@type":"Organization","@id":"https:\/\/beebipood.ee\/ru\/#organization","name":"Beebipood","url":"https:\/\/beebipood.ee\/ru\/","logo":{"@type":"ImageObject","inLanguage":"ru-RU","@id":"https:\/\/beebipood.ee\/ru\/#\/schema\/logo\/image\/","url":"https:\/\/beebipood.ee\/wp-content\/uploads\/2025\/03\/beebipood.ee-logo-1.svg","contentUrl":"https:\/\/beebipood.ee\/wp-content\/uploads\/2025\/03\/beebipood.ee-logo-1.svg","caption":"Beebipood"},"image":{"@id":"https:\/\/beebipood.ee\/ru\/#\/schema\/logo\/image\/"}}]}},"brands":[{"id":12002,"name":"Tiny Love","slug":"tiny-love"}],"_links":{"self":[{"href":"https:\/\/beebipood.ee\/ru\/wp-json\/wp\/v2\/product\/509999","targetHints":{"allow":["GET"]}}],"collection":[{"href":"https:\/\/beebipood.ee\/ru\/wp-json\/wp\/v2\/product"}],"about":[{"href":"https:\/\/beebipood.ee\/ru\/wp-json\/wp\/v2\/types\/product"}],"wp:featuredmedia":[{"embeddable":true,"href":"https:\/\/beebipood.ee\/ru\/wp-json\/wp\/v2\/media\/510001"}],"wp:attachment":[{"href":"https:\/\/beebipood.ee\/ru\/wp-json\/wp\/v2\/media?parent=509999"}],"wp:term":[{"taxonomy":"pwb-brand","embeddable":true,"href":"https:\/\/beebipood.ee\/ru\/wp-json\/wp\/v2\/pwb-brand?post=509999"},{"taxonomy":"product_brand","embeddable":true,"href":"https:\/\/beebipood.ee\/ru\/wp-json\/wp\/v2\/product_brand?post=509999"},{"taxonomy":"product_cat","embeddable":true,"href":"https:\/\/beebipood.ee\/ru\/wp-json\/wp\/v2\/product_cat?post=509999"},{"taxonomy":"product_tag","embeddable":true,"href":"https:\/\/beebipood.ee\/ru\/wp-json\/wp\/v2\/product_tag?post=509999"}],"curies":[{"name":"wp","href":"https:\/\/api.w.org\/{rel}","templated":true}]}}