{"id":510005,"date":"2025-12-27T16:33:28","date_gmt":"2025-12-27T14:33:28","guid":{"rendered":"https:\/\/beebipood.ee\/?post_type=product&#038;p=510005"},"modified":"2025-12-27T16:39:47","modified_gmt":"2025-12-27T14:39:47","slug":"tiny-love-muusikaga-karussell-volumaa","status":"publish","type":"product","link":"https:\/\/beebipood.ee\/ru\/produkt\/tiny-love-muusikaga-karussell-volumaa\/","title":{"rendered":"Tiny Love muusikaga karussell, V\u00f5lumaa"},"content":{"rendered":"<p data-start=\"86\" data-end=\"349\"><strong data-start=\"86\" data-end=\"180\">\u201e3 in 1\u201c beebikarussell \u2013 stiilne ja arendav kaaslane alates esimestest p\u00e4evadest!<\/strong><br data-start=\"180\" data-end=\"183\" \/>Kontrastsed must-valged toonid toetavad lapse n\u00e4gemise arengut juba s\u00fcnnist alates ning armsad r\u00f5\u00f5msate n\u00e4gudega tegelased haaravad beebi t\u00e4helepanu ja pakuvad r\u00f5\u00f5mu.<\/p>\n<p data-start=\"351\" data-end=\"528\">Karussell m\u00e4ngib kuni 30 minutit katkematut muusikat, valikus on 5 erinevat meloodiat \u2013 ideaalsed nii koju kui ka kaasaskandmiseks, pakkudes nii l\u00f5\u00f5gastust kui ka meelelahutust.<\/p>\n<p data-start=\"530\" data-end=\"782\">T\u00e4nu nutikale universaalsele kinnituslahendusele saab karusselli h\u00f5lpsalt kinnitada enamiku reisivoodite, h\u00e4llide, v\u00f5revoodite, jalutusk\u00e4rude ja turvah\u00e4llide k\u00fclge. Suur klamber ja takjapael tagavad kindla ja mugava kinnituse igap\u00e4evaseks kasutamiseks.<\/p>\n<p data-start=\"784\" data-end=\"917\">Must-valge \u201eMagic Land\u2122\u201d disain toob lapse arendamise stiilselt sinu igap\u00e4evaellu \u2013 lase lapsel areneda ja nautida m\u00e4ngu samaaegselt!<\/p>\n<p data-start=\"919\" data-end=\"945\"><strong data-start=\"919\" data-end=\"943\">Eelised ja omadused:<\/strong><\/p>\n<ul data-start=\"946\" data-end=\"1258\">\n<li data-start=\"946\" data-end=\"1006\">\n<p data-start=\"948\" data-end=\"1006\">Must-valged kontrastsed v\u00e4rvid toetavad n\u00e4gemise arengut<\/p>\n<\/li>\n<li data-start=\"1007\" data-end=\"1068\">\n<p data-start=\"1009\" data-end=\"1068\">5 erinevat meloodiat, kuni 30 minutit katkematut muusikat<\/p>\n<\/li>\n<li data-start=\"1069\" data-end=\"1114\">\n<p data-start=\"1071\" data-end=\"1114\">Huvitav ja lapse t\u00e4helepanu k\u00f6itev disain<\/p>\n<\/li>\n<li data-start=\"1115\" data-end=\"1200\">\n<p data-start=\"1117\" data-end=\"1200\">Universaalne kinnituss\u00fcsteem \u2013 sobib erinevatele vooditele, k\u00e4rudele ja h\u00e4llidele<\/p>\n<\/li>\n<li data-start=\"1201\" data-end=\"1258\">\n<p data-start=\"1203\" data-end=\"1258\">Suur klamber ja takjakinnitus mugavaks paigaldamiseks<\/p>\n<\/li>\n<\/ul>\n","protected":false},"excerpt":{"rendered":"<p>\u201e3 in 1\u201c beebikarussell \u2013 stiilne ja arendav kaaslane alates esimestest p\u00e4evadest!Kontrastsed must-valged toonid toetavad lapse n\u00e4gemise arengut juba s\u00fcnnist alates ning armsad r\u00f5\u00f5msate n\u00e4gudega tegelased haaravad beebi t\u00e4helepanu ja pakuvad r\u00f5\u00f5mu. Karussell m\u00e4ngib kuni 30 minutit katkematut muusikat, valikus on 5 erinevat meloodiat \u2013 ideaalsed nii koju kui ka kaasaskandmiseks, pakkudes nii l\u00f5\u00f5gastust kui [&hellip;]<\/p>\n","protected":false},"featured_media":510007,"template":"","meta":{"_acf_changed":false},"pwb-brand":[12002],"product_brand":[],"product_cat":[11673,11553,11789],"product_tag":[],"class_list":{"0":"post-510005","1":"product","2":"type-product","3":"status-publish","4":"has-post-thumbnail","6":"pwb-brand-tiny-love","7":"product_cat-muud-aksessuaarid-ru","8":"product_cat-beebivoodid-reisivoodid-hallid-ru","9":"product_cat-lastemoobel-ja-sisustus-ru","11":"first","12":"onbackorder","13":"taxable","14":"shipping-taxable","15":"purchasable","16":"product-type-simple"},"exclude_global_add_ons":[],"addons":[],"acf":[],"yoast_head":"<!-- This site is optimized with the Yoast SEO plugin v27.1.1 - https:\/\/yoast.com\/product\/yoast-seo-wordpress\/ -->\n<title>Beebimadrats 60x120 VALGE, \u041c\u0430\u0442\u0440\u0430\u0441\u044b \u0438 \u043c\u0430\u0442\u0440\u0430\u0441\u044b-\u043f\u043e\u043a\u0440\u044b\u0432\u0430\u043b\u0430, \u0428\u0438\u0440\u0438\u043d\u043e\u0439 \u0434\u043e 60 c\u043c, M\u0435\u0431\u0435\u043b\u044c, Beebipood<\/title>\n<meta name=\"description\" content=\"Beebimadrats 60x120 VALGE, * sisu vahtpol\u00fcuretan* madrats on kaetud tepitud kangaga* pehmenduseks on mahulin\" \/>\n<meta name=\"robots\" content=\"index, follow, max-snippet:-1, max-image-preview:large, max-video-preview:-1\" \/>\n<link rel=\"canonical\" href=\"https:\/\/beebipood.ee\/ru\/produkt\/tiny-love-muusikaga-karussell-volumaa\/\" \/>\n<meta property=\"og:locale\" content=\"ru_RU\" \/>\n<meta property=\"og:type\" content=\"article\" \/>\n<meta property=\"og:title\" content=\"Beebimadrats 60x120 VALGE, \u041c\u0430\u0442\u0440\u0430\u0441\u044b \u0438 \u043c\u0430\u0442\u0440\u0430\u0441\u044b-\u043f\u043e\u043a\u0440\u044b\u0432\u0430\u043b\u0430, \u0428\u0438\u0440\u0438\u043d\u043e\u0439 \u0434\u043e 60 c\u043c, M\u0435\u0431\u0435\u043b\u044c, Beebipood\" \/>\n<meta property=\"og:description\" content=\"Beebimadrats 60x120 VALGE, * sisu vahtpol\u00fcuretan* madrats on kaetud tepitud kangaga* pehmenduseks on mahulin\" \/>\n<meta property=\"og:url\" content=\"https:\/\/beebipood.ee\/ru\/produkt\/tiny-love-muusikaga-karussell-volumaa\/\" \/>\n<meta property=\"og:site_name\" content=\"Beebipood\" \/>\n<meta property=\"article:modified_time\" content=\"2025-12-27T14:39:47+00:00\" \/>\n<meta property=\"og:image\" content=\"https:\/\/beebipood.ee\/wp-content\/uploads\/2025\/12\/tiny-love-reisikarussell-volumaa-mustvalge.jpg\" \/>\n\t<meta property=\"og:image:width\" content=\"800\" \/>\n\t<meta property=\"og:image:height\" content=\"800\" \/>\n\t<meta property=\"og:image:type\" content=\"image\/jpeg\" \/>\n<meta name=\"twitter:card\" content=\"summary_large_image\" \/>\n<meta name=\"twitter:label1\" content=\"\u041f\u0440\u0438\u043c\u0435\u0440\u043d\u043e\u0435 \u0432\u0440\u0435\u043c\u044f \u0434\u043b\u044f \u0447\u0442\u0435\u043d\u0438\u044f\" \/>\n\t<meta name=\"twitter:data1\" content=\"1 \u043c\u0438\u043d\u0443\u0442\u0430\" \/>\n<script type=\"application\/ld+json\" class=\"yoast-schema-graph\">{\"@context\":\"https:\/\/schema.org\",\"@graph\":[{\"@type\":\"WebPage\",\"@id\":\"https:\/\/beebipood.ee\/ru\/produkt\/tiny-love-muusikaga-karussell-volumaa\/\",\"url\":\"https:\/\/beebipood.ee\/ru\/produkt\/tiny-love-muusikaga-karussell-volumaa\/\",\"name\":\"Beebimadrats 60x120 VALGE, \u041c\u0430\u0442\u0440\u0430\u0441\u044b \u0438 \u043c\u0430\u0442\u0440\u0430\u0441\u044b-\u043f\u043e\u043a\u0440\u044b\u0432\u0430\u043b\u0430, \u0428\u0438\u0440\u0438\u043d\u043e\u0439 \u0434\u043e 60 c\u043c, M\u0435\u0431\u0435\u043b\u044c, Beebipood\",\"isPartOf\":{\"@id\":\"https:\/\/beebipood.ee\/ru\/#website\"},\"primaryImageOfPage\":{\"@id\":\"https:\/\/beebipood.ee\/ru\/produkt\/tiny-love-muusikaga-karussell-volumaa\/#primaryimage\"},\"image\":{\"@id\":\"https:\/\/beebipood.ee\/ru\/produkt\/tiny-love-muusikaga-karussell-volumaa\/#primaryimage\"},\"thumbnailUrl\":\"https:\/\/beebipood.ee\/wp-content\/uploads\/2025\/12\/tiny-love-reisikarussell-volumaa-mustvalge.jpg\",\"datePublished\":\"2025-12-27T14:33:28+00:00\",\"dateModified\":\"2025-12-27T14:39:47+00:00\",\"description\":\"Beebimadrats 60x120 VALGE, * sisu vahtpol\u00fcuretan* madrats on kaetud tepitud kangaga* pehmenduseks on mahulin\",\"breadcrumb\":{\"@id\":\"https:\/\/beebipood.ee\/ru\/produkt\/tiny-love-muusikaga-karussell-volumaa\/#breadcrumb\"},\"inLanguage\":\"ru-RU\",\"potentialAction\":[{\"@type\":\"ReadAction\",\"target\":[\"https:\/\/beebipood.ee\/ru\/produkt\/tiny-love-muusikaga-karussell-volumaa\/\"]}]},{\"@type\":\"ImageObject\",\"inLanguage\":\"ru-RU\",\"@id\":\"https:\/\/beebipood.ee\/ru\/produkt\/tiny-love-muusikaga-karussell-volumaa\/#primaryimage\",\"url\":\"https:\/\/beebipood.ee\/wp-content\/uploads\/2025\/12\/tiny-love-reisikarussell-volumaa-mustvalge.jpg\",\"contentUrl\":\"https:\/\/beebipood.ee\/wp-content\/uploads\/2025\/12\/tiny-love-reisikarussell-volumaa-mustvalge.jpg\",\"width\":800,\"height\":800},{\"@type\":\"BreadcrumbList\",\"@id\":\"https:\/\/beebipood.ee\/ru\/produkt\/tiny-love-muusikaga-karussell-volumaa\/#breadcrumb\",\"itemListElement\":[{\"@type\":\"ListItem\",\"position\":1,\"name\":\"Home\",\"item\":\"https:\/\/beebipood.ee\/ru\/\"},{\"@type\":\"ListItem\",\"position\":2,\"name\":\"\u041a\u0430\u0442\u0430\u043b\u043e\u0433 \u0442\u043e\u0432\u0430\u0440\u043e\u0432\",\"item\":\"https:\/\/beebipood.ee\/tooted\/\"},{\"@type\":\"ListItem\",\"position\":3,\"name\":\"Tiny Love muusikaga karussell, V\u00f5lumaa\"}]},{\"@type\":\"WebSite\",\"@id\":\"https:\/\/beebipood.ee\/ru\/#website\",\"url\":\"https:\/\/beebipood.ee\/ru\/\",\"name\":\"Beebipood\",\"description\":\"Lastekaubad, beebikaubad, m\u00e4nguasjad\",\"publisher\":{\"@id\":\"https:\/\/beebipood.ee\/ru\/#organization\"},\"potentialAction\":[{\"@type\":\"SearchAction\",\"target\":{\"@type\":\"EntryPoint\",\"urlTemplate\":\"https:\/\/beebipood.ee\/ru\/?s={search_term_string}\"},\"query-input\":{\"@type\":\"PropertyValueSpecification\",\"valueRequired\":true,\"valueName\":\"search_term_string\"}}],\"inLanguage\":\"ru-RU\"},{\"@type\":\"Organization\",\"@id\":\"https:\/\/beebipood.ee\/ru\/#organization\",\"name\":\"Beebipood\",\"url\":\"https:\/\/beebipood.ee\/ru\/\",\"logo\":{\"@type\":\"ImageObject\",\"inLanguage\":\"ru-RU\",\"@id\":\"https:\/\/beebipood.ee\/ru\/#\/schema\/logo\/image\/\",\"url\":\"https:\/\/beebipood.ee\/wp-content\/uploads\/2025\/03\/beebipood.ee-logo-1.svg\",\"contentUrl\":\"https:\/\/beebipood.ee\/wp-content\/uploads\/2025\/03\/beebipood.ee-logo-1.svg\",\"caption\":\"Beebipood\"},\"image\":{\"@id\":\"https:\/\/beebipood.ee\/ru\/#\/schema\/logo\/image\/\"}}]}<\/script>\n<!-- \/ Yoast SEO plugin. -->","yoast_head_json":{"title":"Beebimadrats 60x120 VALGE, \u041c\u0430\u0442\u0440\u0430\u0441\u044b \u0438 \u043c\u0430\u0442\u0440\u0430\u0441\u044b-\u043f\u043e\u043a\u0440\u044b\u0432\u0430\u043b\u0430, \u0428\u0438\u0440\u0438\u043d\u043e\u0439 \u0434\u043e 60 c\u043c, M\u0435\u0431\u0435\u043b\u044c, Beebipood","description":"Beebimadrats 60x120 VALGE, * sisu vahtpol\u00fcuretan* madrats on kaetud tepitud kangaga* pehmenduseks on mahulin","robots":{"index":"index","follow":"follow","max-snippet":"max-snippet:-1","max-image-preview":"max-image-preview:large","max-video-preview":"max-video-preview:-1"},"canonical":"https:\/\/beebipood.ee\/ru\/produkt\/tiny-love-muusikaga-karussell-volumaa\/","og_locale":"ru_RU","og_type":"article","og_title":"Beebimadrats 60x120 VALGE, \u041c\u0430\u0442\u0440\u0430\u0441\u044b \u0438 \u043c\u0430\u0442\u0440\u0430\u0441\u044b-\u043f\u043e\u043a\u0440\u044b\u0432\u0430\u043b\u0430, \u0428\u0438\u0440\u0438\u043d\u043e\u0439 \u0434\u043e 60 c\u043c, M\u0435\u0431\u0435\u043b\u044c, Beebipood","og_description":"Beebimadrats 60x120 VALGE, * sisu vahtpol\u00fcuretan* madrats on kaetud tepitud kangaga* pehmenduseks on mahulin","og_url":"https:\/\/beebipood.ee\/ru\/produkt\/tiny-love-muusikaga-karussell-volumaa\/","og_site_name":"Beebipood","article_modified_time":"2025-12-27T14:39:47+00:00","og_image":[{"width":800,"height":800,"url":"https:\/\/beebipood.ee\/wp-content\/uploads\/2025\/12\/tiny-love-reisikarussell-volumaa-mustvalge.jpg","type":"image\/jpeg"}],"twitter_card":"summary_large_image","twitter_misc":{"\u041f\u0440\u0438\u043c\u0435\u0440\u043d\u043e\u0435 \u0432\u0440\u0435\u043c\u044f \u0434\u043b\u044f \u0447\u0442\u0435\u043d\u0438\u044f":"1 \u043c\u0438\u043d\u0443\u0442\u0430"},"schema":{"@context":"https:\/\/schema.org","@graph":[{"@type":"WebPage","@id":"https:\/\/beebipood.ee\/ru\/produkt\/tiny-love-muusikaga-karussell-volumaa\/","url":"https:\/\/beebipood.ee\/ru\/produkt\/tiny-love-muusikaga-karussell-volumaa\/","name":"Beebimadrats 60x120 VALGE, \u041c\u0430\u0442\u0440\u0430\u0441\u044b \u0438 \u043c\u0430\u0442\u0440\u0430\u0441\u044b-\u043f\u043e\u043a\u0440\u044b\u0432\u0430\u043b\u0430, \u0428\u0438\u0440\u0438\u043d\u043e\u0439 \u0434\u043e 60 c\u043c, M\u0435\u0431\u0435\u043b\u044c, Beebipood","isPartOf":{"@id":"https:\/\/beebipood.ee\/ru\/#website"},"primaryImageOfPage":{"@id":"https:\/\/beebipood.ee\/ru\/produkt\/tiny-love-muusikaga-karussell-volumaa\/#primaryimage"},"image":{"@id":"https:\/\/beebipood.ee\/ru\/produkt\/tiny-love-muusikaga-karussell-volumaa\/#primaryimage"},"thumbnailUrl":"https:\/\/beebipood.ee\/wp-content\/uploads\/2025\/12\/tiny-love-reisikarussell-volumaa-mustvalge.jpg","datePublished":"2025-12-27T14:33:28+00:00","dateModified":"2025-12-27T14:39:47+00:00","description":"Beebimadrats 60x120 VALGE, * sisu vahtpol\u00fcuretan* madrats on kaetud tepitud kangaga* pehmenduseks on mahulin","breadcrumb":{"@id":"https:\/\/beebipood.ee\/ru\/produkt\/tiny-love-muusikaga-karussell-volumaa\/#breadcrumb"},"inLanguage":"ru-RU","potentialAction":[{"@type":"ReadAction","target":["https:\/\/beebipood.ee\/ru\/produkt\/tiny-love-muusikaga-karussell-volumaa\/"]}]},{"@type":"ImageObject","inLanguage":"ru-RU","@id":"https:\/\/beebipood.ee\/ru\/produkt\/tiny-love-muusikaga-karussell-volumaa\/#primaryimage","url":"https:\/\/beebipood.ee\/wp-content\/uploads\/2025\/12\/tiny-love-reisikarussell-volumaa-mustvalge.jpg","contentUrl":"https:\/\/beebipood.ee\/wp-content\/uploads\/2025\/12\/tiny-love-reisikarussell-volumaa-mustvalge.jpg","width":800,"height":800},{"@type":"BreadcrumbList","@id":"https:\/\/beebipood.ee\/ru\/produkt\/tiny-love-muusikaga-karussell-volumaa\/#breadcrumb","itemListElement":[{"@type":"ListItem","position":1,"name":"Home","item":"https:\/\/beebipood.ee\/ru\/"},{"@type":"ListItem","position":2,"name":"\u041a\u0430\u0442\u0430\u043b\u043e\u0433 \u0442\u043e\u0432\u0430\u0440\u043e\u0432","item":"https:\/\/beebipood.ee\/tooted\/"},{"@type":"ListItem","position":3,"name":"Tiny Love muusikaga karussell, V\u00f5lumaa"}]},{"@type":"WebSite","@id":"https:\/\/beebipood.ee\/ru\/#website","url":"https:\/\/beebipood.ee\/ru\/","name":"Beebipood","description":"Lastekaubad, beebikaubad, m\u00e4nguasjad","publisher":{"@id":"https:\/\/beebipood.ee\/ru\/#organization"},"potentialAction":[{"@type":"SearchAction","target":{"@type":"EntryPoint","urlTemplate":"https:\/\/beebipood.ee\/ru\/?s={search_term_string}"},"query-input":{"@type":"PropertyValueSpecification","valueRequired":true,"valueName":"search_term_string"}}],"inLanguage":"ru-RU"},{"@type":"Organization","@id":"https:\/\/beebipood.ee\/ru\/#organization","name":"Beebipood","url":"https:\/\/beebipood.ee\/ru\/","logo":{"@type":"ImageObject","inLanguage":"ru-RU","@id":"https:\/\/beebipood.ee\/ru\/#\/schema\/logo\/image\/","url":"https:\/\/beebipood.ee\/wp-content\/uploads\/2025\/03\/beebipood.ee-logo-1.svg","contentUrl":"https:\/\/beebipood.ee\/wp-content\/uploads\/2025\/03\/beebipood.ee-logo-1.svg","caption":"Beebipood"},"image":{"@id":"https:\/\/beebipood.ee\/ru\/#\/schema\/logo\/image\/"}}]}},"brands":[{"id":12002,"name":"Tiny Love","slug":"tiny-love"}],"_links":{"self":[{"href":"https:\/\/beebipood.ee\/ru\/wp-json\/wp\/v2\/product\/510005","targetHints":{"allow":["GET"]}}],"collection":[{"href":"https:\/\/beebipood.ee\/ru\/wp-json\/wp\/v2\/product"}],"about":[{"href":"https:\/\/beebipood.ee\/ru\/wp-json\/wp\/v2\/types\/product"}],"wp:featuredmedia":[{"embeddable":true,"href":"https:\/\/beebipood.ee\/ru\/wp-json\/wp\/v2\/media\/510007"}],"wp:attachment":[{"href":"https:\/\/beebipood.ee\/ru\/wp-json\/wp\/v2\/media?parent=510005"}],"wp:term":[{"taxonomy":"pwb-brand","embeddable":true,"href":"https:\/\/beebipood.ee\/ru\/wp-json\/wp\/v2\/pwb-brand?post=510005"},{"taxonomy":"product_brand","embeddable":true,"href":"https:\/\/beebipood.ee\/ru\/wp-json\/wp\/v2\/product_brand?post=510005"},{"taxonomy":"product_cat","embeddable":true,"href":"https:\/\/beebipood.ee\/ru\/wp-json\/wp\/v2\/product_cat?post=510005"},{"taxonomy":"product_tag","embeddable":true,"href":"https:\/\/beebipood.ee\/ru\/wp-json\/wp\/v2\/product_tag?post=510005"}],"curies":[{"name":"wp","href":"https:\/\/api.w.org\/{rel}","templated":true}]}}